{"id":22206,"date":"2024-02-03T16:27:37","date_gmt":"2024-02-03T13:27:37","guid":{"rendered":"https:\/\/minubaltic.ee\/e-pood\/uncategorized\/turku-dvieli-50x80\/"},"modified":"2024-04-14T15:14:40","modified_gmt":"2024-04-14T12:14:40","slug":"turku-dvieli-50x80","status":"publish","type":"product","link":"https:\/\/minubaltic.ee\/lv\/e-pood\/roku-dvieli\/turku-dvieli-50x80\/","title":{"rendered":"Turku dvie\u013ci 50&#215;80"},"content":{"rendered":"<p>\ud83c\udf3fTurku dvie\u013ci 50&#215;80 ir vid\u0113ja izm\u0113ra dvie\u013ci, kas izgatavoti no turku kokvilnas tradicion\u0101l\u0101 veid\u0101. \u0160ie dvie\u013ci ir paz\u012bstami ar savu kvalit\u0101ti un iztur\u012bbu, un tos pla\u0161i izmanto vis\u0101 pasaul\u0113. Dvie\u013ci ir izgatavoti no m\u012bksta kokvilnas materi\u0101la, kas ir viegls un labi uzs\u016bc mitrumu. Turku dvie\u013ci ir elpojo\u0161i un \u0101tri \u017e\u016bst, t\u0101p\u0113c tos var izmantot da\u017e\u0101diem m\u0113r\u0137iem, piem\u0113ram, k\u0101 vannas dvieli vai vienk\u0101r\u0161i k\u0101 dekorat\u012bvu elementu j\u016bsu m\u0101j\u0101s. \u0160ie dvie\u013ci ir pieejami da\u017e\u0101d\u0101s kr\u0101s\u0101s, lai atbilstu jebkurai gaumei un interjeram.<\/p>\n","protected":false},"excerpt":{"rendered":"<div class=\"woocommerce-product-details__short-description\">\n<ul>\n<li><span class=\"product-attribute__label\">Auduma sast\u0101vs:<\/span><span class=\"product-attribute__value\" data-attribute-code=\"fabric_composition\"> 100% kokvilna<\/span><\/li>\n<li>Izcelsmes valsts: Turcija <img loading=\"lazy\" decoding=\"async\" class=\" wd-lazy-fade wp-image-17267 alignnone\" src=\"https:\/\/minubaltic.ee\/wp-content\/themes\/woodmart\/images\/lazy.svg\" data-src=\"https:\/\/minubaltic.ee\/wp-content\/uploads\/2024\/02\/trbrq.jpg\" alt=\"\" width=\"18\" height=\"12\" \/><\/li>\n<li>Da\u013cu skaits: 1<\/li>\n<li>Izm\u0113ri: 50\u00d780 cm<\/li>\n<li>Kr\u0101sa: Atkar\u012bb\u0101 no j\u016bsu izv\u0113les<\/li>\n<li>Svars: 400 g\/m2<\/li>\n<li>Specifik\u0101cija: <b>\u00b11-3<\/b><\/li>\n<li>Produktu att\u0113li ir ilustrat\u012bvi<\/li>\n<\/ul>\n<\/div>\n","protected":false},"featured_media":22213,"comment_status":"open","ping_status":"closed","template":"","meta":[],"product_brand":[],"product_cat":[443,445,438],"product_tag":[463,459,460,461,466],"class_list":{"0":"post-22206","1":"product","2":"type-product","3":"status-publish","4":"has-post-thumbnail","6":"product_cat-dvieli","7":"product_cat-dvieli-50-80","8":"product_cat-roku-dvieli","9":"product_tag-dvieli","10":"product_tag-e-komercija","11":"product_tag-e-veikals","12":"product_tag-majas-tekstils","13":"product_tag-tekstils","15":"first","16":"outofstock","17":"shipping-taxable","18":"purchasable","19":"product-type-variable"},"yoast_head":"<!-- This site is optimized with the Yoast SEO plugin v27.4 - https:\/\/yoast.com\/product\/yoast-seo-wordpress\/ -->\n<title>Turku dvie\u013ci 50x80 - Turcijas kokvilnas dvie\u013ci - l\u012bdz 50% atlaide<\/title>\n<meta name=\"description\" content=\"\u0160ie 50x80 kokvilnas turku dvie\u013ci ir praktiski, m\u012bksti, elpojo\u0161i, \u0101tri \u017e\u016bsto\u0161i un antibakteri\u0101li, apvienojot eleganci un iztur\u012bbu.\" \/>\n<meta name=\"robots\" content=\"index, follow, max-snippet:-1, max-image-preview:large, max-video-preview:-1\" \/>\n<link rel=\"canonical\" href=\"https:\/\/minubaltic.ee\/lv\/e-pood\/roku-dvieli\/turku-dvieli-50x80\/\" \/>\n<meta property=\"og:locale\" content=\"lv_LV\" \/>\n<meta property=\"og:type\" content=\"article\" \/>\n<meta property=\"og:title\" content=\"Turku dvie\u013ci 50x80 - Turcijas kokvilnas dvie\u013ci - l\u012bdz 50% atlaide\" \/>\n<meta property=\"og:description\" content=\"\u0160ie 50x80 kokvilnas turku dvie\u013ci ir praktiski, m\u012bksti, elpojo\u0161i, \u0101tri \u017e\u016bsto\u0161i un antibakteri\u0101li, apvienojot eleganci un iztur\u012bbu.\" \/>\n<meta property=\"og:url\" content=\"https:\/\/minubaltic.ee\/lv\/e-pood\/roku-dvieli\/turku-dvieli-50x80\/\" \/>\n<meta property=\"article:publisher\" content=\"https:\/\/www.facebook.com\/minubaltic\" \/>\n<meta property=\"article:modified_time\" content=\"2024-04-14T12:14:40+00:00\" \/>\n<meta property=\"og:image\" content=\"https:\/\/minubaltic.ee\/wp-content\/uploads\/2024\/02\/50-80r-2.jpg\" \/>\n\t<meta property=\"og:image:width\" content=\"600\" \/>\n\t<meta property=\"og:image:height\" content=\"600\" \/>\n\t<meta property=\"og:image:type\" content=\"image\/jpeg\" \/>\n<meta name=\"twitter:card\" content=\"summary_large_image\" \/>\n<meta name=\"twitter:label1\" content=\"Est. reading time\" \/>\n\t<meta name=\"twitter:data1\" content=\"1 minute\" \/>\n<script type=\"application\/ld+json\" class=\"yoast-schema-graph\">{\"@context\":\"https:\\\/\\\/schema.org\",\"@graph\":[{\"@type\":\"WebPage\",\"@id\":\"https:\\\/\\\/minubaltic.ee\\\/lv\\\/e-pood\\\/roku-dvieli\\\/turku-dvieli-50x80\\\/\",\"url\":\"https:\\\/\\\/minubaltic.ee\\\/lv\\\/e-pood\\\/roku-dvieli\\\/turku-dvieli-50x80\\\/\",\"name\":\"Turku dvie\u013ci 50x80 - Turcijas kokvilnas dvie\u013ci - l\u012bdz 50% atlaide\",\"isPartOf\":{\"@id\":\"https:\\\/\\\/minubaltic.ee\\\/lv\\\/#website\"},\"primaryImageOfPage\":{\"@id\":\"https:\\\/\\\/minubaltic.ee\\\/lv\\\/e-pood\\\/roku-dvieli\\\/turku-dvieli-50x80\\\/#primaryimage\"},\"image\":{\"@id\":\"https:\\\/\\\/minubaltic.ee\\\/lv\\\/e-pood\\\/roku-dvieli\\\/turku-dvieli-50x80\\\/#primaryimage\"},\"thumbnailUrl\":\"https:\\\/\\\/minubaltic.ee\\\/wp-content\\\/uploads\\\/2024\\\/02\\\/50-80r-2.jpg\",\"datePublished\":\"2024-02-03T13:27:37+00:00\",\"dateModified\":\"2024-04-14T12:14:40+00:00\",\"description\":\"\u0160ie 50x80 kokvilnas turku dvie\u013ci ir praktiski, m\u012bksti, elpojo\u0161i, \u0101tri \u017e\u016bsto\u0161i un antibakteri\u0101li, apvienojot eleganci un iztur\u012bbu.\",\"breadcrumb\":{\"@id\":\"https:\\\/\\\/minubaltic.ee\\\/lv\\\/e-pood\\\/roku-dvieli\\\/turku-dvieli-50x80\\\/#breadcrumb\"},\"inLanguage\":\"lv-LV\",\"potentialAction\":[{\"@type\":\"ReadAction\",\"target\":[\"https:\\\/\\\/minubaltic.ee\\\/lv\\\/e-pood\\\/roku-dvieli\\\/turku-dvieli-50x80\\\/\"]}]},{\"@type\":\"ImageObject\",\"inLanguage\":\"lv-LV\",\"@id\":\"https:\\\/\\\/minubaltic.ee\\\/lv\\\/e-pood\\\/roku-dvieli\\\/turku-dvieli-50x80\\\/#primaryimage\",\"url\":\"https:\\\/\\\/minubaltic.ee\\\/wp-content\\\/uploads\\\/2024\\\/02\\\/50-80r-2.jpg\",\"contentUrl\":\"https:\\\/\\\/minubaltic.ee\\\/wp-content\\\/uploads\\\/2024\\\/02\\\/50-80r-2.jpg\",\"width\":600,\"height\":600},{\"@type\":\"BreadcrumbList\",\"@id\":\"https:\\\/\\\/minubaltic.ee\\\/lv\\\/e-pood\\\/roku-dvieli\\\/turku-dvieli-50x80\\\/#breadcrumb\",\"itemListElement\":[{\"@type\":\"ListItem\",\"position\":1,\"name\":\"S\u0101kums\",\"item\":\"https:\\\/\\\/minubaltic.ee\\\/lv\\\/\"},{\"@type\":\"ListItem\",\"position\":2,\"name\":\"E-veikals\",\"item\":\"https:\\\/\\\/minubaltic.ee\\\/lv\\\/e-veikals\\\/\"},{\"@type\":\"ListItem\",\"position\":3,\"name\":\"Turku dvie\u013ci 50&#215;80\"}]},{\"@type\":\"WebSite\",\"@id\":\"https:\\\/\\\/minubaltic.ee\\\/lv\\\/#website\",\"url\":\"https:\\\/\\\/minubaltic.ee\\\/lv\\\/\",\"name\":\"minubaltic.ee\",\"description\":\"\",\"publisher\":{\"@id\":\"https:\\\/\\\/minubaltic.ee\\\/lv\\\/#organization\"},\"potentialAction\":[{\"@type\":\"SearchAction\",\"target\":{\"@type\":\"EntryPoint\",\"urlTemplate\":\"https:\\\/\\\/minubaltic.ee\\\/lv\\\/?s={search_term_string}\"},\"query-input\":{\"@type\":\"PropertyValueSpecification\",\"valueRequired\":true,\"valueName\":\"search_term_string\"}}],\"inLanguage\":\"lv-LV\"},{\"@type\":\"Organization\",\"@id\":\"https:\\\/\\\/minubaltic.ee\\\/lv\\\/#organization\",\"name\":\"Minu Baltic O\u00dc\",\"url\":\"https:\\\/\\\/minubaltic.ee\\\/lv\\\/\",\"logo\":{\"@type\":\"ImageObject\",\"inLanguage\":\"lv-LV\",\"@id\":\"https:\\\/\\\/minubaltic.ee\\\/lv\\\/#\\\/schema\\\/logo\\\/image\\\/\",\"url\":\"https:\\\/\\\/minubaltic.ee\\\/wp-content\\\/uploads\\\/2023\\\/10\\\/cropped-cropped-cropped-logo.png\",\"contentUrl\":\"https:\\\/\\\/minubaltic.ee\\\/wp-content\\\/uploads\\\/2023\\\/10\\\/cropped-cropped-cropped-logo.png\",\"width\":500,\"height\":237,\"caption\":\"Minu Baltic O\u00dc\"},\"image\":{\"@id\":\"https:\\\/\\\/minubaltic.ee\\\/lv\\\/#\\\/schema\\\/logo\\\/image\\\/\"},\"sameAs\":[\"https:\\\/\\\/www.facebook.com\\\/minubaltic\"]}]}<\/script>\n<!-- \/ Yoast SEO plugin. -->","yoast_head_json":{"title":"Turku dvie\u013ci 50x80 - Turcijas kokvilnas dvie\u013ci - l\u012bdz 50% atlaide","description":"\u0160ie 50x80 kokvilnas turku dvie\u013ci ir praktiski, m\u012bksti, elpojo\u0161i, \u0101tri \u017e\u016bsto\u0161i un antibakteri\u0101li, apvienojot eleganci un iztur\u012bbu.","robots":{"index":"index","follow":"follow","max-snippet":"max-snippet:-1","max-image-preview":"max-image-preview:large","max-video-preview":"max-video-preview:-1"},"canonical":"https:\/\/minubaltic.ee\/lv\/e-pood\/roku-dvieli\/turku-dvieli-50x80\/","og_locale":"lv_LV","og_type":"article","og_title":"Turku dvie\u013ci 50x80 - Turcijas kokvilnas dvie\u013ci - l\u012bdz 50% atlaide","og_description":"\u0160ie 50x80 kokvilnas turku dvie\u013ci ir praktiski, m\u012bksti, elpojo\u0161i, \u0101tri \u017e\u016bsto\u0161i un antibakteri\u0101li, apvienojot eleganci un iztur\u012bbu.","og_url":"https:\/\/minubaltic.ee\/lv\/e-pood\/roku-dvieli\/turku-dvieli-50x80\/","article_publisher":"https:\/\/www.facebook.com\/minubaltic","article_modified_time":"2024-04-14T12:14:40+00:00","og_image":[{"width":600,"height":600,"url":"https:\/\/minubaltic.ee\/wp-content\/uploads\/2024\/02\/50-80r-2.jpg","type":"image\/jpeg"}],"twitter_card":"summary_large_image","twitter_misc":{"Est. reading time":"1 minute"},"schema":{"@context":"https:\/\/schema.org","@graph":[{"@type":"WebPage","@id":"https:\/\/minubaltic.ee\/lv\/e-pood\/roku-dvieli\/turku-dvieli-50x80\/","url":"https:\/\/minubaltic.ee\/lv\/e-pood\/roku-dvieli\/turku-dvieli-50x80\/","name":"Turku dvie\u013ci 50x80 - Turcijas kokvilnas dvie\u013ci - l\u012bdz 50% atlaide","isPartOf":{"@id":"https:\/\/minubaltic.ee\/lv\/#website"},"primaryImageOfPage":{"@id":"https:\/\/minubaltic.ee\/lv\/e-pood\/roku-dvieli\/turku-dvieli-50x80\/#primaryimage"},"image":{"@id":"https:\/\/minubaltic.ee\/lv\/e-pood\/roku-dvieli\/turku-dvieli-50x80\/#primaryimage"},"thumbnailUrl":"https:\/\/minubaltic.ee\/wp-content\/uploads\/2024\/02\/50-80r-2.jpg","datePublished":"2024-02-03T13:27:37+00:00","dateModified":"2024-04-14T12:14:40+00:00","description":"\u0160ie 50x80 kokvilnas turku dvie\u013ci ir praktiski, m\u012bksti, elpojo\u0161i, \u0101tri \u017e\u016bsto\u0161i un antibakteri\u0101li, apvienojot eleganci un iztur\u012bbu.","breadcrumb":{"@id":"https:\/\/minubaltic.ee\/lv\/e-pood\/roku-dvieli\/turku-dvieli-50x80\/#breadcrumb"},"inLanguage":"lv-LV","potentialAction":[{"@type":"ReadAction","target":["https:\/\/minubaltic.ee\/lv\/e-pood\/roku-dvieli\/turku-dvieli-50x80\/"]}]},{"@type":"ImageObject","inLanguage":"lv-LV","@id":"https:\/\/minubaltic.ee\/lv\/e-pood\/roku-dvieli\/turku-dvieli-50x80\/#primaryimage","url":"https:\/\/minubaltic.ee\/wp-content\/uploads\/2024\/02\/50-80r-2.jpg","contentUrl":"https:\/\/minubaltic.ee\/wp-content\/uploads\/2024\/02\/50-80r-2.jpg","width":600,"height":600},{"@type":"BreadcrumbList","@id":"https:\/\/minubaltic.ee\/lv\/e-pood\/roku-dvieli\/turku-dvieli-50x80\/#breadcrumb","itemListElement":[{"@type":"ListItem","position":1,"name":"S\u0101kums","item":"https:\/\/minubaltic.ee\/lv\/"},{"@type":"ListItem","position":2,"name":"E-veikals","item":"https:\/\/minubaltic.ee\/lv\/e-veikals\/"},{"@type":"ListItem","position":3,"name":"Turku dvie\u013ci 50&#215;80"}]},{"@type":"WebSite","@id":"https:\/\/minubaltic.ee\/lv\/#website","url":"https:\/\/minubaltic.ee\/lv\/","name":"minubaltic.ee","description":"","publisher":{"@id":"https:\/\/minubaltic.ee\/lv\/#organization"},"potentialAction":[{"@type":"SearchAction","target":{"@type":"EntryPoint","urlTemplate":"https:\/\/minubaltic.ee\/lv\/?s={search_term_string}"},"query-input":{"@type":"PropertyValueSpecification","valueRequired":true,"valueName":"search_term_string"}}],"inLanguage":"lv-LV"},{"@type":"Organization","@id":"https:\/\/minubaltic.ee\/lv\/#organization","name":"Minu Baltic O\u00dc","url":"https:\/\/minubaltic.ee\/lv\/","logo":{"@type":"ImageObject","inLanguage":"lv-LV","@id":"https:\/\/minubaltic.ee\/lv\/#\/schema\/logo\/image\/","url":"https:\/\/minubaltic.ee\/wp-content\/uploads\/2023\/10\/cropped-cropped-cropped-logo.png","contentUrl":"https:\/\/minubaltic.ee\/wp-content\/uploads\/2023\/10\/cropped-cropped-cropped-logo.png","width":500,"height":237,"caption":"Minu Baltic O\u00dc"},"image":{"@id":"https:\/\/minubaltic.ee\/lv\/#\/schema\/logo\/image\/"},"sameAs":["https:\/\/www.facebook.com\/minubaltic"]}]}},"_links":{"self":[{"href":"https:\/\/minubaltic.ee\/lv\/wp-json\/wp\/v2\/product\/22206","targetHints":{"allow":["GET"]}}],"collection":[{"href":"https:\/\/minubaltic.ee\/lv\/wp-json\/wp\/v2\/product"}],"about":[{"href":"https:\/\/minubaltic.ee\/lv\/wp-json\/wp\/v2\/types\/product"}],"replies":[{"embeddable":true,"href":"https:\/\/minubaltic.ee\/lv\/wp-json\/wp\/v2\/comments?post=22206"}],"version-history":[{"count":0,"href":"https:\/\/minubaltic.ee\/lv\/wp-json\/wp\/v2\/product\/22206\/revisions"}],"wp:featuredmedia":[{"embeddable":true,"href":"https:\/\/minubaltic.ee\/lv\/wp-json\/wp\/v2\/media\/22213"}],"wp:attachment":[{"href":"https:\/\/minubaltic.ee\/lv\/wp-json\/wp\/v2\/media?parent=22206"}],"wp:term":[{"taxonomy":"product_brand","embeddable":true,"href":"https:\/\/minubaltic.ee\/lv\/wp-json\/wp\/v2\/product_brand?post=22206"},{"taxonomy":"product_cat","embeddable":true,"href":"https:\/\/minubaltic.ee\/lv\/wp-json\/wp\/v2\/product_cat?post=22206"},{"taxonomy":"product_tag","embeddable":true,"href":"https:\/\/minubaltic.ee\/lv\/wp-json\/wp\/v2\/product_tag?post=22206"}],"curies":[{"name":"wp","href":"https:\/\/api.w.org\/{rel}","templated":true}]}}