{"id":22198,"date":"2024-02-05T20:14:25","date_gmt":"2024-02-05T17:14:25","guid":{"rendered":"https:\/\/minubaltic.ee\/e-pood\/uncategorized\/turku-dvieli-50x90\/"},"modified":"2024-02-05T20:14:25","modified_gmt":"2024-02-05T17:14:25","slug":"turku-dvieli-50x90","status":"publish","type":"product","link":"https:\/\/minubaltic.ee\/lv\/e-pood\/roku-dvieli\/turku-dvieli-50x90\/","title":{"rendered":"Turku dvie\u013ci 50&#215;90"},"content":{"rendered":"<p>\ud83c\udf3fTurku dvie\u013ci ir izgatavoti no 100% dab\u012bgas kokvilnas. \u0160ie dvie\u013ci ir paz\u012bstami ar savu kvalit\u0101ti, iztur\u012bbu un elegantu dizainu. To bag\u0101t\u012bg\u0101s kr\u0101sas padara tos par lielisku papildin\u0101jumu jebkuram interjeram.<\/p>\n<p>\ud83c\udf31 Dvie\u013ci sniedz maksim\u0101lu komfortu un baudu, radot maigu un z\u012bdainu saj\u016btu uz \u0101das. Turku dvie\u013ci lieliski uzs\u016bc mitrumu un \u0101tri \u017e\u016bst, k\u0101 ar\u012b ir slaveni ar savu iztur\u012bbu. T\u0101s kalpos gadiem ilgi, saglab\u0101jot savu maigumu un kr\u0101su.<\/p>\n","protected":false},"excerpt":{"rendered":"<div class=\"woocommerce-product-details__short-description\">\n<ul>\n<li><span class=\"product-attribute__label\">Auduma sast\u0101vs:<\/span><span class=\"product-attribute__value\" data-attribute-code=\"fabric_composition\"> 100% kokvilna<\/span><\/li>\n<li>Izcelsmes valsts: Turcija <img loading=\"lazy\" decoding=\"async\" class=\" wd-lazy-fade wp-image-17267 alignnone\" src=\"https:\/\/minubaltic.ee\/wp-content\/themes\/woodmart\/images\/lazy.svg\" data-src=\"https:\/\/minubaltic.ee\/wp-content\/uploads\/2024\/02\/trbrq.jpg\" alt=\"\" width=\"18\" height=\"12\"><\/li>\n<li>Da\u013cu skaits: 1<\/li>\n<li>Izm\u0113ri: 50\u00d790 cm<\/li>\n<li>Kr\u0101sa: Atkar\u012bb\u0101 no j\u016bsu izv\u0113les<\/li>\n<li>Svars: 400 g\/m2<\/li>\n<li>Specifik\u0101cija: <b>\u00b11-3<\/b><\/li>\n<li>Produktu att\u0113li ir ilustrat\u012bvi<\/li>\n<\/ul>\n<\/div>\n","protected":false},"featured_media":22205,"comment_status":"open","ping_status":"closed","template":"","meta":[],"product_brand":[],"product_cat":[443,446,438],"product_tag":[463,459,460,461,466],"class_list":{"0":"post-22198","1":"product","2":"type-product","3":"status-publish","4":"has-post-thumbnail","6":"product_cat-dvieli","7":"product_cat-dvieli-50-90","8":"product_cat-roku-dvieli","9":"product_tag-dvieli","10":"product_tag-e-komercija","11":"product_tag-e-veikals","12":"product_tag-majas-tekstils","13":"product_tag-tekstils","15":"first","16":"outofstock","17":"shipping-taxable","18":"product-type-variable"},"yoast_head":"<!-- This site is optimized with the Yoast SEO plugin v27.3 - https:\/\/yoast.com\/product\/yoast-seo-wordpress\/ -->\n<title>Turku dvie\u013ci 50x90 - Turku kokvilnas dvie\u013ci 50x90 - l\u012bdz 50% atlaide<\/title>\n<meta name=\"description\" content=\"Turku kokvilnas dvie\u013ci palutina katru reizi, kad tos lietojat. M\u016bsu dvie\u013cu, kas izgatavoti tikai no augst\u0101k\u0101s kvalit\u0101tes kokvilnas, izm\u0113ri ir 50*90 cm.\" \/>\n<meta name=\"robots\" content=\"index, follow, max-snippet:-1, max-image-preview:large, max-video-preview:-1\" \/>\n<link rel=\"canonical\" href=\"https:\/\/minubaltic.ee\/lv\/e-pood\/roku-dvieli\/turku-dvieli-50x90\/\" \/>\n<meta property=\"og:locale\" content=\"lv_LV\" \/>\n<meta property=\"og:type\" content=\"article\" \/>\n<meta property=\"og:title\" content=\"Turku dvie\u013ci 50x90 - Turku kokvilnas dvie\u013ci 50x90 - l\u012bdz 50% atlaide\" \/>\n<meta property=\"og:description\" content=\"Turku kokvilnas dvie\u013ci palutina katru reizi, kad tos lietojat. M\u016bsu dvie\u013cu, kas izgatavoti tikai no augst\u0101k\u0101s kvalit\u0101tes kokvilnas, izm\u0113ri ir 50*90 cm.\" \/>\n<meta property=\"og:url\" content=\"https:\/\/minubaltic.ee\/lv\/e-pood\/roku-dvieli\/turku-dvieli-50x90\/\" \/>\n<meta property=\"article:publisher\" content=\"https:\/\/www.facebook.com\/minubaltic\" \/>\n<meta property=\"og:image\" content=\"https:\/\/minubaltic.ee\/wp-content\/uploads\/2024\/02\/trhavlu-2.jpg\" \/>\n\t<meta property=\"og:image:width\" content=\"650\" \/>\n\t<meta property=\"og:image:height\" content=\"650\" \/>\n\t<meta property=\"og:image:type\" content=\"image\/jpeg\" \/>\n<meta name=\"twitter:card\" content=\"summary_large_image\" \/>\n<script type=\"application\/ld+json\" class=\"yoast-schema-graph\">{\"@context\":\"https:\\\/\\\/schema.org\",\"@graph\":[{\"@type\":\"WebPage\",\"@id\":\"https:\\\/\\\/minubaltic.ee\\\/lv\\\/e-pood\\\/roku-dvieli\\\/turku-dvieli-50x90\\\/\",\"url\":\"https:\\\/\\\/minubaltic.ee\\\/lv\\\/e-pood\\\/roku-dvieli\\\/turku-dvieli-50x90\\\/\",\"name\":\"Turku dvie\u013ci 50x90 - Turku kokvilnas dvie\u013ci 50x90 - l\u012bdz 50% atlaide\",\"isPartOf\":{\"@id\":\"https:\\\/\\\/minubaltic.ee\\\/lv\\\/#website\"},\"primaryImageOfPage\":{\"@id\":\"https:\\\/\\\/minubaltic.ee\\\/lv\\\/e-pood\\\/roku-dvieli\\\/turku-dvieli-50x90\\\/#primaryimage\"},\"image\":{\"@id\":\"https:\\\/\\\/minubaltic.ee\\\/lv\\\/e-pood\\\/roku-dvieli\\\/turku-dvieli-50x90\\\/#primaryimage\"},\"thumbnailUrl\":\"https:\\\/\\\/minubaltic.ee\\\/wp-content\\\/uploads\\\/2024\\\/02\\\/trhavlu-2.jpg\",\"datePublished\":\"2024-02-05T17:14:25+00:00\",\"description\":\"Turku kokvilnas dvie\u013ci palutina katru reizi, kad tos lietojat. M\u016bsu dvie\u013cu, kas izgatavoti tikai no augst\u0101k\u0101s kvalit\u0101tes kokvilnas, izm\u0113ri ir 50*90 cm.\",\"breadcrumb\":{\"@id\":\"https:\\\/\\\/minubaltic.ee\\\/lv\\\/e-pood\\\/roku-dvieli\\\/turku-dvieli-50x90\\\/#breadcrumb\"},\"inLanguage\":\"lv-LV\",\"potentialAction\":[{\"@type\":\"ReadAction\",\"target\":[\"https:\\\/\\\/minubaltic.ee\\\/lv\\\/e-pood\\\/roku-dvieli\\\/turku-dvieli-50x90\\\/\"]}]},{\"@type\":\"ImageObject\",\"inLanguage\":\"lv-LV\",\"@id\":\"https:\\\/\\\/minubaltic.ee\\\/lv\\\/e-pood\\\/roku-dvieli\\\/turku-dvieli-50x90\\\/#primaryimage\",\"url\":\"https:\\\/\\\/minubaltic.ee\\\/wp-content\\\/uploads\\\/2024\\\/02\\\/trhavlu-2.jpg\",\"contentUrl\":\"https:\\\/\\\/minubaltic.ee\\\/wp-content\\\/uploads\\\/2024\\\/02\\\/trhavlu-2.jpg\",\"width\":650,\"height\":650},{\"@type\":\"BreadcrumbList\",\"@id\":\"https:\\\/\\\/minubaltic.ee\\\/lv\\\/e-pood\\\/roku-dvieli\\\/turku-dvieli-50x90\\\/#breadcrumb\",\"itemListElement\":[{\"@type\":\"ListItem\",\"position\":1,\"name\":\"S\u0101kums\",\"item\":\"https:\\\/\\\/minubaltic.ee\\\/lv\\\/\"},{\"@type\":\"ListItem\",\"position\":2,\"name\":\"E-veikals\",\"item\":\"https:\\\/\\\/minubaltic.ee\\\/lv\\\/e-veikals\\\/\"},{\"@type\":\"ListItem\",\"position\":3,\"name\":\"Turku dvie\u013ci 50&#215;90\"}]},{\"@type\":\"WebSite\",\"@id\":\"https:\\\/\\\/minubaltic.ee\\\/lv\\\/#website\",\"url\":\"https:\\\/\\\/minubaltic.ee\\\/lv\\\/\",\"name\":\"minubaltic.ee\",\"description\":\"\",\"publisher\":{\"@id\":\"https:\\\/\\\/minubaltic.ee\\\/lv\\\/#organization\"},\"potentialAction\":[{\"@type\":\"SearchAction\",\"target\":{\"@type\":\"EntryPoint\",\"urlTemplate\":\"https:\\\/\\\/minubaltic.ee\\\/lv\\\/?s={search_term_string}\"},\"query-input\":{\"@type\":\"PropertyValueSpecification\",\"valueRequired\":true,\"valueName\":\"search_term_string\"}}],\"inLanguage\":\"lv-LV\"},{\"@type\":\"Organization\",\"@id\":\"https:\\\/\\\/minubaltic.ee\\\/lv\\\/#organization\",\"name\":\"Minu Baltic O\u00dc\",\"url\":\"https:\\\/\\\/minubaltic.ee\\\/lv\\\/\",\"logo\":{\"@type\":\"ImageObject\",\"inLanguage\":\"lv-LV\",\"@id\":\"https:\\\/\\\/minubaltic.ee\\\/lv\\\/#\\\/schema\\\/logo\\\/image\\\/\",\"url\":\"https:\\\/\\\/minubaltic.ee\\\/wp-content\\\/uploads\\\/2023\\\/10\\\/cropped-cropped-cropped-logo.png\",\"contentUrl\":\"https:\\\/\\\/minubaltic.ee\\\/wp-content\\\/uploads\\\/2023\\\/10\\\/cropped-cropped-cropped-logo.png\",\"width\":500,\"height\":237,\"caption\":\"Minu Baltic O\u00dc\"},\"image\":{\"@id\":\"https:\\\/\\\/minubaltic.ee\\\/lv\\\/#\\\/schema\\\/logo\\\/image\\\/\"},\"sameAs\":[\"https:\\\/\\\/www.facebook.com\\\/minubaltic\"]}]}<\/script>\n<!-- \/ Yoast SEO plugin. -->","yoast_head_json":{"title":"Turku dvie\u013ci 50x90 - Turku kokvilnas dvie\u013ci 50x90 - l\u012bdz 50% atlaide","description":"Turku kokvilnas dvie\u013ci palutina katru reizi, kad tos lietojat. M\u016bsu dvie\u013cu, kas izgatavoti tikai no augst\u0101k\u0101s kvalit\u0101tes kokvilnas, izm\u0113ri ir 50*90 cm.","robots":{"index":"index","follow":"follow","max-snippet":"max-snippet:-1","max-image-preview":"max-image-preview:large","max-video-preview":"max-video-preview:-1"},"canonical":"https:\/\/minubaltic.ee\/lv\/e-pood\/roku-dvieli\/turku-dvieli-50x90\/","og_locale":"lv_LV","og_type":"article","og_title":"Turku dvie\u013ci 50x90 - Turku kokvilnas dvie\u013ci 50x90 - l\u012bdz 50% atlaide","og_description":"Turku kokvilnas dvie\u013ci palutina katru reizi, kad tos lietojat. M\u016bsu dvie\u013cu, kas izgatavoti tikai no augst\u0101k\u0101s kvalit\u0101tes kokvilnas, izm\u0113ri ir 50*90 cm.","og_url":"https:\/\/minubaltic.ee\/lv\/e-pood\/roku-dvieli\/turku-dvieli-50x90\/","article_publisher":"https:\/\/www.facebook.com\/minubaltic","og_image":[{"width":650,"height":650,"url":"https:\/\/minubaltic.ee\/wp-content\/uploads\/2024\/02\/trhavlu-2.jpg","type":"image\/jpeg"}],"twitter_card":"summary_large_image","schema":{"@context":"https:\/\/schema.org","@graph":[{"@type":"WebPage","@id":"https:\/\/minubaltic.ee\/lv\/e-pood\/roku-dvieli\/turku-dvieli-50x90\/","url":"https:\/\/minubaltic.ee\/lv\/e-pood\/roku-dvieli\/turku-dvieli-50x90\/","name":"Turku dvie\u013ci 50x90 - Turku kokvilnas dvie\u013ci 50x90 - l\u012bdz 50% atlaide","isPartOf":{"@id":"https:\/\/minubaltic.ee\/lv\/#website"},"primaryImageOfPage":{"@id":"https:\/\/minubaltic.ee\/lv\/e-pood\/roku-dvieli\/turku-dvieli-50x90\/#primaryimage"},"image":{"@id":"https:\/\/minubaltic.ee\/lv\/e-pood\/roku-dvieli\/turku-dvieli-50x90\/#primaryimage"},"thumbnailUrl":"https:\/\/minubaltic.ee\/wp-content\/uploads\/2024\/02\/trhavlu-2.jpg","datePublished":"2024-02-05T17:14:25+00:00","description":"Turku kokvilnas dvie\u013ci palutina katru reizi, kad tos lietojat. M\u016bsu dvie\u013cu, kas izgatavoti tikai no augst\u0101k\u0101s kvalit\u0101tes kokvilnas, izm\u0113ri ir 50*90 cm.","breadcrumb":{"@id":"https:\/\/minubaltic.ee\/lv\/e-pood\/roku-dvieli\/turku-dvieli-50x90\/#breadcrumb"},"inLanguage":"lv-LV","potentialAction":[{"@type":"ReadAction","target":["https:\/\/minubaltic.ee\/lv\/e-pood\/roku-dvieli\/turku-dvieli-50x90\/"]}]},{"@type":"ImageObject","inLanguage":"lv-LV","@id":"https:\/\/minubaltic.ee\/lv\/e-pood\/roku-dvieli\/turku-dvieli-50x90\/#primaryimage","url":"https:\/\/minubaltic.ee\/wp-content\/uploads\/2024\/02\/trhavlu-2.jpg","contentUrl":"https:\/\/minubaltic.ee\/wp-content\/uploads\/2024\/02\/trhavlu-2.jpg","width":650,"height":650},{"@type":"BreadcrumbList","@id":"https:\/\/minubaltic.ee\/lv\/e-pood\/roku-dvieli\/turku-dvieli-50x90\/#breadcrumb","itemListElement":[{"@type":"ListItem","position":1,"name":"S\u0101kums","item":"https:\/\/minubaltic.ee\/lv\/"},{"@type":"ListItem","position":2,"name":"E-veikals","item":"https:\/\/minubaltic.ee\/lv\/e-veikals\/"},{"@type":"ListItem","position":3,"name":"Turku dvie\u013ci 50&#215;90"}]},{"@type":"WebSite","@id":"https:\/\/minubaltic.ee\/lv\/#website","url":"https:\/\/minubaltic.ee\/lv\/","name":"minubaltic.ee","description":"","publisher":{"@id":"https:\/\/minubaltic.ee\/lv\/#organization"},"potentialAction":[{"@type":"SearchAction","target":{"@type":"EntryPoint","urlTemplate":"https:\/\/minubaltic.ee\/lv\/?s={search_term_string}"},"query-input":{"@type":"PropertyValueSpecification","valueRequired":true,"valueName":"search_term_string"}}],"inLanguage":"lv-LV"},{"@type":"Organization","@id":"https:\/\/minubaltic.ee\/lv\/#organization","name":"Minu Baltic O\u00dc","url":"https:\/\/minubaltic.ee\/lv\/","logo":{"@type":"ImageObject","inLanguage":"lv-LV","@id":"https:\/\/minubaltic.ee\/lv\/#\/schema\/logo\/image\/","url":"https:\/\/minubaltic.ee\/wp-content\/uploads\/2023\/10\/cropped-cropped-cropped-logo.png","contentUrl":"https:\/\/minubaltic.ee\/wp-content\/uploads\/2023\/10\/cropped-cropped-cropped-logo.png","width":500,"height":237,"caption":"Minu Baltic O\u00dc"},"image":{"@id":"https:\/\/minubaltic.ee\/lv\/#\/schema\/logo\/image\/"},"sameAs":["https:\/\/www.facebook.com\/minubaltic"]}]}},"_links":{"self":[{"href":"https:\/\/minubaltic.ee\/lv\/wp-json\/wp\/v2\/product\/22198","targetHints":{"allow":["GET"]}}],"collection":[{"href":"https:\/\/minubaltic.ee\/lv\/wp-json\/wp\/v2\/product"}],"about":[{"href":"https:\/\/minubaltic.ee\/lv\/wp-json\/wp\/v2\/types\/product"}],"replies":[{"embeddable":true,"href":"https:\/\/minubaltic.ee\/lv\/wp-json\/wp\/v2\/comments?post=22198"}],"version-history":[{"count":0,"href":"https:\/\/minubaltic.ee\/lv\/wp-json\/wp\/v2\/product\/22198\/revisions"}],"wp:featuredmedia":[{"embeddable":true,"href":"https:\/\/minubaltic.ee\/lv\/wp-json\/wp\/v2\/media\/22205"}],"wp:attachment":[{"href":"https:\/\/minubaltic.ee\/lv\/wp-json\/wp\/v2\/media?parent=22198"}],"wp:term":[{"taxonomy":"product_brand","embeddable":true,"href":"https:\/\/minubaltic.ee\/lv\/wp-json\/wp\/v2\/product_brand?post=22198"},{"taxonomy":"product_cat","embeddable":true,"href":"https:\/\/minubaltic.ee\/lv\/wp-json\/wp\/v2\/product_cat?post=22198"},{"taxonomy":"product_tag","embeddable":true,"href":"https:\/\/minubaltic.ee\/lv\/wp-json\/wp\/v2\/product_tag?post=22198"}],"curies":[{"name":"wp","href":"https:\/\/api.w.org\/{rel}","templated":true}]}}