{"id":22196,"date":"2024-02-05T20:38:48","date_gmt":"2024-02-05T17:38:48","guid":{"rendered":"https:\/\/minubaltic.ee\/e-pood\/uncategorized\/premium-6-dalu-dvielu-komplekts-50x90\/"},"modified":"2024-09-23T19:42:33","modified_gmt":"2024-09-23T16:42:33","slug":"premium-6-dalu-dvielu-komplekts-50x90","status":"publish","type":"product","link":"https:\/\/minubaltic.ee\/lv\/e-pood\/roku-dvieli\/premium-6-dalu-dvielu-komplekts-50x90\/","title":{"rendered":"Premium 6 da\u013cu dvie\u013cu komplekts 50&#215;90"},"content":{"rendered":"<p>Turku dvie\u013cu komplekt\u0101 ir 6 da\u017e\u0101das kr\u0101sas, kas pie\u0161\u0137irs kr\u0101su un stilu jebkurai vannas istabai. \u0160ie dvie\u013ci nodro\u0161ina maksim\u0101lu komfortu.<\/p>\n<p>Kr\u0101su palete ir daudzpus\u012bga, ar spilgtiem un skaistiem to\u0146iem. Neatkar\u012bgi no t\u0101, vai v\u0113laties gai\u0161i un maigi roz\u0101, eleganti un nomierino\u0161i akvamar\u012bna vai drosm\u012bgi violetu kr\u0101su, ikviens atrad\u012bs kaut ko piem\u0113rotu sev. Pievienojiet da\u017eus dvie\u013cus, lai rad\u012btu daudzsl\u0101\u0146ain\u0101ku izskatu, vai samaisiet da\u017e\u0101dus to\u0146us, lai ieg\u016btu spilgtu un modernu izskatu.<\/p>\n<p>Papildus lieliskajam izskatam dvie\u013ci ir izgatavoti no augstas kvalit\u0101tes kokvilnas. Tas nodro\u0161ina, ka dvie\u013ci ir m\u012bksti un iztur\u012bgi un piem\u0113roti ikdienas lieto\u0161anai.<\/p>\n<p>Pie\u0161\u0137iriet vannas istabai stilu un komfortu ar m\u016bsu turku dvie\u013cu komplektu. T\u0101s ir ar\u012b ide\u0101las d\u0101vanas \u0123imenei un draugiem. Izv\u0113lieties sev t\u012bkam\u0101ko kr\u0101su to\u0146us un izbaudiet m\u016bsu br\u012bni\u0161\u0137\u012bgos turku dvie\u013cus jau \u0161odien!<\/p>\n","protected":false},"excerpt":{"rendered":"<div class=\"woocommerce-product-details__short-description\">\n<ul>\n<li><span class=\"product-attribute__label\">Auduma sast\u0101vs:<\/span><span class=\"product-attribute__value\" data-attribute-code=\"fabric_composition\"> 100% kokvilna<\/span><\/li>\n<li>Izcelsmes valsts: Turcija <img loading=\"lazy\" decoding=\"async\" class=\" wd-lazy-fade wp-image-17267 alignnone\" src=\"https:\/\/minubaltic.ee\/wp-content\/themes\/woodmart\/images\/lazy.svg\" data-src=\"https:\/\/minubaltic.ee\/wp-content\/uploads\/2024\/02\/trbrq.jpg\" alt=\"\" width=\"18\" height=\"12\"><\/li>\n<li>Da\u013cu skaits: 6<\/li>\n<li>Izm\u0113ri: 50\u00d790 cm<\/li>\n<li>Kr\u0101sa: 6 kr\u0101saini dvie\u013ci (1 no katras kr\u0101sas)<\/li>\n<li>Svars: 400 g\/m2<\/li>\n<li>Specifik\u0101cija: <b>\u00b11-3<\/b><\/li>\n<li>Produktu att\u0113li ir ilustrat\u012bvi<\/li>\n<\/ul>\n<\/div>\n","protected":false},"featured_media":22197,"comment_status":"open","ping_status":"closed","template":"","meta":[],"product_brand":[],"product_cat":[816,443,446,447,438],"product_tag":[463,459,460,461,466],"class_list":{"0":"post-22196","1":"product","2":"type-product","3":"status-publish","4":"has-post-thumbnail","6":"product_cat-100-kokvilna","7":"product_cat-dvieli","8":"product_cat-dvieli-50-90","9":"product_cat-dvielu-komplekti","10":"product_cat-roku-dvieli","11":"product_tag-dvieli","12":"product_tag-e-komercija","13":"product_tag-e-veikals","14":"product_tag-majas-tekstils","15":"product_tag-tekstils","17":"first","18":"outofstock","19":"shipping-taxable","20":"purchasable","21":"product-type-simple"},"yoast_head":"<!-- This site is optimized with the Yoast SEO plugin v27.3 - https:\/\/yoast.com\/product\/yoast-seo-wordpress\/ -->\n<title>- turcija 100% kokvilna 4,99<\/title>\n<meta name=\"description\" content=\"6 dvie\u013cu komplekts, turku dvie\u013cu komplekts, kas izgatavots no augstas kvalit\u0101tes kokvilnas materi\u0101la, kas apvieno komfortu un eleganci.\" \/>\n<meta name=\"robots\" content=\"index, follow, max-snippet:-1, max-image-preview:large, max-video-preview:-1\" \/>\n<link rel=\"canonical\" href=\"https:\/\/minubaltic.ee\/lv\/e-pood\/roku-dvieli\/premium-6-dalu-dvielu-komplekts-50x90\/\" \/>\n<meta property=\"og:locale\" content=\"lv_LV\" \/>\n<meta property=\"og:type\" content=\"article\" \/>\n<meta property=\"og:title\" content=\"- turcija 100% kokvilna 4,99\" \/>\n<meta property=\"og:description\" content=\"6 dvie\u013cu komplekts, turku dvie\u013cu komplekts, kas izgatavots no augstas kvalit\u0101tes kokvilnas materi\u0101la, kas apvieno komfortu un eleganci.\" \/>\n<meta property=\"og:url\" content=\"https:\/\/minubaltic.ee\/lv\/e-pood\/roku-dvieli\/premium-6-dalu-dvielu-komplekts-50x90\/\" \/>\n<meta property=\"article:publisher\" content=\"https:\/\/www.facebook.com\/minubaltic\" \/>\n<meta property=\"article:modified_time\" content=\"2024-09-23T16:42:33+00:00\" \/>\n<meta property=\"og:image\" content=\"https:\/\/minubaltic.ee\/wp-content\/uploads\/2024\/02\/trhavlu-1.jpg\" \/>\n\t<meta property=\"og:image:width\" content=\"650\" \/>\n\t<meta property=\"og:image:height\" content=\"650\" \/>\n\t<meta property=\"og:image:type\" content=\"image\/jpeg\" \/>\n<meta name=\"twitter:card\" content=\"summary_large_image\" \/>\n<meta name=\"twitter:label1\" content=\"Est. reading time\" \/>\n\t<meta name=\"twitter:data1\" content=\"1 minute\" \/>\n<script type=\"application\/ld+json\" class=\"yoast-schema-graph\">{\"@context\":\"https:\\\/\\\/schema.org\",\"@graph\":[{\"@type\":\"WebPage\",\"@id\":\"https:\\\/\\\/minubaltic.ee\\\/lv\\\/e-pood\\\/roku-dvieli\\\/premium-6-dalu-dvielu-komplekts-50x90\\\/\",\"url\":\"https:\\\/\\\/minubaltic.ee\\\/lv\\\/e-pood\\\/roku-dvieli\\\/premium-6-dalu-dvielu-komplekts-50x90\\\/\",\"name\":\"- turcija 100% kokvilna 4,99\",\"isPartOf\":{\"@id\":\"https:\\\/\\\/minubaltic.ee\\\/lv\\\/#website\"},\"primaryImageOfPage\":{\"@id\":\"https:\\\/\\\/minubaltic.ee\\\/lv\\\/e-pood\\\/roku-dvieli\\\/premium-6-dalu-dvielu-komplekts-50x90\\\/#primaryimage\"},\"image\":{\"@id\":\"https:\\\/\\\/minubaltic.ee\\\/lv\\\/e-pood\\\/roku-dvieli\\\/premium-6-dalu-dvielu-komplekts-50x90\\\/#primaryimage\"},\"thumbnailUrl\":\"https:\\\/\\\/minubaltic.ee\\\/wp-content\\\/uploads\\\/2024\\\/02\\\/trhavlu-1.jpg\",\"datePublished\":\"2024-02-05T17:38:48+00:00\",\"dateModified\":\"2024-09-23T16:42:33+00:00\",\"description\":\"6 dvie\u013cu komplekts, turku dvie\u013cu komplekts, kas izgatavots no augstas kvalit\u0101tes kokvilnas materi\u0101la, kas apvieno komfortu un eleganci.\",\"breadcrumb\":{\"@id\":\"https:\\\/\\\/minubaltic.ee\\\/lv\\\/e-pood\\\/roku-dvieli\\\/premium-6-dalu-dvielu-komplekts-50x90\\\/#breadcrumb\"},\"inLanguage\":\"lv-LV\",\"potentialAction\":[{\"@type\":\"ReadAction\",\"target\":[\"https:\\\/\\\/minubaltic.ee\\\/lv\\\/e-pood\\\/roku-dvieli\\\/premium-6-dalu-dvielu-komplekts-50x90\\\/\"]}]},{\"@type\":\"ImageObject\",\"inLanguage\":\"lv-LV\",\"@id\":\"https:\\\/\\\/minubaltic.ee\\\/lv\\\/e-pood\\\/roku-dvieli\\\/premium-6-dalu-dvielu-komplekts-50x90\\\/#primaryimage\",\"url\":\"https:\\\/\\\/minubaltic.ee\\\/wp-content\\\/uploads\\\/2024\\\/02\\\/trhavlu-1.jpg\",\"contentUrl\":\"https:\\\/\\\/minubaltic.ee\\\/wp-content\\\/uploads\\\/2024\\\/02\\\/trhavlu-1.jpg\",\"width\":650,\"height\":650},{\"@type\":\"BreadcrumbList\",\"@id\":\"https:\\\/\\\/minubaltic.ee\\\/lv\\\/e-pood\\\/roku-dvieli\\\/premium-6-dalu-dvielu-komplekts-50x90\\\/#breadcrumb\",\"itemListElement\":[{\"@type\":\"ListItem\",\"position\":1,\"name\":\"S\u0101kums\",\"item\":\"https:\\\/\\\/minubaltic.ee\\\/lv\\\/\"},{\"@type\":\"ListItem\",\"position\":2,\"name\":\"E-veikals\",\"item\":\"https:\\\/\\\/minubaltic.ee\\\/lv\\\/e-veikals\\\/\"},{\"@type\":\"ListItem\",\"position\":3,\"name\":\"Premium 6 da\u013cu dvie\u013cu komplekts 50&#215;90\"}]},{\"@type\":\"WebSite\",\"@id\":\"https:\\\/\\\/minubaltic.ee\\\/lv\\\/#website\",\"url\":\"https:\\\/\\\/minubaltic.ee\\\/lv\\\/\",\"name\":\"minubaltic.ee\",\"description\":\"\",\"publisher\":{\"@id\":\"https:\\\/\\\/minubaltic.ee\\\/lv\\\/#organization\"},\"potentialAction\":[{\"@type\":\"SearchAction\",\"target\":{\"@type\":\"EntryPoint\",\"urlTemplate\":\"https:\\\/\\\/minubaltic.ee\\\/lv\\\/?s={search_term_string}\"},\"query-input\":{\"@type\":\"PropertyValueSpecification\",\"valueRequired\":true,\"valueName\":\"search_term_string\"}}],\"inLanguage\":\"lv-LV\"},{\"@type\":\"Organization\",\"@id\":\"https:\\\/\\\/minubaltic.ee\\\/lv\\\/#organization\",\"name\":\"Minu Baltic O\u00dc\",\"url\":\"https:\\\/\\\/minubaltic.ee\\\/lv\\\/\",\"logo\":{\"@type\":\"ImageObject\",\"inLanguage\":\"lv-LV\",\"@id\":\"https:\\\/\\\/minubaltic.ee\\\/lv\\\/#\\\/schema\\\/logo\\\/image\\\/\",\"url\":\"https:\\\/\\\/minubaltic.ee\\\/wp-content\\\/uploads\\\/2023\\\/10\\\/cropped-cropped-cropped-logo.png\",\"contentUrl\":\"https:\\\/\\\/minubaltic.ee\\\/wp-content\\\/uploads\\\/2023\\\/10\\\/cropped-cropped-cropped-logo.png\",\"width\":500,\"height\":237,\"caption\":\"Minu Baltic O\u00dc\"},\"image\":{\"@id\":\"https:\\\/\\\/minubaltic.ee\\\/lv\\\/#\\\/schema\\\/logo\\\/image\\\/\"},\"sameAs\":[\"https:\\\/\\\/www.facebook.com\\\/minubaltic\"]}]}<\/script>\n<!-- \/ Yoast SEO plugin. -->","yoast_head_json":{"title":"- turcija 100% kokvilna 4,99","description":"6 dvie\u013cu komplekts, turku dvie\u013cu komplekts, kas izgatavots no augstas kvalit\u0101tes kokvilnas materi\u0101la, kas apvieno komfortu un eleganci.","robots":{"index":"index","follow":"follow","max-snippet":"max-snippet:-1","max-image-preview":"max-image-preview:large","max-video-preview":"max-video-preview:-1"},"canonical":"https:\/\/minubaltic.ee\/lv\/e-pood\/roku-dvieli\/premium-6-dalu-dvielu-komplekts-50x90\/","og_locale":"lv_LV","og_type":"article","og_title":"- turcija 100% kokvilna 4,99","og_description":"6 dvie\u013cu komplekts, turku dvie\u013cu komplekts, kas izgatavots no augstas kvalit\u0101tes kokvilnas materi\u0101la, kas apvieno komfortu un eleganci.","og_url":"https:\/\/minubaltic.ee\/lv\/e-pood\/roku-dvieli\/premium-6-dalu-dvielu-komplekts-50x90\/","article_publisher":"https:\/\/www.facebook.com\/minubaltic","article_modified_time":"2024-09-23T16:42:33+00:00","og_image":[{"width":650,"height":650,"url":"https:\/\/minubaltic.ee\/wp-content\/uploads\/2024\/02\/trhavlu-1.jpg","type":"image\/jpeg"}],"twitter_card":"summary_large_image","twitter_misc":{"Est. reading time":"1 minute"},"schema":{"@context":"https:\/\/schema.org","@graph":[{"@type":"WebPage","@id":"https:\/\/minubaltic.ee\/lv\/e-pood\/roku-dvieli\/premium-6-dalu-dvielu-komplekts-50x90\/","url":"https:\/\/minubaltic.ee\/lv\/e-pood\/roku-dvieli\/premium-6-dalu-dvielu-komplekts-50x90\/","name":"- turcija 100% kokvilna 4,99","isPartOf":{"@id":"https:\/\/minubaltic.ee\/lv\/#website"},"primaryImageOfPage":{"@id":"https:\/\/minubaltic.ee\/lv\/e-pood\/roku-dvieli\/premium-6-dalu-dvielu-komplekts-50x90\/#primaryimage"},"image":{"@id":"https:\/\/minubaltic.ee\/lv\/e-pood\/roku-dvieli\/premium-6-dalu-dvielu-komplekts-50x90\/#primaryimage"},"thumbnailUrl":"https:\/\/minubaltic.ee\/wp-content\/uploads\/2024\/02\/trhavlu-1.jpg","datePublished":"2024-02-05T17:38:48+00:00","dateModified":"2024-09-23T16:42:33+00:00","description":"6 dvie\u013cu komplekts, turku dvie\u013cu komplekts, kas izgatavots no augstas kvalit\u0101tes kokvilnas materi\u0101la, kas apvieno komfortu un eleganci.","breadcrumb":{"@id":"https:\/\/minubaltic.ee\/lv\/e-pood\/roku-dvieli\/premium-6-dalu-dvielu-komplekts-50x90\/#breadcrumb"},"inLanguage":"lv-LV","potentialAction":[{"@type":"ReadAction","target":["https:\/\/minubaltic.ee\/lv\/e-pood\/roku-dvieli\/premium-6-dalu-dvielu-komplekts-50x90\/"]}]},{"@type":"ImageObject","inLanguage":"lv-LV","@id":"https:\/\/minubaltic.ee\/lv\/e-pood\/roku-dvieli\/premium-6-dalu-dvielu-komplekts-50x90\/#primaryimage","url":"https:\/\/minubaltic.ee\/wp-content\/uploads\/2024\/02\/trhavlu-1.jpg","contentUrl":"https:\/\/minubaltic.ee\/wp-content\/uploads\/2024\/02\/trhavlu-1.jpg","width":650,"height":650},{"@type":"BreadcrumbList","@id":"https:\/\/minubaltic.ee\/lv\/e-pood\/roku-dvieli\/premium-6-dalu-dvielu-komplekts-50x90\/#breadcrumb","itemListElement":[{"@type":"ListItem","position":1,"name":"S\u0101kums","item":"https:\/\/minubaltic.ee\/lv\/"},{"@type":"ListItem","position":2,"name":"E-veikals","item":"https:\/\/minubaltic.ee\/lv\/e-veikals\/"},{"@type":"ListItem","position":3,"name":"Premium 6 da\u013cu dvie\u013cu komplekts 50&#215;90"}]},{"@type":"WebSite","@id":"https:\/\/minubaltic.ee\/lv\/#website","url":"https:\/\/minubaltic.ee\/lv\/","name":"minubaltic.ee","description":"","publisher":{"@id":"https:\/\/minubaltic.ee\/lv\/#organization"},"potentialAction":[{"@type":"SearchAction","target":{"@type":"EntryPoint","urlTemplate":"https:\/\/minubaltic.ee\/lv\/?s={search_term_string}"},"query-input":{"@type":"PropertyValueSpecification","valueRequired":true,"valueName":"search_term_string"}}],"inLanguage":"lv-LV"},{"@type":"Organization","@id":"https:\/\/minubaltic.ee\/lv\/#organization","name":"Minu Baltic O\u00dc","url":"https:\/\/minubaltic.ee\/lv\/","logo":{"@type":"ImageObject","inLanguage":"lv-LV","@id":"https:\/\/minubaltic.ee\/lv\/#\/schema\/logo\/image\/","url":"https:\/\/minubaltic.ee\/wp-content\/uploads\/2023\/10\/cropped-cropped-cropped-logo.png","contentUrl":"https:\/\/minubaltic.ee\/wp-content\/uploads\/2023\/10\/cropped-cropped-cropped-logo.png","width":500,"height":237,"caption":"Minu Baltic O\u00dc"},"image":{"@id":"https:\/\/minubaltic.ee\/lv\/#\/schema\/logo\/image\/"},"sameAs":["https:\/\/www.facebook.com\/minubaltic"]}]}},"_links":{"self":[{"href":"https:\/\/minubaltic.ee\/lv\/wp-json\/wp\/v2\/product\/22196","targetHints":{"allow":["GET"]}}],"collection":[{"href":"https:\/\/minubaltic.ee\/lv\/wp-json\/wp\/v2\/product"}],"about":[{"href":"https:\/\/minubaltic.ee\/lv\/wp-json\/wp\/v2\/types\/product"}],"replies":[{"embeddable":true,"href":"https:\/\/minubaltic.ee\/lv\/wp-json\/wp\/v2\/comments?post=22196"}],"version-history":[{"count":0,"href":"https:\/\/minubaltic.ee\/lv\/wp-json\/wp\/v2\/product\/22196\/revisions"}],"wp:featuredmedia":[{"embeddable":true,"href":"https:\/\/minubaltic.ee\/lv\/wp-json\/wp\/v2\/media\/22197"}],"wp:attachment":[{"href":"https:\/\/minubaltic.ee\/lv\/wp-json\/wp\/v2\/media?parent=22196"}],"wp:term":[{"taxonomy":"product_brand","embeddable":true,"href":"https:\/\/minubaltic.ee\/lv\/wp-json\/wp\/v2\/product_brand?post=22196"},{"taxonomy":"product_cat","embeddable":true,"href":"https:\/\/minubaltic.ee\/lv\/wp-json\/wp\/v2\/product_cat?post=22196"},{"taxonomy":"product_tag","embeddable":true,"href":"https:\/\/minubaltic.ee\/lv\/wp-json\/wp\/v2\/product_tag?post=22196"}],"curies":[{"name":"wp","href":"https:\/\/api.w.org\/{rel}","templated":true}]}}