{"id":22159,"date":"2024-02-10T18:18:38","date_gmt":"2024-02-10T15:18:38","guid":{"rendered":"https:\/\/minubaltic.ee\/e-pood\/uncategorized\/komplekts-virietim-un-sievietei-ar-sirsninam\/"},"modified":"2024-02-10T18:18:38","modified_gmt":"2024-02-10T15:18:38","slug":"komplekts-virietim-un-sievietei-ar-sirsninam","status":"publish","type":"product","link":"https:\/\/minubaltic.ee\/lv\/e-pood\/aksesuari\/komplekts-virietim-un-sievietei-ar-sirsninam\/","title":{"rendered":"Komplekts v\u012brietim un sievietei (ar sirsni\u0146\u0101m)"},"content":{"rendered":"<p>Pulkste\u0146a siksni\u0146as garums aptuveni: 240 mm<br \/>\nPulkste\u0146a siksni\u0146as platums aptuveni: 10 mm<br \/>\nPulkste\u0146a korpusa diametrs aptuveni: 35 mm<br \/>\nPulkste\u0146a korpusa biezums: aptuveni 8 mm<br \/>\nKomplekt\u0101: 2 x pulkstenis<br \/>\nPulkste\u0146a korpuss nav iek\u013cauts<\/p>\n","protected":false},"excerpt":{"rendered":"<p>Atblo\u0137\u0113jiet savu stilu ar jaun\u0101s paaudzes pulksteni! Esiet starojo\u0161i un p\u0101rliecin\u0101ti par sevi ik mirkli, valk\u0101jot pulkste\u0146a dizainu, kas simboliz\u0113 eleganci un kvalit\u0101ti. Pulkste\u0146u kolekcij\u0101 ir kaut kas katrai gaumei un stilam &#8211; no minim\u0101lisma un t\u012bra dizaina l\u012bdz mode\u013ciem ar sare\u017e\u0123\u012bt\u0101m deta\u013c\u0101m un mirdzo\u0161iem krist\u0101liem.<br \/>\nPulkste\u0146i ir izstr\u0101d\u0101ti, lai apmierin\u0101tu akt\u012bvu un ambiciozu cilv\u0113ku v\u0113lmes, kuri v\u0113las paust savu individualit\u0101ti, izmantojot eleganci un stilu.<br \/>\nRokas pulkste\u0146i ir kas vair\u0101k nek\u0101 tikai pulkste\u0146i &#8211; tie ir unik\u0101li un uzman\u012bbu piesaisto\u0161i aksesu\u0101ri, kas papildina j\u016bsu ikdienas stilu un padara j\u016bs skaistu un iev\u0113rojamu.<\/p>\n","protected":false},"featured_media":22160,"comment_status":"open","ping_status":"closed","template":"","meta":[],"product_brand":[],"product_cat":[433,437],"product_tag":[460],"class_list":{"0":"post-22159","1":"product","2":"type-product","3":"status-publish","4":"has-post-thumbnail","6":"product_cat-aksesuari","7":"product_cat-pulksteni","8":"product_tag-e-veikals","10":"first","11":"instock","12":"shipping-taxable","13":"purchasable","14":"product-type-simple"},"yoast_head":"<!-- This site is optimized with the Yoast SEO plugin v27.3 - https:\/\/yoast.com\/product\/yoast-seo-wordpress\/ -->\n<title>- Laba cena 4,4\u20ac<\/title>\n<meta name=\"description\" content=\"\u012apa\u0161i atlas\u012bta kolekcija pulkste\u0146u entuziastiem. Izv\u0113lieties no jaun\u0101kajiem v\u012brie\u0161u un sievie\u0161u pulkste\u0146u mode\u013ciem, kas atbilst j\u016bsu stilam.\" \/>\n<meta name=\"robots\" content=\"index, follow, max-snippet:-1, max-image-preview:large, max-video-preview:-1\" \/>\n<link rel=\"canonical\" href=\"https:\/\/minubaltic.ee\/lv\/e-pood\/aksesuari\/komplekts-virietim-un-sievietei-ar-sirsninam\/\" \/>\n<meta property=\"og:locale\" content=\"lv_LV\" \/>\n<meta property=\"og:type\" content=\"article\" \/>\n<meta property=\"og:title\" content=\"- Laba cena 4,4\u20ac\" \/>\n<meta property=\"og:description\" content=\"\u012apa\u0161i atlas\u012bta kolekcija pulkste\u0146u entuziastiem. Izv\u0113lieties no jaun\u0101kajiem v\u012brie\u0161u un sievie\u0161u pulkste\u0146u mode\u013ciem, kas atbilst j\u016bsu stilam.\" \/>\n<meta property=\"og:url\" content=\"https:\/\/minubaltic.ee\/lv\/e-pood\/aksesuari\/komplekts-virietim-un-sievietei-ar-sirsninam\/\" \/>\n<meta property=\"article:publisher\" content=\"https:\/\/www.facebook.com\/minubaltic\" \/>\n<meta property=\"og:image\" content=\"https:\/\/minubaltic.ee\/wp-content\/uploads\/2024\/02\/h-11.jpg\" \/>\n\t<meta property=\"og:image:width\" content=\"500\" \/>\n\t<meta property=\"og:image:height\" content=\"500\" \/>\n\t<meta property=\"og:image:type\" content=\"image\/jpeg\" \/>\n<meta name=\"twitter:card\" content=\"summary_large_image\" \/>\n<script type=\"application\/ld+json\" class=\"yoast-schema-graph\">{\"@context\":\"https:\\\/\\\/schema.org\",\"@graph\":[{\"@type\":\"WebPage\",\"@id\":\"https:\\\/\\\/minubaltic.ee\\\/lv\\\/e-pood\\\/aksesuari\\\/komplekts-virietim-un-sievietei-ar-sirsninam\\\/\",\"url\":\"https:\\\/\\\/minubaltic.ee\\\/lv\\\/e-pood\\\/aksesuari\\\/komplekts-virietim-un-sievietei-ar-sirsninam\\\/\",\"name\":\"- Laba cena 4,4\u20ac\",\"isPartOf\":{\"@id\":\"https:\\\/\\\/minubaltic.ee\\\/lv\\\/#website\"},\"primaryImageOfPage\":{\"@id\":\"https:\\\/\\\/minubaltic.ee\\\/lv\\\/e-pood\\\/aksesuari\\\/komplekts-virietim-un-sievietei-ar-sirsninam\\\/#primaryimage\"},\"image\":{\"@id\":\"https:\\\/\\\/minubaltic.ee\\\/lv\\\/e-pood\\\/aksesuari\\\/komplekts-virietim-un-sievietei-ar-sirsninam\\\/#primaryimage\"},\"thumbnailUrl\":\"https:\\\/\\\/minubaltic.ee\\\/wp-content\\\/uploads\\\/2024\\\/02\\\/h-11.jpg\",\"datePublished\":\"2024-02-10T15:18:38+00:00\",\"description\":\"\u012apa\u0161i atlas\u012bta kolekcija pulkste\u0146u entuziastiem. Izv\u0113lieties no jaun\u0101kajiem v\u012brie\u0161u un sievie\u0161u pulkste\u0146u mode\u013ciem, kas atbilst j\u016bsu stilam.\",\"breadcrumb\":{\"@id\":\"https:\\\/\\\/minubaltic.ee\\\/lv\\\/e-pood\\\/aksesuari\\\/komplekts-virietim-un-sievietei-ar-sirsninam\\\/#breadcrumb\"},\"inLanguage\":\"lv-LV\",\"potentialAction\":[{\"@type\":\"ReadAction\",\"target\":[\"https:\\\/\\\/minubaltic.ee\\\/lv\\\/e-pood\\\/aksesuari\\\/komplekts-virietim-un-sievietei-ar-sirsninam\\\/\"]}]},{\"@type\":\"ImageObject\",\"inLanguage\":\"lv-LV\",\"@id\":\"https:\\\/\\\/minubaltic.ee\\\/lv\\\/e-pood\\\/aksesuari\\\/komplekts-virietim-un-sievietei-ar-sirsninam\\\/#primaryimage\",\"url\":\"https:\\\/\\\/minubaltic.ee\\\/wp-content\\\/uploads\\\/2024\\\/02\\\/h-11.jpg\",\"contentUrl\":\"https:\\\/\\\/minubaltic.ee\\\/wp-content\\\/uploads\\\/2024\\\/02\\\/h-11.jpg\",\"width\":500,\"height\":500},{\"@type\":\"BreadcrumbList\",\"@id\":\"https:\\\/\\\/minubaltic.ee\\\/lv\\\/e-pood\\\/aksesuari\\\/komplekts-virietim-un-sievietei-ar-sirsninam\\\/#breadcrumb\",\"itemListElement\":[{\"@type\":\"ListItem\",\"position\":1,\"name\":\"S\u0101kums\",\"item\":\"https:\\\/\\\/minubaltic.ee\\\/lv\\\/\"},{\"@type\":\"ListItem\",\"position\":2,\"name\":\"E-veikals\",\"item\":\"https:\\\/\\\/minubaltic.ee\\\/lv\\\/e-veikals\\\/\"},{\"@type\":\"ListItem\",\"position\":3,\"name\":\"Komplekts v\u012brietim un sievietei (ar sirsni\u0146\u0101m)\"}]},{\"@type\":\"WebSite\",\"@id\":\"https:\\\/\\\/minubaltic.ee\\\/lv\\\/#website\",\"url\":\"https:\\\/\\\/minubaltic.ee\\\/lv\\\/\",\"name\":\"minubaltic.ee\",\"description\":\"\",\"publisher\":{\"@id\":\"https:\\\/\\\/minubaltic.ee\\\/lv\\\/#organization\"},\"potentialAction\":[{\"@type\":\"SearchAction\",\"target\":{\"@type\":\"EntryPoint\",\"urlTemplate\":\"https:\\\/\\\/minubaltic.ee\\\/lv\\\/?s={search_term_string}\"},\"query-input\":{\"@type\":\"PropertyValueSpecification\",\"valueRequired\":true,\"valueName\":\"search_term_string\"}}],\"inLanguage\":\"lv-LV\"},{\"@type\":\"Organization\",\"@id\":\"https:\\\/\\\/minubaltic.ee\\\/lv\\\/#organization\",\"name\":\"Minu Baltic O\u00dc\",\"url\":\"https:\\\/\\\/minubaltic.ee\\\/lv\\\/\",\"logo\":{\"@type\":\"ImageObject\",\"inLanguage\":\"lv-LV\",\"@id\":\"https:\\\/\\\/minubaltic.ee\\\/lv\\\/#\\\/schema\\\/logo\\\/image\\\/\",\"url\":\"https:\\\/\\\/minubaltic.ee\\\/wp-content\\\/uploads\\\/2023\\\/10\\\/cropped-cropped-cropped-logo.png\",\"contentUrl\":\"https:\\\/\\\/minubaltic.ee\\\/wp-content\\\/uploads\\\/2023\\\/10\\\/cropped-cropped-cropped-logo.png\",\"width\":500,\"height\":237,\"caption\":\"Minu Baltic O\u00dc\"},\"image\":{\"@id\":\"https:\\\/\\\/minubaltic.ee\\\/lv\\\/#\\\/schema\\\/logo\\\/image\\\/\"},\"sameAs\":[\"https:\\\/\\\/www.facebook.com\\\/minubaltic\"]}]}<\/script>\n<!-- \/ Yoast SEO plugin. -->","yoast_head_json":{"title":"- Laba cena 4,4\u20ac","description":"\u012apa\u0161i atlas\u012bta kolekcija pulkste\u0146u entuziastiem. Izv\u0113lieties no jaun\u0101kajiem v\u012brie\u0161u un sievie\u0161u pulkste\u0146u mode\u013ciem, kas atbilst j\u016bsu stilam.","robots":{"index":"index","follow":"follow","max-snippet":"max-snippet:-1","max-image-preview":"max-image-preview:large","max-video-preview":"max-video-preview:-1"},"canonical":"https:\/\/minubaltic.ee\/lv\/e-pood\/aksesuari\/komplekts-virietim-un-sievietei-ar-sirsninam\/","og_locale":"lv_LV","og_type":"article","og_title":"- Laba cena 4,4\u20ac","og_description":"\u012apa\u0161i atlas\u012bta kolekcija pulkste\u0146u entuziastiem. Izv\u0113lieties no jaun\u0101kajiem v\u012brie\u0161u un sievie\u0161u pulkste\u0146u mode\u013ciem, kas atbilst j\u016bsu stilam.","og_url":"https:\/\/minubaltic.ee\/lv\/e-pood\/aksesuari\/komplekts-virietim-un-sievietei-ar-sirsninam\/","article_publisher":"https:\/\/www.facebook.com\/minubaltic","og_image":[{"width":500,"height":500,"url":"https:\/\/minubaltic.ee\/wp-content\/uploads\/2024\/02\/h-11.jpg","type":"image\/jpeg"}],"twitter_card":"summary_large_image","schema":{"@context":"https:\/\/schema.org","@graph":[{"@type":"WebPage","@id":"https:\/\/minubaltic.ee\/lv\/e-pood\/aksesuari\/komplekts-virietim-un-sievietei-ar-sirsninam\/","url":"https:\/\/minubaltic.ee\/lv\/e-pood\/aksesuari\/komplekts-virietim-un-sievietei-ar-sirsninam\/","name":"- Laba cena 4,4\u20ac","isPartOf":{"@id":"https:\/\/minubaltic.ee\/lv\/#website"},"primaryImageOfPage":{"@id":"https:\/\/minubaltic.ee\/lv\/e-pood\/aksesuari\/komplekts-virietim-un-sievietei-ar-sirsninam\/#primaryimage"},"image":{"@id":"https:\/\/minubaltic.ee\/lv\/e-pood\/aksesuari\/komplekts-virietim-un-sievietei-ar-sirsninam\/#primaryimage"},"thumbnailUrl":"https:\/\/minubaltic.ee\/wp-content\/uploads\/2024\/02\/h-11.jpg","datePublished":"2024-02-10T15:18:38+00:00","description":"\u012apa\u0161i atlas\u012bta kolekcija pulkste\u0146u entuziastiem. Izv\u0113lieties no jaun\u0101kajiem v\u012brie\u0161u un sievie\u0161u pulkste\u0146u mode\u013ciem, kas atbilst j\u016bsu stilam.","breadcrumb":{"@id":"https:\/\/minubaltic.ee\/lv\/e-pood\/aksesuari\/komplekts-virietim-un-sievietei-ar-sirsninam\/#breadcrumb"},"inLanguage":"lv-LV","potentialAction":[{"@type":"ReadAction","target":["https:\/\/minubaltic.ee\/lv\/e-pood\/aksesuari\/komplekts-virietim-un-sievietei-ar-sirsninam\/"]}]},{"@type":"ImageObject","inLanguage":"lv-LV","@id":"https:\/\/minubaltic.ee\/lv\/e-pood\/aksesuari\/komplekts-virietim-un-sievietei-ar-sirsninam\/#primaryimage","url":"https:\/\/minubaltic.ee\/wp-content\/uploads\/2024\/02\/h-11.jpg","contentUrl":"https:\/\/minubaltic.ee\/wp-content\/uploads\/2024\/02\/h-11.jpg","width":500,"height":500},{"@type":"BreadcrumbList","@id":"https:\/\/minubaltic.ee\/lv\/e-pood\/aksesuari\/komplekts-virietim-un-sievietei-ar-sirsninam\/#breadcrumb","itemListElement":[{"@type":"ListItem","position":1,"name":"S\u0101kums","item":"https:\/\/minubaltic.ee\/lv\/"},{"@type":"ListItem","position":2,"name":"E-veikals","item":"https:\/\/minubaltic.ee\/lv\/e-veikals\/"},{"@type":"ListItem","position":3,"name":"Komplekts v\u012brietim un sievietei (ar sirsni\u0146\u0101m)"}]},{"@type":"WebSite","@id":"https:\/\/minubaltic.ee\/lv\/#website","url":"https:\/\/minubaltic.ee\/lv\/","name":"minubaltic.ee","description":"","publisher":{"@id":"https:\/\/minubaltic.ee\/lv\/#organization"},"potentialAction":[{"@type":"SearchAction","target":{"@type":"EntryPoint","urlTemplate":"https:\/\/minubaltic.ee\/lv\/?s={search_term_string}"},"query-input":{"@type":"PropertyValueSpecification","valueRequired":true,"valueName":"search_term_string"}}],"inLanguage":"lv-LV"},{"@type":"Organization","@id":"https:\/\/minubaltic.ee\/lv\/#organization","name":"Minu Baltic O\u00dc","url":"https:\/\/minubaltic.ee\/lv\/","logo":{"@type":"ImageObject","inLanguage":"lv-LV","@id":"https:\/\/minubaltic.ee\/lv\/#\/schema\/logo\/image\/","url":"https:\/\/minubaltic.ee\/wp-content\/uploads\/2023\/10\/cropped-cropped-cropped-logo.png","contentUrl":"https:\/\/minubaltic.ee\/wp-content\/uploads\/2023\/10\/cropped-cropped-cropped-logo.png","width":500,"height":237,"caption":"Minu Baltic O\u00dc"},"image":{"@id":"https:\/\/minubaltic.ee\/lv\/#\/schema\/logo\/image\/"},"sameAs":["https:\/\/www.facebook.com\/minubaltic"]}]}},"_links":{"self":[{"href":"https:\/\/minubaltic.ee\/lv\/wp-json\/wp\/v2\/product\/22159","targetHints":{"allow":["GET"]}}],"collection":[{"href":"https:\/\/minubaltic.ee\/lv\/wp-json\/wp\/v2\/product"}],"about":[{"href":"https:\/\/minubaltic.ee\/lv\/wp-json\/wp\/v2\/types\/product"}],"replies":[{"embeddable":true,"href":"https:\/\/minubaltic.ee\/lv\/wp-json\/wp\/v2\/comments?post=22159"}],"version-history":[{"count":0,"href":"https:\/\/minubaltic.ee\/lv\/wp-json\/wp\/v2\/product\/22159\/revisions"}],"wp:featuredmedia":[{"embeddable":true,"href":"https:\/\/minubaltic.ee\/lv\/wp-json\/wp\/v2\/media\/22160"}],"wp:attachment":[{"href":"https:\/\/minubaltic.ee\/lv\/wp-json\/wp\/v2\/media?parent=22159"}],"wp:term":[{"taxonomy":"product_brand","embeddable":true,"href":"https:\/\/minubaltic.ee\/lv\/wp-json\/wp\/v2\/product_brand?post=22159"},{"taxonomy":"product_cat","embeddable":true,"href":"https:\/\/minubaltic.ee\/lv\/wp-json\/wp\/v2\/product_cat?post=22159"},{"taxonomy":"product_tag","embeddable":true,"href":"https:\/\/minubaltic.ee\/lv\/wp-json\/wp\/v2\/product_tag?post=22159"}],"curies":[{"name":"wp","href":"https:\/\/api.w.org\/{rel}","templated":true}]}}