{"id":22152,"date":"2024-02-23T18:26:42","date_gmt":"2024-02-23T15:26:42","guid":{"rendered":"https:\/\/minubaltic.ee\/e-pood\/uncategorized\/polara-vilnas-sega-150x200\/"},"modified":"2024-02-23T18:26:42","modified_gmt":"2024-02-23T15:26:42","slug":"polara-vilnas-sega-150x200","status":"publish","type":"product","link":"https:\/\/minubaltic.ee\/lv\/e-pood\/polaras-segas\/polara-vilnas-sega-150x200\/","title":{"rendered":"Pol\u0101r\u0101 vilnas sega 150&#215;200"},"content":{"rendered":"<ul>\n<li><span class=\"product-attribute__label\"><span class=\"product-attribute__label\"><strong>Auduma sast\u0101vs <\/strong>: Pol\u0101rfl\u012bse<\/span><\/span><\/li>\n<li><strong>Da\u013cu skaits:<\/strong> 1<\/li>\n<li><strong>Svars: <\/strong>2 kg<\/li>\n<li><strong>Izm\u0113ri:<\/strong> 150\u00d7200 cm<\/li>\n<li><strong>Specifik\u0101cija<\/strong>: 1cm x 1-3cm<\/li>\n<li><strong>Sezona:<\/strong> Visas sezonas<\/li>\n<li><strong>Papildus inform\u0101cija:<\/strong> \u012bpa\u0161i m\u012bksts, \u0113rts, biezs, silts, elpojo\u0161s<\/li>\n<li>Produktu att\u0113li ir ilustrat\u012bvi<\/li>\n<\/ul>\n","protected":false},"excerpt":{"rendered":"<p>\u2605 Divpus\u0113j\u0101s segas ir ide\u0101li piem\u0113rotas ne tikai k\u0101 gultas p\u0101rkl\u0101js, bet ar\u012b atp\u016btai uz d\u012bv\u0101na vai kr\u0113sla.<br \/>\nTie ir lielisks veids, k\u0101 aukstos vakaros ieg\u016bt papildu siltumu un pie\u0161\u0137irt gu\u013camistabai m\u0101j\u012bgumu.<br \/>\n\u2605 Videi draudz\u012bgas segas ir izgatavotas no iztur\u012bgiem materi\u0101liem, ir notur\u012bgas un neveido traipus. P\u0113c atk\u0101rtotas lieto\u0161anas segas joproj\u0101m ir k\u0101 jaunas.<br \/>\n\u2605 M\u012bkstas un cuddly segas ir paredz\u0113tas cilv\u0113kiem, kuri nov\u0113rt\u0113 kvalit\u0101ti un v\u0113las baud\u012bt labu miegu. T\u0101s sild\u012bs un ne\u013caus ievilkties aukstumam.<br \/>\n\u2605 Super m\u012bkstas segas ir lieliska d\u0101vana j\u016bsu \u0123imenei un draugiem, lai baud\u012bt siltumu un komfortu v\u0113sos vakaros.<\/p>\n","protected":false},"featured_media":22140,"comment_status":"open","ping_status":"closed","template":"","meta":[],"product_brand":[],"product_cat":[441,451,452],"product_tag":[459,460,465,464,466],"class_list":{"0":"post-22152","1":"product","2":"type-product","3":"status-publish","4":"has-post-thumbnail","6":"product_cat-polaras-segas","7":"product_cat-segas","8":"product_cat-segas-150-200","9":"product_tag-e-komercija","10":"product_tag-e-veikals","11":"product_tag-sega","12":"product_tag-segas","13":"product_tag-tekstils","15":"first","16":"instock","17":"shipping-taxable","18":"purchasable","19":"product-type-simple"},"yoast_head":"<!-- This site is optimized with the Yoast SEO plugin v27.3 - https:\/\/yoast.com\/product\/yoast-seo-wordpress\/ -->\n<title>- viena kl\u0101ja, kl\u0101ja vienam<\/title>\n<meta name=\"description\" content=\"Sega, m\u012bksta, vilna, vienreiz\u0113ja, sega, sega vienam, saglab\u0101t siltumu, m\u0101jas tekstils, ziema, miegs, komforts, kokvilna, vilna, rakstaina, kr\u0101saina, ad\u012bta, roz\u0101 sega\" \/>\n<meta name=\"robots\" content=\"index, follow, max-snippet:-1, max-image-preview:large, max-video-preview:-1\" \/>\n<link rel=\"canonical\" href=\"https:\/\/minubaltic.ee\/lv\/e-pood\/polaras-segas\/polara-vilnas-sega-150x200\/\" \/>\n<meta property=\"og:locale\" content=\"lv_LV\" \/>\n<meta property=\"og:type\" content=\"article\" \/>\n<meta property=\"og:title\" content=\"- viena kl\u0101ja, kl\u0101ja vienam\" \/>\n<meta property=\"og:description\" content=\"Sega, m\u012bksta, vilna, vienreiz\u0113ja, sega, sega vienam, saglab\u0101t siltumu, m\u0101jas tekstils, ziema, miegs, komforts, kokvilna, vilna, rakstaina, kr\u0101saina, ad\u012bta, roz\u0101 sega\" \/>\n<meta property=\"og:url\" content=\"https:\/\/minubaltic.ee\/lv\/e-pood\/polaras-segas\/polara-vilnas-sega-150x200\/\" \/>\n<meta property=\"article:publisher\" content=\"https:\/\/www.facebook.com\/minubaltic\" \/>\n<meta property=\"og:image\" content=\"https:\/\/minubaltic.ee\/wp-content\/uploads\/2024\/02\/polartekk-24-1.png\" \/>\n\t<meta property=\"og:image:width\" content=\"640\" \/>\n\t<meta property=\"og:image:height\" content=\"640\" \/>\n\t<meta property=\"og:image:type\" content=\"image\/png\" \/>\n<meta name=\"twitter:card\" content=\"summary_large_image\" \/>\n<script type=\"application\/ld+json\" class=\"yoast-schema-graph\">{\"@context\":\"https:\\\/\\\/schema.org\",\"@graph\":[{\"@type\":\"WebPage\",\"@id\":\"https:\\\/\\\/minubaltic.ee\\\/lv\\\/e-pood\\\/polaras-segas\\\/polara-vilnas-sega-150x200\\\/\",\"url\":\"https:\\\/\\\/minubaltic.ee\\\/lv\\\/e-pood\\\/polaras-segas\\\/polara-vilnas-sega-150x200\\\/\",\"name\":\"- viena kl\u0101ja, kl\u0101ja vienam\",\"isPartOf\":{\"@id\":\"https:\\\/\\\/minubaltic.ee\\\/lv\\\/#website\"},\"primaryImageOfPage\":{\"@id\":\"https:\\\/\\\/minubaltic.ee\\\/lv\\\/e-pood\\\/polaras-segas\\\/polara-vilnas-sega-150x200\\\/#primaryimage\"},\"image\":{\"@id\":\"https:\\\/\\\/minubaltic.ee\\\/lv\\\/e-pood\\\/polaras-segas\\\/polara-vilnas-sega-150x200\\\/#primaryimage\"},\"thumbnailUrl\":\"https:\\\/\\\/minubaltic.ee\\\/wp-content\\\/uploads\\\/2024\\\/02\\\/polartekk-24-1.png\",\"datePublished\":\"2024-02-23T15:26:42+00:00\",\"description\":\"Sega, m\u012bksta, vilna, vienreiz\u0113ja, sega, sega vienam, saglab\u0101t siltumu, m\u0101jas tekstils, ziema, miegs, komforts, kokvilna, vilna, rakstaina, kr\u0101saina, ad\u012bta, roz\u0101 sega\",\"breadcrumb\":{\"@id\":\"https:\\\/\\\/minubaltic.ee\\\/lv\\\/e-pood\\\/polaras-segas\\\/polara-vilnas-sega-150x200\\\/#breadcrumb\"},\"inLanguage\":\"lv-LV\",\"potentialAction\":[{\"@type\":\"ReadAction\",\"target\":[\"https:\\\/\\\/minubaltic.ee\\\/lv\\\/e-pood\\\/polaras-segas\\\/polara-vilnas-sega-150x200\\\/\"]}]},{\"@type\":\"ImageObject\",\"inLanguage\":\"lv-LV\",\"@id\":\"https:\\\/\\\/minubaltic.ee\\\/lv\\\/e-pood\\\/polaras-segas\\\/polara-vilnas-sega-150x200\\\/#primaryimage\",\"url\":\"https:\\\/\\\/minubaltic.ee\\\/wp-content\\\/uploads\\\/2024\\\/02\\\/polartekk-24-1.png\",\"contentUrl\":\"https:\\\/\\\/minubaltic.ee\\\/wp-content\\\/uploads\\\/2024\\\/02\\\/polartekk-24-1.png\",\"width\":640,\"height\":640},{\"@type\":\"BreadcrumbList\",\"@id\":\"https:\\\/\\\/minubaltic.ee\\\/lv\\\/e-pood\\\/polaras-segas\\\/polara-vilnas-sega-150x200\\\/#breadcrumb\",\"itemListElement\":[{\"@type\":\"ListItem\",\"position\":1,\"name\":\"S\u0101kums\",\"item\":\"https:\\\/\\\/minubaltic.ee\\\/lv\\\/\"},{\"@type\":\"ListItem\",\"position\":2,\"name\":\"E-veikals\",\"item\":\"https:\\\/\\\/minubaltic.ee\\\/lv\\\/e-veikals\\\/\"},{\"@type\":\"ListItem\",\"position\":3,\"name\":\"Pol\u0101r\u0101 vilnas sega 150&#215;200\"}]},{\"@type\":\"WebSite\",\"@id\":\"https:\\\/\\\/minubaltic.ee\\\/lv\\\/#website\",\"url\":\"https:\\\/\\\/minubaltic.ee\\\/lv\\\/\",\"name\":\"minubaltic.ee\",\"description\":\"\",\"publisher\":{\"@id\":\"https:\\\/\\\/minubaltic.ee\\\/lv\\\/#organization\"},\"potentialAction\":[{\"@type\":\"SearchAction\",\"target\":{\"@type\":\"EntryPoint\",\"urlTemplate\":\"https:\\\/\\\/minubaltic.ee\\\/lv\\\/?s={search_term_string}\"},\"query-input\":{\"@type\":\"PropertyValueSpecification\",\"valueRequired\":true,\"valueName\":\"search_term_string\"}}],\"inLanguage\":\"lv-LV\"},{\"@type\":\"Organization\",\"@id\":\"https:\\\/\\\/minubaltic.ee\\\/lv\\\/#organization\",\"name\":\"Minu Baltic O\u00dc\",\"url\":\"https:\\\/\\\/minubaltic.ee\\\/lv\\\/\",\"logo\":{\"@type\":\"ImageObject\",\"inLanguage\":\"lv-LV\",\"@id\":\"https:\\\/\\\/minubaltic.ee\\\/lv\\\/#\\\/schema\\\/logo\\\/image\\\/\",\"url\":\"https:\\\/\\\/minubaltic.ee\\\/wp-content\\\/uploads\\\/2023\\\/10\\\/cropped-cropped-cropped-logo.png\",\"contentUrl\":\"https:\\\/\\\/minubaltic.ee\\\/wp-content\\\/uploads\\\/2023\\\/10\\\/cropped-cropped-cropped-logo.png\",\"width\":500,\"height\":237,\"caption\":\"Minu Baltic O\u00dc\"},\"image\":{\"@id\":\"https:\\\/\\\/minubaltic.ee\\\/lv\\\/#\\\/schema\\\/logo\\\/image\\\/\"},\"sameAs\":[\"https:\\\/\\\/www.facebook.com\\\/minubaltic\"]}]}<\/script>\n<!-- \/ Yoast SEO plugin. -->","yoast_head_json":{"title":"- viena kl\u0101ja, kl\u0101ja vienam","description":"Sega, m\u012bksta, vilna, vienreiz\u0113ja, sega, sega vienam, saglab\u0101t siltumu, m\u0101jas tekstils, ziema, miegs, komforts, kokvilna, vilna, rakstaina, kr\u0101saina, ad\u012bta, roz\u0101 sega","robots":{"index":"index","follow":"follow","max-snippet":"max-snippet:-1","max-image-preview":"max-image-preview:large","max-video-preview":"max-video-preview:-1"},"canonical":"https:\/\/minubaltic.ee\/lv\/e-pood\/polaras-segas\/polara-vilnas-sega-150x200\/","og_locale":"lv_LV","og_type":"article","og_title":"- viena kl\u0101ja, kl\u0101ja vienam","og_description":"Sega, m\u012bksta, vilna, vienreiz\u0113ja, sega, sega vienam, saglab\u0101t siltumu, m\u0101jas tekstils, ziema, miegs, komforts, kokvilna, vilna, rakstaina, kr\u0101saina, ad\u012bta, roz\u0101 sega","og_url":"https:\/\/minubaltic.ee\/lv\/e-pood\/polaras-segas\/polara-vilnas-sega-150x200\/","article_publisher":"https:\/\/www.facebook.com\/minubaltic","og_image":[{"width":640,"height":640,"url":"https:\/\/minubaltic.ee\/wp-content\/uploads\/2024\/02\/polartekk-24-1.png","type":"image\/png"}],"twitter_card":"summary_large_image","schema":{"@context":"https:\/\/schema.org","@graph":[{"@type":"WebPage","@id":"https:\/\/minubaltic.ee\/lv\/e-pood\/polaras-segas\/polara-vilnas-sega-150x200\/","url":"https:\/\/minubaltic.ee\/lv\/e-pood\/polaras-segas\/polara-vilnas-sega-150x200\/","name":"- viena kl\u0101ja, kl\u0101ja vienam","isPartOf":{"@id":"https:\/\/minubaltic.ee\/lv\/#website"},"primaryImageOfPage":{"@id":"https:\/\/minubaltic.ee\/lv\/e-pood\/polaras-segas\/polara-vilnas-sega-150x200\/#primaryimage"},"image":{"@id":"https:\/\/minubaltic.ee\/lv\/e-pood\/polaras-segas\/polara-vilnas-sega-150x200\/#primaryimage"},"thumbnailUrl":"https:\/\/minubaltic.ee\/wp-content\/uploads\/2024\/02\/polartekk-24-1.png","datePublished":"2024-02-23T15:26:42+00:00","description":"Sega, m\u012bksta, vilna, vienreiz\u0113ja, sega, sega vienam, saglab\u0101t siltumu, m\u0101jas tekstils, ziema, miegs, komforts, kokvilna, vilna, rakstaina, kr\u0101saina, ad\u012bta, roz\u0101 sega","breadcrumb":{"@id":"https:\/\/minubaltic.ee\/lv\/e-pood\/polaras-segas\/polara-vilnas-sega-150x200\/#breadcrumb"},"inLanguage":"lv-LV","potentialAction":[{"@type":"ReadAction","target":["https:\/\/minubaltic.ee\/lv\/e-pood\/polaras-segas\/polara-vilnas-sega-150x200\/"]}]},{"@type":"ImageObject","inLanguage":"lv-LV","@id":"https:\/\/minubaltic.ee\/lv\/e-pood\/polaras-segas\/polara-vilnas-sega-150x200\/#primaryimage","url":"https:\/\/minubaltic.ee\/wp-content\/uploads\/2024\/02\/polartekk-24-1.png","contentUrl":"https:\/\/minubaltic.ee\/wp-content\/uploads\/2024\/02\/polartekk-24-1.png","width":640,"height":640},{"@type":"BreadcrumbList","@id":"https:\/\/minubaltic.ee\/lv\/e-pood\/polaras-segas\/polara-vilnas-sega-150x200\/#breadcrumb","itemListElement":[{"@type":"ListItem","position":1,"name":"S\u0101kums","item":"https:\/\/minubaltic.ee\/lv\/"},{"@type":"ListItem","position":2,"name":"E-veikals","item":"https:\/\/minubaltic.ee\/lv\/e-veikals\/"},{"@type":"ListItem","position":3,"name":"Pol\u0101r\u0101 vilnas sega 150&#215;200"}]},{"@type":"WebSite","@id":"https:\/\/minubaltic.ee\/lv\/#website","url":"https:\/\/minubaltic.ee\/lv\/","name":"minubaltic.ee","description":"","publisher":{"@id":"https:\/\/minubaltic.ee\/lv\/#organization"},"potentialAction":[{"@type":"SearchAction","target":{"@type":"EntryPoint","urlTemplate":"https:\/\/minubaltic.ee\/lv\/?s={search_term_string}"},"query-input":{"@type":"PropertyValueSpecification","valueRequired":true,"valueName":"search_term_string"}}],"inLanguage":"lv-LV"},{"@type":"Organization","@id":"https:\/\/minubaltic.ee\/lv\/#organization","name":"Minu Baltic O\u00dc","url":"https:\/\/minubaltic.ee\/lv\/","logo":{"@type":"ImageObject","inLanguage":"lv-LV","@id":"https:\/\/minubaltic.ee\/lv\/#\/schema\/logo\/image\/","url":"https:\/\/minubaltic.ee\/wp-content\/uploads\/2023\/10\/cropped-cropped-cropped-logo.png","contentUrl":"https:\/\/minubaltic.ee\/wp-content\/uploads\/2023\/10\/cropped-cropped-cropped-logo.png","width":500,"height":237,"caption":"Minu Baltic O\u00dc"},"image":{"@id":"https:\/\/minubaltic.ee\/lv\/#\/schema\/logo\/image\/"},"sameAs":["https:\/\/www.facebook.com\/minubaltic"]}]}},"_links":{"self":[{"href":"https:\/\/minubaltic.ee\/lv\/wp-json\/wp\/v2\/product\/22152","targetHints":{"allow":["GET"]}}],"collection":[{"href":"https:\/\/minubaltic.ee\/lv\/wp-json\/wp\/v2\/product"}],"about":[{"href":"https:\/\/minubaltic.ee\/lv\/wp-json\/wp\/v2\/types\/product"}],"replies":[{"embeddable":true,"href":"https:\/\/minubaltic.ee\/lv\/wp-json\/wp\/v2\/comments?post=22152"}],"version-history":[{"count":0,"href":"https:\/\/minubaltic.ee\/lv\/wp-json\/wp\/v2\/product\/22152\/revisions"}],"wp:featuredmedia":[{"embeddable":true,"href":"https:\/\/minubaltic.ee\/lv\/wp-json\/wp\/v2\/media\/22140"}],"wp:attachment":[{"href":"https:\/\/minubaltic.ee\/lv\/wp-json\/wp\/v2\/media?parent=22152"}],"wp:term":[{"taxonomy":"product_brand","embeddable":true,"href":"https:\/\/minubaltic.ee\/lv\/wp-json\/wp\/v2\/product_brand?post=22152"},{"taxonomy":"product_cat","embeddable":true,"href":"https:\/\/minubaltic.ee\/lv\/wp-json\/wp\/v2\/product_cat?post=22152"},{"taxonomy":"product_tag","embeddable":true,"href":"https:\/\/minubaltic.ee\/lv\/wp-json\/wp\/v2\/product_tag?post=22152"}],"curies":[{"name":"wp","href":"https:\/\/api.w.org\/{rel}","templated":true}]}}