{"id":22135,"date":"2024-02-23T20:04:08","date_gmt":"2024-02-23T17:04:08","guid":{"rendered":"https:\/\/minubaltic.ee\/e-pood\/uncategorized\/divslanu-sega-200x230-2\/"},"modified":"2024-06-08T13:56:37","modified_gmt":"2024-06-08T10:56:37","slug":"divslanu-sega-200x230-2","status":"publish","type":"product","link":"https:\/\/minubaltic.ee\/lv\/e-pood\/rasela-segas\/rasela-segas-200-230\/divslanu-sega-200x230-2\/","title":{"rendered":"Divsl\u0101\u0146u sega 200&#215;230"},"content":{"rendered":"<p>\u2605 M\u012bkstas un augstas kvalit\u0101tes segas ir t\u0101s, kas nodro\u0161ina maksim\u0101lu komfortu un siltumu. \u0160o segu viena puse ir no \u012bpa\u0161a rakstaina auduma vai kr\u0101sas, bet otra puse &#8211; no cita rakstaina auduma vai kr\u0101sas.<br \/>\n\u2605 T\u012bkl\u012b\u0161i ir izgatavoti no augstas kvalit\u0101tes materi\u0101la, kas ir gan m\u012bksts, gan iztur\u012bgs. \u0160\u012bs segas nodro\u0161ina lab\u0101ku izol\u0101ciju un saglab\u0101 siltumu pat aukst\u0101kaj\u0101s nakt\u012bs. Turkl\u0101t tiem ir ar\u012b skaists un elegants dizains, kas pie\u0161\u0137ir telpai grezn\u012bbu un m\u0101j\u012bgumu.<br \/>\n\u2605 M\u012bkstas divpus\u0113jas segas ir ide\u0101li piem\u0113rotas atp\u016btai uz d\u012bv\u0101na vai gult\u0101 un noteikti veicina labu miegu. \u0160o kl\u0101ju izmanto\u0161ana \u013cauj \u0101tri un viegli p\u0101rveidot telpu atkar\u012bb\u0101 no v\u0113lam\u0101 stila vai kr\u0101sas.<\/p>\n","protected":false},"excerpt":{"rendered":"<p>\u2605 M\u012bksts un \u0101dai draudz\u012bgs.<br \/>\n\u2605 Mazg\u0101jams ma\u0161\u012bn\u0101 \/ mazg\u0101jams ar rok\u0101m \/ nebalin\u0101t \/ negludin\u0101t \/ \u0137\u012bmiski net\u012br\u012bt.<br \/>\n\u2605 Izm\u0113ri: 200&#215;230 cm<br \/>\n\u2605 Svars: 3,5 kg<\/p>\n","protected":false},"featured_media":22136,"comment_status":"open","ping_status":"closed","template":"","meta":[],"product_brand":[],"product_cat":[442,742,451,453],"product_tag":[459,460,461,465,464,466],"class_list":{"0":"post-22135","1":"product","2":"type-product","3":"status-publish","4":"has-post-thumbnail","6":"product_cat-rasela-segas","7":"product_cat-rasela-segas-200-230","8":"product_cat-segas","9":"product_cat-segas-200-230","10":"product_tag-e-komercija","11":"product_tag-e-veikals","12":"product_tag-majas-tekstils","13":"product_tag-sega","14":"product_tag-segas","15":"product_tag-tekstils","17":"first","18":"instock","19":"sale","20":"shipping-taxable","21":"purchasable","22":"product-type-simple"},"yoast_head":"<!-- This site is optimized with the Yoast SEO plugin v27.4 - https:\/\/yoast.com\/product\/yoast-seo-wordpress\/ -->\n<title>Divsl\u0101\u0146u sega 200x230 - , Segas, Segas p\u0101rdo\u0161anai, Silt\u0101s segas, Segu tirdzniec\u012bba, Segu tirdzniec\u012bba<\/title>\n<meta name=\"description\" content=\"Da\u017e\u0101du izm\u0113ru segas, Atkl\u0101tes, Atkl\u0101tes visiem gadalaikiem, Atkl\u0101tes, Atkl\u0101tes visiem gadalaikiem, Atkl\u0101tes, Atkl\u0101tes pirk\u0161ana, Atkl\u0101tes, Ekskluz\u012bvas segas, Silt\u0101s segas, Silt\u0101s segas, Stil\u012bgs m\u0101joklis, Gu\u013camistabas iek\u0101rtojums, Segas, Segas, Segas visiem gadalaikiem\" \/>\n<meta name=\"robots\" content=\"index, follow, max-snippet:-1, max-image-preview:large, max-video-preview:-1\" \/>\n<link rel=\"canonical\" href=\"https:\/\/minubaltic.ee\/lv\/e-pood\/rasela-segas\/rasela-segas-200-230\/divslanu-sega-200x230-2\/\" \/>\n<meta property=\"og:locale\" content=\"lv_LV\" \/>\n<meta property=\"og:type\" content=\"article\" \/>\n<meta property=\"og:title\" content=\"Divsl\u0101\u0146u sega 200x230 - , Segas, Segas p\u0101rdo\u0161anai, Silt\u0101s segas, Segu tirdzniec\u012bba, Segu tirdzniec\u012bba\" \/>\n<meta property=\"og:description\" content=\"Da\u017e\u0101du izm\u0113ru segas, Atkl\u0101tes, Atkl\u0101tes visiem gadalaikiem, Atkl\u0101tes, Atkl\u0101tes visiem gadalaikiem, Atkl\u0101tes, Atkl\u0101tes pirk\u0161ana, Atkl\u0101tes, Ekskluz\u012bvas segas, Silt\u0101s segas, Silt\u0101s segas, Stil\u012bgs m\u0101joklis, Gu\u013camistabas iek\u0101rtojums, Segas, Segas, Segas visiem gadalaikiem\" \/>\n<meta property=\"og:url\" content=\"https:\/\/minubaltic.ee\/lv\/e-pood\/rasela-segas\/rasela-segas-200-230\/divslanu-sega-200x230-2\/\" \/>\n<meta property=\"article:publisher\" content=\"https:\/\/www.facebook.com\/minubaltic\" \/>\n<meta property=\"article:modified_time\" content=\"2024-06-08T10:56:37+00:00\" \/>\n<meta property=\"og:image\" content=\"https:\/\/minubaltic.ee\/wp-content\/uploads\/2024\/02\/raschel24-6.jpg\" \/>\n\t<meta property=\"og:image:width\" content=\"640\" \/>\n\t<meta property=\"og:image:height\" content=\"640\" \/>\n\t<meta property=\"og:image:type\" content=\"image\/jpeg\" \/>\n<meta name=\"twitter:card\" content=\"summary_large_image\" \/>\n<meta name=\"twitter:label1\" content=\"Est. reading time\" \/>\n\t<meta name=\"twitter:data1\" content=\"1 minute\" \/>\n<script type=\"application\/ld+json\" class=\"yoast-schema-graph\">{\"@context\":\"https:\\\/\\\/schema.org\",\"@graph\":[{\"@type\":\"WebPage\",\"@id\":\"https:\\\/\\\/minubaltic.ee\\\/lv\\\/e-pood\\\/rasela-segas\\\/rasela-segas-200-230\\\/divslanu-sega-200x230-2\\\/\",\"url\":\"https:\\\/\\\/minubaltic.ee\\\/lv\\\/e-pood\\\/rasela-segas\\\/rasela-segas-200-230\\\/divslanu-sega-200x230-2\\\/\",\"name\":\"Divsl\u0101\u0146u sega 200x230 - , Segas, Segas p\u0101rdo\u0161anai, Silt\u0101s segas, Segu tirdzniec\u012bba, Segu tirdzniec\u012bba\",\"isPartOf\":{\"@id\":\"https:\\\/\\\/minubaltic.ee\\\/lv\\\/#website\"},\"primaryImageOfPage\":{\"@id\":\"https:\\\/\\\/minubaltic.ee\\\/lv\\\/e-pood\\\/rasela-segas\\\/rasela-segas-200-230\\\/divslanu-sega-200x230-2\\\/#primaryimage\"},\"image\":{\"@id\":\"https:\\\/\\\/minubaltic.ee\\\/lv\\\/e-pood\\\/rasela-segas\\\/rasela-segas-200-230\\\/divslanu-sega-200x230-2\\\/#primaryimage\"},\"thumbnailUrl\":\"https:\\\/\\\/minubaltic.ee\\\/wp-content\\\/uploads\\\/2024\\\/02\\\/raschel24-6.jpg\",\"datePublished\":\"2024-02-23T17:04:08+00:00\",\"dateModified\":\"2024-06-08T10:56:37+00:00\",\"description\":\"Da\u017e\u0101du izm\u0113ru segas, Atkl\u0101tes, Atkl\u0101tes visiem gadalaikiem, Atkl\u0101tes, Atkl\u0101tes visiem gadalaikiem, Atkl\u0101tes, Atkl\u0101tes pirk\u0161ana, Atkl\u0101tes, Ekskluz\u012bvas segas, Silt\u0101s segas, Silt\u0101s segas, Stil\u012bgs m\u0101joklis, Gu\u013camistabas iek\u0101rtojums, Segas, Segas, Segas visiem gadalaikiem\",\"breadcrumb\":{\"@id\":\"https:\\\/\\\/minubaltic.ee\\\/lv\\\/e-pood\\\/rasela-segas\\\/rasela-segas-200-230\\\/divslanu-sega-200x230-2\\\/#breadcrumb\"},\"inLanguage\":\"lv-LV\",\"potentialAction\":[{\"@type\":\"ReadAction\",\"target\":[\"https:\\\/\\\/minubaltic.ee\\\/lv\\\/e-pood\\\/rasela-segas\\\/rasela-segas-200-230\\\/divslanu-sega-200x230-2\\\/\"]}]},{\"@type\":\"ImageObject\",\"inLanguage\":\"lv-LV\",\"@id\":\"https:\\\/\\\/minubaltic.ee\\\/lv\\\/e-pood\\\/rasela-segas\\\/rasela-segas-200-230\\\/divslanu-sega-200x230-2\\\/#primaryimage\",\"url\":\"https:\\\/\\\/minubaltic.ee\\\/wp-content\\\/uploads\\\/2024\\\/02\\\/raschel24-6.jpg\",\"contentUrl\":\"https:\\\/\\\/minubaltic.ee\\\/wp-content\\\/uploads\\\/2024\\\/02\\\/raschel24-6.jpg\",\"width\":640,\"height\":640},{\"@type\":\"BreadcrumbList\",\"@id\":\"https:\\\/\\\/minubaltic.ee\\\/lv\\\/e-pood\\\/rasela-segas\\\/rasela-segas-200-230\\\/divslanu-sega-200x230-2\\\/#breadcrumb\",\"itemListElement\":[{\"@type\":\"ListItem\",\"position\":1,\"name\":\"S\u0101kums\",\"item\":\"https:\\\/\\\/minubaltic.ee\\\/lv\\\/\"},{\"@type\":\"ListItem\",\"position\":2,\"name\":\"E-veikals\",\"item\":\"https:\\\/\\\/minubaltic.ee\\\/lv\\\/e-veikals\\\/\"},{\"@type\":\"ListItem\",\"position\":3,\"name\":\"Divsl\u0101\u0146u sega 200&#215;230\"}]},{\"@type\":\"WebSite\",\"@id\":\"https:\\\/\\\/minubaltic.ee\\\/lv\\\/#website\",\"url\":\"https:\\\/\\\/minubaltic.ee\\\/lv\\\/\",\"name\":\"minubaltic.ee\",\"description\":\"\",\"publisher\":{\"@id\":\"https:\\\/\\\/minubaltic.ee\\\/lv\\\/#organization\"},\"potentialAction\":[{\"@type\":\"SearchAction\",\"target\":{\"@type\":\"EntryPoint\",\"urlTemplate\":\"https:\\\/\\\/minubaltic.ee\\\/lv\\\/?s={search_term_string}\"},\"query-input\":{\"@type\":\"PropertyValueSpecification\",\"valueRequired\":true,\"valueName\":\"search_term_string\"}}],\"inLanguage\":\"lv-LV\"},{\"@type\":\"Organization\",\"@id\":\"https:\\\/\\\/minubaltic.ee\\\/lv\\\/#organization\",\"name\":\"Minu Baltic O\u00dc\",\"url\":\"https:\\\/\\\/minubaltic.ee\\\/lv\\\/\",\"logo\":{\"@type\":\"ImageObject\",\"inLanguage\":\"lv-LV\",\"@id\":\"https:\\\/\\\/minubaltic.ee\\\/lv\\\/#\\\/schema\\\/logo\\\/image\\\/\",\"url\":\"https:\\\/\\\/minubaltic.ee\\\/wp-content\\\/uploads\\\/2023\\\/10\\\/cropped-cropped-cropped-logo.png\",\"contentUrl\":\"https:\\\/\\\/minubaltic.ee\\\/wp-content\\\/uploads\\\/2023\\\/10\\\/cropped-cropped-cropped-logo.png\",\"width\":500,\"height\":237,\"caption\":\"Minu Baltic O\u00dc\"},\"image\":{\"@id\":\"https:\\\/\\\/minubaltic.ee\\\/lv\\\/#\\\/schema\\\/logo\\\/image\\\/\"},\"sameAs\":[\"https:\\\/\\\/www.facebook.com\\\/minubaltic\"]}]}<\/script>\n<!-- \/ Yoast SEO plugin. -->","yoast_head_json":{"title":"Divsl\u0101\u0146u sega 200x230 - , Segas, Segas p\u0101rdo\u0161anai, Silt\u0101s segas, Segu tirdzniec\u012bba, Segu tirdzniec\u012bba","description":"Da\u017e\u0101du izm\u0113ru segas, Atkl\u0101tes, Atkl\u0101tes visiem gadalaikiem, Atkl\u0101tes, Atkl\u0101tes visiem gadalaikiem, Atkl\u0101tes, Atkl\u0101tes pirk\u0161ana, Atkl\u0101tes, Ekskluz\u012bvas segas, Silt\u0101s segas, Silt\u0101s segas, Stil\u012bgs m\u0101joklis, Gu\u013camistabas iek\u0101rtojums, Segas, Segas, Segas visiem gadalaikiem","robots":{"index":"index","follow":"follow","max-snippet":"max-snippet:-1","max-image-preview":"max-image-preview:large","max-video-preview":"max-video-preview:-1"},"canonical":"https:\/\/minubaltic.ee\/lv\/e-pood\/rasela-segas\/rasela-segas-200-230\/divslanu-sega-200x230-2\/","og_locale":"lv_LV","og_type":"article","og_title":"Divsl\u0101\u0146u sega 200x230 - , Segas, Segas p\u0101rdo\u0161anai, Silt\u0101s segas, Segu tirdzniec\u012bba, Segu tirdzniec\u012bba","og_description":"Da\u017e\u0101du izm\u0113ru segas, Atkl\u0101tes, Atkl\u0101tes visiem gadalaikiem, Atkl\u0101tes, Atkl\u0101tes visiem gadalaikiem, Atkl\u0101tes, Atkl\u0101tes pirk\u0161ana, Atkl\u0101tes, Ekskluz\u012bvas segas, Silt\u0101s segas, Silt\u0101s segas, Stil\u012bgs m\u0101joklis, Gu\u013camistabas iek\u0101rtojums, Segas, Segas, Segas visiem gadalaikiem","og_url":"https:\/\/minubaltic.ee\/lv\/e-pood\/rasela-segas\/rasela-segas-200-230\/divslanu-sega-200x230-2\/","article_publisher":"https:\/\/www.facebook.com\/minubaltic","article_modified_time":"2024-06-08T10:56:37+00:00","og_image":[{"width":640,"height":640,"url":"https:\/\/minubaltic.ee\/wp-content\/uploads\/2024\/02\/raschel24-6.jpg","type":"image\/jpeg"}],"twitter_card":"summary_large_image","twitter_misc":{"Est. reading time":"1 minute"},"schema":{"@context":"https:\/\/schema.org","@graph":[{"@type":"WebPage","@id":"https:\/\/minubaltic.ee\/lv\/e-pood\/rasela-segas\/rasela-segas-200-230\/divslanu-sega-200x230-2\/","url":"https:\/\/minubaltic.ee\/lv\/e-pood\/rasela-segas\/rasela-segas-200-230\/divslanu-sega-200x230-2\/","name":"Divsl\u0101\u0146u sega 200x230 - , Segas, Segas p\u0101rdo\u0161anai, Silt\u0101s segas, Segu tirdzniec\u012bba, Segu tirdzniec\u012bba","isPartOf":{"@id":"https:\/\/minubaltic.ee\/lv\/#website"},"primaryImageOfPage":{"@id":"https:\/\/minubaltic.ee\/lv\/e-pood\/rasela-segas\/rasela-segas-200-230\/divslanu-sega-200x230-2\/#primaryimage"},"image":{"@id":"https:\/\/minubaltic.ee\/lv\/e-pood\/rasela-segas\/rasela-segas-200-230\/divslanu-sega-200x230-2\/#primaryimage"},"thumbnailUrl":"https:\/\/minubaltic.ee\/wp-content\/uploads\/2024\/02\/raschel24-6.jpg","datePublished":"2024-02-23T17:04:08+00:00","dateModified":"2024-06-08T10:56:37+00:00","description":"Da\u017e\u0101du izm\u0113ru segas, Atkl\u0101tes, Atkl\u0101tes visiem gadalaikiem, Atkl\u0101tes, Atkl\u0101tes visiem gadalaikiem, Atkl\u0101tes, Atkl\u0101tes pirk\u0161ana, Atkl\u0101tes, Ekskluz\u012bvas segas, Silt\u0101s segas, Silt\u0101s segas, Stil\u012bgs m\u0101joklis, Gu\u013camistabas iek\u0101rtojums, Segas, Segas, Segas visiem gadalaikiem","breadcrumb":{"@id":"https:\/\/minubaltic.ee\/lv\/e-pood\/rasela-segas\/rasela-segas-200-230\/divslanu-sega-200x230-2\/#breadcrumb"},"inLanguage":"lv-LV","potentialAction":[{"@type":"ReadAction","target":["https:\/\/minubaltic.ee\/lv\/e-pood\/rasela-segas\/rasela-segas-200-230\/divslanu-sega-200x230-2\/"]}]},{"@type":"ImageObject","inLanguage":"lv-LV","@id":"https:\/\/minubaltic.ee\/lv\/e-pood\/rasela-segas\/rasela-segas-200-230\/divslanu-sega-200x230-2\/#primaryimage","url":"https:\/\/minubaltic.ee\/wp-content\/uploads\/2024\/02\/raschel24-6.jpg","contentUrl":"https:\/\/minubaltic.ee\/wp-content\/uploads\/2024\/02\/raschel24-6.jpg","width":640,"height":640},{"@type":"BreadcrumbList","@id":"https:\/\/minubaltic.ee\/lv\/e-pood\/rasela-segas\/rasela-segas-200-230\/divslanu-sega-200x230-2\/#breadcrumb","itemListElement":[{"@type":"ListItem","position":1,"name":"S\u0101kums","item":"https:\/\/minubaltic.ee\/lv\/"},{"@type":"ListItem","position":2,"name":"E-veikals","item":"https:\/\/minubaltic.ee\/lv\/e-veikals\/"},{"@type":"ListItem","position":3,"name":"Divsl\u0101\u0146u sega 200&#215;230"}]},{"@type":"WebSite","@id":"https:\/\/minubaltic.ee\/lv\/#website","url":"https:\/\/minubaltic.ee\/lv\/","name":"minubaltic.ee","description":"","publisher":{"@id":"https:\/\/minubaltic.ee\/lv\/#organization"},"potentialAction":[{"@type":"SearchAction","target":{"@type":"EntryPoint","urlTemplate":"https:\/\/minubaltic.ee\/lv\/?s={search_term_string}"},"query-input":{"@type":"PropertyValueSpecification","valueRequired":true,"valueName":"search_term_string"}}],"inLanguage":"lv-LV"},{"@type":"Organization","@id":"https:\/\/minubaltic.ee\/lv\/#organization","name":"Minu Baltic O\u00dc","url":"https:\/\/minubaltic.ee\/lv\/","logo":{"@type":"ImageObject","inLanguage":"lv-LV","@id":"https:\/\/minubaltic.ee\/lv\/#\/schema\/logo\/image\/","url":"https:\/\/minubaltic.ee\/wp-content\/uploads\/2023\/10\/cropped-cropped-cropped-logo.png","contentUrl":"https:\/\/minubaltic.ee\/wp-content\/uploads\/2023\/10\/cropped-cropped-cropped-logo.png","width":500,"height":237,"caption":"Minu Baltic O\u00dc"},"image":{"@id":"https:\/\/minubaltic.ee\/lv\/#\/schema\/logo\/image\/"},"sameAs":["https:\/\/www.facebook.com\/minubaltic"]}]}},"_links":{"self":[{"href":"https:\/\/minubaltic.ee\/lv\/wp-json\/wp\/v2\/product\/22135","targetHints":{"allow":["GET"]}}],"collection":[{"href":"https:\/\/minubaltic.ee\/lv\/wp-json\/wp\/v2\/product"}],"about":[{"href":"https:\/\/minubaltic.ee\/lv\/wp-json\/wp\/v2\/types\/product"}],"replies":[{"embeddable":true,"href":"https:\/\/minubaltic.ee\/lv\/wp-json\/wp\/v2\/comments?post=22135"}],"version-history":[{"count":0,"href":"https:\/\/minubaltic.ee\/lv\/wp-json\/wp\/v2\/product\/22135\/revisions"}],"wp:featuredmedia":[{"embeddable":true,"href":"https:\/\/minubaltic.ee\/lv\/wp-json\/wp\/v2\/media\/22136"}],"wp:attachment":[{"href":"https:\/\/minubaltic.ee\/lv\/wp-json\/wp\/v2\/media?parent=22135"}],"wp:term":[{"taxonomy":"product_brand","embeddable":true,"href":"https:\/\/minubaltic.ee\/lv\/wp-json\/wp\/v2\/product_brand?post=22135"},{"taxonomy":"product_cat","embeddable":true,"href":"https:\/\/minubaltic.ee\/lv\/wp-json\/wp\/v2\/product_cat?post=22135"},{"taxonomy":"product_tag","embeddable":true,"href":"https:\/\/minubaltic.ee\/lv\/wp-json\/wp\/v2\/product_tag?post=22135"}],"curies":[{"name":"wp","href":"https:\/\/api.w.org\/{rel}","templated":true}]}}