{"id":22095,"date":"2024-03-06T19:28:37","date_gmt":"2024-03-06T16:28:37","guid":{"rendered":"https:\/\/minubaltic.ee\/e-pood\/uncategorized\/vannas-dvielis-70x140\/"},"modified":"2024-08-09T15:01:16","modified_gmt":"2024-08-09T12:01:16","slug":"vannas-dvielis-70x140","status":"publish","type":"product","link":"https:\/\/minubaltic.ee\/lv\/e-pood\/dvieli\/vannas-dvielis-70x140\/","title":{"rendered":"Vannas dvielis 70&#215;140"},"content":{"rendered":"<p>M\u0113s pied\u0101v\u0101jam augstas kvalit\u0101tes pirts dvie\u013cus no kokvilnas. \u0160ie dvie\u013ci ir ra\u017eoti Jap\u0101n\u0101, kas ir slavena ar savu augstas kvalit\u0101tes tekstilr\u016bpniec\u012bbu. Kokvilnas materi\u0101ls nodro\u0161ina pat\u012bkamu un m\u012bkstu piesk\u0101rienu un lielisku uzs\u016bktsp\u0113ju. T\u0101 k\u0101 \u0161ie dvie\u013ci ir jap\u0101\u0146u ra\u017eojums, varat b\u016bt dro\u0161i, ka tie ir r\u016bp\u012bgi izgatavoti un atbilst augstiem standartiem. \u0160ie dvie\u013ci ir ne tikai kvalitat\u012bvi, bet ar\u012b stil\u012bgi un eleganti, kas lieliski ieder\u0113sies jebkur\u0101 m\u0101jokl\u012b.<\/p>\n","protected":false},"excerpt":{"rendered":"<ul>\n<li><span class=\"product-attribute__label\">Auduma sast\u0101vs:<\/span><span class=\"product-attribute__value\" data-attribute-code=\"fabric_composition\"> 100% kokvilna<\/span><\/li>\n<li>Ra\u017eot\u0101jvalsts: Jap\u0101na <img loading=\"lazy\" decoding=\"async\" class=\" wd-lazy-fade wp-image-17659 alignnone\" src=\"https:\/\/minubaltic.ee\/wp-content\/themes\/woodmart\/images\/lazy.svg\" data-src=\"https:\/\/minubaltic.ee\/wp-content\/uploads\/2024\/03\/Japanese-Flag-1.jpg\" alt=\"\" width=\"22\" height=\"14\" srcset=\"\" data-srcset=\"https:\/\/minubaltic.ee\/wp-content\/uploads\/2024\/03\/Japanese-Flag-1.jpg 333w, https:\/\/minubaltic.ee\/wp-content\/uploads\/2024\/03\/Japanese-Flag-1-150x96.jpg 150w\" sizes=\"auto, (max-width: 22px) 100vw, 22px\" \/><\/li>\n<li>Da\u013cu skaits: 1<\/li>\n<li>Izm\u0113ri: 70&#215;140 cm<\/li>\n<li>Kr\u0101sa: Gai\u0161i roz\u0101<\/li>\n<li>Svars: 400 g\/m2<\/li>\n<\/ul>\n","protected":false},"featured_media":22096,"comment_status":"open","ping_status":"closed","template":"","meta":[],"product_brand":[],"product_cat":[443,448,732],"product_tag":[463,459,460,461,466],"class_list":{"0":"post-22095","1":"product","2":"type-product","3":"status-publish","4":"has-post-thumbnail","6":"product_cat-dvieli","7":"product_cat-vannas-dvieli","8":"product_cat-vannas-dvieli-70-140","9":"product_tag-dvieli","10":"product_tag-e-komercija","11":"product_tag-e-veikals","12":"product_tag-majas-tekstils","13":"product_tag-tekstils","15":"first","16":"outofstock","17":"sale","18":"shipping-taxable","19":"purchasable","20":"product-type-simple"},"yoast_head":"<!-- This site is optimized with the Yoast SEO plugin v27.3 - https:\/\/yoast.com\/product\/yoast-seo-wordpress\/ -->\n<title>Vannas dvielis 70x140 - Kokvilnas pirts dvie\u013ci un dvie\u013ci l\u012bdz 60% off<\/title>\n<meta name=\"description\" content=\"70x140 cm kokvilnas dvielis ir ide\u0101ls izm\u0113rs. Izv\u0113lieties sev t\u012bkam\u0101ko kr\u0101su un izbaudiet maigumu Ienesiet mazliet grezn\u012bbas sav\u0101 ikdien\u0101 ar m\u016bsu kokvilnas dvie\u013ciem.\" \/>\n<meta name=\"robots\" content=\"index, follow, max-snippet:-1, max-image-preview:large, max-video-preview:-1\" \/>\n<link rel=\"canonical\" href=\"https:\/\/minubaltic.ee\/lv\/e-pood\/dvieli\/vannas-dvielis-70x140\/\" \/>\n<meta property=\"og:locale\" content=\"lv_LV\" \/>\n<meta property=\"og:type\" content=\"article\" \/>\n<meta property=\"og:title\" content=\"Vannas dvielis 70x140 - Kokvilnas pirts dvie\u013ci un dvie\u013ci l\u012bdz 60% off\" \/>\n<meta property=\"og:description\" content=\"70x140 cm kokvilnas dvielis ir ide\u0101ls izm\u0113rs. Izv\u0113lieties sev t\u012bkam\u0101ko kr\u0101su un izbaudiet maigumu Ienesiet mazliet grezn\u012bbas sav\u0101 ikdien\u0101 ar m\u016bsu kokvilnas dvie\u013ciem.\" \/>\n<meta property=\"og:url\" content=\"https:\/\/minubaltic.ee\/lv\/e-pood\/dvieli\/vannas-dvielis-70x140\/\" \/>\n<meta property=\"article:publisher\" content=\"https:\/\/www.facebook.com\/minubaltic\" \/>\n<meta property=\"article:modified_time\" content=\"2024-08-09T12:01:16+00:00\" \/>\n<meta property=\"og:image\" content=\"https:\/\/minubaltic.ee\/wp-content\/uploads\/2024\/03\/mnrd24-6.jpeg\" \/>\n\t<meta property=\"og:image:width\" content=\"800\" \/>\n\t<meta property=\"og:image:height\" content=\"800\" \/>\n\t<meta property=\"og:image:type\" content=\"image\/jpeg\" \/>\n<meta name=\"twitter:card\" content=\"summary_large_image\" \/>\n<script type=\"application\/ld+json\" class=\"yoast-schema-graph\">{\"@context\":\"https:\\\/\\\/schema.org\",\"@graph\":[{\"@type\":\"WebPage\",\"@id\":\"https:\\\/\\\/minubaltic.ee\\\/lv\\\/e-pood\\\/dvieli\\\/vannas-dvielis-70x140\\\/\",\"url\":\"https:\\\/\\\/minubaltic.ee\\\/lv\\\/e-pood\\\/dvieli\\\/vannas-dvielis-70x140\\\/\",\"name\":\"Vannas dvielis 70x140 - Kokvilnas pirts dvie\u013ci un dvie\u013ci l\u012bdz 60% off\",\"isPartOf\":{\"@id\":\"https:\\\/\\\/minubaltic.ee\\\/lv\\\/#website\"},\"primaryImageOfPage\":{\"@id\":\"https:\\\/\\\/minubaltic.ee\\\/lv\\\/e-pood\\\/dvieli\\\/vannas-dvielis-70x140\\\/#primaryimage\"},\"image\":{\"@id\":\"https:\\\/\\\/minubaltic.ee\\\/lv\\\/e-pood\\\/dvieli\\\/vannas-dvielis-70x140\\\/#primaryimage\"},\"thumbnailUrl\":\"https:\\\/\\\/minubaltic.ee\\\/wp-content\\\/uploads\\\/2024\\\/03\\\/mnrd24-6.jpeg\",\"datePublished\":\"2024-03-06T16:28:37+00:00\",\"dateModified\":\"2024-08-09T12:01:16+00:00\",\"description\":\"70x140 cm kokvilnas dvielis ir ide\u0101ls izm\u0113rs. Izv\u0113lieties sev t\u012bkam\u0101ko kr\u0101su un izbaudiet maigumu Ienesiet mazliet grezn\u012bbas sav\u0101 ikdien\u0101 ar m\u016bsu kokvilnas dvie\u013ciem.\",\"breadcrumb\":{\"@id\":\"https:\\\/\\\/minubaltic.ee\\\/lv\\\/e-pood\\\/dvieli\\\/vannas-dvielis-70x140\\\/#breadcrumb\"},\"inLanguage\":\"lv-LV\",\"potentialAction\":[{\"@type\":\"ReadAction\",\"target\":[\"https:\\\/\\\/minubaltic.ee\\\/lv\\\/e-pood\\\/dvieli\\\/vannas-dvielis-70x140\\\/\"]}]},{\"@type\":\"ImageObject\",\"inLanguage\":\"lv-LV\",\"@id\":\"https:\\\/\\\/minubaltic.ee\\\/lv\\\/e-pood\\\/dvieli\\\/vannas-dvielis-70x140\\\/#primaryimage\",\"url\":\"https:\\\/\\\/minubaltic.ee\\\/wp-content\\\/uploads\\\/2024\\\/03\\\/mnrd24-6.jpeg\",\"contentUrl\":\"https:\\\/\\\/minubaltic.ee\\\/wp-content\\\/uploads\\\/2024\\\/03\\\/mnrd24-6.jpeg\",\"width\":800,\"height\":800},{\"@type\":\"BreadcrumbList\",\"@id\":\"https:\\\/\\\/minubaltic.ee\\\/lv\\\/e-pood\\\/dvieli\\\/vannas-dvielis-70x140\\\/#breadcrumb\",\"itemListElement\":[{\"@type\":\"ListItem\",\"position\":1,\"name\":\"S\u0101kums\",\"item\":\"https:\\\/\\\/minubaltic.ee\\\/lv\\\/\"},{\"@type\":\"ListItem\",\"position\":2,\"name\":\"E-veikals\",\"item\":\"https:\\\/\\\/minubaltic.ee\\\/lv\\\/e-veikals\\\/\"},{\"@type\":\"ListItem\",\"position\":3,\"name\":\"Vannas dvielis 70&#215;140\"}]},{\"@type\":\"WebSite\",\"@id\":\"https:\\\/\\\/minubaltic.ee\\\/lv\\\/#website\",\"url\":\"https:\\\/\\\/minubaltic.ee\\\/lv\\\/\",\"name\":\"minubaltic.ee\",\"description\":\"\",\"publisher\":{\"@id\":\"https:\\\/\\\/minubaltic.ee\\\/lv\\\/#organization\"},\"potentialAction\":[{\"@type\":\"SearchAction\",\"target\":{\"@type\":\"EntryPoint\",\"urlTemplate\":\"https:\\\/\\\/minubaltic.ee\\\/lv\\\/?s={search_term_string}\"},\"query-input\":{\"@type\":\"PropertyValueSpecification\",\"valueRequired\":true,\"valueName\":\"search_term_string\"}}],\"inLanguage\":\"lv-LV\"},{\"@type\":\"Organization\",\"@id\":\"https:\\\/\\\/minubaltic.ee\\\/lv\\\/#organization\",\"name\":\"Minu Baltic O\u00dc\",\"url\":\"https:\\\/\\\/minubaltic.ee\\\/lv\\\/\",\"logo\":{\"@type\":\"ImageObject\",\"inLanguage\":\"lv-LV\",\"@id\":\"https:\\\/\\\/minubaltic.ee\\\/lv\\\/#\\\/schema\\\/logo\\\/image\\\/\",\"url\":\"https:\\\/\\\/minubaltic.ee\\\/wp-content\\\/uploads\\\/2023\\\/10\\\/cropped-cropped-cropped-logo.png\",\"contentUrl\":\"https:\\\/\\\/minubaltic.ee\\\/wp-content\\\/uploads\\\/2023\\\/10\\\/cropped-cropped-cropped-logo.png\",\"width\":500,\"height\":237,\"caption\":\"Minu Baltic O\u00dc\"},\"image\":{\"@id\":\"https:\\\/\\\/minubaltic.ee\\\/lv\\\/#\\\/schema\\\/logo\\\/image\\\/\"},\"sameAs\":[\"https:\\\/\\\/www.facebook.com\\\/minubaltic\"]}]}<\/script>\n<!-- \/ Yoast SEO plugin. -->","yoast_head_json":{"title":"Vannas dvielis 70x140 - Kokvilnas pirts dvie\u013ci un dvie\u013ci l\u012bdz 60% off","description":"70x140 cm kokvilnas dvielis ir ide\u0101ls izm\u0113rs. Izv\u0113lieties sev t\u012bkam\u0101ko kr\u0101su un izbaudiet maigumu Ienesiet mazliet grezn\u012bbas sav\u0101 ikdien\u0101 ar m\u016bsu kokvilnas dvie\u013ciem.","robots":{"index":"index","follow":"follow","max-snippet":"max-snippet:-1","max-image-preview":"max-image-preview:large","max-video-preview":"max-video-preview:-1"},"canonical":"https:\/\/minubaltic.ee\/lv\/e-pood\/dvieli\/vannas-dvielis-70x140\/","og_locale":"lv_LV","og_type":"article","og_title":"Vannas dvielis 70x140 - Kokvilnas pirts dvie\u013ci un dvie\u013ci l\u012bdz 60% off","og_description":"70x140 cm kokvilnas dvielis ir ide\u0101ls izm\u0113rs. Izv\u0113lieties sev t\u012bkam\u0101ko kr\u0101su un izbaudiet maigumu Ienesiet mazliet grezn\u012bbas sav\u0101 ikdien\u0101 ar m\u016bsu kokvilnas dvie\u013ciem.","og_url":"https:\/\/minubaltic.ee\/lv\/e-pood\/dvieli\/vannas-dvielis-70x140\/","article_publisher":"https:\/\/www.facebook.com\/minubaltic","article_modified_time":"2024-08-09T12:01:16+00:00","og_image":[{"width":800,"height":800,"url":"https:\/\/minubaltic.ee\/wp-content\/uploads\/2024\/03\/mnrd24-6.jpeg","type":"image\/jpeg"}],"twitter_card":"summary_large_image","schema":{"@context":"https:\/\/schema.org","@graph":[{"@type":"WebPage","@id":"https:\/\/minubaltic.ee\/lv\/e-pood\/dvieli\/vannas-dvielis-70x140\/","url":"https:\/\/minubaltic.ee\/lv\/e-pood\/dvieli\/vannas-dvielis-70x140\/","name":"Vannas dvielis 70x140 - Kokvilnas pirts dvie\u013ci un dvie\u013ci l\u012bdz 60% off","isPartOf":{"@id":"https:\/\/minubaltic.ee\/lv\/#website"},"primaryImageOfPage":{"@id":"https:\/\/minubaltic.ee\/lv\/e-pood\/dvieli\/vannas-dvielis-70x140\/#primaryimage"},"image":{"@id":"https:\/\/minubaltic.ee\/lv\/e-pood\/dvieli\/vannas-dvielis-70x140\/#primaryimage"},"thumbnailUrl":"https:\/\/minubaltic.ee\/wp-content\/uploads\/2024\/03\/mnrd24-6.jpeg","datePublished":"2024-03-06T16:28:37+00:00","dateModified":"2024-08-09T12:01:16+00:00","description":"70x140 cm kokvilnas dvielis ir ide\u0101ls izm\u0113rs. Izv\u0113lieties sev t\u012bkam\u0101ko kr\u0101su un izbaudiet maigumu Ienesiet mazliet grezn\u012bbas sav\u0101 ikdien\u0101 ar m\u016bsu kokvilnas dvie\u013ciem.","breadcrumb":{"@id":"https:\/\/minubaltic.ee\/lv\/e-pood\/dvieli\/vannas-dvielis-70x140\/#breadcrumb"},"inLanguage":"lv-LV","potentialAction":[{"@type":"ReadAction","target":["https:\/\/minubaltic.ee\/lv\/e-pood\/dvieli\/vannas-dvielis-70x140\/"]}]},{"@type":"ImageObject","inLanguage":"lv-LV","@id":"https:\/\/minubaltic.ee\/lv\/e-pood\/dvieli\/vannas-dvielis-70x140\/#primaryimage","url":"https:\/\/minubaltic.ee\/wp-content\/uploads\/2024\/03\/mnrd24-6.jpeg","contentUrl":"https:\/\/minubaltic.ee\/wp-content\/uploads\/2024\/03\/mnrd24-6.jpeg","width":800,"height":800},{"@type":"BreadcrumbList","@id":"https:\/\/minubaltic.ee\/lv\/e-pood\/dvieli\/vannas-dvielis-70x140\/#breadcrumb","itemListElement":[{"@type":"ListItem","position":1,"name":"S\u0101kums","item":"https:\/\/minubaltic.ee\/lv\/"},{"@type":"ListItem","position":2,"name":"E-veikals","item":"https:\/\/minubaltic.ee\/lv\/e-veikals\/"},{"@type":"ListItem","position":3,"name":"Vannas dvielis 70&#215;140"}]},{"@type":"WebSite","@id":"https:\/\/minubaltic.ee\/lv\/#website","url":"https:\/\/minubaltic.ee\/lv\/","name":"minubaltic.ee","description":"","publisher":{"@id":"https:\/\/minubaltic.ee\/lv\/#organization"},"potentialAction":[{"@type":"SearchAction","target":{"@type":"EntryPoint","urlTemplate":"https:\/\/minubaltic.ee\/lv\/?s={search_term_string}"},"query-input":{"@type":"PropertyValueSpecification","valueRequired":true,"valueName":"search_term_string"}}],"inLanguage":"lv-LV"},{"@type":"Organization","@id":"https:\/\/minubaltic.ee\/lv\/#organization","name":"Minu Baltic O\u00dc","url":"https:\/\/minubaltic.ee\/lv\/","logo":{"@type":"ImageObject","inLanguage":"lv-LV","@id":"https:\/\/minubaltic.ee\/lv\/#\/schema\/logo\/image\/","url":"https:\/\/minubaltic.ee\/wp-content\/uploads\/2023\/10\/cropped-cropped-cropped-logo.png","contentUrl":"https:\/\/minubaltic.ee\/wp-content\/uploads\/2023\/10\/cropped-cropped-cropped-logo.png","width":500,"height":237,"caption":"Minu Baltic O\u00dc"},"image":{"@id":"https:\/\/minubaltic.ee\/lv\/#\/schema\/logo\/image\/"},"sameAs":["https:\/\/www.facebook.com\/minubaltic"]}]}},"_links":{"self":[{"href":"https:\/\/minubaltic.ee\/lv\/wp-json\/wp\/v2\/product\/22095","targetHints":{"allow":["GET"]}}],"collection":[{"href":"https:\/\/minubaltic.ee\/lv\/wp-json\/wp\/v2\/product"}],"about":[{"href":"https:\/\/minubaltic.ee\/lv\/wp-json\/wp\/v2\/types\/product"}],"replies":[{"embeddable":true,"href":"https:\/\/minubaltic.ee\/lv\/wp-json\/wp\/v2\/comments?post=22095"}],"version-history":[{"count":0,"href":"https:\/\/minubaltic.ee\/lv\/wp-json\/wp\/v2\/product\/22095\/revisions"}],"wp:featuredmedia":[{"embeddable":true,"href":"https:\/\/minubaltic.ee\/lv\/wp-json\/wp\/v2\/media\/22096"}],"wp:attachment":[{"href":"https:\/\/minubaltic.ee\/lv\/wp-json\/wp\/v2\/media?parent=22095"}],"wp:term":[{"taxonomy":"product_brand","embeddable":true,"href":"https:\/\/minubaltic.ee\/lv\/wp-json\/wp\/v2\/product_brand?post=22095"},{"taxonomy":"product_cat","embeddable":true,"href":"https:\/\/minubaltic.ee\/lv\/wp-json\/wp\/v2\/product_cat?post=22095"},{"taxonomy":"product_tag","embeddable":true,"href":"https:\/\/minubaltic.ee\/lv\/wp-json\/wp\/v2\/product_tag?post=22095"}],"curies":[{"name":"wp","href":"https:\/\/api.w.org\/{rel}","templated":true}]}}