{"id":22080,"date":"2024-03-07T13:32:42","date_gmt":"2024-03-07T10:32:42","guid":{"rendered":"https:\/\/minubaltic.ee\/e-pood\/uncategorized\/kokvilnas-dvielu-komplekts-3-gab\/"},"modified":"2024-07-09T21:32:54","modified_gmt":"2024-07-09T18:32:54","slug":"kokvilnas-dvielu-komplekts-3-gab","status":"publish","type":"product","link":"https:\/\/minubaltic.ee\/lv\/e-pood\/dvieli\/kokvilnas-dvielu-komplekts-3-gab\/","title":{"rendered":"Kokvilnas dvie\u013cu komplekts (3 gab.)"},"content":{"rendered":"<ul>\n<li><span class=\"product-attribute__label\"><strong>Auduma sast\u0101vs:<\/strong><\/span> <span class=\"product-attribute__value\" data-attribute-code=\"fabric_composition\">100% kokvilna<\/span><\/li>\n<li><strong>Da\u013cu skaits:<\/strong> 3 gab.<\/li>\n<li><strong>Izm\u0113ri: <\/strong>(70&#215;140 cm 1 gab.) + (35&#215;75 cm 2 gab.)<\/li>\n<li><strong>Kr\u0101sa:<\/strong> Pel\u0113ks<\/li>\n<li><strong>Svars:<\/strong> 400 g\/m2<\/li>\n<\/ul>\n","protected":false},"excerpt":{"rendered":"<ul>\n<li><span class=\"product-attribute__label\"><strong>Auduma sast\u0101vs:<\/strong><\/span> <span class=\"product-attribute__value\" data-attribute-code=\"fabric_composition\">100% kokvilna<\/span><\/li>\n<li><strong>Da\u013cu skaits:<\/strong> 3 gab.<\/li>\n<li><strong>Izm\u0113ri: <\/strong>(70&#215;140 cm 1 gab.) + (35&#215;75 cm 2 gab.)<\/li>\n<li><strong>Kr\u0101sa:<\/strong> Pel\u0113ks<\/li>\n<li><strong>Svars:<\/strong> 400 g\/m2<\/li>\n<\/ul>\n","protected":false},"featured_media":22081,"comment_status":"open","ping_status":"closed","template":"","meta":[],"product_brand":[],"product_cat":[443,447],"product_tag":[463,459,460,461,466],"class_list":{"0":"post-22080","1":"product","2":"type-product","3":"status-publish","4":"has-post-thumbnail","6":"product_cat-dvieli","7":"product_cat-dvielu-komplekti","8":"product_tag-dvieli","9":"product_tag-e-komercija","10":"product_tag-e-veikals","11":"product_tag-majas-tekstils","12":"product_tag-tekstils","14":"first","15":"outofstock","16":"sale","17":"shipping-taxable","18":"purchasable","19":"product-type-simple"},"yoast_head":"<!-- This site is optimized with the Yoast SEO plugin v27.3 - https:\/\/yoast.com\/product\/yoast-seo-wordpress\/ -->\n<title>Kokvilnas dvie\u013cu komplekts (3 gab.) - 1 vannas dvielis 2 roku dvie\u013ci<\/title>\n<meta name=\"description\" content=\"70x140 cm kokvilnas dvielis ir ide\u0101ls izm\u0113rs. Izv\u0113lieties savu iecien\u012bt\u0101ko kr\u0101su un pie\u0161\u0137iriet savai ikdienai grezn\u012bbu ar m\u016bsu kokvilnas dvie\u013ciem.\" \/>\n<meta name=\"robots\" content=\"index, follow, max-snippet:-1, max-image-preview:large, max-video-preview:-1\" \/>\n<link rel=\"canonical\" href=\"https:\/\/minubaltic.ee\/lv\/e-pood\/dvieli\/kokvilnas-dvielu-komplekts-3-gab\/\" \/>\n<meta property=\"og:locale\" content=\"lv_LV\" \/>\n<meta property=\"og:type\" content=\"article\" \/>\n<meta property=\"og:title\" content=\"Kokvilnas dvie\u013cu komplekts (3 gab.) - 1 vannas dvielis 2 roku dvie\u013ci\" \/>\n<meta property=\"og:description\" content=\"70x140 cm kokvilnas dvielis ir ide\u0101ls izm\u0113rs. Izv\u0113lieties savu iecien\u012bt\u0101ko kr\u0101su un pie\u0161\u0137iriet savai ikdienai grezn\u012bbu ar m\u016bsu kokvilnas dvie\u013ciem.\" \/>\n<meta property=\"og:url\" content=\"https:\/\/minubaltic.ee\/lv\/e-pood\/dvieli\/kokvilnas-dvielu-komplekts-3-gab\/\" \/>\n<meta property=\"article:publisher\" content=\"https:\/\/www.facebook.com\/minubaltic\" \/>\n<meta property=\"article:modified_time\" content=\"2024-07-09T18:32:54+00:00\" \/>\n<meta property=\"og:image\" content=\"https:\/\/minubaltic.ee\/wp-content\/uploads\/2024\/03\/Yrtkd24-4.jpg\" \/>\n\t<meta property=\"og:image:width\" content=\"800\" \/>\n\t<meta property=\"og:image:height\" content=\"800\" \/>\n\t<meta property=\"og:image:type\" content=\"image\/jpeg\" \/>\n<meta name=\"twitter:card\" content=\"summary_large_image\" \/>\n<meta name=\"twitter:label1\" content=\"Est. reading time\" \/>\n\t<meta name=\"twitter:data1\" content=\"1 minute\" \/>\n<script type=\"application\/ld+json\" class=\"yoast-schema-graph\">{\"@context\":\"https:\\\/\\\/schema.org\",\"@graph\":[{\"@type\":\"WebPage\",\"@id\":\"https:\\\/\\\/minubaltic.ee\\\/lv\\\/e-pood\\\/dvieli\\\/kokvilnas-dvielu-komplekts-3-gab\\\/\",\"url\":\"https:\\\/\\\/minubaltic.ee\\\/lv\\\/e-pood\\\/dvieli\\\/kokvilnas-dvielu-komplekts-3-gab\\\/\",\"name\":\"Kokvilnas dvie\u013cu komplekts (3 gab.) - 1 vannas dvielis 2 roku dvie\u013ci\",\"isPartOf\":{\"@id\":\"https:\\\/\\\/minubaltic.ee\\\/lv\\\/#website\"},\"primaryImageOfPage\":{\"@id\":\"https:\\\/\\\/minubaltic.ee\\\/lv\\\/e-pood\\\/dvieli\\\/kokvilnas-dvielu-komplekts-3-gab\\\/#primaryimage\"},\"image\":{\"@id\":\"https:\\\/\\\/minubaltic.ee\\\/lv\\\/e-pood\\\/dvieli\\\/kokvilnas-dvielu-komplekts-3-gab\\\/#primaryimage\"},\"thumbnailUrl\":\"https:\\\/\\\/minubaltic.ee\\\/wp-content\\\/uploads\\\/2024\\\/03\\\/Yrtkd24-4.jpg\",\"datePublished\":\"2024-03-07T10:32:42+00:00\",\"dateModified\":\"2024-07-09T18:32:54+00:00\",\"description\":\"70x140 cm kokvilnas dvielis ir ide\u0101ls izm\u0113rs. Izv\u0113lieties savu iecien\u012bt\u0101ko kr\u0101su un pie\u0161\u0137iriet savai ikdienai grezn\u012bbu ar m\u016bsu kokvilnas dvie\u013ciem.\",\"breadcrumb\":{\"@id\":\"https:\\\/\\\/minubaltic.ee\\\/lv\\\/e-pood\\\/dvieli\\\/kokvilnas-dvielu-komplekts-3-gab\\\/#breadcrumb\"},\"inLanguage\":\"lv-LV\",\"potentialAction\":[{\"@type\":\"ReadAction\",\"target\":[\"https:\\\/\\\/minubaltic.ee\\\/lv\\\/e-pood\\\/dvieli\\\/kokvilnas-dvielu-komplekts-3-gab\\\/\"]}]},{\"@type\":\"ImageObject\",\"inLanguage\":\"lv-LV\",\"@id\":\"https:\\\/\\\/minubaltic.ee\\\/lv\\\/e-pood\\\/dvieli\\\/kokvilnas-dvielu-komplekts-3-gab\\\/#primaryimage\",\"url\":\"https:\\\/\\\/minubaltic.ee\\\/wp-content\\\/uploads\\\/2024\\\/03\\\/Yrtkd24-4.jpg\",\"contentUrl\":\"https:\\\/\\\/minubaltic.ee\\\/wp-content\\\/uploads\\\/2024\\\/03\\\/Yrtkd24-4.jpg\",\"width\":800,\"height\":800},{\"@type\":\"BreadcrumbList\",\"@id\":\"https:\\\/\\\/minubaltic.ee\\\/lv\\\/e-pood\\\/dvieli\\\/kokvilnas-dvielu-komplekts-3-gab\\\/#breadcrumb\",\"itemListElement\":[{\"@type\":\"ListItem\",\"position\":1,\"name\":\"S\u0101kums\",\"item\":\"https:\\\/\\\/minubaltic.ee\\\/lv\\\/\"},{\"@type\":\"ListItem\",\"position\":2,\"name\":\"E-veikals\",\"item\":\"https:\\\/\\\/minubaltic.ee\\\/lv\\\/e-veikals\\\/\"},{\"@type\":\"ListItem\",\"position\":3,\"name\":\"Kokvilnas dvie\u013cu komplekts (3 gab.)\"}]},{\"@type\":\"WebSite\",\"@id\":\"https:\\\/\\\/minubaltic.ee\\\/lv\\\/#website\",\"url\":\"https:\\\/\\\/minubaltic.ee\\\/lv\\\/\",\"name\":\"minubaltic.ee\",\"description\":\"\",\"publisher\":{\"@id\":\"https:\\\/\\\/minubaltic.ee\\\/lv\\\/#organization\"},\"potentialAction\":[{\"@type\":\"SearchAction\",\"target\":{\"@type\":\"EntryPoint\",\"urlTemplate\":\"https:\\\/\\\/minubaltic.ee\\\/lv\\\/?s={search_term_string}\"},\"query-input\":{\"@type\":\"PropertyValueSpecification\",\"valueRequired\":true,\"valueName\":\"search_term_string\"}}],\"inLanguage\":\"lv-LV\"},{\"@type\":\"Organization\",\"@id\":\"https:\\\/\\\/minubaltic.ee\\\/lv\\\/#organization\",\"name\":\"Minu Baltic O\u00dc\",\"url\":\"https:\\\/\\\/minubaltic.ee\\\/lv\\\/\",\"logo\":{\"@type\":\"ImageObject\",\"inLanguage\":\"lv-LV\",\"@id\":\"https:\\\/\\\/minubaltic.ee\\\/lv\\\/#\\\/schema\\\/logo\\\/image\\\/\",\"url\":\"https:\\\/\\\/minubaltic.ee\\\/wp-content\\\/uploads\\\/2023\\\/10\\\/cropped-cropped-cropped-logo.png\",\"contentUrl\":\"https:\\\/\\\/minubaltic.ee\\\/wp-content\\\/uploads\\\/2023\\\/10\\\/cropped-cropped-cropped-logo.png\",\"width\":500,\"height\":237,\"caption\":\"Minu Baltic O\u00dc\"},\"image\":{\"@id\":\"https:\\\/\\\/minubaltic.ee\\\/lv\\\/#\\\/schema\\\/logo\\\/image\\\/\"},\"sameAs\":[\"https:\\\/\\\/www.facebook.com\\\/minubaltic\"]}]}<\/script>\n<!-- \/ Yoast SEO plugin. -->","yoast_head_json":{"title":"Kokvilnas dvie\u013cu komplekts (3 gab.) - 1 vannas dvielis 2 roku dvie\u013ci","description":"70x140 cm kokvilnas dvielis ir ide\u0101ls izm\u0113rs. Izv\u0113lieties savu iecien\u012bt\u0101ko kr\u0101su un pie\u0161\u0137iriet savai ikdienai grezn\u012bbu ar m\u016bsu kokvilnas dvie\u013ciem.","robots":{"index":"index","follow":"follow","max-snippet":"max-snippet:-1","max-image-preview":"max-image-preview:large","max-video-preview":"max-video-preview:-1"},"canonical":"https:\/\/minubaltic.ee\/lv\/e-pood\/dvieli\/kokvilnas-dvielu-komplekts-3-gab\/","og_locale":"lv_LV","og_type":"article","og_title":"Kokvilnas dvie\u013cu komplekts (3 gab.) - 1 vannas dvielis 2 roku dvie\u013ci","og_description":"70x140 cm kokvilnas dvielis ir ide\u0101ls izm\u0113rs. Izv\u0113lieties savu iecien\u012bt\u0101ko kr\u0101su un pie\u0161\u0137iriet savai ikdienai grezn\u012bbu ar m\u016bsu kokvilnas dvie\u013ciem.","og_url":"https:\/\/minubaltic.ee\/lv\/e-pood\/dvieli\/kokvilnas-dvielu-komplekts-3-gab\/","article_publisher":"https:\/\/www.facebook.com\/minubaltic","article_modified_time":"2024-07-09T18:32:54+00:00","og_image":[{"width":800,"height":800,"url":"https:\/\/minubaltic.ee\/wp-content\/uploads\/2024\/03\/Yrtkd24-4.jpg","type":"image\/jpeg"}],"twitter_card":"summary_large_image","twitter_misc":{"Est. reading time":"1 minute"},"schema":{"@context":"https:\/\/schema.org","@graph":[{"@type":"WebPage","@id":"https:\/\/minubaltic.ee\/lv\/e-pood\/dvieli\/kokvilnas-dvielu-komplekts-3-gab\/","url":"https:\/\/minubaltic.ee\/lv\/e-pood\/dvieli\/kokvilnas-dvielu-komplekts-3-gab\/","name":"Kokvilnas dvie\u013cu komplekts (3 gab.) - 1 vannas dvielis 2 roku dvie\u013ci","isPartOf":{"@id":"https:\/\/minubaltic.ee\/lv\/#website"},"primaryImageOfPage":{"@id":"https:\/\/minubaltic.ee\/lv\/e-pood\/dvieli\/kokvilnas-dvielu-komplekts-3-gab\/#primaryimage"},"image":{"@id":"https:\/\/minubaltic.ee\/lv\/e-pood\/dvieli\/kokvilnas-dvielu-komplekts-3-gab\/#primaryimage"},"thumbnailUrl":"https:\/\/minubaltic.ee\/wp-content\/uploads\/2024\/03\/Yrtkd24-4.jpg","datePublished":"2024-03-07T10:32:42+00:00","dateModified":"2024-07-09T18:32:54+00:00","description":"70x140 cm kokvilnas dvielis ir ide\u0101ls izm\u0113rs. Izv\u0113lieties savu iecien\u012bt\u0101ko kr\u0101su un pie\u0161\u0137iriet savai ikdienai grezn\u012bbu ar m\u016bsu kokvilnas dvie\u013ciem.","breadcrumb":{"@id":"https:\/\/minubaltic.ee\/lv\/e-pood\/dvieli\/kokvilnas-dvielu-komplekts-3-gab\/#breadcrumb"},"inLanguage":"lv-LV","potentialAction":[{"@type":"ReadAction","target":["https:\/\/minubaltic.ee\/lv\/e-pood\/dvieli\/kokvilnas-dvielu-komplekts-3-gab\/"]}]},{"@type":"ImageObject","inLanguage":"lv-LV","@id":"https:\/\/minubaltic.ee\/lv\/e-pood\/dvieli\/kokvilnas-dvielu-komplekts-3-gab\/#primaryimage","url":"https:\/\/minubaltic.ee\/wp-content\/uploads\/2024\/03\/Yrtkd24-4.jpg","contentUrl":"https:\/\/minubaltic.ee\/wp-content\/uploads\/2024\/03\/Yrtkd24-4.jpg","width":800,"height":800},{"@type":"BreadcrumbList","@id":"https:\/\/minubaltic.ee\/lv\/e-pood\/dvieli\/kokvilnas-dvielu-komplekts-3-gab\/#breadcrumb","itemListElement":[{"@type":"ListItem","position":1,"name":"S\u0101kums","item":"https:\/\/minubaltic.ee\/lv\/"},{"@type":"ListItem","position":2,"name":"E-veikals","item":"https:\/\/minubaltic.ee\/lv\/e-veikals\/"},{"@type":"ListItem","position":3,"name":"Kokvilnas dvie\u013cu komplekts (3 gab.)"}]},{"@type":"WebSite","@id":"https:\/\/minubaltic.ee\/lv\/#website","url":"https:\/\/minubaltic.ee\/lv\/","name":"minubaltic.ee","description":"","publisher":{"@id":"https:\/\/minubaltic.ee\/lv\/#organization"},"potentialAction":[{"@type":"SearchAction","target":{"@type":"EntryPoint","urlTemplate":"https:\/\/minubaltic.ee\/lv\/?s={search_term_string}"},"query-input":{"@type":"PropertyValueSpecification","valueRequired":true,"valueName":"search_term_string"}}],"inLanguage":"lv-LV"},{"@type":"Organization","@id":"https:\/\/minubaltic.ee\/lv\/#organization","name":"Minu Baltic O\u00dc","url":"https:\/\/minubaltic.ee\/lv\/","logo":{"@type":"ImageObject","inLanguage":"lv-LV","@id":"https:\/\/minubaltic.ee\/lv\/#\/schema\/logo\/image\/","url":"https:\/\/minubaltic.ee\/wp-content\/uploads\/2023\/10\/cropped-cropped-cropped-logo.png","contentUrl":"https:\/\/minubaltic.ee\/wp-content\/uploads\/2023\/10\/cropped-cropped-cropped-logo.png","width":500,"height":237,"caption":"Minu Baltic O\u00dc"},"image":{"@id":"https:\/\/minubaltic.ee\/lv\/#\/schema\/logo\/image\/"},"sameAs":["https:\/\/www.facebook.com\/minubaltic"]}]}},"_links":{"self":[{"href":"https:\/\/minubaltic.ee\/lv\/wp-json\/wp\/v2\/product\/22080","targetHints":{"allow":["GET"]}}],"collection":[{"href":"https:\/\/minubaltic.ee\/lv\/wp-json\/wp\/v2\/product"}],"about":[{"href":"https:\/\/minubaltic.ee\/lv\/wp-json\/wp\/v2\/types\/product"}],"replies":[{"embeddable":true,"href":"https:\/\/minubaltic.ee\/lv\/wp-json\/wp\/v2\/comments?post=22080"}],"version-history":[{"count":0,"href":"https:\/\/minubaltic.ee\/lv\/wp-json\/wp\/v2\/product\/22080\/revisions"}],"wp:featuredmedia":[{"embeddable":true,"href":"https:\/\/minubaltic.ee\/lv\/wp-json\/wp\/v2\/media\/22081"}],"wp:attachment":[{"href":"https:\/\/minubaltic.ee\/lv\/wp-json\/wp\/v2\/media?parent=22080"}],"wp:term":[{"taxonomy":"product_brand","embeddable":true,"href":"https:\/\/minubaltic.ee\/lv\/wp-json\/wp\/v2\/product_brand?post=22080"},{"taxonomy":"product_cat","embeddable":true,"href":"https:\/\/minubaltic.ee\/lv\/wp-json\/wp\/v2\/product_cat?post=22080"},{"taxonomy":"product_tag","embeddable":true,"href":"https:\/\/minubaltic.ee\/lv\/wp-json\/wp\/v2\/product_tag?post=22080"}],"curies":[{"name":"wp","href":"https:\/\/api.w.org\/{rel}","templated":true}]}}