{"id":22045,"date":"2024-03-16T21:49:34","date_gmt":"2024-03-16T18:49:34","guid":{"rendered":"https:\/\/minubaltic.ee\/e-pood\/uncategorized\/gultas-velas-komplekts-kokvilna-satins-200x220-14\/"},"modified":"2024-04-06T14:13:56","modified_gmt":"2024-04-06T11:13:56","slug":"gultas-velas-komplekts-220-9","status":"publish","type":"product","link":"https:\/\/minubaltic.ee\/lv\/e-pood\/gultas-vela\/gultas-velas-komplekts-220-9\/","title":{"rendered":"Gultas ve\u013cas komplekts kokvilna sat\u012bns 200\u00d7220"},"content":{"rendered":"<ul>\n<li><span class=\"product-attribute__label\"><strong>Audums:<\/strong> 100% kokvilna\/sat\u012bns<\/span><\/li>\n<li><strong>Segas p\u0101rvalka<span class=\"product-attribute__label\">:<\/span><\/strong> 200\u00d7220<\/li>\n<li><strong>Palaga<span class=\"product-attribute__label\">:<\/span><\/strong> 200\u00d7230<\/li>\n<li><strong>Spilvendr\u0101nu<span class=\"product-attribute__label\">:<\/span><\/strong> 70\u00d780 (2 gab.)<\/li>\n<li>Produktu att\u0113li ir ilustrat\u012bvi<\/li>\n<\/ul>\n","protected":false},"excerpt":{"rendered":"<p>200\u00d7220 (Segas p\u0101rvalka 200\u00d7220, Palaga 200\u00d7230, 2 Spilvendr\u0101nu 70\u00d780)<\/p>\n","protected":false},"featured_media":22046,"comment_status":"open","ping_status":"closed","template":"","meta":[],"product_brand":[],"product_cat":[455,618,457],"product_tag":[459,460,467,466],"class_list":{"0":"post-22045","1":"product","2":"type-product","3":"status-publish","4":"has-post-thumbnail","6":"product_cat-gultas-vela","7":"product_cat-gultas-velas-komplekti","8":"product_cat-gultas-velas-komplekti-200-220","9":"product_tag-e-komercija","10":"product_tag-e-veikals","11":"product_tag-gultas-vela","12":"product_tag-tekstils","14":"first","15":"outofstock","16":"sale","17":"shipping-taxable","18":"purchasable","19":"product-type-simple"},"yoast_head":"<!-- This site is optimized with the Yoast SEO plugin v27.3 - https:\/\/yoast.com\/product\/yoast-seo-wordpress\/ -->\n<title>Gultas ve\u013cas komplekts kokvilna sat\u012bns 200\u00d7220 - atlaide l\u012bdz 50%<\/title>\n<meta name=\"description\" content=\"Gultas ve\u013cas komplekts 1 gultasve\u013ca, 1 gultas p\u0101rkl\u0101js, 1 segas p\u0101rvalks un 2 spilvendr\u0101nas, segas p\u0101rvalks 200\u00d7220, palaga 200\u00d7230, 2 spilvendr\u0101nas 70\u00d780.\" \/>\n<meta name=\"robots\" content=\"index, follow, max-snippet:-1, max-image-preview:large, max-video-preview:-1\" \/>\n<link rel=\"canonical\" href=\"https:\/\/minubaltic.ee\/lv\/e-pood\/gultas-vela\/gultas-velas-komplekts-220-9\/\" \/>\n<meta property=\"og:locale\" content=\"lv_LV\" \/>\n<meta property=\"og:type\" content=\"article\" \/>\n<meta property=\"og:title\" content=\"Gultas ve\u013cas komplekts kokvilna sat\u012bns 200\u00d7220 - atlaide l\u012bdz 50%\" \/>\n<meta property=\"og:description\" content=\"Gultas ve\u013cas komplekts 1 gultasve\u013ca, 1 gultas p\u0101rkl\u0101js, 1 segas p\u0101rvalks un 2 spilvendr\u0101nas, segas p\u0101rvalks 200\u00d7220, palaga 200\u00d7230, 2 spilvendr\u0101nas 70\u00d780.\" \/>\n<meta property=\"og:url\" content=\"https:\/\/minubaltic.ee\/lv\/e-pood\/gultas-vela\/gultas-velas-komplekts-220-9\/\" \/>\n<meta property=\"article:publisher\" content=\"https:\/\/www.facebook.com\/minubaltic\" \/>\n<meta property=\"article:modified_time\" content=\"2024-04-06T11:13:56+00:00\" \/>\n<meta property=\"og:image\" content=\"https:\/\/minubaltic.ee\/wp-content\/uploads\/2024\/03\/VDPSKM-8.jpg\" \/>\n\t<meta property=\"og:image:width\" content=\"850\" \/>\n\t<meta property=\"og:image:height\" content=\"850\" \/>\n\t<meta property=\"og:image:type\" content=\"image\/jpeg\" \/>\n<meta name=\"twitter:card\" content=\"summary_large_image\" \/>\n<meta name=\"twitter:label1\" content=\"Est. reading time\" \/>\n\t<meta name=\"twitter:data1\" content=\"1 minute\" \/>\n<script type=\"application\/ld+json\" class=\"yoast-schema-graph\">{\"@context\":\"https:\\\/\\\/schema.org\",\"@graph\":[{\"@type\":\"WebPage\",\"@id\":\"https:\\\/\\\/minubaltic.ee\\\/lv\\\/e-pood\\\/gultas-vela\\\/gultas-velas-komplekts-220-9\\\/\",\"url\":\"https:\\\/\\\/minubaltic.ee\\\/lv\\\/e-pood\\\/gultas-vela\\\/gultas-velas-komplekts-220-9\\\/\",\"name\":\"Gultas ve\u013cas komplekts kokvilna sat\u012bns 200\u00d7220 - atlaide l\u012bdz 50%\",\"isPartOf\":{\"@id\":\"https:\\\/\\\/minubaltic.ee\\\/lv\\\/#website\"},\"primaryImageOfPage\":{\"@id\":\"https:\\\/\\\/minubaltic.ee\\\/lv\\\/e-pood\\\/gultas-vela\\\/gultas-velas-komplekts-220-9\\\/#primaryimage\"},\"image\":{\"@id\":\"https:\\\/\\\/minubaltic.ee\\\/lv\\\/e-pood\\\/gultas-vela\\\/gultas-velas-komplekts-220-9\\\/#primaryimage\"},\"thumbnailUrl\":\"https:\\\/\\\/minubaltic.ee\\\/wp-content\\\/uploads\\\/2024\\\/03\\\/VDPSKM-8.jpg\",\"datePublished\":\"2024-03-16T18:49:34+00:00\",\"dateModified\":\"2024-04-06T11:13:56+00:00\",\"description\":\"Gultas ve\u013cas komplekts 1 gultasve\u013ca, 1 gultas p\u0101rkl\u0101js, 1 segas p\u0101rvalks un 2 spilvendr\u0101nas, segas p\u0101rvalks 200\u00d7220, palaga 200\u00d7230, 2 spilvendr\u0101nas 70\u00d780.\",\"breadcrumb\":{\"@id\":\"https:\\\/\\\/minubaltic.ee\\\/lv\\\/e-pood\\\/gultas-vela\\\/gultas-velas-komplekts-220-9\\\/#breadcrumb\"},\"inLanguage\":\"lv-LV\",\"potentialAction\":[{\"@type\":\"ReadAction\",\"target\":[\"https:\\\/\\\/minubaltic.ee\\\/lv\\\/e-pood\\\/gultas-vela\\\/gultas-velas-komplekts-220-9\\\/\"]}]},{\"@type\":\"ImageObject\",\"inLanguage\":\"lv-LV\",\"@id\":\"https:\\\/\\\/minubaltic.ee\\\/lv\\\/e-pood\\\/gultas-vela\\\/gultas-velas-komplekts-220-9\\\/#primaryimage\",\"url\":\"https:\\\/\\\/minubaltic.ee\\\/wp-content\\\/uploads\\\/2024\\\/03\\\/VDPSKM-8.jpg\",\"contentUrl\":\"https:\\\/\\\/minubaltic.ee\\\/wp-content\\\/uploads\\\/2024\\\/03\\\/VDPSKM-8.jpg\",\"width\":850,\"height\":850},{\"@type\":\"BreadcrumbList\",\"@id\":\"https:\\\/\\\/minubaltic.ee\\\/lv\\\/e-pood\\\/gultas-vela\\\/gultas-velas-komplekts-220-9\\\/#breadcrumb\",\"itemListElement\":[{\"@type\":\"ListItem\",\"position\":1,\"name\":\"S\u0101kums\",\"item\":\"https:\\\/\\\/minubaltic.ee\\\/lv\\\/\"},{\"@type\":\"ListItem\",\"position\":2,\"name\":\"E-veikals\",\"item\":\"https:\\\/\\\/minubaltic.ee\\\/lv\\\/e-veikals\\\/\"},{\"@type\":\"ListItem\",\"position\":3,\"name\":\"Gultas ve\u013cas komplekts kokvilna sat\u012bns 200\u00d7220\"}]},{\"@type\":\"WebSite\",\"@id\":\"https:\\\/\\\/minubaltic.ee\\\/lv\\\/#website\",\"url\":\"https:\\\/\\\/minubaltic.ee\\\/lv\\\/\",\"name\":\"minubaltic.ee\",\"description\":\"\",\"publisher\":{\"@id\":\"https:\\\/\\\/minubaltic.ee\\\/lv\\\/#organization\"},\"potentialAction\":[{\"@type\":\"SearchAction\",\"target\":{\"@type\":\"EntryPoint\",\"urlTemplate\":\"https:\\\/\\\/minubaltic.ee\\\/lv\\\/?s={search_term_string}\"},\"query-input\":{\"@type\":\"PropertyValueSpecification\",\"valueRequired\":true,\"valueName\":\"search_term_string\"}}],\"inLanguage\":\"lv-LV\"},{\"@type\":\"Organization\",\"@id\":\"https:\\\/\\\/minubaltic.ee\\\/lv\\\/#organization\",\"name\":\"Minu Baltic O\u00dc\",\"url\":\"https:\\\/\\\/minubaltic.ee\\\/lv\\\/\",\"logo\":{\"@type\":\"ImageObject\",\"inLanguage\":\"lv-LV\",\"@id\":\"https:\\\/\\\/minubaltic.ee\\\/lv\\\/#\\\/schema\\\/logo\\\/image\\\/\",\"url\":\"https:\\\/\\\/minubaltic.ee\\\/wp-content\\\/uploads\\\/2023\\\/10\\\/cropped-cropped-cropped-logo.png\",\"contentUrl\":\"https:\\\/\\\/minubaltic.ee\\\/wp-content\\\/uploads\\\/2023\\\/10\\\/cropped-cropped-cropped-logo.png\",\"width\":500,\"height\":237,\"caption\":\"Minu Baltic O\u00dc\"},\"image\":{\"@id\":\"https:\\\/\\\/minubaltic.ee\\\/lv\\\/#\\\/schema\\\/logo\\\/image\\\/\"},\"sameAs\":[\"https:\\\/\\\/www.facebook.com\\\/minubaltic\"]}]}<\/script>\n<!-- \/ Yoast SEO plugin. -->","yoast_head_json":{"title":"Gultas ve\u013cas komplekts kokvilna sat\u012bns 200\u00d7220 - atlaide l\u012bdz 50%","description":"Gultas ve\u013cas komplekts 1 gultasve\u013ca, 1 gultas p\u0101rkl\u0101js, 1 segas p\u0101rvalks un 2 spilvendr\u0101nas, segas p\u0101rvalks 200\u00d7220, palaga 200\u00d7230, 2 spilvendr\u0101nas 70\u00d780.","robots":{"index":"index","follow":"follow","max-snippet":"max-snippet:-1","max-image-preview":"max-image-preview:large","max-video-preview":"max-video-preview:-1"},"canonical":"https:\/\/minubaltic.ee\/lv\/e-pood\/gultas-vela\/gultas-velas-komplekts-220-9\/","og_locale":"lv_LV","og_type":"article","og_title":"Gultas ve\u013cas komplekts kokvilna sat\u012bns 200\u00d7220 - atlaide l\u012bdz 50%","og_description":"Gultas ve\u013cas komplekts 1 gultasve\u013ca, 1 gultas p\u0101rkl\u0101js, 1 segas p\u0101rvalks un 2 spilvendr\u0101nas, segas p\u0101rvalks 200\u00d7220, palaga 200\u00d7230, 2 spilvendr\u0101nas 70\u00d780.","og_url":"https:\/\/minubaltic.ee\/lv\/e-pood\/gultas-vela\/gultas-velas-komplekts-220-9\/","article_publisher":"https:\/\/www.facebook.com\/minubaltic","article_modified_time":"2024-04-06T11:13:56+00:00","og_image":[{"width":850,"height":850,"url":"https:\/\/minubaltic.ee\/wp-content\/uploads\/2024\/03\/VDPSKM-8.jpg","type":"image\/jpeg"}],"twitter_card":"summary_large_image","twitter_misc":{"Est. reading time":"1 minute"},"schema":{"@context":"https:\/\/schema.org","@graph":[{"@type":"WebPage","@id":"https:\/\/minubaltic.ee\/lv\/e-pood\/gultas-vela\/gultas-velas-komplekts-220-9\/","url":"https:\/\/minubaltic.ee\/lv\/e-pood\/gultas-vela\/gultas-velas-komplekts-220-9\/","name":"Gultas ve\u013cas komplekts kokvilna sat\u012bns 200\u00d7220 - atlaide l\u012bdz 50%","isPartOf":{"@id":"https:\/\/minubaltic.ee\/lv\/#website"},"primaryImageOfPage":{"@id":"https:\/\/minubaltic.ee\/lv\/e-pood\/gultas-vela\/gultas-velas-komplekts-220-9\/#primaryimage"},"image":{"@id":"https:\/\/minubaltic.ee\/lv\/e-pood\/gultas-vela\/gultas-velas-komplekts-220-9\/#primaryimage"},"thumbnailUrl":"https:\/\/minubaltic.ee\/wp-content\/uploads\/2024\/03\/VDPSKM-8.jpg","datePublished":"2024-03-16T18:49:34+00:00","dateModified":"2024-04-06T11:13:56+00:00","description":"Gultas ve\u013cas komplekts 1 gultasve\u013ca, 1 gultas p\u0101rkl\u0101js, 1 segas p\u0101rvalks un 2 spilvendr\u0101nas, segas p\u0101rvalks 200\u00d7220, palaga 200\u00d7230, 2 spilvendr\u0101nas 70\u00d780.","breadcrumb":{"@id":"https:\/\/minubaltic.ee\/lv\/e-pood\/gultas-vela\/gultas-velas-komplekts-220-9\/#breadcrumb"},"inLanguage":"lv-LV","potentialAction":[{"@type":"ReadAction","target":["https:\/\/minubaltic.ee\/lv\/e-pood\/gultas-vela\/gultas-velas-komplekts-220-9\/"]}]},{"@type":"ImageObject","inLanguage":"lv-LV","@id":"https:\/\/minubaltic.ee\/lv\/e-pood\/gultas-vela\/gultas-velas-komplekts-220-9\/#primaryimage","url":"https:\/\/minubaltic.ee\/wp-content\/uploads\/2024\/03\/VDPSKM-8.jpg","contentUrl":"https:\/\/minubaltic.ee\/wp-content\/uploads\/2024\/03\/VDPSKM-8.jpg","width":850,"height":850},{"@type":"BreadcrumbList","@id":"https:\/\/minubaltic.ee\/lv\/e-pood\/gultas-vela\/gultas-velas-komplekts-220-9\/#breadcrumb","itemListElement":[{"@type":"ListItem","position":1,"name":"S\u0101kums","item":"https:\/\/minubaltic.ee\/lv\/"},{"@type":"ListItem","position":2,"name":"E-veikals","item":"https:\/\/minubaltic.ee\/lv\/e-veikals\/"},{"@type":"ListItem","position":3,"name":"Gultas ve\u013cas komplekts kokvilna sat\u012bns 200\u00d7220"}]},{"@type":"WebSite","@id":"https:\/\/minubaltic.ee\/lv\/#website","url":"https:\/\/minubaltic.ee\/lv\/","name":"minubaltic.ee","description":"","publisher":{"@id":"https:\/\/minubaltic.ee\/lv\/#organization"},"potentialAction":[{"@type":"SearchAction","target":{"@type":"EntryPoint","urlTemplate":"https:\/\/minubaltic.ee\/lv\/?s={search_term_string}"},"query-input":{"@type":"PropertyValueSpecification","valueRequired":true,"valueName":"search_term_string"}}],"inLanguage":"lv-LV"},{"@type":"Organization","@id":"https:\/\/minubaltic.ee\/lv\/#organization","name":"Minu Baltic O\u00dc","url":"https:\/\/minubaltic.ee\/lv\/","logo":{"@type":"ImageObject","inLanguage":"lv-LV","@id":"https:\/\/minubaltic.ee\/lv\/#\/schema\/logo\/image\/","url":"https:\/\/minubaltic.ee\/wp-content\/uploads\/2023\/10\/cropped-cropped-cropped-logo.png","contentUrl":"https:\/\/minubaltic.ee\/wp-content\/uploads\/2023\/10\/cropped-cropped-cropped-logo.png","width":500,"height":237,"caption":"Minu Baltic O\u00dc"},"image":{"@id":"https:\/\/minubaltic.ee\/lv\/#\/schema\/logo\/image\/"},"sameAs":["https:\/\/www.facebook.com\/minubaltic"]}]}},"_links":{"self":[{"href":"https:\/\/minubaltic.ee\/lv\/wp-json\/wp\/v2\/product\/22045","targetHints":{"allow":["GET"]}}],"collection":[{"href":"https:\/\/minubaltic.ee\/lv\/wp-json\/wp\/v2\/product"}],"about":[{"href":"https:\/\/minubaltic.ee\/lv\/wp-json\/wp\/v2\/types\/product"}],"replies":[{"embeddable":true,"href":"https:\/\/minubaltic.ee\/lv\/wp-json\/wp\/v2\/comments?post=22045"}],"version-history":[{"count":0,"href":"https:\/\/minubaltic.ee\/lv\/wp-json\/wp\/v2\/product\/22045\/revisions"}],"wp:featuredmedia":[{"embeddable":true,"href":"https:\/\/minubaltic.ee\/lv\/wp-json\/wp\/v2\/media\/22046"}],"wp:attachment":[{"href":"https:\/\/minubaltic.ee\/lv\/wp-json\/wp\/v2\/media?parent=22045"}],"wp:term":[{"taxonomy":"product_brand","embeddable":true,"href":"https:\/\/minubaltic.ee\/lv\/wp-json\/wp\/v2\/product_brand?post=22045"},{"taxonomy":"product_cat","embeddable":true,"href":"https:\/\/minubaltic.ee\/lv\/wp-json\/wp\/v2\/product_cat?post=22045"},{"taxonomy":"product_tag","embeddable":true,"href":"https:\/\/minubaltic.ee\/lv\/wp-json\/wp\/v2\/product_tag?post=22045"}],"curies":[{"name":"wp","href":"https:\/\/api.w.org\/{rel}","templated":true}]}}