{"id":22010,"date":"2024-03-22T00:12:18","date_gmt":"2024-03-21T21:12:18","guid":{"rendered":"https:\/\/minubaltic.ee\/e-pood\/uncategorized\/turcijas-4-dalu-50x90-dvielu-komplekts\/"},"modified":"2025-01-14T19:01:58","modified_gmt":"2025-01-14T16:01:58","slug":"turcijas-4-dalu-50-90-dvielu-komplekts","status":"publish","type":"product","link":"https:\/\/minubaltic.ee\/lv\/e-pood\/roku-dvieli\/turcijas-4-dalu-50-90-dvielu-komplekts\/","title":{"rendered":"Turcijas 4 da\u013cu 50&#215;90 dvie\u013cu komplekts"},"content":{"rendered":"<p>Iepakojuma saturs: 4 gab. 50&#215;90 cm roku un sejas dvie\u013ci.<\/p>\n<p>Ekskluz\u012bv\u0101s Turcijas kolekcijas dvie\u013ci ir izgatavoti no 100% kokvilnas. Dvie\u013ci ir izgatavoti no augstas kvalit\u0101tes Anatolijas kokvilnas diegiem, t\u0101p\u0113c tiem ir \u012bpa\u0161i m\u012bksta tekst\u016bra. Ar katru mazg\u0101\u0161anas reizi tie k\u013c\u016bst v\u0113l m\u012bkst\u0101ki.<\/p>\n<p>\u0160ie dvie\u013ci \u0101tri \u017e\u016bst, absorb\u0113jot l\u012bdz pat 20 reiz\u0113m vair\u0101k \u016bdens nek\u0101 to svars. Izmantojot \u012bpa\u0161u au\u0161anas tehniku, tie efekt\u012bvi izklied\u0113 \u0161\u0137idrumu pa savu virsmu, nodro\u0161inot \u0101tru iztvaiko\u0161anu.<\/p>\n<p>Turkl\u0101t dvie\u013ci ir videi draudz\u012bgi, jo tie ir kr\u0101soti ar videi draudz\u012bg\u0101m kr\u0101s\u0101m, kas nekait\u0113 videi.<\/p>\n","protected":false},"excerpt":{"rendered":"<div class=\"woocommerce-product-details__short-description\">\n<ul>\n<li><span class=\"product-attribute__label\">Auduma sast\u0101vs: <\/span><span class=\"product-attribute__value\" data-attribute-code=\"fabric_composition\">Sast\u0101vs: 100% kokvilna<\/span><\/li>\n<li>Izcelsmes valsts: Turcija <img loading=\"lazy\" decoding=\"async\" class=\" wd-lazy-fade wp-image-17267 alignnone\" src=\"https:\/\/minubaltic.ee\/wp-content\/themes\/woodmart\/images\/lazy.svg\" data-src=\"https:\/\/minubaltic.ee\/wp-content\/uploads\/2024\/02\/trbrq.jpg\" alt=\"\" width=\"18\" height=\"12\" \/><\/li>\n<li>Komplekts no 4 gab.<\/li>\n<li>Izm\u0113ri: 50\u00d790 cm<\/li>\n<li>Kr\u0101sa: 4 kr\u0101saini dvie\u013ci (1 no katras kr\u0101sas).<\/li>\n<li>Svars: 400 g\/m2<\/li>\n<li>Specifik\u0101cija: <b>\u00b11-3<\/b><\/li>\n<li>Produktu att\u0113li ir ilustrat\u012bvi<\/li>\n<\/ul>\n<\/div>\n","protected":false},"featured_media":22011,"comment_status":"open","ping_status":"closed","template":"","meta":[],"product_brand":[],"product_cat":[816,443,446,447,438],"product_tag":[463,459,460,461,466],"class_list":{"0":"post-22010","1":"product","2":"type-product","3":"status-publish","4":"has-post-thumbnail","6":"product_cat-100-kokvilna","7":"product_cat-dvieli","8":"product_cat-dvieli-50-90","9":"product_cat-dvielu-komplekti","10":"product_cat-roku-dvieli","11":"product_tag-dvieli","12":"product_tag-e-komercija","13":"product_tag-e-veikals","14":"product_tag-majas-tekstils","15":"product_tag-tekstils","17":"first","18":"outofstock","19":"sale","20":"shipping-taxable","21":"purchasable","22":"product-type-simple"},"yoast_head":"<!-- This site is optimized with the Yoast SEO plugin v27.5 - https:\/\/yoast.com\/product\/yoast-seo-wordpress\/ -->\n<title>Turcijas 4 da\u013cu 50x90 dvie\u013cu komplekts - turcija 100% kokvilnas dvie\u013ci<\/title>\n<meta name=\"description\" content=\"4 dvie\u013cu komplekts, turku dvie\u013cu komplekts, izgatavots no augstas kvalit\u0101tes kokvilnas materi\u0101la, kas apvieno komfortu un eleganci.\" \/>\n<meta name=\"robots\" content=\"index, follow, max-snippet:-1, max-image-preview:large, max-video-preview:-1\" \/>\n<link rel=\"canonical\" href=\"https:\/\/minubaltic.ee\/lv\/e-pood\/roku-dvieli\/turcijas-4-dalu-50-90-dvielu-komplekts\/\" \/>\n<meta property=\"og:locale\" content=\"lv_LV\" \/>\n<meta property=\"og:type\" content=\"article\" \/>\n<meta property=\"og:title\" content=\"Turcijas 4 da\u013cu 50x90 dvie\u013cu komplekts - turcija 100% kokvilnas dvie\u013ci\" \/>\n<meta property=\"og:description\" content=\"4 dvie\u013cu komplekts, turku dvie\u013cu komplekts, izgatavots no augstas kvalit\u0101tes kokvilnas materi\u0101la, kas apvieno komfortu un eleganci.\" \/>\n<meta property=\"og:url\" content=\"https:\/\/minubaltic.ee\/lv\/e-pood\/roku-dvieli\/turcijas-4-dalu-50-90-dvielu-komplekts\/\" \/>\n<meta property=\"article:publisher\" content=\"https:\/\/www.facebook.com\/minubaltic\" \/>\n<meta property=\"article:modified_time\" content=\"2025-01-14T16:01:58+00:00\" \/>\n<meta property=\"og:image\" content=\"https:\/\/minubaltic.ee\/wp-content\/uploads\/2024\/03\/trkomplektr-1.jpeg\" \/>\n\t<meta property=\"og:image:width\" content=\"632\" \/>\n\t<meta property=\"og:image:height\" content=\"632\" \/>\n\t<meta property=\"og:image:type\" content=\"image\/jpeg\" \/>\n<meta name=\"twitter:card\" content=\"summary_large_image\" \/>\n<meta name=\"twitter:label1\" content=\"Est. reading time\" \/>\n\t<meta name=\"twitter:data1\" content=\"1 minute\" \/>\n<script type=\"application\/ld+json\" class=\"yoast-schema-graph\">{\"@context\":\"https:\\\/\\\/schema.org\",\"@graph\":[{\"@type\":\"WebPage\",\"@id\":\"https:\\\/\\\/minubaltic.ee\\\/lv\\\/e-pood\\\/roku-dvieli\\\/turcijas-4-dalu-50-90-dvielu-komplekts\\\/\",\"url\":\"https:\\\/\\\/minubaltic.ee\\\/lv\\\/e-pood\\\/roku-dvieli\\\/turcijas-4-dalu-50-90-dvielu-komplekts\\\/\",\"name\":\"Turcijas 4 da\u013cu 50x90 dvie\u013cu komplekts - turcija 100% kokvilnas dvie\u013ci\",\"isPartOf\":{\"@id\":\"https:\\\/\\\/minubaltic.ee\\\/lv\\\/#website\"},\"primaryImageOfPage\":{\"@id\":\"https:\\\/\\\/minubaltic.ee\\\/lv\\\/e-pood\\\/roku-dvieli\\\/turcijas-4-dalu-50-90-dvielu-komplekts\\\/#primaryimage\"},\"image\":{\"@id\":\"https:\\\/\\\/minubaltic.ee\\\/lv\\\/e-pood\\\/roku-dvieli\\\/turcijas-4-dalu-50-90-dvielu-komplekts\\\/#primaryimage\"},\"thumbnailUrl\":\"https:\\\/\\\/minubaltic.ee\\\/wp-content\\\/uploads\\\/2024\\\/03\\\/trkomplektr-1.jpeg\",\"datePublished\":\"2024-03-21T21:12:18+00:00\",\"dateModified\":\"2025-01-14T16:01:58+00:00\",\"description\":\"4 dvie\u013cu komplekts, turku dvie\u013cu komplekts, izgatavots no augstas kvalit\u0101tes kokvilnas materi\u0101la, kas apvieno komfortu un eleganci.\",\"breadcrumb\":{\"@id\":\"https:\\\/\\\/minubaltic.ee\\\/lv\\\/e-pood\\\/roku-dvieli\\\/turcijas-4-dalu-50-90-dvielu-komplekts\\\/#breadcrumb\"},\"inLanguage\":\"lv-LV\",\"potentialAction\":[{\"@type\":\"ReadAction\",\"target\":[\"https:\\\/\\\/minubaltic.ee\\\/lv\\\/e-pood\\\/roku-dvieli\\\/turcijas-4-dalu-50-90-dvielu-komplekts\\\/\"]}]},{\"@type\":\"ImageObject\",\"inLanguage\":\"lv-LV\",\"@id\":\"https:\\\/\\\/minubaltic.ee\\\/lv\\\/e-pood\\\/roku-dvieli\\\/turcijas-4-dalu-50-90-dvielu-komplekts\\\/#primaryimage\",\"url\":\"https:\\\/\\\/minubaltic.ee\\\/wp-content\\\/uploads\\\/2024\\\/03\\\/trkomplektr-1.jpeg\",\"contentUrl\":\"https:\\\/\\\/minubaltic.ee\\\/wp-content\\\/uploads\\\/2024\\\/03\\\/trkomplektr-1.jpeg\",\"width\":632,\"height\":632},{\"@type\":\"BreadcrumbList\",\"@id\":\"https:\\\/\\\/minubaltic.ee\\\/lv\\\/e-pood\\\/roku-dvieli\\\/turcijas-4-dalu-50-90-dvielu-komplekts\\\/#breadcrumb\",\"itemListElement\":[{\"@type\":\"ListItem\",\"position\":1,\"name\":\"S\u0101kums\",\"item\":\"https:\\\/\\\/minubaltic.ee\\\/lv\\\/\"},{\"@type\":\"ListItem\",\"position\":2,\"name\":\"E-veikals\",\"item\":\"https:\\\/\\\/minubaltic.ee\\\/lv\\\/e-veikals\\\/\"},{\"@type\":\"ListItem\",\"position\":3,\"name\":\"Turcijas 4 da\u013cu 50&#215;90 dvie\u013cu komplekts\"}]},{\"@type\":\"WebSite\",\"@id\":\"https:\\\/\\\/minubaltic.ee\\\/lv\\\/#website\",\"url\":\"https:\\\/\\\/minubaltic.ee\\\/lv\\\/\",\"name\":\"minubaltic.ee\",\"description\":\"\",\"publisher\":{\"@id\":\"https:\\\/\\\/minubaltic.ee\\\/lv\\\/#organization\"},\"potentialAction\":[{\"@type\":\"SearchAction\",\"target\":{\"@type\":\"EntryPoint\",\"urlTemplate\":\"https:\\\/\\\/minubaltic.ee\\\/lv\\\/?s={search_term_string}\"},\"query-input\":{\"@type\":\"PropertyValueSpecification\",\"valueRequired\":true,\"valueName\":\"search_term_string\"}}],\"inLanguage\":\"lv-LV\"},{\"@type\":\"Organization\",\"@id\":\"https:\\\/\\\/minubaltic.ee\\\/lv\\\/#organization\",\"name\":\"Minu Baltic O\u00dc\",\"url\":\"https:\\\/\\\/minubaltic.ee\\\/lv\\\/\",\"logo\":{\"@type\":\"ImageObject\",\"inLanguage\":\"lv-LV\",\"@id\":\"https:\\\/\\\/minubaltic.ee\\\/lv\\\/#\\\/schema\\\/logo\\\/image\\\/\",\"url\":\"https:\\\/\\\/minubaltic.ee\\\/wp-content\\\/uploads\\\/2023\\\/10\\\/cropped-cropped-cropped-logo.png\",\"contentUrl\":\"https:\\\/\\\/minubaltic.ee\\\/wp-content\\\/uploads\\\/2023\\\/10\\\/cropped-cropped-cropped-logo.png\",\"width\":500,\"height\":237,\"caption\":\"Minu Baltic O\u00dc\"},\"image\":{\"@id\":\"https:\\\/\\\/minubaltic.ee\\\/lv\\\/#\\\/schema\\\/logo\\\/image\\\/\"},\"sameAs\":[\"https:\\\/\\\/www.facebook.com\\\/minubaltic\"]}]}<\/script>\n<!-- \/ Yoast SEO plugin. -->","yoast_head_json":{"title":"Turcijas 4 da\u013cu 50x90 dvie\u013cu komplekts - turcija 100% kokvilnas dvie\u013ci","description":"4 dvie\u013cu komplekts, turku dvie\u013cu komplekts, izgatavots no augstas kvalit\u0101tes kokvilnas materi\u0101la, kas apvieno komfortu un eleganci.","robots":{"index":"index","follow":"follow","max-snippet":"max-snippet:-1","max-image-preview":"max-image-preview:large","max-video-preview":"max-video-preview:-1"},"canonical":"https:\/\/minubaltic.ee\/lv\/e-pood\/roku-dvieli\/turcijas-4-dalu-50-90-dvielu-komplekts\/","og_locale":"lv_LV","og_type":"article","og_title":"Turcijas 4 da\u013cu 50x90 dvie\u013cu komplekts - turcija 100% kokvilnas dvie\u013ci","og_description":"4 dvie\u013cu komplekts, turku dvie\u013cu komplekts, izgatavots no augstas kvalit\u0101tes kokvilnas materi\u0101la, kas apvieno komfortu un eleganci.","og_url":"https:\/\/minubaltic.ee\/lv\/e-pood\/roku-dvieli\/turcijas-4-dalu-50-90-dvielu-komplekts\/","article_publisher":"https:\/\/www.facebook.com\/minubaltic","article_modified_time":"2025-01-14T16:01:58+00:00","og_image":[{"width":632,"height":632,"url":"https:\/\/minubaltic.ee\/wp-content\/uploads\/2024\/03\/trkomplektr-1.jpeg","type":"image\/jpeg"}],"twitter_card":"summary_large_image","twitter_misc":{"Est. reading time":"1 minute"},"schema":{"@context":"https:\/\/schema.org","@graph":[{"@type":"WebPage","@id":"https:\/\/minubaltic.ee\/lv\/e-pood\/roku-dvieli\/turcijas-4-dalu-50-90-dvielu-komplekts\/","url":"https:\/\/minubaltic.ee\/lv\/e-pood\/roku-dvieli\/turcijas-4-dalu-50-90-dvielu-komplekts\/","name":"Turcijas 4 da\u013cu 50x90 dvie\u013cu komplekts - turcija 100% kokvilnas dvie\u013ci","isPartOf":{"@id":"https:\/\/minubaltic.ee\/lv\/#website"},"primaryImageOfPage":{"@id":"https:\/\/minubaltic.ee\/lv\/e-pood\/roku-dvieli\/turcijas-4-dalu-50-90-dvielu-komplekts\/#primaryimage"},"image":{"@id":"https:\/\/minubaltic.ee\/lv\/e-pood\/roku-dvieli\/turcijas-4-dalu-50-90-dvielu-komplekts\/#primaryimage"},"thumbnailUrl":"https:\/\/minubaltic.ee\/wp-content\/uploads\/2024\/03\/trkomplektr-1.jpeg","datePublished":"2024-03-21T21:12:18+00:00","dateModified":"2025-01-14T16:01:58+00:00","description":"4 dvie\u013cu komplekts, turku dvie\u013cu komplekts, izgatavots no augstas kvalit\u0101tes kokvilnas materi\u0101la, kas apvieno komfortu un eleganci.","breadcrumb":{"@id":"https:\/\/minubaltic.ee\/lv\/e-pood\/roku-dvieli\/turcijas-4-dalu-50-90-dvielu-komplekts\/#breadcrumb"},"inLanguage":"lv-LV","potentialAction":[{"@type":"ReadAction","target":["https:\/\/minubaltic.ee\/lv\/e-pood\/roku-dvieli\/turcijas-4-dalu-50-90-dvielu-komplekts\/"]}]},{"@type":"ImageObject","inLanguage":"lv-LV","@id":"https:\/\/minubaltic.ee\/lv\/e-pood\/roku-dvieli\/turcijas-4-dalu-50-90-dvielu-komplekts\/#primaryimage","url":"https:\/\/minubaltic.ee\/wp-content\/uploads\/2024\/03\/trkomplektr-1.jpeg","contentUrl":"https:\/\/minubaltic.ee\/wp-content\/uploads\/2024\/03\/trkomplektr-1.jpeg","width":632,"height":632},{"@type":"BreadcrumbList","@id":"https:\/\/minubaltic.ee\/lv\/e-pood\/roku-dvieli\/turcijas-4-dalu-50-90-dvielu-komplekts\/#breadcrumb","itemListElement":[{"@type":"ListItem","position":1,"name":"S\u0101kums","item":"https:\/\/minubaltic.ee\/lv\/"},{"@type":"ListItem","position":2,"name":"E-veikals","item":"https:\/\/minubaltic.ee\/lv\/e-veikals\/"},{"@type":"ListItem","position":3,"name":"Turcijas 4 da\u013cu 50&#215;90 dvie\u013cu komplekts"}]},{"@type":"WebSite","@id":"https:\/\/minubaltic.ee\/lv\/#website","url":"https:\/\/minubaltic.ee\/lv\/","name":"minubaltic.ee","description":"","publisher":{"@id":"https:\/\/minubaltic.ee\/lv\/#organization"},"potentialAction":[{"@type":"SearchAction","target":{"@type":"EntryPoint","urlTemplate":"https:\/\/minubaltic.ee\/lv\/?s={search_term_string}"},"query-input":{"@type":"PropertyValueSpecification","valueRequired":true,"valueName":"search_term_string"}}],"inLanguage":"lv-LV"},{"@type":"Organization","@id":"https:\/\/minubaltic.ee\/lv\/#organization","name":"Minu Baltic O\u00dc","url":"https:\/\/minubaltic.ee\/lv\/","logo":{"@type":"ImageObject","inLanguage":"lv-LV","@id":"https:\/\/minubaltic.ee\/lv\/#\/schema\/logo\/image\/","url":"https:\/\/minubaltic.ee\/wp-content\/uploads\/2023\/10\/cropped-cropped-cropped-logo.png","contentUrl":"https:\/\/minubaltic.ee\/wp-content\/uploads\/2023\/10\/cropped-cropped-cropped-logo.png","width":500,"height":237,"caption":"Minu Baltic O\u00dc"},"image":{"@id":"https:\/\/minubaltic.ee\/lv\/#\/schema\/logo\/image\/"},"sameAs":["https:\/\/www.facebook.com\/minubaltic"]}]}},"_links":{"self":[{"href":"https:\/\/minubaltic.ee\/lv\/wp-json\/wp\/v2\/product\/22010","targetHints":{"allow":["GET"]}}],"collection":[{"href":"https:\/\/minubaltic.ee\/lv\/wp-json\/wp\/v2\/product"}],"about":[{"href":"https:\/\/minubaltic.ee\/lv\/wp-json\/wp\/v2\/types\/product"}],"replies":[{"embeddable":true,"href":"https:\/\/minubaltic.ee\/lv\/wp-json\/wp\/v2\/comments?post=22010"}],"version-history":[{"count":0,"href":"https:\/\/minubaltic.ee\/lv\/wp-json\/wp\/v2\/product\/22010\/revisions"}],"wp:featuredmedia":[{"embeddable":true,"href":"https:\/\/minubaltic.ee\/lv\/wp-json\/wp\/v2\/media\/22011"}],"wp:attachment":[{"href":"https:\/\/minubaltic.ee\/lv\/wp-json\/wp\/v2\/media?parent=22010"}],"wp:term":[{"taxonomy":"product_brand","embeddable":true,"href":"https:\/\/minubaltic.ee\/lv\/wp-json\/wp\/v2\/product_brand?post=22010"},{"taxonomy":"product_cat","embeddable":true,"href":"https:\/\/minubaltic.ee\/lv\/wp-json\/wp\/v2\/product_cat?post=22010"},{"taxonomy":"product_tag","embeddable":true,"href":"https:\/\/minubaltic.ee\/lv\/wp-json\/wp\/v2\/product_tag?post=22010"}],"curies":[{"name":"wp","href":"https:\/\/api.w.org\/{rel}","templated":true}]}}