{"id":21958,"date":"2024-03-31T20:42:39","date_gmt":"2024-03-31T17:42:39","guid":{"rendered":"https:\/\/minubaltic.ee\/e-pood\/maaratlemata\/juras-aerosoli-maijs\/"},"modified":"2024-04-06T13:59:38","modified_gmt":"2024-04-06T10:59:38","slug":"juras-aerosoli-maijs","status":"publish","type":"product","link":"https:\/\/minubaltic.ee\/lv\/e-pood\/davanas\/juras-aerosoli-maijs\/","title":{"rendered":"Ziepju rozes &#8211; maijs"},"content":{"rendered":"<p><strong>Materi\u0101ls:<\/strong> ziepju ziedi<br \/>\n<strong>Kr\u0101sa:<\/strong> k\u0101 par\u0101d\u012bts att\u0113los<br \/>\n<strong>Izm\u0113rs:<\/strong> 15*15*6 cm<\/p>\n","protected":false},"excerpt":{"rendered":"<p>Materi\u0101ls: ziepju ziedi<br \/>\nKr\u0101sa: k\u0101 par\u0101d\u012bts att\u0113los<br \/>\nIzm\u0113rs: 15*15*6 cm<\/p>\n<p>\ud83c\udf39 Ar rok\u0101m darin\u0101tas ziepju rozes rada romantisku atmosf\u0113ru.<\/p>\n","protected":false},"featured_media":21960,"comment_status":"open","ping_status":"closed","template":"","meta":[],"product_brand":[],"product_cat":[436,449],"product_tag":[459,460],"class_list":{"0":"post-21958","1":"product","2":"type-product","3":"status-publish","4":"has-post-thumbnail","6":"product_cat-davanas","7":"product_cat-ziepju-rozes","8":"product_tag-e-komercija","9":"product_tag-e-veikals","11":"first","12":"instock","13":"sale","14":"shipping-taxable","15":"purchasable","16":"product-type-simple"},"yoast_head":"<!-- This site is optimized with the Yoast SEO plugin v27.3 - https:\/\/yoast.com\/product\/yoast-seo-wordpress\/ -->\n<title>Ziepju rozes - maijs - 50% atlaide d\u0101vanu prec\u0113m<\/title>\n<meta name=\"description\" content=\"Ziepju ro\u017eu d\u0101vanu kaste da\u017e\u0101d\u0101m rotasliet\u0101m ir burv\u012bgs un elegants aksesu\u0101rs, kas apvieno ziedu skaistumu ar rotaslietu kast\u012btes praktiskumu.\" \/>\n<meta name=\"robots\" content=\"index, follow, max-snippet:-1, max-image-preview:large, max-video-preview:-1\" \/>\n<link rel=\"canonical\" href=\"https:\/\/minubaltic.ee\/lv\/e-pood\/davanas\/juras-aerosoli-maijs\/\" \/>\n<meta property=\"og:locale\" content=\"lv_LV\" \/>\n<meta property=\"og:type\" content=\"article\" \/>\n<meta property=\"og:title\" content=\"Ziepju rozes - maijs - 50% atlaide d\u0101vanu prec\u0113m\" \/>\n<meta property=\"og:description\" content=\"Ziepju ro\u017eu d\u0101vanu kaste da\u017e\u0101d\u0101m rotasliet\u0101m ir burv\u012bgs un elegants aksesu\u0101rs, kas apvieno ziedu skaistumu ar rotaslietu kast\u012btes praktiskumu.\" \/>\n<meta property=\"og:url\" content=\"https:\/\/minubaltic.ee\/lv\/e-pood\/davanas\/juras-aerosoli-maijs\/\" \/>\n<meta property=\"article:publisher\" content=\"https:\/\/www.facebook.com\/minubaltic\" \/>\n<meta property=\"article:modified_time\" content=\"2024-04-06T10:59:38+00:00\" \/>\n<meta property=\"og:image\" content=\"https:\/\/minubaltic.ee\/wp-content\/uploads\/2024\/03\/835270959151370452.jpg\" \/>\n\t<meta property=\"og:image:width\" content=\"650\" \/>\n\t<meta property=\"og:image:height\" content=\"650\" \/>\n\t<meta property=\"og:image:type\" content=\"image\/jpeg\" \/>\n<meta name=\"twitter:card\" content=\"summary_large_image\" \/>\n<meta name=\"twitter:label1\" content=\"Est. reading time\" \/>\n\t<meta name=\"twitter:data1\" content=\"1 minute\" \/>\n<script type=\"application\/ld+json\" class=\"yoast-schema-graph\">{\"@context\":\"https:\\\/\\\/schema.org\",\"@graph\":[{\"@type\":\"WebPage\",\"@id\":\"https:\\\/\\\/minubaltic.ee\\\/lv\\\/e-pood\\\/davanas\\\/juras-aerosoli-maijs\\\/\",\"url\":\"https:\\\/\\\/minubaltic.ee\\\/lv\\\/e-pood\\\/davanas\\\/juras-aerosoli-maijs\\\/\",\"name\":\"Ziepju rozes - maijs - 50% atlaide d\u0101vanu prec\u0113m\",\"isPartOf\":{\"@id\":\"https:\\\/\\\/minubaltic.ee\\\/lv\\\/#website\"},\"primaryImageOfPage\":{\"@id\":\"https:\\\/\\\/minubaltic.ee\\\/lv\\\/e-pood\\\/davanas\\\/juras-aerosoli-maijs\\\/#primaryimage\"},\"image\":{\"@id\":\"https:\\\/\\\/minubaltic.ee\\\/lv\\\/e-pood\\\/davanas\\\/juras-aerosoli-maijs\\\/#primaryimage\"},\"thumbnailUrl\":\"https:\\\/\\\/minubaltic.ee\\\/wp-content\\\/uploads\\\/2024\\\/03\\\/835270959151370452.jpg\",\"datePublished\":\"2024-03-31T17:42:39+00:00\",\"dateModified\":\"2024-04-06T10:59:38+00:00\",\"description\":\"Ziepju ro\u017eu d\u0101vanu kaste da\u017e\u0101d\u0101m rotasliet\u0101m ir burv\u012bgs un elegants aksesu\u0101rs, kas apvieno ziedu skaistumu ar rotaslietu kast\u012btes praktiskumu.\",\"breadcrumb\":{\"@id\":\"https:\\\/\\\/minubaltic.ee\\\/lv\\\/e-pood\\\/davanas\\\/juras-aerosoli-maijs\\\/#breadcrumb\"},\"inLanguage\":\"lv-LV\",\"potentialAction\":[{\"@type\":\"ReadAction\",\"target\":[\"https:\\\/\\\/minubaltic.ee\\\/lv\\\/e-pood\\\/davanas\\\/juras-aerosoli-maijs\\\/\"]}]},{\"@type\":\"ImageObject\",\"inLanguage\":\"lv-LV\",\"@id\":\"https:\\\/\\\/minubaltic.ee\\\/lv\\\/e-pood\\\/davanas\\\/juras-aerosoli-maijs\\\/#primaryimage\",\"url\":\"https:\\\/\\\/minubaltic.ee\\\/wp-content\\\/uploads\\\/2024\\\/03\\\/835270959151370452.jpg\",\"contentUrl\":\"https:\\\/\\\/minubaltic.ee\\\/wp-content\\\/uploads\\\/2024\\\/03\\\/835270959151370452.jpg\",\"width\":650,\"height\":650},{\"@type\":\"BreadcrumbList\",\"@id\":\"https:\\\/\\\/minubaltic.ee\\\/lv\\\/e-pood\\\/davanas\\\/juras-aerosoli-maijs\\\/#breadcrumb\",\"itemListElement\":[{\"@type\":\"ListItem\",\"position\":1,\"name\":\"S\u0101kums\",\"item\":\"https:\\\/\\\/minubaltic.ee\\\/lv\\\/\"},{\"@type\":\"ListItem\",\"position\":2,\"name\":\"E-veikals\",\"item\":\"https:\\\/\\\/minubaltic.ee\\\/lv\\\/e-veikals\\\/\"},{\"@type\":\"ListItem\",\"position\":3,\"name\":\"Ziepju rozes &#8211; maijs\"}]},{\"@type\":\"WebSite\",\"@id\":\"https:\\\/\\\/minubaltic.ee\\\/lv\\\/#website\",\"url\":\"https:\\\/\\\/minubaltic.ee\\\/lv\\\/\",\"name\":\"minubaltic.ee\",\"description\":\"\",\"publisher\":{\"@id\":\"https:\\\/\\\/minubaltic.ee\\\/lv\\\/#organization\"},\"potentialAction\":[{\"@type\":\"SearchAction\",\"target\":{\"@type\":\"EntryPoint\",\"urlTemplate\":\"https:\\\/\\\/minubaltic.ee\\\/lv\\\/?s={search_term_string}\"},\"query-input\":{\"@type\":\"PropertyValueSpecification\",\"valueRequired\":true,\"valueName\":\"search_term_string\"}}],\"inLanguage\":\"lv-LV\"},{\"@type\":\"Organization\",\"@id\":\"https:\\\/\\\/minubaltic.ee\\\/lv\\\/#organization\",\"name\":\"Minu Baltic O\u00dc\",\"url\":\"https:\\\/\\\/minubaltic.ee\\\/lv\\\/\",\"logo\":{\"@type\":\"ImageObject\",\"inLanguage\":\"lv-LV\",\"@id\":\"https:\\\/\\\/minubaltic.ee\\\/lv\\\/#\\\/schema\\\/logo\\\/image\\\/\",\"url\":\"https:\\\/\\\/minubaltic.ee\\\/wp-content\\\/uploads\\\/2023\\\/10\\\/cropped-cropped-cropped-logo.png\",\"contentUrl\":\"https:\\\/\\\/minubaltic.ee\\\/wp-content\\\/uploads\\\/2023\\\/10\\\/cropped-cropped-cropped-logo.png\",\"width\":500,\"height\":237,\"caption\":\"Minu Baltic O\u00dc\"},\"image\":{\"@id\":\"https:\\\/\\\/minubaltic.ee\\\/lv\\\/#\\\/schema\\\/logo\\\/image\\\/\"},\"sameAs\":[\"https:\\\/\\\/www.facebook.com\\\/minubaltic\"]}]}<\/script>\n<!-- \/ Yoast SEO plugin. -->","yoast_head_json":{"title":"Ziepju rozes - maijs - 50% atlaide d\u0101vanu prec\u0113m","description":"Ziepju ro\u017eu d\u0101vanu kaste da\u017e\u0101d\u0101m rotasliet\u0101m ir burv\u012bgs un elegants aksesu\u0101rs, kas apvieno ziedu skaistumu ar rotaslietu kast\u012btes praktiskumu.","robots":{"index":"index","follow":"follow","max-snippet":"max-snippet:-1","max-image-preview":"max-image-preview:large","max-video-preview":"max-video-preview:-1"},"canonical":"https:\/\/minubaltic.ee\/lv\/e-pood\/davanas\/juras-aerosoli-maijs\/","og_locale":"lv_LV","og_type":"article","og_title":"Ziepju rozes - maijs - 50% atlaide d\u0101vanu prec\u0113m","og_description":"Ziepju ro\u017eu d\u0101vanu kaste da\u017e\u0101d\u0101m rotasliet\u0101m ir burv\u012bgs un elegants aksesu\u0101rs, kas apvieno ziedu skaistumu ar rotaslietu kast\u012btes praktiskumu.","og_url":"https:\/\/minubaltic.ee\/lv\/e-pood\/davanas\/juras-aerosoli-maijs\/","article_publisher":"https:\/\/www.facebook.com\/minubaltic","article_modified_time":"2024-04-06T10:59:38+00:00","og_image":[{"width":650,"height":650,"url":"https:\/\/minubaltic.ee\/wp-content\/uploads\/2024\/03\/835270959151370452.jpg","type":"image\/jpeg"}],"twitter_card":"summary_large_image","twitter_misc":{"Est. reading time":"1 minute"},"schema":{"@context":"https:\/\/schema.org","@graph":[{"@type":"WebPage","@id":"https:\/\/minubaltic.ee\/lv\/e-pood\/davanas\/juras-aerosoli-maijs\/","url":"https:\/\/minubaltic.ee\/lv\/e-pood\/davanas\/juras-aerosoli-maijs\/","name":"Ziepju rozes - maijs - 50% atlaide d\u0101vanu prec\u0113m","isPartOf":{"@id":"https:\/\/minubaltic.ee\/lv\/#website"},"primaryImageOfPage":{"@id":"https:\/\/minubaltic.ee\/lv\/e-pood\/davanas\/juras-aerosoli-maijs\/#primaryimage"},"image":{"@id":"https:\/\/minubaltic.ee\/lv\/e-pood\/davanas\/juras-aerosoli-maijs\/#primaryimage"},"thumbnailUrl":"https:\/\/minubaltic.ee\/wp-content\/uploads\/2024\/03\/835270959151370452.jpg","datePublished":"2024-03-31T17:42:39+00:00","dateModified":"2024-04-06T10:59:38+00:00","description":"Ziepju ro\u017eu d\u0101vanu kaste da\u017e\u0101d\u0101m rotasliet\u0101m ir burv\u012bgs un elegants aksesu\u0101rs, kas apvieno ziedu skaistumu ar rotaslietu kast\u012btes praktiskumu.","breadcrumb":{"@id":"https:\/\/minubaltic.ee\/lv\/e-pood\/davanas\/juras-aerosoli-maijs\/#breadcrumb"},"inLanguage":"lv-LV","potentialAction":[{"@type":"ReadAction","target":["https:\/\/minubaltic.ee\/lv\/e-pood\/davanas\/juras-aerosoli-maijs\/"]}]},{"@type":"ImageObject","inLanguage":"lv-LV","@id":"https:\/\/minubaltic.ee\/lv\/e-pood\/davanas\/juras-aerosoli-maijs\/#primaryimage","url":"https:\/\/minubaltic.ee\/wp-content\/uploads\/2024\/03\/835270959151370452.jpg","contentUrl":"https:\/\/minubaltic.ee\/wp-content\/uploads\/2024\/03\/835270959151370452.jpg","width":650,"height":650},{"@type":"BreadcrumbList","@id":"https:\/\/minubaltic.ee\/lv\/e-pood\/davanas\/juras-aerosoli-maijs\/#breadcrumb","itemListElement":[{"@type":"ListItem","position":1,"name":"S\u0101kums","item":"https:\/\/minubaltic.ee\/lv\/"},{"@type":"ListItem","position":2,"name":"E-veikals","item":"https:\/\/minubaltic.ee\/lv\/e-veikals\/"},{"@type":"ListItem","position":3,"name":"Ziepju rozes &#8211; maijs"}]},{"@type":"WebSite","@id":"https:\/\/minubaltic.ee\/lv\/#website","url":"https:\/\/minubaltic.ee\/lv\/","name":"minubaltic.ee","description":"","publisher":{"@id":"https:\/\/minubaltic.ee\/lv\/#organization"},"potentialAction":[{"@type":"SearchAction","target":{"@type":"EntryPoint","urlTemplate":"https:\/\/minubaltic.ee\/lv\/?s={search_term_string}"},"query-input":{"@type":"PropertyValueSpecification","valueRequired":true,"valueName":"search_term_string"}}],"inLanguage":"lv-LV"},{"@type":"Organization","@id":"https:\/\/minubaltic.ee\/lv\/#organization","name":"Minu Baltic O\u00dc","url":"https:\/\/minubaltic.ee\/lv\/","logo":{"@type":"ImageObject","inLanguage":"lv-LV","@id":"https:\/\/minubaltic.ee\/lv\/#\/schema\/logo\/image\/","url":"https:\/\/minubaltic.ee\/wp-content\/uploads\/2023\/10\/cropped-cropped-cropped-logo.png","contentUrl":"https:\/\/minubaltic.ee\/wp-content\/uploads\/2023\/10\/cropped-cropped-cropped-logo.png","width":500,"height":237,"caption":"Minu Baltic O\u00dc"},"image":{"@id":"https:\/\/minubaltic.ee\/lv\/#\/schema\/logo\/image\/"},"sameAs":["https:\/\/www.facebook.com\/minubaltic"]}]}},"_links":{"self":[{"href":"https:\/\/minubaltic.ee\/lv\/wp-json\/wp\/v2\/product\/21958","targetHints":{"allow":["GET"]}}],"collection":[{"href":"https:\/\/minubaltic.ee\/lv\/wp-json\/wp\/v2\/product"}],"about":[{"href":"https:\/\/minubaltic.ee\/lv\/wp-json\/wp\/v2\/types\/product"}],"replies":[{"embeddable":true,"href":"https:\/\/minubaltic.ee\/lv\/wp-json\/wp\/v2\/comments?post=21958"}],"version-history":[{"count":0,"href":"https:\/\/minubaltic.ee\/lv\/wp-json\/wp\/v2\/product\/21958\/revisions"}],"wp:featuredmedia":[{"embeddable":true,"href":"https:\/\/minubaltic.ee\/lv\/wp-json\/wp\/v2\/media\/21960"}],"wp:attachment":[{"href":"https:\/\/minubaltic.ee\/lv\/wp-json\/wp\/v2\/media?parent=21958"}],"wp:term":[{"taxonomy":"product_brand","embeddable":true,"href":"https:\/\/minubaltic.ee\/lv\/wp-json\/wp\/v2\/product_brand?post=21958"},{"taxonomy":"product_cat","embeddable":true,"href":"https:\/\/minubaltic.ee\/lv\/wp-json\/wp\/v2\/product_cat?post=21958"},{"taxonomy":"product_tag","embeddable":true,"href":"https:\/\/minubaltic.ee\/lv\/wp-json\/wp\/v2\/product_tag?post=21958"}],"curies":[{"name":"wp","href":"https:\/\/api.w.org\/{rel}","templated":true}]}}