{"id":17475,"date":"2024-02-10T18:16:23","date_gmt":"2024-02-10T15:16:23","guid":{"rendered":"https:\/\/minubaltic.ee\/?post_type=product&#038;p=17475"},"modified":"2025-03-04T23:40:24","modified_gmt":"2025-03-04T20:40:24","slug":"komplekt-naisele-ja-mehele-mustvalge","status":"publish","type":"product","link":"https:\/\/minubaltic.ee\/lv\/e-pood\/aksesuari\/komplekt-naisele-ja-mehele-mustvalge\/","title":{"rendered":"Komplekt naisele ja mehele (must+valge)"},"content":{"rendered":"<p>Kellarihma pikkus ca: 240 mm<br \/>\nKellarihma laius ca: 10 mm<br \/>\nKella korpuse l\u00e4bim\u00f5\u00f5t ca: 37 mm<br \/>\nKella korpuse paksus: umbes 8 mm<br \/>\nKomplektis: 2 x k\u00e4ekell<br \/>\nKellakarp ei kuulu komplekti<\/p>\n","protected":false},"excerpt":{"rendered":"<p>Ava oma stiilin\u00e4gemine uue generatsiooni k\u00e4ekellaga! Ole s\u00e4rav ja enesekindel igas hetkes, kandes elegantsi ja kvaliteeti s\u00fcmboliseerivat kelladisaini. K\u00e4ekellade kollektsioonil on midagi igale maitsele ja stiilile &#8211; alustades minimalistlikust ja puhtast disainist kuni keerukate detailide ja s\u00e4delevate kristallidega mudeliteni.<br \/>\nKellad on loodud vastama aktiivsete ja ambitsioonikate inimeste ootustele, kes soovivad v\u00e4ljendada oma individuaalsust l\u00e4bi elegantsi ja stiili.<br \/>\nK\u00e4ekellad on rohkem kui vaid ajan\u00e4itajad &#8211; need on unikaalsed ja silmapaistvad aksessuaarid, mis t\u00e4iendavad sinu igap\u00e4evast stiili ja muudavad su v\u00e4limuse kauniks ning t\u00e4helepanuv\u00e4\u00e4rseks.<\/p>\n","protected":false},"featured_media":17476,"comment_status":"open","ping_status":"closed","template":"","meta":[],"product_brand":[],"product_cat":[53,246],"product_tag":[158],"class_list":{"0":"post-17475","1":"product","2":"type-product","3":"status-publish","4":"has-post-thumbnail","6":"product_cat-aksessuaarid","7":"product_cat-kaekellad","8":"product_tag-e-pood","10":"first","11":"outofstock","12":"shipping-taxable","13":"purchasable","14":"product-type-simple"},"yoast_head":"<!-- This site is optimized with the Yoast SEO plugin v27.4 - https:\/\/yoast.com\/product\/yoast-seo-wordpress\/ -->\n<title>Komplekt naisele ja mehele (must+valge) - Hea hind 2,5\u20ac<\/title>\n<meta name=\"description\" content=\"Spetsiaalselt valitud kollektsioon k\u00e4ekellahuvilistele. Valige meeste ja naiste uusimate kellamudelite hulgast oma stiilile sobiv k\u00e4ekell.\" \/>\n<meta name=\"robots\" content=\"index, follow, max-snippet:-1, max-image-preview:large, max-video-preview:-1\" \/>\n<link rel=\"canonical\" href=\"https:\/\/minubaltic.ee\/lv\/e-pood\/aksesuari\/komplekt-naisele-ja-mehele-mustvalge\/\" \/>\n<meta property=\"og:locale\" content=\"lv_LV\" \/>\n<meta property=\"og:type\" content=\"article\" \/>\n<meta property=\"og:title\" content=\"Komplekt naisele ja mehele (must+valge) - Hea hind 2,5\u20ac\" \/>\n<meta property=\"og:description\" content=\"Spetsiaalselt valitud kollektsioon k\u00e4ekellahuvilistele. Valige meeste ja naiste uusimate kellamudelite hulgast oma stiilile sobiv k\u00e4ekell.\" \/>\n<meta property=\"og:url\" content=\"https:\/\/minubaltic.ee\/lv\/e-pood\/aksesuari\/komplekt-naisele-ja-mehele-mustvalge\/\" \/>\n<meta property=\"article:publisher\" content=\"https:\/\/www.facebook.com\/minubaltic\" \/>\n<meta property=\"article:modified_time\" content=\"2025-03-04T20:40:24+00:00\" \/>\n<meta property=\"og:image\" content=\"https:\/\/minubaltic.ee\/wp-content\/uploads\/2024\/02\/h-19.jpg\" \/>\n\t<meta property=\"og:image:width\" content=\"500\" \/>\n\t<meta property=\"og:image:height\" content=\"500\" \/>\n\t<meta property=\"og:image:type\" content=\"image\/jpeg\" \/>\n<meta name=\"twitter:card\" content=\"summary_large_image\" \/>\n<meta name=\"twitter:label1\" content=\"Est. reading time\" \/>\n\t<meta name=\"twitter:data1\" content=\"1 minute\" \/>\n<script type=\"application\/ld+json\" class=\"yoast-schema-graph\">{\"@context\":\"https:\\\/\\\/schema.org\",\"@graph\":[{\"@type\":\"WebPage\",\"@id\":\"https:\\\/\\\/minubaltic.ee\\\/lv\\\/e-pood\\\/aksesuari\\\/komplekt-naisele-ja-mehele-mustvalge\\\/\",\"url\":\"https:\\\/\\\/minubaltic.ee\\\/lv\\\/e-pood\\\/aksesuari\\\/komplekt-naisele-ja-mehele-mustvalge\\\/\",\"name\":\"Komplekt naisele ja mehele (must+valge) - Hea hind 2,5\u20ac\",\"isPartOf\":{\"@id\":\"https:\\\/\\\/minubaltic.ee\\\/lv\\\/#website\"},\"primaryImageOfPage\":{\"@id\":\"https:\\\/\\\/minubaltic.ee\\\/lv\\\/e-pood\\\/aksesuari\\\/komplekt-naisele-ja-mehele-mustvalge\\\/#primaryimage\"},\"image\":{\"@id\":\"https:\\\/\\\/minubaltic.ee\\\/lv\\\/e-pood\\\/aksesuari\\\/komplekt-naisele-ja-mehele-mustvalge\\\/#primaryimage\"},\"thumbnailUrl\":\"https:\\\/\\\/minubaltic.ee\\\/wp-content\\\/uploads\\\/2024\\\/02\\\/h-19.jpg\",\"datePublished\":\"2024-02-10T15:16:23+00:00\",\"dateModified\":\"2025-03-04T20:40:24+00:00\",\"description\":\"Spetsiaalselt valitud kollektsioon k\u00e4ekellahuvilistele. Valige meeste ja naiste uusimate kellamudelite hulgast oma stiilile sobiv k\u00e4ekell.\",\"breadcrumb\":{\"@id\":\"https:\\\/\\\/minubaltic.ee\\\/lv\\\/e-pood\\\/aksesuari\\\/komplekt-naisele-ja-mehele-mustvalge\\\/#breadcrumb\"},\"inLanguage\":\"lv-LV\",\"potentialAction\":[{\"@type\":\"ReadAction\",\"target\":[\"https:\\\/\\\/minubaltic.ee\\\/lv\\\/e-pood\\\/aksesuari\\\/komplekt-naisele-ja-mehele-mustvalge\\\/\"]}]},{\"@type\":\"ImageObject\",\"inLanguage\":\"lv-LV\",\"@id\":\"https:\\\/\\\/minubaltic.ee\\\/lv\\\/e-pood\\\/aksesuari\\\/komplekt-naisele-ja-mehele-mustvalge\\\/#primaryimage\",\"url\":\"https:\\\/\\\/minubaltic.ee\\\/wp-content\\\/uploads\\\/2024\\\/02\\\/h-19.jpg\",\"contentUrl\":\"https:\\\/\\\/minubaltic.ee\\\/wp-content\\\/uploads\\\/2024\\\/02\\\/h-19.jpg\",\"width\":500,\"height\":500},{\"@type\":\"BreadcrumbList\",\"@id\":\"https:\\\/\\\/minubaltic.ee\\\/lv\\\/e-pood\\\/aksesuari\\\/komplekt-naisele-ja-mehele-mustvalge\\\/#breadcrumb\",\"itemListElement\":[{\"@type\":\"ListItem\",\"position\":1,\"name\":\"S\u0101kums\",\"item\":\"https:\\\/\\\/minubaltic.ee\\\/lv\\\/\"},{\"@type\":\"ListItem\",\"position\":2,\"name\":\"E-veikals\",\"item\":\"https:\\\/\\\/minubaltic.ee\\\/lv\\\/e-veikals\\\/\"},{\"@type\":\"ListItem\",\"position\":3,\"name\":\"Komplekt naisele ja mehele (must+valge)\"}]},{\"@type\":\"WebSite\",\"@id\":\"https:\\\/\\\/minubaltic.ee\\\/lv\\\/#website\",\"url\":\"https:\\\/\\\/minubaltic.ee\\\/lv\\\/\",\"name\":\"minubaltic.ee\",\"description\":\"\",\"publisher\":{\"@id\":\"https:\\\/\\\/minubaltic.ee\\\/lv\\\/#organization\"},\"potentialAction\":[{\"@type\":\"SearchAction\",\"target\":{\"@type\":\"EntryPoint\",\"urlTemplate\":\"https:\\\/\\\/minubaltic.ee\\\/lv\\\/?s={search_term_string}\"},\"query-input\":{\"@type\":\"PropertyValueSpecification\",\"valueRequired\":true,\"valueName\":\"search_term_string\"}}],\"inLanguage\":\"lv-LV\"},{\"@type\":\"Organization\",\"@id\":\"https:\\\/\\\/minubaltic.ee\\\/lv\\\/#organization\",\"name\":\"Minu Baltic O\u00dc\",\"url\":\"https:\\\/\\\/minubaltic.ee\\\/lv\\\/\",\"logo\":{\"@type\":\"ImageObject\",\"inLanguage\":\"lv-LV\",\"@id\":\"https:\\\/\\\/minubaltic.ee\\\/lv\\\/#\\\/schema\\\/logo\\\/image\\\/\",\"url\":\"https:\\\/\\\/minubaltic.ee\\\/wp-content\\\/uploads\\\/2023\\\/10\\\/cropped-cropped-cropped-logo.png\",\"contentUrl\":\"https:\\\/\\\/minubaltic.ee\\\/wp-content\\\/uploads\\\/2023\\\/10\\\/cropped-cropped-cropped-logo.png\",\"width\":500,\"height\":237,\"caption\":\"Minu Baltic O\u00dc\"},\"image\":{\"@id\":\"https:\\\/\\\/minubaltic.ee\\\/lv\\\/#\\\/schema\\\/logo\\\/image\\\/\"},\"sameAs\":[\"https:\\\/\\\/www.facebook.com\\\/minubaltic\"]}]}<\/script>\n<!-- \/ Yoast SEO plugin. -->","yoast_head_json":{"title":"Komplekt naisele ja mehele (must+valge) - Hea hind 2,5\u20ac","description":"Spetsiaalselt valitud kollektsioon k\u00e4ekellahuvilistele. Valige meeste ja naiste uusimate kellamudelite hulgast oma stiilile sobiv k\u00e4ekell.","robots":{"index":"index","follow":"follow","max-snippet":"max-snippet:-1","max-image-preview":"max-image-preview:large","max-video-preview":"max-video-preview:-1"},"canonical":"https:\/\/minubaltic.ee\/lv\/e-pood\/aksesuari\/komplekt-naisele-ja-mehele-mustvalge\/","og_locale":"lv_LV","og_type":"article","og_title":"Komplekt naisele ja mehele (must+valge) - Hea hind 2,5\u20ac","og_description":"Spetsiaalselt valitud kollektsioon k\u00e4ekellahuvilistele. Valige meeste ja naiste uusimate kellamudelite hulgast oma stiilile sobiv k\u00e4ekell.","og_url":"https:\/\/minubaltic.ee\/lv\/e-pood\/aksesuari\/komplekt-naisele-ja-mehele-mustvalge\/","article_publisher":"https:\/\/www.facebook.com\/minubaltic","article_modified_time":"2025-03-04T20:40:24+00:00","og_image":[{"width":500,"height":500,"url":"https:\/\/minubaltic.ee\/wp-content\/uploads\/2024\/02\/h-19.jpg","type":"image\/jpeg"}],"twitter_card":"summary_large_image","twitter_misc":{"Est. reading time":"1 minute"},"schema":{"@context":"https:\/\/schema.org","@graph":[{"@type":"WebPage","@id":"https:\/\/minubaltic.ee\/lv\/e-pood\/aksesuari\/komplekt-naisele-ja-mehele-mustvalge\/","url":"https:\/\/minubaltic.ee\/lv\/e-pood\/aksesuari\/komplekt-naisele-ja-mehele-mustvalge\/","name":"Komplekt naisele ja mehele (must+valge) - Hea hind 2,5\u20ac","isPartOf":{"@id":"https:\/\/minubaltic.ee\/lv\/#website"},"primaryImageOfPage":{"@id":"https:\/\/minubaltic.ee\/lv\/e-pood\/aksesuari\/komplekt-naisele-ja-mehele-mustvalge\/#primaryimage"},"image":{"@id":"https:\/\/minubaltic.ee\/lv\/e-pood\/aksesuari\/komplekt-naisele-ja-mehele-mustvalge\/#primaryimage"},"thumbnailUrl":"https:\/\/minubaltic.ee\/wp-content\/uploads\/2024\/02\/h-19.jpg","datePublished":"2024-02-10T15:16:23+00:00","dateModified":"2025-03-04T20:40:24+00:00","description":"Spetsiaalselt valitud kollektsioon k\u00e4ekellahuvilistele. Valige meeste ja naiste uusimate kellamudelite hulgast oma stiilile sobiv k\u00e4ekell.","breadcrumb":{"@id":"https:\/\/minubaltic.ee\/lv\/e-pood\/aksesuari\/komplekt-naisele-ja-mehele-mustvalge\/#breadcrumb"},"inLanguage":"lv-LV","potentialAction":[{"@type":"ReadAction","target":["https:\/\/minubaltic.ee\/lv\/e-pood\/aksesuari\/komplekt-naisele-ja-mehele-mustvalge\/"]}]},{"@type":"ImageObject","inLanguage":"lv-LV","@id":"https:\/\/minubaltic.ee\/lv\/e-pood\/aksesuari\/komplekt-naisele-ja-mehele-mustvalge\/#primaryimage","url":"https:\/\/minubaltic.ee\/wp-content\/uploads\/2024\/02\/h-19.jpg","contentUrl":"https:\/\/minubaltic.ee\/wp-content\/uploads\/2024\/02\/h-19.jpg","width":500,"height":500},{"@type":"BreadcrumbList","@id":"https:\/\/minubaltic.ee\/lv\/e-pood\/aksesuari\/komplekt-naisele-ja-mehele-mustvalge\/#breadcrumb","itemListElement":[{"@type":"ListItem","position":1,"name":"S\u0101kums","item":"https:\/\/minubaltic.ee\/lv\/"},{"@type":"ListItem","position":2,"name":"E-veikals","item":"https:\/\/minubaltic.ee\/lv\/e-veikals\/"},{"@type":"ListItem","position":3,"name":"Komplekt naisele ja mehele (must+valge)"}]},{"@type":"WebSite","@id":"https:\/\/minubaltic.ee\/lv\/#website","url":"https:\/\/minubaltic.ee\/lv\/","name":"minubaltic.ee","description":"","publisher":{"@id":"https:\/\/minubaltic.ee\/lv\/#organization"},"potentialAction":[{"@type":"SearchAction","target":{"@type":"EntryPoint","urlTemplate":"https:\/\/minubaltic.ee\/lv\/?s={search_term_string}"},"query-input":{"@type":"PropertyValueSpecification","valueRequired":true,"valueName":"search_term_string"}}],"inLanguage":"lv-LV"},{"@type":"Organization","@id":"https:\/\/minubaltic.ee\/lv\/#organization","name":"Minu Baltic O\u00dc","url":"https:\/\/minubaltic.ee\/lv\/","logo":{"@type":"ImageObject","inLanguage":"lv-LV","@id":"https:\/\/minubaltic.ee\/lv\/#\/schema\/logo\/image\/","url":"https:\/\/minubaltic.ee\/wp-content\/uploads\/2023\/10\/cropped-cropped-cropped-logo.png","contentUrl":"https:\/\/minubaltic.ee\/wp-content\/uploads\/2023\/10\/cropped-cropped-cropped-logo.png","width":500,"height":237,"caption":"Minu Baltic O\u00dc"},"image":{"@id":"https:\/\/minubaltic.ee\/lv\/#\/schema\/logo\/image\/"},"sameAs":["https:\/\/www.facebook.com\/minubaltic"]}]}},"_links":{"self":[{"href":"https:\/\/minubaltic.ee\/lv\/wp-json\/wp\/v2\/product\/17475","targetHints":{"allow":["GET"]}}],"collection":[{"href":"https:\/\/minubaltic.ee\/lv\/wp-json\/wp\/v2\/product"}],"about":[{"href":"https:\/\/minubaltic.ee\/lv\/wp-json\/wp\/v2\/types\/product"}],"replies":[{"embeddable":true,"href":"https:\/\/minubaltic.ee\/lv\/wp-json\/wp\/v2\/comments?post=17475"}],"version-history":[{"count":1,"href":"https:\/\/minubaltic.ee\/lv\/wp-json\/wp\/v2\/product\/17475\/revisions"}],"predecessor-version":[{"id":43562,"href":"https:\/\/minubaltic.ee\/lv\/wp-json\/wp\/v2\/product\/17475\/revisions\/43562"}],"wp:featuredmedia":[{"embeddable":true,"href":"https:\/\/minubaltic.ee\/lv\/wp-json\/wp\/v2\/media\/17476"}],"wp:attachment":[{"href":"https:\/\/minubaltic.ee\/lv\/wp-json\/wp\/v2\/media?parent=17475"}],"wp:term":[{"taxonomy":"product_brand","embeddable":true,"href":"https:\/\/minubaltic.ee\/lv\/wp-json\/wp\/v2\/product_brand?post=17475"},{"taxonomy":"product_cat","embeddable":true,"href":"https:\/\/minubaltic.ee\/lv\/wp-json\/wp\/v2\/product_cat?post=17475"},{"taxonomy":"product_tag","embeddable":true,"href":"https:\/\/minubaltic.ee\/lv\/wp-json\/wp\/v2\/product_tag?post=17475"}],"curies":[{"name":"wp","href":"https:\/\/api.w.org\/{rel}","templated":true}]}}