{"id":25306,"date":"2024-05-12T19:57:10","date_gmt":"2024-05-12T16:57:10","guid":{"rendered":"https:\/\/minubaltic.ee\/statistika\/"},"modified":"2024-06-07T23:58:54","modified_gmt":"2024-06-07T20:58:54","slug":"statistika","status":"publish","type":"page","link":"https:\/\/minubaltic.ee\/lv\/statistika\/","title":{"rendered":"Statistika"},"content":{"rendered":"\t\t<div data-elementor-type=\"wp-page\" data-elementor-id=\"25306\" class=\"elementor elementor-25306 elementor-25152\">\n\t\t\t\t<div class=\"wd-negative-gap elementor-element elementor-element-a72d4f5 e-flex e-con-boxed e-con e-parent\" data-id=\"a72d4f5\" data-element_type=\"container\" data-e-type=\"container\">\n\t\t\t\t\t<div class=\"e-con-inner\">\n\t\t\t\t<div class=\"elementor-element elementor-element-698ab9d elementor-widget elementor-widget-wd_text_block\" data-id=\"698ab9d\" data-element_type=\"widget\" data-e-type=\"widget\" data-widget_type=\"wd_text_block.default\">\n\t\t\t\t<div class=\"elementor-widget-container\">\n\t\t\t\t\t\t\t<div class=\"wd-text-block reset-last-child text-left\">\n\t\t\t\n\t\t\t<p>Cik produktu \u0161om\u0113nes (<strong>J\u016bnijs<\/strong>) tika p\u0101rdoti uz da\u017e\u0101d\u0101m valst\u012bm?<\/p><p><strong style=\"font-size: 14px; text-align: var(--text-align); background-color: var(--wd-main-bgcolor); color: var(--wd-text-color);\">PIEZ\u012aME:<\/strong><span style=\"font-size: 14px; text-align: var(--text-align); background-color: var(--wd-main-bgcolor); color: var(--wd-text-color);\"> Sist\u0113ma atjaunina statistiku ik p\u0113c 24 stund\u0101m.<\/span><\/p>\n\t\t\t\t\t<\/div>\n\t\t\t\t\t\t<\/div>\n\t\t\t\t<\/div>\n\t\t\t\t\t<\/div>\n\t\t\t\t<\/div>\n\t\t<div class=\"wd-negative-gap elementor-element elementor-element-12d5972 e-flex e-con-boxed e-con e-parent\" data-id=\"12d5972\" data-element_type=\"container\" data-e-type=\"container\">\n\t\t\t\t\t<div class=\"e-con-inner\">\n\t\t\t\t<div class=\"elementor-element elementor-element-73d6c31 elementor-widget elementor-widget-html\" data-id=\"73d6c31\" data-element_type=\"widget\" data-e-type=\"widget\" data-widget_type=\"html.default\">\n\t\t\t\t<div class=\"elementor-widget-container\">\n\t\t\t\t\t<table class=\"country-stats\">\r\n  <tr>\r\n    <td>\r\n      <img loading=\"lazy\" decoding=\"async\" src=\"https:\/\/minubaltic.ee\/wp-content\/uploads\/2024\/05\/ee.png\" alt=\"Estonia\" width=\"40\" height=\"25\">\r\n    <\/td>\r\n    <td>Estonia<\/td>\r\n    <td class=\"product-count\">144<\/td>\r\n  <\/tr>\r\n  <tr>\r\n    <td>\r\n      <img loading=\"lazy\" decoding=\"async\" src=\"https:\/\/minubaltic.ee\/wp-content\/uploads\/2024\/05\/fi.png\" alt=\"Finland\" width=\"40\" height=\"25\">\r\n    <\/td>\r\n    <td>Finland<\/td>\r\n    <td class=\"product-count\">32<\/td>\r\n  <\/tr>\r\n  <tr>\r\n    <td>\r\n      <img loading=\"lazy\" decoding=\"async\" src=\"https:\/\/minubaltic.ee\/wp-content\/uploads\/2024\/05\/lv.png\" alt=\"Latvia\" width=\"40\" height=\"25\">\r\n    <\/td>\r\n    <td>Latvia<\/td>\r\n    <td class=\"product-count\">22<\/td>\r\n  <\/tr>\r\n<tr>\r\n    <td>\r\n      <img loading=\"lazy\" decoding=\"async\" src=\"https:\/\/minubaltic.ee\/wp-content\/uploads\/2024\/05\/lt.png\" alt=\"Lithuania\" width=\"40\" height=\"25\">\r\n    <\/td>\r\n    <td>Lithuania<\/td>\r\n    <td class=\"product-count\">17<\/td>\r\n  <\/tr>\r\n<tr>\r\n    <td>\r\n      <img loading=\"lazy\" decoding=\"async\" src=\"https:\/\/minubaltic.ee\/wp-content\/uploads\/2024\/05\/se.png\" alt=\"Sweden\" width=\"40\" height=\"25\">\r\n    <\/td>\r\n    <td>Sweden<\/td>\r\n    <td class=\"product-count\">6<\/td>\r\n  <\/tr>\r\n<tr>\r\n    <td>\r\n      <img loading=\"lazy\" decoding=\"async\" src=\"https:\/\/minubaltic.ee\/wp-content\/uploads\/2024\/05\/dk.png\" alt=\"Denmark\" width=\"40\" height=\"25\">\r\n    <\/td>\r\n    <td>Denmark<\/td>\r\n    <td class=\"product-count\">2<\/td>\r\n  <\/tr>\r\n\r\n<tr>\r\n    <td>\r\n      <img loading=\"lazy\" decoding=\"async\" src=\"https:\/\/minubaltic.ee\/wp-content\/uploads\/2024\/05\/sk.png\" alt=\"Slovakia\" width=\"40\" height=\"25\">\r\n    <\/td>\r\n    <td>Slovakia<\/td>\r\n    <td class=\"product-count\">1<\/td>\r\n  <\/tr>\r\n\r\n\r\n\r\n<\/table>\t\t\t\t<\/div>\n\t\t\t\t<\/div>\n\t\t\t\t\t<\/div>\n\t\t\t\t<\/div>\n\t\t\t\t<\/div>\n\t\t","protected":false},"excerpt":{"rendered":"<p>Cik produktu \u0161om\u0113nes (J\u016bnijs) tika p\u0101rdoti uz da\u017e\u0101d\u0101m valst\u012bm? PIEZ\u012aME: Sist\u0113ma atjaunina statistiku ik p\u0113c 24 stund\u0101m. Estonia 144 Finland<\/p>\n","protected":false},"author":1,"featured_media":0,"parent":0,"menu_order":0,"comment_status":"closed","ping_status":"closed","template":"","meta":{"footnotes":""},"class_list":["post-25306","page","type-page","status-publish","hentry"],"yoast_head":"<!-- This site is optimized with the Yoast SEO plugin v27.5 - https:\/\/yoast.com\/product\/yoast-seo-wordpress\/ -->\n<title>Statistika - Minu Baltic<\/title>\n<meta name=\"description\" content=\"Cik produktu \u0161om\u0113nes tika p\u0101rdoti uz da\u017e\u0101d\u0101m valst\u012bm?\" \/>\n<meta name=\"robots\" content=\"index, follow, max-snippet:-1, max-image-preview:large, max-video-preview:-1\" \/>\n<link rel=\"canonical\" href=\"https:\/\/minubaltic.ee\/lv\/statistika\/\" \/>\n<meta property=\"og:locale\" content=\"lv_LV\" \/>\n<meta property=\"og:type\" content=\"article\" \/>\n<meta property=\"og:title\" content=\"Statistika - Minu Baltic\" \/>\n<meta property=\"og:description\" content=\"Cik produktu \u0161om\u0113nes tika p\u0101rdoti uz da\u017e\u0101d\u0101m valst\u012bm?\" \/>\n<meta property=\"og:url\" content=\"https:\/\/minubaltic.ee\/lv\/statistika\/\" \/>\n<meta property=\"article:publisher\" content=\"https:\/\/www.facebook.com\/minubaltic\" \/>\n<meta property=\"article:modified_time\" content=\"2024-06-07T20:58:54+00:00\" \/>\n<meta property=\"og:image\" content=\"https:\/\/minubaltic.ee\/wp-content\/uploads\/2024\/05\/ee.png\" \/>\n<meta name=\"twitter:card\" content=\"summary_large_image\" \/>\n<meta name=\"twitter:label1\" content=\"Est. reading time\" \/>\n\t<meta name=\"twitter:data1\" content=\"2 minutes\" \/>\n<script type=\"application\/ld+json\" class=\"yoast-schema-graph\">{\"@context\":\"https:\\\/\\\/schema.org\",\"@graph\":[{\"@type\":\"WebPage\",\"@id\":\"https:\\\/\\\/minubaltic.ee\\\/lv\\\/statistika\\\/\",\"url\":\"https:\\\/\\\/minubaltic.ee\\\/lv\\\/statistika\\\/\",\"name\":\"Statistika - Minu Baltic\",\"isPartOf\":{\"@id\":\"https:\\\/\\\/minubaltic.ee\\\/lv\\\/#website\"},\"primaryImageOfPage\":{\"@id\":\"https:\\\/\\\/minubaltic.ee\\\/lv\\\/statistika\\\/#primaryimage\"},\"image\":{\"@id\":\"https:\\\/\\\/minubaltic.ee\\\/lv\\\/statistika\\\/#primaryimage\"},\"thumbnailUrl\":\"https:\\\/\\\/minubaltic.ee\\\/wp-content\\\/uploads\\\/2024\\\/05\\\/ee.png\",\"datePublished\":\"2024-05-12T16:57:10+00:00\",\"dateModified\":\"2024-06-07T20:58:54+00:00\",\"description\":\"Cik produktu \u0161om\u0113nes tika p\u0101rdoti uz da\u017e\u0101d\u0101m valst\u012bm?\",\"breadcrumb\":{\"@id\":\"https:\\\/\\\/minubaltic.ee\\\/lv\\\/statistika\\\/#breadcrumb\"},\"inLanguage\":\"lv-LV\",\"potentialAction\":[{\"@type\":\"ReadAction\",\"target\":[\"https:\\\/\\\/minubaltic.ee\\\/lv\\\/statistika\\\/\"]}]},{\"@type\":\"ImageObject\",\"inLanguage\":\"lv-LV\",\"@id\":\"https:\\\/\\\/minubaltic.ee\\\/lv\\\/statistika\\\/#primaryimage\",\"url\":\"https:\\\/\\\/minubaltic.ee\\\/wp-content\\\/uploads\\\/2024\\\/05\\\/ee.png\",\"contentUrl\":\"https:\\\/\\\/minubaltic.ee\\\/wp-content\\\/uploads\\\/2024\\\/05\\\/ee.png\"},{\"@type\":\"BreadcrumbList\",\"@id\":\"https:\\\/\\\/minubaltic.ee\\\/lv\\\/statistika\\\/#breadcrumb\",\"itemListElement\":[{\"@type\":\"ListItem\",\"position\":1,\"name\":\"S\u0101kums\",\"item\":\"https:\\\/\\\/minubaltic.ee\\\/lv\\\/\"},{\"@type\":\"ListItem\",\"position\":2,\"name\":\"Statistika\"}]},{\"@type\":\"WebSite\",\"@id\":\"https:\\\/\\\/minubaltic.ee\\\/lv\\\/#website\",\"url\":\"https:\\\/\\\/minubaltic.ee\\\/lv\\\/\",\"name\":\"minubaltic.ee\",\"description\":\"\",\"publisher\":{\"@id\":\"https:\\\/\\\/minubaltic.ee\\\/lv\\\/#organization\"},\"potentialAction\":[{\"@type\":\"SearchAction\",\"target\":{\"@type\":\"EntryPoint\",\"urlTemplate\":\"https:\\\/\\\/minubaltic.ee\\\/lv\\\/?s={search_term_string}\"},\"query-input\":{\"@type\":\"PropertyValueSpecification\",\"valueRequired\":true,\"valueName\":\"search_term_string\"}}],\"inLanguage\":\"lv-LV\"},{\"@type\":\"Organization\",\"@id\":\"https:\\\/\\\/minubaltic.ee\\\/lv\\\/#organization\",\"name\":\"Minu Baltic O\u00dc\",\"url\":\"https:\\\/\\\/minubaltic.ee\\\/lv\\\/\",\"logo\":{\"@type\":\"ImageObject\",\"inLanguage\":\"lv-LV\",\"@id\":\"https:\\\/\\\/minubaltic.ee\\\/lv\\\/#\\\/schema\\\/logo\\\/image\\\/\",\"url\":\"https:\\\/\\\/minubaltic.ee\\\/wp-content\\\/uploads\\\/2023\\\/10\\\/cropped-cropped-cropped-logo.png\",\"contentUrl\":\"https:\\\/\\\/minubaltic.ee\\\/wp-content\\\/uploads\\\/2023\\\/10\\\/cropped-cropped-cropped-logo.png\",\"width\":500,\"height\":237,\"caption\":\"Minu Baltic O\u00dc\"},\"image\":{\"@id\":\"https:\\\/\\\/minubaltic.ee\\\/lv\\\/#\\\/schema\\\/logo\\\/image\\\/\"},\"sameAs\":[\"https:\\\/\\\/www.facebook.com\\\/minubaltic\"]}]}<\/script>\n<!-- \/ Yoast SEO plugin. -->","yoast_head_json":{"title":"Statistika - Minu Baltic","description":"Cik produktu \u0161om\u0113nes tika p\u0101rdoti uz da\u017e\u0101d\u0101m valst\u012bm?","robots":{"index":"index","follow":"follow","max-snippet":"max-snippet:-1","max-image-preview":"max-image-preview:large","max-video-preview":"max-video-preview:-1"},"canonical":"https:\/\/minubaltic.ee\/lv\/statistika\/","og_locale":"lv_LV","og_type":"article","og_title":"Statistika - Minu Baltic","og_description":"Cik produktu \u0161om\u0113nes tika p\u0101rdoti uz da\u017e\u0101d\u0101m valst\u012bm?","og_url":"https:\/\/minubaltic.ee\/lv\/statistika\/","article_publisher":"https:\/\/www.facebook.com\/minubaltic","article_modified_time":"2024-06-07T20:58:54+00:00","og_image":[{"url":"https:\/\/minubaltic.ee\/wp-content\/uploads\/2024\/05\/ee.png","type":"","width":"","height":""}],"twitter_card":"summary_large_image","twitter_misc":{"Est. reading time":"2 minutes"},"schema":{"@context":"https:\/\/schema.org","@graph":[{"@type":"WebPage","@id":"https:\/\/minubaltic.ee\/lv\/statistika\/","url":"https:\/\/minubaltic.ee\/lv\/statistika\/","name":"Statistika - Minu Baltic","isPartOf":{"@id":"https:\/\/minubaltic.ee\/lv\/#website"},"primaryImageOfPage":{"@id":"https:\/\/minubaltic.ee\/lv\/statistika\/#primaryimage"},"image":{"@id":"https:\/\/minubaltic.ee\/lv\/statistika\/#primaryimage"},"thumbnailUrl":"https:\/\/minubaltic.ee\/wp-content\/uploads\/2024\/05\/ee.png","datePublished":"2024-05-12T16:57:10+00:00","dateModified":"2024-06-07T20:58:54+00:00","description":"Cik produktu \u0161om\u0113nes tika p\u0101rdoti uz da\u017e\u0101d\u0101m valst\u012bm?","breadcrumb":{"@id":"https:\/\/minubaltic.ee\/lv\/statistika\/#breadcrumb"},"inLanguage":"lv-LV","potentialAction":[{"@type":"ReadAction","target":["https:\/\/minubaltic.ee\/lv\/statistika\/"]}]},{"@type":"ImageObject","inLanguage":"lv-LV","@id":"https:\/\/minubaltic.ee\/lv\/statistika\/#primaryimage","url":"https:\/\/minubaltic.ee\/wp-content\/uploads\/2024\/05\/ee.png","contentUrl":"https:\/\/minubaltic.ee\/wp-content\/uploads\/2024\/05\/ee.png"},{"@type":"BreadcrumbList","@id":"https:\/\/minubaltic.ee\/lv\/statistika\/#breadcrumb","itemListElement":[{"@type":"ListItem","position":1,"name":"S\u0101kums","item":"https:\/\/minubaltic.ee\/lv\/"},{"@type":"ListItem","position":2,"name":"Statistika"}]},{"@type":"WebSite","@id":"https:\/\/minubaltic.ee\/lv\/#website","url":"https:\/\/minubaltic.ee\/lv\/","name":"minubaltic.ee","description":"","publisher":{"@id":"https:\/\/minubaltic.ee\/lv\/#organization"},"potentialAction":[{"@type":"SearchAction","target":{"@type":"EntryPoint","urlTemplate":"https:\/\/minubaltic.ee\/lv\/?s={search_term_string}"},"query-input":{"@type":"PropertyValueSpecification","valueRequired":true,"valueName":"search_term_string"}}],"inLanguage":"lv-LV"},{"@type":"Organization","@id":"https:\/\/minubaltic.ee\/lv\/#organization","name":"Minu Baltic O\u00dc","url":"https:\/\/minubaltic.ee\/lv\/","logo":{"@type":"ImageObject","inLanguage":"lv-LV","@id":"https:\/\/minubaltic.ee\/lv\/#\/schema\/logo\/image\/","url":"https:\/\/minubaltic.ee\/wp-content\/uploads\/2023\/10\/cropped-cropped-cropped-logo.png","contentUrl":"https:\/\/minubaltic.ee\/wp-content\/uploads\/2023\/10\/cropped-cropped-cropped-logo.png","width":500,"height":237,"caption":"Minu Baltic O\u00dc"},"image":{"@id":"https:\/\/minubaltic.ee\/lv\/#\/schema\/logo\/image\/"},"sameAs":["https:\/\/www.facebook.com\/minubaltic"]}]}},"_links":{"self":[{"href":"https:\/\/minubaltic.ee\/lv\/wp-json\/wp\/v2\/pages\/25306","targetHints":{"allow":["GET"]}}],"collection":[{"href":"https:\/\/minubaltic.ee\/lv\/wp-json\/wp\/v2\/pages"}],"about":[{"href":"https:\/\/minubaltic.ee\/lv\/wp-json\/wp\/v2\/types\/page"}],"author":[{"embeddable":true,"href":"https:\/\/minubaltic.ee\/lv\/wp-json\/wp\/v2\/users\/1"}],"replies":[{"embeddable":true,"href":"https:\/\/minubaltic.ee\/lv\/wp-json\/wp\/v2\/comments?post=25306"}],"version-history":[{"count":76,"href":"https:\/\/minubaltic.ee\/lv\/wp-json\/wp\/v2\/pages\/25306\/revisions"}],"predecessor-version":[{"id":27537,"href":"https:\/\/minubaltic.ee\/lv\/wp-json\/wp\/v2\/pages\/25306\/revisions\/27537"}],"wp:attachment":[{"href":"https:\/\/minubaltic.ee\/lv\/wp-json\/wp\/v2\/media?parent=25306"}],"curies":[{"name":"wp","href":"https:\/\/api.w.org\/{rel}","templated":true}]}}