{"id":21945,"date":"2023-09-30T13:38:29","date_gmt":"2023-09-30T10:38:29","guid":{"rendered":"https:\/\/minubaltic.ee\/privatuma-politika\/"},"modified":"2024-04-03T23:21:52","modified_gmt":"2024-04-03T20:21:52","slug":"privatuma-politika","status":"publish","type":"page","link":"https:\/\/minubaltic.ee\/lv\/privatuma-politika\/","title":{"rendered":"Priv\u0101tuma politika"},"content":{"rendered":"\n<ol class=\"wp-block-list\">\n<li>Visp\u0101r\u012bgi noteikumi<br\/>1.1. \u0160\u012b konfidencialit\u0101tes politika reglament\u0113 personas datu v\u0101k\u0161anu, apstr\u0101di un uzglab\u0101\u0161anu.<br\/>principi par. Personas dati, ko v\u0101c, apstr\u0101d\u0101 un glab\u0101 datu p\u0101rzinis<br\/>datu apstr\u0101d\u0101t\u0101js <strong>Minu Balitic O\u00dc<\/strong> (turpm\u0101k tekst\u0101 &#8211; datu apstr\u0101d\u0101t\u0101js).<br\/>1.2. \u0160aj\u0101 konfidencialit\u0101tes politik\u0101 datu subjekts ir klients vai cita fiziska persona, kas.<br\/>personas dati, ko apstr\u0101d\u0101 datu p\u0101rzinis.<br\/>1.3. \u0160aj\u0101 konfidencialit\u0101tes politik\u0101 klients ir ikviens, kas veic pirkumus datu p\u0101rzi\u0146a t\u012bmek\u013ca vietn\u0113.<br\/>preces.<br\/>1.4. Datu apstr\u0101d\u0101t\u0101js iev\u0113ro ties\u012bbu aktos noteiktos datu apstr\u0101des principus, tostarp.<br\/>apstr\u0101d\u0101t personas datus likum\u012bgi, godpr\u0101t\u012bgi un dro\u0161i. Datu apstr\u0101d\u0101t\u0101js ir<br\/>sp\u0113t apstiprin\u0101t, ka personas dati ir apstr\u0101d\u0101ti saska\u0146\u0101 ar ties\u012bbu aktiem.<\/li>\n\n\n\n<li>Personas datu v\u0101k\u0161ana, apstr\u0101de un uzglab\u0101\u0161ana<br\/>2.1. Datu p\u0101rzi\u0146a sav\u0101ktie, apstr\u0101d\u0101tie un saglab\u0101tie personas dati tiek v\u0101kti elektroniski,<br\/>galvenok\u0101rt izmantojot t\u012bmek\u013ca vietni un e-pastu.  <br\/>2.2. Daloties ar saviem personas datiem, datu subjekts dod datu p\u0101rzinim ties\u012bbas v\u0101kt,<br\/>organiz\u0113t, izmantot un p\u0101rvald\u012bt personas datus, kas ir.<br\/>ar kuriem datu subjekts tie\u0161i vai netie\u0161i dal\u0101s ar datu p\u0101rzini, ieg\u0101d\u0101joties preces vai pakalpojumus t\u012bmek\u013ca vietn\u0113.<br\/>2.3. Datu subjekts ir atbild\u012bgs par to, lai vi\u0146a sniegt\u0101 inform\u0101cija b\u016btu prec\u012bza, pareiza un.<br\/>integr\u0113ta. Apzin\u0101ta nepatiesas inform\u0101cijas snieg\u0161ana tiek uzskat\u012bta par konfidencialit\u0101tes politikas p\u0101rk\u0101pumu.<br\/>Datu subjekta pien\u0101kums ir nekav\u0113joties inform\u0113t datu apstr\u0101d\u0101t\u0101ju par.<br\/>no izmai\u0146\u0101m.<br\/>2.4. Datu apstr\u0101d\u0101t\u0101js nav atbild\u012bgs par kait\u0113jumu, kas radies, datu subjektam sniedzot nepatiesu inform\u0101ciju.<br\/>datu subjektam vai tre\u0161\u0101m person\u0101m.<\/li>\n\n\n\n<li>Klientu personas datu apstr\u0101de<br\/>3.1. Datu apstr\u0101d\u0101t\u0101js var apstr\u0101d\u0101t \u0161\u0101dus datu subjekta personas datus:<br\/>3.1.1. V\u0101rds un uzv\u0101rds;<br\/>3.1.2. Dzim\u0161anas datums;<br\/>3.1.3. T\u0101lru\u0146a numurs;<br\/>3.1.4. E-pasta adrese;<br\/>3.1.5. Pieg\u0101des adrese;<br\/>3.1.6. Nor\u0113\u0137inu konta numurs;<br\/>3.1.7. Maks\u0101jumu kartes rekviz\u012bti;<br\/>3.2. Papildus iepriek\u0161 min\u0113tajam datu p\u0101rzinim ir ties\u012bbas v\u0101kt datus par klientu, kas ir.<br\/>pieejami publiskajos re\u0123istros.<br\/>3.3. Personas datu apstr\u0101des juridiskais pamats ir Visp\u0101r\u012bg\u0101s datu aizsardz\u012bbas regulas 6. panta 6. punkts.<br\/>1 p-d a), b), c) un f):<br\/>(a) datu subjekts ir devis piekri\u0161anu savu personas datu apstr\u0101dei vien\u0101 vai vair\u0101kos no \u0161\u0101diem veidiem.<br\/>konkr\u0113tam m\u0113r\u0137im;<br\/>(b) apstr\u0101de ir nepiecie\u0161ama, lai izpild\u012btu l\u012bgumu, kas nosl\u0113gts ar datu subjektu; vai<br\/>veikt pirmsl\u012bguma pas\u0101kumus p\u0113c datu subjekta piepras\u012bjuma;<br\/>(c) apstr\u0101de ir nepiecie\u0161ama, lai izpild\u012btu juridisku pien\u0101kumu, kas attiecas uz p\u0101rzini;<br\/>(f) personas datu apstr\u0101de ir nepiecie\u0161ama p\u0101rzi\u0146a vai tre\u0161\u0101s personas le\u0123it\u012bmo intere\u0161u nol\u016bkos; vai<br\/>ja vien \u0161\u0101das intereses nav svar\u012bg\u0101kas par datu subjekta interes\u0113m; vai<br\/>pamatties\u012bbas un pamatbr\u012bv\u012bbas, kuru d\u0113\u013c personas dati ir j\u0101aizsarg\u0101, jo \u012bpa\u0161i, ja.<br\/>datu subjekts ir b\u0113rns.<br\/>3.4. Personas datu apstr\u0101de nol\u016bkiem, k\u0101diem tie tiek apstr\u0101d\u0101ti:<br\/>3.4.1. Apstr\u0101des m\u0113r\u0137is &#8211; dro\u0161\u012bba un dro\u0161ums<br\/>Maksim\u0101lais glab\u0101\u0161anas periods &#8211; saska\u0146\u0101 ar ties\u012bbu aktos noteiktajiem termi\u0146iem.<br\/>3.4.2. Apstr\u0101des m\u0113r\u0137is &#8211; pas\u016bt\u012bjuma apstr\u0101de<br\/>Maksim\u0101lais glab\u0101\u0161anas periods &#8211; saska\u0146\u0101 ar ties\u012bbu aktos noteiktajiem termi\u0146iem.<br\/>3.4.3. Apstr\u0101des m\u0113r\u0137is &#8211; nodro\u0161in\u0101t e-veikala pakalpojumu darb\u012bbu.<br\/>Maksim\u0101lais glab\u0101\u0161anas periods &#8211; 1 gads.<br\/>3.4.4. Apstr\u0101des m\u0113r\u0137is &#8211; klientu p\u0101rvald\u012bba<br\/>Maksim\u0101lais glab\u0101\u0161anas periods &#8211; 1 gads.<br\/>3.4.5. Apstr\u0101des m\u0113r\u0137is &#8211; finan\u0161u darb\u012bbas, gr\u0101matved\u012bba.<br\/>Maksim\u0101lais glab\u0101\u0161anas periods &#8211; saska\u0146\u0101 ar ties\u012bbu aktos noteiktajiem termi\u0146iem.<br\/>3.4.6. Apstr\u0101des m\u0113r\u0137is &#8211; tirgved\u012bba<br\/>Maksim\u0101lais glab\u0101\u0161anas periods &#8211; 1 gads.<\/li>\n<\/ol>\n\n<p>3.5. Datu apstr\u0101d\u0101t\u0101jam ir ties\u012bbas kop\u012bgot klientu personas datus ar tre\u0161aj\u0101m person\u0101m, piem\u0113ram.<br\/>piem\u0113ram, pilnvarotiem datu apstr\u0101d\u0101t\u0101jiem, gr\u0101matve\u017eiem, transporta un kurjeru uz\u0146\u0113mumiem,<br\/>uz\u0146\u0113mumi, kas sniedz p\u0101rs\u016bt\u012b\u0161anas pakalpojumus Datu p\u0101rzinis ir datu apstr\u0101d\u0101t\u0101js.<br\/>Apstr\u0101d\u0101t\u0101js nos\u016bta apstr\u0101d\u0101t\u0101jam personas datus, kas nepiecie\u0161ami maks\u0101jumu veik\u0161anai.<br\/>Maksekeskus AS.<br\/>3.6. Apstr\u0101d\u0101jot un uzglab\u0101jot personas datus, kas attiecas uz datu subjektu, datu p\u0101rzinis piem\u0113ro \u0161\u0101dus noteikumus.<br\/>organizatoriskie un tehniskie pas\u0101kumi, lai nodro\u0161in\u0101tu personas datu aizsardz\u012bbu pret nejau\u0161u vai.<br\/>nelikum\u012bga izn\u012bcin\u0101\u0161ana, p\u0101rveido\u0161ana, izpau\u0161ana vai jebk\u0101da cita nelikum\u012bga darb\u012bba.<br\/>apstr\u0101dei.<br\/>3.7. Datu p\u0101rzinis glab\u0101 datu subjektu datus nol\u016bkos, k\u0101dos tiek veikta apstr\u0101de, bet.<br\/>ne ilg\u0101k k\u0101 2 gadus.<\/p>\n\n<ol class=\"wp-block-list\" start=\"4\">\n<li>Datu subjekta ties\u012bbas<br\/>4.1. Datu subjektiem ir ties\u012bbas piek\u013c\u016bt saviem personas datiem un p\u0101rbaud\u012bt tos.<br\/>4.2. Datu subjektam ir ties\u012bbas sa\u0146emt inform\u0101ciju par savu personas datu apstr\u0101di.<br\/>4.3. Datu subjektam ir ties\u012bbas papildin\u0101t vai labot neprec\u012bzus datus.<br\/>4.4. Ja datu p\u0101rzinis apstr\u0101d\u0101 datu subjekta personas datus, pamatojoties uz datu subjekta piekri\u0161anu,<br\/>datu subjektam ir ties\u012bbas jebkur\u0101 laik\u0101 atsaukt piekri\u0161anu.<br\/>4.5. Lai izmantotu savas ties\u012bbas, datu subjekti var sazin\u0101ties ar e-veikala klientu atbalsta dienestu, rakstot uz \u0161\u0101du adresi.<br\/><strong>info@minubaltic.ee<\/strong><br\/>4.6. Datu subjektam ir ties\u012bbas iesniegt s\u016bdz\u012bbu datu aizsardz\u012bbas iest\u0101dei, lai aizsarg\u0101tu savas ties\u012bbas.<br\/>Inspekcijai.<\/li>\n\n\n\n<li>Nobeiguma noteikumi<br\/>5.1. \u0160ie datu aizsardz\u012bbas noteikumi un nosac\u012bjumi ir izstr\u0101d\u0101ti saska\u0146\u0101 ar Eiropas Parlamenta un Padomes<br\/>Padomes Regula (ES) 2016\/679 par fizisku personu aizsardz\u012bbu attiec\u012bb\u0101 uz personas datu apstr\u0101di.<br\/>par \u0161\u0101du datu br\u012bvu apriti un ar ko atce\u013c Direkt\u012bvu 95\/46\/EK \/<br\/>EK (Visp\u0101r\u012bg\u0101 datu aizsardz\u012bbas regula), Igaunijas Republikas Personas datu aizsardz\u012bbas likums un Igaunijas Republikas Personas datu aizsardz\u012bbas likums.<br\/>Igaunijas Republikas un Eiropas Savien\u012bbas ties\u012bbu akti.<br\/>5.2. Datu p\u0101rzinim ir ties\u012bbas piln\u012bb\u0101 vai da\u013c\u0113ji main\u012bt datu aizsardz\u012bbas nosac\u012bjumus, par to pazi\u0146ojot.<br\/>datu subjektiem par izmai\u0146\u0101m, izmantojot t\u012bmek\u013ca vietni <strong>www.minubaltic.ee<\/strong>.<\/li>\n<\/ol>\n","protected":false},"excerpt":{"rendered":"<p>3.5. Datu apstr\u0101d\u0101t\u0101jam ir ties\u012bbas kop\u012bgot klientu personas datus ar tre\u0161aj\u0101m person\u0101m, piem\u0113ram.piem\u0113ram, pilnvarotiem datu apstr\u0101d\u0101t\u0101jiem, gr\u0101matve\u017eiem, transporta un kurjeru<\/p>\n","protected":false},"author":1,"featured_media":0,"parent":0,"menu_order":0,"comment_status":"closed","ping_status":"closed","template":"","meta":{"footnotes":""},"class_list":["post-21945","page","type-page","status-publish","hentry"],"yoast_head":"<!-- This site is optimized with the Yoast SEO plugin v27.3 - https:\/\/yoast.com\/product\/yoast-seo-wordpress\/ -->\n<title>- MinuBaltic.EE<\/title>\n<meta name=\"robots\" content=\"index, follow, max-snippet:-1, max-image-preview:large, max-video-preview:-1\" \/>\n<link rel=\"canonical\" href=\"https:\/\/minubaltic.ee\/lv\/privatuma-politika\/\" \/>\n<meta property=\"og:locale\" content=\"lv_LV\" \/>\n<meta property=\"og:type\" content=\"article\" \/>\n<meta property=\"og:title\" content=\"- MinuBaltic.EE\" \/>\n<meta property=\"og:description\" content=\"3.5. Datu apstr\u0101d\u0101t\u0101jam ir ties\u012bbas kop\u012bgot klientu personas datus ar tre\u0161aj\u0101m person\u0101m, piem\u0113ram.piem\u0113ram, pilnvarotiem datu apstr\u0101d\u0101t\u0101jiem, gr\u0101matve\u017eiem, transporta un kurjeru\" \/>\n<meta property=\"og:url\" content=\"https:\/\/minubaltic.ee\/lv\/privatuma-politika\/\" \/>\n<meta property=\"article:publisher\" content=\"https:\/\/www.facebook.com\/minubaltic\" \/>\n<meta property=\"article:modified_time\" content=\"2024-04-03T20:21:52+00:00\" \/>\n<meta name=\"twitter:card\" content=\"summary_large_image\" \/>\n<meta name=\"twitter:label1\" content=\"Est. reading time\" \/>\n\t<meta name=\"twitter:data1\" content=\"5 minutes\" \/>\n<script type=\"application\/ld+json\" class=\"yoast-schema-graph\">{\"@context\":\"https:\\\/\\\/schema.org\",\"@graph\":[{\"@type\":\"WebPage\",\"@id\":\"https:\\\/\\\/minubaltic.ee\\\/lv\\\/privatuma-politika\\\/\",\"url\":\"https:\\\/\\\/minubaltic.ee\\\/lv\\\/privatuma-politika\\\/\",\"name\":\"- MinuBaltic.EE\",\"isPartOf\":{\"@id\":\"https:\\\/\\\/minubaltic.ee\\\/lv\\\/#website\"},\"datePublished\":\"2023-09-30T10:38:29+00:00\",\"dateModified\":\"2024-04-03T20:21:52+00:00\",\"breadcrumb\":{\"@id\":\"https:\\\/\\\/minubaltic.ee\\\/lv\\\/privatuma-politika\\\/#breadcrumb\"},\"inLanguage\":\"lv-LV\",\"potentialAction\":[{\"@type\":\"ReadAction\",\"target\":[\"https:\\\/\\\/minubaltic.ee\\\/lv\\\/privatuma-politika\\\/\"]}]},{\"@type\":\"BreadcrumbList\",\"@id\":\"https:\\\/\\\/minubaltic.ee\\\/lv\\\/privatuma-politika\\\/#breadcrumb\",\"itemListElement\":[{\"@type\":\"ListItem\",\"position\":1,\"name\":\"S\u0101kums\",\"item\":\"https:\\\/\\\/minubaltic.ee\\\/lv\\\/\"},{\"@type\":\"ListItem\",\"position\":2,\"name\":\"Priv\u0101tuma politika\"}]},{\"@type\":\"WebSite\",\"@id\":\"https:\\\/\\\/minubaltic.ee\\\/lv\\\/#website\",\"url\":\"https:\\\/\\\/minubaltic.ee\\\/lv\\\/\",\"name\":\"minubaltic.ee\",\"description\":\"\",\"publisher\":{\"@id\":\"https:\\\/\\\/minubaltic.ee\\\/lv\\\/#organization\"},\"potentialAction\":[{\"@type\":\"SearchAction\",\"target\":{\"@type\":\"EntryPoint\",\"urlTemplate\":\"https:\\\/\\\/minubaltic.ee\\\/lv\\\/?s={search_term_string}\"},\"query-input\":{\"@type\":\"PropertyValueSpecification\",\"valueRequired\":true,\"valueName\":\"search_term_string\"}}],\"inLanguage\":\"lv-LV\"},{\"@type\":\"Organization\",\"@id\":\"https:\\\/\\\/minubaltic.ee\\\/lv\\\/#organization\",\"name\":\"Minu Baltic O\u00dc\",\"url\":\"https:\\\/\\\/minubaltic.ee\\\/lv\\\/\",\"logo\":{\"@type\":\"ImageObject\",\"inLanguage\":\"lv-LV\",\"@id\":\"https:\\\/\\\/minubaltic.ee\\\/lv\\\/#\\\/schema\\\/logo\\\/image\\\/\",\"url\":\"https:\\\/\\\/minubaltic.ee\\\/wp-content\\\/uploads\\\/2023\\\/10\\\/cropped-cropped-cropped-logo.png\",\"contentUrl\":\"https:\\\/\\\/minubaltic.ee\\\/wp-content\\\/uploads\\\/2023\\\/10\\\/cropped-cropped-cropped-logo.png\",\"width\":500,\"height\":237,\"caption\":\"Minu Baltic O\u00dc\"},\"image\":{\"@id\":\"https:\\\/\\\/minubaltic.ee\\\/lv\\\/#\\\/schema\\\/logo\\\/image\\\/\"},\"sameAs\":[\"https:\\\/\\\/www.facebook.com\\\/minubaltic\"]}]}<\/script>\n<!-- \/ Yoast SEO plugin. -->","yoast_head_json":{"title":"- MinuBaltic.EE","robots":{"index":"index","follow":"follow","max-snippet":"max-snippet:-1","max-image-preview":"max-image-preview:large","max-video-preview":"max-video-preview:-1"},"canonical":"https:\/\/minubaltic.ee\/lv\/privatuma-politika\/","og_locale":"lv_LV","og_type":"article","og_title":"- MinuBaltic.EE","og_description":"3.5. Datu apstr\u0101d\u0101t\u0101jam ir ties\u012bbas kop\u012bgot klientu personas datus ar tre\u0161aj\u0101m person\u0101m, piem\u0113ram.piem\u0113ram, pilnvarotiem datu apstr\u0101d\u0101t\u0101jiem, gr\u0101matve\u017eiem, transporta un kurjeru","og_url":"https:\/\/minubaltic.ee\/lv\/privatuma-politika\/","article_publisher":"https:\/\/www.facebook.com\/minubaltic","article_modified_time":"2024-04-03T20:21:52+00:00","twitter_card":"summary_large_image","twitter_misc":{"Est. reading time":"5 minutes"},"schema":{"@context":"https:\/\/schema.org","@graph":[{"@type":"WebPage","@id":"https:\/\/minubaltic.ee\/lv\/privatuma-politika\/","url":"https:\/\/minubaltic.ee\/lv\/privatuma-politika\/","name":"- MinuBaltic.EE","isPartOf":{"@id":"https:\/\/minubaltic.ee\/lv\/#website"},"datePublished":"2023-09-30T10:38:29+00:00","dateModified":"2024-04-03T20:21:52+00:00","breadcrumb":{"@id":"https:\/\/minubaltic.ee\/lv\/privatuma-politika\/#breadcrumb"},"inLanguage":"lv-LV","potentialAction":[{"@type":"ReadAction","target":["https:\/\/minubaltic.ee\/lv\/privatuma-politika\/"]}]},{"@type":"BreadcrumbList","@id":"https:\/\/minubaltic.ee\/lv\/privatuma-politika\/#breadcrumb","itemListElement":[{"@type":"ListItem","position":1,"name":"S\u0101kums","item":"https:\/\/minubaltic.ee\/lv\/"},{"@type":"ListItem","position":2,"name":"Priv\u0101tuma politika"}]},{"@type":"WebSite","@id":"https:\/\/minubaltic.ee\/lv\/#website","url":"https:\/\/minubaltic.ee\/lv\/","name":"minubaltic.ee","description":"","publisher":{"@id":"https:\/\/minubaltic.ee\/lv\/#organization"},"potentialAction":[{"@type":"SearchAction","target":{"@type":"EntryPoint","urlTemplate":"https:\/\/minubaltic.ee\/lv\/?s={search_term_string}"},"query-input":{"@type":"PropertyValueSpecification","valueRequired":true,"valueName":"search_term_string"}}],"inLanguage":"lv-LV"},{"@type":"Organization","@id":"https:\/\/minubaltic.ee\/lv\/#organization","name":"Minu Baltic O\u00dc","url":"https:\/\/minubaltic.ee\/lv\/","logo":{"@type":"ImageObject","inLanguage":"lv-LV","@id":"https:\/\/minubaltic.ee\/lv\/#\/schema\/logo\/image\/","url":"https:\/\/minubaltic.ee\/wp-content\/uploads\/2023\/10\/cropped-cropped-cropped-logo.png","contentUrl":"https:\/\/minubaltic.ee\/wp-content\/uploads\/2023\/10\/cropped-cropped-cropped-logo.png","width":500,"height":237,"caption":"Minu Baltic O\u00dc"},"image":{"@id":"https:\/\/minubaltic.ee\/lv\/#\/schema\/logo\/image\/"},"sameAs":["https:\/\/www.facebook.com\/minubaltic"]}]}},"_links":{"self":[{"href":"https:\/\/minubaltic.ee\/lv\/wp-json\/wp\/v2\/pages\/21945","targetHints":{"allow":["GET"]}}],"collection":[{"href":"https:\/\/minubaltic.ee\/lv\/wp-json\/wp\/v2\/pages"}],"about":[{"href":"https:\/\/minubaltic.ee\/lv\/wp-json\/wp\/v2\/types\/page"}],"author":[{"embeddable":true,"href":"https:\/\/minubaltic.ee\/lv\/wp-json\/wp\/v2\/users\/1"}],"replies":[{"embeddable":true,"href":"https:\/\/minubaltic.ee\/lv\/wp-json\/wp\/v2\/comments?post=21945"}],"version-history":[{"count":0,"href":"https:\/\/minubaltic.ee\/lv\/wp-json\/wp\/v2\/pages\/21945\/revisions"}],"wp:attachment":[{"href":"https:\/\/minubaltic.ee\/lv\/wp-json\/wp\/v2\/media?parent=21945"}],"curies":[{"name":"wp","href":"https:\/\/api.w.org\/{rel}","templated":true}]}}