{"id":21939,"date":"2023-09-30T13:49:48","date_gmt":"2023-09-30T10:49:48","guid":{"rendered":"https:\/\/minubaltic.ee\/pardosanas-nosacijumi\/"},"modified":"2024-04-03T23:14:49","modified_gmt":"2024-04-03T20:14:49","slug":"pardosanas-nosacijumi","status":"publish","type":"page","link":"https:\/\/minubaltic.ee\/lv\/pardosanas-nosacijumi\/","title":{"rendered":"P\u0101rdo\u0161anas Nosac\u012bjumi"},"content":{"rendered":"\n<p>P\u0100RDO\u0160ANAS NOTEIKUMI UN NOSAC\u012aJUMI<br\/>Interneta veikala <strong>Minu Baltic (turpm\u0101k tekst\u0101 &#8211; Interneta veikals) \u012bpa\u0161nieks ir Minu Baltic O\u00dc (re\u0123istr\u0101cijas kods<br\/>16809904), kas atrodas Ida-Viru apri\u0146\u0137\u012b, L\u00fcganuse pagast\u0101, L\u00fcganuse ciem\u0101, Papli iel\u0101 4-6,<br\/>43301<\/strong>.<br\/>P\u0101rdo\u0161anas l\u012bguma sp\u0113k\u0101 esam\u012bba, komerci\u0101l\u0101 inform\u0101cija un inform\u0101cija par cenu<br\/>Pirk\u0161anas noteikumi un nosac\u012bjumi attiecas uz pre\u010du ieg\u0101di no Interneta veikala.<br\/>Interneta veikal\u0101 p\u0101rdoto produktu cenas ir nor\u0101d\u012btas pie produktiem. Cena plus maksa<br\/>par pre\u010du pieg\u0101di. Visas interneta veikal\u0101 p\u0101rdoto pre\u010du cenas ir nor\u0101d\u012btas eiro.<br\/>Pieg\u0101des maksa ir atkar\u012bga no pirc\u0113ja atra\u0161an\u0101s vietas un pieg\u0101des veida.<br\/>Pieg\u0101des maksa pirc\u0113jam tiks nor\u0101d\u012bta, veicot pas\u016bt\u012bjumu.<br\/>Inform\u0101cija par prec\u0113m ir sniegta tie\u0161saistes veikal\u0101 tie\u0161i pie prec\u0113m.<br\/>Pas\u016bt\u012bjuma iesnieg\u0161ana<br\/>Lai veiktu pas\u016bt\u012bjumu, jums ir j\u0101pievieno v\u0113lamie produkti iepirkumu groz\u0101. Lai veiktu pas\u016bt\u012bjumu, j\u0101aizpilda<br\/>aizpildiet vajadz\u012bgos datu laukus un izv\u0113lieties atbilsto\u0161u pieg\u0101des metodi. P\u0113c tam redz\u0113siet<br\/>maksas summu, ko var dro\u0161i samaks\u0101t, izmantojot \u0161\u0101das maks\u0101jumu metodes:<br\/>Bankas maks\u0101jumi Igaunij\u0101: <strong>Swedbank, SEB, Luminor, LHV, Coop Pank, Citadele<br\/>Visa\/Mastercard kar\u0161u maks\u0101jumi<\/strong>.<br\/>Somijas banku saites: <strong>Aktia, \u00c5landsbanken, Danske, Handelsbanken, Nordea, Oma<br\/><\/strong> S\u00e4\u00e4stopankki <strong>, Pohjola, POP Pankki, S-Pankki, S\u00e4\u00e4stopankki<\/strong>.<br\/>Banku maks\u0101jumi Latvij\u0101: <strong>Swedbank, SEB, Citadele, Citadele un Luminor<\/strong>.<br\/>Banku maks\u0101jumi Lietuv\u0101: <strong>Swedbank, SEB, Citadele, \u0160iauliu un Luminor<\/strong>.<br\/>NB! Maks\u0101jot ar bankas p\u0101rskait\u012bjumu, bankas lap\u0101 noteikti nospiediet pogu &#8220;Atpaka\u013c pie tirgot\u0101ja&#8221;.<br\/>Maks\u0101jumus veic <strong>Maksekeskus AS<\/strong>. Maks\u0101jums notiek \u0101rpus Interneta veikala dro\u0161\u0101<br\/>dro\u0161\u0101 vid\u0113 &#8211; maks\u0101jot ar bankas p\u0101rskait\u012bjumu attiec\u012bg\u0101s bankas dro\u0161\u0101 vid\u0113 un ar kred\u012btkarti.<br\/>maks\u0101jot <strong>Maksekeskus AS<\/strong>dro\u0161\u0101 vid\u0113. Tirgot\u0101jam nav piek\u013cuves klienta bankai, un<br\/>kred\u012btkartes inform\u0101ciju. L\u012bgums st\u0101jas sp\u0113k\u0101 no dienas, kad sa\u0146emta maks\u0101jam\u0101 summa.<br\/>Uz j\u016bsu tie\u0161saistes veikala kontu.<br\/>Interneta veikala \u012bpa\u0161nieks ir personas datu p\u0101rzinis, un maks\u0101jumu veik\u0161anas nol\u016bkos personas datus nodod.<br\/>nepiecie\u0161amos personas datus apstr\u0101d\u0101t\u0101jam<strong> Maksekeskus AS<\/strong>.<br\/>Ja pas\u016bt\u012bt\u0101s preces nevar pieg\u0101d\u0101t, jo beidzies to der\u012bguma termi\u0146\u0161 vai k\u0101da cita iemesla d\u0113\u013c,<br\/>pirc\u0113js tiek inform\u0113ts p\u0113c iesp\u0113jas \u0101tr\u0101k un vi\u0146am tiek atmaks\u0101ta samaks\u0101t\u0101 nauda (ieskaitot pre\u010du cenu).<br\/>pieg\u0101des izmaksas) nekav\u0113joties, bet ne v\u0113l\u0101k k\u0101 <strong>14 dienas<\/strong> p\u0113c pazi\u0146ojuma nos\u016bt\u012b\u0161anas.<\/p>\n\n<p>Pieg\u0101de uz<br\/>Preces tiek s\u016bt\u012btas uz \u0161\u0101d\u0101m valst\u012bm: <strong>Igaunija<\/strong><br\/>Lai sa\u0146emtu preces, pirc\u0113jam ir \u0161\u0101das iesp\u0113jas: <strong>Itella SmartPost paku termin\u0101lis, Omniva<br\/>paku termin\u0101lis, DPD paku termin\u0101lis<\/strong>.<br\/>Pieg\u0101des izmaksas sedz pirc\u0113js, un atbilsto\u0161\u0101 inform\u0101cija par cenu tiek par\u0101d\u012bta kop\u0101 ar pieg\u0101des metodi.<br\/>S\u016bt\u012bjumi Igaunijas teritorij\u0101 parasti ierodas pirc\u0113ja nor\u0101d\u012btaj\u0101 galam\u0113r\u0137\u012b <strong>2-7 darba dienu<\/strong> laik\u0101 no.<br\/>no p\u0101rdo\u0161anas l\u012bguma sp\u0113k\u0101 st\u0101\u0161an\u0101s dienas.<br\/>Iz\u0146\u0113muma gad\u012bjumos jums ir ties\u012bbas sa\u0146emt preces pieg\u0101di l\u012bdz 45 kalend\u0101ro dienu laik\u0101.<br\/>Atteikuma ties\u012bbas<br\/>P\u0113c pas\u016bt\u012bjuma sa\u0146em\u0161anas pirc\u0113jam ir ties\u012bbas atteikties no e-l\u012bguma <strong>14 dienu<\/strong> laik\u0101.<br\/>par.<br\/>Atteikuma ties\u012bbas nav sp\u0113k\u0101, ja pirc\u0113js ir juridiska persona.<br\/>Lai izmantotu <strong>14 dienu<\/strong>atteikuma ties\u012bbas, pas\u016bt\u012bt\u0101s preces nedr\u012bkst izmantot nek\u0101d\u0101 cit\u0101 veid\u0101, iz\u0146emot.<br\/>ir nepiecie\u0161ams, lai p\u0101rliecin\u0101tos par pre\u010du veidu, \u012bpa\u0161\u012bb\u0101m un darb\u012bbu at\u013cautaj\u0101 veid\u0101.<br\/>pre\u010du test\u0113\u0161anai fizisk\u0101 veikal\u0101.<br\/>Ja preces ir izmantotas citiem nol\u016bkiem, kas neatbilst to \u012bpa\u0161\u012bb\u0101m, raksturam vai raksturojumam.<br\/>lai p\u0101rliecin\u0101tos par t\u0101 pareizu darb\u012bbu vai ja tas uzr\u0101da lieto\u0161anas vai nolietojuma paz\u012bmes, Veebipoel ir ties\u012bbas.<br\/>samazin\u0101t atmaks\u0101jamo maksu atbilsto\u0161i pre\u010du v\u0113rt\u012bbas samazin\u0101jumam.<br\/>Lai atgrieztu preces, jums ir j\u0101iesniedz atteikuma veidlapa, kuras veidlapa ir atrodama vietn\u0113.<br\/>no \u0161ejienes: <a href=\"https:\/\/minubaltic.ee\/taganemisavalduse-vorm\/\">\n  <strong>atsauk\u0161anas pazi\u0146ojums<\/strong>\n<\/a> un nos\u016btiet to pa e-pastu uz <strong>info@minubaltic.ee<\/strong><br\/>ne v\u0113l\u0101k k\u0101 <strong>14 dienu<\/strong> laik\u0101 p\u0113c pre\u010du sa\u0146em\u0161anas.<br\/>Pre\u010du atgrie\u0161anas izmaksas sedz pirc\u0113js, ja vien pre\u010du atgrie\u0161anas iemesls nav.<br\/>tas, ka atgrie\u017eamais produkts neatbilst pas\u016bt\u012btajam produktam (piem\u0113ram, nepareizs vai boj\u0101ts produkts).<br\/>Pirc\u0113jam ir j\u0101atgrie\u017e preces <strong>14 dienu<\/strong> laik\u0101 no pieteikuma datuma vai j\u0101uzr\u0101da preces.<br\/>pier\u0101d\u012bjums, ka vi\u0146\u0161 iepriek\u0161 min\u0113taj\u0101 laikposm\u0101 ir nodevis preces p\u0101rvad\u0101t\u0101jam.<br\/>Sa\u0146emot atgriezt\u0101s preces, interneta veikals nekav\u0113joties, bet ne v\u0113l\u0101k k\u0101.<br\/><strong>14 dienu laik\u0101<\/strong> p\u0113c pazi\u0146ojuma par atteikumu sa\u0146em\u0161anas &#8211; visus maks\u0101jumus, kas sa\u0146emti no pirc\u0113ja saska\u0146\u0101 ar l\u012bgumu.<br\/>nodevas.<br\/>Interneta veikals var atteikties atmaks\u0101t naudu, ja prece, par kuru nosl\u0113gts l\u012bgums, nav prece, par kuru nosl\u0113gts l\u012bgums.<br\/>vai l\u012bdz br\u012bdim, kad pirc\u0113js ir iesniedzis pier\u0101d\u012bjumus, ka vi\u0146\u0161 ir nos\u016bt\u012bjis preces atpaka\u013c, atkar\u012bb\u0101 no konkr\u0113t\u0101 gad\u012bjuma,<br\/>kas notiek pirmais.<br\/>Ja pirc\u0113js ir nep\u0101rprotami izv\u0113l\u0113jies l\u0113t\u0101ko no Interneta veikal\u0101 pied\u0101v\u0101taj\u0101m parastaj\u0101m prec\u0113m.<br\/>pieg\u0101des metodi, kas nav pieg\u0101des metode, Interneta veikalam nav j\u0101atmaks\u0101 pat\u0113r\u0113t\u0101jam nauda.<br\/>izmaksas, kas p\u0101rsniedz izmaksas, kuras saist\u012btas ar parasto pieg\u0101des metodi.<\/p>\n\n<p>Ja Klients neizdodas sa\u0146emt pas\u016bt\u012bjumu <strong>pasta noda\u013c\u0101\/paku autom\u0101t\u0101<\/strong> glab\u0101\u0161anas laik\u0101,<br\/>pas\u016bt\u012bjums tiks nos\u016bt\u012bts atpaka\u013c <strong>Minu Baltic O\u00dc<\/strong>. Lai sa\u0146emtu pas\u016bt\u012bjumu, klientam ir j\u0101veic maks\u0101jums.<br\/>S\u016bt\u012bjuma atgrie\u0161anas un atk\u0101rtotas nos\u016bt\u012b\u0161anas izmaksas <strong>Minu Baltic O\u00dc<\/strong> <strong>Omniva\/Itella Smartpost\/DPD<\/strong><br\/>saska\u0146\u0101 ar sp\u0113k\u0101 eso\u0161o cenr\u0101di. S\u0101kotn\u0113j\u0101s transporta izmaksas \u0161aj\u0101 punkt\u0101 nav atmaks\u0101jamas.<\/p>\n\n<p>Interneta veikalam ir ties\u012bbas atteikties no p\u0101rdo\u0161anas un atg\u016bt preces no pirc\u0113ja, ja preces cena ir.<br\/>interneta veikal\u0101 k\u013c\u016bdaini ir nor\u0101d\u012bta iev\u0113rojami zem\u0101ka pre\u010du tirgus cena.<br\/>Ties\u012bbas iesniegt s\u016bdz\u012bbu<br\/>Interneta veikals ir atbild\u012bgs par pirc\u0113jam p\u0101rdoto pre\u010du neatbilst\u012bbu vai defektiem.<br\/>kas jau past\u0101v\u0113ja pieg\u0101des br\u012bd\u012b un kas k\u013c\u016bs redzami divu gadu laik\u0101,<br\/>no br\u012b\u017ea, kad preces tiek pieg\u0101d\u0101tas pirc\u0113jam. no kuriem 1 gads no pre\u010du pieg\u0101des pirc\u0113jam.<br\/>tiek pie\u0146emts, ka tr\u016bkums jau past\u0101v\u0113ja pieg\u0101des br\u012bd\u012b. Atbilsto\u0161ais pie\u0146\u0113mums<br\/>par atsp\u0113ko\u0161anu ir atbild\u012bgs interneta veikals.<br\/>Defekta gad\u012bjum\u0101 pirc\u0113jam ir ties\u012bbas ne v\u0113l\u0101k k\u0101 divu m\u0113ne\u0161u laik\u0101 sazin\u0101ties ar interneta veikalu,<br\/>nos\u016btot e-pastu uz <strong>info@minubaltic.ee<\/strong> vai zvanot uz <strong>+3725161789<\/strong>.<br\/>Interneta veikals nav atbild\u012bgs par defektiem, kas radu\u0161ies p\u0113c pre\u010du pieg\u0101des pirc\u0113jam.<br\/>Ja prec\u0113m, kas ieg\u0101d\u0101tas no Interneta veikala, ir defekts, par kuru ir atbild\u012bgs Interneta veikals, Interneta veikals t\u0101s salabos vai.<br\/>Interneta veikals aizst\u0101s tr\u016bksto\u0161\u0101s preces. Ja preces nav iesp\u0113jams salabot vai nomain\u012bt,<br\/>Interneta veikals atmaks\u0101 Pirc\u0113jam visas maksas, kas samaks\u0101tas par pirkuma l\u012bgumu.<br\/>Interneta veikals atbild uz pat\u0113r\u0113t\u0101ja s\u016bdz\u012bbu rakstveid\u0101 vai rakstveid\u0101 reproduc\u0113jot s\u016bdz\u012bbu.<br\/>form\u0101t\u0101, kas paredz\u0113ts 15 dien\u0101m.<br\/>Tie\u0161\u0101 tirgved\u012bba un personas datu apstr\u0101de<br\/>Interneta veikals izmantos pirc\u0113ja sniegtos personas datus tikai pas\u016bt\u012bjuma apstr\u0101des nol\u016bk\u0101 un.<br\/>nos\u016bt\u012bt preces pirc\u0113jam. Tie\u0161saistes veikals nodod personas datus transporta pakalpojumu uz\u0146\u0113mumiem<br\/>pieg\u0101d\u0101t preces.<br\/>Interneta veikals nos\u016bt\u012bs jaunumus un pied\u0101v\u0101jumus uz pirc\u0113ja e-pasta adresi tikai tad, ja.<br\/>pirc\u0113js ir izteicis \u0161\u0101du v\u0113lmi, ievadot savu e-pasta adresi t\u012bmek\u013ca vietn\u0113 un nor\u0101dot savu e-pasta adresi.<br\/>j\u016bsu v\u0113lme sa\u0146emt tie\u0161\u0101 pasta pazi\u0146ojumus.<br\/>Pirc\u0113ji jebkur\u0101 laik\u0101 var atteikties no pied\u0101v\u0101jumu un bi\u013cetenu sa\u0146em\u0161anas pa e-pastu.<br\/>inform\u0113jot m\u016bs par to pa e-pastu vai sekojot nor\u0101d\u012bjumiem e-past\u0101, kur\u0101 ir pied\u0101v\u0101jums.<br\/>Str\u012bdu iz\u0161\u0137ir\u0161ana<br\/>Ja pirc\u0113jam ir k\u0101das s\u016bdz\u012bbas par Interneta veikalu, t\u0101s j\u0101nos\u016bta pa e-pastu uz \u0161\u0101du adresi.<br\/><strong>info@minubaltic.ee<\/strong> vai zvaniet: <strong>+3725161789<\/strong><br\/>Ja Pirc\u0113js un Interneta veikals nesp\u0113j atrisin\u0101t str\u012bdu, vienojoties, Pirc\u0113js var.<br\/>nodot lietu Pat\u0113r\u0113t\u0101ju str\u012bdu komitejai. Pat\u0113r\u0113t\u0101ju str\u012bdu komiteja ir atbild\u012bga par<br\/>risin\u0101t str\u012bdus, kas izriet no l\u012bguma starp pirc\u0113ju un Interneta veikalu. Pirc\u0113ja s\u016bdz\u012bba<br\/>Komisijas veikt\u0101 p\u0101rbaude ir bez maksas.<br\/>Pirc\u0113js var v\u0113rsties Eiropas Savien\u012bbas pat\u0113r\u0113t\u0101ju str\u012bdu iz\u0161\u0137ir\u0161anas platform\u0101.<\/p>\n","protected":false},"excerpt":{"rendered":"<p>P\u0100RDO\u0160ANAS NOTEIKUMI UN NOSAC\u012aJUMIInterneta veikala Minu Baltic (turpm\u0101k tekst\u0101 &#8211; Interneta veikals) \u012bpa\u0161nieks ir Minu Baltic O\u00dc (re\u0123istr\u0101cijas kods16809904), kas<\/p>\n","protected":false},"author":1,"featured_media":0,"parent":0,"menu_order":0,"comment_status":"closed","ping_status":"closed","template":"","meta":{"footnotes":""},"class_list":["post-21939","page","type-page","status-publish","hentry"],"yoast_head":"<!-- This site is optimized with the Yoast SEO plugin v27.3 - https:\/\/yoast.com\/product\/yoast-seo-wordpress\/ -->\n<title>P\u0101rdo\u0161anas Nosac\u012bjumi -<\/title>\n<meta name=\"robots\" content=\"index, follow, max-snippet:-1, max-image-preview:large, max-video-preview:-1\" \/>\n<link rel=\"canonical\" href=\"https:\/\/minubaltic.ee\/lv\/pardosanas-nosacijumi\/\" \/>\n<meta property=\"og:locale\" content=\"lv_LV\" \/>\n<meta property=\"og:type\" content=\"article\" \/>\n<meta property=\"og:title\" content=\"P\u0101rdo\u0161anas Nosac\u012bjumi -\" \/>\n<meta property=\"og:description\" content=\"P\u0100RDO\u0160ANAS NOTEIKUMI UN NOSAC\u012aJUMIInterneta veikala Minu Baltic (turpm\u0101k tekst\u0101 &#8211; Interneta veikals) \u012bpa\u0161nieks ir Minu Baltic O\u00dc (re\u0123istr\u0101cijas kods16809904), kas\" \/>\n<meta property=\"og:url\" content=\"https:\/\/minubaltic.ee\/lv\/pardosanas-nosacijumi\/\" \/>\n<meta property=\"article:publisher\" content=\"https:\/\/www.facebook.com\/minubaltic\" \/>\n<meta property=\"article:modified_time\" content=\"2024-04-03T20:14:49+00:00\" \/>\n<meta name=\"twitter:card\" content=\"summary_large_image\" \/>\n<meta name=\"twitter:label1\" content=\"Est. reading time\" \/>\n\t<meta name=\"twitter:data1\" content=\"8 minutes\" \/>\n<script type=\"application\/ld+json\" class=\"yoast-schema-graph\">{\"@context\":\"https:\\\/\\\/schema.org\",\"@graph\":[{\"@type\":\"WebPage\",\"@id\":\"https:\\\/\\\/minubaltic.ee\\\/lv\\\/pardosanas-nosacijumi\\\/\",\"url\":\"https:\\\/\\\/minubaltic.ee\\\/lv\\\/pardosanas-nosacijumi\\\/\",\"name\":\"P\u0101rdo\u0161anas Nosac\u012bjumi -\",\"isPartOf\":{\"@id\":\"https:\\\/\\\/minubaltic.ee\\\/lv\\\/#website\"},\"datePublished\":\"2023-09-30T10:49:48+00:00\",\"dateModified\":\"2024-04-03T20:14:49+00:00\",\"breadcrumb\":{\"@id\":\"https:\\\/\\\/minubaltic.ee\\\/lv\\\/pardosanas-nosacijumi\\\/#breadcrumb\"},\"inLanguage\":\"lv-LV\",\"potentialAction\":[{\"@type\":\"ReadAction\",\"target\":[\"https:\\\/\\\/minubaltic.ee\\\/lv\\\/pardosanas-nosacijumi\\\/\"]}]},{\"@type\":\"BreadcrumbList\",\"@id\":\"https:\\\/\\\/minubaltic.ee\\\/lv\\\/pardosanas-nosacijumi\\\/#breadcrumb\",\"itemListElement\":[{\"@type\":\"ListItem\",\"position\":1,\"name\":\"S\u0101kums\",\"item\":\"https:\\\/\\\/minubaltic.ee\\\/lv\\\/\"},{\"@type\":\"ListItem\",\"position\":2,\"name\":\"P\u0101rdo\u0161anas Nosac\u012bjumi\"}]},{\"@type\":\"WebSite\",\"@id\":\"https:\\\/\\\/minubaltic.ee\\\/lv\\\/#website\",\"url\":\"https:\\\/\\\/minubaltic.ee\\\/lv\\\/\",\"name\":\"minubaltic.ee\",\"description\":\"\",\"publisher\":{\"@id\":\"https:\\\/\\\/minubaltic.ee\\\/lv\\\/#organization\"},\"potentialAction\":[{\"@type\":\"SearchAction\",\"target\":{\"@type\":\"EntryPoint\",\"urlTemplate\":\"https:\\\/\\\/minubaltic.ee\\\/lv\\\/?s={search_term_string}\"},\"query-input\":{\"@type\":\"PropertyValueSpecification\",\"valueRequired\":true,\"valueName\":\"search_term_string\"}}],\"inLanguage\":\"lv-LV\"},{\"@type\":\"Organization\",\"@id\":\"https:\\\/\\\/minubaltic.ee\\\/lv\\\/#organization\",\"name\":\"Minu Baltic O\u00dc\",\"url\":\"https:\\\/\\\/minubaltic.ee\\\/lv\\\/\",\"logo\":{\"@type\":\"ImageObject\",\"inLanguage\":\"lv-LV\",\"@id\":\"https:\\\/\\\/minubaltic.ee\\\/lv\\\/#\\\/schema\\\/logo\\\/image\\\/\",\"url\":\"https:\\\/\\\/minubaltic.ee\\\/wp-content\\\/uploads\\\/2023\\\/10\\\/cropped-cropped-cropped-logo.png\",\"contentUrl\":\"https:\\\/\\\/minubaltic.ee\\\/wp-content\\\/uploads\\\/2023\\\/10\\\/cropped-cropped-cropped-logo.png\",\"width\":500,\"height\":237,\"caption\":\"Minu Baltic O\u00dc\"},\"image\":{\"@id\":\"https:\\\/\\\/minubaltic.ee\\\/lv\\\/#\\\/schema\\\/logo\\\/image\\\/\"},\"sameAs\":[\"https:\\\/\\\/www.facebook.com\\\/minubaltic\"]}]}<\/script>\n<!-- \/ Yoast SEO plugin. -->","yoast_head_json":{"title":"P\u0101rdo\u0161anas Nosac\u012bjumi -","robots":{"index":"index","follow":"follow","max-snippet":"max-snippet:-1","max-image-preview":"max-image-preview:large","max-video-preview":"max-video-preview:-1"},"canonical":"https:\/\/minubaltic.ee\/lv\/pardosanas-nosacijumi\/","og_locale":"lv_LV","og_type":"article","og_title":"P\u0101rdo\u0161anas Nosac\u012bjumi -","og_description":"P\u0100RDO\u0160ANAS NOTEIKUMI UN NOSAC\u012aJUMIInterneta veikala Minu Baltic (turpm\u0101k tekst\u0101 &#8211; Interneta veikals) \u012bpa\u0161nieks ir Minu Baltic O\u00dc (re\u0123istr\u0101cijas kods16809904), kas","og_url":"https:\/\/minubaltic.ee\/lv\/pardosanas-nosacijumi\/","article_publisher":"https:\/\/www.facebook.com\/minubaltic","article_modified_time":"2024-04-03T20:14:49+00:00","twitter_card":"summary_large_image","twitter_misc":{"Est. reading time":"8 minutes"},"schema":{"@context":"https:\/\/schema.org","@graph":[{"@type":"WebPage","@id":"https:\/\/minubaltic.ee\/lv\/pardosanas-nosacijumi\/","url":"https:\/\/minubaltic.ee\/lv\/pardosanas-nosacijumi\/","name":"P\u0101rdo\u0161anas Nosac\u012bjumi -","isPartOf":{"@id":"https:\/\/minubaltic.ee\/lv\/#website"},"datePublished":"2023-09-30T10:49:48+00:00","dateModified":"2024-04-03T20:14:49+00:00","breadcrumb":{"@id":"https:\/\/minubaltic.ee\/lv\/pardosanas-nosacijumi\/#breadcrumb"},"inLanguage":"lv-LV","potentialAction":[{"@type":"ReadAction","target":["https:\/\/minubaltic.ee\/lv\/pardosanas-nosacijumi\/"]}]},{"@type":"BreadcrumbList","@id":"https:\/\/minubaltic.ee\/lv\/pardosanas-nosacijumi\/#breadcrumb","itemListElement":[{"@type":"ListItem","position":1,"name":"S\u0101kums","item":"https:\/\/minubaltic.ee\/lv\/"},{"@type":"ListItem","position":2,"name":"P\u0101rdo\u0161anas Nosac\u012bjumi"}]},{"@type":"WebSite","@id":"https:\/\/minubaltic.ee\/lv\/#website","url":"https:\/\/minubaltic.ee\/lv\/","name":"minubaltic.ee","description":"","publisher":{"@id":"https:\/\/minubaltic.ee\/lv\/#organization"},"potentialAction":[{"@type":"SearchAction","target":{"@type":"EntryPoint","urlTemplate":"https:\/\/minubaltic.ee\/lv\/?s={search_term_string}"},"query-input":{"@type":"PropertyValueSpecification","valueRequired":true,"valueName":"search_term_string"}}],"inLanguage":"lv-LV"},{"@type":"Organization","@id":"https:\/\/minubaltic.ee\/lv\/#organization","name":"Minu Baltic O\u00dc","url":"https:\/\/minubaltic.ee\/lv\/","logo":{"@type":"ImageObject","inLanguage":"lv-LV","@id":"https:\/\/minubaltic.ee\/lv\/#\/schema\/logo\/image\/","url":"https:\/\/minubaltic.ee\/wp-content\/uploads\/2023\/10\/cropped-cropped-cropped-logo.png","contentUrl":"https:\/\/minubaltic.ee\/wp-content\/uploads\/2023\/10\/cropped-cropped-cropped-logo.png","width":500,"height":237,"caption":"Minu Baltic O\u00dc"},"image":{"@id":"https:\/\/minubaltic.ee\/lv\/#\/schema\/logo\/image\/"},"sameAs":["https:\/\/www.facebook.com\/minubaltic"]}]}},"_links":{"self":[{"href":"https:\/\/minubaltic.ee\/lv\/wp-json\/wp\/v2\/pages\/21939","targetHints":{"allow":["GET"]}}],"collection":[{"href":"https:\/\/minubaltic.ee\/lv\/wp-json\/wp\/v2\/pages"}],"about":[{"href":"https:\/\/minubaltic.ee\/lv\/wp-json\/wp\/v2\/types\/page"}],"author":[{"embeddable":true,"href":"https:\/\/minubaltic.ee\/lv\/wp-json\/wp\/v2\/users\/1"}],"replies":[{"embeddable":true,"href":"https:\/\/minubaltic.ee\/lv\/wp-json\/wp\/v2\/comments?post=21939"}],"version-history":[{"count":0,"href":"https:\/\/minubaltic.ee\/lv\/wp-json\/wp\/v2\/pages\/21939\/revisions"}],"wp:attachment":[{"href":"https:\/\/minubaltic.ee\/lv\/wp-json\/wp\/v2\/media?parent=21939"}],"curies":[{"name":"wp","href":"https:\/\/api.w.org\/{rel}","templated":true}]}}