{"id":21892,"date":"2023-10-08T17:36:48","date_gmt":"2023-10-08T14:36:48","guid":{"rendered":"https:\/\/minubaltic.ee\/informacija\/"},"modified":"2025-07-25T23:13:04","modified_gmt":"2025-07-25T20:13:04","slug":"informacija","status":"publish","type":"page","link":"https:\/\/minubaltic.ee\/lv\/informacija\/","title":{"rendered":"Inform\u0101cija"},"content":{"rendered":"\n<p><\/p>\n\n\n\n<p class=\"has-text-align-center\"><strong>Minu Baltic O\u00dc<\/strong> &#8211; kvalit\u0101te, komforts un elegance j\u016bsu ikdien\u0101<\/p>\n\n\n\n<p class=\"has-text-align-center\">Laipni l\u016bgti <strong>Minu Baltic O\u00dc<\/strong> br\u012bni\u0161\u0137\u012bgaj\u0101 pasaul\u0113, kur m\u0113s rad\u0101m m\u0101ju, par k\u0101du j\u016bs vienm\u0113r esat sap\u0146ojis! M\u0113s ar lepnumu iepaz\u012bstin\u0101m j\u016bs ar m\u016bsu uz\u0146\u0113mumu, kas nodarbojas ar augstas kvalit\u0101tes tekstilizstr\u0101d\u0101jumu tirdzniec\u012bbu.<\/p>\n\n\n\n<p class=\"has-text-align-center\">M\u016bsu segu, palagu, dvie\u013cu un gultasve\u013cas komplektu kl\u0101sts ir bag\u0101t\u012bgs un daudzveid\u012bgs, un visiem m\u016bsu produktiem ir kop\u012bga iez\u012bme &#8211; kvalit\u0101te. Segas nodro\u0161ina siltumu aukst\u0101s nakt\u012bs, vienlaikus pie\u0161\u0137irot gu\u013camistabai kr\u0101su un eleganci. Segas b\u0113rniem ir m\u012bkstas un m\u0101j\u012bgas, nodro\u0161inot komfortu, kas nepiecie\u0161ams, lai vi\u0146i justos vislab\u0101k. M\u016bsu dvie\u013ci ir m\u012bksti un absorb\u0113jo\u0161i, padarot katru r\u012bta un vakara rut\u012bnu par priec\u012bgu mirkli. Gultas ve\u013cas komplekti rada neatk\u0101rtojamu atmosf\u0113ru j\u016bsu gu\u013camistab\u0101, vienlaikus ir m\u012bksti un iztur\u012bgi.<\/p>\n\n\n\n<p class=\"has-text-align-center\"><strong>Minu Baltic O\u00dc<\/strong> misija ir pied\u0101v\u0101t jums vair\u0101k nek\u0101 tikai tekstilizstr\u0101d\u0101jumus. Me tahame tuua Teie ellu mugavust, soojust ja stiili. M\u0113s v\u0113lamies pal\u012bdz\u0113t jums izveidot m\u0101jokli, kas atspogu\u013co j\u016bsu person\u012bbu un gaumi, kur\u0101 vienm\u0113r jut\u012bsieties gaid\u012bti un \u0113rti.<\/p>\n\n\n\n<p class=\"has-text-align-center\">Papildus m\u016bsu produktiem mums ir ar\u012b izpal\u012bdz\u012bga komanda, kas vienm\u0113r ir gatava jums pal\u012bdz\u0113t un konsult\u0113t. M\u0113s esam \u0161eit, lai dal\u012btos ar jums sav\u0101s zin\u0101\u0161an\u0101s un pieredz\u0113 un pal\u012bdz\u0113tu jums atrast ide\u0101lus tekstilizstr\u0101d\u0101jumus, kas atbilst j\u016bsu vajadz\u012bb\u0101m un v\u0113lm\u0113m.<\/p>\n\n\n\n<p class=\"has-text-align-center\">Esam pateic\u012bgi, ka esat izv\u0113l\u0113jies m\u016bs par savu m\u0101jas labiek\u0101rto\u0161anas partneri, un m\u0113s apsol\u0101m ar\u012b turpm\u0101k p\u0101rsniegt j\u016bsu cer\u012bbas vis\u0101s jom\u0101s. Paldies, ka esat da\u013ca no m\u016bsu \u0123imenes un \u013caujat mums k\u013c\u016bt par da\u013cu no j\u016bsu m\u0101j\u0101m.<\/p>\n\n\n\n<p class=\"has-text-align-center\">Starptautiskie klienti var apmekl\u0113t m\u016bsu Eiropas tie\u0161saistes veikalu: <a href=\"https:\/\/aztex.ee\/lv\/\">AZTEX<\/a><\/p>\n\n\n\n<p><\/p>\n","protected":false},"excerpt":{"rendered":"<p>Minu Baltic O\u00dc &#8211; kvalit\u0101te, komforts un elegance j\u016bsu ikdien\u0101 Laipni l\u016bgti Minu Baltic O\u00dc br\u012bni\u0161\u0137\u012bgaj\u0101 pasaul\u0113, kur m\u0113s rad\u0101m<\/p>\n","protected":false},"author":1,"featured_media":0,"parent":0,"menu_order":0,"comment_status":"closed","ping_status":"closed","template":"","meta":{"footnotes":""},"class_list":["post-21892","page","type-page","status-publish","hentry"],"yoast_head":"<!-- This site is optimized with the Yoast SEO plugin v27.3 - https:\/\/yoast.com\/product\/yoast-seo-wordpress\/ -->\n<title>Inform\u0101cija - Minu Baltic O\u00dc<\/title>\n<meta name=\"description\" content=\"Laipni l\u016bgti Minu Baltic O\u00dc br\u012bni\u0161\u0137\u012bgaj\u0101 pasaul\u0113, kur m\u0113s rad\u0101m m\u0101ju, par k\u0101du j\u016bs vienm\u0113r esat sap\u0146ojis! M\u0113s ar lepnumu iepaz\u012bstin\u0101m j\u016bs ar m\u016bsu uz\u0146\u0113mumu, kas nodarbojas ar augstas kvalit\u0101tes tekstilizstr\u0101d\u0101jumu tirdzniec\u012bbu.\" \/>\n<meta name=\"robots\" content=\"index, follow, max-snippet:-1, max-image-preview:large, max-video-preview:-1\" \/>\n<link rel=\"canonical\" href=\"https:\/\/minubaltic.ee\/lv\/informacija\/\" \/>\n<meta property=\"og:locale\" content=\"lv_LV\" \/>\n<meta property=\"og:type\" content=\"article\" \/>\n<meta property=\"og:title\" content=\"Inform\u0101cija - Minu Baltic O\u00dc\" \/>\n<meta property=\"og:description\" content=\"Laipni l\u016bgti Minu Baltic O\u00dc br\u012bni\u0161\u0137\u012bgaj\u0101 pasaul\u0113, kur m\u0113s rad\u0101m m\u0101ju, par k\u0101du j\u016bs vienm\u0113r esat sap\u0146ojis! M\u0113s ar lepnumu iepaz\u012bstin\u0101m j\u016bs ar m\u016bsu uz\u0146\u0113mumu, kas nodarbojas ar augstas kvalit\u0101tes tekstilizstr\u0101d\u0101jumu tirdzniec\u012bbu.\" \/>\n<meta property=\"og:url\" content=\"https:\/\/minubaltic.ee\/lv\/informacija\/\" \/>\n<meta property=\"article:publisher\" content=\"https:\/\/www.facebook.com\/minubaltic\" \/>\n<meta property=\"article:modified_time\" content=\"2025-07-25T20:13:04+00:00\" \/>\n<meta name=\"twitter:card\" content=\"summary_large_image\" \/>\n<meta name=\"twitter:label1\" content=\"Est. reading time\" \/>\n\t<meta name=\"twitter:data1\" content=\"2 minutes\" \/>\n<script type=\"application\/ld+json\" class=\"yoast-schema-graph\">{\"@context\":\"https:\\\/\\\/schema.org\",\"@graph\":[{\"@type\":\"WebPage\",\"@id\":\"https:\\\/\\\/minubaltic.ee\\\/lv\\\/informacija\\\/\",\"url\":\"https:\\\/\\\/minubaltic.ee\\\/lv\\\/informacija\\\/\",\"name\":\"Inform\u0101cija - Minu Baltic O\u00dc\",\"isPartOf\":{\"@id\":\"https:\\\/\\\/minubaltic.ee\\\/lv\\\/#website\"},\"datePublished\":\"2023-10-08T14:36:48+00:00\",\"dateModified\":\"2025-07-25T20:13:04+00:00\",\"description\":\"Laipni l\u016bgti Minu Baltic O\u00dc br\u012bni\u0161\u0137\u012bgaj\u0101 pasaul\u0113, kur m\u0113s rad\u0101m m\u0101ju, par k\u0101du j\u016bs vienm\u0113r esat sap\u0146ojis! M\u0113s ar lepnumu iepaz\u012bstin\u0101m j\u016bs ar m\u016bsu uz\u0146\u0113mumu, kas nodarbojas ar augstas kvalit\u0101tes tekstilizstr\u0101d\u0101jumu tirdzniec\u012bbu.\",\"breadcrumb\":{\"@id\":\"https:\\\/\\\/minubaltic.ee\\\/lv\\\/informacija\\\/#breadcrumb\"},\"inLanguage\":\"lv-LV\",\"potentialAction\":[{\"@type\":\"ReadAction\",\"target\":[\"https:\\\/\\\/minubaltic.ee\\\/lv\\\/informacija\\\/\"]}]},{\"@type\":\"BreadcrumbList\",\"@id\":\"https:\\\/\\\/minubaltic.ee\\\/lv\\\/informacija\\\/#breadcrumb\",\"itemListElement\":[{\"@type\":\"ListItem\",\"position\":1,\"name\":\"S\u0101kums\",\"item\":\"https:\\\/\\\/minubaltic.ee\\\/lv\\\/\"},{\"@type\":\"ListItem\",\"position\":2,\"name\":\"Inform\u0101cija\"}]},{\"@type\":\"WebSite\",\"@id\":\"https:\\\/\\\/minubaltic.ee\\\/lv\\\/#website\",\"url\":\"https:\\\/\\\/minubaltic.ee\\\/lv\\\/\",\"name\":\"minubaltic.ee\",\"description\":\"\",\"publisher\":{\"@id\":\"https:\\\/\\\/minubaltic.ee\\\/lv\\\/#organization\"},\"potentialAction\":[{\"@type\":\"SearchAction\",\"target\":{\"@type\":\"EntryPoint\",\"urlTemplate\":\"https:\\\/\\\/minubaltic.ee\\\/lv\\\/?s={search_term_string}\"},\"query-input\":{\"@type\":\"PropertyValueSpecification\",\"valueRequired\":true,\"valueName\":\"search_term_string\"}}],\"inLanguage\":\"lv-LV\"},{\"@type\":\"Organization\",\"@id\":\"https:\\\/\\\/minubaltic.ee\\\/lv\\\/#organization\",\"name\":\"Minu Baltic O\u00dc\",\"url\":\"https:\\\/\\\/minubaltic.ee\\\/lv\\\/\",\"logo\":{\"@type\":\"ImageObject\",\"inLanguage\":\"lv-LV\",\"@id\":\"https:\\\/\\\/minubaltic.ee\\\/lv\\\/#\\\/schema\\\/logo\\\/image\\\/\",\"url\":\"https:\\\/\\\/minubaltic.ee\\\/wp-content\\\/uploads\\\/2023\\\/10\\\/cropped-cropped-cropped-logo.png\",\"contentUrl\":\"https:\\\/\\\/minubaltic.ee\\\/wp-content\\\/uploads\\\/2023\\\/10\\\/cropped-cropped-cropped-logo.png\",\"width\":500,\"height\":237,\"caption\":\"Minu Baltic O\u00dc\"},\"image\":{\"@id\":\"https:\\\/\\\/minubaltic.ee\\\/lv\\\/#\\\/schema\\\/logo\\\/image\\\/\"},\"sameAs\":[\"https:\\\/\\\/www.facebook.com\\\/minubaltic\"]}]}<\/script>\n<!-- \/ Yoast SEO plugin. -->","yoast_head_json":{"title":"Inform\u0101cija - Minu Baltic O\u00dc","description":"Laipni l\u016bgti Minu Baltic O\u00dc br\u012bni\u0161\u0137\u012bgaj\u0101 pasaul\u0113, kur m\u0113s rad\u0101m m\u0101ju, par k\u0101du j\u016bs vienm\u0113r esat sap\u0146ojis! M\u0113s ar lepnumu iepaz\u012bstin\u0101m j\u016bs ar m\u016bsu uz\u0146\u0113mumu, kas nodarbojas ar augstas kvalit\u0101tes tekstilizstr\u0101d\u0101jumu tirdzniec\u012bbu.","robots":{"index":"index","follow":"follow","max-snippet":"max-snippet:-1","max-image-preview":"max-image-preview:large","max-video-preview":"max-video-preview:-1"},"canonical":"https:\/\/minubaltic.ee\/lv\/informacija\/","og_locale":"lv_LV","og_type":"article","og_title":"Inform\u0101cija - Minu Baltic O\u00dc","og_description":"Laipni l\u016bgti Minu Baltic O\u00dc br\u012bni\u0161\u0137\u012bgaj\u0101 pasaul\u0113, kur m\u0113s rad\u0101m m\u0101ju, par k\u0101du j\u016bs vienm\u0113r esat sap\u0146ojis! M\u0113s ar lepnumu iepaz\u012bstin\u0101m j\u016bs ar m\u016bsu uz\u0146\u0113mumu, kas nodarbojas ar augstas kvalit\u0101tes tekstilizstr\u0101d\u0101jumu tirdzniec\u012bbu.","og_url":"https:\/\/minubaltic.ee\/lv\/informacija\/","article_publisher":"https:\/\/www.facebook.com\/minubaltic","article_modified_time":"2025-07-25T20:13:04+00:00","twitter_card":"summary_large_image","twitter_misc":{"Est. reading time":"2 minutes"},"schema":{"@context":"https:\/\/schema.org","@graph":[{"@type":"WebPage","@id":"https:\/\/minubaltic.ee\/lv\/informacija\/","url":"https:\/\/minubaltic.ee\/lv\/informacija\/","name":"Inform\u0101cija - Minu Baltic O\u00dc","isPartOf":{"@id":"https:\/\/minubaltic.ee\/lv\/#website"},"datePublished":"2023-10-08T14:36:48+00:00","dateModified":"2025-07-25T20:13:04+00:00","description":"Laipni l\u016bgti Minu Baltic O\u00dc br\u012bni\u0161\u0137\u012bgaj\u0101 pasaul\u0113, kur m\u0113s rad\u0101m m\u0101ju, par k\u0101du j\u016bs vienm\u0113r esat sap\u0146ojis! M\u0113s ar lepnumu iepaz\u012bstin\u0101m j\u016bs ar m\u016bsu uz\u0146\u0113mumu, kas nodarbojas ar augstas kvalit\u0101tes tekstilizstr\u0101d\u0101jumu tirdzniec\u012bbu.","breadcrumb":{"@id":"https:\/\/minubaltic.ee\/lv\/informacija\/#breadcrumb"},"inLanguage":"lv-LV","potentialAction":[{"@type":"ReadAction","target":["https:\/\/minubaltic.ee\/lv\/informacija\/"]}]},{"@type":"BreadcrumbList","@id":"https:\/\/minubaltic.ee\/lv\/informacija\/#breadcrumb","itemListElement":[{"@type":"ListItem","position":1,"name":"S\u0101kums","item":"https:\/\/minubaltic.ee\/lv\/"},{"@type":"ListItem","position":2,"name":"Inform\u0101cija"}]},{"@type":"WebSite","@id":"https:\/\/minubaltic.ee\/lv\/#website","url":"https:\/\/minubaltic.ee\/lv\/","name":"minubaltic.ee","description":"","publisher":{"@id":"https:\/\/minubaltic.ee\/lv\/#organization"},"potentialAction":[{"@type":"SearchAction","target":{"@type":"EntryPoint","urlTemplate":"https:\/\/minubaltic.ee\/lv\/?s={search_term_string}"},"query-input":{"@type":"PropertyValueSpecification","valueRequired":true,"valueName":"search_term_string"}}],"inLanguage":"lv-LV"},{"@type":"Organization","@id":"https:\/\/minubaltic.ee\/lv\/#organization","name":"Minu Baltic O\u00dc","url":"https:\/\/minubaltic.ee\/lv\/","logo":{"@type":"ImageObject","inLanguage":"lv-LV","@id":"https:\/\/minubaltic.ee\/lv\/#\/schema\/logo\/image\/","url":"https:\/\/minubaltic.ee\/wp-content\/uploads\/2023\/10\/cropped-cropped-cropped-logo.png","contentUrl":"https:\/\/minubaltic.ee\/wp-content\/uploads\/2023\/10\/cropped-cropped-cropped-logo.png","width":500,"height":237,"caption":"Minu Baltic O\u00dc"},"image":{"@id":"https:\/\/minubaltic.ee\/lv\/#\/schema\/logo\/image\/"},"sameAs":["https:\/\/www.facebook.com\/minubaltic"]}]}},"_links":{"self":[{"href":"https:\/\/minubaltic.ee\/lv\/wp-json\/wp\/v2\/pages\/21892","targetHints":{"allow":["GET"]}}],"collection":[{"href":"https:\/\/minubaltic.ee\/lv\/wp-json\/wp\/v2\/pages"}],"about":[{"href":"https:\/\/minubaltic.ee\/lv\/wp-json\/wp\/v2\/types\/page"}],"author":[{"embeddable":true,"href":"https:\/\/minubaltic.ee\/lv\/wp-json\/wp\/v2\/users\/1"}],"replies":[{"embeddable":true,"href":"https:\/\/minubaltic.ee\/lv\/wp-json\/wp\/v2\/comments?post=21892"}],"version-history":[{"count":1,"href":"https:\/\/minubaltic.ee\/lv\/wp-json\/wp\/v2\/pages\/21892\/revisions"}],"predecessor-version":[{"id":44808,"href":"https:\/\/minubaltic.ee\/lv\/wp-json\/wp\/v2\/pages\/21892\/revisions\/44808"}],"wp:attachment":[{"href":"https:\/\/minubaltic.ee\/lv\/wp-json\/wp\/v2\/media?parent=21892"}],"curies":[{"name":"wp","href":"https:\/\/api.w.org\/{rel}","templated":true}]}}