{"id":45031,"date":"2025-09-04T10:50:02","date_gmt":"2025-09-04T07:50:02","guid":{"rendered":"https:\/\/minubaltic.ee\/?post_type=product&#038;p=45031"},"modified":"2025-09-04T10:59:12","modified_gmt":"2025-09-04T07:59:12","slug":"paklode-kanapiu-garstycios","status":"publish","type":"product","link":"https:\/\/minubaltic.ee\/lt\/e-pood\/patalynes-komplektai\/paklode-kanapiu-garstycios\/","title":{"rendered":"Paklod\u0117 kanapi\u0173 \u2013 Garsty\u010dios"},"content":{"rendered":"<p>100% kanapi\u0173 paklod\u0117 yra hipoalergin\u0117 ir antibakterin\u0117.<\/p>\n<p><strong>Spalva:<\/strong> Garsty\u010dios<br \/>\n<strong>Med\u017eiaga:<\/strong> 100% Kanap\u0117s, 180 g\/m2<br \/>\n<strong>Dydis:<\/strong> 220\u00d7240<\/p>\n<p>Kanapi\u0173 paklod\u0117 \u2013 puikus pasirinkimas tiems, kurie vertina gamt\u0105, komfort\u0105 ir stili\u0173 savo miegamajame. Tai draugi\u0161kas aplinkai pasirinkimas, kuris sukuria jauki\u0105 ir nat\u016brali\u0105 atmosfer\u0105 bei u\u017etikrina patog\u0173 ir sveik\u0105 mieg\u0105.<\/p>\n","protected":false},"excerpt":{"rendered":"<p>Kanapi\u0173 paklod\u0117 yra ne tik prakti\u0161kas ir patvarus pasirinkimas, bet ir stilingas bei modernus bet kurio miegamojo priedas. Unikali kanapi\u0173 tekst\u016bra ir nat\u016brali spalva sukuria eleganti\u0161k\u0105 ir kaimi\u0161k\u0105 atmosfer\u0105, kuri puikiai dera su \u012fvairiais interjero stiliais. Kanapi\u0173 patalyn\u0117 ne tik yra patogi ir pralaidi orui, bet ir yra nealergi\u0161ka ir antibakterin\u0117, o tai u\u017etikrina ger\u0105 ir sveik\u0105 mieg\u0105 vis\u0105 nakt\u012f.<\/p>\n<p>Kanapi\u0173 patalyn\u0119 taip pat lengva pri\u017ei\u016br\u0117ti, nes j\u0105 galima skalbti ma\u0161inoje ir i\u0161laiko savo kokyb\u0119 net po keli\u0173 skalbimo cikl\u0173. Kanap\u0117s taip pat greitai d\u017ei\u016bsta, tod\u0117l tai idealus pasirinkimas tiems, kurie vertina prakti\u0161kum\u0105 ir patogum\u0105. Be to, kanapi\u0173 auginimas yra draugi\u0161kas aplinkai pasirinkimas, nes nekenkia gamtai.<\/p>\n<p><img loading=\"lazy\" decoding=\"async\" class=\" wd-lazy-fade alignnone wp-image-21480\" src=\"https:\/\/minubaltic.ee\/wp-content\/themes\/woodmart\/images\/lazy.svg\" data-src=\"https:\/\/minubaltic.ee\/wp-content\/uploads\/2024\/03\/image-removebg-preview-70-400x264.png\" alt=\"\" width=\"156\" height=\"103\" srcset=\"\" data-srcset=\"https:\/\/minubaltic.ee\/wp-content\/uploads\/2024\/03\/image-removebg-preview-70-400x264.png 400w, https:\/\/minubaltic.ee\/wp-content\/uploads\/2024\/03\/image-removebg-preview-70-430x284.png 430w, https:\/\/minubaltic.ee\/wp-content\/uploads\/2024\/03\/image-removebg-preview-70-150x99.png 150w, https:\/\/minubaltic.ee\/wp-content\/uploads\/2024\/03\/image-removebg-preview-70.png 615w\" sizes=\"auto, (max-width: 156px) 100vw, 156px\" \/><img loading=\"lazy\" decoding=\"async\" class=\" wd-lazy-fade alignnone wp-image-26544\" src=\"https:\/\/minubaltic.ee\/wp-content\/themes\/woodmart\/images\/lazy.svg\" data-src=\"https:\/\/minubaltic.ee\/wp-content\/uploads\/2024\/05\/hemp-logo-300x300.png\" alt=\"\" width=\"92\" height=\"92\" srcset=\"\" data-srcset=\"https:\/\/minubaltic.ee\/wp-content\/uploads\/2024\/05\/hemp-logo-300x300.png 300w, https:\/\/minubaltic.ee\/wp-content\/uploads\/2024\/05\/hemp-logo-800x800.png 800w, https:\/\/minubaltic.ee\/wp-content\/uploads\/2024\/05\/hemp-logo-150x150.png 150w, https:\/\/minubaltic.ee\/wp-content\/uploads\/2024\/05\/hemp-logo-768x768.png 768w, https:\/\/minubaltic.ee\/wp-content\/uploads\/2024\/05\/hemp-logo-430x430.png 430w, https:\/\/minubaltic.ee\/wp-content\/uploads\/2024\/05\/hemp-logo-700x700.png 700w, https:\/\/minubaltic.ee\/wp-content\/uploads\/2024\/05\/hemp-logo.png 940w\" sizes=\"auto, (max-width: 92px) 100vw, 92px\" \/><\/p>\n","protected":false},"featured_media":45038,"comment_status":"open","ping_status":"closed","template":"","meta":[],"product_brand":[],"product_cat":[768,701,694,553],"product_tag":[558,559],"class_list":{"0":"post-45031","1":"product","2":"type-product","3":"status-publish","4":"has-post-thumbnail","6":"product_cat-ekologiska-patalyne","7":"product_cat-kanapiu-paklodes","8":"product_cat-kanapiu-patalyne","9":"product_cat-patalynes-komplektai","10":"product_tag-e-parduotuve","11":"product_tag-namu-tekstile","13":"first","14":"instock","15":"shipping-taxable","16":"purchasable","17":"product-type-simple"},"yoast_head":"<!-- This site is optimized with the Yoast SEO plugin v27.3 - https:\/\/yoast.com\/product\/yoast-seo-wordpress\/ -->\n<title>Paklod\u0117 kanapi\u0173 \u2013 Garsty\u010dios - 100% nat\u016brali\u0173 kanapi\u0173<\/title>\n<meta name=\"description\" content=\"Kanap\u0117s paklod\u0117 miegamajam suteikia nat\u016bralaus gaivumo ir jaukumo. Patvarus pluo\u0161tas ilgai i\u0161lieka gra\u017eus, lengvai pri\u017ei\u016brimas ir padeda ramiai i\u0161simiegoti.\" \/>\n<meta name=\"robots\" content=\"index, follow, max-snippet:-1, max-image-preview:large, max-video-preview:-1\" \/>\n<link rel=\"canonical\" href=\"https:\/\/minubaltic.ee\/lt\/e-pood\/patalynes-komplektai\/paklode-kanapiu-garstycios\/\" \/>\n<meta property=\"og:locale\" content=\"lt_LT\" \/>\n<meta property=\"og:type\" content=\"article\" \/>\n<meta property=\"og:title\" content=\"Paklod\u0117 kanapi\u0173 \u2013 Garsty\u010dios - 100% nat\u016brali\u0173 kanapi\u0173\" \/>\n<meta property=\"og:description\" content=\"Kanap\u0117s paklod\u0117 miegamajam suteikia nat\u016bralaus gaivumo ir jaukumo. Patvarus pluo\u0161tas ilgai i\u0161lieka gra\u017eus, lengvai pri\u017ei\u016brimas ir padeda ramiai i\u0161simiegoti.\" \/>\n<meta property=\"og:url\" content=\"https:\/\/minubaltic.ee\/lt\/e-pood\/patalynes-komplektai\/paklode-kanapiu-garstycios\/\" \/>\n<meta property=\"article:publisher\" content=\"https:\/\/www.facebook.com\/minubaltic\" \/>\n<meta property=\"article:modified_time\" content=\"2025-09-04T07:59:12+00:00\" \/>\n<meta property=\"og:image\" content=\"https:\/\/minubaltic.ee\/wp-content\/uploads\/2025\/09\/Kanepist-voodilina-Sinep.jpg\" \/>\n\t<meta property=\"og:image:width\" content=\"800\" \/>\n\t<meta property=\"og:image:height\" content=\"800\" \/>\n\t<meta property=\"og:image:type\" content=\"image\/jpeg\" \/>\n<meta name=\"twitter:card\" content=\"summary_large_image\" \/>\n<meta name=\"twitter:label1\" content=\"Est. reading time\" \/>\n\t<meta name=\"twitter:data1\" content=\"1 minut\u0117\" \/>\n<script type=\"application\/ld+json\" class=\"yoast-schema-graph\">{\"@context\":\"https:\\\/\\\/schema.org\",\"@graph\":[{\"@type\":\"WebPage\",\"@id\":\"https:\\\/\\\/minubaltic.ee\\\/lt\\\/e-pood\\\/patalynes-komplektai\\\/paklode-kanapiu-garstycios\\\/\",\"url\":\"https:\\\/\\\/minubaltic.ee\\\/lt\\\/e-pood\\\/patalynes-komplektai\\\/paklode-kanapiu-garstycios\\\/\",\"name\":\"Paklod\u0117 kanapi\u0173 \u2013 Garsty\u010dios - 100% nat\u016brali\u0173 kanapi\u0173\",\"isPartOf\":{\"@id\":\"https:\\\/\\\/minubaltic.ee\\\/lt\\\/#website\"},\"primaryImageOfPage\":{\"@id\":\"https:\\\/\\\/minubaltic.ee\\\/lt\\\/e-pood\\\/patalynes-komplektai\\\/paklode-kanapiu-garstycios\\\/#primaryimage\"},\"image\":{\"@id\":\"https:\\\/\\\/minubaltic.ee\\\/lt\\\/e-pood\\\/patalynes-komplektai\\\/paklode-kanapiu-garstycios\\\/#primaryimage\"},\"thumbnailUrl\":\"https:\\\/\\\/minubaltic.ee\\\/wp-content\\\/uploads\\\/2025\\\/09\\\/Kanepist-voodilina-Sinep.jpg\",\"datePublished\":\"2025-09-04T07:50:02+00:00\",\"dateModified\":\"2025-09-04T07:59:12+00:00\",\"description\":\"Kanap\u0117s paklod\u0117 miegamajam suteikia nat\u016bralaus gaivumo ir jaukumo. Patvarus pluo\u0161tas ilgai i\u0161lieka gra\u017eus, lengvai pri\u017ei\u016brimas ir padeda ramiai i\u0161simiegoti.\",\"breadcrumb\":{\"@id\":\"https:\\\/\\\/minubaltic.ee\\\/lt\\\/e-pood\\\/patalynes-komplektai\\\/paklode-kanapiu-garstycios\\\/#breadcrumb\"},\"inLanguage\":\"lt-LT\",\"potentialAction\":[{\"@type\":\"ReadAction\",\"target\":[\"https:\\\/\\\/minubaltic.ee\\\/lt\\\/e-pood\\\/patalynes-komplektai\\\/paklode-kanapiu-garstycios\\\/\"]}]},{\"@type\":\"ImageObject\",\"inLanguage\":\"lt-LT\",\"@id\":\"https:\\\/\\\/minubaltic.ee\\\/lt\\\/e-pood\\\/patalynes-komplektai\\\/paklode-kanapiu-garstycios\\\/#primaryimage\",\"url\":\"https:\\\/\\\/minubaltic.ee\\\/wp-content\\\/uploads\\\/2025\\\/09\\\/Kanepist-voodilina-Sinep.jpg\",\"contentUrl\":\"https:\\\/\\\/minubaltic.ee\\\/wp-content\\\/uploads\\\/2025\\\/09\\\/Kanepist-voodilina-Sinep.jpg\",\"width\":800,\"height\":800,\"caption\":\"Kanepist voodilina Sinep\"},{\"@type\":\"BreadcrumbList\",\"@id\":\"https:\\\/\\\/minubaltic.ee\\\/lt\\\/e-pood\\\/patalynes-komplektai\\\/paklode-kanapiu-garstycios\\\/#breadcrumb\",\"itemListElement\":[{\"@type\":\"ListItem\",\"position\":1,\"name\":\"Home\",\"item\":\"https:\\\/\\\/minubaltic.ee\\\/lt\\\/\"},{\"@type\":\"ListItem\",\"position\":2,\"name\":\"Parduotuv\u0117\",\"item\":\"https:\\\/\\\/minubaltic.ee\\\/lt\\\/parduotuve\\\/\"},{\"@type\":\"ListItem\",\"position\":3,\"name\":\"Paklod\u0117 kanapi\u0173 \u2013 Garsty\u010dios\"}]},{\"@type\":\"WebSite\",\"@id\":\"https:\\\/\\\/minubaltic.ee\\\/lt\\\/#website\",\"url\":\"https:\\\/\\\/minubaltic.ee\\\/lt\\\/\",\"name\":\"minubaltic.ee\",\"description\":\"\",\"publisher\":{\"@id\":\"https:\\\/\\\/minubaltic.ee\\\/lt\\\/#organization\"},\"potentialAction\":[{\"@type\":\"SearchAction\",\"target\":{\"@type\":\"EntryPoint\",\"urlTemplate\":\"https:\\\/\\\/minubaltic.ee\\\/lt\\\/?s={search_term_string}\"},\"query-input\":{\"@type\":\"PropertyValueSpecification\",\"valueRequired\":true,\"valueName\":\"search_term_string\"}}],\"inLanguage\":\"lt-LT\"},{\"@type\":\"Organization\",\"@id\":\"https:\\\/\\\/minubaltic.ee\\\/lt\\\/#organization\",\"name\":\"Minu Baltic O\u00dc\",\"url\":\"https:\\\/\\\/minubaltic.ee\\\/lt\\\/\",\"logo\":{\"@type\":\"ImageObject\",\"inLanguage\":\"lt-LT\",\"@id\":\"https:\\\/\\\/minubaltic.ee\\\/lt\\\/#\\\/schema\\\/logo\\\/image\\\/\",\"url\":\"https:\\\/\\\/minubaltic.ee\\\/wp-content\\\/uploads\\\/2023\\\/10\\\/cropped-cropped-cropped-logo.png\",\"contentUrl\":\"https:\\\/\\\/minubaltic.ee\\\/wp-content\\\/uploads\\\/2023\\\/10\\\/cropped-cropped-cropped-logo.png\",\"width\":500,\"height\":237,\"caption\":\"Minu Baltic O\u00dc\"},\"image\":{\"@id\":\"https:\\\/\\\/minubaltic.ee\\\/lt\\\/#\\\/schema\\\/logo\\\/image\\\/\"},\"sameAs\":[\"https:\\\/\\\/www.facebook.com\\\/minubaltic\"]}]}<\/script>\n<!-- \/ Yoast SEO plugin. -->","yoast_head_json":{"title":"Paklod\u0117 kanapi\u0173 \u2013 Garsty\u010dios - 100% nat\u016brali\u0173 kanapi\u0173","description":"Kanap\u0117s paklod\u0117 miegamajam suteikia nat\u016bralaus gaivumo ir jaukumo. Patvarus pluo\u0161tas ilgai i\u0161lieka gra\u017eus, lengvai pri\u017ei\u016brimas ir padeda ramiai i\u0161simiegoti.","robots":{"index":"index","follow":"follow","max-snippet":"max-snippet:-1","max-image-preview":"max-image-preview:large","max-video-preview":"max-video-preview:-1"},"canonical":"https:\/\/minubaltic.ee\/lt\/e-pood\/patalynes-komplektai\/paklode-kanapiu-garstycios\/","og_locale":"lt_LT","og_type":"article","og_title":"Paklod\u0117 kanapi\u0173 \u2013 Garsty\u010dios - 100% nat\u016brali\u0173 kanapi\u0173","og_description":"Kanap\u0117s paklod\u0117 miegamajam suteikia nat\u016bralaus gaivumo ir jaukumo. Patvarus pluo\u0161tas ilgai i\u0161lieka gra\u017eus, lengvai pri\u017ei\u016brimas ir padeda ramiai i\u0161simiegoti.","og_url":"https:\/\/minubaltic.ee\/lt\/e-pood\/patalynes-komplektai\/paklode-kanapiu-garstycios\/","article_publisher":"https:\/\/www.facebook.com\/minubaltic","article_modified_time":"2025-09-04T07:59:12+00:00","og_image":[{"width":800,"height":800,"url":"https:\/\/minubaltic.ee\/wp-content\/uploads\/2025\/09\/Kanepist-voodilina-Sinep.jpg","type":"image\/jpeg"}],"twitter_card":"summary_large_image","twitter_misc":{"Est. reading time":"1 minut\u0117"},"schema":{"@context":"https:\/\/schema.org","@graph":[{"@type":"WebPage","@id":"https:\/\/minubaltic.ee\/lt\/e-pood\/patalynes-komplektai\/paklode-kanapiu-garstycios\/","url":"https:\/\/minubaltic.ee\/lt\/e-pood\/patalynes-komplektai\/paklode-kanapiu-garstycios\/","name":"Paklod\u0117 kanapi\u0173 \u2013 Garsty\u010dios - 100% nat\u016brali\u0173 kanapi\u0173","isPartOf":{"@id":"https:\/\/minubaltic.ee\/lt\/#website"},"primaryImageOfPage":{"@id":"https:\/\/minubaltic.ee\/lt\/e-pood\/patalynes-komplektai\/paklode-kanapiu-garstycios\/#primaryimage"},"image":{"@id":"https:\/\/minubaltic.ee\/lt\/e-pood\/patalynes-komplektai\/paklode-kanapiu-garstycios\/#primaryimage"},"thumbnailUrl":"https:\/\/minubaltic.ee\/wp-content\/uploads\/2025\/09\/Kanepist-voodilina-Sinep.jpg","datePublished":"2025-09-04T07:50:02+00:00","dateModified":"2025-09-04T07:59:12+00:00","description":"Kanap\u0117s paklod\u0117 miegamajam suteikia nat\u016bralaus gaivumo ir jaukumo. Patvarus pluo\u0161tas ilgai i\u0161lieka gra\u017eus, lengvai pri\u017ei\u016brimas ir padeda ramiai i\u0161simiegoti.","breadcrumb":{"@id":"https:\/\/minubaltic.ee\/lt\/e-pood\/patalynes-komplektai\/paklode-kanapiu-garstycios\/#breadcrumb"},"inLanguage":"lt-LT","potentialAction":[{"@type":"ReadAction","target":["https:\/\/minubaltic.ee\/lt\/e-pood\/patalynes-komplektai\/paklode-kanapiu-garstycios\/"]}]},{"@type":"ImageObject","inLanguage":"lt-LT","@id":"https:\/\/minubaltic.ee\/lt\/e-pood\/patalynes-komplektai\/paklode-kanapiu-garstycios\/#primaryimage","url":"https:\/\/minubaltic.ee\/wp-content\/uploads\/2025\/09\/Kanepist-voodilina-Sinep.jpg","contentUrl":"https:\/\/minubaltic.ee\/wp-content\/uploads\/2025\/09\/Kanepist-voodilina-Sinep.jpg","width":800,"height":800,"caption":"Kanepist voodilina Sinep"},{"@type":"BreadcrumbList","@id":"https:\/\/minubaltic.ee\/lt\/e-pood\/patalynes-komplektai\/paklode-kanapiu-garstycios\/#breadcrumb","itemListElement":[{"@type":"ListItem","position":1,"name":"Home","item":"https:\/\/minubaltic.ee\/lt\/"},{"@type":"ListItem","position":2,"name":"Parduotuv\u0117","item":"https:\/\/minubaltic.ee\/lt\/parduotuve\/"},{"@type":"ListItem","position":3,"name":"Paklod\u0117 kanapi\u0173 \u2013 Garsty\u010dios"}]},{"@type":"WebSite","@id":"https:\/\/minubaltic.ee\/lt\/#website","url":"https:\/\/minubaltic.ee\/lt\/","name":"minubaltic.ee","description":"","publisher":{"@id":"https:\/\/minubaltic.ee\/lt\/#organization"},"potentialAction":[{"@type":"SearchAction","target":{"@type":"EntryPoint","urlTemplate":"https:\/\/minubaltic.ee\/lt\/?s={search_term_string}"},"query-input":{"@type":"PropertyValueSpecification","valueRequired":true,"valueName":"search_term_string"}}],"inLanguage":"lt-LT"},{"@type":"Organization","@id":"https:\/\/minubaltic.ee\/lt\/#organization","name":"Minu Baltic O\u00dc","url":"https:\/\/minubaltic.ee\/lt\/","logo":{"@type":"ImageObject","inLanguage":"lt-LT","@id":"https:\/\/minubaltic.ee\/lt\/#\/schema\/logo\/image\/","url":"https:\/\/minubaltic.ee\/wp-content\/uploads\/2023\/10\/cropped-cropped-cropped-logo.png","contentUrl":"https:\/\/minubaltic.ee\/wp-content\/uploads\/2023\/10\/cropped-cropped-cropped-logo.png","width":500,"height":237,"caption":"Minu Baltic O\u00dc"},"image":{"@id":"https:\/\/minubaltic.ee\/lt\/#\/schema\/logo\/image\/"},"sameAs":["https:\/\/www.facebook.com\/minubaltic"]}]}},"_links":{"self":[{"href":"https:\/\/minubaltic.ee\/lt\/wp-json\/wp\/v2\/product\/45031","targetHints":{"allow":["GET"]}}],"collection":[{"href":"https:\/\/minubaltic.ee\/lt\/wp-json\/wp\/v2\/product"}],"about":[{"href":"https:\/\/minubaltic.ee\/lt\/wp-json\/wp\/v2\/types\/product"}],"replies":[{"embeddable":true,"href":"https:\/\/minubaltic.ee\/lt\/wp-json\/wp\/v2\/comments?post=45031"}],"version-history":[{"count":2,"href":"https:\/\/minubaltic.ee\/lt\/wp-json\/wp\/v2\/product\/45031\/revisions"}],"predecessor-version":[{"id":45055,"href":"https:\/\/minubaltic.ee\/lt\/wp-json\/wp\/v2\/product\/45031\/revisions\/45055"}],"wp:featuredmedia":[{"embeddable":true,"href":"https:\/\/minubaltic.ee\/lt\/wp-json\/wp\/v2\/media\/45038"}],"wp:attachment":[{"href":"https:\/\/minubaltic.ee\/lt\/wp-json\/wp\/v2\/media?parent=45031"}],"wp:term":[{"taxonomy":"product_brand","embeddable":true,"href":"https:\/\/minubaltic.ee\/lt\/wp-json\/wp\/v2\/product_brand?post=45031"},{"taxonomy":"product_cat","embeddable":true,"href":"https:\/\/minubaltic.ee\/lt\/wp-json\/wp\/v2\/product_cat?post=45031"},{"taxonomy":"product_tag","embeddable":true,"href":"https:\/\/minubaltic.ee\/lt\/wp-json\/wp\/v2\/product_tag?post=45031"}],"curies":[{"name":"wp","href":"https:\/\/api.w.org\/{rel}","templated":true}]}}