{"id":44923,"date":"2025-08-29T08:14:47","date_gmt":"2025-08-29T05:14:47","guid":{"rendered":"https:\/\/minubaltic.ee\/?post_type=product&#038;p=44923"},"modified":"2025-08-29T08:24:48","modified_gmt":"2025-08-29T05:24:48","slug":"kanapiu-patalynes-komplektai-burgundija","status":"publish","type":"product","link":"https:\/\/minubaltic.ee\/lt\/e-pood\/patalynes-komplektai\/kanapiu-patalynes-komplektai-burgundija\/","title":{"rendered":"Kanapi\u0173 patalyn\u0117s komplektai &#8211; Burgundija"},"content":{"rendered":"<p>100% kanapi\u0173 patalyn\u0117s komplektas yra hipoalergi\u0161kas ir antibakterinis.<\/p>\n<p><strong>Spalva:<\/strong> Burgundija<br \/>\n<strong>Med\u017eiaga:<\/strong> 100% Kanap\u0117s, 180 g\/m2<br \/>\n<strong>Antklod\u0117s u\u017evalkalas:<\/strong> 200\u00d7220<br \/>\n<strong>Pagalv\u0117s u\u017evalkalas:<\/strong> 50\u00d770 (2 vnt.)<\/p>\n<p>-Kanapi\u0173 patalyn\u0119 lengva pri\u017ei\u016br\u0117ti \u2013 kanapes galima skalbti ma\u0161inoje ir greitai d\u017ei\u016bsta.<br \/>\n-Kanapin\u0119 patalyn\u0119 geriausia skalbti drungname vandenyje, tod\u0117l patalyn\u0117 ilgiau i\u0161lieka \u0161vie\u017eia ir gra\u017ei. Vandens temperat\u016bra turi b\u016bti 30-40 \u2103.<br \/>\n&#8211; Rekomenduojama d\u017eiovinti d\u017eiovykl\u0117je ma\u017eu grei\u010diu, kad audinys nesuply\u0161t\u0173.<br \/>\n-Nat\u016brali kanapi\u0173 i\u0161vaizda \u0161iek tiek susirauk\u0161l\u0117jusi. Ta\u010diau jei norite lygios patalyn\u0117s, j\u0105 galima lyginti ir ant silpnos ugnies.<\/p>\n<p>Kanapi\u0173 patalyn\u0117s komplektai supakuoti \u012f mai\u0161el\u012f i\u0161 to paties audinio.<\/p>\n","protected":false},"excerpt":{"rendered":"<p>Kanapi\u0173 patalyn\u0117 yra ekologi\u0161kas ir patvarus pasirinkimas. Jis pagamintas i\u0161 nat\u016brali\u0173 kanapi\u0173 augal\u0173 pluo\u0161t\u0173, kurie turi kelet\u0105 privalum\u0173. Kanapi\u0173 pluo\u0161tai yra labai tvirti ir patvar\u016bs, tod\u0117l kanapi\u0173 patalyn\u0117 tarnauja ilgiau nei dauguma kit\u0173 audini\u0173, su kiekvienu skalbimu tampa mink\u0161tesn\u0117 ir patogesn\u0117.<\/p>\n<p>Kanap\u0117s pasi\u017eymi nat\u016braliomis antibakterin\u0117mis savyb\u0117mis, d\u0117l kuri\u0173 kanapi\u0173 patalyn\u0117 yra higieni\u0161ka ir padeda suma\u017einti bakterij\u0173 ir alergen\u0173 kiek\u012f j\u016bs\u0173 lovoje. \u0160i patalyn\u0117 puikiai tinka sergant alergijomis ar odos ligomis ir u\u017etikrina higieni\u0161kesn\u012f mieg\u0105. Kanapi\u0173 patalyn\u0117 da\u017eniausiai nesukelia alergini\u0173 reakcij\u0173, nes kanap\u0117s laikomos hipoalergi\u0161ka med\u017eiaga.<\/p>\n<p><img loading=\"lazy\" decoding=\"async\" class=\" wd-lazy-fade alignnone wp-image-21480\" src=\"https:\/\/minubaltic.ee\/wp-content\/themes\/woodmart\/images\/lazy.svg\" data-src=\"https:\/\/minubaltic.ee\/wp-content\/uploads\/2024\/03\/image-removebg-preview-70-400x264.png\" alt=\"\" width=\"156\" height=\"103\" srcset=\"\" data-srcset=\"https:\/\/minubaltic.ee\/wp-content\/uploads\/2024\/03\/image-removebg-preview-70-400x264.png 400w, https:\/\/minubaltic.ee\/wp-content\/uploads\/2024\/03\/image-removebg-preview-70-430x284.png 430w, https:\/\/minubaltic.ee\/wp-content\/uploads\/2024\/03\/image-removebg-preview-70-150x99.png 150w, https:\/\/minubaltic.ee\/wp-content\/uploads\/2024\/03\/image-removebg-preview-70.png 615w\" sizes=\"auto, (max-width: 156px) 100vw, 156px\" \/><img loading=\"lazy\" decoding=\"async\" class=\" wd-lazy-fade alignnone wp-image-26544\" src=\"https:\/\/minubaltic.ee\/wp-content\/themes\/woodmart\/images\/lazy.svg\" data-src=\"https:\/\/minubaltic.ee\/wp-content\/uploads\/2024\/05\/hemp-logo-300x300.png\" alt=\"\" width=\"92\" height=\"92\" srcset=\"\" data-srcset=\"https:\/\/minubaltic.ee\/wp-content\/uploads\/2024\/05\/hemp-logo-300x300.png 300w, https:\/\/minubaltic.ee\/wp-content\/uploads\/2024\/05\/hemp-logo-800x800.png 800w, https:\/\/minubaltic.ee\/wp-content\/uploads\/2024\/05\/hemp-logo-150x150.png 150w, https:\/\/minubaltic.ee\/wp-content\/uploads\/2024\/05\/hemp-logo-768x768.png 768w, https:\/\/minubaltic.ee\/wp-content\/uploads\/2024\/05\/hemp-logo-430x430.png 430w, https:\/\/minubaltic.ee\/wp-content\/uploads\/2024\/05\/hemp-logo-700x700.png 700w, https:\/\/minubaltic.ee\/wp-content\/uploads\/2024\/05\/hemp-logo.png 940w\" sizes=\"auto, (max-width: 92px) 100vw, 92px\" \/><\/p>\n","protected":false},"featured_media":44930,"comment_status":"open","ping_status":"closed","template":"","meta":[],"product_brand":[],"product_cat":[768,694,713,553,555],"product_tag":[558,559],"class_list":{"0":"post-44923","1":"product","2":"type-product","3":"status-publish","4":"has-post-thumbnail","6":"product_cat-ekologiska-patalyne","7":"product_cat-kanapiu-patalyne","8":"product_cat-kanapiu-patalynes-komplektai","9":"product_cat-patalynes-komplektai","10":"product_cat-patalynes-komplektai-200-220","11":"product_tag-e-parduotuve","12":"product_tag-namu-tekstile","14":"first","15":"instock","16":"shipping-taxable","17":"purchasable","18":"product-type-simple"},"yoast_head":"<!-- This site is optimized with the Yoast SEO plugin v27.3 - https:\/\/yoast.com\/product\/yoast-seo-wordpress\/ -->\n<title>Kanapi\u0173 patalyn\u0117s komplektai - Burgundija<\/title>\n<meta name=\"description\" content=\"Organin\u0117s kanap\u0117s patalyn\u0117s komplektas pagamintas i\u0161 nat\u016bralaus audinio, padengto tik ekologi\u0161kais da\u017eais, siekiant u\u017etikrinti saug\u0173 ir tvar\u0173 sprendim\u0105 odai.\" \/>\n<meta name=\"robots\" content=\"index, follow, max-snippet:-1, max-image-preview:large, max-video-preview:-1\" \/>\n<link rel=\"canonical\" href=\"https:\/\/minubaltic.ee\/lt\/e-pood\/patalynes-komplektai\/kanapiu-patalynes-komplektai-burgundija\/\" \/>\n<meta property=\"og:locale\" content=\"lt_LT\" \/>\n<meta property=\"og:type\" content=\"article\" \/>\n<meta property=\"og:title\" content=\"Kanapi\u0173 patalyn\u0117s komplektai - Burgundija\" \/>\n<meta property=\"og:description\" content=\"Organin\u0117s kanap\u0117s patalyn\u0117s komplektas pagamintas i\u0161 nat\u016bralaus audinio, padengto tik ekologi\u0161kais da\u017eais, siekiant u\u017etikrinti saug\u0173 ir tvar\u0173 sprendim\u0105 odai.\" \/>\n<meta property=\"og:url\" content=\"https:\/\/minubaltic.ee\/lt\/e-pood\/patalynes-komplektai\/kanapiu-patalynes-komplektai-burgundija\/\" \/>\n<meta property=\"article:publisher\" content=\"https:\/\/www.facebook.com\/minubaltic\" \/>\n<meta property=\"article:modified_time\" content=\"2025-08-29T05:24:48+00:00\" \/>\n<meta property=\"og:image\" content=\"https:\/\/minubaltic.ee\/wp-content\/uploads\/2025\/08\/Kanepist-voodipesukomplekt-Burgundia-varv.jpg\" \/>\n\t<meta property=\"og:image:width\" content=\"800\" \/>\n\t<meta property=\"og:image:height\" content=\"800\" \/>\n\t<meta property=\"og:image:type\" content=\"image\/jpeg\" \/>\n<meta name=\"twitter:card\" content=\"summary_large_image\" \/>\n<meta name=\"twitter:label1\" content=\"Est. reading time\" \/>\n\t<meta name=\"twitter:data1\" content=\"1 minut\u0117\" \/>\n<script type=\"application\/ld+json\" class=\"yoast-schema-graph\">{\"@context\":\"https:\\\/\\\/schema.org\",\"@graph\":[{\"@type\":\"WebPage\",\"@id\":\"https:\\\/\\\/minubaltic.ee\\\/lt\\\/e-pood\\\/patalynes-komplektai\\\/kanapiu-patalynes-komplektai-burgundija\\\/\",\"url\":\"https:\\\/\\\/minubaltic.ee\\\/lt\\\/e-pood\\\/patalynes-komplektai\\\/kanapiu-patalynes-komplektai-burgundija\\\/\",\"name\":\"Kanapi\u0173 patalyn\u0117s komplektai - Burgundija\",\"isPartOf\":{\"@id\":\"https:\\\/\\\/minubaltic.ee\\\/lt\\\/#website\"},\"primaryImageOfPage\":{\"@id\":\"https:\\\/\\\/minubaltic.ee\\\/lt\\\/e-pood\\\/patalynes-komplektai\\\/kanapiu-patalynes-komplektai-burgundija\\\/#primaryimage\"},\"image\":{\"@id\":\"https:\\\/\\\/minubaltic.ee\\\/lt\\\/e-pood\\\/patalynes-komplektai\\\/kanapiu-patalynes-komplektai-burgundija\\\/#primaryimage\"},\"thumbnailUrl\":\"https:\\\/\\\/minubaltic.ee\\\/wp-content\\\/uploads\\\/2025\\\/08\\\/Kanepist-voodipesukomplekt-Burgundia-varv.jpg\",\"datePublished\":\"2025-08-29T05:14:47+00:00\",\"dateModified\":\"2025-08-29T05:24:48+00:00\",\"description\":\"Organin\u0117s kanap\u0117s patalyn\u0117s komplektas pagamintas i\u0161 nat\u016bralaus audinio, padengto tik ekologi\u0161kais da\u017eais, siekiant u\u017etikrinti saug\u0173 ir tvar\u0173 sprendim\u0105 odai.\",\"breadcrumb\":{\"@id\":\"https:\\\/\\\/minubaltic.ee\\\/lt\\\/e-pood\\\/patalynes-komplektai\\\/kanapiu-patalynes-komplektai-burgundija\\\/#breadcrumb\"},\"inLanguage\":\"lt-LT\",\"potentialAction\":[{\"@type\":\"ReadAction\",\"target\":[\"https:\\\/\\\/minubaltic.ee\\\/lt\\\/e-pood\\\/patalynes-komplektai\\\/kanapiu-patalynes-komplektai-burgundija\\\/\"]}]},{\"@type\":\"ImageObject\",\"inLanguage\":\"lt-LT\",\"@id\":\"https:\\\/\\\/minubaltic.ee\\\/lt\\\/e-pood\\\/patalynes-komplektai\\\/kanapiu-patalynes-komplektai-burgundija\\\/#primaryimage\",\"url\":\"https:\\\/\\\/minubaltic.ee\\\/wp-content\\\/uploads\\\/2025\\\/08\\\/Kanepist-voodipesukomplekt-Burgundia-varv.jpg\",\"contentUrl\":\"https:\\\/\\\/minubaltic.ee\\\/wp-content\\\/uploads\\\/2025\\\/08\\\/Kanepist-voodipesukomplekt-Burgundia-varv.jpg\",\"width\":800,\"height\":800,\"caption\":\"Kanepist voodipesukomplekt Burgundia v\u00e4rv\"},{\"@type\":\"BreadcrumbList\",\"@id\":\"https:\\\/\\\/minubaltic.ee\\\/lt\\\/e-pood\\\/patalynes-komplektai\\\/kanapiu-patalynes-komplektai-burgundija\\\/#breadcrumb\",\"itemListElement\":[{\"@type\":\"ListItem\",\"position\":1,\"name\":\"Home\",\"item\":\"https:\\\/\\\/minubaltic.ee\\\/lt\\\/\"},{\"@type\":\"ListItem\",\"position\":2,\"name\":\"Parduotuv\u0117\",\"item\":\"https:\\\/\\\/minubaltic.ee\\\/lt\\\/parduotuve\\\/\"},{\"@type\":\"ListItem\",\"position\":3,\"name\":\"Kanapi\u0173 patalyn\u0117s komplektai &#8212; Burgundija\"}]},{\"@type\":\"WebSite\",\"@id\":\"https:\\\/\\\/minubaltic.ee\\\/lt\\\/#website\",\"url\":\"https:\\\/\\\/minubaltic.ee\\\/lt\\\/\",\"name\":\"minubaltic.ee\",\"description\":\"\",\"publisher\":{\"@id\":\"https:\\\/\\\/minubaltic.ee\\\/lt\\\/#organization\"},\"potentialAction\":[{\"@type\":\"SearchAction\",\"target\":{\"@type\":\"EntryPoint\",\"urlTemplate\":\"https:\\\/\\\/minubaltic.ee\\\/lt\\\/?s={search_term_string}\"},\"query-input\":{\"@type\":\"PropertyValueSpecification\",\"valueRequired\":true,\"valueName\":\"search_term_string\"}}],\"inLanguage\":\"lt-LT\"},{\"@type\":\"Organization\",\"@id\":\"https:\\\/\\\/minubaltic.ee\\\/lt\\\/#organization\",\"name\":\"Minu Baltic O\u00dc\",\"url\":\"https:\\\/\\\/minubaltic.ee\\\/lt\\\/\",\"logo\":{\"@type\":\"ImageObject\",\"inLanguage\":\"lt-LT\",\"@id\":\"https:\\\/\\\/minubaltic.ee\\\/lt\\\/#\\\/schema\\\/logo\\\/image\\\/\",\"url\":\"https:\\\/\\\/minubaltic.ee\\\/wp-content\\\/uploads\\\/2023\\\/10\\\/cropped-cropped-cropped-logo.png\",\"contentUrl\":\"https:\\\/\\\/minubaltic.ee\\\/wp-content\\\/uploads\\\/2023\\\/10\\\/cropped-cropped-cropped-logo.png\",\"width\":500,\"height\":237,\"caption\":\"Minu Baltic O\u00dc\"},\"image\":{\"@id\":\"https:\\\/\\\/minubaltic.ee\\\/lt\\\/#\\\/schema\\\/logo\\\/image\\\/\"},\"sameAs\":[\"https:\\\/\\\/www.facebook.com\\\/minubaltic\"]}]}<\/script>\n<!-- \/ Yoast SEO plugin. -->","yoast_head_json":{"title":"Kanapi\u0173 patalyn\u0117s komplektai - Burgundija","description":"Organin\u0117s kanap\u0117s patalyn\u0117s komplektas pagamintas i\u0161 nat\u016bralaus audinio, padengto tik ekologi\u0161kais da\u017eais, siekiant u\u017etikrinti saug\u0173 ir tvar\u0173 sprendim\u0105 odai.","robots":{"index":"index","follow":"follow","max-snippet":"max-snippet:-1","max-image-preview":"max-image-preview:large","max-video-preview":"max-video-preview:-1"},"canonical":"https:\/\/minubaltic.ee\/lt\/e-pood\/patalynes-komplektai\/kanapiu-patalynes-komplektai-burgundija\/","og_locale":"lt_LT","og_type":"article","og_title":"Kanapi\u0173 patalyn\u0117s komplektai - Burgundija","og_description":"Organin\u0117s kanap\u0117s patalyn\u0117s komplektas pagamintas i\u0161 nat\u016bralaus audinio, padengto tik ekologi\u0161kais da\u017eais, siekiant u\u017etikrinti saug\u0173 ir tvar\u0173 sprendim\u0105 odai.","og_url":"https:\/\/minubaltic.ee\/lt\/e-pood\/patalynes-komplektai\/kanapiu-patalynes-komplektai-burgundija\/","article_publisher":"https:\/\/www.facebook.com\/minubaltic","article_modified_time":"2025-08-29T05:24:48+00:00","og_image":[{"width":800,"height":800,"url":"https:\/\/minubaltic.ee\/wp-content\/uploads\/2025\/08\/Kanepist-voodipesukomplekt-Burgundia-varv.jpg","type":"image\/jpeg"}],"twitter_card":"summary_large_image","twitter_misc":{"Est. reading time":"1 minut\u0117"},"schema":{"@context":"https:\/\/schema.org","@graph":[{"@type":"WebPage","@id":"https:\/\/minubaltic.ee\/lt\/e-pood\/patalynes-komplektai\/kanapiu-patalynes-komplektai-burgundija\/","url":"https:\/\/minubaltic.ee\/lt\/e-pood\/patalynes-komplektai\/kanapiu-patalynes-komplektai-burgundija\/","name":"Kanapi\u0173 patalyn\u0117s komplektai - Burgundija","isPartOf":{"@id":"https:\/\/minubaltic.ee\/lt\/#website"},"primaryImageOfPage":{"@id":"https:\/\/minubaltic.ee\/lt\/e-pood\/patalynes-komplektai\/kanapiu-patalynes-komplektai-burgundija\/#primaryimage"},"image":{"@id":"https:\/\/minubaltic.ee\/lt\/e-pood\/patalynes-komplektai\/kanapiu-patalynes-komplektai-burgundija\/#primaryimage"},"thumbnailUrl":"https:\/\/minubaltic.ee\/wp-content\/uploads\/2025\/08\/Kanepist-voodipesukomplekt-Burgundia-varv.jpg","datePublished":"2025-08-29T05:14:47+00:00","dateModified":"2025-08-29T05:24:48+00:00","description":"Organin\u0117s kanap\u0117s patalyn\u0117s komplektas pagamintas i\u0161 nat\u016bralaus audinio, padengto tik ekologi\u0161kais da\u017eais, siekiant u\u017etikrinti saug\u0173 ir tvar\u0173 sprendim\u0105 odai.","breadcrumb":{"@id":"https:\/\/minubaltic.ee\/lt\/e-pood\/patalynes-komplektai\/kanapiu-patalynes-komplektai-burgundija\/#breadcrumb"},"inLanguage":"lt-LT","potentialAction":[{"@type":"ReadAction","target":["https:\/\/minubaltic.ee\/lt\/e-pood\/patalynes-komplektai\/kanapiu-patalynes-komplektai-burgundija\/"]}]},{"@type":"ImageObject","inLanguage":"lt-LT","@id":"https:\/\/minubaltic.ee\/lt\/e-pood\/patalynes-komplektai\/kanapiu-patalynes-komplektai-burgundija\/#primaryimage","url":"https:\/\/minubaltic.ee\/wp-content\/uploads\/2025\/08\/Kanepist-voodipesukomplekt-Burgundia-varv.jpg","contentUrl":"https:\/\/minubaltic.ee\/wp-content\/uploads\/2025\/08\/Kanepist-voodipesukomplekt-Burgundia-varv.jpg","width":800,"height":800,"caption":"Kanepist voodipesukomplekt Burgundia v\u00e4rv"},{"@type":"BreadcrumbList","@id":"https:\/\/minubaltic.ee\/lt\/e-pood\/patalynes-komplektai\/kanapiu-patalynes-komplektai-burgundija\/#breadcrumb","itemListElement":[{"@type":"ListItem","position":1,"name":"Home","item":"https:\/\/minubaltic.ee\/lt\/"},{"@type":"ListItem","position":2,"name":"Parduotuv\u0117","item":"https:\/\/minubaltic.ee\/lt\/parduotuve\/"},{"@type":"ListItem","position":3,"name":"Kanapi\u0173 patalyn\u0117s komplektai &#8212; Burgundija"}]},{"@type":"WebSite","@id":"https:\/\/minubaltic.ee\/lt\/#website","url":"https:\/\/minubaltic.ee\/lt\/","name":"minubaltic.ee","description":"","publisher":{"@id":"https:\/\/minubaltic.ee\/lt\/#organization"},"potentialAction":[{"@type":"SearchAction","target":{"@type":"EntryPoint","urlTemplate":"https:\/\/minubaltic.ee\/lt\/?s={search_term_string}"},"query-input":{"@type":"PropertyValueSpecification","valueRequired":true,"valueName":"search_term_string"}}],"inLanguage":"lt-LT"},{"@type":"Organization","@id":"https:\/\/minubaltic.ee\/lt\/#organization","name":"Minu Baltic O\u00dc","url":"https:\/\/minubaltic.ee\/lt\/","logo":{"@type":"ImageObject","inLanguage":"lt-LT","@id":"https:\/\/minubaltic.ee\/lt\/#\/schema\/logo\/image\/","url":"https:\/\/minubaltic.ee\/wp-content\/uploads\/2023\/10\/cropped-cropped-cropped-logo.png","contentUrl":"https:\/\/minubaltic.ee\/wp-content\/uploads\/2023\/10\/cropped-cropped-cropped-logo.png","width":500,"height":237,"caption":"Minu Baltic O\u00dc"},"image":{"@id":"https:\/\/minubaltic.ee\/lt\/#\/schema\/logo\/image\/"},"sameAs":["https:\/\/www.facebook.com\/minubaltic"]}]}},"_links":{"self":[{"href":"https:\/\/minubaltic.ee\/lt\/wp-json\/wp\/v2\/product\/44923","targetHints":{"allow":["GET"]}}],"collection":[{"href":"https:\/\/minubaltic.ee\/lt\/wp-json\/wp\/v2\/product"}],"about":[{"href":"https:\/\/minubaltic.ee\/lt\/wp-json\/wp\/v2\/types\/product"}],"replies":[{"embeddable":true,"href":"https:\/\/minubaltic.ee\/lt\/wp-json\/wp\/v2\/comments?post=44923"}],"version-history":[{"count":2,"href":"https:\/\/minubaltic.ee\/lt\/wp-json\/wp\/v2\/product\/44923\/revisions"}],"predecessor-version":[{"id":44953,"href":"https:\/\/minubaltic.ee\/lt\/wp-json\/wp\/v2\/product\/44923\/revisions\/44953"}],"wp:featuredmedia":[{"embeddable":true,"href":"https:\/\/minubaltic.ee\/lt\/wp-json\/wp\/v2\/media\/44930"}],"wp:attachment":[{"href":"https:\/\/minubaltic.ee\/lt\/wp-json\/wp\/v2\/media?parent=44923"}],"wp:term":[{"taxonomy":"product_brand","embeddable":true,"href":"https:\/\/minubaltic.ee\/lt\/wp-json\/wp\/v2\/product_brand?post=44923"},{"taxonomy":"product_cat","embeddable":true,"href":"https:\/\/minubaltic.ee\/lt\/wp-json\/wp\/v2\/product_cat?post=44923"},{"taxonomy":"product_tag","embeddable":true,"href":"https:\/\/minubaltic.ee\/lt\/wp-json\/wp\/v2\/product_tag?post=44923"}],"curies":[{"name":"wp","href":"https:\/\/api.w.org\/{rel}","templated":true}]}}