{"id":44694,"date":"2025-07-18T16:10:28","date_gmt":"2025-07-18T13:10:28","guid":{"rendered":"https:\/\/minubaltic.ee\/?post_type=product&#038;p=44694"},"modified":"2025-07-18T16:16:59","modified_gmt":"2025-07-18T13:16:59","slug":"medvilninis-patalynes-komplektas-220x240-geliu-sodas","status":"publish","type":"product","link":"https:\/\/minubaltic.ee\/lt\/e-pood\/patalynes-komplektai\/medvilninis-patalynes-komplektas-220x240-geliu-sodas\/","title":{"rendered":"Medvilninis patalyn\u0117s komplektas 220&#215;240 | G\u0117li\u0173 sodas"},"content":{"rendered":"<ul>\n<li><strong>3 dalys<\/strong><\/li>\n<li><strong>Audinys:<\/strong> 100% medviln\u0117<\/li>\n<li><strong>Antklod\u0117s u\u017evalkalas:<\/strong> 220\u00d7240<\/li>\n<li><strong>U\u017evalkalas pagalvei:<\/strong> 50\u00d775 (2 vnt.)<\/li>\n<li>Produkt\u0173 nuotraukos yra iliustracin\u0117s<\/li>\n<\/ul>\n","protected":false},"excerpt":{"rendered":"<p>Su patalyn\u0117s komplektu i\u0161 medviln\u0117s med\u017eiagos patirsite nepriekai\u0161ting\u0105 miego komfort\u0105 ir kokyb\u0119. Pagamintas i\u0161 100% auk\u0161tos kokyb\u0117s medviln\u0117s, patalyn\u0117s komplektas suteikia mink\u0161t\u0105 ir kv\u0117puojan\u010di\u0105 miego patirt\u012f.<\/p>\n","protected":false},"featured_media":44701,"comment_status":"open","ping_status":"closed","template":"","meta":[],"product_brand":[],"product_cat":[823,828,553,619,876],"product_tag":[558,559,564],"class_list":{"0":"post-44694","1":"product","2":"type-product","3":"status-publish","4":"has-post-thumbnail","6":"product_cat-medvilnine-patalyne","7":"product_cat-medvilniniai-patalynes-komplektai","8":"product_cat-patalynes-komplektai","9":"product_cat-patalynes-komplektai-lt","10":"product_cat-patalynes-komplektai-220x240","11":"product_tag-e-parduotuve","12":"product_tag-namu-tekstile","13":"product_tag-tekstile","15":"first","16":"instock","17":"shipping-taxable","18":"purchasable","19":"product-type-simple"},"yoast_head":"<!-- This site is optimized with the Yoast SEO plugin v27.3 - https:\/\/yoast.com\/product\/yoast-seo-wordpress\/ -->\n<title>Medvilninis patalyn\u0117s komplektas 220x240 cm | G\u0117li\u0173 sodas<\/title>\n<meta name=\"description\" content=\"220x240 cm medvilninis patalyn\u0117s komplektas suteikia erdv\u0117s ir nat\u016bralumo poj\u016bt\u012f. Nesenstantis pasirinkimas skandinavi\u0161kam arba ramiam interjerui.\" \/>\n<meta name=\"robots\" content=\"index, follow, max-snippet:-1, max-image-preview:large, max-video-preview:-1\" \/>\n<link rel=\"canonical\" href=\"https:\/\/minubaltic.ee\/lt\/e-pood\/patalynes-komplektai\/medvilninis-patalynes-komplektas-220x240-geliu-sodas\/\" \/>\n<meta property=\"og:locale\" content=\"lt_LT\" \/>\n<meta property=\"og:type\" content=\"article\" \/>\n<meta property=\"og:title\" content=\"Medvilninis patalyn\u0117s komplektas 220x240 cm | G\u0117li\u0173 sodas\" \/>\n<meta property=\"og:description\" content=\"220x240 cm medvilninis patalyn\u0117s komplektas suteikia erdv\u0117s ir nat\u016bralumo poj\u016bt\u012f. Nesenstantis pasirinkimas skandinavi\u0161kam arba ramiam interjerui.\" \/>\n<meta property=\"og:url\" content=\"https:\/\/minubaltic.ee\/lt\/e-pood\/patalynes-komplektai\/medvilninis-patalynes-komplektas-220x240-geliu-sodas\/\" \/>\n<meta property=\"article:publisher\" content=\"https:\/\/www.facebook.com\/minubaltic\" \/>\n<meta property=\"article:modified_time\" content=\"2025-07-18T13:16:59+00:00\" \/>\n<meta property=\"og:image\" content=\"https:\/\/minubaltic.ee\/wp-content\/uploads\/2025\/07\/Voodipesukomplekt-Lilleaed.jpg\" \/>\n\t<meta property=\"og:image:width\" content=\"800\" \/>\n\t<meta property=\"og:image:height\" content=\"800\" \/>\n\t<meta property=\"og:image:type\" content=\"image\/jpeg\" \/>\n<meta name=\"twitter:card\" content=\"summary_large_image\" \/>\n<meta name=\"twitter:label1\" content=\"Est. reading time\" \/>\n\t<meta name=\"twitter:data1\" content=\"1 minut\u0117\" \/>\n<script type=\"application\/ld+json\" class=\"yoast-schema-graph\">{\"@context\":\"https:\\\/\\\/schema.org\",\"@graph\":[{\"@type\":\"WebPage\",\"@id\":\"https:\\\/\\\/minubaltic.ee\\\/lt\\\/e-pood\\\/patalynes-komplektai\\\/medvilninis-patalynes-komplektas-220x240-geliu-sodas\\\/\",\"url\":\"https:\\\/\\\/minubaltic.ee\\\/lt\\\/e-pood\\\/patalynes-komplektai\\\/medvilninis-patalynes-komplektas-220x240-geliu-sodas\\\/\",\"name\":\"Medvilninis patalyn\u0117s komplektas 220x240 cm | G\u0117li\u0173 sodas\",\"isPartOf\":{\"@id\":\"https:\\\/\\\/minubaltic.ee\\\/lt\\\/#website\"},\"primaryImageOfPage\":{\"@id\":\"https:\\\/\\\/minubaltic.ee\\\/lt\\\/e-pood\\\/patalynes-komplektai\\\/medvilninis-patalynes-komplektas-220x240-geliu-sodas\\\/#primaryimage\"},\"image\":{\"@id\":\"https:\\\/\\\/minubaltic.ee\\\/lt\\\/e-pood\\\/patalynes-komplektai\\\/medvilninis-patalynes-komplektas-220x240-geliu-sodas\\\/#primaryimage\"},\"thumbnailUrl\":\"https:\\\/\\\/minubaltic.ee\\\/wp-content\\\/uploads\\\/2025\\\/07\\\/Voodipesukomplekt-Lilleaed.jpg\",\"datePublished\":\"2025-07-18T13:10:28+00:00\",\"dateModified\":\"2025-07-18T13:16:59+00:00\",\"description\":\"220x240 cm medvilninis patalyn\u0117s komplektas suteikia erdv\u0117s ir nat\u016bralumo poj\u016bt\u012f. Nesenstantis pasirinkimas skandinavi\u0161kam arba ramiam interjerui.\",\"breadcrumb\":{\"@id\":\"https:\\\/\\\/minubaltic.ee\\\/lt\\\/e-pood\\\/patalynes-komplektai\\\/medvilninis-patalynes-komplektas-220x240-geliu-sodas\\\/#breadcrumb\"},\"inLanguage\":\"lt-LT\",\"potentialAction\":[{\"@type\":\"ReadAction\",\"target\":[\"https:\\\/\\\/minubaltic.ee\\\/lt\\\/e-pood\\\/patalynes-komplektai\\\/medvilninis-patalynes-komplektas-220x240-geliu-sodas\\\/\"]}]},{\"@type\":\"ImageObject\",\"inLanguage\":\"lt-LT\",\"@id\":\"https:\\\/\\\/minubaltic.ee\\\/lt\\\/e-pood\\\/patalynes-komplektai\\\/medvilninis-patalynes-komplektas-220x240-geliu-sodas\\\/#primaryimage\",\"url\":\"https:\\\/\\\/minubaltic.ee\\\/wp-content\\\/uploads\\\/2025\\\/07\\\/Voodipesukomplekt-Lilleaed.jpg\",\"contentUrl\":\"https:\\\/\\\/minubaltic.ee\\\/wp-content\\\/uploads\\\/2025\\\/07\\\/Voodipesukomplekt-Lilleaed.jpg\",\"width\":800,\"height\":800,\"caption\":\"Voodipesukomplekt Lilleaed\"},{\"@type\":\"BreadcrumbList\",\"@id\":\"https:\\\/\\\/minubaltic.ee\\\/lt\\\/e-pood\\\/patalynes-komplektai\\\/medvilninis-patalynes-komplektas-220x240-geliu-sodas\\\/#breadcrumb\",\"itemListElement\":[{\"@type\":\"ListItem\",\"position\":1,\"name\":\"Home\",\"item\":\"https:\\\/\\\/minubaltic.ee\\\/lt\\\/\"},{\"@type\":\"ListItem\",\"position\":2,\"name\":\"Parduotuv\u0117\",\"item\":\"https:\\\/\\\/minubaltic.ee\\\/lt\\\/parduotuve\\\/\"},{\"@type\":\"ListItem\",\"position\":3,\"name\":\"Medvilninis patalyn\u0117s komplektas 220&#215;240 | G\u0117li\u0173 sodas\"}]},{\"@type\":\"WebSite\",\"@id\":\"https:\\\/\\\/minubaltic.ee\\\/lt\\\/#website\",\"url\":\"https:\\\/\\\/minubaltic.ee\\\/lt\\\/\",\"name\":\"minubaltic.ee\",\"description\":\"\",\"publisher\":{\"@id\":\"https:\\\/\\\/minubaltic.ee\\\/lt\\\/#organization\"},\"potentialAction\":[{\"@type\":\"SearchAction\",\"target\":{\"@type\":\"EntryPoint\",\"urlTemplate\":\"https:\\\/\\\/minubaltic.ee\\\/lt\\\/?s={search_term_string}\"},\"query-input\":{\"@type\":\"PropertyValueSpecification\",\"valueRequired\":true,\"valueName\":\"search_term_string\"}}],\"inLanguage\":\"lt-LT\"},{\"@type\":\"Organization\",\"@id\":\"https:\\\/\\\/minubaltic.ee\\\/lt\\\/#organization\",\"name\":\"Minu Baltic O\u00dc\",\"url\":\"https:\\\/\\\/minubaltic.ee\\\/lt\\\/\",\"logo\":{\"@type\":\"ImageObject\",\"inLanguage\":\"lt-LT\",\"@id\":\"https:\\\/\\\/minubaltic.ee\\\/lt\\\/#\\\/schema\\\/logo\\\/image\\\/\",\"url\":\"https:\\\/\\\/minubaltic.ee\\\/wp-content\\\/uploads\\\/2023\\\/10\\\/cropped-cropped-cropped-logo.png\",\"contentUrl\":\"https:\\\/\\\/minubaltic.ee\\\/wp-content\\\/uploads\\\/2023\\\/10\\\/cropped-cropped-cropped-logo.png\",\"width\":500,\"height\":237,\"caption\":\"Minu Baltic O\u00dc\"},\"image\":{\"@id\":\"https:\\\/\\\/minubaltic.ee\\\/lt\\\/#\\\/schema\\\/logo\\\/image\\\/\"},\"sameAs\":[\"https:\\\/\\\/www.facebook.com\\\/minubaltic\"]}]}<\/script>\n<!-- \/ Yoast SEO plugin. -->","yoast_head_json":{"title":"Medvilninis patalyn\u0117s komplektas 220x240 cm | G\u0117li\u0173 sodas","description":"220x240 cm medvilninis patalyn\u0117s komplektas suteikia erdv\u0117s ir nat\u016bralumo poj\u016bt\u012f. Nesenstantis pasirinkimas skandinavi\u0161kam arba ramiam interjerui.","robots":{"index":"index","follow":"follow","max-snippet":"max-snippet:-1","max-image-preview":"max-image-preview:large","max-video-preview":"max-video-preview:-1"},"canonical":"https:\/\/minubaltic.ee\/lt\/e-pood\/patalynes-komplektai\/medvilninis-patalynes-komplektas-220x240-geliu-sodas\/","og_locale":"lt_LT","og_type":"article","og_title":"Medvilninis patalyn\u0117s komplektas 220x240 cm | G\u0117li\u0173 sodas","og_description":"220x240 cm medvilninis patalyn\u0117s komplektas suteikia erdv\u0117s ir nat\u016bralumo poj\u016bt\u012f. Nesenstantis pasirinkimas skandinavi\u0161kam arba ramiam interjerui.","og_url":"https:\/\/minubaltic.ee\/lt\/e-pood\/patalynes-komplektai\/medvilninis-patalynes-komplektas-220x240-geliu-sodas\/","article_publisher":"https:\/\/www.facebook.com\/minubaltic","article_modified_time":"2025-07-18T13:16:59+00:00","og_image":[{"width":800,"height":800,"url":"https:\/\/minubaltic.ee\/wp-content\/uploads\/2025\/07\/Voodipesukomplekt-Lilleaed.jpg","type":"image\/jpeg"}],"twitter_card":"summary_large_image","twitter_misc":{"Est. reading time":"1 minut\u0117"},"schema":{"@context":"https:\/\/schema.org","@graph":[{"@type":"WebPage","@id":"https:\/\/minubaltic.ee\/lt\/e-pood\/patalynes-komplektai\/medvilninis-patalynes-komplektas-220x240-geliu-sodas\/","url":"https:\/\/minubaltic.ee\/lt\/e-pood\/patalynes-komplektai\/medvilninis-patalynes-komplektas-220x240-geliu-sodas\/","name":"Medvilninis patalyn\u0117s komplektas 220x240 cm | G\u0117li\u0173 sodas","isPartOf":{"@id":"https:\/\/minubaltic.ee\/lt\/#website"},"primaryImageOfPage":{"@id":"https:\/\/minubaltic.ee\/lt\/e-pood\/patalynes-komplektai\/medvilninis-patalynes-komplektas-220x240-geliu-sodas\/#primaryimage"},"image":{"@id":"https:\/\/minubaltic.ee\/lt\/e-pood\/patalynes-komplektai\/medvilninis-patalynes-komplektas-220x240-geliu-sodas\/#primaryimage"},"thumbnailUrl":"https:\/\/minubaltic.ee\/wp-content\/uploads\/2025\/07\/Voodipesukomplekt-Lilleaed.jpg","datePublished":"2025-07-18T13:10:28+00:00","dateModified":"2025-07-18T13:16:59+00:00","description":"220x240 cm medvilninis patalyn\u0117s komplektas suteikia erdv\u0117s ir nat\u016bralumo poj\u016bt\u012f. Nesenstantis pasirinkimas skandinavi\u0161kam arba ramiam interjerui.","breadcrumb":{"@id":"https:\/\/minubaltic.ee\/lt\/e-pood\/patalynes-komplektai\/medvilninis-patalynes-komplektas-220x240-geliu-sodas\/#breadcrumb"},"inLanguage":"lt-LT","potentialAction":[{"@type":"ReadAction","target":["https:\/\/minubaltic.ee\/lt\/e-pood\/patalynes-komplektai\/medvilninis-patalynes-komplektas-220x240-geliu-sodas\/"]}]},{"@type":"ImageObject","inLanguage":"lt-LT","@id":"https:\/\/minubaltic.ee\/lt\/e-pood\/patalynes-komplektai\/medvilninis-patalynes-komplektas-220x240-geliu-sodas\/#primaryimage","url":"https:\/\/minubaltic.ee\/wp-content\/uploads\/2025\/07\/Voodipesukomplekt-Lilleaed.jpg","contentUrl":"https:\/\/minubaltic.ee\/wp-content\/uploads\/2025\/07\/Voodipesukomplekt-Lilleaed.jpg","width":800,"height":800,"caption":"Voodipesukomplekt Lilleaed"},{"@type":"BreadcrumbList","@id":"https:\/\/minubaltic.ee\/lt\/e-pood\/patalynes-komplektai\/medvilninis-patalynes-komplektas-220x240-geliu-sodas\/#breadcrumb","itemListElement":[{"@type":"ListItem","position":1,"name":"Home","item":"https:\/\/minubaltic.ee\/lt\/"},{"@type":"ListItem","position":2,"name":"Parduotuv\u0117","item":"https:\/\/minubaltic.ee\/lt\/parduotuve\/"},{"@type":"ListItem","position":3,"name":"Medvilninis patalyn\u0117s komplektas 220&#215;240 | G\u0117li\u0173 sodas"}]},{"@type":"WebSite","@id":"https:\/\/minubaltic.ee\/lt\/#website","url":"https:\/\/minubaltic.ee\/lt\/","name":"minubaltic.ee","description":"","publisher":{"@id":"https:\/\/minubaltic.ee\/lt\/#organization"},"potentialAction":[{"@type":"SearchAction","target":{"@type":"EntryPoint","urlTemplate":"https:\/\/minubaltic.ee\/lt\/?s={search_term_string}"},"query-input":{"@type":"PropertyValueSpecification","valueRequired":true,"valueName":"search_term_string"}}],"inLanguage":"lt-LT"},{"@type":"Organization","@id":"https:\/\/minubaltic.ee\/lt\/#organization","name":"Minu Baltic O\u00dc","url":"https:\/\/minubaltic.ee\/lt\/","logo":{"@type":"ImageObject","inLanguage":"lt-LT","@id":"https:\/\/minubaltic.ee\/lt\/#\/schema\/logo\/image\/","url":"https:\/\/minubaltic.ee\/wp-content\/uploads\/2023\/10\/cropped-cropped-cropped-logo.png","contentUrl":"https:\/\/minubaltic.ee\/wp-content\/uploads\/2023\/10\/cropped-cropped-cropped-logo.png","width":500,"height":237,"caption":"Minu Baltic O\u00dc"},"image":{"@id":"https:\/\/minubaltic.ee\/lt\/#\/schema\/logo\/image\/"},"sameAs":["https:\/\/www.facebook.com\/minubaltic"]}]}},"_links":{"self":[{"href":"https:\/\/minubaltic.ee\/lt\/wp-json\/wp\/v2\/product\/44694","targetHints":{"allow":["GET"]}}],"collection":[{"href":"https:\/\/minubaltic.ee\/lt\/wp-json\/wp\/v2\/product"}],"about":[{"href":"https:\/\/minubaltic.ee\/lt\/wp-json\/wp\/v2\/types\/product"}],"replies":[{"embeddable":true,"href":"https:\/\/minubaltic.ee\/lt\/wp-json\/wp\/v2\/comments?post=44694"}],"version-history":[{"count":2,"href":"https:\/\/minubaltic.ee\/lt\/wp-json\/wp\/v2\/product\/44694\/revisions"}],"predecessor-version":[{"id":44742,"href":"https:\/\/minubaltic.ee\/lt\/wp-json\/wp\/v2\/product\/44694\/revisions\/44742"}],"wp:featuredmedia":[{"embeddable":true,"href":"https:\/\/minubaltic.ee\/lt\/wp-json\/wp\/v2\/media\/44701"}],"wp:attachment":[{"href":"https:\/\/minubaltic.ee\/lt\/wp-json\/wp\/v2\/media?parent=44694"}],"wp:term":[{"taxonomy":"product_brand","embeddable":true,"href":"https:\/\/minubaltic.ee\/lt\/wp-json\/wp\/v2\/product_brand?post=44694"},{"taxonomy":"product_cat","embeddable":true,"href":"https:\/\/minubaltic.ee\/lt\/wp-json\/wp\/v2\/product_cat?post=44694"},{"taxonomy":"product_tag","embeddable":true,"href":"https:\/\/minubaltic.ee\/lt\/wp-json\/wp\/v2\/product_tag?post=44694"}],"curies":[{"name":"wp","href":"https:\/\/api.w.org\/{rel}","templated":true}]}}