{"id":44115,"date":"2025-06-02T01:26:03","date_gmt":"2025-06-01T22:26:03","guid":{"rendered":"https:\/\/minubaltic.ee\/?post_type=product&#038;p=44115"},"modified":"2025-06-02T01:38:50","modified_gmt":"2025-06-01T22:38:50","slug":"bambuko-patalynes-komplektas-pilkai-ruda","status":"publish","type":"product","link":"https:\/\/minubaltic.ee\/lt\/e-pood\/bambuko-patalynes-komplektai\/bambuko-patalynes-komplektas-pilkai-ruda\/","title":{"rendered":"Bambuko patalyn\u0117s komplektas &#8211; Pilkai ruda"},"content":{"rendered":"<p>Bambuko patalyn\u0117s komplektai &#8211; tai auk\u0161tos kokyb\u0117s, mink\u0161ti ir orui pralaid\u016bs tekstil\u0117s gaminiai, pagaminti i\u0161 nat\u016bralaus bambuko pluo\u0161to. \u0160ie komplektai specialiai sukurti taip, kad naudotojams b\u016bt\u0173 patogu miegoti. Bambuko pluo\u0161tas nat\u016braliai praleid\u017eia or\u0105 ir sugeba nuvesti dr\u0117gm\u0119, tod\u0117l neleid\u017eia prakaituoti ir ilgiau i\u0161lieka \u0161varus ir gaivus.<\/p>\n<p>Bambukiniai patalyn\u0117s komplektai paprastai gaminami naudojant aplinkai nekenksmingas ir tvarias med\u017eiagas. Bambuko augalas pasi\u017eymi greitu augimu ir nedideliu vandens suvartojimu, tod\u0117l gamybos procesas daro ma\u017eesn\u012f poveik\u012f aplinkai. Be to, mink\u0161ta bambuko pluo\u0161to tekst\u016bra suteikia prabangos poj\u016bt\u012f ir \u0161velniai lie\u010diasi, nepa\u017eeisdama odos.<\/p>\n<p>Bambuko patalyn\u0117s komplektai pasi\u017eymi nat\u016braliomis antibakterin\u0117mis ir hipoalergin\u0117mis savyb\u0117mis, kurios palaiko higien\u0105 ir u\u017etikrina komfort\u0105 miego metu. Jie \u017einomi d\u0117l savo gaivinan\u010dio ir v\u0117sinan\u010dio poveikio kar\u0161tu oru.<\/p>\n<p>Tod\u0117l bambuko patalyn\u0117s komplektai yra ekologi\u0161ki ir patog\u016bs gaminiai, suteikiantys naudotojams kokybi\u0161k\u0105 mieg\u0105.<\/p>\n<p><img loading=\"lazy\" decoding=\"async\" class=\" wd-lazy-fade alignnone wp-image-21480\" src=\"https:\/\/minubaltic.ee\/wp-content\/themes\/woodmart\/images\/lazy.svg\" data-src=\"https:\/\/minubaltic.ee\/wp-content\/uploads\/2024\/03\/image-removebg-preview-70-400x264.png\" alt=\"\" width=\"156\" height=\"103\" srcset=\"\" data-srcset=\"https:\/\/minubaltic.ee\/wp-content\/uploads\/2024\/03\/image-removebg-preview-70-400x264.png 400w, https:\/\/minubaltic.ee\/wp-content\/uploads\/2024\/03\/image-removebg-preview-70-430x284.png 430w, https:\/\/minubaltic.ee\/wp-content\/uploads\/2024\/03\/image-removebg-preview-70-150x99.png 150w, https:\/\/minubaltic.ee\/wp-content\/uploads\/2024\/03\/image-removebg-preview-70.png 615w\" sizes=\"auto, (max-width: 156px) 100vw, 156px\" \/><img loading=\"lazy\" decoding=\"async\" class=\" wd-lazy-fade alignnone wp-image-17257\" src=\"https:\/\/minubaltic.ee\/wp-content\/themes\/woodmart\/images\/lazy.svg\" data-src=\"https:\/\/minubaltic.ee\/wp-content\/uploads\/2024\/02\/organic100bamboo.png\" alt=\"\" width=\"70\" height=\"99\" \/><\/p>\n","protected":false},"excerpt":{"rendered":"<p>100% ekologi\u0161kai u\u017eauginta bambuko patalyn\u0117s komplektas yra hipoalergin\u0117 ir antibakterin\u0117.<\/p>\n<ul>\n<li>Spalva: Pilkai ruda<\/li>\n<li>Med\u017eiaga: 100% bambukas<\/li>\n<li>Si\u016blas: 300TC<\/li>\n<li>Rinkinys: 4 vnt.<\/li>\n<li>Antklod\u0117s u\u017evalkalas: 200\u00d7220 cm<\/li>\n<li>Paklod\u0117: 220\u00d7240 cm<\/li>\n<li>Pagalv\u0117s u\u017evalkalas: 50\u00d770 cm (2 vnt.)<\/li>\n<\/ul>\n<p>Hipoalerginis ir dr\u0117gm\u0119 sugeriantis<br \/>\nIdealiai tinka jautri\u0105 od\u0105 ar egzem\u0105 turintiems \u017emon\u0117ms, ypa\u010d tiems, kurie link\u0119 prakaituoti nakt\u012f.<br \/>\nBambukin\u0117s patalyn\u0117s komplektai supakuoti \u012f i\u0161 to paties audinio pasi\u016bt\u0105 mai\u0161el\u012f.<\/p>\n","protected":false},"featured_media":44122,"comment_status":"open","ping_status":"closed","template":"","meta":[],"product_brand":[],"product_cat":[530,625,768,553,619,555],"product_tag":[557,556,558,564],"class_list":{"0":"post-44115","1":"product","2":"type-product","3":"status-publish","4":"has-post-thumbnail","6":"product_cat-bambuko-patalynes-komplektai","7":"product_cat-bambuko-patalynes-komplektai-lt","8":"product_cat-ekologiska-patalyne","9":"product_cat-patalynes-komplektai","10":"product_cat-patalynes-komplektai-lt","11":"product_cat-patalynes-komplektai-200-220","12":"product_tag-apsipirkti-el","13":"product_tag-bambuko-patalyne","14":"product_tag-e-parduotuve","15":"product_tag-tekstile","17":"first","18":"outofstock","19":"sale","20":"shipping-taxable","21":"purchasable","22":"product-type-simple"},"yoast_head":"<!-- This site is optimized with the Yoast SEO plugin v27.4 - https:\/\/yoast.com\/product\/yoast-seo-wordpress\/ -->\n<title>Bambuko patalyn\u0117s komplektas - Pilkai ruda | Minu Baltic<\/title>\n<meta name=\"description\" content=\"Bambuko patalyn\u0117s komplektas yra mink\u0161tas, laidus orui ir draugi\u0161kas odai \u2013 idealus pasirinkimas \u017emon\u0117ms, vertinantiems komfort\u0105 ir artum\u0105 gamtai, tinka tiek kasdieniam naudojimui, tiek kaip dovana.\" \/>\n<meta name=\"robots\" content=\"index, follow, max-snippet:-1, max-image-preview:large, max-video-preview:-1\" \/>\n<link rel=\"canonical\" href=\"https:\/\/minubaltic.ee\/lt\/e-pood\/bambuko-patalynes-komplektai\/bambuko-patalynes-komplektas-pilkai-ruda\/\" \/>\n<meta property=\"og:locale\" content=\"lt_LT\" \/>\n<meta property=\"og:type\" content=\"article\" \/>\n<meta property=\"og:title\" content=\"Bambuko patalyn\u0117s komplektas - Pilkai ruda | Minu Baltic\" \/>\n<meta property=\"og:description\" content=\"Bambuko patalyn\u0117s komplektas yra mink\u0161tas, laidus orui ir draugi\u0161kas odai \u2013 idealus pasirinkimas \u017emon\u0117ms, vertinantiems komfort\u0105 ir artum\u0105 gamtai, tinka tiek kasdieniam naudojimui, tiek kaip dovana.\" \/>\n<meta property=\"og:url\" content=\"https:\/\/minubaltic.ee\/lt\/e-pood\/bambuko-patalynes-komplektai\/bambuko-patalynes-komplektas-pilkai-ruda\/\" \/>\n<meta property=\"article:publisher\" content=\"https:\/\/www.facebook.com\/minubaltic\" \/>\n<meta property=\"article:modified_time\" content=\"2025-06-01T22:38:50+00:00\" \/>\n<meta property=\"og:image\" content=\"https:\/\/minubaltic.ee\/wp-content\/uploads\/2025\/06\/Bambus-Voodipesukomplekt-Taupe.jpg\" \/>\n\t<meta property=\"og:image:width\" content=\"800\" \/>\n\t<meta property=\"og:image:height\" content=\"800\" \/>\n\t<meta property=\"og:image:type\" content=\"image\/jpeg\" \/>\n<meta name=\"twitter:card\" content=\"summary_large_image\" \/>\n<meta name=\"twitter:label1\" content=\"Est. reading time\" \/>\n\t<meta name=\"twitter:data1\" content=\"2 minut\u0117s\" \/>\n<script type=\"application\/ld+json\" class=\"yoast-schema-graph\">{\"@context\":\"https:\\\/\\\/schema.org\",\"@graph\":[{\"@type\":\"WebPage\",\"@id\":\"https:\\\/\\\/minubaltic.ee\\\/lt\\\/e-pood\\\/bambuko-patalynes-komplektai\\\/bambuko-patalynes-komplektas-pilkai-ruda\\\/\",\"url\":\"https:\\\/\\\/minubaltic.ee\\\/lt\\\/e-pood\\\/bambuko-patalynes-komplektai\\\/bambuko-patalynes-komplektas-pilkai-ruda\\\/\",\"name\":\"Bambuko patalyn\u0117s komplektas - Pilkai ruda | Minu Baltic\",\"isPartOf\":{\"@id\":\"https:\\\/\\\/minubaltic.ee\\\/lt\\\/#website\"},\"primaryImageOfPage\":{\"@id\":\"https:\\\/\\\/minubaltic.ee\\\/lt\\\/e-pood\\\/bambuko-patalynes-komplektai\\\/bambuko-patalynes-komplektas-pilkai-ruda\\\/#primaryimage\"},\"image\":{\"@id\":\"https:\\\/\\\/minubaltic.ee\\\/lt\\\/e-pood\\\/bambuko-patalynes-komplektai\\\/bambuko-patalynes-komplektas-pilkai-ruda\\\/#primaryimage\"},\"thumbnailUrl\":\"https:\\\/\\\/minubaltic.ee\\\/wp-content\\\/uploads\\\/2025\\\/06\\\/Bambus-Voodipesukomplekt-Taupe.jpg\",\"datePublished\":\"2025-06-01T22:26:03+00:00\",\"dateModified\":\"2025-06-01T22:38:50+00:00\",\"description\":\"Bambuko patalyn\u0117s komplektas yra mink\u0161tas, laidus orui ir draugi\u0161kas odai \u2013 idealus pasirinkimas \u017emon\u0117ms, vertinantiems komfort\u0105 ir artum\u0105 gamtai, tinka tiek kasdieniam naudojimui, tiek kaip dovana.\",\"breadcrumb\":{\"@id\":\"https:\\\/\\\/minubaltic.ee\\\/lt\\\/e-pood\\\/bambuko-patalynes-komplektai\\\/bambuko-patalynes-komplektas-pilkai-ruda\\\/#breadcrumb\"},\"inLanguage\":\"lt-LT\",\"potentialAction\":[{\"@type\":\"ReadAction\",\"target\":[\"https:\\\/\\\/minubaltic.ee\\\/lt\\\/e-pood\\\/bambuko-patalynes-komplektai\\\/bambuko-patalynes-komplektas-pilkai-ruda\\\/\"]}]},{\"@type\":\"ImageObject\",\"inLanguage\":\"lt-LT\",\"@id\":\"https:\\\/\\\/minubaltic.ee\\\/lt\\\/e-pood\\\/bambuko-patalynes-komplektai\\\/bambuko-patalynes-komplektas-pilkai-ruda\\\/#primaryimage\",\"url\":\"https:\\\/\\\/minubaltic.ee\\\/wp-content\\\/uploads\\\/2025\\\/06\\\/Bambus-Voodipesukomplekt-Taupe.jpg\",\"contentUrl\":\"https:\\\/\\\/minubaltic.ee\\\/wp-content\\\/uploads\\\/2025\\\/06\\\/Bambus-Voodipesukomplekt-Taupe.jpg\",\"width\":800,\"height\":800,\"caption\":\"Bambus Voodipesukomplekt Taupe\"},{\"@type\":\"BreadcrumbList\",\"@id\":\"https:\\\/\\\/minubaltic.ee\\\/lt\\\/e-pood\\\/bambuko-patalynes-komplektai\\\/bambuko-patalynes-komplektas-pilkai-ruda\\\/#breadcrumb\",\"itemListElement\":[{\"@type\":\"ListItem\",\"position\":1,\"name\":\"Home\",\"item\":\"https:\\\/\\\/minubaltic.ee\\\/lt\\\/\"},{\"@type\":\"ListItem\",\"position\":2,\"name\":\"Parduotuv\u0117\",\"item\":\"https:\\\/\\\/minubaltic.ee\\\/lt\\\/parduotuve\\\/\"},{\"@type\":\"ListItem\",\"position\":3,\"name\":\"Bambuko patalyn\u0117s komplektas &#8211; Pilkai ruda\"}]},{\"@type\":\"WebSite\",\"@id\":\"https:\\\/\\\/minubaltic.ee\\\/lt\\\/#website\",\"url\":\"https:\\\/\\\/minubaltic.ee\\\/lt\\\/\",\"name\":\"minubaltic.ee\",\"description\":\"\",\"publisher\":{\"@id\":\"https:\\\/\\\/minubaltic.ee\\\/lt\\\/#organization\"},\"potentialAction\":[{\"@type\":\"SearchAction\",\"target\":{\"@type\":\"EntryPoint\",\"urlTemplate\":\"https:\\\/\\\/minubaltic.ee\\\/lt\\\/?s={search_term_string}\"},\"query-input\":{\"@type\":\"PropertyValueSpecification\",\"valueRequired\":true,\"valueName\":\"search_term_string\"}}],\"inLanguage\":\"lt-LT\"},{\"@type\":\"Organization\",\"@id\":\"https:\\\/\\\/minubaltic.ee\\\/lt\\\/#organization\",\"name\":\"Minu Baltic O\u00dc\",\"url\":\"https:\\\/\\\/minubaltic.ee\\\/lt\\\/\",\"logo\":{\"@type\":\"ImageObject\",\"inLanguage\":\"lt-LT\",\"@id\":\"https:\\\/\\\/minubaltic.ee\\\/lt\\\/#\\\/schema\\\/logo\\\/image\\\/\",\"url\":\"https:\\\/\\\/minubaltic.ee\\\/wp-content\\\/uploads\\\/2023\\\/10\\\/cropped-cropped-cropped-logo.png\",\"contentUrl\":\"https:\\\/\\\/minubaltic.ee\\\/wp-content\\\/uploads\\\/2023\\\/10\\\/cropped-cropped-cropped-logo.png\",\"width\":500,\"height\":237,\"caption\":\"Minu Baltic O\u00dc\"},\"image\":{\"@id\":\"https:\\\/\\\/minubaltic.ee\\\/lt\\\/#\\\/schema\\\/logo\\\/image\\\/\"},\"sameAs\":[\"https:\\\/\\\/www.facebook.com\\\/minubaltic\"]}]}<\/script>\n<!-- \/ Yoast SEO plugin. -->","yoast_head_json":{"title":"Bambuko patalyn\u0117s komplektas - Pilkai ruda | Minu Baltic","description":"Bambuko patalyn\u0117s komplektas yra mink\u0161tas, laidus orui ir draugi\u0161kas odai \u2013 idealus pasirinkimas \u017emon\u0117ms, vertinantiems komfort\u0105 ir artum\u0105 gamtai, tinka tiek kasdieniam naudojimui, tiek kaip dovana.","robots":{"index":"index","follow":"follow","max-snippet":"max-snippet:-1","max-image-preview":"max-image-preview:large","max-video-preview":"max-video-preview:-1"},"canonical":"https:\/\/minubaltic.ee\/lt\/e-pood\/bambuko-patalynes-komplektai\/bambuko-patalynes-komplektas-pilkai-ruda\/","og_locale":"lt_LT","og_type":"article","og_title":"Bambuko patalyn\u0117s komplektas - Pilkai ruda | Minu Baltic","og_description":"Bambuko patalyn\u0117s komplektas yra mink\u0161tas, laidus orui ir draugi\u0161kas odai \u2013 idealus pasirinkimas \u017emon\u0117ms, vertinantiems komfort\u0105 ir artum\u0105 gamtai, tinka tiek kasdieniam naudojimui, tiek kaip dovana.","og_url":"https:\/\/minubaltic.ee\/lt\/e-pood\/bambuko-patalynes-komplektai\/bambuko-patalynes-komplektas-pilkai-ruda\/","article_publisher":"https:\/\/www.facebook.com\/minubaltic","article_modified_time":"2025-06-01T22:38:50+00:00","og_image":[{"width":800,"height":800,"url":"https:\/\/minubaltic.ee\/wp-content\/uploads\/2025\/06\/Bambus-Voodipesukomplekt-Taupe.jpg","type":"image\/jpeg"}],"twitter_card":"summary_large_image","twitter_misc":{"Est. reading time":"2 minut\u0117s"},"schema":{"@context":"https:\/\/schema.org","@graph":[{"@type":"WebPage","@id":"https:\/\/minubaltic.ee\/lt\/e-pood\/bambuko-patalynes-komplektai\/bambuko-patalynes-komplektas-pilkai-ruda\/","url":"https:\/\/minubaltic.ee\/lt\/e-pood\/bambuko-patalynes-komplektai\/bambuko-patalynes-komplektas-pilkai-ruda\/","name":"Bambuko patalyn\u0117s komplektas - Pilkai ruda | Minu Baltic","isPartOf":{"@id":"https:\/\/minubaltic.ee\/lt\/#website"},"primaryImageOfPage":{"@id":"https:\/\/minubaltic.ee\/lt\/e-pood\/bambuko-patalynes-komplektai\/bambuko-patalynes-komplektas-pilkai-ruda\/#primaryimage"},"image":{"@id":"https:\/\/minubaltic.ee\/lt\/e-pood\/bambuko-patalynes-komplektai\/bambuko-patalynes-komplektas-pilkai-ruda\/#primaryimage"},"thumbnailUrl":"https:\/\/minubaltic.ee\/wp-content\/uploads\/2025\/06\/Bambus-Voodipesukomplekt-Taupe.jpg","datePublished":"2025-06-01T22:26:03+00:00","dateModified":"2025-06-01T22:38:50+00:00","description":"Bambuko patalyn\u0117s komplektas yra mink\u0161tas, laidus orui ir draugi\u0161kas odai \u2013 idealus pasirinkimas \u017emon\u0117ms, vertinantiems komfort\u0105 ir artum\u0105 gamtai, tinka tiek kasdieniam naudojimui, tiek kaip dovana.","breadcrumb":{"@id":"https:\/\/minubaltic.ee\/lt\/e-pood\/bambuko-patalynes-komplektai\/bambuko-patalynes-komplektas-pilkai-ruda\/#breadcrumb"},"inLanguage":"lt-LT","potentialAction":[{"@type":"ReadAction","target":["https:\/\/minubaltic.ee\/lt\/e-pood\/bambuko-patalynes-komplektai\/bambuko-patalynes-komplektas-pilkai-ruda\/"]}]},{"@type":"ImageObject","inLanguage":"lt-LT","@id":"https:\/\/minubaltic.ee\/lt\/e-pood\/bambuko-patalynes-komplektai\/bambuko-patalynes-komplektas-pilkai-ruda\/#primaryimage","url":"https:\/\/minubaltic.ee\/wp-content\/uploads\/2025\/06\/Bambus-Voodipesukomplekt-Taupe.jpg","contentUrl":"https:\/\/minubaltic.ee\/wp-content\/uploads\/2025\/06\/Bambus-Voodipesukomplekt-Taupe.jpg","width":800,"height":800,"caption":"Bambus Voodipesukomplekt Taupe"},{"@type":"BreadcrumbList","@id":"https:\/\/minubaltic.ee\/lt\/e-pood\/bambuko-patalynes-komplektai\/bambuko-patalynes-komplektas-pilkai-ruda\/#breadcrumb","itemListElement":[{"@type":"ListItem","position":1,"name":"Home","item":"https:\/\/minubaltic.ee\/lt\/"},{"@type":"ListItem","position":2,"name":"Parduotuv\u0117","item":"https:\/\/minubaltic.ee\/lt\/parduotuve\/"},{"@type":"ListItem","position":3,"name":"Bambuko patalyn\u0117s komplektas &#8211; Pilkai ruda"}]},{"@type":"WebSite","@id":"https:\/\/minubaltic.ee\/lt\/#website","url":"https:\/\/minubaltic.ee\/lt\/","name":"minubaltic.ee","description":"","publisher":{"@id":"https:\/\/minubaltic.ee\/lt\/#organization"},"potentialAction":[{"@type":"SearchAction","target":{"@type":"EntryPoint","urlTemplate":"https:\/\/minubaltic.ee\/lt\/?s={search_term_string}"},"query-input":{"@type":"PropertyValueSpecification","valueRequired":true,"valueName":"search_term_string"}}],"inLanguage":"lt-LT"},{"@type":"Organization","@id":"https:\/\/minubaltic.ee\/lt\/#organization","name":"Minu Baltic O\u00dc","url":"https:\/\/minubaltic.ee\/lt\/","logo":{"@type":"ImageObject","inLanguage":"lt-LT","@id":"https:\/\/minubaltic.ee\/lt\/#\/schema\/logo\/image\/","url":"https:\/\/minubaltic.ee\/wp-content\/uploads\/2023\/10\/cropped-cropped-cropped-logo.png","contentUrl":"https:\/\/minubaltic.ee\/wp-content\/uploads\/2023\/10\/cropped-cropped-cropped-logo.png","width":500,"height":237,"caption":"Minu Baltic O\u00dc"},"image":{"@id":"https:\/\/minubaltic.ee\/lt\/#\/schema\/logo\/image\/"},"sameAs":["https:\/\/www.facebook.com\/minubaltic"]}]}},"_links":{"self":[{"href":"https:\/\/minubaltic.ee\/lt\/wp-json\/wp\/v2\/product\/44115","targetHints":{"allow":["GET"]}}],"collection":[{"href":"https:\/\/minubaltic.ee\/lt\/wp-json\/wp\/v2\/product"}],"about":[{"href":"https:\/\/minubaltic.ee\/lt\/wp-json\/wp\/v2\/types\/product"}],"replies":[{"embeddable":true,"href":"https:\/\/minubaltic.ee\/lt\/wp-json\/wp\/v2\/comments?post=44115"}],"version-history":[{"count":2,"href":"https:\/\/minubaltic.ee\/lt\/wp-json\/wp\/v2\/product\/44115\/revisions"}],"predecessor-version":[{"id":44145,"href":"https:\/\/minubaltic.ee\/lt\/wp-json\/wp\/v2\/product\/44115\/revisions\/44145"}],"wp:featuredmedia":[{"embeddable":true,"href":"https:\/\/minubaltic.ee\/lt\/wp-json\/wp\/v2\/media\/44122"}],"wp:attachment":[{"href":"https:\/\/minubaltic.ee\/lt\/wp-json\/wp\/v2\/media?parent=44115"}],"wp:term":[{"taxonomy":"product_brand","embeddable":true,"href":"https:\/\/minubaltic.ee\/lt\/wp-json\/wp\/v2\/product_brand?post=44115"},{"taxonomy":"product_cat","embeddable":true,"href":"https:\/\/minubaltic.ee\/lt\/wp-json\/wp\/v2\/product_cat?post=44115"},{"taxonomy":"product_tag","embeddable":true,"href":"https:\/\/minubaltic.ee\/lt\/wp-json\/wp\/v2\/product_tag?post=44115"}],"curies":[{"name":"wp","href":"https:\/\/api.w.org\/{rel}","templated":true}]}}