{"id":43856,"date":"2025-03-12T11:37:17","date_gmt":"2025-03-12T08:37:17","guid":{"rendered":"https:\/\/minubaltic.ee\/?post_type=product&#038;p=43856"},"modified":"2025-03-12T13:23:48","modified_gmt":"2025-03-12T10:23:48","slug":"vaikiskas-patalynes-komplektas-panda","status":"publish","type":"product","link":"https:\/\/minubaltic.ee\/lt\/e-pood\/patalynes-komplektai\/vaikiskas-patalynes-komplektas-panda\/","title":{"rendered":"Vaiki\u0161kas patalyn\u0117s komplektas | Panda"},"content":{"rendered":"<p>Medvilninis vaiki\u0161kos patalyn\u0117s komplektas yra puikus pasirinkimas kiekvienam t\u0117vui, ie\u0161kan\u010diam patogios, \u0161velnios ir kv\u0117puojan\u010dios patalyn\u0117s savo vaikui. Rinkinys pagamintas i\u0161 100% auk\u0161tos kokyb\u0117s medviln\u0117s, kuri u\u017etikrina mink\u0161tum\u0105 ir malon\u0173 kiekvien\u0105 mieg\u0105. Medviln\u0117 yra kv\u0117puojanti med\u017eiaga, kuri padeda reguliuoti temperat\u016br\u0105 ir apsaugo nuo perkaitimo, u\u017etikrindama ram\u0173 ir patog\u0173 mieg\u0105 kiekvien\u0105 nakt\u012f.<\/p>\n<p>Patalyn\u0117 turi linksmus ir mielus paveiksl\u0117lius, kurie kiekviename miegamajame suteikia \u0161ilumos, \u017eaismingumo ir kvie\u010dian\u010dios atmosferos. Produktas sujungia prakti\u0161kum\u0105 ir gro\u017e\u012f, tod\u0117l yra idealus sprendimas kasdieniam naudojimui ir ak\u012f traukiantis kiekviename kambaryje.<\/p>\n<p>D\u0117l lengvos prie\u017ei\u016bros ir ilgaam\u017ei\u0161kumo rinkinys yra puikus pasirinkimas kasdieniam naudojimui. Medvilnin\u0117 med\u017eiaga lengvai skalbiama ir tarnauja ilgai.<\/p>\n<p>Patogus ir ramus miegas vaikams yra labai svarbus, o medvilninis patalyn\u0117s komplektas padeda u\u017etikrinti, kad kiekvienas vaikas gal\u0117t\u0173 m\u0117gautis kiekviena miego akimirka.<\/p>\n","protected":false},"excerpt":{"rendered":"<ul>\n<li>Med\u017eiaga: 100% Medviln\u0117<\/li>\n<li>Antklod\u0117s u\u017evalkalas: 120&#215;150 cm<\/li>\n<li>\u010ciu\u017einio u\u017evalkalas: 60&#215;135 cm<\/li>\n<li>Pagalv\u0117s u\u017evalkalas: 30&#215;50 cm<\/li>\n<\/ul>\n","protected":false},"featured_media":43863,"comment_status":"open","ping_status":"closed","template":"","meta":[],"product_brand":[],"product_cat":[553,859,854],"product_tag":[559,565,564],"class_list":{"0":"post-43856","1":"product","2":"type-product","3":"status-publish","4":"has-post-thumbnail","6":"product_cat-patalynes-komplektai","7":"product_cat-vaikiska-patalyne","8":"product_cat-vaiku-pasaulis","9":"product_tag-namu-tekstile","10":"product_tag-patalyne","11":"product_tag-tekstile","13":"first","14":"instock","15":"shipping-taxable","16":"purchasable","17":"product-type-simple"},"yoast_head":"<!-- This site is optimized with the Yoast SEO plugin v27.3 - https:\/\/yoast.com\/product\/yoast-seo-wordpress\/ -->\n<title>Vaiki\u0161kas patalyn\u0117s komplektas | Panda - 100% Medviln\u0117<\/title>\n<meta name=\"description\" content=\"Medvilninis vaiki\u0161kas patalyn\u0117s komplektas Panda - mink\u0161ta ir kv\u0117puojanti med\u017eiaga u\u017etikrina malon\u0173 prisilietim\u0105, komfort\u0105 ir ram\u0173 mieg\u0105 ...\" \/>\n<meta name=\"robots\" content=\"index, follow, max-snippet:-1, max-image-preview:large, max-video-preview:-1\" \/>\n<link rel=\"canonical\" href=\"https:\/\/minubaltic.ee\/lt\/e-pood\/patalynes-komplektai\/vaikiskas-patalynes-komplektas-panda\/\" \/>\n<meta property=\"og:locale\" content=\"lt_LT\" \/>\n<meta property=\"og:type\" content=\"article\" \/>\n<meta property=\"og:title\" content=\"Vaiki\u0161kas patalyn\u0117s komplektas | Panda - 100% Medviln\u0117\" \/>\n<meta property=\"og:description\" content=\"Medvilninis vaiki\u0161kas patalyn\u0117s komplektas Panda - mink\u0161ta ir kv\u0117puojanti med\u017eiaga u\u017etikrina malon\u0173 prisilietim\u0105, komfort\u0105 ir ram\u0173 mieg\u0105 ...\" \/>\n<meta property=\"og:url\" content=\"https:\/\/minubaltic.ee\/lt\/e-pood\/patalynes-komplektai\/vaikiskas-patalynes-komplektas-panda\/\" \/>\n<meta property=\"article:publisher\" content=\"https:\/\/www.facebook.com\/minubaltic\" \/>\n<meta property=\"article:modified_time\" content=\"2025-03-12T10:23:48+00:00\" \/>\n<meta property=\"og:image\" content=\"https:\/\/minubaltic.ee\/wp-content\/uploads\/2025\/03\/Laste-voodipesukomplekt-Panda.jpg\" \/>\n\t<meta property=\"og:image:width\" content=\"800\" \/>\n\t<meta property=\"og:image:height\" content=\"800\" \/>\n\t<meta property=\"og:image:type\" content=\"image\/jpeg\" \/>\n<meta name=\"twitter:card\" content=\"summary_large_image\" \/>\n<meta name=\"twitter:label1\" content=\"Est. reading time\" \/>\n\t<meta name=\"twitter:data1\" content=\"1 minut\u0117\" \/>\n<script type=\"application\/ld+json\" class=\"yoast-schema-graph\">{\"@context\":\"https:\\\/\\\/schema.org\",\"@graph\":[{\"@type\":\"WebPage\",\"@id\":\"https:\\\/\\\/minubaltic.ee\\\/lt\\\/e-pood\\\/patalynes-komplektai\\\/vaikiskas-patalynes-komplektas-panda\\\/\",\"url\":\"https:\\\/\\\/minubaltic.ee\\\/lt\\\/e-pood\\\/patalynes-komplektai\\\/vaikiskas-patalynes-komplektas-panda\\\/\",\"name\":\"Vaiki\u0161kas patalyn\u0117s komplektas | Panda - 100% Medviln\u0117\",\"isPartOf\":{\"@id\":\"https:\\\/\\\/minubaltic.ee\\\/lt\\\/#website\"},\"primaryImageOfPage\":{\"@id\":\"https:\\\/\\\/minubaltic.ee\\\/lt\\\/e-pood\\\/patalynes-komplektai\\\/vaikiskas-patalynes-komplektas-panda\\\/#primaryimage\"},\"image\":{\"@id\":\"https:\\\/\\\/minubaltic.ee\\\/lt\\\/e-pood\\\/patalynes-komplektai\\\/vaikiskas-patalynes-komplektas-panda\\\/#primaryimage\"},\"thumbnailUrl\":\"https:\\\/\\\/minubaltic.ee\\\/wp-content\\\/uploads\\\/2025\\\/03\\\/Laste-voodipesukomplekt-Panda.jpg\",\"datePublished\":\"2025-03-12T08:37:17+00:00\",\"dateModified\":\"2025-03-12T10:23:48+00:00\",\"description\":\"Medvilninis vaiki\u0161kas patalyn\u0117s komplektas Panda - mink\u0161ta ir kv\u0117puojanti med\u017eiaga u\u017etikrina malon\u0173 prisilietim\u0105, komfort\u0105 ir ram\u0173 mieg\u0105 ...\",\"breadcrumb\":{\"@id\":\"https:\\\/\\\/minubaltic.ee\\\/lt\\\/e-pood\\\/patalynes-komplektai\\\/vaikiskas-patalynes-komplektas-panda\\\/#breadcrumb\"},\"inLanguage\":\"lt-LT\",\"potentialAction\":[{\"@type\":\"ReadAction\",\"target\":[\"https:\\\/\\\/minubaltic.ee\\\/lt\\\/e-pood\\\/patalynes-komplektai\\\/vaikiskas-patalynes-komplektas-panda\\\/\"]}]},{\"@type\":\"ImageObject\",\"inLanguage\":\"lt-LT\",\"@id\":\"https:\\\/\\\/minubaltic.ee\\\/lt\\\/e-pood\\\/patalynes-komplektai\\\/vaikiskas-patalynes-komplektas-panda\\\/#primaryimage\",\"url\":\"https:\\\/\\\/minubaltic.ee\\\/wp-content\\\/uploads\\\/2025\\\/03\\\/Laste-voodipesukomplekt-Panda.jpg\",\"contentUrl\":\"https:\\\/\\\/minubaltic.ee\\\/wp-content\\\/uploads\\\/2025\\\/03\\\/Laste-voodipesukomplekt-Panda.jpg\",\"width\":800,\"height\":800,\"caption\":\"Laste voodipesukomplekt - Panda\"},{\"@type\":\"BreadcrumbList\",\"@id\":\"https:\\\/\\\/minubaltic.ee\\\/lt\\\/e-pood\\\/patalynes-komplektai\\\/vaikiskas-patalynes-komplektas-panda\\\/#breadcrumb\",\"itemListElement\":[{\"@type\":\"ListItem\",\"position\":1,\"name\":\"Home\",\"item\":\"https:\\\/\\\/minubaltic.ee\\\/lt\\\/\"},{\"@type\":\"ListItem\",\"position\":2,\"name\":\"Parduotuv\u0117\",\"item\":\"https:\\\/\\\/minubaltic.ee\\\/lt\\\/parduotuve\\\/\"},{\"@type\":\"ListItem\",\"position\":3,\"name\":\"Vaiki\u0161kas patalyn\u0117s komplektas | Panda\"}]},{\"@type\":\"WebSite\",\"@id\":\"https:\\\/\\\/minubaltic.ee\\\/lt\\\/#website\",\"url\":\"https:\\\/\\\/minubaltic.ee\\\/lt\\\/\",\"name\":\"minubaltic.ee\",\"description\":\"\",\"publisher\":{\"@id\":\"https:\\\/\\\/minubaltic.ee\\\/lt\\\/#organization\"},\"potentialAction\":[{\"@type\":\"SearchAction\",\"target\":{\"@type\":\"EntryPoint\",\"urlTemplate\":\"https:\\\/\\\/minubaltic.ee\\\/lt\\\/?s={search_term_string}\"},\"query-input\":{\"@type\":\"PropertyValueSpecification\",\"valueRequired\":true,\"valueName\":\"search_term_string\"}}],\"inLanguage\":\"lt-LT\"},{\"@type\":\"Organization\",\"@id\":\"https:\\\/\\\/minubaltic.ee\\\/lt\\\/#organization\",\"name\":\"Minu Baltic O\u00dc\",\"url\":\"https:\\\/\\\/minubaltic.ee\\\/lt\\\/\",\"logo\":{\"@type\":\"ImageObject\",\"inLanguage\":\"lt-LT\",\"@id\":\"https:\\\/\\\/minubaltic.ee\\\/lt\\\/#\\\/schema\\\/logo\\\/image\\\/\",\"url\":\"https:\\\/\\\/minubaltic.ee\\\/wp-content\\\/uploads\\\/2023\\\/10\\\/cropped-cropped-cropped-logo.png\",\"contentUrl\":\"https:\\\/\\\/minubaltic.ee\\\/wp-content\\\/uploads\\\/2023\\\/10\\\/cropped-cropped-cropped-logo.png\",\"width\":500,\"height\":237,\"caption\":\"Minu Baltic O\u00dc\"},\"image\":{\"@id\":\"https:\\\/\\\/minubaltic.ee\\\/lt\\\/#\\\/schema\\\/logo\\\/image\\\/\"},\"sameAs\":[\"https:\\\/\\\/www.facebook.com\\\/minubaltic\"]}]}<\/script>\n<!-- \/ Yoast SEO plugin. -->","yoast_head_json":{"title":"Vaiki\u0161kas patalyn\u0117s komplektas | Panda - 100% Medviln\u0117","description":"Medvilninis vaiki\u0161kas patalyn\u0117s komplektas Panda - mink\u0161ta ir kv\u0117puojanti med\u017eiaga u\u017etikrina malon\u0173 prisilietim\u0105, komfort\u0105 ir ram\u0173 mieg\u0105 ...","robots":{"index":"index","follow":"follow","max-snippet":"max-snippet:-1","max-image-preview":"max-image-preview:large","max-video-preview":"max-video-preview:-1"},"canonical":"https:\/\/minubaltic.ee\/lt\/e-pood\/patalynes-komplektai\/vaikiskas-patalynes-komplektas-panda\/","og_locale":"lt_LT","og_type":"article","og_title":"Vaiki\u0161kas patalyn\u0117s komplektas | Panda - 100% Medviln\u0117","og_description":"Medvilninis vaiki\u0161kas patalyn\u0117s komplektas Panda - mink\u0161ta ir kv\u0117puojanti med\u017eiaga u\u017etikrina malon\u0173 prisilietim\u0105, komfort\u0105 ir ram\u0173 mieg\u0105 ...","og_url":"https:\/\/minubaltic.ee\/lt\/e-pood\/patalynes-komplektai\/vaikiskas-patalynes-komplektas-panda\/","article_publisher":"https:\/\/www.facebook.com\/minubaltic","article_modified_time":"2025-03-12T10:23:48+00:00","og_image":[{"width":800,"height":800,"url":"https:\/\/minubaltic.ee\/wp-content\/uploads\/2025\/03\/Laste-voodipesukomplekt-Panda.jpg","type":"image\/jpeg"}],"twitter_card":"summary_large_image","twitter_misc":{"Est. reading time":"1 minut\u0117"},"schema":{"@context":"https:\/\/schema.org","@graph":[{"@type":"WebPage","@id":"https:\/\/minubaltic.ee\/lt\/e-pood\/patalynes-komplektai\/vaikiskas-patalynes-komplektas-panda\/","url":"https:\/\/minubaltic.ee\/lt\/e-pood\/patalynes-komplektai\/vaikiskas-patalynes-komplektas-panda\/","name":"Vaiki\u0161kas patalyn\u0117s komplektas | Panda - 100% Medviln\u0117","isPartOf":{"@id":"https:\/\/minubaltic.ee\/lt\/#website"},"primaryImageOfPage":{"@id":"https:\/\/minubaltic.ee\/lt\/e-pood\/patalynes-komplektai\/vaikiskas-patalynes-komplektas-panda\/#primaryimage"},"image":{"@id":"https:\/\/minubaltic.ee\/lt\/e-pood\/patalynes-komplektai\/vaikiskas-patalynes-komplektas-panda\/#primaryimage"},"thumbnailUrl":"https:\/\/minubaltic.ee\/wp-content\/uploads\/2025\/03\/Laste-voodipesukomplekt-Panda.jpg","datePublished":"2025-03-12T08:37:17+00:00","dateModified":"2025-03-12T10:23:48+00:00","description":"Medvilninis vaiki\u0161kas patalyn\u0117s komplektas Panda - mink\u0161ta ir kv\u0117puojanti med\u017eiaga u\u017etikrina malon\u0173 prisilietim\u0105, komfort\u0105 ir ram\u0173 mieg\u0105 ...","breadcrumb":{"@id":"https:\/\/minubaltic.ee\/lt\/e-pood\/patalynes-komplektai\/vaikiskas-patalynes-komplektas-panda\/#breadcrumb"},"inLanguage":"lt-LT","potentialAction":[{"@type":"ReadAction","target":["https:\/\/minubaltic.ee\/lt\/e-pood\/patalynes-komplektai\/vaikiskas-patalynes-komplektas-panda\/"]}]},{"@type":"ImageObject","inLanguage":"lt-LT","@id":"https:\/\/minubaltic.ee\/lt\/e-pood\/patalynes-komplektai\/vaikiskas-patalynes-komplektas-panda\/#primaryimage","url":"https:\/\/minubaltic.ee\/wp-content\/uploads\/2025\/03\/Laste-voodipesukomplekt-Panda.jpg","contentUrl":"https:\/\/minubaltic.ee\/wp-content\/uploads\/2025\/03\/Laste-voodipesukomplekt-Panda.jpg","width":800,"height":800,"caption":"Laste voodipesukomplekt - Panda"},{"@type":"BreadcrumbList","@id":"https:\/\/minubaltic.ee\/lt\/e-pood\/patalynes-komplektai\/vaikiskas-patalynes-komplektas-panda\/#breadcrumb","itemListElement":[{"@type":"ListItem","position":1,"name":"Home","item":"https:\/\/minubaltic.ee\/lt\/"},{"@type":"ListItem","position":2,"name":"Parduotuv\u0117","item":"https:\/\/minubaltic.ee\/lt\/parduotuve\/"},{"@type":"ListItem","position":3,"name":"Vaiki\u0161kas patalyn\u0117s komplektas | Panda"}]},{"@type":"WebSite","@id":"https:\/\/minubaltic.ee\/lt\/#website","url":"https:\/\/minubaltic.ee\/lt\/","name":"minubaltic.ee","description":"","publisher":{"@id":"https:\/\/minubaltic.ee\/lt\/#organization"},"potentialAction":[{"@type":"SearchAction","target":{"@type":"EntryPoint","urlTemplate":"https:\/\/minubaltic.ee\/lt\/?s={search_term_string}"},"query-input":{"@type":"PropertyValueSpecification","valueRequired":true,"valueName":"search_term_string"}}],"inLanguage":"lt-LT"},{"@type":"Organization","@id":"https:\/\/minubaltic.ee\/lt\/#organization","name":"Minu Baltic O\u00dc","url":"https:\/\/minubaltic.ee\/lt\/","logo":{"@type":"ImageObject","inLanguage":"lt-LT","@id":"https:\/\/minubaltic.ee\/lt\/#\/schema\/logo\/image\/","url":"https:\/\/minubaltic.ee\/wp-content\/uploads\/2023\/10\/cropped-cropped-cropped-logo.png","contentUrl":"https:\/\/minubaltic.ee\/wp-content\/uploads\/2023\/10\/cropped-cropped-cropped-logo.png","width":500,"height":237,"caption":"Minu Baltic O\u00dc"},"image":{"@id":"https:\/\/minubaltic.ee\/lt\/#\/schema\/logo\/image\/"},"sameAs":["https:\/\/www.facebook.com\/minubaltic"]}]}},"_links":{"self":[{"href":"https:\/\/minubaltic.ee\/lt\/wp-json\/wp\/v2\/product\/43856","targetHints":{"allow":["GET"]}}],"collection":[{"href":"https:\/\/minubaltic.ee\/lt\/wp-json\/wp\/v2\/product"}],"about":[{"href":"https:\/\/minubaltic.ee\/lt\/wp-json\/wp\/v2\/types\/product"}],"replies":[{"embeddable":true,"href":"https:\/\/minubaltic.ee\/lt\/wp-json\/wp\/v2\/comments?post=43856"}],"version-history":[{"count":2,"href":"https:\/\/minubaltic.ee\/lt\/wp-json\/wp\/v2\/product\/43856\/revisions"}],"predecessor-version":[{"id":44019,"href":"https:\/\/minubaltic.ee\/lt\/wp-json\/wp\/v2\/product\/43856\/revisions\/44019"}],"wp:featuredmedia":[{"embeddable":true,"href":"https:\/\/minubaltic.ee\/lt\/wp-json\/wp\/v2\/media\/43863"}],"wp:attachment":[{"href":"https:\/\/minubaltic.ee\/lt\/wp-json\/wp\/v2\/media?parent=43856"}],"wp:term":[{"taxonomy":"product_brand","embeddable":true,"href":"https:\/\/minubaltic.ee\/lt\/wp-json\/wp\/v2\/product_brand?post=43856"},{"taxonomy":"product_cat","embeddable":true,"href":"https:\/\/minubaltic.ee\/lt\/wp-json\/wp\/v2\/product_cat?post=43856"},{"taxonomy":"product_tag","embeddable":true,"href":"https:\/\/minubaltic.ee\/lt\/wp-json\/wp\/v2\/product_tag?post=43856"}],"curies":[{"name":"wp","href":"https:\/\/api.w.org\/{rel}","templated":true}]}}