{"id":43153,"date":"2025-03-01T04:13:06","date_gmt":"2025-03-01T01:13:06","guid":{"rendered":"https:\/\/minubaltic.ee\/?post_type=product&#038;p=43153"},"modified":"2025-03-01T07:37:09","modified_gmt":"2025-03-01T04:37:09","slug":"tencel-patalynes-komplektas-sampanas","status":"publish","type":"product","link":"https:\/\/minubaltic.ee\/lt\/e-pood\/patalynes-komplektai\/tencel-patalynes-komplektas-sampanas\/","title":{"rendered":"Tencel patalyn\u0117s komplektas &#8211; \u0160ampanas"},"content":{"rendered":"<p>Tencel patalyn\u0117s komplektas pagamintas i\u0161 nat\u016bralaus eukalipto, suteikian\u010dio i\u0161skirtin\u012f mink\u0161tum\u0105 ir pralaidum\u0105 orui. \u0160i odai nekenksminga med\u017eiaga yra puikus pasirinkimas tiems, kurie vertina kokybi\u0161kus ir aplink\u0105 tausojan\u010dius gaminius. Tencel audinys reguliuoja dr\u0117gm\u0119, palaiko k\u016bno temperat\u016br\u0105 subalansuot\u0105, kad b\u016bt\u0173 u\u017etikrintas gaivus ir patogus miegas. Tencel taip pat yra hipoalergi\u0161kas ir antibakterinis, tod\u0117l puikiai tinka alergi\u0161kiems \u017emon\u0117ms ir \u017emon\u0117ms su jautria oda.<\/p>\n<p>Tencel patalyn\u0117s komplektas yra patvarus ir i\u0161laiko savo kokyb\u0119 net po keli\u0173 plovim\u0173. Produktai sujungia komfort\u0105, ilgaam\u017ei\u0161kum\u0105 ir ekologi\u0161kum\u0105, tod\u0117l yra idealus pasirinkimas kasdieniam naudojimui. D\u0117l nat\u016bralaus pluo\u0161to patalyn\u0117s komplektas Tencel yra \u0161velnus ir \u0161ilkinis, suteikiantis prabangaus miego kiekvien\u0105 nakt\u012f. Tai taip pat puikus pasirinkimas ie\u0161kantiems hipoalergini\u0173 ir antibakterini\u0173 sprendim\u0173 savo miegamajame.<\/p>\n<p>Patalyn\u0117s komplektas Tencel si\u016blo ne tik i\u0161skirtin\u012f komfort\u0105 ir kokyb\u0119, bet ir stili\u0173 bei elegancij\u0105. Gra\u017eus ir minimalistinis dizainas suteikia miegamajam prabangios ir ramios atmosferos. Suteikite savo miegamajam kokyb\u0117s ir stiliaus pasirink\u0119 Tencel patalyn\u0117s komplekt\u0105 \u2013 tobul\u0105 sprendim\u0105 kiekvienai dienai.<\/p>\n","protected":false},"excerpt":{"rendered":"<p>100% ekologi\u0161kas, antibakterinis ir nekenksmingas odai, suteikia mink\u0161tumo ir pralaidumo orui.<\/p>\n<ul>\n<li>Spalva: \u0160ampanas<\/li>\n<li>Med\u017eiaga: 100% Tencel<\/li>\n<li>Si\u016blas: 60S \/ 300TC<\/li>\n<li>Antklod\u0117s u\u017evalkalas: 200\u00d7220 cm<\/li>\n<li>Paklod\u0117: 220\u00d7240 cm<\/li>\n<li>Pagalv\u0117s u\u017evalkalas: 50\u00d770 cm (2 vnt.)<\/li>\n<\/ul>\n<p><img loading=\"lazy\" decoding=\"async\" class=\" wd-lazy-fade alignnone wp-image-42933\" src=\"https:\/\/minubaltic.ee\/wp-content\/themes\/woodmart\/images\/lazy.svg\" data-src=\"https:\/\/minubaltic.ee\/wp-content\/uploads\/2025\/03\/tencel-certified-400x129.png\" alt=\"\" width=\"125\" height=\"40\" srcset=\"\" data-srcset=\"https:\/\/minubaltic.ee\/wp-content\/uploads\/2025\/03\/tencel-certified-400x129.png 400w, https:\/\/minubaltic.ee\/wp-content\/uploads\/2025\/03\/tencel-certified-430x139.png 430w, https:\/\/minubaltic.ee\/wp-content\/uploads\/2025\/03\/tencel-certified-150x49.png 150w, https:\/\/minubaltic.ee\/wp-content\/uploads\/2025\/03\/tencel-certified.png 516w\" sizes=\"auto, (max-width: 125px) 100vw, 125px\" \/><img loading=\"lazy\" decoding=\"async\" class=\" wd-lazy-fade alignnone wp-image-42939\" src=\"https:\/\/minubaltic.ee\/wp-content\/themes\/woodmart\/images\/lazy.svg\" data-src=\"https:\/\/minubaltic.ee\/wp-content\/uploads\/2025\/03\/oeko-tex-standard-100.png\" alt=\"\" width=\"125\" height=\"41\" srcset=\"\" data-srcset=\"https:\/\/minubaltic.ee\/wp-content\/uploads\/2025\/03\/oeko-tex-standard-100.png 200w, https:\/\/minubaltic.ee\/wp-content\/uploads\/2025\/03\/oeko-tex-standard-100-150x50.png 150w\" sizes=\"auto, (max-width: 125px) 100vw, 125px\" \/><\/p>\n","protected":false},"featured_media":43158,"comment_status":"open","ping_status":"closed","template":"","meta":[],"product_brand":[],"product_cat":[768,553,619,555,596,737],"product_tag":[558,564],"class_list":{"0":"post-43153","1":"product","2":"type-product","3":"status-publish","4":"has-post-thumbnail","6":"product_cat-ekologiska-patalyne","7":"product_cat-patalynes-komplektai","8":"product_cat-patalynes-komplektai-lt","9":"product_cat-patalynes-komplektai-200-220","10":"product_cat-tencel-patalynes-komplektai","11":"product_cat-tencel-patalynes-komplektai-lt","12":"product_tag-e-parduotuve","13":"product_tag-tekstile","15":"first","16":"outofstock","17":"shipping-taxable","18":"purchasable","19":"product-type-simple"},"yoast_head":"<!-- This site is optimized with the Yoast SEO plugin v27.3 - https:\/\/yoast.com\/product\/yoast-seo-wordpress\/ -->\n<title>Tencel patalyn\u0117s komplektas - \u0160ampanas - 100% TENCEL\u2122<\/title>\n<meta name=\"description\" content=\"Nat\u016bralus ir odai draugi\u0161kas 100% Tencel patalyn\u0117s komplektas u\u017etikrina patog\u0173 ir gaiv\u0173 mieg\u0105. Kv\u0117puojantis ir mink\u0161tas audinys\" \/>\n<meta name=\"robots\" content=\"index, follow, max-snippet:-1, max-image-preview:large, max-video-preview:-1\" \/>\n<link rel=\"canonical\" href=\"https:\/\/minubaltic.ee\/lt\/e-pood\/patalynes-komplektai\/tencel-patalynes-komplektas-sampanas\/\" \/>\n<meta property=\"og:locale\" content=\"lt_LT\" \/>\n<meta property=\"og:type\" content=\"article\" \/>\n<meta property=\"og:title\" content=\"Tencel patalyn\u0117s komplektas - \u0160ampanas - 100% TENCEL\u2122\" \/>\n<meta property=\"og:description\" content=\"Nat\u016bralus ir odai draugi\u0161kas 100% Tencel patalyn\u0117s komplektas u\u017etikrina patog\u0173 ir gaiv\u0173 mieg\u0105. Kv\u0117puojantis ir mink\u0161tas audinys\" \/>\n<meta property=\"og:url\" content=\"https:\/\/minubaltic.ee\/lt\/e-pood\/patalynes-komplektai\/tencel-patalynes-komplektas-sampanas\/\" \/>\n<meta property=\"article:publisher\" content=\"https:\/\/www.facebook.com\/minubaltic\" \/>\n<meta property=\"article:modified_time\" content=\"2025-03-01T04:37:09+00:00\" \/>\n<meta property=\"og:image\" content=\"https:\/\/minubaltic.ee\/wp-content\/uploads\/2025\/03\/Tencel-voodipesukomplekt-\u2013-Sampanja.jpg\" \/>\n\t<meta property=\"og:image:width\" content=\"800\" \/>\n\t<meta property=\"og:image:height\" content=\"800\" \/>\n\t<meta property=\"og:image:type\" content=\"image\/jpeg\" \/>\n<meta name=\"twitter:card\" content=\"summary_large_image\" \/>\n<meta name=\"twitter:label1\" content=\"Est. reading time\" \/>\n\t<meta name=\"twitter:data1\" content=\"2 minut\u0117s\" \/>\n<script type=\"application\/ld+json\" class=\"yoast-schema-graph\">{\"@context\":\"https:\\\/\\\/schema.org\",\"@graph\":[{\"@type\":\"WebPage\",\"@id\":\"https:\\\/\\\/minubaltic.ee\\\/lt\\\/e-pood\\\/patalynes-komplektai\\\/tencel-patalynes-komplektas-sampanas\\\/\",\"url\":\"https:\\\/\\\/minubaltic.ee\\\/lt\\\/e-pood\\\/patalynes-komplektai\\\/tencel-patalynes-komplektas-sampanas\\\/\",\"name\":\"Tencel patalyn\u0117s komplektas - \u0160ampanas - 100% TENCEL\u2122\",\"isPartOf\":{\"@id\":\"https:\\\/\\\/minubaltic.ee\\\/lt\\\/#website\"},\"primaryImageOfPage\":{\"@id\":\"https:\\\/\\\/minubaltic.ee\\\/lt\\\/e-pood\\\/patalynes-komplektai\\\/tencel-patalynes-komplektas-sampanas\\\/#primaryimage\"},\"image\":{\"@id\":\"https:\\\/\\\/minubaltic.ee\\\/lt\\\/e-pood\\\/patalynes-komplektai\\\/tencel-patalynes-komplektas-sampanas\\\/#primaryimage\"},\"thumbnailUrl\":\"https:\\\/\\\/minubaltic.ee\\\/wp-content\\\/uploads\\\/2025\\\/03\\\/Tencel-voodipesukomplekt-\u2013-Sampanja.jpg\",\"datePublished\":\"2025-03-01T01:13:06+00:00\",\"dateModified\":\"2025-03-01T04:37:09+00:00\",\"description\":\"Nat\u016bralus ir odai draugi\u0161kas 100% Tencel patalyn\u0117s komplektas u\u017etikrina patog\u0173 ir gaiv\u0173 mieg\u0105. Kv\u0117puojantis ir mink\u0161tas audinys\",\"breadcrumb\":{\"@id\":\"https:\\\/\\\/minubaltic.ee\\\/lt\\\/e-pood\\\/patalynes-komplektai\\\/tencel-patalynes-komplektas-sampanas\\\/#breadcrumb\"},\"inLanguage\":\"lt-LT\",\"potentialAction\":[{\"@type\":\"ReadAction\",\"target\":[\"https:\\\/\\\/minubaltic.ee\\\/lt\\\/e-pood\\\/patalynes-komplektai\\\/tencel-patalynes-komplektas-sampanas\\\/\"]}]},{\"@type\":\"ImageObject\",\"inLanguage\":\"lt-LT\",\"@id\":\"https:\\\/\\\/minubaltic.ee\\\/lt\\\/e-pood\\\/patalynes-komplektai\\\/tencel-patalynes-komplektas-sampanas\\\/#primaryimage\",\"url\":\"https:\\\/\\\/minubaltic.ee\\\/wp-content\\\/uploads\\\/2025\\\/03\\\/Tencel-voodipesukomplekt-\u2013-Sampanja.jpg\",\"contentUrl\":\"https:\\\/\\\/minubaltic.ee\\\/wp-content\\\/uploads\\\/2025\\\/03\\\/Tencel-voodipesukomplekt-\u2013-Sampanja.jpg\",\"width\":800,\"height\":800,\"caption\":\"Tencel voodipesukomplekt \u2013 S\u030campanja\"},{\"@type\":\"BreadcrumbList\",\"@id\":\"https:\\\/\\\/minubaltic.ee\\\/lt\\\/e-pood\\\/patalynes-komplektai\\\/tencel-patalynes-komplektas-sampanas\\\/#breadcrumb\",\"itemListElement\":[{\"@type\":\"ListItem\",\"position\":1,\"name\":\"Home\",\"item\":\"https:\\\/\\\/minubaltic.ee\\\/lt\\\/\"},{\"@type\":\"ListItem\",\"position\":2,\"name\":\"Parduotuv\u0117\",\"item\":\"https:\\\/\\\/minubaltic.ee\\\/lt\\\/parduotuve\\\/\"},{\"@type\":\"ListItem\",\"position\":3,\"name\":\"Tencel patalyn\u0117s komplektas &#8211; \u0160ampanas\"}]},{\"@type\":\"WebSite\",\"@id\":\"https:\\\/\\\/minubaltic.ee\\\/lt\\\/#website\",\"url\":\"https:\\\/\\\/minubaltic.ee\\\/lt\\\/\",\"name\":\"minubaltic.ee\",\"description\":\"\",\"publisher\":{\"@id\":\"https:\\\/\\\/minubaltic.ee\\\/lt\\\/#organization\"},\"potentialAction\":[{\"@type\":\"SearchAction\",\"target\":{\"@type\":\"EntryPoint\",\"urlTemplate\":\"https:\\\/\\\/minubaltic.ee\\\/lt\\\/?s={search_term_string}\"},\"query-input\":{\"@type\":\"PropertyValueSpecification\",\"valueRequired\":true,\"valueName\":\"search_term_string\"}}],\"inLanguage\":\"lt-LT\"},{\"@type\":\"Organization\",\"@id\":\"https:\\\/\\\/minubaltic.ee\\\/lt\\\/#organization\",\"name\":\"Minu Baltic O\u00dc\",\"url\":\"https:\\\/\\\/minubaltic.ee\\\/lt\\\/\",\"logo\":{\"@type\":\"ImageObject\",\"inLanguage\":\"lt-LT\",\"@id\":\"https:\\\/\\\/minubaltic.ee\\\/lt\\\/#\\\/schema\\\/logo\\\/image\\\/\",\"url\":\"https:\\\/\\\/minubaltic.ee\\\/wp-content\\\/uploads\\\/2023\\\/10\\\/cropped-cropped-cropped-logo.png\",\"contentUrl\":\"https:\\\/\\\/minubaltic.ee\\\/wp-content\\\/uploads\\\/2023\\\/10\\\/cropped-cropped-cropped-logo.png\",\"width\":500,\"height\":237,\"caption\":\"Minu Baltic O\u00dc\"},\"image\":{\"@id\":\"https:\\\/\\\/minubaltic.ee\\\/lt\\\/#\\\/schema\\\/logo\\\/image\\\/\"},\"sameAs\":[\"https:\\\/\\\/www.facebook.com\\\/minubaltic\"]}]}<\/script>\n<!-- \/ Yoast SEO plugin. -->","yoast_head_json":{"title":"Tencel patalyn\u0117s komplektas - \u0160ampanas - 100% TENCEL\u2122","description":"Nat\u016bralus ir odai draugi\u0161kas 100% Tencel patalyn\u0117s komplektas u\u017etikrina patog\u0173 ir gaiv\u0173 mieg\u0105. Kv\u0117puojantis ir mink\u0161tas audinys","robots":{"index":"index","follow":"follow","max-snippet":"max-snippet:-1","max-image-preview":"max-image-preview:large","max-video-preview":"max-video-preview:-1"},"canonical":"https:\/\/minubaltic.ee\/lt\/e-pood\/patalynes-komplektai\/tencel-patalynes-komplektas-sampanas\/","og_locale":"lt_LT","og_type":"article","og_title":"Tencel patalyn\u0117s komplektas - \u0160ampanas - 100% TENCEL\u2122","og_description":"Nat\u016bralus ir odai draugi\u0161kas 100% Tencel patalyn\u0117s komplektas u\u017etikrina patog\u0173 ir gaiv\u0173 mieg\u0105. Kv\u0117puojantis ir mink\u0161tas audinys","og_url":"https:\/\/minubaltic.ee\/lt\/e-pood\/patalynes-komplektai\/tencel-patalynes-komplektas-sampanas\/","article_publisher":"https:\/\/www.facebook.com\/minubaltic","article_modified_time":"2025-03-01T04:37:09+00:00","og_image":[{"width":800,"height":800,"url":"https:\/\/minubaltic.ee\/wp-content\/uploads\/2025\/03\/Tencel-voodipesukomplekt-\u2013-Sampanja.jpg","type":"image\/jpeg"}],"twitter_card":"summary_large_image","twitter_misc":{"Est. reading time":"2 minut\u0117s"},"schema":{"@context":"https:\/\/schema.org","@graph":[{"@type":"WebPage","@id":"https:\/\/minubaltic.ee\/lt\/e-pood\/patalynes-komplektai\/tencel-patalynes-komplektas-sampanas\/","url":"https:\/\/minubaltic.ee\/lt\/e-pood\/patalynes-komplektai\/tencel-patalynes-komplektas-sampanas\/","name":"Tencel patalyn\u0117s komplektas - \u0160ampanas - 100% TENCEL\u2122","isPartOf":{"@id":"https:\/\/minubaltic.ee\/lt\/#website"},"primaryImageOfPage":{"@id":"https:\/\/minubaltic.ee\/lt\/e-pood\/patalynes-komplektai\/tencel-patalynes-komplektas-sampanas\/#primaryimage"},"image":{"@id":"https:\/\/minubaltic.ee\/lt\/e-pood\/patalynes-komplektai\/tencel-patalynes-komplektas-sampanas\/#primaryimage"},"thumbnailUrl":"https:\/\/minubaltic.ee\/wp-content\/uploads\/2025\/03\/Tencel-voodipesukomplekt-\u2013-Sampanja.jpg","datePublished":"2025-03-01T01:13:06+00:00","dateModified":"2025-03-01T04:37:09+00:00","description":"Nat\u016bralus ir odai draugi\u0161kas 100% Tencel patalyn\u0117s komplektas u\u017etikrina patog\u0173 ir gaiv\u0173 mieg\u0105. Kv\u0117puojantis ir mink\u0161tas audinys","breadcrumb":{"@id":"https:\/\/minubaltic.ee\/lt\/e-pood\/patalynes-komplektai\/tencel-patalynes-komplektas-sampanas\/#breadcrumb"},"inLanguage":"lt-LT","potentialAction":[{"@type":"ReadAction","target":["https:\/\/minubaltic.ee\/lt\/e-pood\/patalynes-komplektai\/tencel-patalynes-komplektas-sampanas\/"]}]},{"@type":"ImageObject","inLanguage":"lt-LT","@id":"https:\/\/minubaltic.ee\/lt\/e-pood\/patalynes-komplektai\/tencel-patalynes-komplektas-sampanas\/#primaryimage","url":"https:\/\/minubaltic.ee\/wp-content\/uploads\/2025\/03\/Tencel-voodipesukomplekt-\u2013-Sampanja.jpg","contentUrl":"https:\/\/minubaltic.ee\/wp-content\/uploads\/2025\/03\/Tencel-voodipesukomplekt-\u2013-Sampanja.jpg","width":800,"height":800,"caption":"Tencel voodipesukomplekt \u2013 S\u030campanja"},{"@type":"BreadcrumbList","@id":"https:\/\/minubaltic.ee\/lt\/e-pood\/patalynes-komplektai\/tencel-patalynes-komplektas-sampanas\/#breadcrumb","itemListElement":[{"@type":"ListItem","position":1,"name":"Home","item":"https:\/\/minubaltic.ee\/lt\/"},{"@type":"ListItem","position":2,"name":"Parduotuv\u0117","item":"https:\/\/minubaltic.ee\/lt\/parduotuve\/"},{"@type":"ListItem","position":3,"name":"Tencel patalyn\u0117s komplektas &#8211; \u0160ampanas"}]},{"@type":"WebSite","@id":"https:\/\/minubaltic.ee\/lt\/#website","url":"https:\/\/minubaltic.ee\/lt\/","name":"minubaltic.ee","description":"","publisher":{"@id":"https:\/\/minubaltic.ee\/lt\/#organization"},"potentialAction":[{"@type":"SearchAction","target":{"@type":"EntryPoint","urlTemplate":"https:\/\/minubaltic.ee\/lt\/?s={search_term_string}"},"query-input":{"@type":"PropertyValueSpecification","valueRequired":true,"valueName":"search_term_string"}}],"inLanguage":"lt-LT"},{"@type":"Organization","@id":"https:\/\/minubaltic.ee\/lt\/#organization","name":"Minu Baltic O\u00dc","url":"https:\/\/minubaltic.ee\/lt\/","logo":{"@type":"ImageObject","inLanguage":"lt-LT","@id":"https:\/\/minubaltic.ee\/lt\/#\/schema\/logo\/image\/","url":"https:\/\/minubaltic.ee\/wp-content\/uploads\/2023\/10\/cropped-cropped-cropped-logo.png","contentUrl":"https:\/\/minubaltic.ee\/wp-content\/uploads\/2023\/10\/cropped-cropped-cropped-logo.png","width":500,"height":237,"caption":"Minu Baltic O\u00dc"},"image":{"@id":"https:\/\/minubaltic.ee\/lt\/#\/schema\/logo\/image\/"},"sameAs":["https:\/\/www.facebook.com\/minubaltic"]}]}},"_links":{"self":[{"href":"https:\/\/minubaltic.ee\/lt\/wp-json\/wp\/v2\/product\/43153","targetHints":{"allow":["GET"]}}],"collection":[{"href":"https:\/\/minubaltic.ee\/lt\/wp-json\/wp\/v2\/product"}],"about":[{"href":"https:\/\/minubaltic.ee\/lt\/wp-json\/wp\/v2\/types\/product"}],"replies":[{"embeddable":true,"href":"https:\/\/minubaltic.ee\/lt\/wp-json\/wp\/v2\/comments?post=43153"}],"version-history":[{"count":2,"href":"https:\/\/minubaltic.ee\/lt\/wp-json\/wp\/v2\/product\/43153\/revisions"}],"predecessor-version":[{"id":43509,"href":"https:\/\/minubaltic.ee\/lt\/wp-json\/wp\/v2\/product\/43153\/revisions\/43509"}],"wp:featuredmedia":[{"embeddable":true,"href":"https:\/\/minubaltic.ee\/lt\/wp-json\/wp\/v2\/media\/43158"}],"wp:attachment":[{"href":"https:\/\/minubaltic.ee\/lt\/wp-json\/wp\/v2\/media?parent=43153"}],"wp:term":[{"taxonomy":"product_brand","embeddable":true,"href":"https:\/\/minubaltic.ee\/lt\/wp-json\/wp\/v2\/product_brand?post=43153"},{"taxonomy":"product_cat","embeddable":true,"href":"https:\/\/minubaltic.ee\/lt\/wp-json\/wp\/v2\/product_cat?post=43153"},{"taxonomy":"product_tag","embeddable":true,"href":"https:\/\/minubaltic.ee\/lt\/wp-json\/wp\/v2\/product_tag?post=43153"}],"curies":[{"name":"wp","href":"https:\/\/api.w.org\/{rel}","templated":true}]}}