{"id":42190,"date":"2025-01-30T16:43:48","date_gmt":"2025-01-30T13:43:48","guid":{"rendered":"https:\/\/minubaltic.ee\/?post_type=product&#038;p=42190"},"modified":"2025-01-30T17:22:36","modified_gmt":"2025-01-30T14:22:36","slug":"pledas-130x180-cm-baltas","status":"publish","type":"product","link":"https:\/\/minubaltic.ee\/lt\/e-pood\/antklodes\/pledas-130x180-cm-baltas\/","title":{"rendered":"Pledas 130&#215;180 cm (Baltas)"},"content":{"rendered":"<p>Mink\u0161tas ir lengvas akrilo pledas \u2013 puikus pasirinkimas bet kokiam sezonui! D\u0117l mink\u0161tos tekst\u016bros ir \u0161ilum\u0105 i\u0161laikan\u010di\u0173 pledo savybi\u0173 jis yra puikus kompanionas bet kuriuo metu. Akrilas yra lengva, ta\u010diau \u0161ilum\u0105 sulaikanti med\u017eiaga, kuri suteikia komforto ir \u0161ilumos net ir \u0161altesn\u0117mis dienomis. Akrilo pledo prie\u017ei\u016bra yra paprasta, nes akrilo med\u017eiaga nesiglam\u017eo ir nekei\u010dia formos net po keli\u0173 plovim\u0173. Pledo patvarumas u\u017etikrina ilgalaik\u012f naudojim\u0105, tuo pa\u010diu yra mink\u0161tas ir malonus odai.<\/p>\n<p>Akrilo pledas puikiai tinka kasdieniam naudojimui, o kadangi yra pakankamai lengvas, j\u012f galima patogiai pasiimti su savimi.<br \/>\nPapildykite savo namus prakti\u0161ku ir stilingu akrilo pledu, kuris suteikia \u0161ilumos ir komforto bet kuriuo metu!<\/p>\n","protected":false},"excerpt":{"rendered":"<ul>\n<li>Audinio sud\u0117tis: 100% Akrilas<\/li>\n<li>Svoris: 0,560 kg<\/li>\n<li>Dydis: 130&#215;180 cm<\/li>\n<\/ul>\n","protected":false},"featured_media":42196,"comment_status":"open","ping_status":"closed","template":"","meta":[],"product_brand":[],"product_cat":[549,972],"product_tag":[563,562,559,564],"class_list":{"0":"post-42190","1":"product","2":"type-product","3":"status-publish","4":"has-post-thumbnail","6":"product_cat-antklodes","7":"product_cat-pledai","8":"product_tag-antklode","9":"product_tag-antklodes","10":"product_tag-namu-tekstile","11":"product_tag-tekstile","13":"first","14":"instock","15":"shipping-taxable","16":"purchasable","17":"product-type-simple"},"yoast_head":"<!-- This site is optimized with the Yoast SEO plugin v27.3 - https:\/\/yoast.com\/product\/yoast-seo-wordpress\/ -->\n<title>Pledas 130x180 cm (Baltas) - Minu Baltic<\/title>\n<meta name=\"description\" content=\"Auk\u0161tos kokyb\u0117s akrilo Baltas pledas, kuriame dera stilius ir prakti\u0161kumas. Mink\u0161ta, kv\u0117puojanti ir lengva med\u017eiaga u\u017etikrina maksimal\u0173 komfort\u0105,...\" \/>\n<meta name=\"robots\" content=\"index, follow, max-snippet:-1, max-image-preview:large, max-video-preview:-1\" \/>\n<link rel=\"canonical\" href=\"https:\/\/minubaltic.ee\/lt\/e-pood\/antklodes\/pledas-130x180-cm-baltas\/\" \/>\n<meta property=\"og:locale\" content=\"lt_LT\" \/>\n<meta property=\"og:type\" content=\"article\" \/>\n<meta property=\"og:title\" content=\"Pledas 130x180 cm (Baltas) - Minu Baltic\" \/>\n<meta property=\"og:description\" content=\"Auk\u0161tos kokyb\u0117s akrilo Baltas pledas, kuriame dera stilius ir prakti\u0161kumas. Mink\u0161ta, kv\u0117puojanti ir lengva med\u017eiaga u\u017etikrina maksimal\u0173 komfort\u0105,...\" \/>\n<meta property=\"og:url\" content=\"https:\/\/minubaltic.ee\/lt\/e-pood\/antklodes\/pledas-130x180-cm-baltas\/\" \/>\n<meta property=\"article:publisher\" content=\"https:\/\/www.facebook.com\/minubaltic\" \/>\n<meta property=\"article:modified_time\" content=\"2025-01-30T14:22:36+00:00\" \/>\n<meta property=\"og:image\" content=\"https:\/\/minubaltic.ee\/wp-content\/uploads\/2025\/01\/Pleed-130x180-cm-Valge.jpg\" \/>\n\t<meta property=\"og:image:width\" content=\"800\" \/>\n\t<meta property=\"og:image:height\" content=\"800\" \/>\n\t<meta property=\"og:image:type\" content=\"image\/jpeg\" \/>\n<meta name=\"twitter:card\" content=\"summary_large_image\" \/>\n<meta name=\"twitter:label1\" content=\"Est. reading time\" \/>\n\t<meta name=\"twitter:data1\" content=\"1 minut\u0117\" \/>\n<script type=\"application\/ld+json\" class=\"yoast-schema-graph\">{\"@context\":\"https:\\\/\\\/schema.org\",\"@graph\":[{\"@type\":\"WebPage\",\"@id\":\"https:\\\/\\\/minubaltic.ee\\\/lt\\\/e-pood\\\/antklodes\\\/pledas-130x180-cm-baltas\\\/\",\"url\":\"https:\\\/\\\/minubaltic.ee\\\/lt\\\/e-pood\\\/antklodes\\\/pledas-130x180-cm-baltas\\\/\",\"name\":\"Pledas 130x180 cm (Baltas) - Minu Baltic\",\"isPartOf\":{\"@id\":\"https:\\\/\\\/minubaltic.ee\\\/lt\\\/#website\"},\"primaryImageOfPage\":{\"@id\":\"https:\\\/\\\/minubaltic.ee\\\/lt\\\/e-pood\\\/antklodes\\\/pledas-130x180-cm-baltas\\\/#primaryimage\"},\"image\":{\"@id\":\"https:\\\/\\\/minubaltic.ee\\\/lt\\\/e-pood\\\/antklodes\\\/pledas-130x180-cm-baltas\\\/#primaryimage\"},\"thumbnailUrl\":\"https:\\\/\\\/minubaltic.ee\\\/wp-content\\\/uploads\\\/2025\\\/01\\\/Pleed-130x180-cm-Valge.jpg\",\"datePublished\":\"2025-01-30T13:43:48+00:00\",\"dateModified\":\"2025-01-30T14:22:36+00:00\",\"description\":\"Auk\u0161tos kokyb\u0117s akrilo Baltas pledas, kuriame dera stilius ir prakti\u0161kumas. Mink\u0161ta, kv\u0117puojanti ir lengva med\u017eiaga u\u017etikrina maksimal\u0173 komfort\u0105,...\",\"breadcrumb\":{\"@id\":\"https:\\\/\\\/minubaltic.ee\\\/lt\\\/e-pood\\\/antklodes\\\/pledas-130x180-cm-baltas\\\/#breadcrumb\"},\"inLanguage\":\"lt-LT\",\"potentialAction\":[{\"@type\":\"ReadAction\",\"target\":[\"https:\\\/\\\/minubaltic.ee\\\/lt\\\/e-pood\\\/antklodes\\\/pledas-130x180-cm-baltas\\\/\"]}]},{\"@type\":\"ImageObject\",\"inLanguage\":\"lt-LT\",\"@id\":\"https:\\\/\\\/minubaltic.ee\\\/lt\\\/e-pood\\\/antklodes\\\/pledas-130x180-cm-baltas\\\/#primaryimage\",\"url\":\"https:\\\/\\\/minubaltic.ee\\\/wp-content\\\/uploads\\\/2025\\\/01\\\/Pleed-130x180-cm-Valge.jpg\",\"contentUrl\":\"https:\\\/\\\/minubaltic.ee\\\/wp-content\\\/uploads\\\/2025\\\/01\\\/Pleed-130x180-cm-Valge.jpg\",\"width\":800,\"height\":800,\"caption\":\"Pleed 130x180 cm (Valge)\"},{\"@type\":\"BreadcrumbList\",\"@id\":\"https:\\\/\\\/minubaltic.ee\\\/lt\\\/e-pood\\\/antklodes\\\/pledas-130x180-cm-baltas\\\/#breadcrumb\",\"itemListElement\":[{\"@type\":\"ListItem\",\"position\":1,\"name\":\"Home\",\"item\":\"https:\\\/\\\/minubaltic.ee\\\/lt\\\/\"},{\"@type\":\"ListItem\",\"position\":2,\"name\":\"Parduotuv\u0117\",\"item\":\"https:\\\/\\\/minubaltic.ee\\\/lt\\\/parduotuve\\\/\"},{\"@type\":\"ListItem\",\"position\":3,\"name\":\"Pledas 130&#215;180 cm (Baltas)\"}]},{\"@type\":\"WebSite\",\"@id\":\"https:\\\/\\\/minubaltic.ee\\\/lt\\\/#website\",\"url\":\"https:\\\/\\\/minubaltic.ee\\\/lt\\\/\",\"name\":\"minubaltic.ee\",\"description\":\"\",\"publisher\":{\"@id\":\"https:\\\/\\\/minubaltic.ee\\\/lt\\\/#organization\"},\"potentialAction\":[{\"@type\":\"SearchAction\",\"target\":{\"@type\":\"EntryPoint\",\"urlTemplate\":\"https:\\\/\\\/minubaltic.ee\\\/lt\\\/?s={search_term_string}\"},\"query-input\":{\"@type\":\"PropertyValueSpecification\",\"valueRequired\":true,\"valueName\":\"search_term_string\"}}],\"inLanguage\":\"lt-LT\"},{\"@type\":\"Organization\",\"@id\":\"https:\\\/\\\/minubaltic.ee\\\/lt\\\/#organization\",\"name\":\"Minu Baltic O\u00dc\",\"url\":\"https:\\\/\\\/minubaltic.ee\\\/lt\\\/\",\"logo\":{\"@type\":\"ImageObject\",\"inLanguage\":\"lt-LT\",\"@id\":\"https:\\\/\\\/minubaltic.ee\\\/lt\\\/#\\\/schema\\\/logo\\\/image\\\/\",\"url\":\"https:\\\/\\\/minubaltic.ee\\\/wp-content\\\/uploads\\\/2023\\\/10\\\/cropped-cropped-cropped-logo.png\",\"contentUrl\":\"https:\\\/\\\/minubaltic.ee\\\/wp-content\\\/uploads\\\/2023\\\/10\\\/cropped-cropped-cropped-logo.png\",\"width\":500,\"height\":237,\"caption\":\"Minu Baltic O\u00dc\"},\"image\":{\"@id\":\"https:\\\/\\\/minubaltic.ee\\\/lt\\\/#\\\/schema\\\/logo\\\/image\\\/\"},\"sameAs\":[\"https:\\\/\\\/www.facebook.com\\\/minubaltic\"]}]}<\/script>\n<!-- \/ Yoast SEO plugin. -->","yoast_head_json":{"title":"Pledas 130x180 cm (Baltas) - Minu Baltic","description":"Auk\u0161tos kokyb\u0117s akrilo Baltas pledas, kuriame dera stilius ir prakti\u0161kumas. Mink\u0161ta, kv\u0117puojanti ir lengva med\u017eiaga u\u017etikrina maksimal\u0173 komfort\u0105,...","robots":{"index":"index","follow":"follow","max-snippet":"max-snippet:-1","max-image-preview":"max-image-preview:large","max-video-preview":"max-video-preview:-1"},"canonical":"https:\/\/minubaltic.ee\/lt\/e-pood\/antklodes\/pledas-130x180-cm-baltas\/","og_locale":"lt_LT","og_type":"article","og_title":"Pledas 130x180 cm (Baltas) - Minu Baltic","og_description":"Auk\u0161tos kokyb\u0117s akrilo Baltas pledas, kuriame dera stilius ir prakti\u0161kumas. Mink\u0161ta, kv\u0117puojanti ir lengva med\u017eiaga u\u017etikrina maksimal\u0173 komfort\u0105,...","og_url":"https:\/\/minubaltic.ee\/lt\/e-pood\/antklodes\/pledas-130x180-cm-baltas\/","article_publisher":"https:\/\/www.facebook.com\/minubaltic","article_modified_time":"2025-01-30T14:22:36+00:00","og_image":[{"width":800,"height":800,"url":"https:\/\/minubaltic.ee\/wp-content\/uploads\/2025\/01\/Pleed-130x180-cm-Valge.jpg","type":"image\/jpeg"}],"twitter_card":"summary_large_image","twitter_misc":{"Est. reading time":"1 minut\u0117"},"schema":{"@context":"https:\/\/schema.org","@graph":[{"@type":"WebPage","@id":"https:\/\/minubaltic.ee\/lt\/e-pood\/antklodes\/pledas-130x180-cm-baltas\/","url":"https:\/\/minubaltic.ee\/lt\/e-pood\/antklodes\/pledas-130x180-cm-baltas\/","name":"Pledas 130x180 cm (Baltas) - Minu Baltic","isPartOf":{"@id":"https:\/\/minubaltic.ee\/lt\/#website"},"primaryImageOfPage":{"@id":"https:\/\/minubaltic.ee\/lt\/e-pood\/antklodes\/pledas-130x180-cm-baltas\/#primaryimage"},"image":{"@id":"https:\/\/minubaltic.ee\/lt\/e-pood\/antklodes\/pledas-130x180-cm-baltas\/#primaryimage"},"thumbnailUrl":"https:\/\/minubaltic.ee\/wp-content\/uploads\/2025\/01\/Pleed-130x180-cm-Valge.jpg","datePublished":"2025-01-30T13:43:48+00:00","dateModified":"2025-01-30T14:22:36+00:00","description":"Auk\u0161tos kokyb\u0117s akrilo Baltas pledas, kuriame dera stilius ir prakti\u0161kumas. Mink\u0161ta, kv\u0117puojanti ir lengva med\u017eiaga u\u017etikrina maksimal\u0173 komfort\u0105,...","breadcrumb":{"@id":"https:\/\/minubaltic.ee\/lt\/e-pood\/antklodes\/pledas-130x180-cm-baltas\/#breadcrumb"},"inLanguage":"lt-LT","potentialAction":[{"@type":"ReadAction","target":["https:\/\/minubaltic.ee\/lt\/e-pood\/antklodes\/pledas-130x180-cm-baltas\/"]}]},{"@type":"ImageObject","inLanguage":"lt-LT","@id":"https:\/\/minubaltic.ee\/lt\/e-pood\/antklodes\/pledas-130x180-cm-baltas\/#primaryimage","url":"https:\/\/minubaltic.ee\/wp-content\/uploads\/2025\/01\/Pleed-130x180-cm-Valge.jpg","contentUrl":"https:\/\/minubaltic.ee\/wp-content\/uploads\/2025\/01\/Pleed-130x180-cm-Valge.jpg","width":800,"height":800,"caption":"Pleed 130x180 cm (Valge)"},{"@type":"BreadcrumbList","@id":"https:\/\/minubaltic.ee\/lt\/e-pood\/antklodes\/pledas-130x180-cm-baltas\/#breadcrumb","itemListElement":[{"@type":"ListItem","position":1,"name":"Home","item":"https:\/\/minubaltic.ee\/lt\/"},{"@type":"ListItem","position":2,"name":"Parduotuv\u0117","item":"https:\/\/minubaltic.ee\/lt\/parduotuve\/"},{"@type":"ListItem","position":3,"name":"Pledas 130&#215;180 cm (Baltas)"}]},{"@type":"WebSite","@id":"https:\/\/minubaltic.ee\/lt\/#website","url":"https:\/\/minubaltic.ee\/lt\/","name":"minubaltic.ee","description":"","publisher":{"@id":"https:\/\/minubaltic.ee\/lt\/#organization"},"potentialAction":[{"@type":"SearchAction","target":{"@type":"EntryPoint","urlTemplate":"https:\/\/minubaltic.ee\/lt\/?s={search_term_string}"},"query-input":{"@type":"PropertyValueSpecification","valueRequired":true,"valueName":"search_term_string"}}],"inLanguage":"lt-LT"},{"@type":"Organization","@id":"https:\/\/minubaltic.ee\/lt\/#organization","name":"Minu Baltic O\u00dc","url":"https:\/\/minubaltic.ee\/lt\/","logo":{"@type":"ImageObject","inLanguage":"lt-LT","@id":"https:\/\/minubaltic.ee\/lt\/#\/schema\/logo\/image\/","url":"https:\/\/minubaltic.ee\/wp-content\/uploads\/2023\/10\/cropped-cropped-cropped-logo.png","contentUrl":"https:\/\/minubaltic.ee\/wp-content\/uploads\/2023\/10\/cropped-cropped-cropped-logo.png","width":500,"height":237,"caption":"Minu Baltic O\u00dc"},"image":{"@id":"https:\/\/minubaltic.ee\/lt\/#\/schema\/logo\/image\/"},"sameAs":["https:\/\/www.facebook.com\/minubaltic"]}]}},"_links":{"self":[{"href":"https:\/\/minubaltic.ee\/lt\/wp-json\/wp\/v2\/product\/42190","targetHints":{"allow":["GET"]}}],"collection":[{"href":"https:\/\/minubaltic.ee\/lt\/wp-json\/wp\/v2\/product"}],"about":[{"href":"https:\/\/minubaltic.ee\/lt\/wp-json\/wp\/v2\/types\/product"}],"replies":[{"embeddable":true,"href":"https:\/\/minubaltic.ee\/lt\/wp-json\/wp\/v2\/comments?post=42190"}],"version-history":[{"count":2,"href":"https:\/\/minubaltic.ee\/lt\/wp-json\/wp\/v2\/product\/42190\/revisions"}],"predecessor-version":[{"id":42245,"href":"https:\/\/minubaltic.ee\/lt\/wp-json\/wp\/v2\/product\/42190\/revisions\/42245"}],"wp:featuredmedia":[{"embeddable":true,"href":"https:\/\/minubaltic.ee\/lt\/wp-json\/wp\/v2\/media\/42196"}],"wp:attachment":[{"href":"https:\/\/minubaltic.ee\/lt\/wp-json\/wp\/v2\/media?parent=42190"}],"wp:term":[{"taxonomy":"product_brand","embeddable":true,"href":"https:\/\/minubaltic.ee\/lt\/wp-json\/wp\/v2\/product_brand?post=42190"},{"taxonomy":"product_cat","embeddable":true,"href":"https:\/\/minubaltic.ee\/lt\/wp-json\/wp\/v2\/product_cat?post=42190"},{"taxonomy":"product_tag","embeddable":true,"href":"https:\/\/minubaltic.ee\/lt\/wp-json\/wp\/v2\/product_tag?post=42190"}],"curies":[{"name":"wp","href":"https:\/\/api.w.org\/{rel}","templated":true}]}}