{"id":41089,"date":"2024-12-31T18:27:04","date_gmt":"2024-12-31T15:27:04","guid":{"rendered":"https:\/\/minubaltic.ee\/?post_type=product&#038;p=41089"},"modified":"2024-12-31T19:20:07","modified_gmt":"2024-12-31T16:20:07","slug":"minksta-aksomine-vilnone-antklode-pilkai-melyna","status":"publish","type":"product","link":"https:\/\/minubaltic.ee\/lt\/e-pood\/velvet-antklodes\/velvet-antklodes-150-200\/minksta-aksomine-vilnone-antklode-pilkai-melyna\/","title":{"rendered":"Mink\u0161ta aksomin\u0117 vilnon\u0117 antklod\u0117 | Pilkai m\u0117lyna"},"content":{"rendered":"<ul>\n<li><span class=\"product-attribute__label\"><strong>Audinio sud\u0117tis: <\/strong>Koralin\u0117 vilna<\/span><\/li>\n<li><strong>Prek\u0117s pakuo\u010di\u0173 kiekis:<\/strong> 1 vnt.<\/li>\n<li><strong>Dydis:<\/strong> Priklauso nuo j\u016bs\u0173 pasirinkimo<\/li>\n<li><strong>Specifikacija:<\/strong> \u00b15 cm<\/li>\n<li><strong>Sezonas:<\/strong> Visi met\u0173 laikai<\/li>\n<li><strong>Papildoma informacija<\/strong>: Itin mink\u0161tas, patogus, \u0161iltas, pralaidus orui<\/li>\n<li>Produkt\u0173 nuotraukos yra iliustracin\u0117s<\/li>\n<\/ul>\n","protected":false},"excerpt":{"rendered":"<p>-Aksomin\u0117s vilnos antklod\u0117s yra mink\u0161tos ir \u0161iltos, p\u016bkuotos ir aksomin\u0117s tekst\u016bros. \u0160ios antklod\u0117s turi ger\u0105 \u0161ilumos izoliacij\u0105, kuri padeda i\u0161laikyti \u0161ilum\u0105 net \u0161altesn\u0117mis naktimis.<br \/>\n-Aksomin\u0117s vilnos antklod\u0117s yra lengvos, patogios ir lengvai pri\u017ei\u016brimos, nes jas galima skalbti ma\u0161inoje.<\/p>\n","protected":false},"featured_media":41101,"comment_status":"open","ping_status":"closed","template":"","meta":[],"product_brand":[],"product_cat":[549,550,643,551,637,649,655,661],"product_tag":[563,562],"class_list":{"0":"post-41089","1":"product","2":"type-product","3":"status-publish","4":"has-post-thumbnail","6":"product_cat-antklodes","7":"product_cat-antklodes-150-200","8":"product_cat-antklodes-180-200","9":"product_cat-antklodes-200-230","10":"product_cat-velvet-antklodes","11":"product_cat-velvet-antklodes-150-200","12":"product_cat-velvet-antklodes-180-200","13":"product_cat-velvet-antklodes-200-230","14":"product_tag-antklode","15":"product_tag-antklodes","17":"first","18":"instock","19":"shipping-taxable","20":"purchasable","21":"product-type-variable"},"yoast_head":"<!-- This site is optimized with the Yoast SEO plugin v27.3 - https:\/\/yoast.com\/product\/yoast-seo-wordpress\/ -->\n<title>Mink\u0161ta aksomin\u0117 vilnon\u0117 antklod\u0117 | Pilkai m\u0117lyna - Minu Baltic<\/title>\n<meta name=\"description\" content=\"Mink\u0161ta ir prabangi aksomo vilnos antklod\u0117, suteikianti \u0161ilum\u0105 ir komfort\u0105 visais met\u0173 laikais. Puikus papildymas j\u016bs\u0173 miegamajam ar svetainei.\" \/>\n<meta name=\"robots\" content=\"index, follow, max-snippet:-1, max-image-preview:large, max-video-preview:-1\" \/>\n<link rel=\"canonical\" href=\"https:\/\/minubaltic.ee\/lt\/e-pood\/velvet-antklodes\/velvet-antklodes-150-200\/minksta-aksomine-vilnone-antklode-pilkai-melyna\/\" \/>\n<meta property=\"og:locale\" content=\"lt_LT\" \/>\n<meta property=\"og:type\" content=\"article\" \/>\n<meta property=\"og:title\" content=\"Mink\u0161ta aksomin\u0117 vilnon\u0117 antklod\u0117 | Pilkai m\u0117lyna - Minu Baltic\" \/>\n<meta property=\"og:description\" content=\"Mink\u0161ta ir prabangi aksomo vilnos antklod\u0117, suteikianti \u0161ilum\u0105 ir komfort\u0105 visais met\u0173 laikais. Puikus papildymas j\u016bs\u0173 miegamajam ar svetainei.\" \/>\n<meta property=\"og:url\" content=\"https:\/\/minubaltic.ee\/lt\/e-pood\/velvet-antklodes\/velvet-antklodes-150-200\/minksta-aksomine-vilnone-antklode-pilkai-melyna\/\" \/>\n<meta property=\"article:publisher\" content=\"https:\/\/www.facebook.com\/minubaltic\" \/>\n<meta property=\"article:modified_time\" content=\"2024-12-31T16:20:07+00:00\" \/>\n<meta property=\"og:image\" content=\"https:\/\/minubaltic.ee\/wp-content\/uploads\/2024\/12\/Pehme-velvet-fliistekk-Hallikassinine.jpg\" \/>\n\t<meta property=\"og:image:width\" content=\"800\" \/>\n\t<meta property=\"og:image:height\" content=\"800\" \/>\n\t<meta property=\"og:image:type\" content=\"image\/jpeg\" \/>\n<meta name=\"twitter:card\" content=\"summary_large_image\" \/>\n<meta name=\"twitter:label1\" content=\"Est. reading time\" \/>\n\t<meta name=\"twitter:data1\" content=\"1 minut\u0117\" \/>\n<script type=\"application\/ld+json\" class=\"yoast-schema-graph\">{\"@context\":\"https:\\\/\\\/schema.org\",\"@graph\":[{\"@type\":\"WebPage\",\"@id\":\"https:\\\/\\\/minubaltic.ee\\\/lt\\\/e-pood\\\/velvet-antklodes\\\/velvet-antklodes-150-200\\\/minksta-aksomine-vilnone-antklode-pilkai-melyna\\\/\",\"url\":\"https:\\\/\\\/minubaltic.ee\\\/lt\\\/e-pood\\\/velvet-antklodes\\\/velvet-antklodes-150-200\\\/minksta-aksomine-vilnone-antklode-pilkai-melyna\\\/\",\"name\":\"Mink\u0161ta aksomin\u0117 vilnon\u0117 antklod\u0117 | Pilkai m\u0117lyna - Minu Baltic\",\"isPartOf\":{\"@id\":\"https:\\\/\\\/minubaltic.ee\\\/lt\\\/#website\"},\"primaryImageOfPage\":{\"@id\":\"https:\\\/\\\/minubaltic.ee\\\/lt\\\/e-pood\\\/velvet-antklodes\\\/velvet-antklodes-150-200\\\/minksta-aksomine-vilnone-antklode-pilkai-melyna\\\/#primaryimage\"},\"image\":{\"@id\":\"https:\\\/\\\/minubaltic.ee\\\/lt\\\/e-pood\\\/velvet-antklodes\\\/velvet-antklodes-150-200\\\/minksta-aksomine-vilnone-antklode-pilkai-melyna\\\/#primaryimage\"},\"thumbnailUrl\":\"https:\\\/\\\/minubaltic.ee\\\/wp-content\\\/uploads\\\/2024\\\/12\\\/Pehme-velvet-fliistekk-Hallikassinine.jpg\",\"datePublished\":\"2024-12-31T15:27:04+00:00\",\"dateModified\":\"2024-12-31T16:20:07+00:00\",\"description\":\"Mink\u0161ta ir prabangi aksomo vilnos antklod\u0117, suteikianti \u0161ilum\u0105 ir komfort\u0105 visais met\u0173 laikais. Puikus papildymas j\u016bs\u0173 miegamajam ar svetainei.\",\"breadcrumb\":{\"@id\":\"https:\\\/\\\/minubaltic.ee\\\/lt\\\/e-pood\\\/velvet-antklodes\\\/velvet-antklodes-150-200\\\/minksta-aksomine-vilnone-antklode-pilkai-melyna\\\/#breadcrumb\"},\"inLanguage\":\"lt-LT\",\"potentialAction\":[{\"@type\":\"ReadAction\",\"target\":[\"https:\\\/\\\/minubaltic.ee\\\/lt\\\/e-pood\\\/velvet-antklodes\\\/velvet-antklodes-150-200\\\/minksta-aksomine-vilnone-antklode-pilkai-melyna\\\/\"]}]},{\"@type\":\"ImageObject\",\"inLanguage\":\"lt-LT\",\"@id\":\"https:\\\/\\\/minubaltic.ee\\\/lt\\\/e-pood\\\/velvet-antklodes\\\/velvet-antklodes-150-200\\\/minksta-aksomine-vilnone-antklode-pilkai-melyna\\\/#primaryimage\",\"url\":\"https:\\\/\\\/minubaltic.ee\\\/wp-content\\\/uploads\\\/2024\\\/12\\\/Pehme-velvet-fliistekk-Hallikassinine.jpg\",\"contentUrl\":\"https:\\\/\\\/minubaltic.ee\\\/wp-content\\\/uploads\\\/2024\\\/12\\\/Pehme-velvet-fliistekk-Hallikassinine.jpg\",\"width\":800,\"height\":800,\"caption\":\"Pehme velvet fliistekk Hallikassinine\"},{\"@type\":\"BreadcrumbList\",\"@id\":\"https:\\\/\\\/minubaltic.ee\\\/lt\\\/e-pood\\\/velvet-antklodes\\\/velvet-antklodes-150-200\\\/minksta-aksomine-vilnone-antklode-pilkai-melyna\\\/#breadcrumb\",\"itemListElement\":[{\"@type\":\"ListItem\",\"position\":1,\"name\":\"Home\",\"item\":\"https:\\\/\\\/minubaltic.ee\\\/lt\\\/\"},{\"@type\":\"ListItem\",\"position\":2,\"name\":\"Parduotuv\u0117\",\"item\":\"https:\\\/\\\/minubaltic.ee\\\/lt\\\/parduotuve\\\/\"},{\"@type\":\"ListItem\",\"position\":3,\"name\":\"Mink\u0161ta aksomin\u0117 vilnon\u0117 antklod\u0117 | Pilkai m\u0117lyna\"}]},{\"@type\":\"WebSite\",\"@id\":\"https:\\\/\\\/minubaltic.ee\\\/lt\\\/#website\",\"url\":\"https:\\\/\\\/minubaltic.ee\\\/lt\\\/\",\"name\":\"minubaltic.ee\",\"description\":\"\",\"publisher\":{\"@id\":\"https:\\\/\\\/minubaltic.ee\\\/lt\\\/#organization\"},\"potentialAction\":[{\"@type\":\"SearchAction\",\"target\":{\"@type\":\"EntryPoint\",\"urlTemplate\":\"https:\\\/\\\/minubaltic.ee\\\/lt\\\/?s={search_term_string}\"},\"query-input\":{\"@type\":\"PropertyValueSpecification\",\"valueRequired\":true,\"valueName\":\"search_term_string\"}}],\"inLanguage\":\"lt-LT\"},{\"@type\":\"Organization\",\"@id\":\"https:\\\/\\\/minubaltic.ee\\\/lt\\\/#organization\",\"name\":\"Minu Baltic O\u00dc\",\"url\":\"https:\\\/\\\/minubaltic.ee\\\/lt\\\/\",\"logo\":{\"@type\":\"ImageObject\",\"inLanguage\":\"lt-LT\",\"@id\":\"https:\\\/\\\/minubaltic.ee\\\/lt\\\/#\\\/schema\\\/logo\\\/image\\\/\",\"url\":\"https:\\\/\\\/minubaltic.ee\\\/wp-content\\\/uploads\\\/2023\\\/10\\\/cropped-cropped-cropped-logo.png\",\"contentUrl\":\"https:\\\/\\\/minubaltic.ee\\\/wp-content\\\/uploads\\\/2023\\\/10\\\/cropped-cropped-cropped-logo.png\",\"width\":500,\"height\":237,\"caption\":\"Minu Baltic O\u00dc\"},\"image\":{\"@id\":\"https:\\\/\\\/minubaltic.ee\\\/lt\\\/#\\\/schema\\\/logo\\\/image\\\/\"},\"sameAs\":[\"https:\\\/\\\/www.facebook.com\\\/minubaltic\"]}]}<\/script>\n<!-- \/ Yoast SEO plugin. -->","yoast_head_json":{"title":"Mink\u0161ta aksomin\u0117 vilnon\u0117 antklod\u0117 | Pilkai m\u0117lyna - Minu Baltic","description":"Mink\u0161ta ir prabangi aksomo vilnos antklod\u0117, suteikianti \u0161ilum\u0105 ir komfort\u0105 visais met\u0173 laikais. Puikus papildymas j\u016bs\u0173 miegamajam ar svetainei.","robots":{"index":"index","follow":"follow","max-snippet":"max-snippet:-1","max-image-preview":"max-image-preview:large","max-video-preview":"max-video-preview:-1"},"canonical":"https:\/\/minubaltic.ee\/lt\/e-pood\/velvet-antklodes\/velvet-antklodes-150-200\/minksta-aksomine-vilnone-antklode-pilkai-melyna\/","og_locale":"lt_LT","og_type":"article","og_title":"Mink\u0161ta aksomin\u0117 vilnon\u0117 antklod\u0117 | Pilkai m\u0117lyna - Minu Baltic","og_description":"Mink\u0161ta ir prabangi aksomo vilnos antklod\u0117, suteikianti \u0161ilum\u0105 ir komfort\u0105 visais met\u0173 laikais. Puikus papildymas j\u016bs\u0173 miegamajam ar svetainei.","og_url":"https:\/\/minubaltic.ee\/lt\/e-pood\/velvet-antklodes\/velvet-antklodes-150-200\/minksta-aksomine-vilnone-antklode-pilkai-melyna\/","article_publisher":"https:\/\/www.facebook.com\/minubaltic","article_modified_time":"2024-12-31T16:20:07+00:00","og_image":[{"width":800,"height":800,"url":"https:\/\/minubaltic.ee\/wp-content\/uploads\/2024\/12\/Pehme-velvet-fliistekk-Hallikassinine.jpg","type":"image\/jpeg"}],"twitter_card":"summary_large_image","twitter_misc":{"Est. reading time":"1 minut\u0117"},"schema":{"@context":"https:\/\/schema.org","@graph":[{"@type":"WebPage","@id":"https:\/\/minubaltic.ee\/lt\/e-pood\/velvet-antklodes\/velvet-antklodes-150-200\/minksta-aksomine-vilnone-antklode-pilkai-melyna\/","url":"https:\/\/minubaltic.ee\/lt\/e-pood\/velvet-antklodes\/velvet-antklodes-150-200\/minksta-aksomine-vilnone-antklode-pilkai-melyna\/","name":"Mink\u0161ta aksomin\u0117 vilnon\u0117 antklod\u0117 | Pilkai m\u0117lyna - Minu Baltic","isPartOf":{"@id":"https:\/\/minubaltic.ee\/lt\/#website"},"primaryImageOfPage":{"@id":"https:\/\/minubaltic.ee\/lt\/e-pood\/velvet-antklodes\/velvet-antklodes-150-200\/minksta-aksomine-vilnone-antklode-pilkai-melyna\/#primaryimage"},"image":{"@id":"https:\/\/minubaltic.ee\/lt\/e-pood\/velvet-antklodes\/velvet-antklodes-150-200\/minksta-aksomine-vilnone-antklode-pilkai-melyna\/#primaryimage"},"thumbnailUrl":"https:\/\/minubaltic.ee\/wp-content\/uploads\/2024\/12\/Pehme-velvet-fliistekk-Hallikassinine.jpg","datePublished":"2024-12-31T15:27:04+00:00","dateModified":"2024-12-31T16:20:07+00:00","description":"Mink\u0161ta ir prabangi aksomo vilnos antklod\u0117, suteikianti \u0161ilum\u0105 ir komfort\u0105 visais met\u0173 laikais. Puikus papildymas j\u016bs\u0173 miegamajam ar svetainei.","breadcrumb":{"@id":"https:\/\/minubaltic.ee\/lt\/e-pood\/velvet-antklodes\/velvet-antklodes-150-200\/minksta-aksomine-vilnone-antklode-pilkai-melyna\/#breadcrumb"},"inLanguage":"lt-LT","potentialAction":[{"@type":"ReadAction","target":["https:\/\/minubaltic.ee\/lt\/e-pood\/velvet-antklodes\/velvet-antklodes-150-200\/minksta-aksomine-vilnone-antklode-pilkai-melyna\/"]}]},{"@type":"ImageObject","inLanguage":"lt-LT","@id":"https:\/\/minubaltic.ee\/lt\/e-pood\/velvet-antklodes\/velvet-antklodes-150-200\/minksta-aksomine-vilnone-antklode-pilkai-melyna\/#primaryimage","url":"https:\/\/minubaltic.ee\/wp-content\/uploads\/2024\/12\/Pehme-velvet-fliistekk-Hallikassinine.jpg","contentUrl":"https:\/\/minubaltic.ee\/wp-content\/uploads\/2024\/12\/Pehme-velvet-fliistekk-Hallikassinine.jpg","width":800,"height":800,"caption":"Pehme velvet fliistekk Hallikassinine"},{"@type":"BreadcrumbList","@id":"https:\/\/minubaltic.ee\/lt\/e-pood\/velvet-antklodes\/velvet-antklodes-150-200\/minksta-aksomine-vilnone-antklode-pilkai-melyna\/#breadcrumb","itemListElement":[{"@type":"ListItem","position":1,"name":"Home","item":"https:\/\/minubaltic.ee\/lt\/"},{"@type":"ListItem","position":2,"name":"Parduotuv\u0117","item":"https:\/\/minubaltic.ee\/lt\/parduotuve\/"},{"@type":"ListItem","position":3,"name":"Mink\u0161ta aksomin\u0117 vilnon\u0117 antklod\u0117 | Pilkai m\u0117lyna"}]},{"@type":"WebSite","@id":"https:\/\/minubaltic.ee\/lt\/#website","url":"https:\/\/minubaltic.ee\/lt\/","name":"minubaltic.ee","description":"","publisher":{"@id":"https:\/\/minubaltic.ee\/lt\/#organization"},"potentialAction":[{"@type":"SearchAction","target":{"@type":"EntryPoint","urlTemplate":"https:\/\/minubaltic.ee\/lt\/?s={search_term_string}"},"query-input":{"@type":"PropertyValueSpecification","valueRequired":true,"valueName":"search_term_string"}}],"inLanguage":"lt-LT"},{"@type":"Organization","@id":"https:\/\/minubaltic.ee\/lt\/#organization","name":"Minu Baltic O\u00dc","url":"https:\/\/minubaltic.ee\/lt\/","logo":{"@type":"ImageObject","inLanguage":"lt-LT","@id":"https:\/\/minubaltic.ee\/lt\/#\/schema\/logo\/image\/","url":"https:\/\/minubaltic.ee\/wp-content\/uploads\/2023\/10\/cropped-cropped-cropped-logo.png","contentUrl":"https:\/\/minubaltic.ee\/wp-content\/uploads\/2023\/10\/cropped-cropped-cropped-logo.png","width":500,"height":237,"caption":"Minu Baltic O\u00dc"},"image":{"@id":"https:\/\/minubaltic.ee\/lt\/#\/schema\/logo\/image\/"},"sameAs":["https:\/\/www.facebook.com\/minubaltic"]}]}},"_links":{"self":[{"href":"https:\/\/minubaltic.ee\/lt\/wp-json\/wp\/v2\/product\/41089","targetHints":{"allow":["GET"]}}],"collection":[{"href":"https:\/\/minubaltic.ee\/lt\/wp-json\/wp\/v2\/product"}],"about":[{"href":"https:\/\/minubaltic.ee\/lt\/wp-json\/wp\/v2\/types\/product"}],"replies":[{"embeddable":true,"href":"https:\/\/minubaltic.ee\/lt\/wp-json\/wp\/v2\/comments?post=41089"}],"version-history":[{"count":2,"href":"https:\/\/minubaltic.ee\/lt\/wp-json\/wp\/v2\/product\/41089\/revisions"}],"predecessor-version":[{"id":41408,"href":"https:\/\/minubaltic.ee\/lt\/wp-json\/wp\/v2\/product\/41089\/revisions\/41408"}],"wp:featuredmedia":[{"embeddable":true,"href":"https:\/\/minubaltic.ee\/lt\/wp-json\/wp\/v2\/media\/41101"}],"wp:attachment":[{"href":"https:\/\/minubaltic.ee\/lt\/wp-json\/wp\/v2\/media?parent=41089"}],"wp:term":[{"taxonomy":"product_brand","embeddable":true,"href":"https:\/\/minubaltic.ee\/lt\/wp-json\/wp\/v2\/product_brand?post=41089"},{"taxonomy":"product_cat","embeddable":true,"href":"https:\/\/minubaltic.ee\/lt\/wp-json\/wp\/v2\/product_cat?post=41089"},{"taxonomy":"product_tag","embeddable":true,"href":"https:\/\/minubaltic.ee\/lt\/wp-json\/wp\/v2\/product_tag?post=41089"}],"curies":[{"name":"wp","href":"https:\/\/api.w.org\/{rel}","templated":true}]}}