{"id":40233,"date":"2024-12-09T23:28:15","date_gmt":"2024-12-09T20:28:15","guid":{"rendered":"https:\/\/minubaltic.ee\/?post_type=product&#038;p=40233"},"modified":"2024-12-10T01:23:34","modified_gmt":"2024-12-09T22:23:34","slug":"bambuko-pagalves-uzvalkalas-sachara","status":"publish","type":"product","link":"https:\/\/minubaltic.ee\/lt\/e-pood\/bambuko-patalynes-komplektai\/bambuko-pagalves-uzvalkalas-sachara\/","title":{"rendered":"Bambuko pagalv\u0117s u\u017evalkalas &#8211; Sachara"},"content":{"rendered":"<p>Bambuko pagalv\u0117s u\u017evalkalas yra puikus pasirinkimas ie\u0161kantiems odai draugi\u0161ko ir kokybi\u0161ko miego aksesuaro. Pagaminta i\u0161 nat\u016bralaus ir aplinkai nekenksmingo bambuko pluo\u0161to, \u0161is pagalv\u0117s u\u017evalkalas yra mink\u0161tas, \u0161ilkinis ir \u0161velnus tiek veido odai, tiek plaukams.<\/p>\n<p>Bambuko pagalv\u0117s u\u017evalkalo med\u017eiaga yra pralaidi orui ir reguliuoja temperat\u016br\u0105, suteikdama v\u0117s\u0105 ir sulaikydama \u0161ilum\u0105 \u0161altesniu oru. Antibakterin\u0117s ir hipoalergin\u0117s savyb\u0117s u\u017etikrina, kad pagalv\u0117s u\u017evalkalas ilgiau i\u0161liks \u0161vie\u017eias ir \u0161varus, suteikdamas patogi\u0105 ir sveik\u0105 miego aplink\u0105.<\/p>\n","protected":false},"excerpt":{"rendered":"<p>Ekologi\u0161kas 100% bambuko pagalv\u0117s u\u017evalkalas yra mink\u0161tas, kv\u0117puojantis ir draugi\u0161kas odai, suteikia nat\u016bral\u0173 komfort\u0105 ir r\u016bpinasi j\u016bs\u0173 oda kiekvien\u0105 vakar\u0105.<\/p>\n<ul>\n<li>Spalva: Sachara<\/li>\n<li>Med\u017eiaga: 100% bambukas<\/li>\n<li>Si\u016blas: 300TC<\/li>\n<\/ul>\n<p><img loading=\"lazy\" decoding=\"async\" class=\" wd-lazy-fade alignnone wp-image-21480\" src=\"https:\/\/minubaltic.ee\/wp-content\/themes\/woodmart\/images\/lazy.svg\" data-src=\"https:\/\/minubaltic.ee\/wp-content\/uploads\/2024\/03\/image-removebg-preview-70-400x264.png\" alt=\"\" width=\"156\" height=\"103\" srcset=\"\" data-srcset=\"https:\/\/minubaltic.ee\/wp-content\/uploads\/2024\/03\/image-removebg-preview-70-400x264.png 400w, https:\/\/minubaltic.ee\/wp-content\/uploads\/2024\/03\/image-removebg-preview-70-430x284.png 430w, https:\/\/minubaltic.ee\/wp-content\/uploads\/2024\/03\/image-removebg-preview-70-150x99.png 150w, https:\/\/minubaltic.ee\/wp-content\/uploads\/2024\/03\/image-removebg-preview-70.png 615w\" sizes=\"auto, (max-width: 156px) 100vw, 156px\" \/><img loading=\"lazy\" decoding=\"async\" class=\" wd-lazy-fade alignnone wp-image-17257\" src=\"https:\/\/minubaltic.ee\/wp-content\/themes\/woodmart\/images\/lazy.svg\" data-src=\"https:\/\/minubaltic.ee\/wp-content\/uploads\/2024\/02\/organic100bamboo.png\" alt=\"\" width=\"70\" height=\"99\" \/><\/p>\n","protected":false},"featured_media":40242,"comment_status":"open","ping_status":"closed","template":"","meta":[],"product_brand":[],"product_cat":[913,530,768,553],"product_tag":[556,558,564],"class_list":{"0":"post-40233","1":"product","2":"type-product","3":"status-publish","4":"has-post-thumbnail","6":"product_cat-bambuko-pagalviu-uzvalkalai","7":"product_cat-bambuko-patalynes-komplektai","8":"product_cat-ekologiska-patalyne","9":"product_cat-patalynes-komplektai","10":"product_tag-bambuko-patalyne","11":"product_tag-e-parduotuve","12":"product_tag-tekstile","14":"first","15":"instock","16":"shipping-taxable","17":"purchasable","18":"product-type-variable"},"yoast_head":"<!-- This site is optimized with the Yoast SEO plugin v27.3 - https:\/\/yoast.com\/product\/yoast-seo-wordpress\/ -->\n<title>Bambuko pagalv\u0117s u\u017evalkalas - Sachara - Minu Baltic<\/title>\n<meta name=\"description\" content=\"Pagalv\u0117s u\u017evalkalas 100% bambukas yra mink\u0161tas ir hipoalergi\u0161kas, tod\u0117l miegas yra patogus ir nekenksmingas odai. Jo kv\u0117puojanti med\u017eiaga reguliuoja ...\" \/>\n<meta name=\"robots\" content=\"index, follow, max-snippet:-1, max-image-preview:large, max-video-preview:-1\" \/>\n<link rel=\"canonical\" href=\"https:\/\/minubaltic.ee\/lt\/e-pood\/bambuko-patalynes-komplektai\/bambuko-pagalves-uzvalkalas-sachara\/\" \/>\n<meta property=\"og:locale\" content=\"lt_LT\" \/>\n<meta property=\"og:type\" content=\"article\" \/>\n<meta property=\"og:title\" content=\"Bambuko pagalv\u0117s u\u017evalkalas - Sachara - Minu Baltic\" \/>\n<meta property=\"og:description\" content=\"Pagalv\u0117s u\u017evalkalas 100% bambukas yra mink\u0161tas ir hipoalergi\u0161kas, tod\u0117l miegas yra patogus ir nekenksmingas odai. Jo kv\u0117puojanti med\u017eiaga reguliuoja ...\" \/>\n<meta property=\"og:url\" content=\"https:\/\/minubaltic.ee\/lt\/e-pood\/bambuko-patalynes-komplektai\/bambuko-pagalves-uzvalkalas-sachara\/\" \/>\n<meta property=\"article:publisher\" content=\"https:\/\/www.facebook.com\/minubaltic\" \/>\n<meta property=\"article:modified_time\" content=\"2024-12-09T22:23:34+00:00\" \/>\n<meta property=\"og:image\" content=\"https:\/\/minubaltic.ee\/wp-content\/uploads\/2024\/12\/Bambusest-padjapuur.jpg\" \/>\n\t<meta property=\"og:image:width\" content=\"800\" \/>\n\t<meta property=\"og:image:height\" content=\"800\" \/>\n\t<meta property=\"og:image:type\" content=\"image\/jpeg\" \/>\n<meta name=\"twitter:card\" content=\"summary_large_image\" \/>\n<meta name=\"twitter:label1\" content=\"Est. reading time\" \/>\n\t<meta name=\"twitter:data1\" content=\"1 minut\u0117\" \/>\n<script type=\"application\/ld+json\" class=\"yoast-schema-graph\">{\"@context\":\"https:\\\/\\\/schema.org\",\"@graph\":[{\"@type\":\"WebPage\",\"@id\":\"https:\\\/\\\/minubaltic.ee\\\/lt\\\/e-pood\\\/bambuko-patalynes-komplektai\\\/bambuko-pagalves-uzvalkalas-sachara\\\/\",\"url\":\"https:\\\/\\\/minubaltic.ee\\\/lt\\\/e-pood\\\/bambuko-patalynes-komplektai\\\/bambuko-pagalves-uzvalkalas-sachara\\\/\",\"name\":\"Bambuko pagalv\u0117s u\u017evalkalas - Sachara - Minu Baltic\",\"isPartOf\":{\"@id\":\"https:\\\/\\\/minubaltic.ee\\\/lt\\\/#website\"},\"primaryImageOfPage\":{\"@id\":\"https:\\\/\\\/minubaltic.ee\\\/lt\\\/e-pood\\\/bambuko-patalynes-komplektai\\\/bambuko-pagalves-uzvalkalas-sachara\\\/#primaryimage\"},\"image\":{\"@id\":\"https:\\\/\\\/minubaltic.ee\\\/lt\\\/e-pood\\\/bambuko-patalynes-komplektai\\\/bambuko-pagalves-uzvalkalas-sachara\\\/#primaryimage\"},\"thumbnailUrl\":\"https:\\\/\\\/minubaltic.ee\\\/wp-content\\\/uploads\\\/2024\\\/12\\\/Bambusest-padjapuur.jpg\",\"datePublished\":\"2024-12-09T20:28:15+00:00\",\"dateModified\":\"2024-12-09T22:23:34+00:00\",\"description\":\"Pagalv\u0117s u\u017evalkalas 100% bambukas yra mink\u0161tas ir hipoalergi\u0161kas, tod\u0117l miegas yra patogus ir nekenksmingas odai. Jo kv\u0117puojanti med\u017eiaga reguliuoja ...\",\"breadcrumb\":{\"@id\":\"https:\\\/\\\/minubaltic.ee\\\/lt\\\/e-pood\\\/bambuko-patalynes-komplektai\\\/bambuko-pagalves-uzvalkalas-sachara\\\/#breadcrumb\"},\"inLanguage\":\"lt-LT\",\"potentialAction\":[{\"@type\":\"ReadAction\",\"target\":[\"https:\\\/\\\/minubaltic.ee\\\/lt\\\/e-pood\\\/bambuko-patalynes-komplektai\\\/bambuko-pagalves-uzvalkalas-sachara\\\/\"]}]},{\"@type\":\"ImageObject\",\"inLanguage\":\"lt-LT\",\"@id\":\"https:\\\/\\\/minubaltic.ee\\\/lt\\\/e-pood\\\/bambuko-patalynes-komplektai\\\/bambuko-pagalves-uzvalkalas-sachara\\\/#primaryimage\",\"url\":\"https:\\\/\\\/minubaltic.ee\\\/wp-content\\\/uploads\\\/2024\\\/12\\\/Bambusest-padjapuur.jpg\",\"contentUrl\":\"https:\\\/\\\/minubaltic.ee\\\/wp-content\\\/uploads\\\/2024\\\/12\\\/Bambusest-padjapuur.jpg\",\"width\":800,\"height\":800,\"caption\":\"Bambusest padjap\u00fc\u00fcr\"},{\"@type\":\"BreadcrumbList\",\"@id\":\"https:\\\/\\\/minubaltic.ee\\\/lt\\\/e-pood\\\/bambuko-patalynes-komplektai\\\/bambuko-pagalves-uzvalkalas-sachara\\\/#breadcrumb\",\"itemListElement\":[{\"@type\":\"ListItem\",\"position\":1,\"name\":\"Home\",\"item\":\"https:\\\/\\\/minubaltic.ee\\\/lt\\\/\"},{\"@type\":\"ListItem\",\"position\":2,\"name\":\"Parduotuv\u0117\",\"item\":\"https:\\\/\\\/minubaltic.ee\\\/lt\\\/parduotuve\\\/\"},{\"@type\":\"ListItem\",\"position\":3,\"name\":\"Bambuko pagalv\u0117s u\u017evalkalas &#8211; Sachara\"}]},{\"@type\":\"WebSite\",\"@id\":\"https:\\\/\\\/minubaltic.ee\\\/lt\\\/#website\",\"url\":\"https:\\\/\\\/minubaltic.ee\\\/lt\\\/\",\"name\":\"minubaltic.ee\",\"description\":\"\",\"publisher\":{\"@id\":\"https:\\\/\\\/minubaltic.ee\\\/lt\\\/#organization\"},\"potentialAction\":[{\"@type\":\"SearchAction\",\"target\":{\"@type\":\"EntryPoint\",\"urlTemplate\":\"https:\\\/\\\/minubaltic.ee\\\/lt\\\/?s={search_term_string}\"},\"query-input\":{\"@type\":\"PropertyValueSpecification\",\"valueRequired\":true,\"valueName\":\"search_term_string\"}}],\"inLanguage\":\"lt-LT\"},{\"@type\":\"Organization\",\"@id\":\"https:\\\/\\\/minubaltic.ee\\\/lt\\\/#organization\",\"name\":\"Minu Baltic O\u00dc\",\"url\":\"https:\\\/\\\/minubaltic.ee\\\/lt\\\/\",\"logo\":{\"@type\":\"ImageObject\",\"inLanguage\":\"lt-LT\",\"@id\":\"https:\\\/\\\/minubaltic.ee\\\/lt\\\/#\\\/schema\\\/logo\\\/image\\\/\",\"url\":\"https:\\\/\\\/minubaltic.ee\\\/wp-content\\\/uploads\\\/2023\\\/10\\\/cropped-cropped-cropped-logo.png\",\"contentUrl\":\"https:\\\/\\\/minubaltic.ee\\\/wp-content\\\/uploads\\\/2023\\\/10\\\/cropped-cropped-cropped-logo.png\",\"width\":500,\"height\":237,\"caption\":\"Minu Baltic O\u00dc\"},\"image\":{\"@id\":\"https:\\\/\\\/minubaltic.ee\\\/lt\\\/#\\\/schema\\\/logo\\\/image\\\/\"},\"sameAs\":[\"https:\\\/\\\/www.facebook.com\\\/minubaltic\"]}]}<\/script>\n<!-- \/ Yoast SEO plugin. -->","yoast_head_json":{"title":"Bambuko pagalv\u0117s u\u017evalkalas - Sachara - Minu Baltic","description":"Pagalv\u0117s u\u017evalkalas 100% bambukas yra mink\u0161tas ir hipoalergi\u0161kas, tod\u0117l miegas yra patogus ir nekenksmingas odai. Jo kv\u0117puojanti med\u017eiaga reguliuoja ...","robots":{"index":"index","follow":"follow","max-snippet":"max-snippet:-1","max-image-preview":"max-image-preview:large","max-video-preview":"max-video-preview:-1"},"canonical":"https:\/\/minubaltic.ee\/lt\/e-pood\/bambuko-patalynes-komplektai\/bambuko-pagalves-uzvalkalas-sachara\/","og_locale":"lt_LT","og_type":"article","og_title":"Bambuko pagalv\u0117s u\u017evalkalas - Sachara - Minu Baltic","og_description":"Pagalv\u0117s u\u017evalkalas 100% bambukas yra mink\u0161tas ir hipoalergi\u0161kas, tod\u0117l miegas yra patogus ir nekenksmingas odai. Jo kv\u0117puojanti med\u017eiaga reguliuoja ...","og_url":"https:\/\/minubaltic.ee\/lt\/e-pood\/bambuko-patalynes-komplektai\/bambuko-pagalves-uzvalkalas-sachara\/","article_publisher":"https:\/\/www.facebook.com\/minubaltic","article_modified_time":"2024-12-09T22:23:34+00:00","og_image":[{"width":800,"height":800,"url":"https:\/\/minubaltic.ee\/wp-content\/uploads\/2024\/12\/Bambusest-padjapuur.jpg","type":"image\/jpeg"}],"twitter_card":"summary_large_image","twitter_misc":{"Est. reading time":"1 minut\u0117"},"schema":{"@context":"https:\/\/schema.org","@graph":[{"@type":"WebPage","@id":"https:\/\/minubaltic.ee\/lt\/e-pood\/bambuko-patalynes-komplektai\/bambuko-pagalves-uzvalkalas-sachara\/","url":"https:\/\/minubaltic.ee\/lt\/e-pood\/bambuko-patalynes-komplektai\/bambuko-pagalves-uzvalkalas-sachara\/","name":"Bambuko pagalv\u0117s u\u017evalkalas - Sachara - Minu Baltic","isPartOf":{"@id":"https:\/\/minubaltic.ee\/lt\/#website"},"primaryImageOfPage":{"@id":"https:\/\/minubaltic.ee\/lt\/e-pood\/bambuko-patalynes-komplektai\/bambuko-pagalves-uzvalkalas-sachara\/#primaryimage"},"image":{"@id":"https:\/\/minubaltic.ee\/lt\/e-pood\/bambuko-patalynes-komplektai\/bambuko-pagalves-uzvalkalas-sachara\/#primaryimage"},"thumbnailUrl":"https:\/\/minubaltic.ee\/wp-content\/uploads\/2024\/12\/Bambusest-padjapuur.jpg","datePublished":"2024-12-09T20:28:15+00:00","dateModified":"2024-12-09T22:23:34+00:00","description":"Pagalv\u0117s u\u017evalkalas 100% bambukas yra mink\u0161tas ir hipoalergi\u0161kas, tod\u0117l miegas yra patogus ir nekenksmingas odai. Jo kv\u0117puojanti med\u017eiaga reguliuoja ...","breadcrumb":{"@id":"https:\/\/minubaltic.ee\/lt\/e-pood\/bambuko-patalynes-komplektai\/bambuko-pagalves-uzvalkalas-sachara\/#breadcrumb"},"inLanguage":"lt-LT","potentialAction":[{"@type":"ReadAction","target":["https:\/\/minubaltic.ee\/lt\/e-pood\/bambuko-patalynes-komplektai\/bambuko-pagalves-uzvalkalas-sachara\/"]}]},{"@type":"ImageObject","inLanguage":"lt-LT","@id":"https:\/\/minubaltic.ee\/lt\/e-pood\/bambuko-patalynes-komplektai\/bambuko-pagalves-uzvalkalas-sachara\/#primaryimage","url":"https:\/\/minubaltic.ee\/wp-content\/uploads\/2024\/12\/Bambusest-padjapuur.jpg","contentUrl":"https:\/\/minubaltic.ee\/wp-content\/uploads\/2024\/12\/Bambusest-padjapuur.jpg","width":800,"height":800,"caption":"Bambusest padjap\u00fc\u00fcr"},{"@type":"BreadcrumbList","@id":"https:\/\/minubaltic.ee\/lt\/e-pood\/bambuko-patalynes-komplektai\/bambuko-pagalves-uzvalkalas-sachara\/#breadcrumb","itemListElement":[{"@type":"ListItem","position":1,"name":"Home","item":"https:\/\/minubaltic.ee\/lt\/"},{"@type":"ListItem","position":2,"name":"Parduotuv\u0117","item":"https:\/\/minubaltic.ee\/lt\/parduotuve\/"},{"@type":"ListItem","position":3,"name":"Bambuko pagalv\u0117s u\u017evalkalas &#8211; Sachara"}]},{"@type":"WebSite","@id":"https:\/\/minubaltic.ee\/lt\/#website","url":"https:\/\/minubaltic.ee\/lt\/","name":"minubaltic.ee","description":"","publisher":{"@id":"https:\/\/minubaltic.ee\/lt\/#organization"},"potentialAction":[{"@type":"SearchAction","target":{"@type":"EntryPoint","urlTemplate":"https:\/\/minubaltic.ee\/lt\/?s={search_term_string}"},"query-input":{"@type":"PropertyValueSpecification","valueRequired":true,"valueName":"search_term_string"}}],"inLanguage":"lt-LT"},{"@type":"Organization","@id":"https:\/\/minubaltic.ee\/lt\/#organization","name":"Minu Baltic O\u00dc","url":"https:\/\/minubaltic.ee\/lt\/","logo":{"@type":"ImageObject","inLanguage":"lt-LT","@id":"https:\/\/minubaltic.ee\/lt\/#\/schema\/logo\/image\/","url":"https:\/\/minubaltic.ee\/wp-content\/uploads\/2023\/10\/cropped-cropped-cropped-logo.png","contentUrl":"https:\/\/minubaltic.ee\/wp-content\/uploads\/2023\/10\/cropped-cropped-cropped-logo.png","width":500,"height":237,"caption":"Minu Baltic O\u00dc"},"image":{"@id":"https:\/\/minubaltic.ee\/lt\/#\/schema\/logo\/image\/"},"sameAs":["https:\/\/www.facebook.com\/minubaltic"]}]}},"_links":{"self":[{"href":"https:\/\/minubaltic.ee\/lt\/wp-json\/wp\/v2\/product\/40233","targetHints":{"allow":["GET"]}}],"collection":[{"href":"https:\/\/minubaltic.ee\/lt\/wp-json\/wp\/v2\/product"}],"about":[{"href":"https:\/\/minubaltic.ee\/lt\/wp-json\/wp\/v2\/types\/product"}],"replies":[{"embeddable":true,"href":"https:\/\/minubaltic.ee\/lt\/wp-json\/wp\/v2\/comments?post=40233"}],"version-history":[{"count":2,"href":"https:\/\/minubaltic.ee\/lt\/wp-json\/wp\/v2\/product\/40233\/revisions"}],"predecessor-version":[{"id":40873,"href":"https:\/\/minubaltic.ee\/lt\/wp-json\/wp\/v2\/product\/40233\/revisions\/40873"}],"wp:featuredmedia":[{"embeddable":true,"href":"https:\/\/minubaltic.ee\/lt\/wp-json\/wp\/v2\/media\/40242"}],"wp:attachment":[{"href":"https:\/\/minubaltic.ee\/lt\/wp-json\/wp\/v2\/media?parent=40233"}],"wp:term":[{"taxonomy":"product_brand","embeddable":true,"href":"https:\/\/minubaltic.ee\/lt\/wp-json\/wp\/v2\/product_brand?post=40233"},{"taxonomy":"product_cat","embeddable":true,"href":"https:\/\/minubaltic.ee\/lt\/wp-json\/wp\/v2\/product_cat?post=40233"},{"taxonomy":"product_tag","embeddable":true,"href":"https:\/\/minubaltic.ee\/lt\/wp-json\/wp\/v2\/product_tag?post=40233"}],"curies":[{"name":"wp","href":"https:\/\/api.w.org\/{rel}","templated":true}]}}