{"id":39979,"date":"2024-12-08T04:48:18","date_gmt":"2024-12-08T01:48:18","guid":{"rendered":"https:\/\/minubaltic.ee\/?post_type=product&#038;p=39979"},"modified":"2024-12-08T05:52:30","modified_gmt":"2024-12-08T02:52:30","slug":"bambuko-paklode-vandenynas","status":"publish","type":"product","link":"https:\/\/minubaltic.ee\/lt\/e-pood\/bambuko-patalynes-komplektai\/bambuko-paklode-vandenynas\/","title":{"rendered":"Bambuko paklod\u0117 &#8211; Vandenynas"},"content":{"rendered":"<p>Bambuko paklod\u0117 vertinama d\u0117l nat\u016brali\u0173 savybi\u0173 ir puikaus komforto. Jis pagamintas i\u0161 greitai atsinaujinan\u010dios ir aplinkai nekenksmingos med\u017eiagos, kuriai augti nereikia naudoti pesticid\u0173 ar per daug vandens. Bambuko pluo\u0161tai yra nat\u016braliai mink\u0161ti, \u0161ilkin\u0117s tekst\u016bros ir puikiai tinka jautrios odos \u017emon\u0117ms, yra hipoalergi\u0161ki ir antibakteriniai.<\/p>\n<p>Be to, bambukin\u0117 paklod\u0117 yra \u017einoma d\u0117l puikios laidumo orui, kuri padeda k\u016bnui palaikyti optimali\u0105 temperat\u016br\u0105 miegant. Jis pa\u0161alina dr\u0117gm\u0119, tod\u0117l skalbiniai i\u0161lieka \u0161vie\u017ei net \u0161iltomis naktimis. D\u0117l savo patvarumo ir prabangios i\u0161vaizdos bambukin\u0117 patalyn\u0117 yra idealus pasirinkimas, kuriame dera prakti\u0161kumas ir eleganti\u0161kas dizainas.<\/p>\n","protected":false},"excerpt":{"rendered":"<p>100% bambuko ekologi\u0161ka paklod\u0117 yra nuostabiai mink\u0161ta, pralaidi orui ir nekenksminga aplinkai, tod\u0117l kiekvien\u0105 vakar\u0105 u\u017etikrina puik\u0173 komfort\u0105.<\/p>\n<ul>\n<li>Spalva: Vandenynas<\/li>\n<li>Med\u017eiaga: 100% bambukas<\/li>\n<li>Si\u016blas: 300TC<\/li>\n<\/ul>\n<p><img loading=\"lazy\" decoding=\"async\" class=\" wd-lazy-fade alignnone wp-image-21480\" src=\"https:\/\/minubaltic.ee\/wp-content\/themes\/woodmart\/images\/lazy.svg\" data-src=\"https:\/\/minubaltic.ee\/wp-content\/uploads\/2024\/03\/image-removebg-preview-70-400x264.png\" alt=\"\" width=\"156\" height=\"103\" srcset=\"\" data-srcset=\"https:\/\/minubaltic.ee\/wp-content\/uploads\/2024\/03\/image-removebg-preview-70-400x264.png 400w, https:\/\/minubaltic.ee\/wp-content\/uploads\/2024\/03\/image-removebg-preview-70-430x284.png 430w, https:\/\/minubaltic.ee\/wp-content\/uploads\/2024\/03\/image-removebg-preview-70-150x99.png 150w, https:\/\/minubaltic.ee\/wp-content\/uploads\/2024\/03\/image-removebg-preview-70.png 615w\" sizes=\"auto, (max-width: 156px) 100vw, 156px\" \/><img loading=\"lazy\" decoding=\"async\" class=\" wd-lazy-fade alignnone wp-image-17257\" src=\"https:\/\/minubaltic.ee\/wp-content\/themes\/woodmart\/images\/lazy.svg\" data-src=\"https:\/\/minubaltic.ee\/wp-content\/uploads\/2024\/02\/organic100bamboo.png\" alt=\"\" width=\"70\" height=\"99\" \/><\/p>\n","protected":false},"featured_media":39985,"comment_status":"open","ping_status":"closed","template":"","meta":[],"product_brand":[],"product_cat":[919,530,768,553],"product_tag":[557,556,558,564],"class_list":{"0":"post-39979","1":"product","2":"type-product","3":"status-publish","4":"has-post-thumbnail","6":"product_cat-bambuko-paklodes","7":"product_cat-bambuko-patalynes-komplektai","8":"product_cat-ekologiska-patalyne","9":"product_cat-patalynes-komplektai","10":"product_tag-apsipirkti-el","11":"product_tag-bambuko-patalyne","12":"product_tag-e-parduotuve","13":"product_tag-tekstile","15":"first","16":"outofstock","17":"shipping-taxable","18":"purchasable","19":"product-type-variable"},"yoast_head":"<!-- This site is optimized with the Yoast SEO plugin v27.4 - https:\/\/yoast.com\/product\/yoast-seo-wordpress\/ -->\n<title>Bambuko paklod\u0117 - Vandenynas - Minu Baltic<\/title>\n<meta name=\"description\" content=\"Bambuko paklod\u0117 yra pralaidi orui, sugeria dr\u0117gm\u0119 ir reguliuoja temperat\u016br\u0105. \u0160i med\u017eiaga yra mink\u0161ta, hipoalergi\u0161ka ir idealiai tinka sveikam miegui.\" \/>\n<meta name=\"robots\" content=\"index, follow, max-snippet:-1, max-image-preview:large, max-video-preview:-1\" \/>\n<link rel=\"canonical\" href=\"https:\/\/minubaltic.ee\/lt\/e-pood\/bambuko-patalynes-komplektai\/bambuko-paklode-vandenynas\/\" \/>\n<meta property=\"og:locale\" content=\"lt_LT\" \/>\n<meta property=\"og:type\" content=\"article\" \/>\n<meta property=\"og:title\" content=\"Bambuko paklod\u0117 - Vandenynas - Minu Baltic\" \/>\n<meta property=\"og:description\" content=\"Bambuko paklod\u0117 yra pralaidi orui, sugeria dr\u0117gm\u0119 ir reguliuoja temperat\u016br\u0105. \u0160i med\u017eiaga yra mink\u0161ta, hipoalergi\u0161ka ir idealiai tinka sveikam miegui.\" \/>\n<meta property=\"og:url\" content=\"https:\/\/minubaltic.ee\/lt\/e-pood\/bambuko-patalynes-komplektai\/bambuko-paklode-vandenynas\/\" \/>\n<meta property=\"article:publisher\" content=\"https:\/\/www.facebook.com\/minubaltic\" \/>\n<meta property=\"article:modified_time\" content=\"2024-12-08T02:52:30+00:00\" \/>\n<meta property=\"og:image\" content=\"https:\/\/minubaltic.ee\/wp-content\/uploads\/2024\/12\/Bambusest-voodilina-1-6.jpg\" \/>\n\t<meta property=\"og:image:width\" content=\"800\" \/>\n\t<meta property=\"og:image:height\" content=\"800\" \/>\n\t<meta property=\"og:image:type\" content=\"image\/jpeg\" \/>\n<meta name=\"twitter:card\" content=\"summary_large_image\" \/>\n<meta name=\"twitter:label1\" content=\"Est. reading time\" \/>\n\t<meta name=\"twitter:data1\" content=\"1 minut\u0117\" \/>\n<script type=\"application\/ld+json\" class=\"yoast-schema-graph\">{\"@context\":\"https:\\\/\\\/schema.org\",\"@graph\":[{\"@type\":\"WebPage\",\"@id\":\"https:\\\/\\\/minubaltic.ee\\\/lt\\\/e-pood\\\/bambuko-patalynes-komplektai\\\/bambuko-paklode-vandenynas\\\/\",\"url\":\"https:\\\/\\\/minubaltic.ee\\\/lt\\\/e-pood\\\/bambuko-patalynes-komplektai\\\/bambuko-paklode-vandenynas\\\/\",\"name\":\"Bambuko paklod\u0117 - Vandenynas - Minu Baltic\",\"isPartOf\":{\"@id\":\"https:\\\/\\\/minubaltic.ee\\\/lt\\\/#website\"},\"primaryImageOfPage\":{\"@id\":\"https:\\\/\\\/minubaltic.ee\\\/lt\\\/e-pood\\\/bambuko-patalynes-komplektai\\\/bambuko-paklode-vandenynas\\\/#primaryimage\"},\"image\":{\"@id\":\"https:\\\/\\\/minubaltic.ee\\\/lt\\\/e-pood\\\/bambuko-patalynes-komplektai\\\/bambuko-paklode-vandenynas\\\/#primaryimage\"},\"thumbnailUrl\":\"https:\\\/\\\/minubaltic.ee\\\/wp-content\\\/uploads\\\/2024\\\/12\\\/Bambusest-voodilina-1-6.jpg\",\"datePublished\":\"2024-12-08T01:48:18+00:00\",\"dateModified\":\"2024-12-08T02:52:30+00:00\",\"description\":\"Bambuko paklod\u0117 yra pralaidi orui, sugeria dr\u0117gm\u0119 ir reguliuoja temperat\u016br\u0105. \u0160i med\u017eiaga yra mink\u0161ta, hipoalergi\u0161ka ir idealiai tinka sveikam miegui.\",\"breadcrumb\":{\"@id\":\"https:\\\/\\\/minubaltic.ee\\\/lt\\\/e-pood\\\/bambuko-patalynes-komplektai\\\/bambuko-paklode-vandenynas\\\/#breadcrumb\"},\"inLanguage\":\"lt-LT\",\"potentialAction\":[{\"@type\":\"ReadAction\",\"target\":[\"https:\\\/\\\/minubaltic.ee\\\/lt\\\/e-pood\\\/bambuko-patalynes-komplektai\\\/bambuko-paklode-vandenynas\\\/\"]}]},{\"@type\":\"ImageObject\",\"inLanguage\":\"lt-LT\",\"@id\":\"https:\\\/\\\/minubaltic.ee\\\/lt\\\/e-pood\\\/bambuko-patalynes-komplektai\\\/bambuko-paklode-vandenynas\\\/#primaryimage\",\"url\":\"https:\\\/\\\/minubaltic.ee\\\/wp-content\\\/uploads\\\/2024\\\/12\\\/Bambusest-voodilina-1-6.jpg\",\"contentUrl\":\"https:\\\/\\\/minubaltic.ee\\\/wp-content\\\/uploads\\\/2024\\\/12\\\/Bambusest-voodilina-1-6.jpg\",\"width\":800,\"height\":800,\"caption\":\"Bambusest voodilina\"},{\"@type\":\"BreadcrumbList\",\"@id\":\"https:\\\/\\\/minubaltic.ee\\\/lt\\\/e-pood\\\/bambuko-patalynes-komplektai\\\/bambuko-paklode-vandenynas\\\/#breadcrumb\",\"itemListElement\":[{\"@type\":\"ListItem\",\"position\":1,\"name\":\"Home\",\"item\":\"https:\\\/\\\/minubaltic.ee\\\/lt\\\/\"},{\"@type\":\"ListItem\",\"position\":2,\"name\":\"Parduotuv\u0117\",\"item\":\"https:\\\/\\\/minubaltic.ee\\\/lt\\\/parduotuve\\\/\"},{\"@type\":\"ListItem\",\"position\":3,\"name\":\"Bambuko paklod\u0117 &#8211; Vandenynas\"}]},{\"@type\":\"WebSite\",\"@id\":\"https:\\\/\\\/minubaltic.ee\\\/lt\\\/#website\",\"url\":\"https:\\\/\\\/minubaltic.ee\\\/lt\\\/\",\"name\":\"minubaltic.ee\",\"description\":\"\",\"publisher\":{\"@id\":\"https:\\\/\\\/minubaltic.ee\\\/lt\\\/#organization\"},\"potentialAction\":[{\"@type\":\"SearchAction\",\"target\":{\"@type\":\"EntryPoint\",\"urlTemplate\":\"https:\\\/\\\/minubaltic.ee\\\/lt\\\/?s={search_term_string}\"},\"query-input\":{\"@type\":\"PropertyValueSpecification\",\"valueRequired\":true,\"valueName\":\"search_term_string\"}}],\"inLanguage\":\"lt-LT\"},{\"@type\":\"Organization\",\"@id\":\"https:\\\/\\\/minubaltic.ee\\\/lt\\\/#organization\",\"name\":\"Minu Baltic O\u00dc\",\"url\":\"https:\\\/\\\/minubaltic.ee\\\/lt\\\/\",\"logo\":{\"@type\":\"ImageObject\",\"inLanguage\":\"lt-LT\",\"@id\":\"https:\\\/\\\/minubaltic.ee\\\/lt\\\/#\\\/schema\\\/logo\\\/image\\\/\",\"url\":\"https:\\\/\\\/minubaltic.ee\\\/wp-content\\\/uploads\\\/2023\\\/10\\\/cropped-cropped-cropped-logo.png\",\"contentUrl\":\"https:\\\/\\\/minubaltic.ee\\\/wp-content\\\/uploads\\\/2023\\\/10\\\/cropped-cropped-cropped-logo.png\",\"width\":500,\"height\":237,\"caption\":\"Minu Baltic O\u00dc\"},\"image\":{\"@id\":\"https:\\\/\\\/minubaltic.ee\\\/lt\\\/#\\\/schema\\\/logo\\\/image\\\/\"},\"sameAs\":[\"https:\\\/\\\/www.facebook.com\\\/minubaltic\"]}]}<\/script>\n<!-- \/ Yoast SEO plugin. -->","yoast_head_json":{"title":"Bambuko paklod\u0117 - Vandenynas - Minu Baltic","description":"Bambuko paklod\u0117 yra pralaidi orui, sugeria dr\u0117gm\u0119 ir reguliuoja temperat\u016br\u0105. \u0160i med\u017eiaga yra mink\u0161ta, hipoalergi\u0161ka ir idealiai tinka sveikam miegui.","robots":{"index":"index","follow":"follow","max-snippet":"max-snippet:-1","max-image-preview":"max-image-preview:large","max-video-preview":"max-video-preview:-1"},"canonical":"https:\/\/minubaltic.ee\/lt\/e-pood\/bambuko-patalynes-komplektai\/bambuko-paklode-vandenynas\/","og_locale":"lt_LT","og_type":"article","og_title":"Bambuko paklod\u0117 - Vandenynas - Minu Baltic","og_description":"Bambuko paklod\u0117 yra pralaidi orui, sugeria dr\u0117gm\u0119 ir reguliuoja temperat\u016br\u0105. \u0160i med\u017eiaga yra mink\u0161ta, hipoalergi\u0161ka ir idealiai tinka sveikam miegui.","og_url":"https:\/\/minubaltic.ee\/lt\/e-pood\/bambuko-patalynes-komplektai\/bambuko-paklode-vandenynas\/","article_publisher":"https:\/\/www.facebook.com\/minubaltic","article_modified_time":"2024-12-08T02:52:30+00:00","og_image":[{"width":800,"height":800,"url":"https:\/\/minubaltic.ee\/wp-content\/uploads\/2024\/12\/Bambusest-voodilina-1-6.jpg","type":"image\/jpeg"}],"twitter_card":"summary_large_image","twitter_misc":{"Est. reading time":"1 minut\u0117"},"schema":{"@context":"https:\/\/schema.org","@graph":[{"@type":"WebPage","@id":"https:\/\/minubaltic.ee\/lt\/e-pood\/bambuko-patalynes-komplektai\/bambuko-paklode-vandenynas\/","url":"https:\/\/minubaltic.ee\/lt\/e-pood\/bambuko-patalynes-komplektai\/bambuko-paklode-vandenynas\/","name":"Bambuko paklod\u0117 - Vandenynas - Minu Baltic","isPartOf":{"@id":"https:\/\/minubaltic.ee\/lt\/#website"},"primaryImageOfPage":{"@id":"https:\/\/minubaltic.ee\/lt\/e-pood\/bambuko-patalynes-komplektai\/bambuko-paklode-vandenynas\/#primaryimage"},"image":{"@id":"https:\/\/minubaltic.ee\/lt\/e-pood\/bambuko-patalynes-komplektai\/bambuko-paklode-vandenynas\/#primaryimage"},"thumbnailUrl":"https:\/\/minubaltic.ee\/wp-content\/uploads\/2024\/12\/Bambusest-voodilina-1-6.jpg","datePublished":"2024-12-08T01:48:18+00:00","dateModified":"2024-12-08T02:52:30+00:00","description":"Bambuko paklod\u0117 yra pralaidi orui, sugeria dr\u0117gm\u0119 ir reguliuoja temperat\u016br\u0105. \u0160i med\u017eiaga yra mink\u0161ta, hipoalergi\u0161ka ir idealiai tinka sveikam miegui.","breadcrumb":{"@id":"https:\/\/minubaltic.ee\/lt\/e-pood\/bambuko-patalynes-komplektai\/bambuko-paklode-vandenynas\/#breadcrumb"},"inLanguage":"lt-LT","potentialAction":[{"@type":"ReadAction","target":["https:\/\/minubaltic.ee\/lt\/e-pood\/bambuko-patalynes-komplektai\/bambuko-paklode-vandenynas\/"]}]},{"@type":"ImageObject","inLanguage":"lt-LT","@id":"https:\/\/minubaltic.ee\/lt\/e-pood\/bambuko-patalynes-komplektai\/bambuko-paklode-vandenynas\/#primaryimage","url":"https:\/\/minubaltic.ee\/wp-content\/uploads\/2024\/12\/Bambusest-voodilina-1-6.jpg","contentUrl":"https:\/\/minubaltic.ee\/wp-content\/uploads\/2024\/12\/Bambusest-voodilina-1-6.jpg","width":800,"height":800,"caption":"Bambusest voodilina"},{"@type":"BreadcrumbList","@id":"https:\/\/minubaltic.ee\/lt\/e-pood\/bambuko-patalynes-komplektai\/bambuko-paklode-vandenynas\/#breadcrumb","itemListElement":[{"@type":"ListItem","position":1,"name":"Home","item":"https:\/\/minubaltic.ee\/lt\/"},{"@type":"ListItem","position":2,"name":"Parduotuv\u0117","item":"https:\/\/minubaltic.ee\/lt\/parduotuve\/"},{"@type":"ListItem","position":3,"name":"Bambuko paklod\u0117 &#8211; Vandenynas"}]},{"@type":"WebSite","@id":"https:\/\/minubaltic.ee\/lt\/#website","url":"https:\/\/minubaltic.ee\/lt\/","name":"minubaltic.ee","description":"","publisher":{"@id":"https:\/\/minubaltic.ee\/lt\/#organization"},"potentialAction":[{"@type":"SearchAction","target":{"@type":"EntryPoint","urlTemplate":"https:\/\/minubaltic.ee\/lt\/?s={search_term_string}"},"query-input":{"@type":"PropertyValueSpecification","valueRequired":true,"valueName":"search_term_string"}}],"inLanguage":"lt-LT"},{"@type":"Organization","@id":"https:\/\/minubaltic.ee\/lt\/#organization","name":"Minu Baltic O\u00dc","url":"https:\/\/minubaltic.ee\/lt\/","logo":{"@type":"ImageObject","inLanguage":"lt-LT","@id":"https:\/\/minubaltic.ee\/lt\/#\/schema\/logo\/image\/","url":"https:\/\/minubaltic.ee\/wp-content\/uploads\/2023\/10\/cropped-cropped-cropped-logo.png","contentUrl":"https:\/\/minubaltic.ee\/wp-content\/uploads\/2023\/10\/cropped-cropped-cropped-logo.png","width":500,"height":237,"caption":"Minu Baltic O\u00dc"},"image":{"@id":"https:\/\/minubaltic.ee\/lt\/#\/schema\/logo\/image\/"},"sameAs":["https:\/\/www.facebook.com\/minubaltic"]}]}},"_links":{"self":[{"href":"https:\/\/minubaltic.ee\/lt\/wp-json\/wp\/v2\/product\/39979","targetHints":{"allow":["GET"]}}],"collection":[{"href":"https:\/\/minubaltic.ee\/lt\/wp-json\/wp\/v2\/product"}],"about":[{"href":"https:\/\/minubaltic.ee\/lt\/wp-json\/wp\/v2\/types\/product"}],"replies":[{"embeddable":true,"href":"https:\/\/minubaltic.ee\/lt\/wp-json\/wp\/v2\/comments?post=39979"}],"version-history":[{"count":2,"href":"https:\/\/minubaltic.ee\/lt\/wp-json\/wp\/v2\/product\/39979\/revisions"}],"predecessor-version":[{"id":40060,"href":"https:\/\/minubaltic.ee\/lt\/wp-json\/wp\/v2\/product\/39979\/revisions\/40060"}],"wp:featuredmedia":[{"embeddable":true,"href":"https:\/\/minubaltic.ee\/lt\/wp-json\/wp\/v2\/media\/39985"}],"wp:attachment":[{"href":"https:\/\/minubaltic.ee\/lt\/wp-json\/wp\/v2\/media?parent=39979"}],"wp:term":[{"taxonomy":"product_brand","embeddable":true,"href":"https:\/\/minubaltic.ee\/lt\/wp-json\/wp\/v2\/product_brand?post=39979"},{"taxonomy":"product_cat","embeddable":true,"href":"https:\/\/minubaltic.ee\/lt\/wp-json\/wp\/v2\/product_cat?post=39979"},{"taxonomy":"product_tag","embeddable":true,"href":"https:\/\/minubaltic.ee\/lt\/wp-json\/wp\/v2\/product_tag?post=39979"}],"curies":[{"name":"wp","href":"https:\/\/api.w.org\/{rel}","templated":true}]}}