{"id":38637,"date":"2024-11-23T01:21:46","date_gmt":"2024-11-22T22:21:46","guid":{"rendered":"https:\/\/minubaltic.ee\/?post_type=product&#038;p=38637"},"modified":"2024-11-23T01:52:50","modified_gmt":"2024-11-22T22:52:50","slug":"kudikio-antklode-110x140-pilka","status":"publish","type":"product","link":"https:\/\/minubaltic.ee\/lt\/e-pood\/vaikiskos-antklodes\/kudikio-antklode-110x140-pilka\/","title":{"rendered":"K\u016bdikio antklod\u0117 110&#215;140 &#8211; Pilka"},"content":{"rendered":"<p><strong>Audinio sud\u0117tis:<\/strong> poliesterio pluo\u0161tas (poliesteris)<br \/>\n<strong>Prek\u0117s pakuo\u010di\u0173 kiekis:<\/strong> 1 vnt.<br \/>\n<strong>I\u0161matavimai:<\/strong> 110\u00d7140 cm<br \/>\n<strong>Specifikacija:<\/strong> \u00b13 cm<br \/>\n<strong>Daugiau informacijos:<\/strong> Ypa\u010d mink\u0161tas, patogus, storas, \u0161iltas, pralaidus orui<br \/>\nProdukt\u0173 nuotraukos yra iliustracin\u0117s<\/p>\n","protected":false},"excerpt":{"rendered":"<p>Mink\u0161ta vaiki\u0161ka antklod\u0117 suteikia puik\u0173 komfort\u0105 miegant ir \u017eaid\u017eiant. Lengvai pri\u017ei\u016brima antklod\u0117 idealiai tinka kasdieniam naudojimui. Tai prakti\u0161kas pasirinkimas, kuris kiekvienai dienai suteikia \u0161ilumos ir jaukumo. Mink\u0161ta vaiki\u0161ka antklod\u0117 sujungia stili\u0173, ilgaam\u017ei\u0161kum\u0105 ir patogum\u0105.<\/p>\n","protected":false},"featured_media":38643,"comment_status":"open","ping_status":"closed","template":"","meta":[],"product_brand":[],"product_cat":[536,854],"product_tag":[558,560],"class_list":{"0":"post-38637","1":"product","2":"type-product","3":"status-publish","4":"has-post-thumbnail","6":"product_cat-vaikiskos-antklodes","7":"product_cat-vaiku-pasaulis","8":"product_tag-e-parduotuve","9":"product_tag-vaikiskos-antklodes","11":"first","12":"instock","13":"shipping-taxable","14":"purchasable","15":"product-type-simple"},"yoast_head":"<!-- This site is optimized with the Yoast SEO plugin v27.3 - https:\/\/yoast.com\/product\/yoast-seo-wordpress\/ -->\n<title>K\u016bdikio antklod\u0117 110x140 - Pilka - Minu Baltic<\/title>\n<meta name=\"description\" content=\"K\u016bdikio antklod\u0117 Pilka u\u017etikrina \u0161ilt\u0105 ir patog\u0173 mieg\u0105 vis\u0105 laik\u0105. Vaikams patogus dizainas ir lengva prie\u017ei\u016bra \u2013 tai puikus pasirinkimas kasdienai.\" \/>\n<meta name=\"robots\" content=\"index, follow, max-snippet:-1, max-image-preview:large, max-video-preview:-1\" \/>\n<link rel=\"canonical\" href=\"https:\/\/minubaltic.ee\/lt\/e-pood\/vaikiskos-antklodes\/kudikio-antklode-110x140-pilka\/\" \/>\n<meta property=\"og:locale\" content=\"lt_LT\" \/>\n<meta property=\"og:type\" content=\"article\" \/>\n<meta property=\"og:title\" content=\"K\u016bdikio antklod\u0117 110x140 - Pilka - Minu Baltic\" \/>\n<meta property=\"og:description\" content=\"K\u016bdikio antklod\u0117 Pilka u\u017etikrina \u0161ilt\u0105 ir patog\u0173 mieg\u0105 vis\u0105 laik\u0105. Vaikams patogus dizainas ir lengva prie\u017ei\u016bra \u2013 tai puikus pasirinkimas kasdienai.\" \/>\n<meta property=\"og:url\" content=\"https:\/\/minubaltic.ee\/lt\/e-pood\/vaikiskos-antklodes\/kudikio-antklode-110x140-pilka\/\" \/>\n<meta property=\"article:publisher\" content=\"https:\/\/www.facebook.com\/minubaltic\" \/>\n<meta property=\"article:modified_time\" content=\"2024-11-22T22:52:50+00:00\" \/>\n<meta property=\"og:image\" content=\"https:\/\/minubaltic.ee\/wp-content\/uploads\/2024\/11\/Laste-tekk-110x140-10.jpg\" \/>\n\t<meta property=\"og:image:width\" content=\"800\" \/>\n\t<meta property=\"og:image:height\" content=\"800\" \/>\n\t<meta property=\"og:image:type\" content=\"image\/jpeg\" \/>\n<meta name=\"twitter:card\" content=\"summary_large_image\" \/>\n<meta name=\"twitter:label1\" content=\"Est. reading time\" \/>\n\t<meta name=\"twitter:data1\" content=\"1 minut\u0117\" \/>\n<script type=\"application\/ld+json\" class=\"yoast-schema-graph\">{\"@context\":\"https:\\\/\\\/schema.org\",\"@graph\":[{\"@type\":\"WebPage\",\"@id\":\"https:\\\/\\\/minubaltic.ee\\\/lt\\\/e-pood\\\/vaikiskos-antklodes\\\/kudikio-antklode-110x140-pilka\\\/\",\"url\":\"https:\\\/\\\/minubaltic.ee\\\/lt\\\/e-pood\\\/vaikiskos-antklodes\\\/kudikio-antklode-110x140-pilka\\\/\",\"name\":\"K\u016bdikio antklod\u0117 110x140 - Pilka - Minu Baltic\",\"isPartOf\":{\"@id\":\"https:\\\/\\\/minubaltic.ee\\\/lt\\\/#website\"},\"primaryImageOfPage\":{\"@id\":\"https:\\\/\\\/minubaltic.ee\\\/lt\\\/e-pood\\\/vaikiskos-antklodes\\\/kudikio-antklode-110x140-pilka\\\/#primaryimage\"},\"image\":{\"@id\":\"https:\\\/\\\/minubaltic.ee\\\/lt\\\/e-pood\\\/vaikiskos-antklodes\\\/kudikio-antklode-110x140-pilka\\\/#primaryimage\"},\"thumbnailUrl\":\"https:\\\/\\\/minubaltic.ee\\\/wp-content\\\/uploads\\\/2024\\\/11\\\/Laste-tekk-110x140-10.jpg\",\"datePublished\":\"2024-11-22T22:21:46+00:00\",\"dateModified\":\"2024-11-22T22:52:50+00:00\",\"description\":\"K\u016bdikio antklod\u0117 Pilka u\u017etikrina \u0161ilt\u0105 ir patog\u0173 mieg\u0105 vis\u0105 laik\u0105. Vaikams patogus dizainas ir lengva prie\u017ei\u016bra \u2013 tai puikus pasirinkimas kasdienai.\",\"breadcrumb\":{\"@id\":\"https:\\\/\\\/minubaltic.ee\\\/lt\\\/e-pood\\\/vaikiskos-antklodes\\\/kudikio-antklode-110x140-pilka\\\/#breadcrumb\"},\"inLanguage\":\"lt-LT\",\"potentialAction\":[{\"@type\":\"ReadAction\",\"target\":[\"https:\\\/\\\/minubaltic.ee\\\/lt\\\/e-pood\\\/vaikiskos-antklodes\\\/kudikio-antklode-110x140-pilka\\\/\"]}]},{\"@type\":\"ImageObject\",\"inLanguage\":\"lt-LT\",\"@id\":\"https:\\\/\\\/minubaltic.ee\\\/lt\\\/e-pood\\\/vaikiskos-antklodes\\\/kudikio-antklode-110x140-pilka\\\/#primaryimage\",\"url\":\"https:\\\/\\\/minubaltic.ee\\\/wp-content\\\/uploads\\\/2024\\\/11\\\/Laste-tekk-110x140-10.jpg\",\"contentUrl\":\"https:\\\/\\\/minubaltic.ee\\\/wp-content\\\/uploads\\\/2024\\\/11\\\/Laste-tekk-110x140-10.jpg\",\"width\":800,\"height\":800,\"caption\":\"Laste tekk 110\u00d7140\"},{\"@type\":\"BreadcrumbList\",\"@id\":\"https:\\\/\\\/minubaltic.ee\\\/lt\\\/e-pood\\\/vaikiskos-antklodes\\\/kudikio-antklode-110x140-pilka\\\/#breadcrumb\",\"itemListElement\":[{\"@type\":\"ListItem\",\"position\":1,\"name\":\"Home\",\"item\":\"https:\\\/\\\/minubaltic.ee\\\/lt\\\/\"},{\"@type\":\"ListItem\",\"position\":2,\"name\":\"Parduotuv\u0117\",\"item\":\"https:\\\/\\\/minubaltic.ee\\\/lt\\\/parduotuve\\\/\"},{\"@type\":\"ListItem\",\"position\":3,\"name\":\"K\u016bdikio antklod\u0117 110&#215;140 &#8211; Pilka\"}]},{\"@type\":\"WebSite\",\"@id\":\"https:\\\/\\\/minubaltic.ee\\\/lt\\\/#website\",\"url\":\"https:\\\/\\\/minubaltic.ee\\\/lt\\\/\",\"name\":\"minubaltic.ee\",\"description\":\"\",\"publisher\":{\"@id\":\"https:\\\/\\\/minubaltic.ee\\\/lt\\\/#organization\"},\"potentialAction\":[{\"@type\":\"SearchAction\",\"target\":{\"@type\":\"EntryPoint\",\"urlTemplate\":\"https:\\\/\\\/minubaltic.ee\\\/lt\\\/?s={search_term_string}\"},\"query-input\":{\"@type\":\"PropertyValueSpecification\",\"valueRequired\":true,\"valueName\":\"search_term_string\"}}],\"inLanguage\":\"lt-LT\"},{\"@type\":\"Organization\",\"@id\":\"https:\\\/\\\/minubaltic.ee\\\/lt\\\/#organization\",\"name\":\"Minu Baltic O\u00dc\",\"url\":\"https:\\\/\\\/minubaltic.ee\\\/lt\\\/\",\"logo\":{\"@type\":\"ImageObject\",\"inLanguage\":\"lt-LT\",\"@id\":\"https:\\\/\\\/minubaltic.ee\\\/lt\\\/#\\\/schema\\\/logo\\\/image\\\/\",\"url\":\"https:\\\/\\\/minubaltic.ee\\\/wp-content\\\/uploads\\\/2023\\\/10\\\/cropped-cropped-cropped-logo.png\",\"contentUrl\":\"https:\\\/\\\/minubaltic.ee\\\/wp-content\\\/uploads\\\/2023\\\/10\\\/cropped-cropped-cropped-logo.png\",\"width\":500,\"height\":237,\"caption\":\"Minu Baltic O\u00dc\"},\"image\":{\"@id\":\"https:\\\/\\\/minubaltic.ee\\\/lt\\\/#\\\/schema\\\/logo\\\/image\\\/\"},\"sameAs\":[\"https:\\\/\\\/www.facebook.com\\\/minubaltic\"]}]}<\/script>\n<!-- \/ Yoast SEO plugin. -->","yoast_head_json":{"title":"K\u016bdikio antklod\u0117 110x140 - Pilka - Minu Baltic","description":"K\u016bdikio antklod\u0117 Pilka u\u017etikrina \u0161ilt\u0105 ir patog\u0173 mieg\u0105 vis\u0105 laik\u0105. Vaikams patogus dizainas ir lengva prie\u017ei\u016bra \u2013 tai puikus pasirinkimas kasdienai.","robots":{"index":"index","follow":"follow","max-snippet":"max-snippet:-1","max-image-preview":"max-image-preview:large","max-video-preview":"max-video-preview:-1"},"canonical":"https:\/\/minubaltic.ee\/lt\/e-pood\/vaikiskos-antklodes\/kudikio-antklode-110x140-pilka\/","og_locale":"lt_LT","og_type":"article","og_title":"K\u016bdikio antklod\u0117 110x140 - Pilka - Minu Baltic","og_description":"K\u016bdikio antklod\u0117 Pilka u\u017etikrina \u0161ilt\u0105 ir patog\u0173 mieg\u0105 vis\u0105 laik\u0105. Vaikams patogus dizainas ir lengva prie\u017ei\u016bra \u2013 tai puikus pasirinkimas kasdienai.","og_url":"https:\/\/minubaltic.ee\/lt\/e-pood\/vaikiskos-antklodes\/kudikio-antklode-110x140-pilka\/","article_publisher":"https:\/\/www.facebook.com\/minubaltic","article_modified_time":"2024-11-22T22:52:50+00:00","og_image":[{"width":800,"height":800,"url":"https:\/\/minubaltic.ee\/wp-content\/uploads\/2024\/11\/Laste-tekk-110x140-10.jpg","type":"image\/jpeg"}],"twitter_card":"summary_large_image","twitter_misc":{"Est. reading time":"1 minut\u0117"},"schema":{"@context":"https:\/\/schema.org","@graph":[{"@type":"WebPage","@id":"https:\/\/minubaltic.ee\/lt\/e-pood\/vaikiskos-antklodes\/kudikio-antklode-110x140-pilka\/","url":"https:\/\/minubaltic.ee\/lt\/e-pood\/vaikiskos-antklodes\/kudikio-antklode-110x140-pilka\/","name":"K\u016bdikio antklod\u0117 110x140 - Pilka - Minu Baltic","isPartOf":{"@id":"https:\/\/minubaltic.ee\/lt\/#website"},"primaryImageOfPage":{"@id":"https:\/\/minubaltic.ee\/lt\/e-pood\/vaikiskos-antklodes\/kudikio-antklode-110x140-pilka\/#primaryimage"},"image":{"@id":"https:\/\/minubaltic.ee\/lt\/e-pood\/vaikiskos-antklodes\/kudikio-antklode-110x140-pilka\/#primaryimage"},"thumbnailUrl":"https:\/\/minubaltic.ee\/wp-content\/uploads\/2024\/11\/Laste-tekk-110x140-10.jpg","datePublished":"2024-11-22T22:21:46+00:00","dateModified":"2024-11-22T22:52:50+00:00","description":"K\u016bdikio antklod\u0117 Pilka u\u017etikrina \u0161ilt\u0105 ir patog\u0173 mieg\u0105 vis\u0105 laik\u0105. Vaikams patogus dizainas ir lengva prie\u017ei\u016bra \u2013 tai puikus pasirinkimas kasdienai.","breadcrumb":{"@id":"https:\/\/minubaltic.ee\/lt\/e-pood\/vaikiskos-antklodes\/kudikio-antklode-110x140-pilka\/#breadcrumb"},"inLanguage":"lt-LT","potentialAction":[{"@type":"ReadAction","target":["https:\/\/minubaltic.ee\/lt\/e-pood\/vaikiskos-antklodes\/kudikio-antklode-110x140-pilka\/"]}]},{"@type":"ImageObject","inLanguage":"lt-LT","@id":"https:\/\/minubaltic.ee\/lt\/e-pood\/vaikiskos-antklodes\/kudikio-antklode-110x140-pilka\/#primaryimage","url":"https:\/\/minubaltic.ee\/wp-content\/uploads\/2024\/11\/Laste-tekk-110x140-10.jpg","contentUrl":"https:\/\/minubaltic.ee\/wp-content\/uploads\/2024\/11\/Laste-tekk-110x140-10.jpg","width":800,"height":800,"caption":"Laste tekk 110\u00d7140"},{"@type":"BreadcrumbList","@id":"https:\/\/minubaltic.ee\/lt\/e-pood\/vaikiskos-antklodes\/kudikio-antklode-110x140-pilka\/#breadcrumb","itemListElement":[{"@type":"ListItem","position":1,"name":"Home","item":"https:\/\/minubaltic.ee\/lt\/"},{"@type":"ListItem","position":2,"name":"Parduotuv\u0117","item":"https:\/\/minubaltic.ee\/lt\/parduotuve\/"},{"@type":"ListItem","position":3,"name":"K\u016bdikio antklod\u0117 110&#215;140 &#8211; Pilka"}]},{"@type":"WebSite","@id":"https:\/\/minubaltic.ee\/lt\/#website","url":"https:\/\/minubaltic.ee\/lt\/","name":"minubaltic.ee","description":"","publisher":{"@id":"https:\/\/minubaltic.ee\/lt\/#organization"},"potentialAction":[{"@type":"SearchAction","target":{"@type":"EntryPoint","urlTemplate":"https:\/\/minubaltic.ee\/lt\/?s={search_term_string}"},"query-input":{"@type":"PropertyValueSpecification","valueRequired":true,"valueName":"search_term_string"}}],"inLanguage":"lt-LT"},{"@type":"Organization","@id":"https:\/\/minubaltic.ee\/lt\/#organization","name":"Minu Baltic O\u00dc","url":"https:\/\/minubaltic.ee\/lt\/","logo":{"@type":"ImageObject","inLanguage":"lt-LT","@id":"https:\/\/minubaltic.ee\/lt\/#\/schema\/logo\/image\/","url":"https:\/\/minubaltic.ee\/wp-content\/uploads\/2023\/10\/cropped-cropped-cropped-logo.png","contentUrl":"https:\/\/minubaltic.ee\/wp-content\/uploads\/2023\/10\/cropped-cropped-cropped-logo.png","width":500,"height":237,"caption":"Minu Baltic O\u00dc"},"image":{"@id":"https:\/\/minubaltic.ee\/lt\/#\/schema\/logo\/image\/"},"sameAs":["https:\/\/www.facebook.com\/minubaltic"]}]}},"_links":{"self":[{"href":"https:\/\/minubaltic.ee\/lt\/wp-json\/wp\/v2\/product\/38637","targetHints":{"allow":["GET"]}}],"collection":[{"href":"https:\/\/minubaltic.ee\/lt\/wp-json\/wp\/v2\/product"}],"about":[{"href":"https:\/\/minubaltic.ee\/lt\/wp-json\/wp\/v2\/types\/product"}],"replies":[{"embeddable":true,"href":"https:\/\/minubaltic.ee\/lt\/wp-json\/wp\/v2\/comments?post=38637"}],"version-history":[{"count":2,"href":"https:\/\/minubaltic.ee\/lt\/wp-json\/wp\/v2\/product\/38637\/revisions"}],"predecessor-version":[{"id":38709,"href":"https:\/\/minubaltic.ee\/lt\/wp-json\/wp\/v2\/product\/38637\/revisions\/38709"}],"wp:featuredmedia":[{"embeddable":true,"href":"https:\/\/minubaltic.ee\/lt\/wp-json\/wp\/v2\/media\/38643"}],"wp:attachment":[{"href":"https:\/\/minubaltic.ee\/lt\/wp-json\/wp\/v2\/media?parent=38637"}],"wp:term":[{"taxonomy":"product_brand","embeddable":true,"href":"https:\/\/minubaltic.ee\/lt\/wp-json\/wp\/v2\/product_brand?post=38637"},{"taxonomy":"product_cat","embeddable":true,"href":"https:\/\/minubaltic.ee\/lt\/wp-json\/wp\/v2\/product_cat?post=38637"},{"taxonomy":"product_tag","embeddable":true,"href":"https:\/\/minubaltic.ee\/lt\/wp-json\/wp\/v2\/product_tag?post=38637"}],"curies":[{"name":"wp","href":"https:\/\/api.w.org\/{rel}","templated":true}]}}