{"id":38381,"date":"2024-11-08T00:04:50","date_gmt":"2024-11-07T21:04:50","guid":{"rendered":"https:\/\/minubaltic.ee\/?post_type=product&#038;p=38381"},"modified":"2024-11-08T01:01:14","modified_gmt":"2024-11-07T22:01:14","slug":"vonios-ranksluostis-70x140-tamsiai-melyna","status":"publish","type":"product","link":"https:\/\/minubaltic.ee\/lt\/e-pood\/ranksluosciai\/vonios-ranksluostis-70x140-tamsiai-melyna\/","title":{"rendered":"Vonios rank\u0161luostis 70&#215;140 (Tamsiai m\u0117lyna)"},"content":{"rendered":"<p>Medvilninis vonios rank\u0161luostis, kurio i\u0161matavimai 70&#215;140 cm, skirtas suteikti komfort\u0105 kasdieniuose vonios ritualuose. Pagaminta i\u0161 100% nat\u016bralios ir kokybi\u0161kos medviln\u0117s, \u0161velni ir \u0161velni odai, idealiai tinka tiek jautriai, tiek normaliai odai. I\u0161skirtinis rank\u0161luos\u010dio sugeriamumas u\u017etikrina greit\u0105 ir efektyv\u0173 d\u017ei\u016bvim\u0105, paliekant od\u0105 maloniai gaivi\u0105 ir saus\u0105 po kiekvieno plovimo.<\/p>\n<p>Puikiai kv\u0117puojanti med\u017eiaga leid\u017eia greitai i\u0161garuoti dr\u0117gmei i\u0161 rank\u0161luos\u010dio, tod\u0117l jis i\u0161lieka higieni\u0161kas ir \u0161vie\u017eias. Klasikinis ir paprastas rank\u0161luos\u010dio dizainas suteikia vonios kambariui solidumo, lengvai priderinamas prie skirting\u0173 interjero dizaino stili\u0173.<\/p>\n<p>Puikaus dyd\u017eio vonios rank\u0161luostis yra pakankamai didelis, kad visi\u0161kai padengt\u0173 ir b\u016bt\u0173 mink\u0161tas d\u017eiovinant k\u016bn\u0105, ta\u010diau j\u012f lengva sulankstyti, laikyti ir keliauti. Auk\u0161tos kokyb\u0117s medviln\u0117 i\u0161laiko savo mink\u0161tum\u0105 ir gyvybingum\u0105 net po pakartotinio skalbimo, tod\u0117l tai yra ilgalaik\u0117 investicija \u012f komfort\u0105 ir elegancij\u0105. Tai puikus pasirinkimas vertinantiems kokyb\u0119 ir nesenstant\u012f stili\u0173.<\/p>\n","protected":false},"excerpt":{"rendered":"<ul>\n<li><span class=\"product-attribute__label\">Audinio sud\u0117tis: <\/span><span class=\"product-attribute__value\" data-attribute-code=\"fabric_composition\">100% medviln\u0117<\/span><\/li>\n<li>Produktas pakuot\u0117je: 1 vnt.<\/li>\n<li>I\u0161matavimai: 70&#215;140 cm \u00b13<\/li>\n<li>Svoris: 450 g\/m2<\/li>\n<\/ul>\n","protected":false},"featured_media":38386,"comment_status":"open","ping_status":"closed","template":"","meta":[],"product_brand":[],"product_cat":[541,546,731],"product_tag":[558,559,561,564],"class_list":{"0":"post-38381","1":"product","2":"type-product","3":"status-publish","4":"has-post-thumbnail","6":"product_cat-ranksluosciai","7":"product_cat-vonios-ranksluosciai","8":"product_cat-vonios-ranksluosciai-70-140","9":"product_tag-e-parduotuve","10":"product_tag-namu-tekstile","11":"product_tag-ranksluosciai","12":"product_tag-tekstile","14":"first","15":"instock","16":"shipping-taxable","17":"purchasable","18":"product-type-simple"},"yoast_head":"<!-- This site is optimized with the Yoast SEO plugin v27.3 - https:\/\/yoast.com\/product\/yoast-seo-wordpress\/ -->\n<title>Vonios rank\u0161luostis 70x140 (Tamsiai m\u0117lyna) - 7\u20ac - Minu Baltic<\/title>\n<meta name=\"description\" content=\"Mink\u0161tos tekst\u016bros ir dyd\u017eio 70x140 cm vonios rank\u0161luostis suteikia komforto ir elegancijos j\u016bs\u0173 vonios kambaryje. Su 100% medviln\u0117s strukt\u016bra suteikia...\" \/>\n<meta name=\"robots\" content=\"index, follow, max-snippet:-1, max-image-preview:large, max-video-preview:-1\" \/>\n<link rel=\"canonical\" href=\"https:\/\/minubaltic.ee\/lt\/e-pood\/ranksluosciai\/vonios-ranksluostis-70x140-tamsiai-melyna\/\" \/>\n<meta property=\"og:locale\" content=\"lt_LT\" \/>\n<meta property=\"og:type\" content=\"article\" \/>\n<meta property=\"og:title\" content=\"Vonios rank\u0161luostis 70x140 (Tamsiai m\u0117lyna) - 7\u20ac - Minu Baltic\" \/>\n<meta property=\"og:description\" content=\"Mink\u0161tos tekst\u016bros ir dyd\u017eio 70x140 cm vonios rank\u0161luostis suteikia komforto ir elegancijos j\u016bs\u0173 vonios kambaryje. Su 100% medviln\u0117s strukt\u016bra suteikia...\" \/>\n<meta property=\"og:url\" content=\"https:\/\/minubaltic.ee\/lt\/e-pood\/ranksluosciai\/vonios-ranksluostis-70x140-tamsiai-melyna\/\" \/>\n<meta property=\"article:publisher\" content=\"https:\/\/www.facebook.com\/minubaltic\" \/>\n<meta property=\"article:modified_time\" content=\"2024-11-07T22:01:14+00:00\" \/>\n<meta property=\"og:image\" content=\"https:\/\/minubaltic.ee\/wp-content\/uploads\/2024\/11\/Vanniratik-70x140-3.jpg\" \/>\n\t<meta property=\"og:image:width\" content=\"800\" \/>\n\t<meta property=\"og:image:height\" content=\"800\" \/>\n\t<meta property=\"og:image:type\" content=\"image\/jpeg\" \/>\n<meta name=\"twitter:card\" content=\"summary_large_image\" \/>\n<meta name=\"twitter:label1\" content=\"Est. reading time\" \/>\n\t<meta name=\"twitter:data1\" content=\"1 minut\u0117\" \/>\n<script type=\"application\/ld+json\" class=\"yoast-schema-graph\">{\"@context\":\"https:\\\/\\\/schema.org\",\"@graph\":[{\"@type\":\"WebPage\",\"@id\":\"https:\\\/\\\/minubaltic.ee\\\/lt\\\/e-pood\\\/ranksluosciai\\\/vonios-ranksluostis-70x140-tamsiai-melyna\\\/\",\"url\":\"https:\\\/\\\/minubaltic.ee\\\/lt\\\/e-pood\\\/ranksluosciai\\\/vonios-ranksluostis-70x140-tamsiai-melyna\\\/\",\"name\":\"Vonios rank\u0161luostis 70x140 (Tamsiai m\u0117lyna) - 7\u20ac - Minu Baltic\",\"isPartOf\":{\"@id\":\"https:\\\/\\\/minubaltic.ee\\\/lt\\\/#website\"},\"primaryImageOfPage\":{\"@id\":\"https:\\\/\\\/minubaltic.ee\\\/lt\\\/e-pood\\\/ranksluosciai\\\/vonios-ranksluostis-70x140-tamsiai-melyna\\\/#primaryimage\"},\"image\":{\"@id\":\"https:\\\/\\\/minubaltic.ee\\\/lt\\\/e-pood\\\/ranksluosciai\\\/vonios-ranksluostis-70x140-tamsiai-melyna\\\/#primaryimage\"},\"thumbnailUrl\":\"https:\\\/\\\/minubaltic.ee\\\/wp-content\\\/uploads\\\/2024\\\/11\\\/Vanniratik-70x140-3.jpg\",\"datePublished\":\"2024-11-07T21:04:50+00:00\",\"dateModified\":\"2024-11-07T22:01:14+00:00\",\"description\":\"Mink\u0161tos tekst\u016bros ir dyd\u017eio 70x140 cm vonios rank\u0161luostis suteikia komforto ir elegancijos j\u016bs\u0173 vonios kambaryje. Su 100% medviln\u0117s strukt\u016bra suteikia...\",\"breadcrumb\":{\"@id\":\"https:\\\/\\\/minubaltic.ee\\\/lt\\\/e-pood\\\/ranksluosciai\\\/vonios-ranksluostis-70x140-tamsiai-melyna\\\/#breadcrumb\"},\"inLanguage\":\"lt-LT\",\"potentialAction\":[{\"@type\":\"ReadAction\",\"target\":[\"https:\\\/\\\/minubaltic.ee\\\/lt\\\/e-pood\\\/ranksluosciai\\\/vonios-ranksluostis-70x140-tamsiai-melyna\\\/\"]}]},{\"@type\":\"ImageObject\",\"inLanguage\":\"lt-LT\",\"@id\":\"https:\\\/\\\/minubaltic.ee\\\/lt\\\/e-pood\\\/ranksluosciai\\\/vonios-ranksluostis-70x140-tamsiai-melyna\\\/#primaryimage\",\"url\":\"https:\\\/\\\/minubaltic.ee\\\/wp-content\\\/uploads\\\/2024\\\/11\\\/Vanniratik-70x140-3.jpg\",\"contentUrl\":\"https:\\\/\\\/minubaltic.ee\\\/wp-content\\\/uploads\\\/2024\\\/11\\\/Vanniratik-70x140-3.jpg\",\"width\":800,\"height\":800,\"caption\":\"Vannir\u00e4tik\"},{\"@type\":\"BreadcrumbList\",\"@id\":\"https:\\\/\\\/minubaltic.ee\\\/lt\\\/e-pood\\\/ranksluosciai\\\/vonios-ranksluostis-70x140-tamsiai-melyna\\\/#breadcrumb\",\"itemListElement\":[{\"@type\":\"ListItem\",\"position\":1,\"name\":\"Home\",\"item\":\"https:\\\/\\\/minubaltic.ee\\\/lt\\\/\"},{\"@type\":\"ListItem\",\"position\":2,\"name\":\"Parduotuv\u0117\",\"item\":\"https:\\\/\\\/minubaltic.ee\\\/lt\\\/parduotuve\\\/\"},{\"@type\":\"ListItem\",\"position\":3,\"name\":\"Vonios rank\u0161luostis 70&#215;140 (Tamsiai m\u0117lyna)\"}]},{\"@type\":\"WebSite\",\"@id\":\"https:\\\/\\\/minubaltic.ee\\\/lt\\\/#website\",\"url\":\"https:\\\/\\\/minubaltic.ee\\\/lt\\\/\",\"name\":\"minubaltic.ee\",\"description\":\"\",\"publisher\":{\"@id\":\"https:\\\/\\\/minubaltic.ee\\\/lt\\\/#organization\"},\"potentialAction\":[{\"@type\":\"SearchAction\",\"target\":{\"@type\":\"EntryPoint\",\"urlTemplate\":\"https:\\\/\\\/minubaltic.ee\\\/lt\\\/?s={search_term_string}\"},\"query-input\":{\"@type\":\"PropertyValueSpecification\",\"valueRequired\":true,\"valueName\":\"search_term_string\"}}],\"inLanguage\":\"lt-LT\"},{\"@type\":\"Organization\",\"@id\":\"https:\\\/\\\/minubaltic.ee\\\/lt\\\/#organization\",\"name\":\"Minu Baltic O\u00dc\",\"url\":\"https:\\\/\\\/minubaltic.ee\\\/lt\\\/\",\"logo\":{\"@type\":\"ImageObject\",\"inLanguage\":\"lt-LT\",\"@id\":\"https:\\\/\\\/minubaltic.ee\\\/lt\\\/#\\\/schema\\\/logo\\\/image\\\/\",\"url\":\"https:\\\/\\\/minubaltic.ee\\\/wp-content\\\/uploads\\\/2023\\\/10\\\/cropped-cropped-cropped-logo.png\",\"contentUrl\":\"https:\\\/\\\/minubaltic.ee\\\/wp-content\\\/uploads\\\/2023\\\/10\\\/cropped-cropped-cropped-logo.png\",\"width\":500,\"height\":237,\"caption\":\"Minu Baltic O\u00dc\"},\"image\":{\"@id\":\"https:\\\/\\\/minubaltic.ee\\\/lt\\\/#\\\/schema\\\/logo\\\/image\\\/\"},\"sameAs\":[\"https:\\\/\\\/www.facebook.com\\\/minubaltic\"]}]}<\/script>\n<!-- \/ Yoast SEO plugin. -->","yoast_head_json":{"title":"Vonios rank\u0161luostis 70x140 (Tamsiai m\u0117lyna) - 7\u20ac - Minu Baltic","description":"Mink\u0161tos tekst\u016bros ir dyd\u017eio 70x140 cm vonios rank\u0161luostis suteikia komforto ir elegancijos j\u016bs\u0173 vonios kambaryje. Su 100% medviln\u0117s strukt\u016bra suteikia...","robots":{"index":"index","follow":"follow","max-snippet":"max-snippet:-1","max-image-preview":"max-image-preview:large","max-video-preview":"max-video-preview:-1"},"canonical":"https:\/\/minubaltic.ee\/lt\/e-pood\/ranksluosciai\/vonios-ranksluostis-70x140-tamsiai-melyna\/","og_locale":"lt_LT","og_type":"article","og_title":"Vonios rank\u0161luostis 70x140 (Tamsiai m\u0117lyna) - 7\u20ac - Minu Baltic","og_description":"Mink\u0161tos tekst\u016bros ir dyd\u017eio 70x140 cm vonios rank\u0161luostis suteikia komforto ir elegancijos j\u016bs\u0173 vonios kambaryje. Su 100% medviln\u0117s strukt\u016bra suteikia...","og_url":"https:\/\/minubaltic.ee\/lt\/e-pood\/ranksluosciai\/vonios-ranksluostis-70x140-tamsiai-melyna\/","article_publisher":"https:\/\/www.facebook.com\/minubaltic","article_modified_time":"2024-11-07T22:01:14+00:00","og_image":[{"width":800,"height":800,"url":"https:\/\/minubaltic.ee\/wp-content\/uploads\/2024\/11\/Vanniratik-70x140-3.jpg","type":"image\/jpeg"}],"twitter_card":"summary_large_image","twitter_misc":{"Est. reading time":"1 minut\u0117"},"schema":{"@context":"https:\/\/schema.org","@graph":[{"@type":"WebPage","@id":"https:\/\/minubaltic.ee\/lt\/e-pood\/ranksluosciai\/vonios-ranksluostis-70x140-tamsiai-melyna\/","url":"https:\/\/minubaltic.ee\/lt\/e-pood\/ranksluosciai\/vonios-ranksluostis-70x140-tamsiai-melyna\/","name":"Vonios rank\u0161luostis 70x140 (Tamsiai m\u0117lyna) - 7\u20ac - Minu Baltic","isPartOf":{"@id":"https:\/\/minubaltic.ee\/lt\/#website"},"primaryImageOfPage":{"@id":"https:\/\/minubaltic.ee\/lt\/e-pood\/ranksluosciai\/vonios-ranksluostis-70x140-tamsiai-melyna\/#primaryimage"},"image":{"@id":"https:\/\/minubaltic.ee\/lt\/e-pood\/ranksluosciai\/vonios-ranksluostis-70x140-tamsiai-melyna\/#primaryimage"},"thumbnailUrl":"https:\/\/minubaltic.ee\/wp-content\/uploads\/2024\/11\/Vanniratik-70x140-3.jpg","datePublished":"2024-11-07T21:04:50+00:00","dateModified":"2024-11-07T22:01:14+00:00","description":"Mink\u0161tos tekst\u016bros ir dyd\u017eio 70x140 cm vonios rank\u0161luostis suteikia komforto ir elegancijos j\u016bs\u0173 vonios kambaryje. Su 100% medviln\u0117s strukt\u016bra suteikia...","breadcrumb":{"@id":"https:\/\/minubaltic.ee\/lt\/e-pood\/ranksluosciai\/vonios-ranksluostis-70x140-tamsiai-melyna\/#breadcrumb"},"inLanguage":"lt-LT","potentialAction":[{"@type":"ReadAction","target":["https:\/\/minubaltic.ee\/lt\/e-pood\/ranksluosciai\/vonios-ranksluostis-70x140-tamsiai-melyna\/"]}]},{"@type":"ImageObject","inLanguage":"lt-LT","@id":"https:\/\/minubaltic.ee\/lt\/e-pood\/ranksluosciai\/vonios-ranksluostis-70x140-tamsiai-melyna\/#primaryimage","url":"https:\/\/minubaltic.ee\/wp-content\/uploads\/2024\/11\/Vanniratik-70x140-3.jpg","contentUrl":"https:\/\/minubaltic.ee\/wp-content\/uploads\/2024\/11\/Vanniratik-70x140-3.jpg","width":800,"height":800,"caption":"Vannir\u00e4tik"},{"@type":"BreadcrumbList","@id":"https:\/\/minubaltic.ee\/lt\/e-pood\/ranksluosciai\/vonios-ranksluostis-70x140-tamsiai-melyna\/#breadcrumb","itemListElement":[{"@type":"ListItem","position":1,"name":"Home","item":"https:\/\/minubaltic.ee\/lt\/"},{"@type":"ListItem","position":2,"name":"Parduotuv\u0117","item":"https:\/\/minubaltic.ee\/lt\/parduotuve\/"},{"@type":"ListItem","position":3,"name":"Vonios rank\u0161luostis 70&#215;140 (Tamsiai m\u0117lyna)"}]},{"@type":"WebSite","@id":"https:\/\/minubaltic.ee\/lt\/#website","url":"https:\/\/minubaltic.ee\/lt\/","name":"minubaltic.ee","description":"","publisher":{"@id":"https:\/\/minubaltic.ee\/lt\/#organization"},"potentialAction":[{"@type":"SearchAction","target":{"@type":"EntryPoint","urlTemplate":"https:\/\/minubaltic.ee\/lt\/?s={search_term_string}"},"query-input":{"@type":"PropertyValueSpecification","valueRequired":true,"valueName":"search_term_string"}}],"inLanguage":"lt-LT"},{"@type":"Organization","@id":"https:\/\/minubaltic.ee\/lt\/#organization","name":"Minu Baltic O\u00dc","url":"https:\/\/minubaltic.ee\/lt\/","logo":{"@type":"ImageObject","inLanguage":"lt-LT","@id":"https:\/\/minubaltic.ee\/lt\/#\/schema\/logo\/image\/","url":"https:\/\/minubaltic.ee\/wp-content\/uploads\/2023\/10\/cropped-cropped-cropped-logo.png","contentUrl":"https:\/\/minubaltic.ee\/wp-content\/uploads\/2023\/10\/cropped-cropped-cropped-logo.png","width":500,"height":237,"caption":"Minu Baltic O\u00dc"},"image":{"@id":"https:\/\/minubaltic.ee\/lt\/#\/schema\/logo\/image\/"},"sameAs":["https:\/\/www.facebook.com\/minubaltic"]}]}},"_links":{"self":[{"href":"https:\/\/minubaltic.ee\/lt\/wp-json\/wp\/v2\/product\/38381","targetHints":{"allow":["GET"]}}],"collection":[{"href":"https:\/\/minubaltic.ee\/lt\/wp-json\/wp\/v2\/product"}],"about":[{"href":"https:\/\/minubaltic.ee\/lt\/wp-json\/wp\/v2\/types\/product"}],"replies":[{"embeddable":true,"href":"https:\/\/minubaltic.ee\/lt\/wp-json\/wp\/v2\/comments?post=38381"}],"version-history":[{"count":2,"href":"https:\/\/minubaltic.ee\/lt\/wp-json\/wp\/v2\/product\/38381\/revisions"}],"predecessor-version":[{"id":38408,"href":"https:\/\/minubaltic.ee\/lt\/wp-json\/wp\/v2\/product\/38381\/revisions\/38408"}],"wp:featuredmedia":[{"embeddable":true,"href":"https:\/\/minubaltic.ee\/lt\/wp-json\/wp\/v2\/media\/38386"}],"wp:attachment":[{"href":"https:\/\/minubaltic.ee\/lt\/wp-json\/wp\/v2\/media?parent=38381"}],"wp:term":[{"taxonomy":"product_brand","embeddable":true,"href":"https:\/\/minubaltic.ee\/lt\/wp-json\/wp\/v2\/product_brand?post=38381"},{"taxonomy":"product_cat","embeddable":true,"href":"https:\/\/minubaltic.ee\/lt\/wp-json\/wp\/v2\/product_cat?post=38381"},{"taxonomy":"product_tag","embeddable":true,"href":"https:\/\/minubaltic.ee\/lt\/wp-json\/wp\/v2\/product_tag?post=38381"}],"curies":[{"name":"wp","href":"https:\/\/api.w.org\/{rel}","templated":true}]}}