{"id":37886,"date":"2024-11-01T23:19:44","date_gmt":"2024-11-01T20:19:44","guid":{"rendered":"https:\/\/minubaltic.ee\/?post_type=product&#038;p=37886"},"modified":"2024-11-02T00:39:55","modified_gmt":"2024-11-01T21:39:55","slug":"bambuko-ranksluostis-kava","status":"publish","type":"product","link":"https:\/\/minubaltic.ee\/lt\/e-pood\/bambukiniai-ranksluosciai\/bambukiniai-ranksluosciai-rankoms\/bambuko-ranksluostis-kava\/","title":{"rendered":"Bambuko rank\u0161luostis (Kava)"},"content":{"rendered":"<ul>\n<li><strong>Audinio sud\u0117tis<\/strong>: 100% bambukas<\/li>\n<li><strong>Produktas pakuot\u0117je:<\/strong> 1 vnt.<\/li>\n<li><strong>Matmenys:<\/strong> 35\u00d775 cm \u00b13<\/li>\n<li><strong>Svoris:<\/strong> 420 g\/m2<\/li>\n<\/ul>\n","protected":false},"excerpt":{"rendered":"<p>\ud83c\udf31Bambukiniai rank\u0161luos\u010diai pagaminti i\u0161 nat\u016bralaus bambuko pluo\u0161to, kuris yra itin \u0161velnus ir \u0161ilkinis, tod\u0117l suteikia odai komforto ir \u0161velnumo.<br \/>\n\ud83c\udf31 Jie puikiai sugeria dr\u0117gm\u0119 ir pasi\u017eymi nat\u016braliomis antibakterin\u0117mis savyb\u0117mis, kurios padeda rank\u0161luos\u010diams i\u0161likti \u0161vie\u017eiems ir higieni\u0161kiems.<\/p>\n","protected":false},"featured_media":37892,"comment_status":"open","ping_status":"closed","template":"","meta":[],"product_brand":[],"product_cat":[799,800,541,542,534],"product_tag":[558,559,561],"class_list":{"0":"post-37886","1":"product","2":"type-product","3":"status-publish","4":"has-post-thumbnail","6":"product_cat-bambukiniai-ranksluosciai","7":"product_cat-bambukiniai-ranksluosciai-rankoms","8":"product_cat-ranksluosciai","9":"product_cat-ranksluosciai-35-75","10":"product_cat-ranku-ir-veido-ranksluosciai","11":"product_tag-e-parduotuve","12":"product_tag-namu-tekstile","13":"product_tag-ranksluosciai","15":"first","16":"instock","17":"shipping-taxable","18":"purchasable","19":"product-type-simple"},"yoast_head":"<!-- This site is optimized with the Yoast SEO plugin v27.3 - https:\/\/yoast.com\/product\/yoast-seo-wordpress\/ -->\n<title>Bambuko rank\u0161luostis (Kava) - vonios rank\u0161luostis<\/title>\n<meta name=\"description\" content=\"35x75 cm dyd\u017eio bambukiniai rank\u0161luos\u010diai yra antibakteriniai ir idealiai tinka kasdieniam naudojimui. Bambuko pluo\u0161tai turi \u0161ilkin\u0119 tekst\u016br\u0105 ir puik....\" \/>\n<meta name=\"robots\" content=\"index, follow, max-snippet:-1, max-image-preview:large, max-video-preview:-1\" \/>\n<link rel=\"canonical\" href=\"https:\/\/minubaltic.ee\/lt\/e-pood\/bambukiniai-ranksluosciai\/bambukiniai-ranksluosciai-rankoms\/bambuko-ranksluostis-kava\/\" \/>\n<meta property=\"og:locale\" content=\"lt_LT\" \/>\n<meta property=\"og:type\" content=\"article\" \/>\n<meta property=\"og:title\" content=\"Bambuko rank\u0161luostis (Kava) - vonios rank\u0161luostis\" \/>\n<meta property=\"og:description\" content=\"35x75 cm dyd\u017eio bambukiniai rank\u0161luos\u010diai yra antibakteriniai ir idealiai tinka kasdieniam naudojimui. Bambuko pluo\u0161tai turi \u0161ilkin\u0119 tekst\u016br\u0105 ir puik....\" \/>\n<meta property=\"og:url\" content=\"https:\/\/minubaltic.ee\/lt\/e-pood\/bambukiniai-ranksluosciai\/bambukiniai-ranksluosciai-rankoms\/bambuko-ranksluostis-kava\/\" \/>\n<meta property=\"article:publisher\" content=\"https:\/\/www.facebook.com\/minubaltic\" \/>\n<meta property=\"article:modified_time\" content=\"2024-11-01T21:39:55+00:00\" \/>\n<meta property=\"og:image\" content=\"https:\/\/minubaltic.ee\/wp-content\/uploads\/2024\/11\/Bambusest-ratik-26.jpg\" \/>\n\t<meta property=\"og:image:width\" content=\"800\" \/>\n\t<meta property=\"og:image:height\" content=\"800\" \/>\n\t<meta property=\"og:image:type\" content=\"image\/jpeg\" \/>\n<meta name=\"twitter:card\" content=\"summary_large_image\" \/>\n<meta name=\"twitter:label1\" content=\"Est. reading time\" \/>\n\t<meta name=\"twitter:data1\" content=\"1 minut\u0117\" \/>\n<script type=\"application\/ld+json\" class=\"yoast-schema-graph\">{\"@context\":\"https:\\\/\\\/schema.org\",\"@graph\":[{\"@type\":\"WebPage\",\"@id\":\"https:\\\/\\\/minubaltic.ee\\\/lt\\\/e-pood\\\/bambukiniai-ranksluosciai\\\/bambukiniai-ranksluosciai-rankoms\\\/bambuko-ranksluostis-kava\\\/\",\"url\":\"https:\\\/\\\/minubaltic.ee\\\/lt\\\/e-pood\\\/bambukiniai-ranksluosciai\\\/bambukiniai-ranksluosciai-rankoms\\\/bambuko-ranksluostis-kava\\\/\",\"name\":\"Bambuko rank\u0161luostis (Kava) - vonios rank\u0161luostis\",\"isPartOf\":{\"@id\":\"https:\\\/\\\/minubaltic.ee\\\/lt\\\/#website\"},\"primaryImageOfPage\":{\"@id\":\"https:\\\/\\\/minubaltic.ee\\\/lt\\\/e-pood\\\/bambukiniai-ranksluosciai\\\/bambukiniai-ranksluosciai-rankoms\\\/bambuko-ranksluostis-kava\\\/#primaryimage\"},\"image\":{\"@id\":\"https:\\\/\\\/minubaltic.ee\\\/lt\\\/e-pood\\\/bambukiniai-ranksluosciai\\\/bambukiniai-ranksluosciai-rankoms\\\/bambuko-ranksluostis-kava\\\/#primaryimage\"},\"thumbnailUrl\":\"https:\\\/\\\/minubaltic.ee\\\/wp-content\\\/uploads\\\/2024\\\/11\\\/Bambusest-ratik-26.jpg\",\"datePublished\":\"2024-11-01T20:19:44+00:00\",\"dateModified\":\"2024-11-01T21:39:55+00:00\",\"description\":\"35x75 cm dyd\u017eio bambukiniai rank\u0161luos\u010diai yra antibakteriniai ir idealiai tinka kasdieniam naudojimui. Bambuko pluo\u0161tai turi \u0161ilkin\u0119 tekst\u016br\u0105 ir puik....\",\"breadcrumb\":{\"@id\":\"https:\\\/\\\/minubaltic.ee\\\/lt\\\/e-pood\\\/bambukiniai-ranksluosciai\\\/bambukiniai-ranksluosciai-rankoms\\\/bambuko-ranksluostis-kava\\\/#breadcrumb\"},\"inLanguage\":\"lt-LT\",\"potentialAction\":[{\"@type\":\"ReadAction\",\"target\":[\"https:\\\/\\\/minubaltic.ee\\\/lt\\\/e-pood\\\/bambukiniai-ranksluosciai\\\/bambukiniai-ranksluosciai-rankoms\\\/bambuko-ranksluostis-kava\\\/\"]}]},{\"@type\":\"ImageObject\",\"inLanguage\":\"lt-LT\",\"@id\":\"https:\\\/\\\/minubaltic.ee\\\/lt\\\/e-pood\\\/bambukiniai-ranksluosciai\\\/bambukiniai-ranksluosciai-rankoms\\\/bambuko-ranksluostis-kava\\\/#primaryimage\",\"url\":\"https:\\\/\\\/minubaltic.ee\\\/wp-content\\\/uploads\\\/2024\\\/11\\\/Bambusest-ratik-26.jpg\",\"contentUrl\":\"https:\\\/\\\/minubaltic.ee\\\/wp-content\\\/uploads\\\/2024\\\/11\\\/Bambusest-ratik-26.jpg\",\"width\":800,\"height\":800,\"caption\":\"Bambusest r\u00e4tik\"},{\"@type\":\"BreadcrumbList\",\"@id\":\"https:\\\/\\\/minubaltic.ee\\\/lt\\\/e-pood\\\/bambukiniai-ranksluosciai\\\/bambukiniai-ranksluosciai-rankoms\\\/bambuko-ranksluostis-kava\\\/#breadcrumb\",\"itemListElement\":[{\"@type\":\"ListItem\",\"position\":1,\"name\":\"Home\",\"item\":\"https:\\\/\\\/minubaltic.ee\\\/lt\\\/\"},{\"@type\":\"ListItem\",\"position\":2,\"name\":\"Parduotuv\u0117\",\"item\":\"https:\\\/\\\/minubaltic.ee\\\/lt\\\/parduotuve\\\/\"},{\"@type\":\"ListItem\",\"position\":3,\"name\":\"Bambuko rank\u0161luostis (Kava)\"}]},{\"@type\":\"WebSite\",\"@id\":\"https:\\\/\\\/minubaltic.ee\\\/lt\\\/#website\",\"url\":\"https:\\\/\\\/minubaltic.ee\\\/lt\\\/\",\"name\":\"minubaltic.ee\",\"description\":\"\",\"publisher\":{\"@id\":\"https:\\\/\\\/minubaltic.ee\\\/lt\\\/#organization\"},\"potentialAction\":[{\"@type\":\"SearchAction\",\"target\":{\"@type\":\"EntryPoint\",\"urlTemplate\":\"https:\\\/\\\/minubaltic.ee\\\/lt\\\/?s={search_term_string}\"},\"query-input\":{\"@type\":\"PropertyValueSpecification\",\"valueRequired\":true,\"valueName\":\"search_term_string\"}}],\"inLanguage\":\"lt-LT\"},{\"@type\":\"Organization\",\"@id\":\"https:\\\/\\\/minubaltic.ee\\\/lt\\\/#organization\",\"name\":\"Minu Baltic O\u00dc\",\"url\":\"https:\\\/\\\/minubaltic.ee\\\/lt\\\/\",\"logo\":{\"@type\":\"ImageObject\",\"inLanguage\":\"lt-LT\",\"@id\":\"https:\\\/\\\/minubaltic.ee\\\/lt\\\/#\\\/schema\\\/logo\\\/image\\\/\",\"url\":\"https:\\\/\\\/minubaltic.ee\\\/wp-content\\\/uploads\\\/2023\\\/10\\\/cropped-cropped-cropped-logo.png\",\"contentUrl\":\"https:\\\/\\\/minubaltic.ee\\\/wp-content\\\/uploads\\\/2023\\\/10\\\/cropped-cropped-cropped-logo.png\",\"width\":500,\"height\":237,\"caption\":\"Minu Baltic O\u00dc\"},\"image\":{\"@id\":\"https:\\\/\\\/minubaltic.ee\\\/lt\\\/#\\\/schema\\\/logo\\\/image\\\/\"},\"sameAs\":[\"https:\\\/\\\/www.facebook.com\\\/minubaltic\"]}]}<\/script>\n<!-- \/ Yoast SEO plugin. -->","yoast_head_json":{"title":"Bambuko rank\u0161luostis (Kava) - vonios rank\u0161luostis","description":"35x75 cm dyd\u017eio bambukiniai rank\u0161luos\u010diai yra antibakteriniai ir idealiai tinka kasdieniam naudojimui. Bambuko pluo\u0161tai turi \u0161ilkin\u0119 tekst\u016br\u0105 ir puik....","robots":{"index":"index","follow":"follow","max-snippet":"max-snippet:-1","max-image-preview":"max-image-preview:large","max-video-preview":"max-video-preview:-1"},"canonical":"https:\/\/minubaltic.ee\/lt\/e-pood\/bambukiniai-ranksluosciai\/bambukiniai-ranksluosciai-rankoms\/bambuko-ranksluostis-kava\/","og_locale":"lt_LT","og_type":"article","og_title":"Bambuko rank\u0161luostis (Kava) - vonios rank\u0161luostis","og_description":"35x75 cm dyd\u017eio bambukiniai rank\u0161luos\u010diai yra antibakteriniai ir idealiai tinka kasdieniam naudojimui. Bambuko pluo\u0161tai turi \u0161ilkin\u0119 tekst\u016br\u0105 ir puik....","og_url":"https:\/\/minubaltic.ee\/lt\/e-pood\/bambukiniai-ranksluosciai\/bambukiniai-ranksluosciai-rankoms\/bambuko-ranksluostis-kava\/","article_publisher":"https:\/\/www.facebook.com\/minubaltic","article_modified_time":"2024-11-01T21:39:55+00:00","og_image":[{"width":800,"height":800,"url":"https:\/\/minubaltic.ee\/wp-content\/uploads\/2024\/11\/Bambusest-ratik-26.jpg","type":"image\/jpeg"}],"twitter_card":"summary_large_image","twitter_misc":{"Est. reading time":"1 minut\u0117"},"schema":{"@context":"https:\/\/schema.org","@graph":[{"@type":"WebPage","@id":"https:\/\/minubaltic.ee\/lt\/e-pood\/bambukiniai-ranksluosciai\/bambukiniai-ranksluosciai-rankoms\/bambuko-ranksluostis-kava\/","url":"https:\/\/minubaltic.ee\/lt\/e-pood\/bambukiniai-ranksluosciai\/bambukiniai-ranksluosciai-rankoms\/bambuko-ranksluostis-kava\/","name":"Bambuko rank\u0161luostis (Kava) - vonios rank\u0161luostis","isPartOf":{"@id":"https:\/\/minubaltic.ee\/lt\/#website"},"primaryImageOfPage":{"@id":"https:\/\/minubaltic.ee\/lt\/e-pood\/bambukiniai-ranksluosciai\/bambukiniai-ranksluosciai-rankoms\/bambuko-ranksluostis-kava\/#primaryimage"},"image":{"@id":"https:\/\/minubaltic.ee\/lt\/e-pood\/bambukiniai-ranksluosciai\/bambukiniai-ranksluosciai-rankoms\/bambuko-ranksluostis-kava\/#primaryimage"},"thumbnailUrl":"https:\/\/minubaltic.ee\/wp-content\/uploads\/2024\/11\/Bambusest-ratik-26.jpg","datePublished":"2024-11-01T20:19:44+00:00","dateModified":"2024-11-01T21:39:55+00:00","description":"35x75 cm dyd\u017eio bambukiniai rank\u0161luos\u010diai yra antibakteriniai ir idealiai tinka kasdieniam naudojimui. Bambuko pluo\u0161tai turi \u0161ilkin\u0119 tekst\u016br\u0105 ir puik....","breadcrumb":{"@id":"https:\/\/minubaltic.ee\/lt\/e-pood\/bambukiniai-ranksluosciai\/bambukiniai-ranksluosciai-rankoms\/bambuko-ranksluostis-kava\/#breadcrumb"},"inLanguage":"lt-LT","potentialAction":[{"@type":"ReadAction","target":["https:\/\/minubaltic.ee\/lt\/e-pood\/bambukiniai-ranksluosciai\/bambukiniai-ranksluosciai-rankoms\/bambuko-ranksluostis-kava\/"]}]},{"@type":"ImageObject","inLanguage":"lt-LT","@id":"https:\/\/minubaltic.ee\/lt\/e-pood\/bambukiniai-ranksluosciai\/bambukiniai-ranksluosciai-rankoms\/bambuko-ranksluostis-kava\/#primaryimage","url":"https:\/\/minubaltic.ee\/wp-content\/uploads\/2024\/11\/Bambusest-ratik-26.jpg","contentUrl":"https:\/\/minubaltic.ee\/wp-content\/uploads\/2024\/11\/Bambusest-ratik-26.jpg","width":800,"height":800,"caption":"Bambusest r\u00e4tik"},{"@type":"BreadcrumbList","@id":"https:\/\/minubaltic.ee\/lt\/e-pood\/bambukiniai-ranksluosciai\/bambukiniai-ranksluosciai-rankoms\/bambuko-ranksluostis-kava\/#breadcrumb","itemListElement":[{"@type":"ListItem","position":1,"name":"Home","item":"https:\/\/minubaltic.ee\/lt\/"},{"@type":"ListItem","position":2,"name":"Parduotuv\u0117","item":"https:\/\/minubaltic.ee\/lt\/parduotuve\/"},{"@type":"ListItem","position":3,"name":"Bambuko rank\u0161luostis (Kava)"}]},{"@type":"WebSite","@id":"https:\/\/minubaltic.ee\/lt\/#website","url":"https:\/\/minubaltic.ee\/lt\/","name":"minubaltic.ee","description":"","publisher":{"@id":"https:\/\/minubaltic.ee\/lt\/#organization"},"potentialAction":[{"@type":"SearchAction","target":{"@type":"EntryPoint","urlTemplate":"https:\/\/minubaltic.ee\/lt\/?s={search_term_string}"},"query-input":{"@type":"PropertyValueSpecification","valueRequired":true,"valueName":"search_term_string"}}],"inLanguage":"lt-LT"},{"@type":"Organization","@id":"https:\/\/minubaltic.ee\/lt\/#organization","name":"Minu Baltic O\u00dc","url":"https:\/\/minubaltic.ee\/lt\/","logo":{"@type":"ImageObject","inLanguage":"lt-LT","@id":"https:\/\/minubaltic.ee\/lt\/#\/schema\/logo\/image\/","url":"https:\/\/minubaltic.ee\/wp-content\/uploads\/2023\/10\/cropped-cropped-cropped-logo.png","contentUrl":"https:\/\/minubaltic.ee\/wp-content\/uploads\/2023\/10\/cropped-cropped-cropped-logo.png","width":500,"height":237,"caption":"Minu Baltic O\u00dc"},"image":{"@id":"https:\/\/minubaltic.ee\/lt\/#\/schema\/logo\/image\/"},"sameAs":["https:\/\/www.facebook.com\/minubaltic"]}]}},"_links":{"self":[{"href":"https:\/\/minubaltic.ee\/lt\/wp-json\/wp\/v2\/product\/37886","targetHints":{"allow":["GET"]}}],"collection":[{"href":"https:\/\/minubaltic.ee\/lt\/wp-json\/wp\/v2\/product"}],"about":[{"href":"https:\/\/minubaltic.ee\/lt\/wp-json\/wp\/v2\/types\/product"}],"replies":[{"embeddable":true,"href":"https:\/\/minubaltic.ee\/lt\/wp-json\/wp\/v2\/comments?post=37886"}],"version-history":[{"count":2,"href":"https:\/\/minubaltic.ee\/lt\/wp-json\/wp\/v2\/product\/37886\/revisions"}],"predecessor-version":[{"id":38033,"href":"https:\/\/minubaltic.ee\/lt\/wp-json\/wp\/v2\/product\/37886\/revisions\/38033"}],"wp:featuredmedia":[{"embeddable":true,"href":"https:\/\/minubaltic.ee\/lt\/wp-json\/wp\/v2\/media\/37892"}],"wp:attachment":[{"href":"https:\/\/minubaltic.ee\/lt\/wp-json\/wp\/v2\/media?parent=37886"}],"wp:term":[{"taxonomy":"product_brand","embeddable":true,"href":"https:\/\/minubaltic.ee\/lt\/wp-json\/wp\/v2\/product_brand?post=37886"},{"taxonomy":"product_cat","embeddable":true,"href":"https:\/\/minubaltic.ee\/lt\/wp-json\/wp\/v2\/product_cat?post=37886"},{"taxonomy":"product_tag","embeddable":true,"href":"https:\/\/minubaltic.ee\/lt\/wp-json\/wp\/v2\/product_tag?post=37886"}],"curies":[{"name":"wp","href":"https:\/\/api.w.org\/{rel}","templated":true}]}}