{"id":37793,"date":"2024-11-01T21:45:44","date_gmt":"2024-11-01T18:45:44","guid":{"rendered":"https:\/\/minubaltic.ee\/e-pood\/be-kategorijos\/5-osaline-ratikute-komplekt-50x90\/"},"modified":"2024-11-01T22:08:13","modified_gmt":"2024-11-01T19:08:13","slug":"5-daliu-ranksluosciu-rinkinys-50x90","status":"publish","type":"product","link":"https:\/\/minubaltic.ee\/lt\/e-pood\/ranku-ir-veido-ranksluosciai\/5-daliu-ranksluosciu-rinkinys-50x90\/","title":{"rendered":"5 dali\u0173 rank\u0161luos\u010di\u0173 rinkinys 50&#215;90"},"content":{"rendered":"<p>5 dali\u0173 50 x 90 cm medvilnini\u0173 rank\u0161luos\u010di\u0173 rinkinys \u2013 puikus pasirinkimas vertinantiems kokyb\u0119. Rank\u0161luos\u010diai, pagaminti i\u0161 mink\u0161t\u0173 ir labai sugerian\u010di\u0173 medviln\u0117s pluo\u0161t\u0173, u\u017etikrina patogi\u0105 ir maloni\u0105 naudojimo patirt\u012f. Penki komplekte esantys rank\u0161luos\u010diai leid\u017eia derinti spalvas ir dizain\u0105 pagal interjer\u0105 ar poreik\u012f, tod\u0117l rezervo visada u\u017etenka kiekvienai situacijai.<\/p>\n","protected":false},"excerpt":{"rendered":"<ul>\n<li>Audinio sud\u0117tis: 100% medviln\u0117<\/li>\n<li>Produktas pakuot\u0117je: 5 vnt.<\/li>\n<li>Dydis:\u00a050&#215;90 cm \u00b13<\/li>\n<li>Svoris: 400 g\/m2<\/li>\n<\/ul>\n","protected":false},"featured_media":37775,"comment_status":"open","ping_status":"closed","template":"","meta":[],"product_brand":[],"product_cat":[817,541,544,545,534],"product_tag":[558,559,561,564],"class_list":{"0":"post-37793","1":"product","2":"type-product","3":"status-publish","4":"has-post-thumbnail","6":"product_cat-100-medvilne","7":"product_cat-ranksluosciai","8":"product_cat-ranksluosciai-50-90","9":"product_cat-ranksluosciu-rinkiniai","10":"product_cat-ranku-ir-veido-ranksluosciai","11":"product_tag-e-parduotuve","12":"product_tag-namu-tekstile","13":"product_tag-ranksluosciai","14":"product_tag-tekstile","16":"first","17":"instock","18":"shipping-taxable","19":"purchasable","20":"product-type-simple"},"yoast_head":"<!-- This site is optimized with the Yoast SEO plugin v27.3 - https:\/\/yoast.com\/product\/yoast-seo-wordpress\/ -->\n<title>5 dali\u0173 rank\u0161luos\u010di\u0173 rinkinys 50x90 - Minu Baltic<\/title>\n<meta name=\"description\" content=\"5 dali\u0173 50 x 90 cm medvilnini\u0173 rank\u0161luos\u010di\u0173 rinkinys \u2013 puikus pasirinkimas vertinantiems kokyb\u0119. Rank\u0161luos\u010diai, pagaminti i\u0161 mink\u0161t\u0173 ir labai sugerian\u010di\u0173\" \/>\n<meta name=\"robots\" content=\"index, follow, max-snippet:-1, max-image-preview:large, max-video-preview:-1\" \/>\n<link rel=\"canonical\" href=\"https:\/\/minubaltic.ee\/lt\/e-pood\/ranku-ir-veido-ranksluosciai\/5-daliu-ranksluosciu-rinkinys-50x90\/\" \/>\n<meta property=\"og:locale\" content=\"lt_LT\" \/>\n<meta property=\"og:type\" content=\"article\" \/>\n<meta property=\"og:title\" content=\"5 dali\u0173 rank\u0161luos\u010di\u0173 rinkinys 50x90 - Minu Baltic\" \/>\n<meta property=\"og:description\" content=\"5 dali\u0173 50 x 90 cm medvilnini\u0173 rank\u0161luos\u010di\u0173 rinkinys \u2013 puikus pasirinkimas vertinantiems kokyb\u0119. Rank\u0161luos\u010diai, pagaminti i\u0161 mink\u0161t\u0173 ir labai sugerian\u010di\u0173\" \/>\n<meta property=\"og:url\" content=\"https:\/\/minubaltic.ee\/lt\/e-pood\/ranku-ir-veido-ranksluosciai\/5-daliu-ranksluosciu-rinkinys-50x90\/\" \/>\n<meta property=\"article:publisher\" content=\"https:\/\/www.facebook.com\/minubaltic\" \/>\n<meta property=\"article:modified_time\" content=\"2024-11-01T19:08:13+00:00\" \/>\n<meta property=\"og:image\" content=\"https:\/\/minubaltic.ee\/wp-content\/uploads\/2024\/11\/Puuvillane-ratik-5.jpg\" \/>\n\t<meta property=\"og:image:width\" content=\"800\" \/>\n\t<meta property=\"og:image:height\" content=\"800\" \/>\n\t<meta property=\"og:image:type\" content=\"image\/jpeg\" \/>\n<meta name=\"twitter:card\" content=\"summary_large_image\" \/>\n<meta name=\"twitter:label1\" content=\"Est. reading time\" \/>\n\t<meta name=\"twitter:data1\" content=\"1 minut\u0117\" \/>\n<script type=\"application\/ld+json\" class=\"yoast-schema-graph\">{\"@context\":\"https:\\\/\\\/schema.org\",\"@graph\":[{\"@type\":\"WebPage\",\"@id\":\"https:\\\/\\\/minubaltic.ee\\\/lt\\\/e-pood\\\/ranku-ir-veido-ranksluosciai\\\/5-daliu-ranksluosciu-rinkinys-50x90\\\/\",\"url\":\"https:\\\/\\\/minubaltic.ee\\\/lt\\\/e-pood\\\/ranku-ir-veido-ranksluosciai\\\/5-daliu-ranksluosciu-rinkinys-50x90\\\/\",\"name\":\"5 dali\u0173 rank\u0161luos\u010di\u0173 rinkinys 50x90 - Minu Baltic\",\"isPartOf\":{\"@id\":\"https:\\\/\\\/minubaltic.ee\\\/lt\\\/#website\"},\"primaryImageOfPage\":{\"@id\":\"https:\\\/\\\/minubaltic.ee\\\/lt\\\/e-pood\\\/ranku-ir-veido-ranksluosciai\\\/5-daliu-ranksluosciu-rinkinys-50x90\\\/#primaryimage\"},\"image\":{\"@id\":\"https:\\\/\\\/minubaltic.ee\\\/lt\\\/e-pood\\\/ranku-ir-veido-ranksluosciai\\\/5-daliu-ranksluosciu-rinkinys-50x90\\\/#primaryimage\"},\"thumbnailUrl\":\"https:\\\/\\\/minubaltic.ee\\\/wp-content\\\/uploads\\\/2024\\\/11\\\/Puuvillane-ratik-5.jpg\",\"datePublished\":\"2024-11-01T18:45:44+00:00\",\"dateModified\":\"2024-11-01T19:08:13+00:00\",\"description\":\"5 dali\u0173 50 x 90 cm medvilnini\u0173 rank\u0161luos\u010di\u0173 rinkinys \u2013 puikus pasirinkimas vertinantiems kokyb\u0119. Rank\u0161luos\u010diai, pagaminti i\u0161 mink\u0161t\u0173 ir labai sugerian\u010di\u0173\",\"breadcrumb\":{\"@id\":\"https:\\\/\\\/minubaltic.ee\\\/lt\\\/e-pood\\\/ranku-ir-veido-ranksluosciai\\\/5-daliu-ranksluosciu-rinkinys-50x90\\\/#breadcrumb\"},\"inLanguage\":\"lt-LT\",\"potentialAction\":[{\"@type\":\"ReadAction\",\"target\":[\"https:\\\/\\\/minubaltic.ee\\\/lt\\\/e-pood\\\/ranku-ir-veido-ranksluosciai\\\/5-daliu-ranksluosciu-rinkinys-50x90\\\/\"]}]},{\"@type\":\"ImageObject\",\"inLanguage\":\"lt-LT\",\"@id\":\"https:\\\/\\\/minubaltic.ee\\\/lt\\\/e-pood\\\/ranku-ir-veido-ranksluosciai\\\/5-daliu-ranksluosciu-rinkinys-50x90\\\/#primaryimage\",\"url\":\"https:\\\/\\\/minubaltic.ee\\\/wp-content\\\/uploads\\\/2024\\\/11\\\/Puuvillane-ratik-5.jpg\",\"contentUrl\":\"https:\\\/\\\/minubaltic.ee\\\/wp-content\\\/uploads\\\/2024\\\/11\\\/Puuvillane-ratik-5.jpg\",\"width\":800,\"height\":800,\"caption\":\"r\u00e4tikute komplekt\"},{\"@type\":\"BreadcrumbList\",\"@id\":\"https:\\\/\\\/minubaltic.ee\\\/lt\\\/e-pood\\\/ranku-ir-veido-ranksluosciai\\\/5-daliu-ranksluosciu-rinkinys-50x90\\\/#breadcrumb\",\"itemListElement\":[{\"@type\":\"ListItem\",\"position\":1,\"name\":\"Home\",\"item\":\"https:\\\/\\\/minubaltic.ee\\\/lt\\\/\"},{\"@type\":\"ListItem\",\"position\":2,\"name\":\"Parduotuv\u0117\",\"item\":\"https:\\\/\\\/minubaltic.ee\\\/lt\\\/parduotuve\\\/\"},{\"@type\":\"ListItem\",\"position\":3,\"name\":\"5 dali\u0173 rank\u0161luos\u010di\u0173 rinkinys 50&#215;90\"}]},{\"@type\":\"WebSite\",\"@id\":\"https:\\\/\\\/minubaltic.ee\\\/lt\\\/#website\",\"url\":\"https:\\\/\\\/minubaltic.ee\\\/lt\\\/\",\"name\":\"minubaltic.ee\",\"description\":\"\",\"publisher\":{\"@id\":\"https:\\\/\\\/minubaltic.ee\\\/lt\\\/#organization\"},\"potentialAction\":[{\"@type\":\"SearchAction\",\"target\":{\"@type\":\"EntryPoint\",\"urlTemplate\":\"https:\\\/\\\/minubaltic.ee\\\/lt\\\/?s={search_term_string}\"},\"query-input\":{\"@type\":\"PropertyValueSpecification\",\"valueRequired\":true,\"valueName\":\"search_term_string\"}}],\"inLanguage\":\"lt-LT\"},{\"@type\":\"Organization\",\"@id\":\"https:\\\/\\\/minubaltic.ee\\\/lt\\\/#organization\",\"name\":\"Minu Baltic O\u00dc\",\"url\":\"https:\\\/\\\/minubaltic.ee\\\/lt\\\/\",\"logo\":{\"@type\":\"ImageObject\",\"inLanguage\":\"lt-LT\",\"@id\":\"https:\\\/\\\/minubaltic.ee\\\/lt\\\/#\\\/schema\\\/logo\\\/image\\\/\",\"url\":\"https:\\\/\\\/minubaltic.ee\\\/wp-content\\\/uploads\\\/2023\\\/10\\\/cropped-cropped-cropped-logo.png\",\"contentUrl\":\"https:\\\/\\\/minubaltic.ee\\\/wp-content\\\/uploads\\\/2023\\\/10\\\/cropped-cropped-cropped-logo.png\",\"width\":500,\"height\":237,\"caption\":\"Minu Baltic O\u00dc\"},\"image\":{\"@id\":\"https:\\\/\\\/minubaltic.ee\\\/lt\\\/#\\\/schema\\\/logo\\\/image\\\/\"},\"sameAs\":[\"https:\\\/\\\/www.facebook.com\\\/minubaltic\"]}]}<\/script>\n<!-- \/ Yoast SEO plugin. -->","yoast_head_json":{"title":"5 dali\u0173 rank\u0161luos\u010di\u0173 rinkinys 50x90 - Minu Baltic","description":"5 dali\u0173 50 x 90 cm medvilnini\u0173 rank\u0161luos\u010di\u0173 rinkinys \u2013 puikus pasirinkimas vertinantiems kokyb\u0119. Rank\u0161luos\u010diai, pagaminti i\u0161 mink\u0161t\u0173 ir labai sugerian\u010di\u0173","robots":{"index":"index","follow":"follow","max-snippet":"max-snippet:-1","max-image-preview":"max-image-preview:large","max-video-preview":"max-video-preview:-1"},"canonical":"https:\/\/minubaltic.ee\/lt\/e-pood\/ranku-ir-veido-ranksluosciai\/5-daliu-ranksluosciu-rinkinys-50x90\/","og_locale":"lt_LT","og_type":"article","og_title":"5 dali\u0173 rank\u0161luos\u010di\u0173 rinkinys 50x90 - Minu Baltic","og_description":"5 dali\u0173 50 x 90 cm medvilnini\u0173 rank\u0161luos\u010di\u0173 rinkinys \u2013 puikus pasirinkimas vertinantiems kokyb\u0119. Rank\u0161luos\u010diai, pagaminti i\u0161 mink\u0161t\u0173 ir labai sugerian\u010di\u0173","og_url":"https:\/\/minubaltic.ee\/lt\/e-pood\/ranku-ir-veido-ranksluosciai\/5-daliu-ranksluosciu-rinkinys-50x90\/","article_publisher":"https:\/\/www.facebook.com\/minubaltic","article_modified_time":"2024-11-01T19:08:13+00:00","og_image":[{"width":800,"height":800,"url":"https:\/\/minubaltic.ee\/wp-content\/uploads\/2024\/11\/Puuvillane-ratik-5.jpg","type":"image\/jpeg"}],"twitter_card":"summary_large_image","twitter_misc":{"Est. reading time":"1 minut\u0117"},"schema":{"@context":"https:\/\/schema.org","@graph":[{"@type":"WebPage","@id":"https:\/\/minubaltic.ee\/lt\/e-pood\/ranku-ir-veido-ranksluosciai\/5-daliu-ranksluosciu-rinkinys-50x90\/","url":"https:\/\/minubaltic.ee\/lt\/e-pood\/ranku-ir-veido-ranksluosciai\/5-daliu-ranksluosciu-rinkinys-50x90\/","name":"5 dali\u0173 rank\u0161luos\u010di\u0173 rinkinys 50x90 - Minu Baltic","isPartOf":{"@id":"https:\/\/minubaltic.ee\/lt\/#website"},"primaryImageOfPage":{"@id":"https:\/\/minubaltic.ee\/lt\/e-pood\/ranku-ir-veido-ranksluosciai\/5-daliu-ranksluosciu-rinkinys-50x90\/#primaryimage"},"image":{"@id":"https:\/\/minubaltic.ee\/lt\/e-pood\/ranku-ir-veido-ranksluosciai\/5-daliu-ranksluosciu-rinkinys-50x90\/#primaryimage"},"thumbnailUrl":"https:\/\/minubaltic.ee\/wp-content\/uploads\/2024\/11\/Puuvillane-ratik-5.jpg","datePublished":"2024-11-01T18:45:44+00:00","dateModified":"2024-11-01T19:08:13+00:00","description":"5 dali\u0173 50 x 90 cm medvilnini\u0173 rank\u0161luos\u010di\u0173 rinkinys \u2013 puikus pasirinkimas vertinantiems kokyb\u0119. Rank\u0161luos\u010diai, pagaminti i\u0161 mink\u0161t\u0173 ir labai sugerian\u010di\u0173","breadcrumb":{"@id":"https:\/\/minubaltic.ee\/lt\/e-pood\/ranku-ir-veido-ranksluosciai\/5-daliu-ranksluosciu-rinkinys-50x90\/#breadcrumb"},"inLanguage":"lt-LT","potentialAction":[{"@type":"ReadAction","target":["https:\/\/minubaltic.ee\/lt\/e-pood\/ranku-ir-veido-ranksluosciai\/5-daliu-ranksluosciu-rinkinys-50x90\/"]}]},{"@type":"ImageObject","inLanguage":"lt-LT","@id":"https:\/\/minubaltic.ee\/lt\/e-pood\/ranku-ir-veido-ranksluosciai\/5-daliu-ranksluosciu-rinkinys-50x90\/#primaryimage","url":"https:\/\/minubaltic.ee\/wp-content\/uploads\/2024\/11\/Puuvillane-ratik-5.jpg","contentUrl":"https:\/\/minubaltic.ee\/wp-content\/uploads\/2024\/11\/Puuvillane-ratik-5.jpg","width":800,"height":800,"caption":"r\u00e4tikute komplekt"},{"@type":"BreadcrumbList","@id":"https:\/\/minubaltic.ee\/lt\/e-pood\/ranku-ir-veido-ranksluosciai\/5-daliu-ranksluosciu-rinkinys-50x90\/#breadcrumb","itemListElement":[{"@type":"ListItem","position":1,"name":"Home","item":"https:\/\/minubaltic.ee\/lt\/"},{"@type":"ListItem","position":2,"name":"Parduotuv\u0117","item":"https:\/\/minubaltic.ee\/lt\/parduotuve\/"},{"@type":"ListItem","position":3,"name":"5 dali\u0173 rank\u0161luos\u010di\u0173 rinkinys 50&#215;90"}]},{"@type":"WebSite","@id":"https:\/\/minubaltic.ee\/lt\/#website","url":"https:\/\/minubaltic.ee\/lt\/","name":"minubaltic.ee","description":"","publisher":{"@id":"https:\/\/minubaltic.ee\/lt\/#organization"},"potentialAction":[{"@type":"SearchAction","target":{"@type":"EntryPoint","urlTemplate":"https:\/\/minubaltic.ee\/lt\/?s={search_term_string}"},"query-input":{"@type":"PropertyValueSpecification","valueRequired":true,"valueName":"search_term_string"}}],"inLanguage":"lt-LT"},{"@type":"Organization","@id":"https:\/\/minubaltic.ee\/lt\/#organization","name":"Minu Baltic O\u00dc","url":"https:\/\/minubaltic.ee\/lt\/","logo":{"@type":"ImageObject","inLanguage":"lt-LT","@id":"https:\/\/minubaltic.ee\/lt\/#\/schema\/logo\/image\/","url":"https:\/\/minubaltic.ee\/wp-content\/uploads\/2023\/10\/cropped-cropped-cropped-logo.png","contentUrl":"https:\/\/minubaltic.ee\/wp-content\/uploads\/2023\/10\/cropped-cropped-cropped-logo.png","width":500,"height":237,"caption":"Minu Baltic O\u00dc"},"image":{"@id":"https:\/\/minubaltic.ee\/lt\/#\/schema\/logo\/image\/"},"sameAs":["https:\/\/www.facebook.com\/minubaltic"]}]}},"_links":{"self":[{"href":"https:\/\/minubaltic.ee\/lt\/wp-json\/wp\/v2\/product\/37793","targetHints":{"allow":["GET"]}}],"collection":[{"href":"https:\/\/minubaltic.ee\/lt\/wp-json\/wp\/v2\/product"}],"about":[{"href":"https:\/\/minubaltic.ee\/lt\/wp-json\/wp\/v2\/types\/product"}],"replies":[{"embeddable":true,"href":"https:\/\/minubaltic.ee\/lt\/wp-json\/wp\/v2\/comments?post=37793"}],"version-history":[{"count":2,"href":"https:\/\/minubaltic.ee\/lt\/wp-json\/wp\/v2\/product\/37793\/revisions"}],"predecessor-version":[{"id":37804,"href":"https:\/\/minubaltic.ee\/lt\/wp-json\/wp\/v2\/product\/37793\/revisions\/37804"}],"wp:featuredmedia":[{"embeddable":true,"href":"https:\/\/minubaltic.ee\/lt\/wp-json\/wp\/v2\/media\/37775"}],"wp:attachment":[{"href":"https:\/\/minubaltic.ee\/lt\/wp-json\/wp\/v2\/media?parent=37793"}],"wp:term":[{"taxonomy":"product_brand","embeddable":true,"href":"https:\/\/minubaltic.ee\/lt\/wp-json\/wp\/v2\/product_brand?post=37793"},{"taxonomy":"product_cat","embeddable":true,"href":"https:\/\/minubaltic.ee\/lt\/wp-json\/wp\/v2\/product_cat?post=37793"},{"taxonomy":"product_tag","embeddable":true,"href":"https:\/\/minubaltic.ee\/lt\/wp-json\/wp\/v2\/product_tag?post=37793"}],"curies":[{"name":"wp","href":"https:\/\/api.w.org\/{rel}","templated":true}]}}