{"id":37362,"date":"2024-10-26T17:43:28","date_gmt":"2024-10-26T14:43:28","guid":{"rendered":"https:\/\/minubaltic.ee\/?post_type=product&#038;p=37362"},"modified":"2024-10-26T17:55:51","modified_gmt":"2024-10-26T14:55:51","slug":"medvilninis-ranksluostis-sviesiai-rudos","status":"publish","type":"product","link":"https:\/\/minubaltic.ee\/lt\/e-pood\/ranku-ir-veido-ranksluosciai\/medvilninis-ranksluostis-sviesiai-rudos\/","title":{"rendered":"Medvilninis rank\u0161luostis (\u0160viesiai rudos)"},"content":{"rendered":"<p>Medvilniniai rank\u0161luos\u010diai yra mink\u0161ti ir sugeriantys, idealiai tinka kasdieniam naudojimui. Jie pagaminti naudojant nat\u016bral\u0173 pluo\u0161t\u0105, kuris suteikia odai \u0161velnumo ir ilgaam\u017ei\u0161kumo. \u0160velniai i\u0161sausina od\u0105, nedirgina, i\u0161laiko jos \u0161velnum\u0105 net po keli\u0173 plovim\u0173. Be to, medvilniniai rank\u0161luos\u010diai yra \u012fvairi\u0173 spalv\u0173 ir dyd\u017ei\u0173, tod\u0117l galite pasirinkti tok\u012f, kuris atitikt\u0173 j\u016bs\u0173 stili\u0173 ir poreikius.<\/p>\n","protected":false},"excerpt":{"rendered":"<ul>\n<li><span class=\"product-attribute__label\">Audinio sud\u0117tis: <\/span><span class=\"product-attribute__value\" data-attribute-code=\"fabric_composition\">100% medviln\u0117<\/span><\/li>\n<li>Produktas pakuot\u0117je: 1 vnt.<\/li>\n<li>I\u0161matavimai: 35&#215;75 cm \u00b13<\/li>\n<li>Svoris: 400 g\/m2<\/li>\n<\/ul>\n","protected":false},"featured_media":37367,"comment_status":"open","ping_status":"closed","template":"","meta":[],"product_brand":[],"product_cat":[541,542,534],"product_tag":[557,558,559,561,564],"class_list":{"0":"post-37362","1":"product","2":"type-product","3":"status-publish","4":"has-post-thumbnail","6":"product_cat-ranksluosciai","7":"product_cat-ranksluosciai-35-75","8":"product_cat-ranku-ir-veido-ranksluosciai","9":"product_tag-apsipirkti-el","10":"product_tag-e-parduotuve","11":"product_tag-namu-tekstile","12":"product_tag-ranksluosciai","13":"product_tag-tekstile","15":"first","16":"instock","17":"shipping-taxable","18":"purchasable","19":"product-type-simple"},"yoast_head":"<!-- This site is optimized with the Yoast SEO plugin v27.3 - https:\/\/yoast.com\/product\/yoast-seo-wordpress\/ -->\n<title>Medvilninis rank\u0161luostis (\u0160viesiai rudos) - Medvilniniai rank\u0161luos\u010diai<\/title>\n<meta name=\"description\" content=\"Medvilniniai rank\u0161luos\u010diai yra mink\u0161ti, gerai sugeriantys ir patvar\u016bs, idealiai tinka kasdieniam naudojimui ir suteikia komforto net po keli\u0173 skalbim\u0173.\" \/>\n<meta name=\"robots\" content=\"index, follow, max-snippet:-1, max-image-preview:large, max-video-preview:-1\" \/>\n<link rel=\"canonical\" href=\"https:\/\/minubaltic.ee\/lt\/e-pood\/ranku-ir-veido-ranksluosciai\/medvilninis-ranksluostis-sviesiai-rudos\/\" \/>\n<meta property=\"og:locale\" content=\"lt_LT\" \/>\n<meta property=\"og:type\" content=\"article\" \/>\n<meta property=\"og:title\" content=\"Medvilninis rank\u0161luostis (\u0160viesiai rudos) - Medvilniniai rank\u0161luos\u010diai\" \/>\n<meta property=\"og:description\" content=\"Medvilniniai rank\u0161luos\u010diai yra mink\u0161ti, gerai sugeriantys ir patvar\u016bs, idealiai tinka kasdieniam naudojimui ir suteikia komforto net po keli\u0173 skalbim\u0173.\" \/>\n<meta property=\"og:url\" content=\"https:\/\/minubaltic.ee\/lt\/e-pood\/ranku-ir-veido-ranksluosciai\/medvilninis-ranksluostis-sviesiai-rudos\/\" \/>\n<meta property=\"article:publisher\" content=\"https:\/\/www.facebook.com\/minubaltic\" \/>\n<meta property=\"article:modified_time\" content=\"2024-10-26T14:55:51+00:00\" \/>\n<meta property=\"og:image\" content=\"https:\/\/minubaltic.ee\/wp-content\/uploads\/2024\/10\/Puuvillane-ratik-12.jpg\" \/>\n\t<meta property=\"og:image:width\" content=\"800\" \/>\n\t<meta property=\"og:image:height\" content=\"800\" \/>\n\t<meta property=\"og:image:type\" content=\"image\/jpeg\" \/>\n<meta name=\"twitter:card\" content=\"summary_large_image\" \/>\n<meta name=\"twitter:label1\" content=\"Est. reading time\" \/>\n\t<meta name=\"twitter:data1\" content=\"1 minut\u0117\" \/>\n<script type=\"application\/ld+json\" class=\"yoast-schema-graph\">{\"@context\":\"https:\\\/\\\/schema.org\",\"@graph\":[{\"@type\":\"WebPage\",\"@id\":\"https:\\\/\\\/minubaltic.ee\\\/lt\\\/e-pood\\\/ranku-ir-veido-ranksluosciai\\\/medvilninis-ranksluostis-sviesiai-rudos\\\/\",\"url\":\"https:\\\/\\\/minubaltic.ee\\\/lt\\\/e-pood\\\/ranku-ir-veido-ranksluosciai\\\/medvilninis-ranksluostis-sviesiai-rudos\\\/\",\"name\":\"Medvilninis rank\u0161luostis (\u0160viesiai rudos) - Medvilniniai rank\u0161luos\u010diai\",\"isPartOf\":{\"@id\":\"https:\\\/\\\/minubaltic.ee\\\/lt\\\/#website\"},\"primaryImageOfPage\":{\"@id\":\"https:\\\/\\\/minubaltic.ee\\\/lt\\\/e-pood\\\/ranku-ir-veido-ranksluosciai\\\/medvilninis-ranksluostis-sviesiai-rudos\\\/#primaryimage\"},\"image\":{\"@id\":\"https:\\\/\\\/minubaltic.ee\\\/lt\\\/e-pood\\\/ranku-ir-veido-ranksluosciai\\\/medvilninis-ranksluostis-sviesiai-rudos\\\/#primaryimage\"},\"thumbnailUrl\":\"https:\\\/\\\/minubaltic.ee\\\/wp-content\\\/uploads\\\/2024\\\/10\\\/Puuvillane-ratik-12.jpg\",\"datePublished\":\"2024-10-26T14:43:28+00:00\",\"dateModified\":\"2024-10-26T14:55:51+00:00\",\"description\":\"Medvilniniai rank\u0161luos\u010diai yra mink\u0161ti, gerai sugeriantys ir patvar\u016bs, idealiai tinka kasdieniam naudojimui ir suteikia komforto net po keli\u0173 skalbim\u0173.\",\"breadcrumb\":{\"@id\":\"https:\\\/\\\/minubaltic.ee\\\/lt\\\/e-pood\\\/ranku-ir-veido-ranksluosciai\\\/medvilninis-ranksluostis-sviesiai-rudos\\\/#breadcrumb\"},\"inLanguage\":\"lt-LT\",\"potentialAction\":[{\"@type\":\"ReadAction\",\"target\":[\"https:\\\/\\\/minubaltic.ee\\\/lt\\\/e-pood\\\/ranku-ir-veido-ranksluosciai\\\/medvilninis-ranksluostis-sviesiai-rudos\\\/\"]}]},{\"@type\":\"ImageObject\",\"inLanguage\":\"lt-LT\",\"@id\":\"https:\\\/\\\/minubaltic.ee\\\/lt\\\/e-pood\\\/ranku-ir-veido-ranksluosciai\\\/medvilninis-ranksluostis-sviesiai-rudos\\\/#primaryimage\",\"url\":\"https:\\\/\\\/minubaltic.ee\\\/wp-content\\\/uploads\\\/2024\\\/10\\\/Puuvillane-ratik-12.jpg\",\"contentUrl\":\"https:\\\/\\\/minubaltic.ee\\\/wp-content\\\/uploads\\\/2024\\\/10\\\/Puuvillane-ratik-12.jpg\",\"width\":800,\"height\":800},{\"@type\":\"BreadcrumbList\",\"@id\":\"https:\\\/\\\/minubaltic.ee\\\/lt\\\/e-pood\\\/ranku-ir-veido-ranksluosciai\\\/medvilninis-ranksluostis-sviesiai-rudos\\\/#breadcrumb\",\"itemListElement\":[{\"@type\":\"ListItem\",\"position\":1,\"name\":\"Home\",\"item\":\"https:\\\/\\\/minubaltic.ee\\\/lt\\\/\"},{\"@type\":\"ListItem\",\"position\":2,\"name\":\"Parduotuv\u0117\",\"item\":\"https:\\\/\\\/minubaltic.ee\\\/lt\\\/parduotuve\\\/\"},{\"@type\":\"ListItem\",\"position\":3,\"name\":\"Medvilninis rank\u0161luostis (\u0160viesiai rudos)\"}]},{\"@type\":\"WebSite\",\"@id\":\"https:\\\/\\\/minubaltic.ee\\\/lt\\\/#website\",\"url\":\"https:\\\/\\\/minubaltic.ee\\\/lt\\\/\",\"name\":\"minubaltic.ee\",\"description\":\"\",\"publisher\":{\"@id\":\"https:\\\/\\\/minubaltic.ee\\\/lt\\\/#organization\"},\"potentialAction\":[{\"@type\":\"SearchAction\",\"target\":{\"@type\":\"EntryPoint\",\"urlTemplate\":\"https:\\\/\\\/minubaltic.ee\\\/lt\\\/?s={search_term_string}\"},\"query-input\":{\"@type\":\"PropertyValueSpecification\",\"valueRequired\":true,\"valueName\":\"search_term_string\"}}],\"inLanguage\":\"lt-LT\"},{\"@type\":\"Organization\",\"@id\":\"https:\\\/\\\/minubaltic.ee\\\/lt\\\/#organization\",\"name\":\"Minu Baltic O\u00dc\",\"url\":\"https:\\\/\\\/minubaltic.ee\\\/lt\\\/\",\"logo\":{\"@type\":\"ImageObject\",\"inLanguage\":\"lt-LT\",\"@id\":\"https:\\\/\\\/minubaltic.ee\\\/lt\\\/#\\\/schema\\\/logo\\\/image\\\/\",\"url\":\"https:\\\/\\\/minubaltic.ee\\\/wp-content\\\/uploads\\\/2023\\\/10\\\/cropped-cropped-cropped-logo.png\",\"contentUrl\":\"https:\\\/\\\/minubaltic.ee\\\/wp-content\\\/uploads\\\/2023\\\/10\\\/cropped-cropped-cropped-logo.png\",\"width\":500,\"height\":237,\"caption\":\"Minu Baltic O\u00dc\"},\"image\":{\"@id\":\"https:\\\/\\\/minubaltic.ee\\\/lt\\\/#\\\/schema\\\/logo\\\/image\\\/\"},\"sameAs\":[\"https:\\\/\\\/www.facebook.com\\\/minubaltic\"]}]}<\/script>\n<!-- \/ Yoast SEO plugin. -->","yoast_head_json":{"title":"Medvilninis rank\u0161luostis (\u0160viesiai rudos) - Medvilniniai rank\u0161luos\u010diai","description":"Medvilniniai rank\u0161luos\u010diai yra mink\u0161ti, gerai sugeriantys ir patvar\u016bs, idealiai tinka kasdieniam naudojimui ir suteikia komforto net po keli\u0173 skalbim\u0173.","robots":{"index":"index","follow":"follow","max-snippet":"max-snippet:-1","max-image-preview":"max-image-preview:large","max-video-preview":"max-video-preview:-1"},"canonical":"https:\/\/minubaltic.ee\/lt\/e-pood\/ranku-ir-veido-ranksluosciai\/medvilninis-ranksluostis-sviesiai-rudos\/","og_locale":"lt_LT","og_type":"article","og_title":"Medvilninis rank\u0161luostis (\u0160viesiai rudos) - Medvilniniai rank\u0161luos\u010diai","og_description":"Medvilniniai rank\u0161luos\u010diai yra mink\u0161ti, gerai sugeriantys ir patvar\u016bs, idealiai tinka kasdieniam naudojimui ir suteikia komforto net po keli\u0173 skalbim\u0173.","og_url":"https:\/\/minubaltic.ee\/lt\/e-pood\/ranku-ir-veido-ranksluosciai\/medvilninis-ranksluostis-sviesiai-rudos\/","article_publisher":"https:\/\/www.facebook.com\/minubaltic","article_modified_time":"2024-10-26T14:55:51+00:00","og_image":[{"width":800,"height":800,"url":"https:\/\/minubaltic.ee\/wp-content\/uploads\/2024\/10\/Puuvillane-ratik-12.jpg","type":"image\/jpeg"}],"twitter_card":"summary_large_image","twitter_misc":{"Est. reading time":"1 minut\u0117"},"schema":{"@context":"https:\/\/schema.org","@graph":[{"@type":"WebPage","@id":"https:\/\/minubaltic.ee\/lt\/e-pood\/ranku-ir-veido-ranksluosciai\/medvilninis-ranksluostis-sviesiai-rudos\/","url":"https:\/\/minubaltic.ee\/lt\/e-pood\/ranku-ir-veido-ranksluosciai\/medvilninis-ranksluostis-sviesiai-rudos\/","name":"Medvilninis rank\u0161luostis (\u0160viesiai rudos) - Medvilniniai rank\u0161luos\u010diai","isPartOf":{"@id":"https:\/\/minubaltic.ee\/lt\/#website"},"primaryImageOfPage":{"@id":"https:\/\/minubaltic.ee\/lt\/e-pood\/ranku-ir-veido-ranksluosciai\/medvilninis-ranksluostis-sviesiai-rudos\/#primaryimage"},"image":{"@id":"https:\/\/minubaltic.ee\/lt\/e-pood\/ranku-ir-veido-ranksluosciai\/medvilninis-ranksluostis-sviesiai-rudos\/#primaryimage"},"thumbnailUrl":"https:\/\/minubaltic.ee\/wp-content\/uploads\/2024\/10\/Puuvillane-ratik-12.jpg","datePublished":"2024-10-26T14:43:28+00:00","dateModified":"2024-10-26T14:55:51+00:00","description":"Medvilniniai rank\u0161luos\u010diai yra mink\u0161ti, gerai sugeriantys ir patvar\u016bs, idealiai tinka kasdieniam naudojimui ir suteikia komforto net po keli\u0173 skalbim\u0173.","breadcrumb":{"@id":"https:\/\/minubaltic.ee\/lt\/e-pood\/ranku-ir-veido-ranksluosciai\/medvilninis-ranksluostis-sviesiai-rudos\/#breadcrumb"},"inLanguage":"lt-LT","potentialAction":[{"@type":"ReadAction","target":["https:\/\/minubaltic.ee\/lt\/e-pood\/ranku-ir-veido-ranksluosciai\/medvilninis-ranksluostis-sviesiai-rudos\/"]}]},{"@type":"ImageObject","inLanguage":"lt-LT","@id":"https:\/\/minubaltic.ee\/lt\/e-pood\/ranku-ir-veido-ranksluosciai\/medvilninis-ranksluostis-sviesiai-rudos\/#primaryimage","url":"https:\/\/minubaltic.ee\/wp-content\/uploads\/2024\/10\/Puuvillane-ratik-12.jpg","contentUrl":"https:\/\/minubaltic.ee\/wp-content\/uploads\/2024\/10\/Puuvillane-ratik-12.jpg","width":800,"height":800},{"@type":"BreadcrumbList","@id":"https:\/\/minubaltic.ee\/lt\/e-pood\/ranku-ir-veido-ranksluosciai\/medvilninis-ranksluostis-sviesiai-rudos\/#breadcrumb","itemListElement":[{"@type":"ListItem","position":1,"name":"Home","item":"https:\/\/minubaltic.ee\/lt\/"},{"@type":"ListItem","position":2,"name":"Parduotuv\u0117","item":"https:\/\/minubaltic.ee\/lt\/parduotuve\/"},{"@type":"ListItem","position":3,"name":"Medvilninis rank\u0161luostis (\u0160viesiai rudos)"}]},{"@type":"WebSite","@id":"https:\/\/minubaltic.ee\/lt\/#website","url":"https:\/\/minubaltic.ee\/lt\/","name":"minubaltic.ee","description":"","publisher":{"@id":"https:\/\/minubaltic.ee\/lt\/#organization"},"potentialAction":[{"@type":"SearchAction","target":{"@type":"EntryPoint","urlTemplate":"https:\/\/minubaltic.ee\/lt\/?s={search_term_string}"},"query-input":{"@type":"PropertyValueSpecification","valueRequired":true,"valueName":"search_term_string"}}],"inLanguage":"lt-LT"},{"@type":"Organization","@id":"https:\/\/minubaltic.ee\/lt\/#organization","name":"Minu Baltic O\u00dc","url":"https:\/\/minubaltic.ee\/lt\/","logo":{"@type":"ImageObject","inLanguage":"lt-LT","@id":"https:\/\/minubaltic.ee\/lt\/#\/schema\/logo\/image\/","url":"https:\/\/minubaltic.ee\/wp-content\/uploads\/2023\/10\/cropped-cropped-cropped-logo.png","contentUrl":"https:\/\/minubaltic.ee\/wp-content\/uploads\/2023\/10\/cropped-cropped-cropped-logo.png","width":500,"height":237,"caption":"Minu Baltic O\u00dc"},"image":{"@id":"https:\/\/minubaltic.ee\/lt\/#\/schema\/logo\/image\/"},"sameAs":["https:\/\/www.facebook.com\/minubaltic"]}]}},"_links":{"self":[{"href":"https:\/\/minubaltic.ee\/lt\/wp-json\/wp\/v2\/product\/37362","targetHints":{"allow":["GET"]}}],"collection":[{"href":"https:\/\/minubaltic.ee\/lt\/wp-json\/wp\/v2\/product"}],"about":[{"href":"https:\/\/minubaltic.ee\/lt\/wp-json\/wp\/v2\/types\/product"}],"replies":[{"embeddable":true,"href":"https:\/\/minubaltic.ee\/lt\/wp-json\/wp\/v2\/comments?post=37362"}],"version-history":[{"count":2,"href":"https:\/\/minubaltic.ee\/lt\/wp-json\/wp\/v2\/product\/37362\/revisions"}],"predecessor-version":[{"id":37401,"href":"https:\/\/minubaltic.ee\/lt\/wp-json\/wp\/v2\/product\/37362\/revisions\/37401"}],"wp:featuredmedia":[{"embeddable":true,"href":"https:\/\/minubaltic.ee\/lt\/wp-json\/wp\/v2\/media\/37367"}],"wp:attachment":[{"href":"https:\/\/minubaltic.ee\/lt\/wp-json\/wp\/v2\/media?parent=37362"}],"wp:term":[{"taxonomy":"product_brand","embeddable":true,"href":"https:\/\/minubaltic.ee\/lt\/wp-json\/wp\/v2\/product_brand?post=37362"},{"taxonomy":"product_cat","embeddable":true,"href":"https:\/\/minubaltic.ee\/lt\/wp-json\/wp\/v2\/product_cat?post=37362"},{"taxonomy":"product_tag","embeddable":true,"href":"https:\/\/minubaltic.ee\/lt\/wp-json\/wp\/v2\/product_tag?post=37362"}],"curies":[{"name":"wp","href":"https:\/\/api.w.org\/{rel}","templated":true}]}}