{"id":35316,"date":"2024-09-06T16:19:58","date_gmt":"2024-09-06T13:19:58","guid":{"rendered":"https:\/\/minubaltic.ee\/?post_type=product&#038;p=35316"},"modified":"2024-09-06T16:53:15","modified_gmt":"2024-09-06T13:53:15","slug":"velvet-patalynes-komplektas-nuodinga-zalia","status":"publish","type":"product","link":"https:\/\/minubaltic.ee\/lt\/e-pood\/patalynes-komplektai\/velvet-patalynes-komplektas-nuodinga-zalia\/","title":{"rendered":"Velvet patalyn\u0117s komplektas | Nuodinga \u017ealia"},"content":{"rendered":"<ul>\n<li><span class=\"product-attribute__label\"><strong>Audinio sud\u0117tis: <\/strong>100 % velvet<\/span><\/li>\n<li><strong>Antklod\u0117s u\u017evalkalas<span class=\"product-attribute__label\">:<\/span><\/strong> 200\u00d7230<\/li>\n<li><strong>Paklod\u0117<span class=\"product-attribute__label\">:<\/span><\/strong> 230\u00d7240<\/li>\n<li><strong>Pagalv\u0117s u\u017evalkalas<span class=\"product-attribute__label\">:<\/span><\/strong> 50\u00d770 (2 vnt.)<\/li>\n<li>Produkt\u0173 nuotraukos yra iliustracin\u0117s<\/li>\n<\/ul>\n","protected":false},"excerpt":{"rendered":"<p>Vienintelis patalyn\u0117s komplektas, kuris itin mink\u0161tas ir \u0161iltas. P\u016bkuotos aksomin\u0117s tekst\u016bros antklod\u0117s u\u017evalkalas, kuris j\u016bs\u0173 miegamajam suteikia elegancijos ir esteti\u0161kumo.<\/p>\n","protected":false},"featured_media":35321,"comment_status":"open","ping_status":"closed","template":"","meta":[],"product_brand":[],"product_cat":[553,619,614,599,631],"product_tag":[557,558,565,564],"class_list":{"0":"post-35316","1":"product","2":"type-product","3":"status-publish","4":"has-post-thumbnail","6":"product_cat-patalynes-komplektai","7":"product_cat-patalynes-komplektai-lt","8":"product_cat-patalynes-komplektai-200-230","9":"product_cat-velvet-patalynes-komplektai","10":"product_cat-velvet-patalynes-komplektai-lt","11":"product_tag-apsipirkti-el","12":"product_tag-e-parduotuve","13":"product_tag-patalyne","14":"product_tag-tekstile","16":"first","17":"outofstock","18":"sale","19":"shipping-taxable","20":"purchasable","21":"product-type-simple"},"yoast_head":"<!-- This site is optimized with the Yoast SEO plugin v27.3 - https:\/\/yoast.com\/product\/yoast-seo-wordpress\/ -->\n<title>Velvet patalyn\u0117s komplektas | Nuodinga \u017ealia - 50% nuolaida<\/title>\n<meta name=\"description\" content=\"Vienintelis patalyn\u0117s komplektas, kuris itin mink\u0161tas ir \u0161iltas. P\u016bkuotos aksomin\u0117s tekst\u016bros antklod\u0117s u\u017evalkalas, kuris j\u016bs\u0173 miegamajam...\" \/>\n<meta name=\"robots\" content=\"index, follow, max-snippet:-1, max-image-preview:large, max-video-preview:-1\" \/>\n<link rel=\"canonical\" href=\"https:\/\/minubaltic.ee\/lt\/e-pood\/patalynes-komplektai\/velvet-patalynes-komplektas-nuodinga-zalia\/\" \/>\n<meta property=\"og:locale\" content=\"lt_LT\" \/>\n<meta property=\"og:type\" content=\"article\" \/>\n<meta property=\"og:title\" content=\"Velvet patalyn\u0117s komplektas | Nuodinga \u017ealia - 50% nuolaida\" \/>\n<meta property=\"og:description\" content=\"Vienintelis patalyn\u0117s komplektas, kuris itin mink\u0161tas ir \u0161iltas. P\u016bkuotos aksomin\u0117s tekst\u016bros antklod\u0117s u\u017evalkalas, kuris j\u016bs\u0173 miegamajam...\" \/>\n<meta property=\"og:url\" content=\"https:\/\/minubaltic.ee\/lt\/e-pood\/patalynes-komplektai\/velvet-patalynes-komplektas-nuodinga-zalia\/\" \/>\n<meta property=\"article:publisher\" content=\"https:\/\/www.facebook.com\/minubaltic\" \/>\n<meta property=\"article:modified_time\" content=\"2024-09-06T13:53:15+00:00\" \/>\n<meta property=\"og:image\" content=\"https:\/\/minubaltic.ee\/wp-content\/uploads\/2024\/09\/Velvet-voodipesukomplekt-13.jpg\" \/>\n\t<meta property=\"og:image:width\" content=\"800\" \/>\n\t<meta property=\"og:image:height\" content=\"800\" \/>\n\t<meta property=\"og:image:type\" content=\"image\/jpeg\" \/>\n<meta name=\"twitter:card\" content=\"summary_large_image\" \/>\n<meta name=\"twitter:label1\" content=\"Est. reading time\" \/>\n\t<meta name=\"twitter:data1\" content=\"1 minut\u0117\" \/>\n<script type=\"application\/ld+json\" class=\"yoast-schema-graph\">{\"@context\":\"https:\\\/\\\/schema.org\",\"@graph\":[{\"@type\":\"WebPage\",\"@id\":\"https:\\\/\\\/minubaltic.ee\\\/lt\\\/e-pood\\\/patalynes-komplektai\\\/velvet-patalynes-komplektas-nuodinga-zalia\\\/\",\"url\":\"https:\\\/\\\/minubaltic.ee\\\/lt\\\/e-pood\\\/patalynes-komplektai\\\/velvet-patalynes-komplektas-nuodinga-zalia\\\/\",\"name\":\"Velvet patalyn\u0117s komplektas | Nuodinga \u017ealia - 50% nuolaida\",\"isPartOf\":{\"@id\":\"https:\\\/\\\/minubaltic.ee\\\/lt\\\/#website\"},\"primaryImageOfPage\":{\"@id\":\"https:\\\/\\\/minubaltic.ee\\\/lt\\\/e-pood\\\/patalynes-komplektai\\\/velvet-patalynes-komplektas-nuodinga-zalia\\\/#primaryimage\"},\"image\":{\"@id\":\"https:\\\/\\\/minubaltic.ee\\\/lt\\\/e-pood\\\/patalynes-komplektai\\\/velvet-patalynes-komplektas-nuodinga-zalia\\\/#primaryimage\"},\"thumbnailUrl\":\"https:\\\/\\\/minubaltic.ee\\\/wp-content\\\/uploads\\\/2024\\\/09\\\/Velvet-voodipesukomplekt-13.jpg\",\"datePublished\":\"2024-09-06T13:19:58+00:00\",\"dateModified\":\"2024-09-06T13:53:15+00:00\",\"description\":\"Vienintelis patalyn\u0117s komplektas, kuris itin mink\u0161tas ir \u0161iltas. P\u016bkuotos aksomin\u0117s tekst\u016bros antklod\u0117s u\u017evalkalas, kuris j\u016bs\u0173 miegamajam...\",\"breadcrumb\":{\"@id\":\"https:\\\/\\\/minubaltic.ee\\\/lt\\\/e-pood\\\/patalynes-komplektai\\\/velvet-patalynes-komplektas-nuodinga-zalia\\\/#breadcrumb\"},\"inLanguage\":\"lt-LT\",\"potentialAction\":[{\"@type\":\"ReadAction\",\"target\":[\"https:\\\/\\\/minubaltic.ee\\\/lt\\\/e-pood\\\/patalynes-komplektai\\\/velvet-patalynes-komplektas-nuodinga-zalia\\\/\"]}]},{\"@type\":\"ImageObject\",\"inLanguage\":\"lt-LT\",\"@id\":\"https:\\\/\\\/minubaltic.ee\\\/lt\\\/e-pood\\\/patalynes-komplektai\\\/velvet-patalynes-komplektas-nuodinga-zalia\\\/#primaryimage\",\"url\":\"https:\\\/\\\/minubaltic.ee\\\/wp-content\\\/uploads\\\/2024\\\/09\\\/Velvet-voodipesukomplekt-13.jpg\",\"contentUrl\":\"https:\\\/\\\/minubaltic.ee\\\/wp-content\\\/uploads\\\/2024\\\/09\\\/Velvet-voodipesukomplekt-13.jpg\",\"width\":800,\"height\":800},{\"@type\":\"BreadcrumbList\",\"@id\":\"https:\\\/\\\/minubaltic.ee\\\/lt\\\/e-pood\\\/patalynes-komplektai\\\/velvet-patalynes-komplektas-nuodinga-zalia\\\/#breadcrumb\",\"itemListElement\":[{\"@type\":\"ListItem\",\"position\":1,\"name\":\"Home\",\"item\":\"https:\\\/\\\/minubaltic.ee\\\/lt\\\/\"},{\"@type\":\"ListItem\",\"position\":2,\"name\":\"Parduotuv\u0117\",\"item\":\"https:\\\/\\\/minubaltic.ee\\\/lt\\\/parduotuve\\\/\"},{\"@type\":\"ListItem\",\"position\":3,\"name\":\"Velvet patalyn\u0117s komplektas | Nuodinga \u017ealia\"}]},{\"@type\":\"WebSite\",\"@id\":\"https:\\\/\\\/minubaltic.ee\\\/lt\\\/#website\",\"url\":\"https:\\\/\\\/minubaltic.ee\\\/lt\\\/\",\"name\":\"minubaltic.ee\",\"description\":\"\",\"publisher\":{\"@id\":\"https:\\\/\\\/minubaltic.ee\\\/lt\\\/#organization\"},\"potentialAction\":[{\"@type\":\"SearchAction\",\"target\":{\"@type\":\"EntryPoint\",\"urlTemplate\":\"https:\\\/\\\/minubaltic.ee\\\/lt\\\/?s={search_term_string}\"},\"query-input\":{\"@type\":\"PropertyValueSpecification\",\"valueRequired\":true,\"valueName\":\"search_term_string\"}}],\"inLanguage\":\"lt-LT\"},{\"@type\":\"Organization\",\"@id\":\"https:\\\/\\\/minubaltic.ee\\\/lt\\\/#organization\",\"name\":\"Minu Baltic O\u00dc\",\"url\":\"https:\\\/\\\/minubaltic.ee\\\/lt\\\/\",\"logo\":{\"@type\":\"ImageObject\",\"inLanguage\":\"lt-LT\",\"@id\":\"https:\\\/\\\/minubaltic.ee\\\/lt\\\/#\\\/schema\\\/logo\\\/image\\\/\",\"url\":\"https:\\\/\\\/minubaltic.ee\\\/wp-content\\\/uploads\\\/2023\\\/10\\\/cropped-cropped-cropped-logo.png\",\"contentUrl\":\"https:\\\/\\\/minubaltic.ee\\\/wp-content\\\/uploads\\\/2023\\\/10\\\/cropped-cropped-cropped-logo.png\",\"width\":500,\"height\":237,\"caption\":\"Minu Baltic O\u00dc\"},\"image\":{\"@id\":\"https:\\\/\\\/minubaltic.ee\\\/lt\\\/#\\\/schema\\\/logo\\\/image\\\/\"},\"sameAs\":[\"https:\\\/\\\/www.facebook.com\\\/minubaltic\"]}]}<\/script>\n<!-- \/ Yoast SEO plugin. -->","yoast_head_json":{"title":"Velvet patalyn\u0117s komplektas | Nuodinga \u017ealia - 50% nuolaida","description":"Vienintelis patalyn\u0117s komplektas, kuris itin mink\u0161tas ir \u0161iltas. P\u016bkuotos aksomin\u0117s tekst\u016bros antklod\u0117s u\u017evalkalas, kuris j\u016bs\u0173 miegamajam...","robots":{"index":"index","follow":"follow","max-snippet":"max-snippet:-1","max-image-preview":"max-image-preview:large","max-video-preview":"max-video-preview:-1"},"canonical":"https:\/\/minubaltic.ee\/lt\/e-pood\/patalynes-komplektai\/velvet-patalynes-komplektas-nuodinga-zalia\/","og_locale":"lt_LT","og_type":"article","og_title":"Velvet patalyn\u0117s komplektas | Nuodinga \u017ealia - 50% nuolaida","og_description":"Vienintelis patalyn\u0117s komplektas, kuris itin mink\u0161tas ir \u0161iltas. P\u016bkuotos aksomin\u0117s tekst\u016bros antklod\u0117s u\u017evalkalas, kuris j\u016bs\u0173 miegamajam...","og_url":"https:\/\/minubaltic.ee\/lt\/e-pood\/patalynes-komplektai\/velvet-patalynes-komplektas-nuodinga-zalia\/","article_publisher":"https:\/\/www.facebook.com\/minubaltic","article_modified_time":"2024-09-06T13:53:15+00:00","og_image":[{"width":800,"height":800,"url":"https:\/\/minubaltic.ee\/wp-content\/uploads\/2024\/09\/Velvet-voodipesukomplekt-13.jpg","type":"image\/jpeg"}],"twitter_card":"summary_large_image","twitter_misc":{"Est. reading time":"1 minut\u0117"},"schema":{"@context":"https:\/\/schema.org","@graph":[{"@type":"WebPage","@id":"https:\/\/minubaltic.ee\/lt\/e-pood\/patalynes-komplektai\/velvet-patalynes-komplektas-nuodinga-zalia\/","url":"https:\/\/minubaltic.ee\/lt\/e-pood\/patalynes-komplektai\/velvet-patalynes-komplektas-nuodinga-zalia\/","name":"Velvet patalyn\u0117s komplektas | Nuodinga \u017ealia - 50% nuolaida","isPartOf":{"@id":"https:\/\/minubaltic.ee\/lt\/#website"},"primaryImageOfPage":{"@id":"https:\/\/minubaltic.ee\/lt\/e-pood\/patalynes-komplektai\/velvet-patalynes-komplektas-nuodinga-zalia\/#primaryimage"},"image":{"@id":"https:\/\/minubaltic.ee\/lt\/e-pood\/patalynes-komplektai\/velvet-patalynes-komplektas-nuodinga-zalia\/#primaryimage"},"thumbnailUrl":"https:\/\/minubaltic.ee\/wp-content\/uploads\/2024\/09\/Velvet-voodipesukomplekt-13.jpg","datePublished":"2024-09-06T13:19:58+00:00","dateModified":"2024-09-06T13:53:15+00:00","description":"Vienintelis patalyn\u0117s komplektas, kuris itin mink\u0161tas ir \u0161iltas. P\u016bkuotos aksomin\u0117s tekst\u016bros antklod\u0117s u\u017evalkalas, kuris j\u016bs\u0173 miegamajam...","breadcrumb":{"@id":"https:\/\/minubaltic.ee\/lt\/e-pood\/patalynes-komplektai\/velvet-patalynes-komplektas-nuodinga-zalia\/#breadcrumb"},"inLanguage":"lt-LT","potentialAction":[{"@type":"ReadAction","target":["https:\/\/minubaltic.ee\/lt\/e-pood\/patalynes-komplektai\/velvet-patalynes-komplektas-nuodinga-zalia\/"]}]},{"@type":"ImageObject","inLanguage":"lt-LT","@id":"https:\/\/minubaltic.ee\/lt\/e-pood\/patalynes-komplektai\/velvet-patalynes-komplektas-nuodinga-zalia\/#primaryimage","url":"https:\/\/minubaltic.ee\/wp-content\/uploads\/2024\/09\/Velvet-voodipesukomplekt-13.jpg","contentUrl":"https:\/\/minubaltic.ee\/wp-content\/uploads\/2024\/09\/Velvet-voodipesukomplekt-13.jpg","width":800,"height":800},{"@type":"BreadcrumbList","@id":"https:\/\/minubaltic.ee\/lt\/e-pood\/patalynes-komplektai\/velvet-patalynes-komplektas-nuodinga-zalia\/#breadcrumb","itemListElement":[{"@type":"ListItem","position":1,"name":"Home","item":"https:\/\/minubaltic.ee\/lt\/"},{"@type":"ListItem","position":2,"name":"Parduotuv\u0117","item":"https:\/\/minubaltic.ee\/lt\/parduotuve\/"},{"@type":"ListItem","position":3,"name":"Velvet patalyn\u0117s komplektas | Nuodinga \u017ealia"}]},{"@type":"WebSite","@id":"https:\/\/minubaltic.ee\/lt\/#website","url":"https:\/\/minubaltic.ee\/lt\/","name":"minubaltic.ee","description":"","publisher":{"@id":"https:\/\/minubaltic.ee\/lt\/#organization"},"potentialAction":[{"@type":"SearchAction","target":{"@type":"EntryPoint","urlTemplate":"https:\/\/minubaltic.ee\/lt\/?s={search_term_string}"},"query-input":{"@type":"PropertyValueSpecification","valueRequired":true,"valueName":"search_term_string"}}],"inLanguage":"lt-LT"},{"@type":"Organization","@id":"https:\/\/minubaltic.ee\/lt\/#organization","name":"Minu Baltic O\u00dc","url":"https:\/\/minubaltic.ee\/lt\/","logo":{"@type":"ImageObject","inLanguage":"lt-LT","@id":"https:\/\/minubaltic.ee\/lt\/#\/schema\/logo\/image\/","url":"https:\/\/minubaltic.ee\/wp-content\/uploads\/2023\/10\/cropped-cropped-cropped-logo.png","contentUrl":"https:\/\/minubaltic.ee\/wp-content\/uploads\/2023\/10\/cropped-cropped-cropped-logo.png","width":500,"height":237,"caption":"Minu Baltic O\u00dc"},"image":{"@id":"https:\/\/minubaltic.ee\/lt\/#\/schema\/logo\/image\/"},"sameAs":["https:\/\/www.facebook.com\/minubaltic"]}]}},"_links":{"self":[{"href":"https:\/\/minubaltic.ee\/lt\/wp-json\/wp\/v2\/product\/35316","targetHints":{"allow":["GET"]}}],"collection":[{"href":"https:\/\/minubaltic.ee\/lt\/wp-json\/wp\/v2\/product"}],"about":[{"href":"https:\/\/minubaltic.ee\/lt\/wp-json\/wp\/v2\/types\/product"}],"replies":[{"embeddable":true,"href":"https:\/\/minubaltic.ee\/lt\/wp-json\/wp\/v2\/comments?post=35316"}],"version-history":[{"count":2,"href":"https:\/\/minubaltic.ee\/lt\/wp-json\/wp\/v2\/product\/35316\/revisions"}],"predecessor-version":[{"id":35469,"href":"https:\/\/minubaltic.ee\/lt\/wp-json\/wp\/v2\/product\/35316\/revisions\/35469"}],"wp:featuredmedia":[{"embeddable":true,"href":"https:\/\/minubaltic.ee\/lt\/wp-json\/wp\/v2\/media\/35321"}],"wp:attachment":[{"href":"https:\/\/minubaltic.ee\/lt\/wp-json\/wp\/v2\/media?parent=35316"}],"wp:term":[{"taxonomy":"product_brand","embeddable":true,"href":"https:\/\/minubaltic.ee\/lt\/wp-json\/wp\/v2\/product_brand?post=35316"},{"taxonomy":"product_cat","embeddable":true,"href":"https:\/\/minubaltic.ee\/lt\/wp-json\/wp\/v2\/product_cat?post=35316"},{"taxonomy":"product_tag","embeddable":true,"href":"https:\/\/minubaltic.ee\/lt\/wp-json\/wp\/v2\/product_tag?post=35316"}],"curies":[{"name":"wp","href":"https:\/\/api.w.org\/{rel}","templated":true}]}}