{"id":35021,"date":"2024-09-05T17:51:16","date_gmt":"2024-09-05T14:51:16","guid":{"rendered":"https:\/\/minubaltic.ee\/?post_type=product&#038;p=35021"},"modified":"2024-09-23T23:27:00","modified_gmt":"2024-09-23T20:27:00","slug":"vonios-ranksluostis-70x140-vandenynas","status":"publish","type":"product","link":"https:\/\/minubaltic.ee\/lt\/e-pood\/bambukiniai-ranksluosciai\/bambukiniai-vonios-ranksluosciai\/vonios-ranksluostis-70x140-vandenynas\/","title":{"rendered":"Vonios rank\u0161luostis 70&#215;140 (Vandenynas)"},"content":{"rendered":"<p>Mink\u0161tas ir \u0161velnus rank\u0161luostis yra b\u016btinas kiekviename vonios kambaryje. M\u016bs\u0173 asortimente rasite \u012fvairi\u0173 vonios rank\u0161luos\u010di\u0173 modeli\u0173 ir komplekt\u0173 pagal pageidaujam\u0105 tank\u012f ir matmenis.<\/p>\n","protected":false},"excerpt":{"rendered":"<ul>\n<li><span class=\"product-attribute__label\">Audinio sud\u0117tis: 100% bambukas<\/span><\/li>\n<li>Produktas pakuot\u0117je: 1 vnt.<\/li>\n<li>I\u0161matavimai: 70&#215;140 cm<\/li>\n<li>Svoris: 400 g\/m2<\/li>\n<\/ul>\n","protected":false},"featured_media":35026,"comment_status":"open","ping_status":"closed","template":"","meta":[],"product_brand":[],"product_cat":[799,798,541,546,731],"product_tag":[557,558,559,561,564],"class_list":{"0":"post-35021","1":"product","2":"type-product","3":"status-publish","4":"has-post-thumbnail","6":"product_cat-bambukiniai-ranksluosciai","7":"product_cat-bambukiniai-vonios-ranksluosciai","8":"product_cat-ranksluosciai","9":"product_cat-vonios-ranksluosciai","10":"product_cat-vonios-ranksluosciai-70-140","11":"product_tag-apsipirkti-el","12":"product_tag-e-parduotuve","13":"product_tag-namu-tekstile","14":"product_tag-ranksluosciai","15":"product_tag-tekstile","17":"first","18":"instock","19":"shipping-taxable","20":"purchasable","21":"product-type-simple"},"yoast_head":"<!-- This site is optimized with the Yoast SEO plugin v27.3 - https:\/\/yoast.com\/product\/yoast-seo-wordpress\/ -->\n<title>Vonios rank\u0161luostis 70x140 (Vandenynas) - 5\u20ac<\/title>\n<meta name=\"description\" content=\"70x140 cm medvilninis rank\u0161luostis yra idealaus dyd\u017eio. Pasirinkite m\u0117gstam\u0105 spalv\u0105 ir m\u0117gaukit\u0117s mink\u0161tumu Su m\u016bs\u0173 medvilniniais rank\u0161luos\u010diais \u012fne\u0161...\" \/>\n<meta name=\"robots\" content=\"index, follow, max-snippet:-1, max-image-preview:large, max-video-preview:-1\" \/>\n<link rel=\"canonical\" href=\"https:\/\/minubaltic.ee\/lt\/e-pood\/bambukiniai-ranksluosciai\/bambukiniai-vonios-ranksluosciai\/vonios-ranksluostis-70x140-vandenynas\/\" \/>\n<meta property=\"og:locale\" content=\"lt_LT\" \/>\n<meta property=\"og:type\" content=\"article\" \/>\n<meta property=\"og:title\" content=\"Vonios rank\u0161luostis 70x140 (Vandenynas) - 5\u20ac\" \/>\n<meta property=\"og:description\" content=\"70x140 cm medvilninis rank\u0161luostis yra idealaus dyd\u017eio. Pasirinkite m\u0117gstam\u0105 spalv\u0105 ir m\u0117gaukit\u0117s mink\u0161tumu Su m\u016bs\u0173 medvilniniais rank\u0161luos\u010diais \u012fne\u0161...\" \/>\n<meta property=\"og:url\" content=\"https:\/\/minubaltic.ee\/lt\/e-pood\/bambukiniai-ranksluosciai\/bambukiniai-vonios-ranksluosciai\/vonios-ranksluostis-70x140-vandenynas\/\" \/>\n<meta property=\"article:publisher\" content=\"https:\/\/www.facebook.com\/minubaltic\" \/>\n<meta property=\"article:modified_time\" content=\"2024-09-23T20:27:00+00:00\" \/>\n<meta property=\"og:image\" content=\"https:\/\/minubaltic.ee\/wp-content\/uploads\/2024\/09\/Vanniratikud-70x140-cm-5.jpg\" \/>\n\t<meta property=\"og:image:width\" content=\"580\" \/>\n\t<meta property=\"og:image:height\" content=\"580\" \/>\n\t<meta property=\"og:image:type\" content=\"image\/jpeg\" \/>\n<meta name=\"twitter:card\" content=\"summary_large_image\" \/>\n<meta name=\"twitter:label1\" content=\"Est. reading time\" \/>\n\t<meta name=\"twitter:data1\" content=\"1 minut\u0117\" \/>\n<script type=\"application\/ld+json\" class=\"yoast-schema-graph\">{\"@context\":\"https:\\\/\\\/schema.org\",\"@graph\":[{\"@type\":\"WebPage\",\"@id\":\"https:\\\/\\\/minubaltic.ee\\\/lt\\\/e-pood\\\/bambukiniai-ranksluosciai\\\/bambukiniai-vonios-ranksluosciai\\\/vonios-ranksluostis-70x140-vandenynas\\\/\",\"url\":\"https:\\\/\\\/minubaltic.ee\\\/lt\\\/e-pood\\\/bambukiniai-ranksluosciai\\\/bambukiniai-vonios-ranksluosciai\\\/vonios-ranksluostis-70x140-vandenynas\\\/\",\"name\":\"Vonios rank\u0161luostis 70x140 (Vandenynas) - 5\u20ac\",\"isPartOf\":{\"@id\":\"https:\\\/\\\/minubaltic.ee\\\/lt\\\/#website\"},\"primaryImageOfPage\":{\"@id\":\"https:\\\/\\\/minubaltic.ee\\\/lt\\\/e-pood\\\/bambukiniai-ranksluosciai\\\/bambukiniai-vonios-ranksluosciai\\\/vonios-ranksluostis-70x140-vandenynas\\\/#primaryimage\"},\"image\":{\"@id\":\"https:\\\/\\\/minubaltic.ee\\\/lt\\\/e-pood\\\/bambukiniai-ranksluosciai\\\/bambukiniai-vonios-ranksluosciai\\\/vonios-ranksluostis-70x140-vandenynas\\\/#primaryimage\"},\"thumbnailUrl\":\"https:\\\/\\\/minubaltic.ee\\\/wp-content\\\/uploads\\\/2024\\\/09\\\/Vanniratikud-70x140-cm-5.jpg\",\"datePublished\":\"2024-09-05T14:51:16+00:00\",\"dateModified\":\"2024-09-23T20:27:00+00:00\",\"description\":\"70x140 cm medvilninis rank\u0161luostis yra idealaus dyd\u017eio. Pasirinkite m\u0117gstam\u0105 spalv\u0105 ir m\u0117gaukit\u0117s mink\u0161tumu Su m\u016bs\u0173 medvilniniais rank\u0161luos\u010diais \u012fne\u0161...\",\"breadcrumb\":{\"@id\":\"https:\\\/\\\/minubaltic.ee\\\/lt\\\/e-pood\\\/bambukiniai-ranksluosciai\\\/bambukiniai-vonios-ranksluosciai\\\/vonios-ranksluostis-70x140-vandenynas\\\/#breadcrumb\"},\"inLanguage\":\"lt-LT\",\"potentialAction\":[{\"@type\":\"ReadAction\",\"target\":[\"https:\\\/\\\/minubaltic.ee\\\/lt\\\/e-pood\\\/bambukiniai-ranksluosciai\\\/bambukiniai-vonios-ranksluosciai\\\/vonios-ranksluostis-70x140-vandenynas\\\/\"]}]},{\"@type\":\"ImageObject\",\"inLanguage\":\"lt-LT\",\"@id\":\"https:\\\/\\\/minubaltic.ee\\\/lt\\\/e-pood\\\/bambukiniai-ranksluosciai\\\/bambukiniai-vonios-ranksluosciai\\\/vonios-ranksluostis-70x140-vandenynas\\\/#primaryimage\",\"url\":\"https:\\\/\\\/minubaltic.ee\\\/wp-content\\\/uploads\\\/2024\\\/09\\\/Vanniratikud-70x140-cm-5.jpg\",\"contentUrl\":\"https:\\\/\\\/minubaltic.ee\\\/wp-content\\\/uploads\\\/2024\\\/09\\\/Vanniratikud-70x140-cm-5.jpg\",\"width\":580,\"height\":580},{\"@type\":\"BreadcrumbList\",\"@id\":\"https:\\\/\\\/minubaltic.ee\\\/lt\\\/e-pood\\\/bambukiniai-ranksluosciai\\\/bambukiniai-vonios-ranksluosciai\\\/vonios-ranksluostis-70x140-vandenynas\\\/#breadcrumb\",\"itemListElement\":[{\"@type\":\"ListItem\",\"position\":1,\"name\":\"Home\",\"item\":\"https:\\\/\\\/minubaltic.ee\\\/lt\\\/\"},{\"@type\":\"ListItem\",\"position\":2,\"name\":\"Parduotuv\u0117\",\"item\":\"https:\\\/\\\/minubaltic.ee\\\/lt\\\/parduotuve\\\/\"},{\"@type\":\"ListItem\",\"position\":3,\"name\":\"Vonios rank\u0161luostis 70&#215;140 (Vandenynas)\"}]},{\"@type\":\"WebSite\",\"@id\":\"https:\\\/\\\/minubaltic.ee\\\/lt\\\/#website\",\"url\":\"https:\\\/\\\/minubaltic.ee\\\/lt\\\/\",\"name\":\"minubaltic.ee\",\"description\":\"\",\"publisher\":{\"@id\":\"https:\\\/\\\/minubaltic.ee\\\/lt\\\/#organization\"},\"potentialAction\":[{\"@type\":\"SearchAction\",\"target\":{\"@type\":\"EntryPoint\",\"urlTemplate\":\"https:\\\/\\\/minubaltic.ee\\\/lt\\\/?s={search_term_string}\"},\"query-input\":{\"@type\":\"PropertyValueSpecification\",\"valueRequired\":true,\"valueName\":\"search_term_string\"}}],\"inLanguage\":\"lt-LT\"},{\"@type\":\"Organization\",\"@id\":\"https:\\\/\\\/minubaltic.ee\\\/lt\\\/#organization\",\"name\":\"Minu Baltic O\u00dc\",\"url\":\"https:\\\/\\\/minubaltic.ee\\\/lt\\\/\",\"logo\":{\"@type\":\"ImageObject\",\"inLanguage\":\"lt-LT\",\"@id\":\"https:\\\/\\\/minubaltic.ee\\\/lt\\\/#\\\/schema\\\/logo\\\/image\\\/\",\"url\":\"https:\\\/\\\/minubaltic.ee\\\/wp-content\\\/uploads\\\/2023\\\/10\\\/cropped-cropped-cropped-logo.png\",\"contentUrl\":\"https:\\\/\\\/minubaltic.ee\\\/wp-content\\\/uploads\\\/2023\\\/10\\\/cropped-cropped-cropped-logo.png\",\"width\":500,\"height\":237,\"caption\":\"Minu Baltic O\u00dc\"},\"image\":{\"@id\":\"https:\\\/\\\/minubaltic.ee\\\/lt\\\/#\\\/schema\\\/logo\\\/image\\\/\"},\"sameAs\":[\"https:\\\/\\\/www.facebook.com\\\/minubaltic\"]}]}<\/script>\n<!-- \/ Yoast SEO plugin. -->","yoast_head_json":{"title":"Vonios rank\u0161luostis 70x140 (Vandenynas) - 5\u20ac","description":"70x140 cm medvilninis rank\u0161luostis yra idealaus dyd\u017eio. Pasirinkite m\u0117gstam\u0105 spalv\u0105 ir m\u0117gaukit\u0117s mink\u0161tumu Su m\u016bs\u0173 medvilniniais rank\u0161luos\u010diais \u012fne\u0161...","robots":{"index":"index","follow":"follow","max-snippet":"max-snippet:-1","max-image-preview":"max-image-preview:large","max-video-preview":"max-video-preview:-1"},"canonical":"https:\/\/minubaltic.ee\/lt\/e-pood\/bambukiniai-ranksluosciai\/bambukiniai-vonios-ranksluosciai\/vonios-ranksluostis-70x140-vandenynas\/","og_locale":"lt_LT","og_type":"article","og_title":"Vonios rank\u0161luostis 70x140 (Vandenynas) - 5\u20ac","og_description":"70x140 cm medvilninis rank\u0161luostis yra idealaus dyd\u017eio. Pasirinkite m\u0117gstam\u0105 spalv\u0105 ir m\u0117gaukit\u0117s mink\u0161tumu Su m\u016bs\u0173 medvilniniais rank\u0161luos\u010diais \u012fne\u0161...","og_url":"https:\/\/minubaltic.ee\/lt\/e-pood\/bambukiniai-ranksluosciai\/bambukiniai-vonios-ranksluosciai\/vonios-ranksluostis-70x140-vandenynas\/","article_publisher":"https:\/\/www.facebook.com\/minubaltic","article_modified_time":"2024-09-23T20:27:00+00:00","og_image":[{"width":580,"height":580,"url":"https:\/\/minubaltic.ee\/wp-content\/uploads\/2024\/09\/Vanniratikud-70x140-cm-5.jpg","type":"image\/jpeg"}],"twitter_card":"summary_large_image","twitter_misc":{"Est. reading time":"1 minut\u0117"},"schema":{"@context":"https:\/\/schema.org","@graph":[{"@type":"WebPage","@id":"https:\/\/minubaltic.ee\/lt\/e-pood\/bambukiniai-ranksluosciai\/bambukiniai-vonios-ranksluosciai\/vonios-ranksluostis-70x140-vandenynas\/","url":"https:\/\/minubaltic.ee\/lt\/e-pood\/bambukiniai-ranksluosciai\/bambukiniai-vonios-ranksluosciai\/vonios-ranksluostis-70x140-vandenynas\/","name":"Vonios rank\u0161luostis 70x140 (Vandenynas) - 5\u20ac","isPartOf":{"@id":"https:\/\/minubaltic.ee\/lt\/#website"},"primaryImageOfPage":{"@id":"https:\/\/minubaltic.ee\/lt\/e-pood\/bambukiniai-ranksluosciai\/bambukiniai-vonios-ranksluosciai\/vonios-ranksluostis-70x140-vandenynas\/#primaryimage"},"image":{"@id":"https:\/\/minubaltic.ee\/lt\/e-pood\/bambukiniai-ranksluosciai\/bambukiniai-vonios-ranksluosciai\/vonios-ranksluostis-70x140-vandenynas\/#primaryimage"},"thumbnailUrl":"https:\/\/minubaltic.ee\/wp-content\/uploads\/2024\/09\/Vanniratikud-70x140-cm-5.jpg","datePublished":"2024-09-05T14:51:16+00:00","dateModified":"2024-09-23T20:27:00+00:00","description":"70x140 cm medvilninis rank\u0161luostis yra idealaus dyd\u017eio. Pasirinkite m\u0117gstam\u0105 spalv\u0105 ir m\u0117gaukit\u0117s mink\u0161tumu Su m\u016bs\u0173 medvilniniais rank\u0161luos\u010diais \u012fne\u0161...","breadcrumb":{"@id":"https:\/\/minubaltic.ee\/lt\/e-pood\/bambukiniai-ranksluosciai\/bambukiniai-vonios-ranksluosciai\/vonios-ranksluostis-70x140-vandenynas\/#breadcrumb"},"inLanguage":"lt-LT","potentialAction":[{"@type":"ReadAction","target":["https:\/\/minubaltic.ee\/lt\/e-pood\/bambukiniai-ranksluosciai\/bambukiniai-vonios-ranksluosciai\/vonios-ranksluostis-70x140-vandenynas\/"]}]},{"@type":"ImageObject","inLanguage":"lt-LT","@id":"https:\/\/minubaltic.ee\/lt\/e-pood\/bambukiniai-ranksluosciai\/bambukiniai-vonios-ranksluosciai\/vonios-ranksluostis-70x140-vandenynas\/#primaryimage","url":"https:\/\/minubaltic.ee\/wp-content\/uploads\/2024\/09\/Vanniratikud-70x140-cm-5.jpg","contentUrl":"https:\/\/minubaltic.ee\/wp-content\/uploads\/2024\/09\/Vanniratikud-70x140-cm-5.jpg","width":580,"height":580},{"@type":"BreadcrumbList","@id":"https:\/\/minubaltic.ee\/lt\/e-pood\/bambukiniai-ranksluosciai\/bambukiniai-vonios-ranksluosciai\/vonios-ranksluostis-70x140-vandenynas\/#breadcrumb","itemListElement":[{"@type":"ListItem","position":1,"name":"Home","item":"https:\/\/minubaltic.ee\/lt\/"},{"@type":"ListItem","position":2,"name":"Parduotuv\u0117","item":"https:\/\/minubaltic.ee\/lt\/parduotuve\/"},{"@type":"ListItem","position":3,"name":"Vonios rank\u0161luostis 70&#215;140 (Vandenynas)"}]},{"@type":"WebSite","@id":"https:\/\/minubaltic.ee\/lt\/#website","url":"https:\/\/minubaltic.ee\/lt\/","name":"minubaltic.ee","description":"","publisher":{"@id":"https:\/\/minubaltic.ee\/lt\/#organization"},"potentialAction":[{"@type":"SearchAction","target":{"@type":"EntryPoint","urlTemplate":"https:\/\/minubaltic.ee\/lt\/?s={search_term_string}"},"query-input":{"@type":"PropertyValueSpecification","valueRequired":true,"valueName":"search_term_string"}}],"inLanguage":"lt-LT"},{"@type":"Organization","@id":"https:\/\/minubaltic.ee\/lt\/#organization","name":"Minu Baltic O\u00dc","url":"https:\/\/minubaltic.ee\/lt\/","logo":{"@type":"ImageObject","inLanguage":"lt-LT","@id":"https:\/\/minubaltic.ee\/lt\/#\/schema\/logo\/image\/","url":"https:\/\/minubaltic.ee\/wp-content\/uploads\/2023\/10\/cropped-cropped-cropped-logo.png","contentUrl":"https:\/\/minubaltic.ee\/wp-content\/uploads\/2023\/10\/cropped-cropped-cropped-logo.png","width":500,"height":237,"caption":"Minu Baltic O\u00dc"},"image":{"@id":"https:\/\/minubaltic.ee\/lt\/#\/schema\/logo\/image\/"},"sameAs":["https:\/\/www.facebook.com\/minubaltic"]}]}},"_links":{"self":[{"href":"https:\/\/minubaltic.ee\/lt\/wp-json\/wp\/v2\/product\/35021","targetHints":{"allow":["GET"]}}],"collection":[{"href":"https:\/\/minubaltic.ee\/lt\/wp-json\/wp\/v2\/product"}],"about":[{"href":"https:\/\/minubaltic.ee\/lt\/wp-json\/wp\/v2\/types\/product"}],"replies":[{"embeddable":true,"href":"https:\/\/minubaltic.ee\/lt\/wp-json\/wp\/v2\/comments?post=35021"}],"version-history":[{"count":3,"href":"https:\/\/minubaltic.ee\/lt\/wp-json\/wp\/v2\/product\/35021\/revisions"}],"predecessor-version":[{"id":36202,"href":"https:\/\/minubaltic.ee\/lt\/wp-json\/wp\/v2\/product\/35021\/revisions\/36202"}],"wp:featuredmedia":[{"embeddable":true,"href":"https:\/\/minubaltic.ee\/lt\/wp-json\/wp\/v2\/media\/35026"}],"wp:attachment":[{"href":"https:\/\/minubaltic.ee\/lt\/wp-json\/wp\/v2\/media?parent=35021"}],"wp:term":[{"taxonomy":"product_brand","embeddable":true,"href":"https:\/\/minubaltic.ee\/lt\/wp-json\/wp\/v2\/product_brand?post=35021"},{"taxonomy":"product_cat","embeddable":true,"href":"https:\/\/minubaltic.ee\/lt\/wp-json\/wp\/v2\/product_cat?post=35021"},{"taxonomy":"product_tag","embeddable":true,"href":"https:\/\/minubaltic.ee\/lt\/wp-json\/wp\/v2\/product_tag?post=35021"}],"curies":[{"name":"wp","href":"https:\/\/api.w.org\/{rel}","templated":true}]}}