{"id":34899,"date":"2024-09-04T17:13:51","date_gmt":"2024-09-04T14:13:51","guid":{"rendered":"https:\/\/minubaltic.ee\/?post_type=product&#038;p=34899"},"modified":"2024-09-04T17:34:40","modified_gmt":"2024-09-04T14:34:40","slug":"auksciausios-kokybes-patalynes-komplektas-laukine-roze-liocelis-medvilne","status":"publish","type":"product","link":"https:\/\/minubaltic.ee\/lt\/e-pood\/patalynes-komplektai\/auksciausios-kokybes-patalynes-komplektas-laukine-roze-liocelis-medvilne\/","title":{"rendered":"Auk\u0161\u010diausios kokyb\u0117s patalyn\u0117s komplektas Laukin\u0117 ro\u017e\u0117 | Liocelis\/Medviln\u0117"},"content":{"rendered":"<p>Liocelio ir medviln\u0117s mi\u0161inio patalyn\u0117s komplektas sujungia prabang\u0173 mink\u0161tum\u0105 ir kv\u0117puojant\u012f komfort\u0105. Liocelis, \u017einomas d\u0117l \u0161ilkin\u0117s tekst\u016bros ir dr\u0117gm\u0119 sugerian\u010di\u0173 savybi\u0173, u\u017etikrina gaivum\u0105 vis\u0105 nakt\u012f. Medviln\u0117 padidina patvarum\u0105 ir nat\u016bral\u0173 kv\u0117pavim\u0105, tod\u0117l rinkinys idealiai tinka kasdieniam naudojimui.<\/p>\n","protected":false},"excerpt":{"rendered":"<p><strong>Med\u017eiaga:<\/strong> 70% Liocelis, 30% Medviln\u0117<br \/>\n<strong>Patogumas:<\/strong> kv\u0117puojantis ir mink\u0161ta tekst\u016bra<br \/>\n<strong>Rinkinio turinys:<\/strong> 1 u\u017evalkalas antklodei, 2 pagalv\u0117s u\u017evalkalas<br \/>\n<strong>Antklod\u0117s u\u017evalkalas:<\/strong> 200\u00d7220<br \/>\n<strong>Pagalv\u0117s u\u017evalkalas:<\/strong> 50\u00d775 (2 vnt.)<\/p>\n","protected":false},"featured_media":34911,"comment_status":"open","ping_status":"closed","template":"","meta":[],"product_brand":[],"product_cat":[768,870,823,828,553,619,555],"product_tag":[558,559,564],"class_list":{"0":"post-34899","1":"product","2":"type-product","3":"status-publish","4":"has-post-thumbnail","6":"product_cat-ekologiska-patalyne","7":"product_cat-lyocell-patalyne","8":"product_cat-medvilnine-patalyne","9":"product_cat-medvilniniai-patalynes-komplektai","10":"product_cat-patalynes-komplektai","11":"product_cat-patalynes-komplektai-lt","12":"product_cat-patalynes-komplektai-200-220","13":"product_tag-e-parduotuve","14":"product_tag-namu-tekstile","15":"product_tag-tekstile","17":"first","18":"instock","19":"shipping-taxable","20":"purchasable","21":"product-type-simple"},"yoast_head":"<!-- This site is optimized with the Yoast SEO plugin v27.3 - https:\/\/yoast.com\/product\/yoast-seo-wordpress\/ -->\n<title>Auk\u0161\u010diausios kokyb\u0117s patalyn\u0117s komplektas Laukin\u0117 ro\u017e\u0117 | Liocelis<\/title>\n<meta name=\"description\" content=\"Liocelio ir medviln\u0117s mi\u0161inio patalyn\u0117s komplektas sujungia prabang\u0173 mink\u0161tum\u0105 ir kv\u0117puojant\u012f komfort\u0105. Liocelis, \u017einomas d\u0117l \u0161ilkin\u0117s tekst\u016bros ir dr\u0117g...\" \/>\n<meta name=\"robots\" content=\"index, follow, max-snippet:-1, max-image-preview:large, max-video-preview:-1\" \/>\n<link rel=\"canonical\" href=\"https:\/\/minubaltic.ee\/lt\/e-pood\/patalynes-komplektai\/auksciausios-kokybes-patalynes-komplektas-laukine-roze-liocelis-medvilne\/\" \/>\n<meta property=\"og:locale\" content=\"lt_LT\" \/>\n<meta property=\"og:type\" content=\"article\" \/>\n<meta property=\"og:title\" content=\"Auk\u0161\u010diausios kokyb\u0117s patalyn\u0117s komplektas Laukin\u0117 ro\u017e\u0117 | Liocelis\" \/>\n<meta property=\"og:description\" content=\"Liocelio ir medviln\u0117s mi\u0161inio patalyn\u0117s komplektas sujungia prabang\u0173 mink\u0161tum\u0105 ir kv\u0117puojant\u012f komfort\u0105. Liocelis, \u017einomas d\u0117l \u0161ilkin\u0117s tekst\u016bros ir dr\u0117g...\" \/>\n<meta property=\"og:url\" content=\"https:\/\/minubaltic.ee\/lt\/e-pood\/patalynes-komplektai\/auksciausios-kokybes-patalynes-komplektas-laukine-roze-liocelis-medvilne\/\" \/>\n<meta property=\"article:publisher\" content=\"https:\/\/www.facebook.com\/minubaltic\" \/>\n<meta property=\"article:modified_time\" content=\"2024-09-04T14:34:40+00:00\" \/>\n<meta property=\"og:image\" content=\"https:\/\/minubaltic.ee\/wp-content\/uploads\/2024\/09\/Puuvillased-voodipesukomplekt-43.jpg\" \/>\n\t<meta property=\"og:image:width\" content=\"800\" \/>\n\t<meta property=\"og:image:height\" content=\"800\" \/>\n\t<meta property=\"og:image:type\" content=\"image\/jpeg\" \/>\n<meta name=\"twitter:card\" content=\"summary_large_image\" \/>\n<meta name=\"twitter:label1\" content=\"Est. reading time\" \/>\n\t<meta name=\"twitter:data1\" content=\"1 minut\u0117\" \/>\n<script type=\"application\/ld+json\" class=\"yoast-schema-graph\">{\"@context\":\"https:\\\/\\\/schema.org\",\"@graph\":[{\"@type\":\"WebPage\",\"@id\":\"https:\\\/\\\/minubaltic.ee\\\/lt\\\/e-pood\\\/patalynes-komplektai\\\/auksciausios-kokybes-patalynes-komplektas-laukine-roze-liocelis-medvilne\\\/\",\"url\":\"https:\\\/\\\/minubaltic.ee\\\/lt\\\/e-pood\\\/patalynes-komplektai\\\/auksciausios-kokybes-patalynes-komplektas-laukine-roze-liocelis-medvilne\\\/\",\"name\":\"Auk\u0161\u010diausios kokyb\u0117s patalyn\u0117s komplektas Laukin\u0117 ro\u017e\u0117 | Liocelis\",\"isPartOf\":{\"@id\":\"https:\\\/\\\/minubaltic.ee\\\/lt\\\/#website\"},\"primaryImageOfPage\":{\"@id\":\"https:\\\/\\\/minubaltic.ee\\\/lt\\\/e-pood\\\/patalynes-komplektai\\\/auksciausios-kokybes-patalynes-komplektas-laukine-roze-liocelis-medvilne\\\/#primaryimage\"},\"image\":{\"@id\":\"https:\\\/\\\/minubaltic.ee\\\/lt\\\/e-pood\\\/patalynes-komplektai\\\/auksciausios-kokybes-patalynes-komplektas-laukine-roze-liocelis-medvilne\\\/#primaryimage\"},\"thumbnailUrl\":\"https:\\\/\\\/minubaltic.ee\\\/wp-content\\\/uploads\\\/2024\\\/09\\\/Puuvillased-voodipesukomplekt-43.jpg\",\"datePublished\":\"2024-09-04T14:13:51+00:00\",\"dateModified\":\"2024-09-04T14:34:40+00:00\",\"description\":\"Liocelio ir medviln\u0117s mi\u0161inio patalyn\u0117s komplektas sujungia prabang\u0173 mink\u0161tum\u0105 ir kv\u0117puojant\u012f komfort\u0105. Liocelis, \u017einomas d\u0117l \u0161ilkin\u0117s tekst\u016bros ir dr\u0117g...\",\"breadcrumb\":{\"@id\":\"https:\\\/\\\/minubaltic.ee\\\/lt\\\/e-pood\\\/patalynes-komplektai\\\/auksciausios-kokybes-patalynes-komplektas-laukine-roze-liocelis-medvilne\\\/#breadcrumb\"},\"inLanguage\":\"lt-LT\",\"potentialAction\":[{\"@type\":\"ReadAction\",\"target\":[\"https:\\\/\\\/minubaltic.ee\\\/lt\\\/e-pood\\\/patalynes-komplektai\\\/auksciausios-kokybes-patalynes-komplektas-laukine-roze-liocelis-medvilne\\\/\"]}]},{\"@type\":\"ImageObject\",\"inLanguage\":\"lt-LT\",\"@id\":\"https:\\\/\\\/minubaltic.ee\\\/lt\\\/e-pood\\\/patalynes-komplektai\\\/auksciausios-kokybes-patalynes-komplektas-laukine-roze-liocelis-medvilne\\\/#primaryimage\",\"url\":\"https:\\\/\\\/minubaltic.ee\\\/wp-content\\\/uploads\\\/2024\\\/09\\\/Puuvillased-voodipesukomplekt-43.jpg\",\"contentUrl\":\"https:\\\/\\\/minubaltic.ee\\\/wp-content\\\/uploads\\\/2024\\\/09\\\/Puuvillased-voodipesukomplekt-43.jpg\",\"width\":800,\"height\":800},{\"@type\":\"BreadcrumbList\",\"@id\":\"https:\\\/\\\/minubaltic.ee\\\/lt\\\/e-pood\\\/patalynes-komplektai\\\/auksciausios-kokybes-patalynes-komplektas-laukine-roze-liocelis-medvilne\\\/#breadcrumb\",\"itemListElement\":[{\"@type\":\"ListItem\",\"position\":1,\"name\":\"Home\",\"item\":\"https:\\\/\\\/minubaltic.ee\\\/lt\\\/\"},{\"@type\":\"ListItem\",\"position\":2,\"name\":\"Parduotuv\u0117\",\"item\":\"https:\\\/\\\/minubaltic.ee\\\/lt\\\/parduotuve\\\/\"},{\"@type\":\"ListItem\",\"position\":3,\"name\":\"Auk\u0161\u010diausios kokyb\u0117s patalyn\u0117s komplektas Laukin\u0117 ro\u017e\u0117 | Liocelis\\\/Medviln\u0117\"}]},{\"@type\":\"WebSite\",\"@id\":\"https:\\\/\\\/minubaltic.ee\\\/lt\\\/#website\",\"url\":\"https:\\\/\\\/minubaltic.ee\\\/lt\\\/\",\"name\":\"minubaltic.ee\",\"description\":\"\",\"publisher\":{\"@id\":\"https:\\\/\\\/minubaltic.ee\\\/lt\\\/#organization\"},\"potentialAction\":[{\"@type\":\"SearchAction\",\"target\":{\"@type\":\"EntryPoint\",\"urlTemplate\":\"https:\\\/\\\/minubaltic.ee\\\/lt\\\/?s={search_term_string}\"},\"query-input\":{\"@type\":\"PropertyValueSpecification\",\"valueRequired\":true,\"valueName\":\"search_term_string\"}}],\"inLanguage\":\"lt-LT\"},{\"@type\":\"Organization\",\"@id\":\"https:\\\/\\\/minubaltic.ee\\\/lt\\\/#organization\",\"name\":\"Minu Baltic O\u00dc\",\"url\":\"https:\\\/\\\/minubaltic.ee\\\/lt\\\/\",\"logo\":{\"@type\":\"ImageObject\",\"inLanguage\":\"lt-LT\",\"@id\":\"https:\\\/\\\/minubaltic.ee\\\/lt\\\/#\\\/schema\\\/logo\\\/image\\\/\",\"url\":\"https:\\\/\\\/minubaltic.ee\\\/wp-content\\\/uploads\\\/2023\\\/10\\\/cropped-cropped-cropped-logo.png\",\"contentUrl\":\"https:\\\/\\\/minubaltic.ee\\\/wp-content\\\/uploads\\\/2023\\\/10\\\/cropped-cropped-cropped-logo.png\",\"width\":500,\"height\":237,\"caption\":\"Minu Baltic O\u00dc\"},\"image\":{\"@id\":\"https:\\\/\\\/minubaltic.ee\\\/lt\\\/#\\\/schema\\\/logo\\\/image\\\/\"},\"sameAs\":[\"https:\\\/\\\/www.facebook.com\\\/minubaltic\"]}]}<\/script>\n<!-- \/ Yoast SEO plugin. -->","yoast_head_json":{"title":"Auk\u0161\u010diausios kokyb\u0117s patalyn\u0117s komplektas Laukin\u0117 ro\u017e\u0117 | Liocelis","description":"Liocelio ir medviln\u0117s mi\u0161inio patalyn\u0117s komplektas sujungia prabang\u0173 mink\u0161tum\u0105 ir kv\u0117puojant\u012f komfort\u0105. Liocelis, \u017einomas d\u0117l \u0161ilkin\u0117s tekst\u016bros ir dr\u0117g...","robots":{"index":"index","follow":"follow","max-snippet":"max-snippet:-1","max-image-preview":"max-image-preview:large","max-video-preview":"max-video-preview:-1"},"canonical":"https:\/\/minubaltic.ee\/lt\/e-pood\/patalynes-komplektai\/auksciausios-kokybes-patalynes-komplektas-laukine-roze-liocelis-medvilne\/","og_locale":"lt_LT","og_type":"article","og_title":"Auk\u0161\u010diausios kokyb\u0117s patalyn\u0117s komplektas Laukin\u0117 ro\u017e\u0117 | Liocelis","og_description":"Liocelio ir medviln\u0117s mi\u0161inio patalyn\u0117s komplektas sujungia prabang\u0173 mink\u0161tum\u0105 ir kv\u0117puojant\u012f komfort\u0105. Liocelis, \u017einomas d\u0117l \u0161ilkin\u0117s tekst\u016bros ir dr\u0117g...","og_url":"https:\/\/minubaltic.ee\/lt\/e-pood\/patalynes-komplektai\/auksciausios-kokybes-patalynes-komplektas-laukine-roze-liocelis-medvilne\/","article_publisher":"https:\/\/www.facebook.com\/minubaltic","article_modified_time":"2024-09-04T14:34:40+00:00","og_image":[{"width":800,"height":800,"url":"https:\/\/minubaltic.ee\/wp-content\/uploads\/2024\/09\/Puuvillased-voodipesukomplekt-43.jpg","type":"image\/jpeg"}],"twitter_card":"summary_large_image","twitter_misc":{"Est. reading time":"1 minut\u0117"},"schema":{"@context":"https:\/\/schema.org","@graph":[{"@type":"WebPage","@id":"https:\/\/minubaltic.ee\/lt\/e-pood\/patalynes-komplektai\/auksciausios-kokybes-patalynes-komplektas-laukine-roze-liocelis-medvilne\/","url":"https:\/\/minubaltic.ee\/lt\/e-pood\/patalynes-komplektai\/auksciausios-kokybes-patalynes-komplektas-laukine-roze-liocelis-medvilne\/","name":"Auk\u0161\u010diausios kokyb\u0117s patalyn\u0117s komplektas Laukin\u0117 ro\u017e\u0117 | Liocelis","isPartOf":{"@id":"https:\/\/minubaltic.ee\/lt\/#website"},"primaryImageOfPage":{"@id":"https:\/\/minubaltic.ee\/lt\/e-pood\/patalynes-komplektai\/auksciausios-kokybes-patalynes-komplektas-laukine-roze-liocelis-medvilne\/#primaryimage"},"image":{"@id":"https:\/\/minubaltic.ee\/lt\/e-pood\/patalynes-komplektai\/auksciausios-kokybes-patalynes-komplektas-laukine-roze-liocelis-medvilne\/#primaryimage"},"thumbnailUrl":"https:\/\/minubaltic.ee\/wp-content\/uploads\/2024\/09\/Puuvillased-voodipesukomplekt-43.jpg","datePublished":"2024-09-04T14:13:51+00:00","dateModified":"2024-09-04T14:34:40+00:00","description":"Liocelio ir medviln\u0117s mi\u0161inio patalyn\u0117s komplektas sujungia prabang\u0173 mink\u0161tum\u0105 ir kv\u0117puojant\u012f komfort\u0105. Liocelis, \u017einomas d\u0117l \u0161ilkin\u0117s tekst\u016bros ir dr\u0117g...","breadcrumb":{"@id":"https:\/\/minubaltic.ee\/lt\/e-pood\/patalynes-komplektai\/auksciausios-kokybes-patalynes-komplektas-laukine-roze-liocelis-medvilne\/#breadcrumb"},"inLanguage":"lt-LT","potentialAction":[{"@type":"ReadAction","target":["https:\/\/minubaltic.ee\/lt\/e-pood\/patalynes-komplektai\/auksciausios-kokybes-patalynes-komplektas-laukine-roze-liocelis-medvilne\/"]}]},{"@type":"ImageObject","inLanguage":"lt-LT","@id":"https:\/\/minubaltic.ee\/lt\/e-pood\/patalynes-komplektai\/auksciausios-kokybes-patalynes-komplektas-laukine-roze-liocelis-medvilne\/#primaryimage","url":"https:\/\/minubaltic.ee\/wp-content\/uploads\/2024\/09\/Puuvillased-voodipesukomplekt-43.jpg","contentUrl":"https:\/\/minubaltic.ee\/wp-content\/uploads\/2024\/09\/Puuvillased-voodipesukomplekt-43.jpg","width":800,"height":800},{"@type":"BreadcrumbList","@id":"https:\/\/minubaltic.ee\/lt\/e-pood\/patalynes-komplektai\/auksciausios-kokybes-patalynes-komplektas-laukine-roze-liocelis-medvilne\/#breadcrumb","itemListElement":[{"@type":"ListItem","position":1,"name":"Home","item":"https:\/\/minubaltic.ee\/lt\/"},{"@type":"ListItem","position":2,"name":"Parduotuv\u0117","item":"https:\/\/minubaltic.ee\/lt\/parduotuve\/"},{"@type":"ListItem","position":3,"name":"Auk\u0161\u010diausios kokyb\u0117s patalyn\u0117s komplektas Laukin\u0117 ro\u017e\u0117 | Liocelis\/Medviln\u0117"}]},{"@type":"WebSite","@id":"https:\/\/minubaltic.ee\/lt\/#website","url":"https:\/\/minubaltic.ee\/lt\/","name":"minubaltic.ee","description":"","publisher":{"@id":"https:\/\/minubaltic.ee\/lt\/#organization"},"potentialAction":[{"@type":"SearchAction","target":{"@type":"EntryPoint","urlTemplate":"https:\/\/minubaltic.ee\/lt\/?s={search_term_string}"},"query-input":{"@type":"PropertyValueSpecification","valueRequired":true,"valueName":"search_term_string"}}],"inLanguage":"lt-LT"},{"@type":"Organization","@id":"https:\/\/minubaltic.ee\/lt\/#organization","name":"Minu Baltic O\u00dc","url":"https:\/\/minubaltic.ee\/lt\/","logo":{"@type":"ImageObject","inLanguage":"lt-LT","@id":"https:\/\/minubaltic.ee\/lt\/#\/schema\/logo\/image\/","url":"https:\/\/minubaltic.ee\/wp-content\/uploads\/2023\/10\/cropped-cropped-cropped-logo.png","contentUrl":"https:\/\/minubaltic.ee\/wp-content\/uploads\/2023\/10\/cropped-cropped-cropped-logo.png","width":500,"height":237,"caption":"Minu Baltic O\u00dc"},"image":{"@id":"https:\/\/minubaltic.ee\/lt\/#\/schema\/logo\/image\/"},"sameAs":["https:\/\/www.facebook.com\/minubaltic"]}]}},"_links":{"self":[{"href":"https:\/\/minubaltic.ee\/lt\/wp-json\/wp\/v2\/product\/34899","targetHints":{"allow":["GET"]}}],"collection":[{"href":"https:\/\/minubaltic.ee\/lt\/wp-json\/wp\/v2\/product"}],"about":[{"href":"https:\/\/minubaltic.ee\/lt\/wp-json\/wp\/v2\/types\/product"}],"replies":[{"embeddable":true,"href":"https:\/\/minubaltic.ee\/lt\/wp-json\/wp\/v2\/comments?post=34899"}],"version-history":[{"count":2,"href":"https:\/\/minubaltic.ee\/lt\/wp-json\/wp\/v2\/product\/34899\/revisions"}],"predecessor-version":[{"id":34944,"href":"https:\/\/minubaltic.ee\/lt\/wp-json\/wp\/v2\/product\/34899\/revisions\/34944"}],"wp:featuredmedia":[{"embeddable":true,"href":"https:\/\/minubaltic.ee\/lt\/wp-json\/wp\/v2\/media\/34911"}],"wp:attachment":[{"href":"https:\/\/minubaltic.ee\/lt\/wp-json\/wp\/v2\/media?parent=34899"}],"wp:term":[{"taxonomy":"product_brand","embeddable":true,"href":"https:\/\/minubaltic.ee\/lt\/wp-json\/wp\/v2\/product_brand?post=34899"},{"taxonomy":"product_cat","embeddable":true,"href":"https:\/\/minubaltic.ee\/lt\/wp-json\/wp\/v2\/product_cat?post=34899"},{"taxonomy":"product_tag","embeddable":true,"href":"https:\/\/minubaltic.ee\/lt\/wp-json\/wp\/v2\/product_tag?post=34899"}],"curies":[{"name":"wp","href":"https:\/\/api.w.org\/{rel}","templated":true}]}}