{"id":33584,"date":"2024-08-31T00:33:31","date_gmt":"2024-08-30T21:33:31","guid":{"rendered":"https:\/\/minubaltic.ee\/?post_type=product&#038;p=33584"},"modified":"2024-08-31T01:09:13","modified_gmt":"2024-08-30T22:09:13","slug":"vasaros-antklodziu-rinkinys-geraniumas","status":"publish","type":"product","link":"https:\/\/minubaltic.ee\/lt\/e-pood\/antklodziu-komplektai\/vasaros-antklodziu-rinkinys-geraniumas\/","title":{"rendered":"Vasaros antklod\u017ei\u0173 rinkinys | Geraniumas"},"content":{"rendered":"<p>Vasaros antklod\u017ei\u0173 rinkin\u012f sudaro lengva antklod\u0117, v\u0117sinantis paklod\u0117 ir pagalvi\u0173 u\u017evalkalai, u\u017etikrinantys ideal\u0173 miego komfort\u0105 kar\u0161tomis naktimis. Rinkinio med\u017eiagos parinktos taip, kad b\u016bt\u0173 pralaid\u017eios orui ir greitai d\u017ei\u016bstan\u010dios, padedan\u010dios v\u0117sinti vis\u0105 nakt\u012f. Be to, komplekto spalvos ir dizainas miegamajam suteikia gaivumo.<\/p>\n","protected":false},"excerpt":{"rendered":"<p><strong>Med\u017eiaga:<\/strong> Poliesteris<br \/>\n<strong>Rinkinys:<\/strong> 4 vnt.<br \/>\n<strong>Antklod\u0117:<\/strong> 200\u00d7230<br \/>\n<strong>Paklod\u0117:<\/strong> 250 \u00d7 250<br \/>\n<strong>Pagalv\u0117s u\u017evalkalas:<\/strong> 50\u00d775 (2 vnt.)<\/p>\n","protected":false},"featured_media":33590,"comment_status":"open","ping_status":"closed","template":"","meta":[],"product_brand":[],"product_cat":[883],"product_tag":[563,558,559,564],"class_list":{"0":"post-33584","1":"product","2":"type-product","3":"status-publish","4":"has-post-thumbnail","6":"product_cat-antklodziu-komplektai","7":"product_tag-antklode","8":"product_tag-e-parduotuve","9":"product_tag-namu-tekstile","10":"product_tag-tekstile","12":"first","13":"instock","14":"shipping-taxable","15":"purchasable","16":"product-type-simple"},"yoast_head":"<!-- This site is optimized with the Yoast SEO plugin v27.3 - https:\/\/yoast.com\/product\/yoast-seo-wordpress\/ -->\n<title>Vasaros antklod\u017ei\u0173 rinkinys | Geraniumas - Minu Baltic<\/title>\n<meta name=\"description\" content=\"Vasaros antklod\u017ei\u0173 rinkin\u012f sudaro lengva antklod\u0117, v\u0117sinantis paklod\u0117 ir pagalvi\u0173 u\u017evalkalai, u\u017etikrinantys ideal\u0173 miego komfort\u0105 kar\u0161tomis naktimis...\" \/>\n<meta name=\"robots\" content=\"index, follow, max-snippet:-1, max-image-preview:large, max-video-preview:-1\" \/>\n<link rel=\"canonical\" href=\"https:\/\/minubaltic.ee\/lt\/e-pood\/antklodziu-komplektai\/vasaros-antklodziu-rinkinys-geraniumas\/\" \/>\n<meta property=\"og:locale\" content=\"lt_LT\" \/>\n<meta property=\"og:type\" content=\"article\" \/>\n<meta property=\"og:title\" content=\"Vasaros antklod\u017ei\u0173 rinkinys | Geraniumas - Minu Baltic\" \/>\n<meta property=\"og:description\" content=\"Vasaros antklod\u017ei\u0173 rinkin\u012f sudaro lengva antklod\u0117, v\u0117sinantis paklod\u0117 ir pagalvi\u0173 u\u017evalkalai, u\u017etikrinantys ideal\u0173 miego komfort\u0105 kar\u0161tomis naktimis...\" \/>\n<meta property=\"og:url\" content=\"https:\/\/minubaltic.ee\/lt\/e-pood\/antklodziu-komplektai\/vasaros-antklodziu-rinkinys-geraniumas\/\" \/>\n<meta property=\"article:publisher\" content=\"https:\/\/www.facebook.com\/minubaltic\" \/>\n<meta property=\"article:modified_time\" content=\"2024-08-30T22:09:13+00:00\" \/>\n<meta property=\"og:image\" content=\"https:\/\/minubaltic.ee\/wp-content\/uploads\/2024\/08\/Suvine-tekikomplekt-12.jpg\" \/>\n\t<meta property=\"og:image:width\" content=\"800\" \/>\n\t<meta property=\"og:image:height\" content=\"800\" \/>\n\t<meta property=\"og:image:type\" content=\"image\/jpeg\" \/>\n<meta name=\"twitter:card\" content=\"summary_large_image\" \/>\n<meta name=\"twitter:label1\" content=\"Est. reading time\" \/>\n\t<meta name=\"twitter:data1\" content=\"1 minut\u0117\" \/>\n<script type=\"application\/ld+json\" class=\"yoast-schema-graph\">{\"@context\":\"https:\\\/\\\/schema.org\",\"@graph\":[{\"@type\":\"WebPage\",\"@id\":\"https:\\\/\\\/minubaltic.ee\\\/lt\\\/e-pood\\\/antklodziu-komplektai\\\/vasaros-antklodziu-rinkinys-geraniumas\\\/\",\"url\":\"https:\\\/\\\/minubaltic.ee\\\/lt\\\/e-pood\\\/antklodziu-komplektai\\\/vasaros-antklodziu-rinkinys-geraniumas\\\/\",\"name\":\"Vasaros antklod\u017ei\u0173 rinkinys | Geraniumas - Minu Baltic\",\"isPartOf\":{\"@id\":\"https:\\\/\\\/minubaltic.ee\\\/lt\\\/#website\"},\"primaryImageOfPage\":{\"@id\":\"https:\\\/\\\/minubaltic.ee\\\/lt\\\/e-pood\\\/antklodziu-komplektai\\\/vasaros-antklodziu-rinkinys-geraniumas\\\/#primaryimage\"},\"image\":{\"@id\":\"https:\\\/\\\/minubaltic.ee\\\/lt\\\/e-pood\\\/antklodziu-komplektai\\\/vasaros-antklodziu-rinkinys-geraniumas\\\/#primaryimage\"},\"thumbnailUrl\":\"https:\\\/\\\/minubaltic.ee\\\/wp-content\\\/uploads\\\/2024\\\/08\\\/Suvine-tekikomplekt-12.jpg\",\"datePublished\":\"2024-08-30T21:33:31+00:00\",\"dateModified\":\"2024-08-30T22:09:13+00:00\",\"description\":\"Vasaros antklod\u017ei\u0173 rinkin\u012f sudaro lengva antklod\u0117, v\u0117sinantis paklod\u0117 ir pagalvi\u0173 u\u017evalkalai, u\u017etikrinantys ideal\u0173 miego komfort\u0105 kar\u0161tomis naktimis...\",\"breadcrumb\":{\"@id\":\"https:\\\/\\\/minubaltic.ee\\\/lt\\\/e-pood\\\/antklodziu-komplektai\\\/vasaros-antklodziu-rinkinys-geraniumas\\\/#breadcrumb\"},\"inLanguage\":\"lt-LT\",\"potentialAction\":[{\"@type\":\"ReadAction\",\"target\":[\"https:\\\/\\\/minubaltic.ee\\\/lt\\\/e-pood\\\/antklodziu-komplektai\\\/vasaros-antklodziu-rinkinys-geraniumas\\\/\"]}]},{\"@type\":\"ImageObject\",\"inLanguage\":\"lt-LT\",\"@id\":\"https:\\\/\\\/minubaltic.ee\\\/lt\\\/e-pood\\\/antklodziu-komplektai\\\/vasaros-antklodziu-rinkinys-geraniumas\\\/#primaryimage\",\"url\":\"https:\\\/\\\/minubaltic.ee\\\/wp-content\\\/uploads\\\/2024\\\/08\\\/Suvine-tekikomplekt-12.jpg\",\"contentUrl\":\"https:\\\/\\\/minubaltic.ee\\\/wp-content\\\/uploads\\\/2024\\\/08\\\/Suvine-tekikomplekt-12.jpg\",\"width\":800,\"height\":800},{\"@type\":\"BreadcrumbList\",\"@id\":\"https:\\\/\\\/minubaltic.ee\\\/lt\\\/e-pood\\\/antklodziu-komplektai\\\/vasaros-antklodziu-rinkinys-geraniumas\\\/#breadcrumb\",\"itemListElement\":[{\"@type\":\"ListItem\",\"position\":1,\"name\":\"Home\",\"item\":\"https:\\\/\\\/minubaltic.ee\\\/lt\\\/\"},{\"@type\":\"ListItem\",\"position\":2,\"name\":\"Parduotuv\u0117\",\"item\":\"https:\\\/\\\/minubaltic.ee\\\/lt\\\/parduotuve\\\/\"},{\"@type\":\"ListItem\",\"position\":3,\"name\":\"Vasaros antklod\u017ei\u0173 rinkinys | Geraniumas\"}]},{\"@type\":\"WebSite\",\"@id\":\"https:\\\/\\\/minubaltic.ee\\\/lt\\\/#website\",\"url\":\"https:\\\/\\\/minubaltic.ee\\\/lt\\\/\",\"name\":\"minubaltic.ee\",\"description\":\"\",\"publisher\":{\"@id\":\"https:\\\/\\\/minubaltic.ee\\\/lt\\\/#organization\"},\"potentialAction\":[{\"@type\":\"SearchAction\",\"target\":{\"@type\":\"EntryPoint\",\"urlTemplate\":\"https:\\\/\\\/minubaltic.ee\\\/lt\\\/?s={search_term_string}\"},\"query-input\":{\"@type\":\"PropertyValueSpecification\",\"valueRequired\":true,\"valueName\":\"search_term_string\"}}],\"inLanguage\":\"lt-LT\"},{\"@type\":\"Organization\",\"@id\":\"https:\\\/\\\/minubaltic.ee\\\/lt\\\/#organization\",\"name\":\"Minu Baltic O\u00dc\",\"url\":\"https:\\\/\\\/minubaltic.ee\\\/lt\\\/\",\"logo\":{\"@type\":\"ImageObject\",\"inLanguage\":\"lt-LT\",\"@id\":\"https:\\\/\\\/minubaltic.ee\\\/lt\\\/#\\\/schema\\\/logo\\\/image\\\/\",\"url\":\"https:\\\/\\\/minubaltic.ee\\\/wp-content\\\/uploads\\\/2023\\\/10\\\/cropped-cropped-cropped-logo.png\",\"contentUrl\":\"https:\\\/\\\/minubaltic.ee\\\/wp-content\\\/uploads\\\/2023\\\/10\\\/cropped-cropped-cropped-logo.png\",\"width\":500,\"height\":237,\"caption\":\"Minu Baltic O\u00dc\"},\"image\":{\"@id\":\"https:\\\/\\\/minubaltic.ee\\\/lt\\\/#\\\/schema\\\/logo\\\/image\\\/\"},\"sameAs\":[\"https:\\\/\\\/www.facebook.com\\\/minubaltic\"]}]}<\/script>\n<!-- \/ Yoast SEO plugin. -->","yoast_head_json":{"title":"Vasaros antklod\u017ei\u0173 rinkinys | Geraniumas - Minu Baltic","description":"Vasaros antklod\u017ei\u0173 rinkin\u012f sudaro lengva antklod\u0117, v\u0117sinantis paklod\u0117 ir pagalvi\u0173 u\u017evalkalai, u\u017etikrinantys ideal\u0173 miego komfort\u0105 kar\u0161tomis naktimis...","robots":{"index":"index","follow":"follow","max-snippet":"max-snippet:-1","max-image-preview":"max-image-preview:large","max-video-preview":"max-video-preview:-1"},"canonical":"https:\/\/minubaltic.ee\/lt\/e-pood\/antklodziu-komplektai\/vasaros-antklodziu-rinkinys-geraniumas\/","og_locale":"lt_LT","og_type":"article","og_title":"Vasaros antklod\u017ei\u0173 rinkinys | Geraniumas - Minu Baltic","og_description":"Vasaros antklod\u017ei\u0173 rinkin\u012f sudaro lengva antklod\u0117, v\u0117sinantis paklod\u0117 ir pagalvi\u0173 u\u017evalkalai, u\u017etikrinantys ideal\u0173 miego komfort\u0105 kar\u0161tomis naktimis...","og_url":"https:\/\/minubaltic.ee\/lt\/e-pood\/antklodziu-komplektai\/vasaros-antklodziu-rinkinys-geraniumas\/","article_publisher":"https:\/\/www.facebook.com\/minubaltic","article_modified_time":"2024-08-30T22:09:13+00:00","og_image":[{"width":800,"height":800,"url":"https:\/\/minubaltic.ee\/wp-content\/uploads\/2024\/08\/Suvine-tekikomplekt-12.jpg","type":"image\/jpeg"}],"twitter_card":"summary_large_image","twitter_misc":{"Est. reading time":"1 minut\u0117"},"schema":{"@context":"https:\/\/schema.org","@graph":[{"@type":"WebPage","@id":"https:\/\/minubaltic.ee\/lt\/e-pood\/antklodziu-komplektai\/vasaros-antklodziu-rinkinys-geraniumas\/","url":"https:\/\/minubaltic.ee\/lt\/e-pood\/antklodziu-komplektai\/vasaros-antklodziu-rinkinys-geraniumas\/","name":"Vasaros antklod\u017ei\u0173 rinkinys | Geraniumas - Minu Baltic","isPartOf":{"@id":"https:\/\/minubaltic.ee\/lt\/#website"},"primaryImageOfPage":{"@id":"https:\/\/minubaltic.ee\/lt\/e-pood\/antklodziu-komplektai\/vasaros-antklodziu-rinkinys-geraniumas\/#primaryimage"},"image":{"@id":"https:\/\/minubaltic.ee\/lt\/e-pood\/antklodziu-komplektai\/vasaros-antklodziu-rinkinys-geraniumas\/#primaryimage"},"thumbnailUrl":"https:\/\/minubaltic.ee\/wp-content\/uploads\/2024\/08\/Suvine-tekikomplekt-12.jpg","datePublished":"2024-08-30T21:33:31+00:00","dateModified":"2024-08-30T22:09:13+00:00","description":"Vasaros antklod\u017ei\u0173 rinkin\u012f sudaro lengva antklod\u0117, v\u0117sinantis paklod\u0117 ir pagalvi\u0173 u\u017evalkalai, u\u017etikrinantys ideal\u0173 miego komfort\u0105 kar\u0161tomis naktimis...","breadcrumb":{"@id":"https:\/\/minubaltic.ee\/lt\/e-pood\/antklodziu-komplektai\/vasaros-antklodziu-rinkinys-geraniumas\/#breadcrumb"},"inLanguage":"lt-LT","potentialAction":[{"@type":"ReadAction","target":["https:\/\/minubaltic.ee\/lt\/e-pood\/antklodziu-komplektai\/vasaros-antklodziu-rinkinys-geraniumas\/"]}]},{"@type":"ImageObject","inLanguage":"lt-LT","@id":"https:\/\/minubaltic.ee\/lt\/e-pood\/antklodziu-komplektai\/vasaros-antklodziu-rinkinys-geraniumas\/#primaryimage","url":"https:\/\/minubaltic.ee\/wp-content\/uploads\/2024\/08\/Suvine-tekikomplekt-12.jpg","contentUrl":"https:\/\/minubaltic.ee\/wp-content\/uploads\/2024\/08\/Suvine-tekikomplekt-12.jpg","width":800,"height":800},{"@type":"BreadcrumbList","@id":"https:\/\/minubaltic.ee\/lt\/e-pood\/antklodziu-komplektai\/vasaros-antklodziu-rinkinys-geraniumas\/#breadcrumb","itemListElement":[{"@type":"ListItem","position":1,"name":"Home","item":"https:\/\/minubaltic.ee\/lt\/"},{"@type":"ListItem","position":2,"name":"Parduotuv\u0117","item":"https:\/\/minubaltic.ee\/lt\/parduotuve\/"},{"@type":"ListItem","position":3,"name":"Vasaros antklod\u017ei\u0173 rinkinys | Geraniumas"}]},{"@type":"WebSite","@id":"https:\/\/minubaltic.ee\/lt\/#website","url":"https:\/\/minubaltic.ee\/lt\/","name":"minubaltic.ee","description":"","publisher":{"@id":"https:\/\/minubaltic.ee\/lt\/#organization"},"potentialAction":[{"@type":"SearchAction","target":{"@type":"EntryPoint","urlTemplate":"https:\/\/minubaltic.ee\/lt\/?s={search_term_string}"},"query-input":{"@type":"PropertyValueSpecification","valueRequired":true,"valueName":"search_term_string"}}],"inLanguage":"lt-LT"},{"@type":"Organization","@id":"https:\/\/minubaltic.ee\/lt\/#organization","name":"Minu Baltic O\u00dc","url":"https:\/\/minubaltic.ee\/lt\/","logo":{"@type":"ImageObject","inLanguage":"lt-LT","@id":"https:\/\/minubaltic.ee\/lt\/#\/schema\/logo\/image\/","url":"https:\/\/minubaltic.ee\/wp-content\/uploads\/2023\/10\/cropped-cropped-cropped-logo.png","contentUrl":"https:\/\/minubaltic.ee\/wp-content\/uploads\/2023\/10\/cropped-cropped-cropped-logo.png","width":500,"height":237,"caption":"Minu Baltic O\u00dc"},"image":{"@id":"https:\/\/minubaltic.ee\/lt\/#\/schema\/logo\/image\/"},"sameAs":["https:\/\/www.facebook.com\/minubaltic"]}]}},"_links":{"self":[{"href":"https:\/\/minubaltic.ee\/lt\/wp-json\/wp\/v2\/product\/33584","targetHints":{"allow":["GET"]}}],"collection":[{"href":"https:\/\/minubaltic.ee\/lt\/wp-json\/wp\/v2\/product"}],"about":[{"href":"https:\/\/minubaltic.ee\/lt\/wp-json\/wp\/v2\/types\/product"}],"replies":[{"embeddable":true,"href":"https:\/\/minubaltic.ee\/lt\/wp-json\/wp\/v2\/comments?post=33584"}],"version-history":[{"count":2,"href":"https:\/\/minubaltic.ee\/lt\/wp-json\/wp\/v2\/product\/33584\/revisions"}],"predecessor-version":[{"id":33656,"href":"https:\/\/minubaltic.ee\/lt\/wp-json\/wp\/v2\/product\/33584\/revisions\/33656"}],"wp:featuredmedia":[{"embeddable":true,"href":"https:\/\/minubaltic.ee\/lt\/wp-json\/wp\/v2\/media\/33590"}],"wp:attachment":[{"href":"https:\/\/minubaltic.ee\/lt\/wp-json\/wp\/v2\/media?parent=33584"}],"wp:term":[{"taxonomy":"product_brand","embeddable":true,"href":"https:\/\/minubaltic.ee\/lt\/wp-json\/wp\/v2\/product_brand?post=33584"},{"taxonomy":"product_cat","embeddable":true,"href":"https:\/\/minubaltic.ee\/lt\/wp-json\/wp\/v2\/product_cat?post=33584"},{"taxonomy":"product_tag","embeddable":true,"href":"https:\/\/minubaltic.ee\/lt\/wp-json\/wp\/v2\/product_tag?post=33584"}],"curies":[{"name":"wp","href":"https:\/\/api.w.org\/{rel}","templated":true}]}}