{"id":33033,"date":"2024-08-24T12:30:16","date_gmt":"2024-08-24T09:30:16","guid":{"rendered":"https:\/\/minubaltic.ee\/?post_type=product&#038;p=33033"},"modified":"2024-08-24T13:08:35","modified_gmt":"2024-08-24T10:08:35","slug":"premium-mako-satino-patalynes-komplektas-silke","status":"publish","type":"product","link":"https:\/\/minubaltic.ee\/lt\/e-pood\/patalynes-komplektai\/premium-mako-satino-patalynes-komplektas-silke\/","title":{"rendered":"Premium Mako Satino patalyn\u0117s komplektas | Silk\u0117"},"content":{"rendered":"<p><strong>Kod\u0117l verta rinktis &#8222;Mako Satin&#8221; patalyn\u0117s komplekt\u0105?<\/strong><\/p>\n<ol>\n<li>Prabangus mink\u0161tumas: Mako satinas yra \u0161ilkinis ir mink\u0161tas, tod\u0117l oda jau\u010diasi prabangiai.<\/li>\n<li>Gra\u017eus blizgesys: unikali audinio strukt\u016bra suteikia jam eleganti\u0161ko blizgesio, kuris suteikia miegamajam rafinuot\u0105 atspalv\u012f.<\/li>\n<li>Kv\u0117pavimas: &#8222;Mako-sateen&#8221; yra pralaidus orui ir padeda reguliuoti k\u016bno temperat\u016br\u0105, tod\u0117l miegant jums bus patogu.<\/li>\n<li>Ilgaam\u017ei\u0161kumas: auk\u0161tos kokyb\u0117s Eg\u0131ptus medviln\u0117 u\u017etikrina audinio ilgaam\u017ei\u0161kum\u0105 ir patvarum\u0105.<\/li>\n<li>Hipoalerginis: Mako-satinas yra \u0161velnus jautriai odai ir tinka alergi\u0161kiems \u017emon\u0117ms.<\/li>\n<\/ol>\n<p><strong>&#8222;Mako&#8221; satino patalyn\u0117s komplektas gars\u0117ja blizgia apdaila ir i\u0161skirtiniu mink\u0161tumu. I\u0161 auk\u0161tos kokyb\u0117s egiptieti\u0161kos medviln\u0117s pagamintas &#8222;mako satinas&#8221; yra labai patvarus ir net po daugkartinio skalbimo i\u0161laiko savo \u0161velnum\u0105.<\/strong><\/p>\n","protected":false},"excerpt":{"rendered":"<p><strong>Med\u017eiaga:<\/strong> 100% medvilninis mako-satinas<br \/>\n<strong>Patogumas:<\/strong> kv\u0117puojanti ir mink\u0161ta tekst\u016bra<br \/>\n<strong>Rinkinio turinys:<\/strong> 1 u\u017evalkalas antklodei, 1 paklod\u0117, 2 pagalv\u0117s u\u017evalkalas<br \/>\n<strong>Antklod\u0117s u\u017evalkalas:<\/strong> 220\u00d7240<br \/>\n<strong>Paklod\u0117:<\/strong> 245\u00d7255<br \/>\n<strong>Pagalv\u0117s u\u017evalkalas:<\/strong> 50\u00d775 (2 vnt.)<\/p>\n<p>Mako satino patalyn\u0117s komplektas yra prabangus, \u0161ilkinis, blizgus, pagamintas i\u0161 auk\u0161tos kokyb\u0117s egiptieti\u0161kos medviln\u0117s. Jis u\u017etikrina puik\u0173 komfort\u0105 ir patvarum\u0105, i\u0161laikydamas eleganti\u0161k\u0105 i\u0161vaizd\u0105 ir pralaidum\u0105 orui.<\/p>\n","protected":false},"featured_media":33055,"comment_status":"open","ping_status":"closed","template":"","meta":[],"product_brand":[],"product_cat":[768,864,823,828,553,619,876],"product_tag":[558,559,564],"class_list":{"0":"post-33033","1":"product","2":"type-product","3":"status-publish","4":"has-post-thumbnail","6":"product_cat-ekologiska-patalyne","7":"product_cat-mako-satino-patalyne","8":"product_cat-medvilnine-patalyne","9":"product_cat-medvilniniai-patalynes-komplektai","10":"product_cat-patalynes-komplektai","11":"product_cat-patalynes-komplektai-lt","12":"product_cat-patalynes-komplektai-220x240","13":"product_tag-e-parduotuve","14":"product_tag-namu-tekstile","15":"product_tag-tekstile","17":"first","18":"outofstock","19":"shipping-taxable","20":"purchasable","21":"product-type-simple"},"yoast_head":"<!-- This site is optimized with the Yoast SEO plugin v27.3 - https:\/\/yoast.com\/product\/yoast-seo-wordpress\/ -->\n<title>Premium Mako Satino patalyn\u0117s komplektas | Silk\u0117 | Minu Baltic<\/title>\n<meta name=\"description\" content=\"Mako satino patalyn\u0117s komplektas yra \u017einomas d\u0117l savo blizgios apdailos ir i\u0161skirtinio mink\u0161tumo. Pagaminta i\u0161 auk\u0161tos kokyb\u0117s egiptieti\u0161kos medviln\u0117s...\" \/>\n<meta name=\"robots\" content=\"index, follow, max-snippet:-1, max-image-preview:large, max-video-preview:-1\" \/>\n<link rel=\"canonical\" href=\"https:\/\/minubaltic.ee\/lt\/e-pood\/patalynes-komplektai\/premium-mako-satino-patalynes-komplektas-silke\/\" \/>\n<meta property=\"og:locale\" content=\"lt_LT\" \/>\n<meta property=\"og:type\" content=\"article\" \/>\n<meta property=\"og:title\" content=\"Premium Mako Satino patalyn\u0117s komplektas | Silk\u0117 | Minu Baltic\" \/>\n<meta property=\"og:description\" content=\"Mako satino patalyn\u0117s komplektas yra \u017einomas d\u0117l savo blizgios apdailos ir i\u0161skirtinio mink\u0161tumo. Pagaminta i\u0161 auk\u0161tos kokyb\u0117s egiptieti\u0161kos medviln\u0117s...\" \/>\n<meta property=\"og:url\" content=\"https:\/\/minubaltic.ee\/lt\/e-pood\/patalynes-komplektai\/premium-mako-satino-patalynes-komplektas-silke\/\" \/>\n<meta property=\"article:publisher\" content=\"https:\/\/www.facebook.com\/minubaltic\" \/>\n<meta property=\"article:modified_time\" content=\"2024-08-24T10:08:35+00:00\" \/>\n<meta property=\"og:image\" content=\"https:\/\/minubaltic.ee\/wp-content\/uploads\/2024\/08\/Mako-Satiinist-voodipesukomplekt-6.jpg\" \/>\n\t<meta property=\"og:image:width\" content=\"800\" \/>\n\t<meta property=\"og:image:height\" content=\"800\" \/>\n\t<meta property=\"og:image:type\" content=\"image\/jpeg\" \/>\n<meta name=\"twitter:card\" content=\"summary_large_image\" \/>\n<meta name=\"twitter:label1\" content=\"Est. reading time\" \/>\n\t<meta name=\"twitter:data1\" content=\"1 minut\u0117\" \/>\n<script type=\"application\/ld+json\" class=\"yoast-schema-graph\">{\"@context\":\"https:\\\/\\\/schema.org\",\"@graph\":[{\"@type\":\"WebPage\",\"@id\":\"https:\\\/\\\/minubaltic.ee\\\/lt\\\/e-pood\\\/patalynes-komplektai\\\/premium-mako-satino-patalynes-komplektas-silke\\\/\",\"url\":\"https:\\\/\\\/minubaltic.ee\\\/lt\\\/e-pood\\\/patalynes-komplektai\\\/premium-mako-satino-patalynes-komplektas-silke\\\/\",\"name\":\"Premium Mako Satino patalyn\u0117s komplektas | Silk\u0117 | Minu Baltic\",\"isPartOf\":{\"@id\":\"https:\\\/\\\/minubaltic.ee\\\/lt\\\/#website\"},\"primaryImageOfPage\":{\"@id\":\"https:\\\/\\\/minubaltic.ee\\\/lt\\\/e-pood\\\/patalynes-komplektai\\\/premium-mako-satino-patalynes-komplektas-silke\\\/#primaryimage\"},\"image\":{\"@id\":\"https:\\\/\\\/minubaltic.ee\\\/lt\\\/e-pood\\\/patalynes-komplektai\\\/premium-mako-satino-patalynes-komplektas-silke\\\/#primaryimage\"},\"thumbnailUrl\":\"https:\\\/\\\/minubaltic.ee\\\/wp-content\\\/uploads\\\/2024\\\/08\\\/Mako-Satiinist-voodipesukomplekt-6.jpg\",\"datePublished\":\"2024-08-24T09:30:16+00:00\",\"dateModified\":\"2024-08-24T10:08:35+00:00\",\"description\":\"Mako satino patalyn\u0117s komplektas yra \u017einomas d\u0117l savo blizgios apdailos ir i\u0161skirtinio mink\u0161tumo. Pagaminta i\u0161 auk\u0161tos kokyb\u0117s egiptieti\u0161kos medviln\u0117s...\",\"breadcrumb\":{\"@id\":\"https:\\\/\\\/minubaltic.ee\\\/lt\\\/e-pood\\\/patalynes-komplektai\\\/premium-mako-satino-patalynes-komplektas-silke\\\/#breadcrumb\"},\"inLanguage\":\"lt-LT\",\"potentialAction\":[{\"@type\":\"ReadAction\",\"target\":[\"https:\\\/\\\/minubaltic.ee\\\/lt\\\/e-pood\\\/patalynes-komplektai\\\/premium-mako-satino-patalynes-komplektas-silke\\\/\"]}]},{\"@type\":\"ImageObject\",\"inLanguage\":\"lt-LT\",\"@id\":\"https:\\\/\\\/minubaltic.ee\\\/lt\\\/e-pood\\\/patalynes-komplektai\\\/premium-mako-satino-patalynes-komplektas-silke\\\/#primaryimage\",\"url\":\"https:\\\/\\\/minubaltic.ee\\\/wp-content\\\/uploads\\\/2024\\\/08\\\/Mako-Satiinist-voodipesukomplekt-6.jpg\",\"contentUrl\":\"https:\\\/\\\/minubaltic.ee\\\/wp-content\\\/uploads\\\/2024\\\/08\\\/Mako-Satiinist-voodipesukomplekt-6.jpg\",\"width\":800,\"height\":800},{\"@type\":\"BreadcrumbList\",\"@id\":\"https:\\\/\\\/minubaltic.ee\\\/lt\\\/e-pood\\\/patalynes-komplektai\\\/premium-mako-satino-patalynes-komplektas-silke\\\/#breadcrumb\",\"itemListElement\":[{\"@type\":\"ListItem\",\"position\":1,\"name\":\"Home\",\"item\":\"https:\\\/\\\/minubaltic.ee\\\/lt\\\/\"},{\"@type\":\"ListItem\",\"position\":2,\"name\":\"Parduotuv\u0117\",\"item\":\"https:\\\/\\\/minubaltic.ee\\\/lt\\\/parduotuve\\\/\"},{\"@type\":\"ListItem\",\"position\":3,\"name\":\"Premium Mako Satino patalyn\u0117s komplektas | Silk\u0117\"}]},{\"@type\":\"WebSite\",\"@id\":\"https:\\\/\\\/minubaltic.ee\\\/lt\\\/#website\",\"url\":\"https:\\\/\\\/minubaltic.ee\\\/lt\\\/\",\"name\":\"minubaltic.ee\",\"description\":\"\",\"publisher\":{\"@id\":\"https:\\\/\\\/minubaltic.ee\\\/lt\\\/#organization\"},\"potentialAction\":[{\"@type\":\"SearchAction\",\"target\":{\"@type\":\"EntryPoint\",\"urlTemplate\":\"https:\\\/\\\/minubaltic.ee\\\/lt\\\/?s={search_term_string}\"},\"query-input\":{\"@type\":\"PropertyValueSpecification\",\"valueRequired\":true,\"valueName\":\"search_term_string\"}}],\"inLanguage\":\"lt-LT\"},{\"@type\":\"Organization\",\"@id\":\"https:\\\/\\\/minubaltic.ee\\\/lt\\\/#organization\",\"name\":\"Minu Baltic O\u00dc\",\"url\":\"https:\\\/\\\/minubaltic.ee\\\/lt\\\/\",\"logo\":{\"@type\":\"ImageObject\",\"inLanguage\":\"lt-LT\",\"@id\":\"https:\\\/\\\/minubaltic.ee\\\/lt\\\/#\\\/schema\\\/logo\\\/image\\\/\",\"url\":\"https:\\\/\\\/minubaltic.ee\\\/wp-content\\\/uploads\\\/2023\\\/10\\\/cropped-cropped-cropped-logo.png\",\"contentUrl\":\"https:\\\/\\\/minubaltic.ee\\\/wp-content\\\/uploads\\\/2023\\\/10\\\/cropped-cropped-cropped-logo.png\",\"width\":500,\"height\":237,\"caption\":\"Minu Baltic O\u00dc\"},\"image\":{\"@id\":\"https:\\\/\\\/minubaltic.ee\\\/lt\\\/#\\\/schema\\\/logo\\\/image\\\/\"},\"sameAs\":[\"https:\\\/\\\/www.facebook.com\\\/minubaltic\"]}]}<\/script>\n<!-- \/ Yoast SEO plugin. -->","yoast_head_json":{"title":"Premium Mako Satino patalyn\u0117s komplektas | Silk\u0117 | Minu Baltic","description":"Mako satino patalyn\u0117s komplektas yra \u017einomas d\u0117l savo blizgios apdailos ir i\u0161skirtinio mink\u0161tumo. Pagaminta i\u0161 auk\u0161tos kokyb\u0117s egiptieti\u0161kos medviln\u0117s...","robots":{"index":"index","follow":"follow","max-snippet":"max-snippet:-1","max-image-preview":"max-image-preview:large","max-video-preview":"max-video-preview:-1"},"canonical":"https:\/\/minubaltic.ee\/lt\/e-pood\/patalynes-komplektai\/premium-mako-satino-patalynes-komplektas-silke\/","og_locale":"lt_LT","og_type":"article","og_title":"Premium Mako Satino patalyn\u0117s komplektas | Silk\u0117 | Minu Baltic","og_description":"Mako satino patalyn\u0117s komplektas yra \u017einomas d\u0117l savo blizgios apdailos ir i\u0161skirtinio mink\u0161tumo. Pagaminta i\u0161 auk\u0161tos kokyb\u0117s egiptieti\u0161kos medviln\u0117s...","og_url":"https:\/\/minubaltic.ee\/lt\/e-pood\/patalynes-komplektai\/premium-mako-satino-patalynes-komplektas-silke\/","article_publisher":"https:\/\/www.facebook.com\/minubaltic","article_modified_time":"2024-08-24T10:08:35+00:00","og_image":[{"width":800,"height":800,"url":"https:\/\/minubaltic.ee\/wp-content\/uploads\/2024\/08\/Mako-Satiinist-voodipesukomplekt-6.jpg","type":"image\/jpeg"}],"twitter_card":"summary_large_image","twitter_misc":{"Est. reading time":"1 minut\u0117"},"schema":{"@context":"https:\/\/schema.org","@graph":[{"@type":"WebPage","@id":"https:\/\/minubaltic.ee\/lt\/e-pood\/patalynes-komplektai\/premium-mako-satino-patalynes-komplektas-silke\/","url":"https:\/\/minubaltic.ee\/lt\/e-pood\/patalynes-komplektai\/premium-mako-satino-patalynes-komplektas-silke\/","name":"Premium Mako Satino patalyn\u0117s komplektas | Silk\u0117 | Minu Baltic","isPartOf":{"@id":"https:\/\/minubaltic.ee\/lt\/#website"},"primaryImageOfPage":{"@id":"https:\/\/minubaltic.ee\/lt\/e-pood\/patalynes-komplektai\/premium-mako-satino-patalynes-komplektas-silke\/#primaryimage"},"image":{"@id":"https:\/\/minubaltic.ee\/lt\/e-pood\/patalynes-komplektai\/premium-mako-satino-patalynes-komplektas-silke\/#primaryimage"},"thumbnailUrl":"https:\/\/minubaltic.ee\/wp-content\/uploads\/2024\/08\/Mako-Satiinist-voodipesukomplekt-6.jpg","datePublished":"2024-08-24T09:30:16+00:00","dateModified":"2024-08-24T10:08:35+00:00","description":"Mako satino patalyn\u0117s komplektas yra \u017einomas d\u0117l savo blizgios apdailos ir i\u0161skirtinio mink\u0161tumo. Pagaminta i\u0161 auk\u0161tos kokyb\u0117s egiptieti\u0161kos medviln\u0117s...","breadcrumb":{"@id":"https:\/\/minubaltic.ee\/lt\/e-pood\/patalynes-komplektai\/premium-mako-satino-patalynes-komplektas-silke\/#breadcrumb"},"inLanguage":"lt-LT","potentialAction":[{"@type":"ReadAction","target":["https:\/\/minubaltic.ee\/lt\/e-pood\/patalynes-komplektai\/premium-mako-satino-patalynes-komplektas-silke\/"]}]},{"@type":"ImageObject","inLanguage":"lt-LT","@id":"https:\/\/minubaltic.ee\/lt\/e-pood\/patalynes-komplektai\/premium-mako-satino-patalynes-komplektas-silke\/#primaryimage","url":"https:\/\/minubaltic.ee\/wp-content\/uploads\/2024\/08\/Mako-Satiinist-voodipesukomplekt-6.jpg","contentUrl":"https:\/\/minubaltic.ee\/wp-content\/uploads\/2024\/08\/Mako-Satiinist-voodipesukomplekt-6.jpg","width":800,"height":800},{"@type":"BreadcrumbList","@id":"https:\/\/minubaltic.ee\/lt\/e-pood\/patalynes-komplektai\/premium-mako-satino-patalynes-komplektas-silke\/#breadcrumb","itemListElement":[{"@type":"ListItem","position":1,"name":"Home","item":"https:\/\/minubaltic.ee\/lt\/"},{"@type":"ListItem","position":2,"name":"Parduotuv\u0117","item":"https:\/\/minubaltic.ee\/lt\/parduotuve\/"},{"@type":"ListItem","position":3,"name":"Premium Mako Satino patalyn\u0117s komplektas | Silk\u0117"}]},{"@type":"WebSite","@id":"https:\/\/minubaltic.ee\/lt\/#website","url":"https:\/\/minubaltic.ee\/lt\/","name":"minubaltic.ee","description":"","publisher":{"@id":"https:\/\/minubaltic.ee\/lt\/#organization"},"potentialAction":[{"@type":"SearchAction","target":{"@type":"EntryPoint","urlTemplate":"https:\/\/minubaltic.ee\/lt\/?s={search_term_string}"},"query-input":{"@type":"PropertyValueSpecification","valueRequired":true,"valueName":"search_term_string"}}],"inLanguage":"lt-LT"},{"@type":"Organization","@id":"https:\/\/minubaltic.ee\/lt\/#organization","name":"Minu Baltic O\u00dc","url":"https:\/\/minubaltic.ee\/lt\/","logo":{"@type":"ImageObject","inLanguage":"lt-LT","@id":"https:\/\/minubaltic.ee\/lt\/#\/schema\/logo\/image\/","url":"https:\/\/minubaltic.ee\/wp-content\/uploads\/2023\/10\/cropped-cropped-cropped-logo.png","contentUrl":"https:\/\/minubaltic.ee\/wp-content\/uploads\/2023\/10\/cropped-cropped-cropped-logo.png","width":500,"height":237,"caption":"Minu Baltic O\u00dc"},"image":{"@id":"https:\/\/minubaltic.ee\/lt\/#\/schema\/logo\/image\/"},"sameAs":["https:\/\/www.facebook.com\/minubaltic"]}]}},"_links":{"self":[{"href":"https:\/\/minubaltic.ee\/lt\/wp-json\/wp\/v2\/product\/33033","targetHints":{"allow":["GET"]}}],"collection":[{"href":"https:\/\/minubaltic.ee\/lt\/wp-json\/wp\/v2\/product"}],"about":[{"href":"https:\/\/minubaltic.ee\/lt\/wp-json\/wp\/v2\/types\/product"}],"replies":[{"embeddable":true,"href":"https:\/\/minubaltic.ee\/lt\/wp-json\/wp\/v2\/comments?post=33033"}],"version-history":[{"count":3,"href":"https:\/\/minubaltic.ee\/lt\/wp-json\/wp\/v2\/product\/33033\/revisions"}],"predecessor-version":[{"id":33114,"href":"https:\/\/minubaltic.ee\/lt\/wp-json\/wp\/v2\/product\/33033\/revisions\/33114"}],"wp:featuredmedia":[{"embeddable":true,"href":"https:\/\/minubaltic.ee\/lt\/wp-json\/wp\/v2\/media\/33055"}],"wp:attachment":[{"href":"https:\/\/minubaltic.ee\/lt\/wp-json\/wp\/v2\/media?parent=33033"}],"wp:term":[{"taxonomy":"product_brand","embeddable":true,"href":"https:\/\/minubaltic.ee\/lt\/wp-json\/wp\/v2\/product_brand?post=33033"},{"taxonomy":"product_cat","embeddable":true,"href":"https:\/\/minubaltic.ee\/lt\/wp-json\/wp\/v2\/product_cat?post=33033"},{"taxonomy":"product_tag","embeddable":true,"href":"https:\/\/minubaltic.ee\/lt\/wp-json\/wp\/v2\/product_tag?post=33033"}],"curies":[{"name":"wp","href":"https:\/\/api.w.org\/{rel}","templated":true}]}}