{"id":32196,"date":"2024-08-16T20:53:16","date_gmt":"2024-08-16T17:53:16","guid":{"rendered":"https:\/\/minubaltic.ee\/?post_type=product&#038;p=32196"},"modified":"2024-08-16T21:13:11","modified_gmt":"2024-08-16T18:13:11","slug":"marmurinis-rastas-prabangus-zakardo-patalynes-komplektas-juodas-auksas","status":"publish","type":"product","link":"https:\/\/minubaltic.ee\/lt\/e-pood\/patalynes-komplektai\/marmurinis-rastas-prabangus-zakardo-patalynes-komplektas-juodas-auksas\/","title":{"rendered":"Marmurinis ra\u0161tas Prabangus \u017eakardo patalyn\u0117s komplektas | Juodas auksas"},"content":{"rendered":"<ul>\n<li><strong>Med\u017eiaga:<\/strong> 100 % egiptieti\u0161ka medviln\u0117<\/li>\n<li><strong>Audinys:<\/strong> 1000 TC<strong>,<\/strong> tankis 250 g\/m2.<\/li>\n<li><strong>Stilius:<\/strong> \u017dakardas<\/li>\n<li><strong>Rinkinio turinys:<\/strong> 1 u\u017evalkalas antklodei, 1 paklod\u0117, 2 pagalv\u0117s u\u017evalkalas<\/li>\n<li><strong>Antklod\u0117s u\u017evalkalas:<\/strong> 200\u00d7230<\/li>\n<li><strong>Paklod\u0117:<\/strong> 245\u00d7250<\/li>\n<li><strong>Pagalv\u0117s u\u017evalkalas:<\/strong> 45\u00d775 (2 vnt.)<\/li>\n<\/ul>\n<p>Egiptieti\u0161kos medviln\u0117s patalyn\u0117s komplektas \u2013 gera investicija, \u012fne\u0161anti prabangos ir komforto \u012f j\u016bs\u0173 kasdienyb\u0119. Pasirink\u0119 egiptieti\u0161kos medviln\u0117s patalyn\u0117s komplekt\u0105, gal\u0117site m\u0117gautis geriausios pasaulyje medviln\u0117s mink\u0161tumu, ilgaam\u017ei\u0161kumu ir kokybe, kuri tarnaus ilgus metus.<\/p>\n<p><strong>1. Nepaprastas mink\u0161tumas:<\/strong> Egipto medviln\u0117s patalyn\u0117 yra \u017einoma d\u0117l savo \u0161ilkinio ir prabangaus mink\u0161tumo, suteikianti did\u017eiausi\u0105 komfort\u0105 ir \u0161veln\u0173 jausm\u0105 ant odos.<\/p>\n<p><strong>2. Puikus patvarumas:<\/strong> D\u0117l ilg\u0173 ir tvirt\u0173 pluo\u0161t\u0173 egiptieti\u0161kos medviln\u0117s patalyn\u0117 i\u0161laiko savo kokyb\u0119 net po daugkartinio skalbimo, tarnauja ilgus metus be nusid\u0117v\u0117jimo \u017eymi\u0173.<\/p>\n<p><strong>3. Kv\u0117puojanti ir reguliuojanti temperat\u016br\u0105:<\/strong> egiptieti\u0161ka medviln\u0117 yra nat\u016braliai kv\u0117puojanti, padedanti i\u0161laikyti k\u016bn\u0105 v\u0117s\u0173 vasar\u0105 ir \u0161ilt\u0105 \u017eiem\u0105, u\u017etikrindama patog\u0173 mieg\u0105 i\u0161tisus metus.<\/p>\n<p><strong>4. Nat\u016brali ir hipoalergin\u0117:<\/strong> Egipto medviln\u0117 auginama be chemikal\u0173, tod\u0117l tai yra saugus ir sveikas pasirinkimas \u017emon\u0117ms su jautria oda, tod\u0117l suma\u017e\u0117ja alergijos rizika.<\/p>\n<p><strong>5. Sodrios spalvos ir apdailos kokyb\u0117:<\/strong> egiptieti\u0161kos medviln\u0117s patalyn\u0117 ilgiau i\u0161laiko ry\u0161kias spalvas ir eleganti\u0161k\u0105 apdail\u0105, suteikdama prabangi\u0105 i\u0161vaizd\u0105 ir poj\u016bt\u012f kiekvien\u0105 kart\u0105 naudojant.<\/p>\n<p><strong>\u0160is patalyn\u0117s komplektas praturtins j\u016bs\u0173 miegam\u0105j\u012f elegancija ir komfortu. Idealus pasirinkimas kaip dovana sau ar savo artimiesiems.<\/strong><\/p>\n","protected":false},"excerpt":{"rendered":"<p>Egiptieti\u0161ka medviln\u0117 yra laikoma geriausia ir prabangiausia medvilne pasaulyje, o d\u0117l i\u0161skirtin\u0117s kokyb\u0117s ir ilgaam\u017ei\u0161kumo ji tapo tinkamiausiu patalyn\u0117s pasirinkimu.<\/p>\n","protected":false},"featured_media":32202,"comment_status":"open","ping_status":"closed","template":"","meta":[],"product_brand":[],"product_cat":[768,823,828,553,619,614],"product_tag":[558,559,564],"class_list":{"0":"post-32196","1":"product","2":"type-product","3":"status-publish","4":"has-post-thumbnail","6":"product_cat-ekologiska-patalyne","7":"product_cat-medvilnine-patalyne","8":"product_cat-medvilniniai-patalynes-komplektai","9":"product_cat-patalynes-komplektai","10":"product_cat-patalynes-komplektai-lt","11":"product_cat-patalynes-komplektai-200-230","12":"product_tag-e-parduotuve","13":"product_tag-namu-tekstile","14":"product_tag-tekstile","16":"first","17":"outofstock","18":"shipping-taxable","19":"purchasable","20":"product-type-simple"},"yoast_head":"<!-- This site is optimized with the Yoast SEO plugin v27.4 - https:\/\/yoast.com\/product\/yoast-seo-wordpress\/ -->\n<title>Marmurinis ra\u0161tas Prabangus \u017eakardo patalyn\u0117s komplektas<\/title>\n<meta name=\"description\" content=\"Egiptieti\u0161kos medviln\u0117s patalyn\u0117s komplektas - gera investicija, kuri suteiks prabangos ir komforto j\u016bs\u0173 kasdieniam gyvenimui. Rinkdamiesi egiptieti\u0161kos...\" \/>\n<meta name=\"robots\" content=\"index, follow, max-snippet:-1, max-image-preview:large, max-video-preview:-1\" \/>\n<link rel=\"canonical\" href=\"https:\/\/minubaltic.ee\/lt\/e-pood\/patalynes-komplektai\/marmurinis-rastas-prabangus-zakardo-patalynes-komplektas-juodas-auksas\/\" \/>\n<meta property=\"og:locale\" content=\"lt_LT\" \/>\n<meta property=\"og:type\" content=\"article\" \/>\n<meta property=\"og:title\" content=\"Marmurinis ra\u0161tas Prabangus \u017eakardo patalyn\u0117s komplektas\" \/>\n<meta property=\"og:description\" content=\"Egiptieti\u0161kos medviln\u0117s patalyn\u0117s komplektas - gera investicija, kuri suteiks prabangos ir komforto j\u016bs\u0173 kasdieniam gyvenimui. Rinkdamiesi egiptieti\u0161kos...\" \/>\n<meta property=\"og:url\" content=\"https:\/\/minubaltic.ee\/lt\/e-pood\/patalynes-komplektai\/marmurinis-rastas-prabangus-zakardo-patalynes-komplektas-juodas-auksas\/\" \/>\n<meta property=\"article:publisher\" content=\"https:\/\/www.facebook.com\/minubaltic\" \/>\n<meta property=\"article:modified_time\" content=\"2024-08-16T18:13:11+00:00\" \/>\n<meta property=\"og:image\" content=\"https:\/\/minubaltic.ee\/wp-content\/uploads\/2024\/08\/Marmor-mustriga-luksuslik-Jacquard-voodipesukomplekt-23.jpg\" \/>\n\t<meta property=\"og:image:width\" content=\"800\" \/>\n\t<meta property=\"og:image:height\" content=\"800\" \/>\n\t<meta property=\"og:image:type\" content=\"image\/jpeg\" \/>\n<meta name=\"twitter:card\" content=\"summary_large_image\" \/>\n<meta name=\"twitter:label1\" content=\"Est. reading time\" \/>\n\t<meta name=\"twitter:data1\" content=\"2 minut\u0117s\" \/>\n<script type=\"application\/ld+json\" class=\"yoast-schema-graph\">{\"@context\":\"https:\\\/\\\/schema.org\",\"@graph\":[{\"@type\":\"WebPage\",\"@id\":\"https:\\\/\\\/minubaltic.ee\\\/lt\\\/e-pood\\\/patalynes-komplektai\\\/marmurinis-rastas-prabangus-zakardo-patalynes-komplektas-juodas-auksas\\\/\",\"url\":\"https:\\\/\\\/minubaltic.ee\\\/lt\\\/e-pood\\\/patalynes-komplektai\\\/marmurinis-rastas-prabangus-zakardo-patalynes-komplektas-juodas-auksas\\\/\",\"name\":\"Marmurinis ra\u0161tas Prabangus \u017eakardo patalyn\u0117s komplektas\",\"isPartOf\":{\"@id\":\"https:\\\/\\\/minubaltic.ee\\\/lt\\\/#website\"},\"primaryImageOfPage\":{\"@id\":\"https:\\\/\\\/minubaltic.ee\\\/lt\\\/e-pood\\\/patalynes-komplektai\\\/marmurinis-rastas-prabangus-zakardo-patalynes-komplektas-juodas-auksas\\\/#primaryimage\"},\"image\":{\"@id\":\"https:\\\/\\\/minubaltic.ee\\\/lt\\\/e-pood\\\/patalynes-komplektai\\\/marmurinis-rastas-prabangus-zakardo-patalynes-komplektas-juodas-auksas\\\/#primaryimage\"},\"thumbnailUrl\":\"https:\\\/\\\/minubaltic.ee\\\/wp-content\\\/uploads\\\/2024\\\/08\\\/Marmor-mustriga-luksuslik-Jacquard-voodipesukomplekt-23.jpg\",\"datePublished\":\"2024-08-16T17:53:16+00:00\",\"dateModified\":\"2024-08-16T18:13:11+00:00\",\"description\":\"Egiptieti\u0161kos medviln\u0117s patalyn\u0117s komplektas - gera investicija, kuri suteiks prabangos ir komforto j\u016bs\u0173 kasdieniam gyvenimui. Rinkdamiesi egiptieti\u0161kos...\",\"breadcrumb\":{\"@id\":\"https:\\\/\\\/minubaltic.ee\\\/lt\\\/e-pood\\\/patalynes-komplektai\\\/marmurinis-rastas-prabangus-zakardo-patalynes-komplektas-juodas-auksas\\\/#breadcrumb\"},\"inLanguage\":\"lt-LT\",\"potentialAction\":[{\"@type\":\"ReadAction\",\"target\":[\"https:\\\/\\\/minubaltic.ee\\\/lt\\\/e-pood\\\/patalynes-komplektai\\\/marmurinis-rastas-prabangus-zakardo-patalynes-komplektas-juodas-auksas\\\/\"]}]},{\"@type\":\"ImageObject\",\"inLanguage\":\"lt-LT\",\"@id\":\"https:\\\/\\\/minubaltic.ee\\\/lt\\\/e-pood\\\/patalynes-komplektai\\\/marmurinis-rastas-prabangus-zakardo-patalynes-komplektas-juodas-auksas\\\/#primaryimage\",\"url\":\"https:\\\/\\\/minubaltic.ee\\\/wp-content\\\/uploads\\\/2024\\\/08\\\/Marmor-mustriga-luksuslik-Jacquard-voodipesukomplekt-23.jpg\",\"contentUrl\":\"https:\\\/\\\/minubaltic.ee\\\/wp-content\\\/uploads\\\/2024\\\/08\\\/Marmor-mustriga-luksuslik-Jacquard-voodipesukomplekt-23.jpg\",\"width\":800,\"height\":800},{\"@type\":\"BreadcrumbList\",\"@id\":\"https:\\\/\\\/minubaltic.ee\\\/lt\\\/e-pood\\\/patalynes-komplektai\\\/marmurinis-rastas-prabangus-zakardo-patalynes-komplektas-juodas-auksas\\\/#breadcrumb\",\"itemListElement\":[{\"@type\":\"ListItem\",\"position\":1,\"name\":\"Home\",\"item\":\"https:\\\/\\\/minubaltic.ee\\\/lt\\\/\"},{\"@type\":\"ListItem\",\"position\":2,\"name\":\"Parduotuv\u0117\",\"item\":\"https:\\\/\\\/minubaltic.ee\\\/lt\\\/parduotuve\\\/\"},{\"@type\":\"ListItem\",\"position\":3,\"name\":\"Marmurinis ra\u0161tas Prabangus \u017eakardo patalyn\u0117s komplektas | Juodas auksas\"}]},{\"@type\":\"WebSite\",\"@id\":\"https:\\\/\\\/minubaltic.ee\\\/lt\\\/#website\",\"url\":\"https:\\\/\\\/minubaltic.ee\\\/lt\\\/\",\"name\":\"minubaltic.ee\",\"description\":\"\",\"publisher\":{\"@id\":\"https:\\\/\\\/minubaltic.ee\\\/lt\\\/#organization\"},\"potentialAction\":[{\"@type\":\"SearchAction\",\"target\":{\"@type\":\"EntryPoint\",\"urlTemplate\":\"https:\\\/\\\/minubaltic.ee\\\/lt\\\/?s={search_term_string}\"},\"query-input\":{\"@type\":\"PropertyValueSpecification\",\"valueRequired\":true,\"valueName\":\"search_term_string\"}}],\"inLanguage\":\"lt-LT\"},{\"@type\":\"Organization\",\"@id\":\"https:\\\/\\\/minubaltic.ee\\\/lt\\\/#organization\",\"name\":\"Minu Baltic O\u00dc\",\"url\":\"https:\\\/\\\/minubaltic.ee\\\/lt\\\/\",\"logo\":{\"@type\":\"ImageObject\",\"inLanguage\":\"lt-LT\",\"@id\":\"https:\\\/\\\/minubaltic.ee\\\/lt\\\/#\\\/schema\\\/logo\\\/image\\\/\",\"url\":\"https:\\\/\\\/minubaltic.ee\\\/wp-content\\\/uploads\\\/2023\\\/10\\\/cropped-cropped-cropped-logo.png\",\"contentUrl\":\"https:\\\/\\\/minubaltic.ee\\\/wp-content\\\/uploads\\\/2023\\\/10\\\/cropped-cropped-cropped-logo.png\",\"width\":500,\"height\":237,\"caption\":\"Minu Baltic O\u00dc\"},\"image\":{\"@id\":\"https:\\\/\\\/minubaltic.ee\\\/lt\\\/#\\\/schema\\\/logo\\\/image\\\/\"},\"sameAs\":[\"https:\\\/\\\/www.facebook.com\\\/minubaltic\"]}]}<\/script>\n<!-- \/ Yoast SEO plugin. -->","yoast_head_json":{"title":"Marmurinis ra\u0161tas Prabangus \u017eakardo patalyn\u0117s komplektas","description":"Egiptieti\u0161kos medviln\u0117s patalyn\u0117s komplektas - gera investicija, kuri suteiks prabangos ir komforto j\u016bs\u0173 kasdieniam gyvenimui. Rinkdamiesi egiptieti\u0161kos...","robots":{"index":"index","follow":"follow","max-snippet":"max-snippet:-1","max-image-preview":"max-image-preview:large","max-video-preview":"max-video-preview:-1"},"canonical":"https:\/\/minubaltic.ee\/lt\/e-pood\/patalynes-komplektai\/marmurinis-rastas-prabangus-zakardo-patalynes-komplektas-juodas-auksas\/","og_locale":"lt_LT","og_type":"article","og_title":"Marmurinis ra\u0161tas Prabangus \u017eakardo patalyn\u0117s komplektas","og_description":"Egiptieti\u0161kos medviln\u0117s patalyn\u0117s komplektas - gera investicija, kuri suteiks prabangos ir komforto j\u016bs\u0173 kasdieniam gyvenimui. Rinkdamiesi egiptieti\u0161kos...","og_url":"https:\/\/minubaltic.ee\/lt\/e-pood\/patalynes-komplektai\/marmurinis-rastas-prabangus-zakardo-patalynes-komplektas-juodas-auksas\/","article_publisher":"https:\/\/www.facebook.com\/minubaltic","article_modified_time":"2024-08-16T18:13:11+00:00","og_image":[{"width":800,"height":800,"url":"https:\/\/minubaltic.ee\/wp-content\/uploads\/2024\/08\/Marmor-mustriga-luksuslik-Jacquard-voodipesukomplekt-23.jpg","type":"image\/jpeg"}],"twitter_card":"summary_large_image","twitter_misc":{"Est. reading time":"2 minut\u0117s"},"schema":{"@context":"https:\/\/schema.org","@graph":[{"@type":"WebPage","@id":"https:\/\/minubaltic.ee\/lt\/e-pood\/patalynes-komplektai\/marmurinis-rastas-prabangus-zakardo-patalynes-komplektas-juodas-auksas\/","url":"https:\/\/minubaltic.ee\/lt\/e-pood\/patalynes-komplektai\/marmurinis-rastas-prabangus-zakardo-patalynes-komplektas-juodas-auksas\/","name":"Marmurinis ra\u0161tas Prabangus \u017eakardo patalyn\u0117s komplektas","isPartOf":{"@id":"https:\/\/minubaltic.ee\/lt\/#website"},"primaryImageOfPage":{"@id":"https:\/\/minubaltic.ee\/lt\/e-pood\/patalynes-komplektai\/marmurinis-rastas-prabangus-zakardo-patalynes-komplektas-juodas-auksas\/#primaryimage"},"image":{"@id":"https:\/\/minubaltic.ee\/lt\/e-pood\/patalynes-komplektai\/marmurinis-rastas-prabangus-zakardo-patalynes-komplektas-juodas-auksas\/#primaryimage"},"thumbnailUrl":"https:\/\/minubaltic.ee\/wp-content\/uploads\/2024\/08\/Marmor-mustriga-luksuslik-Jacquard-voodipesukomplekt-23.jpg","datePublished":"2024-08-16T17:53:16+00:00","dateModified":"2024-08-16T18:13:11+00:00","description":"Egiptieti\u0161kos medviln\u0117s patalyn\u0117s komplektas - gera investicija, kuri suteiks prabangos ir komforto j\u016bs\u0173 kasdieniam gyvenimui. Rinkdamiesi egiptieti\u0161kos...","breadcrumb":{"@id":"https:\/\/minubaltic.ee\/lt\/e-pood\/patalynes-komplektai\/marmurinis-rastas-prabangus-zakardo-patalynes-komplektas-juodas-auksas\/#breadcrumb"},"inLanguage":"lt-LT","potentialAction":[{"@type":"ReadAction","target":["https:\/\/minubaltic.ee\/lt\/e-pood\/patalynes-komplektai\/marmurinis-rastas-prabangus-zakardo-patalynes-komplektas-juodas-auksas\/"]}]},{"@type":"ImageObject","inLanguage":"lt-LT","@id":"https:\/\/minubaltic.ee\/lt\/e-pood\/patalynes-komplektai\/marmurinis-rastas-prabangus-zakardo-patalynes-komplektas-juodas-auksas\/#primaryimage","url":"https:\/\/minubaltic.ee\/wp-content\/uploads\/2024\/08\/Marmor-mustriga-luksuslik-Jacquard-voodipesukomplekt-23.jpg","contentUrl":"https:\/\/minubaltic.ee\/wp-content\/uploads\/2024\/08\/Marmor-mustriga-luksuslik-Jacquard-voodipesukomplekt-23.jpg","width":800,"height":800},{"@type":"BreadcrumbList","@id":"https:\/\/minubaltic.ee\/lt\/e-pood\/patalynes-komplektai\/marmurinis-rastas-prabangus-zakardo-patalynes-komplektas-juodas-auksas\/#breadcrumb","itemListElement":[{"@type":"ListItem","position":1,"name":"Home","item":"https:\/\/minubaltic.ee\/lt\/"},{"@type":"ListItem","position":2,"name":"Parduotuv\u0117","item":"https:\/\/minubaltic.ee\/lt\/parduotuve\/"},{"@type":"ListItem","position":3,"name":"Marmurinis ra\u0161tas Prabangus \u017eakardo patalyn\u0117s komplektas | Juodas auksas"}]},{"@type":"WebSite","@id":"https:\/\/minubaltic.ee\/lt\/#website","url":"https:\/\/minubaltic.ee\/lt\/","name":"minubaltic.ee","description":"","publisher":{"@id":"https:\/\/minubaltic.ee\/lt\/#organization"},"potentialAction":[{"@type":"SearchAction","target":{"@type":"EntryPoint","urlTemplate":"https:\/\/minubaltic.ee\/lt\/?s={search_term_string}"},"query-input":{"@type":"PropertyValueSpecification","valueRequired":true,"valueName":"search_term_string"}}],"inLanguage":"lt-LT"},{"@type":"Organization","@id":"https:\/\/minubaltic.ee\/lt\/#organization","name":"Minu Baltic O\u00dc","url":"https:\/\/minubaltic.ee\/lt\/","logo":{"@type":"ImageObject","inLanguage":"lt-LT","@id":"https:\/\/minubaltic.ee\/lt\/#\/schema\/logo\/image\/","url":"https:\/\/minubaltic.ee\/wp-content\/uploads\/2023\/10\/cropped-cropped-cropped-logo.png","contentUrl":"https:\/\/minubaltic.ee\/wp-content\/uploads\/2023\/10\/cropped-cropped-cropped-logo.png","width":500,"height":237,"caption":"Minu Baltic O\u00dc"},"image":{"@id":"https:\/\/minubaltic.ee\/lt\/#\/schema\/logo\/image\/"},"sameAs":["https:\/\/www.facebook.com\/minubaltic"]}]}},"_links":{"self":[{"href":"https:\/\/minubaltic.ee\/lt\/wp-json\/wp\/v2\/product\/32196","targetHints":{"allow":["GET"]}}],"collection":[{"href":"https:\/\/minubaltic.ee\/lt\/wp-json\/wp\/v2\/product"}],"about":[{"href":"https:\/\/minubaltic.ee\/lt\/wp-json\/wp\/v2\/types\/product"}],"replies":[{"embeddable":true,"href":"https:\/\/minubaltic.ee\/lt\/wp-json\/wp\/v2\/comments?post=32196"}],"version-history":[{"count":2,"href":"https:\/\/minubaltic.ee\/lt\/wp-json\/wp\/v2\/product\/32196\/revisions"}],"predecessor-version":[{"id":32272,"href":"https:\/\/minubaltic.ee\/lt\/wp-json\/wp\/v2\/product\/32196\/revisions\/32272"}],"wp:featuredmedia":[{"embeddable":true,"href":"https:\/\/minubaltic.ee\/lt\/wp-json\/wp\/v2\/media\/32202"}],"wp:attachment":[{"href":"https:\/\/minubaltic.ee\/lt\/wp-json\/wp\/v2\/media?parent=32196"}],"wp:term":[{"taxonomy":"product_brand","embeddable":true,"href":"https:\/\/minubaltic.ee\/lt\/wp-json\/wp\/v2\/product_brand?post=32196"},{"taxonomy":"product_cat","embeddable":true,"href":"https:\/\/minubaltic.ee\/lt\/wp-json\/wp\/v2\/product_cat?post=32196"},{"taxonomy":"product_tag","embeddable":true,"href":"https:\/\/minubaltic.ee\/lt\/wp-json\/wp\/v2\/product_tag?post=32196"}],"curies":[{"name":"wp","href":"https:\/\/api.w.org\/{rel}","templated":true}]}}