{"id":31360,"date":"2024-08-08T01:06:19","date_gmt":"2024-08-07T22:06:19","guid":{"rendered":"https:\/\/minubaltic.ee\/?post_type=product&#038;p=31360"},"modified":"2024-08-08T02:02:24","modified_gmt":"2024-08-07T23:02:24","slug":"premium-lyocell-patalynes-komplektas-lelija","status":"publish","type":"product","link":"https:\/\/minubaltic.ee\/lt\/e-pood\/patalynes-komplektai\/premium-lyocell-patalynes-komplektas-lelija\/","title":{"rendered":"Premium Lyocell patalyn\u0117s komplektas | Lelija"},"content":{"rendered":"<ul>\n<li><strong>Med\u017eiaga:<\/strong> 100% liocelis<\/li>\n<li><strong>Patogumas:<\/strong> kv\u0117puojanti ir mink\u0161ta tekst\u016bra<\/li>\n<li><strong>Rinkinio turinys:<\/strong> 1 u\u017evalkalas antklodei, 1 paklod\u0117, 2 pagalv\u0117s u\u017evalkalas<\/li>\n<li><strong>Antklod\u0117s u\u017evalkalas:<\/strong> 200\u00d7230<\/li>\n<li><strong>Paklod\u0117:<\/strong> 245\u00d7250<\/li>\n<li><strong>Pagalv\u0117s u\u017evalkalas:<\/strong> 50\u00d775 (2 vnt.)<\/li>\n<\/ul>\n<p><strong>Kod\u0117l verta rinktis &#8222;Lyocell&#8221; patalyn\u0117s komplekt\u0105?<\/strong><\/p>\n<ol>\n<li>I\u0161skirtinis mink\u0161tumas: Lyocellis pasi\u017eymi \u0161ilkine tekst\u016bra, kad miegas b\u016bt\u0173 mink\u0161tas ir patogus.<\/li>\n<li>Puikus pralaidumas orui: Med\u017eiaga pa\u0161alina dr\u0117gm\u0119 nuo k\u016bno.<\/li>\n<li>Dr\u0117gm\u0117s i\u0161skyrimas: Lyocellis sugeria daugiau dr\u0117gm\u0117s nei medviln\u0117, tod\u0117l padeda i\u0161vengti prakaitavimo.<\/li>\n<li>Antibakterin\u0117s savyb\u0117s: Lyocellis pasi\u017eymi antibakterin\u0117mis savyb\u0117mis, tod\u0117l ma\u017eina nemalonius kvapus ir i\u0161laiko patalyn\u0117s \u0161vie\u017eum\u0105.<\/li>\n<li>Ekologi\u0161ka: Gaminama i\u0161 tausiai auginam\u0173 eukalipt\u0173, tod\u0117l sunaudojama ma\u017eiau vandens.<\/li>\n<li>Hipoalerginis: Jis puikiai tinka jautri\u0105 od\u0105 turintiems ir alergi\u0161kiems \u017emon\u0117ms, nes yra \u0161velnus ir ma\u017eiau dirgina.<\/li>\n<li>Ilgaam\u017ei\u0161kumas: Lyocellis yra ilgaam\u017eis ir i\u0161laiko savo kokyb\u0119 net po daugkartinio skalbimo.<\/li>\n<\/ol>\n<p><strong>Rinkdamiesi &#8222;Lyocell Prem\u0131um&#8221; patalyn\u0119, investuojate ir \u012f savo miego kokyb\u0119, ir \u012f aplinkos gerov\u0119.<\/strong><\/p>\n","protected":false},"excerpt":{"rendered":"<p>Lyocell patalyn\u0117s komplektas pagamintas i\u0161 celiulioz\u0117s pluo\u0161to, gauto i\u0161 tvariai u\u017eaugintos medienos, da\u017eniausiai eukalipt\u0173. \u0160i med\u017eiaga yra \u017einoma d\u0117l savo prabangaus mink\u0161tumo ir \u0161ilkin\u0117s tekst\u016bros, u\u017etikrinan\u010dios i\u0161skirtin\u012f miego komfort\u0105.<\/p>\n","protected":false},"featured_media":31366,"comment_status":"open","ping_status":"closed","template":"","meta":[],"product_brand":[],"product_cat":[768,870,553,619,614],"product_tag":[558,559,564],"class_list":{"0":"post-31360","1":"product","2":"type-product","3":"status-publish","4":"has-post-thumbnail","6":"product_cat-ekologiska-patalyne","7":"product_cat-lyocell-patalyne","8":"product_cat-patalynes-komplektai","9":"product_cat-patalynes-komplektai-lt","10":"product_cat-patalynes-komplektai-200-230","11":"product_tag-e-parduotuve","12":"product_tag-namu-tekstile","13":"product_tag-tekstile","15":"first","16":"outofstock","17":"shipping-taxable","18":"purchasable","19":"product-type-simple"},"yoast_head":"<!-- This site is optimized with the Yoast SEO plugin v27.3 - https:\/\/yoast.com\/product\/yoast-seo-wordpress\/ -->\n<title>Premium Lyocell patalyn\u0117s komplektas | Lelija - Minu Baltic<\/title>\n<meta name=\"description\" content=\"Lyocell patalyn\u0117s komplektas yra \u0161ilkin\u0117s tekst\u016bros ir yra draugi\u0161kas aplinkai, nes gaunamas i\u0161 tvariai u\u017eaugintos medienos, da\u017eniausiai eukalipt\u0173.\" \/>\n<meta name=\"robots\" content=\"index, follow, max-snippet:-1, max-image-preview:large, max-video-preview:-1\" \/>\n<link rel=\"canonical\" href=\"https:\/\/minubaltic.ee\/lt\/e-pood\/patalynes-komplektai\/premium-lyocell-patalynes-komplektas-lelija\/\" \/>\n<meta property=\"og:locale\" content=\"lt_LT\" \/>\n<meta property=\"og:type\" content=\"article\" \/>\n<meta property=\"og:title\" content=\"Premium Lyocell patalyn\u0117s komplektas | Lelija - Minu Baltic\" \/>\n<meta property=\"og:description\" content=\"Lyocell patalyn\u0117s komplektas yra \u0161ilkin\u0117s tekst\u016bros ir yra draugi\u0161kas aplinkai, nes gaunamas i\u0161 tvariai u\u017eaugintos medienos, da\u017eniausiai eukalipt\u0173.\" \/>\n<meta property=\"og:url\" content=\"https:\/\/minubaltic.ee\/lt\/e-pood\/patalynes-komplektai\/premium-lyocell-patalynes-komplektas-lelija\/\" \/>\n<meta property=\"article:publisher\" content=\"https:\/\/www.facebook.com\/minubaltic\" \/>\n<meta property=\"article:modified_time\" content=\"2024-08-07T23:02:24+00:00\" \/>\n<meta property=\"og:image\" content=\"https:\/\/minubaltic.ee\/wp-content\/uploads\/2024\/08\/Lyocell-voodipesukomplekt-2.jpg\" \/>\n\t<meta property=\"og:image:width\" content=\"800\" \/>\n\t<meta property=\"og:image:height\" content=\"800\" \/>\n\t<meta property=\"og:image:type\" content=\"image\/jpeg\" \/>\n<meta name=\"twitter:card\" content=\"summary_large_image\" \/>\n<meta name=\"twitter:label1\" content=\"Est. reading time\" \/>\n\t<meta name=\"twitter:data1\" content=\"1 minut\u0117\" \/>\n<script type=\"application\/ld+json\" class=\"yoast-schema-graph\">{\"@context\":\"https:\\\/\\\/schema.org\",\"@graph\":[{\"@type\":\"WebPage\",\"@id\":\"https:\\\/\\\/minubaltic.ee\\\/lt\\\/e-pood\\\/patalynes-komplektai\\\/premium-lyocell-patalynes-komplektas-lelija\\\/\",\"url\":\"https:\\\/\\\/minubaltic.ee\\\/lt\\\/e-pood\\\/patalynes-komplektai\\\/premium-lyocell-patalynes-komplektas-lelija\\\/\",\"name\":\"Premium Lyocell patalyn\u0117s komplektas | Lelija - Minu Baltic\",\"isPartOf\":{\"@id\":\"https:\\\/\\\/minubaltic.ee\\\/lt\\\/#website\"},\"primaryImageOfPage\":{\"@id\":\"https:\\\/\\\/minubaltic.ee\\\/lt\\\/e-pood\\\/patalynes-komplektai\\\/premium-lyocell-patalynes-komplektas-lelija\\\/#primaryimage\"},\"image\":{\"@id\":\"https:\\\/\\\/minubaltic.ee\\\/lt\\\/e-pood\\\/patalynes-komplektai\\\/premium-lyocell-patalynes-komplektas-lelija\\\/#primaryimage\"},\"thumbnailUrl\":\"https:\\\/\\\/minubaltic.ee\\\/wp-content\\\/uploads\\\/2024\\\/08\\\/Lyocell-voodipesukomplekt-2.jpg\",\"datePublished\":\"2024-08-07T22:06:19+00:00\",\"dateModified\":\"2024-08-07T23:02:24+00:00\",\"description\":\"Lyocell patalyn\u0117s komplektas yra \u0161ilkin\u0117s tekst\u016bros ir yra draugi\u0161kas aplinkai, nes gaunamas i\u0161 tvariai u\u017eaugintos medienos, da\u017eniausiai eukalipt\u0173.\",\"breadcrumb\":{\"@id\":\"https:\\\/\\\/minubaltic.ee\\\/lt\\\/e-pood\\\/patalynes-komplektai\\\/premium-lyocell-patalynes-komplektas-lelija\\\/#breadcrumb\"},\"inLanguage\":\"lt-LT\",\"potentialAction\":[{\"@type\":\"ReadAction\",\"target\":[\"https:\\\/\\\/minubaltic.ee\\\/lt\\\/e-pood\\\/patalynes-komplektai\\\/premium-lyocell-patalynes-komplektas-lelija\\\/\"]}]},{\"@type\":\"ImageObject\",\"inLanguage\":\"lt-LT\",\"@id\":\"https:\\\/\\\/minubaltic.ee\\\/lt\\\/e-pood\\\/patalynes-komplektai\\\/premium-lyocell-patalynes-komplektas-lelija\\\/#primaryimage\",\"url\":\"https:\\\/\\\/minubaltic.ee\\\/wp-content\\\/uploads\\\/2024\\\/08\\\/Lyocell-voodipesukomplekt-2.jpg\",\"contentUrl\":\"https:\\\/\\\/minubaltic.ee\\\/wp-content\\\/uploads\\\/2024\\\/08\\\/Lyocell-voodipesukomplekt-2.jpg\",\"width\":800,\"height\":800},{\"@type\":\"BreadcrumbList\",\"@id\":\"https:\\\/\\\/minubaltic.ee\\\/lt\\\/e-pood\\\/patalynes-komplektai\\\/premium-lyocell-patalynes-komplektas-lelija\\\/#breadcrumb\",\"itemListElement\":[{\"@type\":\"ListItem\",\"position\":1,\"name\":\"Home\",\"item\":\"https:\\\/\\\/minubaltic.ee\\\/lt\\\/\"},{\"@type\":\"ListItem\",\"position\":2,\"name\":\"Parduotuv\u0117\",\"item\":\"https:\\\/\\\/minubaltic.ee\\\/lt\\\/parduotuve\\\/\"},{\"@type\":\"ListItem\",\"position\":3,\"name\":\"Premium Lyocell patalyn\u0117s komplektas | Lelija\"}]},{\"@type\":\"WebSite\",\"@id\":\"https:\\\/\\\/minubaltic.ee\\\/lt\\\/#website\",\"url\":\"https:\\\/\\\/minubaltic.ee\\\/lt\\\/\",\"name\":\"minubaltic.ee\",\"description\":\"\",\"publisher\":{\"@id\":\"https:\\\/\\\/minubaltic.ee\\\/lt\\\/#organization\"},\"potentialAction\":[{\"@type\":\"SearchAction\",\"target\":{\"@type\":\"EntryPoint\",\"urlTemplate\":\"https:\\\/\\\/minubaltic.ee\\\/lt\\\/?s={search_term_string}\"},\"query-input\":{\"@type\":\"PropertyValueSpecification\",\"valueRequired\":true,\"valueName\":\"search_term_string\"}}],\"inLanguage\":\"lt-LT\"},{\"@type\":\"Organization\",\"@id\":\"https:\\\/\\\/minubaltic.ee\\\/lt\\\/#organization\",\"name\":\"Minu Baltic O\u00dc\",\"url\":\"https:\\\/\\\/minubaltic.ee\\\/lt\\\/\",\"logo\":{\"@type\":\"ImageObject\",\"inLanguage\":\"lt-LT\",\"@id\":\"https:\\\/\\\/minubaltic.ee\\\/lt\\\/#\\\/schema\\\/logo\\\/image\\\/\",\"url\":\"https:\\\/\\\/minubaltic.ee\\\/wp-content\\\/uploads\\\/2023\\\/10\\\/cropped-cropped-cropped-logo.png\",\"contentUrl\":\"https:\\\/\\\/minubaltic.ee\\\/wp-content\\\/uploads\\\/2023\\\/10\\\/cropped-cropped-cropped-logo.png\",\"width\":500,\"height\":237,\"caption\":\"Minu Baltic O\u00dc\"},\"image\":{\"@id\":\"https:\\\/\\\/minubaltic.ee\\\/lt\\\/#\\\/schema\\\/logo\\\/image\\\/\"},\"sameAs\":[\"https:\\\/\\\/www.facebook.com\\\/minubaltic\"]}]}<\/script>\n<!-- \/ Yoast SEO plugin. -->","yoast_head_json":{"title":"Premium Lyocell patalyn\u0117s komplektas | Lelija - Minu Baltic","description":"Lyocell patalyn\u0117s komplektas yra \u0161ilkin\u0117s tekst\u016bros ir yra draugi\u0161kas aplinkai, nes gaunamas i\u0161 tvariai u\u017eaugintos medienos, da\u017eniausiai eukalipt\u0173.","robots":{"index":"index","follow":"follow","max-snippet":"max-snippet:-1","max-image-preview":"max-image-preview:large","max-video-preview":"max-video-preview:-1"},"canonical":"https:\/\/minubaltic.ee\/lt\/e-pood\/patalynes-komplektai\/premium-lyocell-patalynes-komplektas-lelija\/","og_locale":"lt_LT","og_type":"article","og_title":"Premium Lyocell patalyn\u0117s komplektas | Lelija - Minu Baltic","og_description":"Lyocell patalyn\u0117s komplektas yra \u0161ilkin\u0117s tekst\u016bros ir yra draugi\u0161kas aplinkai, nes gaunamas i\u0161 tvariai u\u017eaugintos medienos, da\u017eniausiai eukalipt\u0173.","og_url":"https:\/\/minubaltic.ee\/lt\/e-pood\/patalynes-komplektai\/premium-lyocell-patalynes-komplektas-lelija\/","article_publisher":"https:\/\/www.facebook.com\/minubaltic","article_modified_time":"2024-08-07T23:02:24+00:00","og_image":[{"width":800,"height":800,"url":"https:\/\/minubaltic.ee\/wp-content\/uploads\/2024\/08\/Lyocell-voodipesukomplekt-2.jpg","type":"image\/jpeg"}],"twitter_card":"summary_large_image","twitter_misc":{"Est. reading time":"1 minut\u0117"},"schema":{"@context":"https:\/\/schema.org","@graph":[{"@type":"WebPage","@id":"https:\/\/minubaltic.ee\/lt\/e-pood\/patalynes-komplektai\/premium-lyocell-patalynes-komplektas-lelija\/","url":"https:\/\/minubaltic.ee\/lt\/e-pood\/patalynes-komplektai\/premium-lyocell-patalynes-komplektas-lelija\/","name":"Premium Lyocell patalyn\u0117s komplektas | Lelija - Minu Baltic","isPartOf":{"@id":"https:\/\/minubaltic.ee\/lt\/#website"},"primaryImageOfPage":{"@id":"https:\/\/minubaltic.ee\/lt\/e-pood\/patalynes-komplektai\/premium-lyocell-patalynes-komplektas-lelija\/#primaryimage"},"image":{"@id":"https:\/\/minubaltic.ee\/lt\/e-pood\/patalynes-komplektai\/premium-lyocell-patalynes-komplektas-lelija\/#primaryimage"},"thumbnailUrl":"https:\/\/minubaltic.ee\/wp-content\/uploads\/2024\/08\/Lyocell-voodipesukomplekt-2.jpg","datePublished":"2024-08-07T22:06:19+00:00","dateModified":"2024-08-07T23:02:24+00:00","description":"Lyocell patalyn\u0117s komplektas yra \u0161ilkin\u0117s tekst\u016bros ir yra draugi\u0161kas aplinkai, nes gaunamas i\u0161 tvariai u\u017eaugintos medienos, da\u017eniausiai eukalipt\u0173.","breadcrumb":{"@id":"https:\/\/minubaltic.ee\/lt\/e-pood\/patalynes-komplektai\/premium-lyocell-patalynes-komplektas-lelija\/#breadcrumb"},"inLanguage":"lt-LT","potentialAction":[{"@type":"ReadAction","target":["https:\/\/minubaltic.ee\/lt\/e-pood\/patalynes-komplektai\/premium-lyocell-patalynes-komplektas-lelija\/"]}]},{"@type":"ImageObject","inLanguage":"lt-LT","@id":"https:\/\/minubaltic.ee\/lt\/e-pood\/patalynes-komplektai\/premium-lyocell-patalynes-komplektas-lelija\/#primaryimage","url":"https:\/\/minubaltic.ee\/wp-content\/uploads\/2024\/08\/Lyocell-voodipesukomplekt-2.jpg","contentUrl":"https:\/\/minubaltic.ee\/wp-content\/uploads\/2024\/08\/Lyocell-voodipesukomplekt-2.jpg","width":800,"height":800},{"@type":"BreadcrumbList","@id":"https:\/\/minubaltic.ee\/lt\/e-pood\/patalynes-komplektai\/premium-lyocell-patalynes-komplektas-lelija\/#breadcrumb","itemListElement":[{"@type":"ListItem","position":1,"name":"Home","item":"https:\/\/minubaltic.ee\/lt\/"},{"@type":"ListItem","position":2,"name":"Parduotuv\u0117","item":"https:\/\/minubaltic.ee\/lt\/parduotuve\/"},{"@type":"ListItem","position":3,"name":"Premium Lyocell patalyn\u0117s komplektas | Lelija"}]},{"@type":"WebSite","@id":"https:\/\/minubaltic.ee\/lt\/#website","url":"https:\/\/minubaltic.ee\/lt\/","name":"minubaltic.ee","description":"","publisher":{"@id":"https:\/\/minubaltic.ee\/lt\/#organization"},"potentialAction":[{"@type":"SearchAction","target":{"@type":"EntryPoint","urlTemplate":"https:\/\/minubaltic.ee\/lt\/?s={search_term_string}"},"query-input":{"@type":"PropertyValueSpecification","valueRequired":true,"valueName":"search_term_string"}}],"inLanguage":"lt-LT"},{"@type":"Organization","@id":"https:\/\/minubaltic.ee\/lt\/#organization","name":"Minu Baltic O\u00dc","url":"https:\/\/minubaltic.ee\/lt\/","logo":{"@type":"ImageObject","inLanguage":"lt-LT","@id":"https:\/\/minubaltic.ee\/lt\/#\/schema\/logo\/image\/","url":"https:\/\/minubaltic.ee\/wp-content\/uploads\/2023\/10\/cropped-cropped-cropped-logo.png","contentUrl":"https:\/\/minubaltic.ee\/wp-content\/uploads\/2023\/10\/cropped-cropped-cropped-logo.png","width":500,"height":237,"caption":"Minu Baltic O\u00dc"},"image":{"@id":"https:\/\/minubaltic.ee\/lt\/#\/schema\/logo\/image\/"},"sameAs":["https:\/\/www.facebook.com\/minubaltic"]}]}},"_links":{"self":[{"href":"https:\/\/minubaltic.ee\/lt\/wp-json\/wp\/v2\/product\/31360","targetHints":{"allow":["GET"]}}],"collection":[{"href":"https:\/\/minubaltic.ee\/lt\/wp-json\/wp\/v2\/product"}],"about":[{"href":"https:\/\/minubaltic.ee\/lt\/wp-json\/wp\/v2\/types\/product"}],"replies":[{"embeddable":true,"href":"https:\/\/minubaltic.ee\/lt\/wp-json\/wp\/v2\/comments?post=31360"}],"version-history":[{"count":4,"href":"https:\/\/minubaltic.ee\/lt\/wp-json\/wp\/v2\/product\/31360\/revisions"}],"predecessor-version":[{"id":31438,"href":"https:\/\/minubaltic.ee\/lt\/wp-json\/wp\/v2\/product\/31360\/revisions\/31438"}],"wp:featuredmedia":[{"embeddable":true,"href":"https:\/\/minubaltic.ee\/lt\/wp-json\/wp\/v2\/media\/31366"}],"wp:attachment":[{"href":"https:\/\/minubaltic.ee\/lt\/wp-json\/wp\/v2\/media?parent=31360"}],"wp:term":[{"taxonomy":"product_brand","embeddable":true,"href":"https:\/\/minubaltic.ee\/lt\/wp-json\/wp\/v2\/product_brand?post=31360"},{"taxonomy":"product_cat","embeddable":true,"href":"https:\/\/minubaltic.ee\/lt\/wp-json\/wp\/v2\/product_cat?post=31360"},{"taxonomy":"product_tag","embeddable":true,"href":"https:\/\/minubaltic.ee\/lt\/wp-json\/wp\/v2\/product_tag?post=31360"}],"curies":[{"name":"wp","href":"https:\/\/api.w.org\/{rel}","templated":true}]}}