{"id":31225,"date":"2024-08-07T02:06:30","date_gmt":"2024-08-06T23:06:30","guid":{"rendered":"https:\/\/minubaltic.ee\/?post_type=product&#038;p=31225"},"modified":"2024-08-07T02:10:31","modified_gmt":"2024-08-06T23:10:31","slug":"vaikiskas-pledas-100x150-3","status":"publish","type":"product","link":"https:\/\/minubaltic.ee\/lt\/e-pood\/vaikiskos-antklodes\/vaikiskas-pledas-100x150-3\/","title":{"rendered":"Vaiki\u0161kas pledas 100&#215;150"},"content":{"rendered":"<ul>\n<li><span class=\"product-attribute__label\"><strong>Audinio sud\u0117tis:<\/strong> poliesterio pluo\u0161tas (poliesteris)<\/span><\/li>\n<li><strong>Prek\u0117s pakuo\u010di\u0173 kiekis:<\/strong> 1 vnt.<\/li>\n<li><span style=\"vertical-align: inherit;\"><strong>I\u0161matavimai:<\/strong> 100\u00d7150 cm<\/span><\/li>\n<li><span style=\"vertical-align: inherit;\"><strong>Specifikacija:<\/strong> 1cm x 1-3cm<\/span><\/li>\n<li><strong><span style=\"vertical-align: inherit;\">Daugiau informacijos<\/span><span style=\"vertical-align: inherit;\">:<\/span><\/strong><span style=\"vertical-align: inherit;\">Ypa\u010d mink\u0161tas, patogus, \u0161iltas, pralaidus orui<br \/>\n<\/span><\/li>\n<li>Produkt\u0173 nuotraukos yra iliustracin\u0117s<\/li>\n<\/ul>\n","protected":false},"excerpt":{"rendered":"<p>Audinio sud\u0117tis: poliesterio pluo\u0161tas (poliesteris) Prek\u0117s pakuo\u010di\u0173 kiekis: 1 vnt. I\u0161matavimai: 100\u00d7150 cm Specifikacija: 1cm x 1-3cm Daugiau informacijos:Ypa\u010d mink\u0161tas,<\/p>\n","protected":false},"featured_media":31230,"comment_status":"open","ping_status":"closed","template":"","meta":[],"product_brand":[],"product_cat":[536,854],"product_tag":[563,562,557,558,559,564,560],"class_list":{"0":"post-31225","1":"product","2":"type-product","3":"status-publish","4":"has-post-thumbnail","6":"product_cat-vaikiskos-antklodes","7":"product_cat-vaiku-pasaulis","8":"product_tag-antklode","9":"product_tag-antklodes","10":"product_tag-apsipirkti-el","11":"product_tag-e-parduotuve","12":"product_tag-namu-tekstile","13":"product_tag-tekstile","14":"product_tag-vaikiskos-antklodes","16":"first","17":"instock","18":"sale","19":"shipping-taxable","20":"purchasable","21":"product-type-simple"},"yoast_head":"<!-- This site is optimized with the Yoast SEO plugin v27.3 - https:\/\/yoast.com\/product\/yoast-seo-wordpress\/ -->\n<title>Vaiki\u0161kas pledas 100x150 - Vaik\u0173 antklod\u0117<\/title>\n<meta name=\"description\" content=\"Auk\u0161tos kokyb\u0117s antklod\u0117s, K\u016bdiki\u0173 antklod\u0117s, K\u016bdiki\u0173 antklod\u0117s, K\u016bdiki\u0173 antklod\u0117s, K\u016bdiki\u0173 antklod\u0117s, K\u016bdiki\u0173 antklod\u0117s, K\u016bdiki\u0173 antklod\u0117s,....\" \/>\n<meta name=\"robots\" content=\"index, follow, max-snippet:-1, max-image-preview:large, max-video-preview:-1\" \/>\n<link rel=\"canonical\" href=\"https:\/\/minubaltic.ee\/lt\/e-pood\/vaikiskos-antklodes\/vaikiskas-pledas-100x150-3\/\" \/>\n<meta property=\"og:locale\" content=\"lt_LT\" \/>\n<meta property=\"og:type\" content=\"article\" \/>\n<meta property=\"og:title\" content=\"Vaiki\u0161kas pledas 100x150 - Vaik\u0173 antklod\u0117\" \/>\n<meta property=\"og:description\" content=\"Auk\u0161tos kokyb\u0117s antklod\u0117s, K\u016bdiki\u0173 antklod\u0117s, K\u016bdiki\u0173 antklod\u0117s, K\u016bdiki\u0173 antklod\u0117s, K\u016bdiki\u0173 antklod\u0117s, K\u016bdiki\u0173 antklod\u0117s, K\u016bdiki\u0173 antklod\u0117s,....\" \/>\n<meta property=\"og:url\" content=\"https:\/\/minubaltic.ee\/lt\/e-pood\/vaikiskos-antklodes\/vaikiskas-pledas-100x150-3\/\" \/>\n<meta property=\"article:publisher\" content=\"https:\/\/www.facebook.com\/minubaltic\" \/>\n<meta property=\"article:modified_time\" content=\"2024-08-06T23:10:31+00:00\" \/>\n<meta property=\"og:image\" content=\"https:\/\/minubaltic.ee\/wp-content\/uploads\/2024\/08\/Laste-pleed-3.jpg\" \/>\n\t<meta property=\"og:image:width\" content=\"800\" \/>\n\t<meta property=\"og:image:height\" content=\"800\" \/>\n\t<meta property=\"og:image:type\" content=\"image\/jpeg\" \/>\n<meta name=\"twitter:card\" content=\"summary_large_image\" \/>\n<meta name=\"twitter:label1\" content=\"Est. reading time\" \/>\n\t<meta name=\"twitter:data1\" content=\"1 minut\u0117\" \/>\n<script type=\"application\/ld+json\" class=\"yoast-schema-graph\">{\"@context\":\"https:\\\/\\\/schema.org\",\"@graph\":[{\"@type\":\"WebPage\",\"@id\":\"https:\\\/\\\/minubaltic.ee\\\/lt\\\/e-pood\\\/vaikiskos-antklodes\\\/vaikiskas-pledas-100x150-3\\\/\",\"url\":\"https:\\\/\\\/minubaltic.ee\\\/lt\\\/e-pood\\\/vaikiskos-antklodes\\\/vaikiskas-pledas-100x150-3\\\/\",\"name\":\"Vaiki\u0161kas pledas 100x150 - Vaik\u0173 antklod\u0117\",\"isPartOf\":{\"@id\":\"https:\\\/\\\/minubaltic.ee\\\/lt\\\/#website\"},\"primaryImageOfPage\":{\"@id\":\"https:\\\/\\\/minubaltic.ee\\\/lt\\\/e-pood\\\/vaikiskos-antklodes\\\/vaikiskas-pledas-100x150-3\\\/#primaryimage\"},\"image\":{\"@id\":\"https:\\\/\\\/minubaltic.ee\\\/lt\\\/e-pood\\\/vaikiskos-antklodes\\\/vaikiskas-pledas-100x150-3\\\/#primaryimage\"},\"thumbnailUrl\":\"https:\\\/\\\/minubaltic.ee\\\/wp-content\\\/uploads\\\/2024\\\/08\\\/Laste-pleed-3.jpg\",\"datePublished\":\"2024-08-06T23:06:30+00:00\",\"dateModified\":\"2024-08-06T23:10:31+00:00\",\"description\":\"Auk\u0161tos kokyb\u0117s antklod\u0117s, K\u016bdiki\u0173 antklod\u0117s, K\u016bdiki\u0173 antklod\u0117s, K\u016bdiki\u0173 antklod\u0117s, K\u016bdiki\u0173 antklod\u0117s, K\u016bdiki\u0173 antklod\u0117s, K\u016bdiki\u0173 antklod\u0117s,....\",\"breadcrumb\":{\"@id\":\"https:\\\/\\\/minubaltic.ee\\\/lt\\\/e-pood\\\/vaikiskos-antklodes\\\/vaikiskas-pledas-100x150-3\\\/#breadcrumb\"},\"inLanguage\":\"lt-LT\",\"potentialAction\":[{\"@type\":\"ReadAction\",\"target\":[\"https:\\\/\\\/minubaltic.ee\\\/lt\\\/e-pood\\\/vaikiskos-antklodes\\\/vaikiskas-pledas-100x150-3\\\/\"]}]},{\"@type\":\"ImageObject\",\"inLanguage\":\"lt-LT\",\"@id\":\"https:\\\/\\\/minubaltic.ee\\\/lt\\\/e-pood\\\/vaikiskos-antklodes\\\/vaikiskas-pledas-100x150-3\\\/#primaryimage\",\"url\":\"https:\\\/\\\/minubaltic.ee\\\/wp-content\\\/uploads\\\/2024\\\/08\\\/Laste-pleed-3.jpg\",\"contentUrl\":\"https:\\\/\\\/minubaltic.ee\\\/wp-content\\\/uploads\\\/2024\\\/08\\\/Laste-pleed-3.jpg\",\"width\":800,\"height\":800},{\"@type\":\"BreadcrumbList\",\"@id\":\"https:\\\/\\\/minubaltic.ee\\\/lt\\\/e-pood\\\/vaikiskos-antklodes\\\/vaikiskas-pledas-100x150-3\\\/#breadcrumb\",\"itemListElement\":[{\"@type\":\"ListItem\",\"position\":1,\"name\":\"Home\",\"item\":\"https:\\\/\\\/minubaltic.ee\\\/lt\\\/\"},{\"@type\":\"ListItem\",\"position\":2,\"name\":\"Parduotuv\u0117\",\"item\":\"https:\\\/\\\/minubaltic.ee\\\/lt\\\/parduotuve\\\/\"},{\"@type\":\"ListItem\",\"position\":3,\"name\":\"Vaiki\u0161kas pledas 100&#215;150\"}]},{\"@type\":\"WebSite\",\"@id\":\"https:\\\/\\\/minubaltic.ee\\\/lt\\\/#website\",\"url\":\"https:\\\/\\\/minubaltic.ee\\\/lt\\\/\",\"name\":\"minubaltic.ee\",\"description\":\"\",\"publisher\":{\"@id\":\"https:\\\/\\\/minubaltic.ee\\\/lt\\\/#organization\"},\"potentialAction\":[{\"@type\":\"SearchAction\",\"target\":{\"@type\":\"EntryPoint\",\"urlTemplate\":\"https:\\\/\\\/minubaltic.ee\\\/lt\\\/?s={search_term_string}\"},\"query-input\":{\"@type\":\"PropertyValueSpecification\",\"valueRequired\":true,\"valueName\":\"search_term_string\"}}],\"inLanguage\":\"lt-LT\"},{\"@type\":\"Organization\",\"@id\":\"https:\\\/\\\/minubaltic.ee\\\/lt\\\/#organization\",\"name\":\"Minu Baltic O\u00dc\",\"url\":\"https:\\\/\\\/minubaltic.ee\\\/lt\\\/\",\"logo\":{\"@type\":\"ImageObject\",\"inLanguage\":\"lt-LT\",\"@id\":\"https:\\\/\\\/minubaltic.ee\\\/lt\\\/#\\\/schema\\\/logo\\\/image\\\/\",\"url\":\"https:\\\/\\\/minubaltic.ee\\\/wp-content\\\/uploads\\\/2023\\\/10\\\/cropped-cropped-cropped-logo.png\",\"contentUrl\":\"https:\\\/\\\/minubaltic.ee\\\/wp-content\\\/uploads\\\/2023\\\/10\\\/cropped-cropped-cropped-logo.png\",\"width\":500,\"height\":237,\"caption\":\"Minu Baltic O\u00dc\"},\"image\":{\"@id\":\"https:\\\/\\\/minubaltic.ee\\\/lt\\\/#\\\/schema\\\/logo\\\/image\\\/\"},\"sameAs\":[\"https:\\\/\\\/www.facebook.com\\\/minubaltic\"]}]}<\/script>\n<!-- \/ Yoast SEO plugin. -->","yoast_head_json":{"title":"Vaiki\u0161kas pledas 100x150 - Vaik\u0173 antklod\u0117","description":"Auk\u0161tos kokyb\u0117s antklod\u0117s, K\u016bdiki\u0173 antklod\u0117s, K\u016bdiki\u0173 antklod\u0117s, K\u016bdiki\u0173 antklod\u0117s, K\u016bdiki\u0173 antklod\u0117s, K\u016bdiki\u0173 antklod\u0117s, K\u016bdiki\u0173 antklod\u0117s,....","robots":{"index":"index","follow":"follow","max-snippet":"max-snippet:-1","max-image-preview":"max-image-preview:large","max-video-preview":"max-video-preview:-1"},"canonical":"https:\/\/minubaltic.ee\/lt\/e-pood\/vaikiskos-antklodes\/vaikiskas-pledas-100x150-3\/","og_locale":"lt_LT","og_type":"article","og_title":"Vaiki\u0161kas pledas 100x150 - Vaik\u0173 antklod\u0117","og_description":"Auk\u0161tos kokyb\u0117s antklod\u0117s, K\u016bdiki\u0173 antklod\u0117s, K\u016bdiki\u0173 antklod\u0117s, K\u016bdiki\u0173 antklod\u0117s, K\u016bdiki\u0173 antklod\u0117s, K\u016bdiki\u0173 antklod\u0117s, K\u016bdiki\u0173 antklod\u0117s,....","og_url":"https:\/\/minubaltic.ee\/lt\/e-pood\/vaikiskos-antklodes\/vaikiskas-pledas-100x150-3\/","article_publisher":"https:\/\/www.facebook.com\/minubaltic","article_modified_time":"2024-08-06T23:10:31+00:00","og_image":[{"width":800,"height":800,"url":"https:\/\/minubaltic.ee\/wp-content\/uploads\/2024\/08\/Laste-pleed-3.jpg","type":"image\/jpeg"}],"twitter_card":"summary_large_image","twitter_misc":{"Est. reading time":"1 minut\u0117"},"schema":{"@context":"https:\/\/schema.org","@graph":[{"@type":"WebPage","@id":"https:\/\/minubaltic.ee\/lt\/e-pood\/vaikiskos-antklodes\/vaikiskas-pledas-100x150-3\/","url":"https:\/\/minubaltic.ee\/lt\/e-pood\/vaikiskos-antklodes\/vaikiskas-pledas-100x150-3\/","name":"Vaiki\u0161kas pledas 100x150 - Vaik\u0173 antklod\u0117","isPartOf":{"@id":"https:\/\/minubaltic.ee\/lt\/#website"},"primaryImageOfPage":{"@id":"https:\/\/minubaltic.ee\/lt\/e-pood\/vaikiskos-antklodes\/vaikiskas-pledas-100x150-3\/#primaryimage"},"image":{"@id":"https:\/\/minubaltic.ee\/lt\/e-pood\/vaikiskos-antklodes\/vaikiskas-pledas-100x150-3\/#primaryimage"},"thumbnailUrl":"https:\/\/minubaltic.ee\/wp-content\/uploads\/2024\/08\/Laste-pleed-3.jpg","datePublished":"2024-08-06T23:06:30+00:00","dateModified":"2024-08-06T23:10:31+00:00","description":"Auk\u0161tos kokyb\u0117s antklod\u0117s, K\u016bdiki\u0173 antklod\u0117s, K\u016bdiki\u0173 antklod\u0117s, K\u016bdiki\u0173 antklod\u0117s, K\u016bdiki\u0173 antklod\u0117s, K\u016bdiki\u0173 antklod\u0117s, K\u016bdiki\u0173 antklod\u0117s,....","breadcrumb":{"@id":"https:\/\/minubaltic.ee\/lt\/e-pood\/vaikiskos-antklodes\/vaikiskas-pledas-100x150-3\/#breadcrumb"},"inLanguage":"lt-LT","potentialAction":[{"@type":"ReadAction","target":["https:\/\/minubaltic.ee\/lt\/e-pood\/vaikiskos-antklodes\/vaikiskas-pledas-100x150-3\/"]}]},{"@type":"ImageObject","inLanguage":"lt-LT","@id":"https:\/\/minubaltic.ee\/lt\/e-pood\/vaikiskos-antklodes\/vaikiskas-pledas-100x150-3\/#primaryimage","url":"https:\/\/minubaltic.ee\/wp-content\/uploads\/2024\/08\/Laste-pleed-3.jpg","contentUrl":"https:\/\/minubaltic.ee\/wp-content\/uploads\/2024\/08\/Laste-pleed-3.jpg","width":800,"height":800},{"@type":"BreadcrumbList","@id":"https:\/\/minubaltic.ee\/lt\/e-pood\/vaikiskos-antklodes\/vaikiskas-pledas-100x150-3\/#breadcrumb","itemListElement":[{"@type":"ListItem","position":1,"name":"Home","item":"https:\/\/minubaltic.ee\/lt\/"},{"@type":"ListItem","position":2,"name":"Parduotuv\u0117","item":"https:\/\/minubaltic.ee\/lt\/parduotuve\/"},{"@type":"ListItem","position":3,"name":"Vaiki\u0161kas pledas 100&#215;150"}]},{"@type":"WebSite","@id":"https:\/\/minubaltic.ee\/lt\/#website","url":"https:\/\/minubaltic.ee\/lt\/","name":"minubaltic.ee","description":"","publisher":{"@id":"https:\/\/minubaltic.ee\/lt\/#organization"},"potentialAction":[{"@type":"SearchAction","target":{"@type":"EntryPoint","urlTemplate":"https:\/\/minubaltic.ee\/lt\/?s={search_term_string}"},"query-input":{"@type":"PropertyValueSpecification","valueRequired":true,"valueName":"search_term_string"}}],"inLanguage":"lt-LT"},{"@type":"Organization","@id":"https:\/\/minubaltic.ee\/lt\/#organization","name":"Minu Baltic O\u00dc","url":"https:\/\/minubaltic.ee\/lt\/","logo":{"@type":"ImageObject","inLanguage":"lt-LT","@id":"https:\/\/minubaltic.ee\/lt\/#\/schema\/logo\/image\/","url":"https:\/\/minubaltic.ee\/wp-content\/uploads\/2023\/10\/cropped-cropped-cropped-logo.png","contentUrl":"https:\/\/minubaltic.ee\/wp-content\/uploads\/2023\/10\/cropped-cropped-cropped-logo.png","width":500,"height":237,"caption":"Minu Baltic O\u00dc"},"image":{"@id":"https:\/\/minubaltic.ee\/lt\/#\/schema\/logo\/image\/"},"sameAs":["https:\/\/www.facebook.com\/minubaltic"]}]}},"_links":{"self":[{"href":"https:\/\/minubaltic.ee\/lt\/wp-json\/wp\/v2\/product\/31225","targetHints":{"allow":["GET"]}}],"collection":[{"href":"https:\/\/minubaltic.ee\/lt\/wp-json\/wp\/v2\/product"}],"about":[{"href":"https:\/\/minubaltic.ee\/lt\/wp-json\/wp\/v2\/types\/product"}],"replies":[{"embeddable":true,"href":"https:\/\/minubaltic.ee\/lt\/wp-json\/wp\/v2\/comments?post=31225"}],"version-history":[{"count":2,"href":"https:\/\/minubaltic.ee\/lt\/wp-json\/wp\/v2\/product\/31225\/revisions"}],"predecessor-version":[{"id":31241,"href":"https:\/\/minubaltic.ee\/lt\/wp-json\/wp\/v2\/product\/31225\/revisions\/31241"}],"wp:featuredmedia":[{"embeddable":true,"href":"https:\/\/minubaltic.ee\/lt\/wp-json\/wp\/v2\/media\/31230"}],"wp:attachment":[{"href":"https:\/\/minubaltic.ee\/lt\/wp-json\/wp\/v2\/media?parent=31225"}],"wp:term":[{"taxonomy":"product_brand","embeddable":true,"href":"https:\/\/minubaltic.ee\/lt\/wp-json\/wp\/v2\/product_brand?post=31225"},{"taxonomy":"product_cat","embeddable":true,"href":"https:\/\/minubaltic.ee\/lt\/wp-json\/wp\/v2\/product_cat?post=31225"},{"taxonomy":"product_tag","embeddable":true,"href":"https:\/\/minubaltic.ee\/lt\/wp-json\/wp\/v2\/product_tag?post=31225"}],"curies":[{"name":"wp","href":"https:\/\/api.w.org\/{rel}","templated":true}]}}