{"id":31097,"date":"2024-08-07T00:29:11","date_gmt":"2024-08-06T21:29:11","guid":{"rendered":"https:\/\/minubaltic.ee\/?post_type=product&#038;p=31097"},"modified":"2024-08-07T00:52:25","modified_gmt":"2024-08-06T21:52:25","slug":"antklodes-uzvalkalas-medvilnes-misinys-150x200","status":"publish","type":"product","link":"https:\/\/minubaltic.ee\/lt\/e-pood\/patalynes-komplektai\/antklodes-uzvalkalas-medvilnes-misinys-150x200\/","title":{"rendered":"Antklod\u0117s u\u017evalkalas medviln\u0117s mi\u0161inys 150&#215;200"},"content":{"rendered":"<ul>\n<li><strong>Audinio sud\u0117tis:<\/strong> medviln\u0117s mi\u0161inys<\/li>\n<li><strong>Matmenys:<\/strong> 150&#215;200<\/li>\n<li><strong>Prek\u0117s pakuo\u010di\u0173 kiekis:<\/strong> 1 vnt.<\/li>\n<li>Produkt\u0173 nuotraukos yra iliustracin\u0117s<\/li>\n<\/ul>\n","protected":false},"excerpt":{"rendered":"<p>Audinio sud\u0117tis: medviln\u0117s mi\u0161inys Matmenys: 150&#215;200 Prek\u0117s pakuo\u010di\u0173 kiekis: 1 vnt. Produkt\u0173 nuotraukos yra iliustracin\u0117s<\/p>\n","protected":false},"featured_media":31113,"comment_status":"open","ping_status":"closed","template":"","meta":[],"product_brand":[],"product_cat":[834,553,859,854],"product_tag":[558,559,564],"class_list":{"0":"post-31097","1":"product","2":"type-product","3":"status-publish","4":"has-post-thumbnail","6":"product_cat-antklodziu-uzvalkalai","7":"product_cat-patalynes-komplektai","8":"product_cat-vaikiska-patalyne","9":"product_cat-vaiku-pasaulis","10":"product_tag-e-parduotuve","11":"product_tag-namu-tekstile","12":"product_tag-tekstile","14":"first","15":"outofstock","16":"shipping-taxable","17":"purchasable","18":"product-type-simple"},"yoast_head":"<!-- This site is optimized with the Yoast SEO plugin v27.4 - https:\/\/yoast.com\/product\/yoast-seo-wordpress\/ -->\n<title>Antklod\u0117s u\u017evalkalas medviln\u0117s mi\u0161inys 150x200 - Medvilninio atlaso ir medvilnin\u0117s antklod\u0117s krep\u0161ys<\/title>\n<meta name=\"description\" content=\"Atraskite m\u016bs\u0173 prabangius medvilninius antklod\u017ei\u0173 mai\u0161elius, skirtus did\u017eiausiam komfortui ir stiliui. I\u0161 100 % orui pralaid\u017eios medviln\u0117s pagaminti u\u017evalkalai yra mink\u0161ti, ....\" \/>\n<meta name=\"robots\" content=\"index, follow, max-snippet:-1, max-image-preview:large, max-video-preview:-1\" \/>\n<link rel=\"canonical\" href=\"https:\/\/minubaltic.ee\/lt\/e-pood\/patalynes-komplektai\/antklodes-uzvalkalas-medvilnes-misinys-150x200\/\" \/>\n<meta property=\"og:locale\" content=\"lt_LT\" \/>\n<meta property=\"og:type\" content=\"article\" \/>\n<meta property=\"og:title\" content=\"Antklod\u0117s u\u017evalkalas medviln\u0117s mi\u0161inys 150x200 - Medvilninio atlaso ir medvilnin\u0117s antklod\u0117s krep\u0161ys\" \/>\n<meta property=\"og:description\" content=\"Atraskite m\u016bs\u0173 prabangius medvilninius antklod\u017ei\u0173 mai\u0161elius, skirtus did\u017eiausiam komfortui ir stiliui. I\u0161 100 % orui pralaid\u017eios medviln\u0117s pagaminti u\u017evalkalai yra mink\u0161ti, ....\" \/>\n<meta property=\"og:url\" content=\"https:\/\/minubaltic.ee\/lt\/e-pood\/patalynes-komplektai\/antklodes-uzvalkalas-medvilnes-misinys-150x200\/\" \/>\n<meta property=\"article:publisher\" content=\"https:\/\/www.facebook.com\/minubaltic\" \/>\n<meta property=\"article:modified_time\" content=\"2024-08-06T21:52:25+00:00\" \/>\n<meta property=\"og:image\" content=\"https:\/\/minubaltic.ee\/wp-content\/uploads\/2024\/08\/Puuvillast-tekikott.jpg\" \/>\n\t<meta property=\"og:image:width\" content=\"800\" \/>\n\t<meta property=\"og:image:height\" content=\"800\" \/>\n\t<meta property=\"og:image:type\" content=\"image\/jpeg\" \/>\n<meta name=\"twitter:card\" content=\"summary_large_image\" \/>\n<meta name=\"twitter:label1\" content=\"Est. reading time\" \/>\n\t<meta name=\"twitter:data1\" content=\"1 minut\u0117\" \/>\n<script type=\"application\/ld+json\" class=\"yoast-schema-graph\">{\"@context\":\"https:\\\/\\\/schema.org\",\"@graph\":[{\"@type\":\"WebPage\",\"@id\":\"https:\\\/\\\/minubaltic.ee\\\/lt\\\/e-pood\\\/patalynes-komplektai\\\/antklodes-uzvalkalas-medvilnes-misinys-150x200\\\/\",\"url\":\"https:\\\/\\\/minubaltic.ee\\\/lt\\\/e-pood\\\/patalynes-komplektai\\\/antklodes-uzvalkalas-medvilnes-misinys-150x200\\\/\",\"name\":\"Antklod\u0117s u\u017evalkalas medviln\u0117s mi\u0161inys 150x200 - Medvilninio atlaso ir medvilnin\u0117s antklod\u0117s krep\u0161ys\",\"isPartOf\":{\"@id\":\"https:\\\/\\\/minubaltic.ee\\\/lt\\\/#website\"},\"primaryImageOfPage\":{\"@id\":\"https:\\\/\\\/minubaltic.ee\\\/lt\\\/e-pood\\\/patalynes-komplektai\\\/antklodes-uzvalkalas-medvilnes-misinys-150x200\\\/#primaryimage\"},\"image\":{\"@id\":\"https:\\\/\\\/minubaltic.ee\\\/lt\\\/e-pood\\\/patalynes-komplektai\\\/antklodes-uzvalkalas-medvilnes-misinys-150x200\\\/#primaryimage\"},\"thumbnailUrl\":\"https:\\\/\\\/minubaltic.ee\\\/wp-content\\\/uploads\\\/2024\\\/08\\\/Puuvillast-tekikott.jpg\",\"datePublished\":\"2024-08-06T21:29:11+00:00\",\"dateModified\":\"2024-08-06T21:52:25+00:00\",\"description\":\"Atraskite m\u016bs\u0173 prabangius medvilninius antklod\u017ei\u0173 mai\u0161elius, skirtus did\u017eiausiam komfortui ir stiliui. I\u0161 100 % orui pralaid\u017eios medviln\u0117s pagaminti u\u017evalkalai yra mink\u0161ti, ....\",\"breadcrumb\":{\"@id\":\"https:\\\/\\\/minubaltic.ee\\\/lt\\\/e-pood\\\/patalynes-komplektai\\\/antklodes-uzvalkalas-medvilnes-misinys-150x200\\\/#breadcrumb\"},\"inLanguage\":\"lt-LT\",\"potentialAction\":[{\"@type\":\"ReadAction\",\"target\":[\"https:\\\/\\\/minubaltic.ee\\\/lt\\\/e-pood\\\/patalynes-komplektai\\\/antklodes-uzvalkalas-medvilnes-misinys-150x200\\\/\"]}]},{\"@type\":\"ImageObject\",\"inLanguage\":\"lt-LT\",\"@id\":\"https:\\\/\\\/minubaltic.ee\\\/lt\\\/e-pood\\\/patalynes-komplektai\\\/antklodes-uzvalkalas-medvilnes-misinys-150x200\\\/#primaryimage\",\"url\":\"https:\\\/\\\/minubaltic.ee\\\/wp-content\\\/uploads\\\/2024\\\/08\\\/Puuvillast-tekikott.jpg\",\"contentUrl\":\"https:\\\/\\\/minubaltic.ee\\\/wp-content\\\/uploads\\\/2024\\\/08\\\/Puuvillast-tekikott.jpg\",\"width\":800,\"height\":800},{\"@type\":\"BreadcrumbList\",\"@id\":\"https:\\\/\\\/minubaltic.ee\\\/lt\\\/e-pood\\\/patalynes-komplektai\\\/antklodes-uzvalkalas-medvilnes-misinys-150x200\\\/#breadcrumb\",\"itemListElement\":[{\"@type\":\"ListItem\",\"position\":1,\"name\":\"Home\",\"item\":\"https:\\\/\\\/minubaltic.ee\\\/lt\\\/\"},{\"@type\":\"ListItem\",\"position\":2,\"name\":\"Parduotuv\u0117\",\"item\":\"https:\\\/\\\/minubaltic.ee\\\/lt\\\/parduotuve\\\/\"},{\"@type\":\"ListItem\",\"position\":3,\"name\":\"Antklod\u0117s u\u017evalkalas medviln\u0117s mi\u0161inys 150&#215;200\"}]},{\"@type\":\"WebSite\",\"@id\":\"https:\\\/\\\/minubaltic.ee\\\/lt\\\/#website\",\"url\":\"https:\\\/\\\/minubaltic.ee\\\/lt\\\/\",\"name\":\"minubaltic.ee\",\"description\":\"\",\"publisher\":{\"@id\":\"https:\\\/\\\/minubaltic.ee\\\/lt\\\/#organization\"},\"potentialAction\":[{\"@type\":\"SearchAction\",\"target\":{\"@type\":\"EntryPoint\",\"urlTemplate\":\"https:\\\/\\\/minubaltic.ee\\\/lt\\\/?s={search_term_string}\"},\"query-input\":{\"@type\":\"PropertyValueSpecification\",\"valueRequired\":true,\"valueName\":\"search_term_string\"}}],\"inLanguage\":\"lt-LT\"},{\"@type\":\"Organization\",\"@id\":\"https:\\\/\\\/minubaltic.ee\\\/lt\\\/#organization\",\"name\":\"Minu Baltic O\u00dc\",\"url\":\"https:\\\/\\\/minubaltic.ee\\\/lt\\\/\",\"logo\":{\"@type\":\"ImageObject\",\"inLanguage\":\"lt-LT\",\"@id\":\"https:\\\/\\\/minubaltic.ee\\\/lt\\\/#\\\/schema\\\/logo\\\/image\\\/\",\"url\":\"https:\\\/\\\/minubaltic.ee\\\/wp-content\\\/uploads\\\/2023\\\/10\\\/cropped-cropped-cropped-logo.png\",\"contentUrl\":\"https:\\\/\\\/minubaltic.ee\\\/wp-content\\\/uploads\\\/2023\\\/10\\\/cropped-cropped-cropped-logo.png\",\"width\":500,\"height\":237,\"caption\":\"Minu Baltic O\u00dc\"},\"image\":{\"@id\":\"https:\\\/\\\/minubaltic.ee\\\/lt\\\/#\\\/schema\\\/logo\\\/image\\\/\"},\"sameAs\":[\"https:\\\/\\\/www.facebook.com\\\/minubaltic\"]}]}<\/script>\n<!-- \/ Yoast SEO plugin. -->","yoast_head_json":{"title":"Antklod\u0117s u\u017evalkalas medviln\u0117s mi\u0161inys 150x200 - Medvilninio atlaso ir medvilnin\u0117s antklod\u0117s krep\u0161ys","description":"Atraskite m\u016bs\u0173 prabangius medvilninius antklod\u017ei\u0173 mai\u0161elius, skirtus did\u017eiausiam komfortui ir stiliui. I\u0161 100 % orui pralaid\u017eios medviln\u0117s pagaminti u\u017evalkalai yra mink\u0161ti, ....","robots":{"index":"index","follow":"follow","max-snippet":"max-snippet:-1","max-image-preview":"max-image-preview:large","max-video-preview":"max-video-preview:-1"},"canonical":"https:\/\/minubaltic.ee\/lt\/e-pood\/patalynes-komplektai\/antklodes-uzvalkalas-medvilnes-misinys-150x200\/","og_locale":"lt_LT","og_type":"article","og_title":"Antklod\u0117s u\u017evalkalas medviln\u0117s mi\u0161inys 150x200 - Medvilninio atlaso ir medvilnin\u0117s antklod\u0117s krep\u0161ys","og_description":"Atraskite m\u016bs\u0173 prabangius medvilninius antklod\u017ei\u0173 mai\u0161elius, skirtus did\u017eiausiam komfortui ir stiliui. I\u0161 100 % orui pralaid\u017eios medviln\u0117s pagaminti u\u017evalkalai yra mink\u0161ti, ....","og_url":"https:\/\/minubaltic.ee\/lt\/e-pood\/patalynes-komplektai\/antklodes-uzvalkalas-medvilnes-misinys-150x200\/","article_publisher":"https:\/\/www.facebook.com\/minubaltic","article_modified_time":"2024-08-06T21:52:25+00:00","og_image":[{"width":800,"height":800,"url":"https:\/\/minubaltic.ee\/wp-content\/uploads\/2024\/08\/Puuvillast-tekikott.jpg","type":"image\/jpeg"}],"twitter_card":"summary_large_image","twitter_misc":{"Est. reading time":"1 minut\u0117"},"schema":{"@context":"https:\/\/schema.org","@graph":[{"@type":"WebPage","@id":"https:\/\/minubaltic.ee\/lt\/e-pood\/patalynes-komplektai\/antklodes-uzvalkalas-medvilnes-misinys-150x200\/","url":"https:\/\/minubaltic.ee\/lt\/e-pood\/patalynes-komplektai\/antklodes-uzvalkalas-medvilnes-misinys-150x200\/","name":"Antklod\u0117s u\u017evalkalas medviln\u0117s mi\u0161inys 150x200 - Medvilninio atlaso ir medvilnin\u0117s antklod\u0117s krep\u0161ys","isPartOf":{"@id":"https:\/\/minubaltic.ee\/lt\/#website"},"primaryImageOfPage":{"@id":"https:\/\/minubaltic.ee\/lt\/e-pood\/patalynes-komplektai\/antklodes-uzvalkalas-medvilnes-misinys-150x200\/#primaryimage"},"image":{"@id":"https:\/\/minubaltic.ee\/lt\/e-pood\/patalynes-komplektai\/antklodes-uzvalkalas-medvilnes-misinys-150x200\/#primaryimage"},"thumbnailUrl":"https:\/\/minubaltic.ee\/wp-content\/uploads\/2024\/08\/Puuvillast-tekikott.jpg","datePublished":"2024-08-06T21:29:11+00:00","dateModified":"2024-08-06T21:52:25+00:00","description":"Atraskite m\u016bs\u0173 prabangius medvilninius antklod\u017ei\u0173 mai\u0161elius, skirtus did\u017eiausiam komfortui ir stiliui. I\u0161 100 % orui pralaid\u017eios medviln\u0117s pagaminti u\u017evalkalai yra mink\u0161ti, ....","breadcrumb":{"@id":"https:\/\/minubaltic.ee\/lt\/e-pood\/patalynes-komplektai\/antklodes-uzvalkalas-medvilnes-misinys-150x200\/#breadcrumb"},"inLanguage":"lt-LT","potentialAction":[{"@type":"ReadAction","target":["https:\/\/minubaltic.ee\/lt\/e-pood\/patalynes-komplektai\/antklodes-uzvalkalas-medvilnes-misinys-150x200\/"]}]},{"@type":"ImageObject","inLanguage":"lt-LT","@id":"https:\/\/minubaltic.ee\/lt\/e-pood\/patalynes-komplektai\/antklodes-uzvalkalas-medvilnes-misinys-150x200\/#primaryimage","url":"https:\/\/minubaltic.ee\/wp-content\/uploads\/2024\/08\/Puuvillast-tekikott.jpg","contentUrl":"https:\/\/minubaltic.ee\/wp-content\/uploads\/2024\/08\/Puuvillast-tekikott.jpg","width":800,"height":800},{"@type":"BreadcrumbList","@id":"https:\/\/minubaltic.ee\/lt\/e-pood\/patalynes-komplektai\/antklodes-uzvalkalas-medvilnes-misinys-150x200\/#breadcrumb","itemListElement":[{"@type":"ListItem","position":1,"name":"Home","item":"https:\/\/minubaltic.ee\/lt\/"},{"@type":"ListItem","position":2,"name":"Parduotuv\u0117","item":"https:\/\/minubaltic.ee\/lt\/parduotuve\/"},{"@type":"ListItem","position":3,"name":"Antklod\u0117s u\u017evalkalas medviln\u0117s mi\u0161inys 150&#215;200"}]},{"@type":"WebSite","@id":"https:\/\/minubaltic.ee\/lt\/#website","url":"https:\/\/minubaltic.ee\/lt\/","name":"minubaltic.ee","description":"","publisher":{"@id":"https:\/\/minubaltic.ee\/lt\/#organization"},"potentialAction":[{"@type":"SearchAction","target":{"@type":"EntryPoint","urlTemplate":"https:\/\/minubaltic.ee\/lt\/?s={search_term_string}"},"query-input":{"@type":"PropertyValueSpecification","valueRequired":true,"valueName":"search_term_string"}}],"inLanguage":"lt-LT"},{"@type":"Organization","@id":"https:\/\/minubaltic.ee\/lt\/#organization","name":"Minu Baltic O\u00dc","url":"https:\/\/minubaltic.ee\/lt\/","logo":{"@type":"ImageObject","inLanguage":"lt-LT","@id":"https:\/\/minubaltic.ee\/lt\/#\/schema\/logo\/image\/","url":"https:\/\/minubaltic.ee\/wp-content\/uploads\/2023\/10\/cropped-cropped-cropped-logo.png","contentUrl":"https:\/\/minubaltic.ee\/wp-content\/uploads\/2023\/10\/cropped-cropped-cropped-logo.png","width":500,"height":237,"caption":"Minu Baltic O\u00dc"},"image":{"@id":"https:\/\/minubaltic.ee\/lt\/#\/schema\/logo\/image\/"},"sameAs":["https:\/\/www.facebook.com\/minubaltic"]}]}},"_links":{"self":[{"href":"https:\/\/minubaltic.ee\/lt\/wp-json\/wp\/v2\/product\/31097","targetHints":{"allow":["GET"]}}],"collection":[{"href":"https:\/\/minubaltic.ee\/lt\/wp-json\/wp\/v2\/product"}],"about":[{"href":"https:\/\/minubaltic.ee\/lt\/wp-json\/wp\/v2\/types\/product"}],"replies":[{"embeddable":true,"href":"https:\/\/minubaltic.ee\/lt\/wp-json\/wp\/v2\/comments?post=31097"}],"version-history":[{"count":3,"href":"https:\/\/minubaltic.ee\/lt\/wp-json\/wp\/v2\/product\/31097\/revisions"}],"predecessor-version":[{"id":31141,"href":"https:\/\/minubaltic.ee\/lt\/wp-json\/wp\/v2\/product\/31097\/revisions\/31141"}],"wp:featuredmedia":[{"embeddable":true,"href":"https:\/\/minubaltic.ee\/lt\/wp-json\/wp\/v2\/media\/31113"}],"wp:attachment":[{"href":"https:\/\/minubaltic.ee\/lt\/wp-json\/wp\/v2\/media?parent=31097"}],"wp:term":[{"taxonomy":"product_brand","embeddable":true,"href":"https:\/\/minubaltic.ee\/lt\/wp-json\/wp\/v2\/product_brand?post=31097"},{"taxonomy":"product_cat","embeddable":true,"href":"https:\/\/minubaltic.ee\/lt\/wp-json\/wp\/v2\/product_cat?post=31097"},{"taxonomy":"product_tag","embeddable":true,"href":"https:\/\/minubaltic.ee\/lt\/wp-json\/wp\/v2\/product_tag?post=31097"}],"curies":[{"name":"wp","href":"https:\/\/api.w.org\/{rel}","templated":true}]}}