{"id":30763,"date":"2024-07-27T09:28:46","date_gmt":"2024-07-27T06:28:46","guid":{"rendered":"https:\/\/minubaltic.ee\/?post_type=product&#038;p=30763"},"modified":"2024-07-27T10:38:06","modified_gmt":"2024-07-27T07:38:06","slug":"auksciausios-kokybes-100-medvilnes-patalynes-komplektas-minkstas-ir-kvepuojantis","status":"publish","type":"product","link":"https:\/\/minubaltic.ee\/lt\/e-pood\/patalynes-komplektai\/auksciausios-kokybes-100-medvilnes-patalynes-komplektas-minkstas-ir-kvepuojantis\/","title":{"rendered":"Auk\u0161\u010diausios kokyb\u0117s 100% medviln\u0117s patalyn\u0117s komplektas | mink\u0161tas ir kv\u0117puojantis"},"content":{"rendered":"<ul>\n<li><strong>Med\u017eiaga<\/strong>: 100 % auk\u0161tos kokyb\u0117s medviln\u0117<\/li>\n<li><strong>Pynimas:<\/strong> tankiai i\u0161austas, patvarus ir ilgaam\u017eis<\/li>\n<li><strong>Patogumas:<\/strong> kv\u0117puojanti ir mink\u0161ta tekst\u016bra<\/li>\n<li><strong>Rinkinio turinys:<\/strong> 1 u\u017evalkalas antklodei, 1 paklod\u0117, 2 pagalv\u0117s u\u017evalkalas<\/li>\n<li><strong>Antklod\u0117s u\u017evalkalas:<\/strong> 200\u00d7230<\/li>\n<li><strong>Paklod\u0117:<\/strong> 245\u00d7254<\/li>\n<li><strong>Pagalv\u0117s u\u017evalkalas:<\/strong> 45\u00d775 (2 vnt.)<\/li>\n<\/ul>\n<p><strong>Kod\u0117l tur\u0117tum\u0117te rinktis auk\u0161\u010diausios kokyb\u0117s 100 % medviln\u0117s patalyn\u0117s komplekt\u0105?<\/strong><\/p>\n<ol>\n<li>Patogumas ir kokyb\u0117: d\u0117l auk\u0161\u010diausios kokyb\u0117s medviln\u0117s jis suteikia prabangos ir komforto j\u016bs\u0173 miegamajame.<\/li>\n<li>Kv\u0117pavimas: gaivus ir patogus vis\u0105 nakt\u012f.<\/li>\n<li>Mink\u0161tumas: tobula miego patirtis d\u0117l \u0161velnios ir odai draugi\u0161kos tekst\u016bros.<\/li>\n<li>Ilgaam\u017ei\u0161kumas: d\u0117l tankaus pynimo u\u017etikrinamas ilgalaikis naudojimas.<\/li>\n<\/ol>\n<p><strong>\u0160is patalyn\u0117s komplektas praturtins j\u016bs\u0173 miegam\u0105j\u012f elegancija ir komfortu. Puiki dovana sau ar mylimam \u017emogui.<\/strong><\/p>\n","protected":false},"excerpt":{"rendered":"<p>Auk\u0161\u010diausios kokyb\u0117s 100 % medviln\u0117s patalyn\u0117s komplektas traukia ak\u012f savo tekst\u016bra ir puikia apdaila, tod\u0117l j\u016bs\u0173 miego patirtis pakils \u012f auk\u0161tesn\u012f lyg\u012f. D\u0117l kv\u0117puojan\u010dios strukt\u016bros \u0161is patalyn\u0117s komplektas vis\u0105 nakt\u012f bus v\u0117sus ir patogus. Tuo pat metu \u0161velni tekst\u016bra \u0161velniai veikia j\u016bs\u0173 od\u0105, tinka ir jautriai odai.<\/p>\n","protected":false},"featured_media":30769,"comment_status":"open","ping_status":"closed","template":"","meta":[],"product_brand":[],"product_cat":[768,823,828,553,619,614],"product_tag":[558,559,564],"class_list":{"0":"post-30763","1":"product","2":"type-product","3":"status-publish","4":"has-post-thumbnail","6":"product_cat-ekologiska-patalyne","7":"product_cat-medvilnine-patalyne","8":"product_cat-medvilniniai-patalynes-komplektai","9":"product_cat-patalynes-komplektai","10":"product_cat-patalynes-komplektai-lt","11":"product_cat-patalynes-komplektai-200-230","12":"product_tag-e-parduotuve","13":"product_tag-namu-tekstile","14":"product_tag-tekstile","16":"first","17":"instock","18":"shipping-taxable","19":"purchasable","20":"product-type-simple"},"yoast_head":"<!-- This site is optimized with the Yoast SEO plugin v27.3 - https:\/\/yoast.com\/product\/yoast-seo-wordpress\/ -->\n<title>Auk\u0161\u010diausios kokyb\u0117s 100% medviln\u0117s patalyn\u0117s komplektas<\/title>\n<meta name=\"description\" content=\"Suteikite savo lovai prabangos su auk\u0161tos kokyb\u0117s 100 % medviln\u0117s patalyn\u0117s komplektu. M\u0117gaukit\u0117s patogiu miegu d\u0117l kv\u0117puojan\u010dios ir mink\u0161tos tekst\u016bros.\" \/>\n<meta name=\"robots\" content=\"index, follow, max-snippet:-1, max-image-preview:large, max-video-preview:-1\" \/>\n<link rel=\"canonical\" href=\"https:\/\/minubaltic.ee\/lt\/e-pood\/patalynes-komplektai\/auksciausios-kokybes-100-medvilnes-patalynes-komplektas-minkstas-ir-kvepuojantis\/\" \/>\n<meta property=\"og:locale\" content=\"lt_LT\" \/>\n<meta property=\"og:type\" content=\"article\" \/>\n<meta property=\"og:title\" content=\"Auk\u0161\u010diausios kokyb\u0117s 100% medviln\u0117s patalyn\u0117s komplektas\" \/>\n<meta property=\"og:description\" content=\"Suteikite savo lovai prabangos su auk\u0161tos kokyb\u0117s 100 % medviln\u0117s patalyn\u0117s komplektu. M\u0117gaukit\u0117s patogiu miegu d\u0117l kv\u0117puojan\u010dios ir mink\u0161tos tekst\u016bros.\" \/>\n<meta property=\"og:url\" content=\"https:\/\/minubaltic.ee\/lt\/e-pood\/patalynes-komplektai\/auksciausios-kokybes-100-medvilnes-patalynes-komplektas-minkstas-ir-kvepuojantis\/\" \/>\n<meta property=\"article:publisher\" content=\"https:\/\/www.facebook.com\/minubaltic\" \/>\n<meta property=\"article:modified_time\" content=\"2024-07-27T07:38:06+00:00\" \/>\n<meta property=\"og:image\" content=\"https:\/\/minubaltic.ee\/wp-content\/uploads\/2024\/07\/Premium-100-puuvillane-voodipesukomplekt-4.jpg\" \/>\n\t<meta property=\"og:image:width\" content=\"800\" \/>\n\t<meta property=\"og:image:height\" content=\"800\" \/>\n\t<meta property=\"og:image:type\" content=\"image\/jpeg\" \/>\n<meta name=\"twitter:card\" content=\"summary_large_image\" \/>\n<meta name=\"twitter:label1\" content=\"Est. reading time\" \/>\n\t<meta name=\"twitter:data1\" content=\"1 minut\u0117\" \/>\n<script type=\"application\/ld+json\" class=\"yoast-schema-graph\">{\"@context\":\"https:\\\/\\\/schema.org\",\"@graph\":[{\"@type\":\"WebPage\",\"@id\":\"https:\\\/\\\/minubaltic.ee\\\/lt\\\/e-pood\\\/patalynes-komplektai\\\/auksciausios-kokybes-100-medvilnes-patalynes-komplektas-minkstas-ir-kvepuojantis\\\/\",\"url\":\"https:\\\/\\\/minubaltic.ee\\\/lt\\\/e-pood\\\/patalynes-komplektai\\\/auksciausios-kokybes-100-medvilnes-patalynes-komplektas-minkstas-ir-kvepuojantis\\\/\",\"name\":\"Auk\u0161\u010diausios kokyb\u0117s 100% medviln\u0117s patalyn\u0117s komplektas\",\"isPartOf\":{\"@id\":\"https:\\\/\\\/minubaltic.ee\\\/lt\\\/#website\"},\"primaryImageOfPage\":{\"@id\":\"https:\\\/\\\/minubaltic.ee\\\/lt\\\/e-pood\\\/patalynes-komplektai\\\/auksciausios-kokybes-100-medvilnes-patalynes-komplektas-minkstas-ir-kvepuojantis\\\/#primaryimage\"},\"image\":{\"@id\":\"https:\\\/\\\/minubaltic.ee\\\/lt\\\/e-pood\\\/patalynes-komplektai\\\/auksciausios-kokybes-100-medvilnes-patalynes-komplektas-minkstas-ir-kvepuojantis\\\/#primaryimage\"},\"thumbnailUrl\":\"https:\\\/\\\/minubaltic.ee\\\/wp-content\\\/uploads\\\/2024\\\/07\\\/Premium-100-puuvillane-voodipesukomplekt-4.jpg\",\"datePublished\":\"2024-07-27T06:28:46+00:00\",\"dateModified\":\"2024-07-27T07:38:06+00:00\",\"description\":\"Suteikite savo lovai prabangos su auk\u0161tos kokyb\u0117s 100 % medviln\u0117s patalyn\u0117s komplektu. M\u0117gaukit\u0117s patogiu miegu d\u0117l kv\u0117puojan\u010dios ir mink\u0161tos tekst\u016bros.\",\"breadcrumb\":{\"@id\":\"https:\\\/\\\/minubaltic.ee\\\/lt\\\/e-pood\\\/patalynes-komplektai\\\/auksciausios-kokybes-100-medvilnes-patalynes-komplektas-minkstas-ir-kvepuojantis\\\/#breadcrumb\"},\"inLanguage\":\"lt-LT\",\"potentialAction\":[{\"@type\":\"ReadAction\",\"target\":[\"https:\\\/\\\/minubaltic.ee\\\/lt\\\/e-pood\\\/patalynes-komplektai\\\/auksciausios-kokybes-100-medvilnes-patalynes-komplektas-minkstas-ir-kvepuojantis\\\/\"]}]},{\"@type\":\"ImageObject\",\"inLanguage\":\"lt-LT\",\"@id\":\"https:\\\/\\\/minubaltic.ee\\\/lt\\\/e-pood\\\/patalynes-komplektai\\\/auksciausios-kokybes-100-medvilnes-patalynes-komplektas-minkstas-ir-kvepuojantis\\\/#primaryimage\",\"url\":\"https:\\\/\\\/minubaltic.ee\\\/wp-content\\\/uploads\\\/2024\\\/07\\\/Premium-100-puuvillane-voodipesukomplekt-4.jpg\",\"contentUrl\":\"https:\\\/\\\/minubaltic.ee\\\/wp-content\\\/uploads\\\/2024\\\/07\\\/Premium-100-puuvillane-voodipesukomplekt-4.jpg\",\"width\":800,\"height\":800},{\"@type\":\"BreadcrumbList\",\"@id\":\"https:\\\/\\\/minubaltic.ee\\\/lt\\\/e-pood\\\/patalynes-komplektai\\\/auksciausios-kokybes-100-medvilnes-patalynes-komplektas-minkstas-ir-kvepuojantis\\\/#breadcrumb\",\"itemListElement\":[{\"@type\":\"ListItem\",\"position\":1,\"name\":\"Home\",\"item\":\"https:\\\/\\\/minubaltic.ee\\\/lt\\\/\"},{\"@type\":\"ListItem\",\"position\":2,\"name\":\"Parduotuv\u0117\",\"item\":\"https:\\\/\\\/minubaltic.ee\\\/lt\\\/parduotuve\\\/\"},{\"@type\":\"ListItem\",\"position\":3,\"name\":\"Auk\u0161\u010diausios kokyb\u0117s 100% medviln\u0117s patalyn\u0117s komplektas | mink\u0161tas ir kv\u0117puojantis\"}]},{\"@type\":\"WebSite\",\"@id\":\"https:\\\/\\\/minubaltic.ee\\\/lt\\\/#website\",\"url\":\"https:\\\/\\\/minubaltic.ee\\\/lt\\\/\",\"name\":\"minubaltic.ee\",\"description\":\"\",\"publisher\":{\"@id\":\"https:\\\/\\\/minubaltic.ee\\\/lt\\\/#organization\"},\"potentialAction\":[{\"@type\":\"SearchAction\",\"target\":{\"@type\":\"EntryPoint\",\"urlTemplate\":\"https:\\\/\\\/minubaltic.ee\\\/lt\\\/?s={search_term_string}\"},\"query-input\":{\"@type\":\"PropertyValueSpecification\",\"valueRequired\":true,\"valueName\":\"search_term_string\"}}],\"inLanguage\":\"lt-LT\"},{\"@type\":\"Organization\",\"@id\":\"https:\\\/\\\/minubaltic.ee\\\/lt\\\/#organization\",\"name\":\"Minu Baltic O\u00dc\",\"url\":\"https:\\\/\\\/minubaltic.ee\\\/lt\\\/\",\"logo\":{\"@type\":\"ImageObject\",\"inLanguage\":\"lt-LT\",\"@id\":\"https:\\\/\\\/minubaltic.ee\\\/lt\\\/#\\\/schema\\\/logo\\\/image\\\/\",\"url\":\"https:\\\/\\\/minubaltic.ee\\\/wp-content\\\/uploads\\\/2023\\\/10\\\/cropped-cropped-cropped-logo.png\",\"contentUrl\":\"https:\\\/\\\/minubaltic.ee\\\/wp-content\\\/uploads\\\/2023\\\/10\\\/cropped-cropped-cropped-logo.png\",\"width\":500,\"height\":237,\"caption\":\"Minu Baltic O\u00dc\"},\"image\":{\"@id\":\"https:\\\/\\\/minubaltic.ee\\\/lt\\\/#\\\/schema\\\/logo\\\/image\\\/\"},\"sameAs\":[\"https:\\\/\\\/www.facebook.com\\\/minubaltic\"]}]}<\/script>\n<!-- \/ Yoast SEO plugin. -->","yoast_head_json":{"title":"Auk\u0161\u010diausios kokyb\u0117s 100% medviln\u0117s patalyn\u0117s komplektas","description":"Suteikite savo lovai prabangos su auk\u0161tos kokyb\u0117s 100 % medviln\u0117s patalyn\u0117s komplektu. M\u0117gaukit\u0117s patogiu miegu d\u0117l kv\u0117puojan\u010dios ir mink\u0161tos tekst\u016bros.","robots":{"index":"index","follow":"follow","max-snippet":"max-snippet:-1","max-image-preview":"max-image-preview:large","max-video-preview":"max-video-preview:-1"},"canonical":"https:\/\/minubaltic.ee\/lt\/e-pood\/patalynes-komplektai\/auksciausios-kokybes-100-medvilnes-patalynes-komplektas-minkstas-ir-kvepuojantis\/","og_locale":"lt_LT","og_type":"article","og_title":"Auk\u0161\u010diausios kokyb\u0117s 100% medviln\u0117s patalyn\u0117s komplektas","og_description":"Suteikite savo lovai prabangos su auk\u0161tos kokyb\u0117s 100 % medviln\u0117s patalyn\u0117s komplektu. M\u0117gaukit\u0117s patogiu miegu d\u0117l kv\u0117puojan\u010dios ir mink\u0161tos tekst\u016bros.","og_url":"https:\/\/minubaltic.ee\/lt\/e-pood\/patalynes-komplektai\/auksciausios-kokybes-100-medvilnes-patalynes-komplektas-minkstas-ir-kvepuojantis\/","article_publisher":"https:\/\/www.facebook.com\/minubaltic","article_modified_time":"2024-07-27T07:38:06+00:00","og_image":[{"width":800,"height":800,"url":"https:\/\/minubaltic.ee\/wp-content\/uploads\/2024\/07\/Premium-100-puuvillane-voodipesukomplekt-4.jpg","type":"image\/jpeg"}],"twitter_card":"summary_large_image","twitter_misc":{"Est. reading time":"1 minut\u0117"},"schema":{"@context":"https:\/\/schema.org","@graph":[{"@type":"WebPage","@id":"https:\/\/minubaltic.ee\/lt\/e-pood\/patalynes-komplektai\/auksciausios-kokybes-100-medvilnes-patalynes-komplektas-minkstas-ir-kvepuojantis\/","url":"https:\/\/minubaltic.ee\/lt\/e-pood\/patalynes-komplektai\/auksciausios-kokybes-100-medvilnes-patalynes-komplektas-minkstas-ir-kvepuojantis\/","name":"Auk\u0161\u010diausios kokyb\u0117s 100% medviln\u0117s patalyn\u0117s komplektas","isPartOf":{"@id":"https:\/\/minubaltic.ee\/lt\/#website"},"primaryImageOfPage":{"@id":"https:\/\/minubaltic.ee\/lt\/e-pood\/patalynes-komplektai\/auksciausios-kokybes-100-medvilnes-patalynes-komplektas-minkstas-ir-kvepuojantis\/#primaryimage"},"image":{"@id":"https:\/\/minubaltic.ee\/lt\/e-pood\/patalynes-komplektai\/auksciausios-kokybes-100-medvilnes-patalynes-komplektas-minkstas-ir-kvepuojantis\/#primaryimage"},"thumbnailUrl":"https:\/\/minubaltic.ee\/wp-content\/uploads\/2024\/07\/Premium-100-puuvillane-voodipesukomplekt-4.jpg","datePublished":"2024-07-27T06:28:46+00:00","dateModified":"2024-07-27T07:38:06+00:00","description":"Suteikite savo lovai prabangos su auk\u0161tos kokyb\u0117s 100 % medviln\u0117s patalyn\u0117s komplektu. M\u0117gaukit\u0117s patogiu miegu d\u0117l kv\u0117puojan\u010dios ir mink\u0161tos tekst\u016bros.","breadcrumb":{"@id":"https:\/\/minubaltic.ee\/lt\/e-pood\/patalynes-komplektai\/auksciausios-kokybes-100-medvilnes-patalynes-komplektas-minkstas-ir-kvepuojantis\/#breadcrumb"},"inLanguage":"lt-LT","potentialAction":[{"@type":"ReadAction","target":["https:\/\/minubaltic.ee\/lt\/e-pood\/patalynes-komplektai\/auksciausios-kokybes-100-medvilnes-patalynes-komplektas-minkstas-ir-kvepuojantis\/"]}]},{"@type":"ImageObject","inLanguage":"lt-LT","@id":"https:\/\/minubaltic.ee\/lt\/e-pood\/patalynes-komplektai\/auksciausios-kokybes-100-medvilnes-patalynes-komplektas-minkstas-ir-kvepuojantis\/#primaryimage","url":"https:\/\/minubaltic.ee\/wp-content\/uploads\/2024\/07\/Premium-100-puuvillane-voodipesukomplekt-4.jpg","contentUrl":"https:\/\/minubaltic.ee\/wp-content\/uploads\/2024\/07\/Premium-100-puuvillane-voodipesukomplekt-4.jpg","width":800,"height":800},{"@type":"BreadcrumbList","@id":"https:\/\/minubaltic.ee\/lt\/e-pood\/patalynes-komplektai\/auksciausios-kokybes-100-medvilnes-patalynes-komplektas-minkstas-ir-kvepuojantis\/#breadcrumb","itemListElement":[{"@type":"ListItem","position":1,"name":"Home","item":"https:\/\/minubaltic.ee\/lt\/"},{"@type":"ListItem","position":2,"name":"Parduotuv\u0117","item":"https:\/\/minubaltic.ee\/lt\/parduotuve\/"},{"@type":"ListItem","position":3,"name":"Auk\u0161\u010diausios kokyb\u0117s 100% medviln\u0117s patalyn\u0117s komplektas | mink\u0161tas ir kv\u0117puojantis"}]},{"@type":"WebSite","@id":"https:\/\/minubaltic.ee\/lt\/#website","url":"https:\/\/minubaltic.ee\/lt\/","name":"minubaltic.ee","description":"","publisher":{"@id":"https:\/\/minubaltic.ee\/lt\/#organization"},"potentialAction":[{"@type":"SearchAction","target":{"@type":"EntryPoint","urlTemplate":"https:\/\/minubaltic.ee\/lt\/?s={search_term_string}"},"query-input":{"@type":"PropertyValueSpecification","valueRequired":true,"valueName":"search_term_string"}}],"inLanguage":"lt-LT"},{"@type":"Organization","@id":"https:\/\/minubaltic.ee\/lt\/#organization","name":"Minu Baltic O\u00dc","url":"https:\/\/minubaltic.ee\/lt\/","logo":{"@type":"ImageObject","inLanguage":"lt-LT","@id":"https:\/\/minubaltic.ee\/lt\/#\/schema\/logo\/image\/","url":"https:\/\/minubaltic.ee\/wp-content\/uploads\/2023\/10\/cropped-cropped-cropped-logo.png","contentUrl":"https:\/\/minubaltic.ee\/wp-content\/uploads\/2023\/10\/cropped-cropped-cropped-logo.png","width":500,"height":237,"caption":"Minu Baltic O\u00dc"},"image":{"@id":"https:\/\/minubaltic.ee\/lt\/#\/schema\/logo\/image\/"},"sameAs":["https:\/\/www.facebook.com\/minubaltic"]}]}},"_links":{"self":[{"href":"https:\/\/minubaltic.ee\/lt\/wp-json\/wp\/v2\/product\/30763","targetHints":{"allow":["GET"]}}],"collection":[{"href":"https:\/\/minubaltic.ee\/lt\/wp-json\/wp\/v2\/product"}],"about":[{"href":"https:\/\/minubaltic.ee\/lt\/wp-json\/wp\/v2\/types\/product"}],"replies":[{"embeddable":true,"href":"https:\/\/minubaltic.ee\/lt\/wp-json\/wp\/v2\/comments?post=30763"}],"version-history":[{"count":2,"href":"https:\/\/minubaltic.ee\/lt\/wp-json\/wp\/v2\/product\/30763\/revisions"}],"predecessor-version":[{"id":30819,"href":"https:\/\/minubaltic.ee\/lt\/wp-json\/wp\/v2\/product\/30763\/revisions\/30819"}],"wp:featuredmedia":[{"embeddable":true,"href":"https:\/\/minubaltic.ee\/lt\/wp-json\/wp\/v2\/media\/30769"}],"wp:attachment":[{"href":"https:\/\/minubaltic.ee\/lt\/wp-json\/wp\/v2\/media?parent=30763"}],"wp:term":[{"taxonomy":"product_brand","embeddable":true,"href":"https:\/\/minubaltic.ee\/lt\/wp-json\/wp\/v2\/product_brand?post=30763"},{"taxonomy":"product_cat","embeddable":true,"href":"https:\/\/minubaltic.ee\/lt\/wp-json\/wp\/v2\/product_cat?post=30763"},{"taxonomy":"product_tag","embeddable":true,"href":"https:\/\/minubaltic.ee\/lt\/wp-json\/wp\/v2\/product_tag?post=30763"}],"curies":[{"name":"wp","href":"https:\/\/api.w.org\/{rel}","templated":true}]}}