{"id":30482,"date":"2024-07-18T23:34:52","date_gmt":"2024-07-18T20:34:52","guid":{"rendered":"https:\/\/minubaltic.ee\/e-pood\/be-kategorijos\/bambuko-vonios-ranksluosciu-rinkinys-3-vnt-balta\/"},"modified":"2024-07-19T00:19:46","modified_gmt":"2024-07-18T21:19:46","slug":"bambuko-vonios-ranksluosciu-rinkinys-3-vnt-baltas","status":"publish","type":"product","link":"https:\/\/minubaltic.ee\/lt\/e-pood\/bambukiniai-ranksluosciai\/bambuko-ranksluosciu-rinkiniai\/bambuko-vonios-ranksluosciu-rinkinys-3-vnt-baltas\/","title":{"rendered":"Bambuko vonios rank\u0161luos\u010di\u0173 rinkinys 3 vnt. (baltas)"},"content":{"rendered":"<ul>\n<li><strong>Audinio sud\u0117tis<\/strong>: 100% bambukas<\/li>\n<li><strong>Produktas pakuot\u0117je:<\/strong> 3vnt.<\/li>\n<li><strong>Matmenys:<\/strong> (70\u00d7140 cm 1 vnt.) + (35\u00d775 cm 2 vnt.)<\/li>\n<li><strong>Spalva:<\/strong> Baltas<\/li>\n<li><strong>Svoris:<\/strong> 420 g\/m2<\/li>\n<li>J\u0173 \u0161velnus ir \u0161ilkinis prisilietimas suteikia kasdien\u012f komfort\u0105, o nat\u016bralios savyb\u0117s padeda ilgiau i\u0161laikyti rank\u0161luos\u010dius \u0161vie\u017eius.<\/li>\n<\/ul>\n","protected":false},"excerpt":{"rendered":"<p>\ud83c\udf31Bambukini\u0173 rank\u0161luos\u010di\u0173 komplekt\u0105 sudaro vienas 75\u00d7140 cm dyd\u017eio pirties rank\u0161luostis (1 vnt.) ir du 35\u00d775 cm dyd\u017eio rank\u0161luos\u010diai (2 vnt.)<br \/>\n\ud83c\udf31Pagaminti i\u0161 bambuko pluo\u0161to, \u0161ie rank\u0161luos\u010diai yra ypa\u010d mink\u0161ti, patvar\u016bs ir puikiai d\u017eiovina dr\u0117gm\u0119.<\/p>\n","protected":false},"featured_media":30469,"comment_status":"open","ping_status":"closed","template":"","meta":[],"product_brand":[],"product_cat":[811,799,801,541,545],"product_tag":[558,559,561],"class_list":{"0":"post-30482","1":"product","2":"type-product","3":"status-publish","4":"has-post-thumbnail","6":"product_cat-100-bambukas","7":"product_cat-bambukiniai-ranksluosciai","8":"product_cat-bambuko-ranksluosciu-rinkiniai","9":"product_cat-ranksluosciai","10":"product_cat-ranksluosciu-rinkiniai","11":"product_tag-e-parduotuve","12":"product_tag-namu-tekstile","13":"product_tag-ranksluosciai","15":"first","16":"instock","17":"shipping-taxable","18":"purchasable","19":"product-type-simple"},"yoast_head":"<!-- This site is optimized with the Yoast SEO plugin v27.3 - https:\/\/yoast.com\/product\/yoast-seo-wordpress\/ -->\n<title>Bambuko vonios rank\u0161luos\u010di\u0173 rinkinys 3 vnt. (baltas) - 100% bamboo<\/title>\n<meta name=\"description\" content=\"3 dali\u0173 bambukini\u0173 rank\u0161luos\u010di\u0173 rinkin\u012f sudaro 1 70x140 cm vonios rank\u0161luostis ir 2 35x75 cm rank\u0161luos\u010diai. Bambukin\u0117 vonios patalyn\u0117 tinka naudoti be...\" \/>\n<meta name=\"robots\" content=\"index, follow, max-snippet:-1, max-image-preview:large, max-video-preview:-1\" \/>\n<link rel=\"canonical\" href=\"https:\/\/minubaltic.ee\/lt\/e-pood\/bambukiniai-ranksluosciai\/bambuko-ranksluosciu-rinkiniai\/bambuko-vonios-ranksluosciu-rinkinys-3-vnt-baltas\/\" \/>\n<meta property=\"og:locale\" content=\"lt_LT\" \/>\n<meta property=\"og:type\" content=\"article\" \/>\n<meta property=\"og:title\" content=\"Bambuko vonios rank\u0161luos\u010di\u0173 rinkinys 3 vnt. (baltas) - 100% bamboo\" \/>\n<meta property=\"og:description\" content=\"3 dali\u0173 bambukini\u0173 rank\u0161luos\u010di\u0173 rinkin\u012f sudaro 1 70x140 cm vonios rank\u0161luostis ir 2 35x75 cm rank\u0161luos\u010diai. Bambukin\u0117 vonios patalyn\u0117 tinka naudoti be...\" \/>\n<meta property=\"og:url\" content=\"https:\/\/minubaltic.ee\/lt\/e-pood\/bambukiniai-ranksluosciai\/bambuko-ranksluosciu-rinkiniai\/bambuko-vonios-ranksluosciu-rinkinys-3-vnt-baltas\/\" \/>\n<meta property=\"article:publisher\" content=\"https:\/\/www.facebook.com\/minubaltic\" \/>\n<meta property=\"article:modified_time\" content=\"2024-07-18T21:19:46+00:00\" \/>\n<meta property=\"og:image\" content=\"https:\/\/minubaltic.ee\/wp-content\/uploads\/2024\/07\/BAMBUSEST-RATIK-9.jpg\" \/>\n\t<meta property=\"og:image:width\" content=\"800\" \/>\n\t<meta property=\"og:image:height\" content=\"800\" \/>\n\t<meta property=\"og:image:type\" content=\"image\/jpeg\" \/>\n<meta name=\"twitter:card\" content=\"summary_large_image\" \/>\n<meta name=\"twitter:label1\" content=\"Est. reading time\" \/>\n\t<meta name=\"twitter:data1\" content=\"1 minut\u0117\" \/>\n<script type=\"application\/ld+json\" class=\"yoast-schema-graph\">{\"@context\":\"https:\\\/\\\/schema.org\",\"@graph\":[{\"@type\":\"WebPage\",\"@id\":\"https:\\\/\\\/minubaltic.ee\\\/lt\\\/e-pood\\\/bambukiniai-ranksluosciai\\\/bambuko-ranksluosciu-rinkiniai\\\/bambuko-vonios-ranksluosciu-rinkinys-3-vnt-baltas\\\/\",\"url\":\"https:\\\/\\\/minubaltic.ee\\\/lt\\\/e-pood\\\/bambukiniai-ranksluosciai\\\/bambuko-ranksluosciu-rinkiniai\\\/bambuko-vonios-ranksluosciu-rinkinys-3-vnt-baltas\\\/\",\"name\":\"Bambuko vonios rank\u0161luos\u010di\u0173 rinkinys 3 vnt. (baltas) - 100% bamboo\",\"isPartOf\":{\"@id\":\"https:\\\/\\\/minubaltic.ee\\\/lt\\\/#website\"},\"primaryImageOfPage\":{\"@id\":\"https:\\\/\\\/minubaltic.ee\\\/lt\\\/e-pood\\\/bambukiniai-ranksluosciai\\\/bambuko-ranksluosciu-rinkiniai\\\/bambuko-vonios-ranksluosciu-rinkinys-3-vnt-baltas\\\/#primaryimage\"},\"image\":{\"@id\":\"https:\\\/\\\/minubaltic.ee\\\/lt\\\/e-pood\\\/bambukiniai-ranksluosciai\\\/bambuko-ranksluosciu-rinkiniai\\\/bambuko-vonios-ranksluosciu-rinkinys-3-vnt-baltas\\\/#primaryimage\"},\"thumbnailUrl\":\"https:\\\/\\\/minubaltic.ee\\\/wp-content\\\/uploads\\\/2024\\\/07\\\/BAMBUSEST-RATIK-9.jpg\",\"datePublished\":\"2024-07-18T20:34:52+00:00\",\"dateModified\":\"2024-07-18T21:19:46+00:00\",\"description\":\"3 dali\u0173 bambukini\u0173 rank\u0161luos\u010di\u0173 rinkin\u012f sudaro 1 70x140 cm vonios rank\u0161luostis ir 2 35x75 cm rank\u0161luos\u010diai. Bambukin\u0117 vonios patalyn\u0117 tinka naudoti be...\",\"breadcrumb\":{\"@id\":\"https:\\\/\\\/minubaltic.ee\\\/lt\\\/e-pood\\\/bambukiniai-ranksluosciai\\\/bambuko-ranksluosciu-rinkiniai\\\/bambuko-vonios-ranksluosciu-rinkinys-3-vnt-baltas\\\/#breadcrumb\"},\"inLanguage\":\"lt-LT\",\"potentialAction\":[{\"@type\":\"ReadAction\",\"target\":[\"https:\\\/\\\/minubaltic.ee\\\/lt\\\/e-pood\\\/bambukiniai-ranksluosciai\\\/bambuko-ranksluosciu-rinkiniai\\\/bambuko-vonios-ranksluosciu-rinkinys-3-vnt-baltas\\\/\"]}]},{\"@type\":\"ImageObject\",\"inLanguage\":\"lt-LT\",\"@id\":\"https:\\\/\\\/minubaltic.ee\\\/lt\\\/e-pood\\\/bambukiniai-ranksluosciai\\\/bambuko-ranksluosciu-rinkiniai\\\/bambuko-vonios-ranksluosciu-rinkinys-3-vnt-baltas\\\/#primaryimage\",\"url\":\"https:\\\/\\\/minubaltic.ee\\\/wp-content\\\/uploads\\\/2024\\\/07\\\/BAMBUSEST-RATIK-9.jpg\",\"contentUrl\":\"https:\\\/\\\/minubaltic.ee\\\/wp-content\\\/uploads\\\/2024\\\/07\\\/BAMBUSEST-RATIK-9.jpg\",\"width\":800,\"height\":800},{\"@type\":\"BreadcrumbList\",\"@id\":\"https:\\\/\\\/minubaltic.ee\\\/lt\\\/e-pood\\\/bambukiniai-ranksluosciai\\\/bambuko-ranksluosciu-rinkiniai\\\/bambuko-vonios-ranksluosciu-rinkinys-3-vnt-baltas\\\/#breadcrumb\",\"itemListElement\":[{\"@type\":\"ListItem\",\"position\":1,\"name\":\"Home\",\"item\":\"https:\\\/\\\/minubaltic.ee\\\/lt\\\/\"},{\"@type\":\"ListItem\",\"position\":2,\"name\":\"Parduotuv\u0117\",\"item\":\"https:\\\/\\\/minubaltic.ee\\\/lt\\\/parduotuve\\\/\"},{\"@type\":\"ListItem\",\"position\":3,\"name\":\"Bambuko vonios rank\u0161luos\u010di\u0173 rinkinys 3 vnt. (baltas)\"}]},{\"@type\":\"WebSite\",\"@id\":\"https:\\\/\\\/minubaltic.ee\\\/lt\\\/#website\",\"url\":\"https:\\\/\\\/minubaltic.ee\\\/lt\\\/\",\"name\":\"minubaltic.ee\",\"description\":\"\",\"publisher\":{\"@id\":\"https:\\\/\\\/minubaltic.ee\\\/lt\\\/#organization\"},\"potentialAction\":[{\"@type\":\"SearchAction\",\"target\":{\"@type\":\"EntryPoint\",\"urlTemplate\":\"https:\\\/\\\/minubaltic.ee\\\/lt\\\/?s={search_term_string}\"},\"query-input\":{\"@type\":\"PropertyValueSpecification\",\"valueRequired\":true,\"valueName\":\"search_term_string\"}}],\"inLanguage\":\"lt-LT\"},{\"@type\":\"Organization\",\"@id\":\"https:\\\/\\\/minubaltic.ee\\\/lt\\\/#organization\",\"name\":\"Minu Baltic O\u00dc\",\"url\":\"https:\\\/\\\/minubaltic.ee\\\/lt\\\/\",\"logo\":{\"@type\":\"ImageObject\",\"inLanguage\":\"lt-LT\",\"@id\":\"https:\\\/\\\/minubaltic.ee\\\/lt\\\/#\\\/schema\\\/logo\\\/image\\\/\",\"url\":\"https:\\\/\\\/minubaltic.ee\\\/wp-content\\\/uploads\\\/2023\\\/10\\\/cropped-cropped-cropped-logo.png\",\"contentUrl\":\"https:\\\/\\\/minubaltic.ee\\\/wp-content\\\/uploads\\\/2023\\\/10\\\/cropped-cropped-cropped-logo.png\",\"width\":500,\"height\":237,\"caption\":\"Minu Baltic O\u00dc\"},\"image\":{\"@id\":\"https:\\\/\\\/minubaltic.ee\\\/lt\\\/#\\\/schema\\\/logo\\\/image\\\/\"},\"sameAs\":[\"https:\\\/\\\/www.facebook.com\\\/minubaltic\"]}]}<\/script>\n<!-- \/ Yoast SEO plugin. -->","yoast_head_json":{"title":"Bambuko vonios rank\u0161luos\u010di\u0173 rinkinys 3 vnt. (baltas) - 100% bamboo","description":"3 dali\u0173 bambukini\u0173 rank\u0161luos\u010di\u0173 rinkin\u012f sudaro 1 70x140 cm vonios rank\u0161luostis ir 2 35x75 cm rank\u0161luos\u010diai. Bambukin\u0117 vonios patalyn\u0117 tinka naudoti be...","robots":{"index":"index","follow":"follow","max-snippet":"max-snippet:-1","max-image-preview":"max-image-preview:large","max-video-preview":"max-video-preview:-1"},"canonical":"https:\/\/minubaltic.ee\/lt\/e-pood\/bambukiniai-ranksluosciai\/bambuko-ranksluosciu-rinkiniai\/bambuko-vonios-ranksluosciu-rinkinys-3-vnt-baltas\/","og_locale":"lt_LT","og_type":"article","og_title":"Bambuko vonios rank\u0161luos\u010di\u0173 rinkinys 3 vnt. (baltas) - 100% bamboo","og_description":"3 dali\u0173 bambukini\u0173 rank\u0161luos\u010di\u0173 rinkin\u012f sudaro 1 70x140 cm vonios rank\u0161luostis ir 2 35x75 cm rank\u0161luos\u010diai. Bambukin\u0117 vonios patalyn\u0117 tinka naudoti be...","og_url":"https:\/\/minubaltic.ee\/lt\/e-pood\/bambukiniai-ranksluosciai\/bambuko-ranksluosciu-rinkiniai\/bambuko-vonios-ranksluosciu-rinkinys-3-vnt-baltas\/","article_publisher":"https:\/\/www.facebook.com\/minubaltic","article_modified_time":"2024-07-18T21:19:46+00:00","og_image":[{"width":800,"height":800,"url":"https:\/\/minubaltic.ee\/wp-content\/uploads\/2024\/07\/BAMBUSEST-RATIK-9.jpg","type":"image\/jpeg"}],"twitter_card":"summary_large_image","twitter_misc":{"Est. reading time":"1 minut\u0117"},"schema":{"@context":"https:\/\/schema.org","@graph":[{"@type":"WebPage","@id":"https:\/\/minubaltic.ee\/lt\/e-pood\/bambukiniai-ranksluosciai\/bambuko-ranksluosciu-rinkiniai\/bambuko-vonios-ranksluosciu-rinkinys-3-vnt-baltas\/","url":"https:\/\/minubaltic.ee\/lt\/e-pood\/bambukiniai-ranksluosciai\/bambuko-ranksluosciu-rinkiniai\/bambuko-vonios-ranksluosciu-rinkinys-3-vnt-baltas\/","name":"Bambuko vonios rank\u0161luos\u010di\u0173 rinkinys 3 vnt. (baltas) - 100% bamboo","isPartOf":{"@id":"https:\/\/minubaltic.ee\/lt\/#website"},"primaryImageOfPage":{"@id":"https:\/\/minubaltic.ee\/lt\/e-pood\/bambukiniai-ranksluosciai\/bambuko-ranksluosciu-rinkiniai\/bambuko-vonios-ranksluosciu-rinkinys-3-vnt-baltas\/#primaryimage"},"image":{"@id":"https:\/\/minubaltic.ee\/lt\/e-pood\/bambukiniai-ranksluosciai\/bambuko-ranksluosciu-rinkiniai\/bambuko-vonios-ranksluosciu-rinkinys-3-vnt-baltas\/#primaryimage"},"thumbnailUrl":"https:\/\/minubaltic.ee\/wp-content\/uploads\/2024\/07\/BAMBUSEST-RATIK-9.jpg","datePublished":"2024-07-18T20:34:52+00:00","dateModified":"2024-07-18T21:19:46+00:00","description":"3 dali\u0173 bambukini\u0173 rank\u0161luos\u010di\u0173 rinkin\u012f sudaro 1 70x140 cm vonios rank\u0161luostis ir 2 35x75 cm rank\u0161luos\u010diai. Bambukin\u0117 vonios patalyn\u0117 tinka naudoti be...","breadcrumb":{"@id":"https:\/\/minubaltic.ee\/lt\/e-pood\/bambukiniai-ranksluosciai\/bambuko-ranksluosciu-rinkiniai\/bambuko-vonios-ranksluosciu-rinkinys-3-vnt-baltas\/#breadcrumb"},"inLanguage":"lt-LT","potentialAction":[{"@type":"ReadAction","target":["https:\/\/minubaltic.ee\/lt\/e-pood\/bambukiniai-ranksluosciai\/bambuko-ranksluosciu-rinkiniai\/bambuko-vonios-ranksluosciu-rinkinys-3-vnt-baltas\/"]}]},{"@type":"ImageObject","inLanguage":"lt-LT","@id":"https:\/\/minubaltic.ee\/lt\/e-pood\/bambukiniai-ranksluosciai\/bambuko-ranksluosciu-rinkiniai\/bambuko-vonios-ranksluosciu-rinkinys-3-vnt-baltas\/#primaryimage","url":"https:\/\/minubaltic.ee\/wp-content\/uploads\/2024\/07\/BAMBUSEST-RATIK-9.jpg","contentUrl":"https:\/\/minubaltic.ee\/wp-content\/uploads\/2024\/07\/BAMBUSEST-RATIK-9.jpg","width":800,"height":800},{"@type":"BreadcrumbList","@id":"https:\/\/minubaltic.ee\/lt\/e-pood\/bambukiniai-ranksluosciai\/bambuko-ranksluosciu-rinkiniai\/bambuko-vonios-ranksluosciu-rinkinys-3-vnt-baltas\/#breadcrumb","itemListElement":[{"@type":"ListItem","position":1,"name":"Home","item":"https:\/\/minubaltic.ee\/lt\/"},{"@type":"ListItem","position":2,"name":"Parduotuv\u0117","item":"https:\/\/minubaltic.ee\/lt\/parduotuve\/"},{"@type":"ListItem","position":3,"name":"Bambuko vonios rank\u0161luos\u010di\u0173 rinkinys 3 vnt. (baltas)"}]},{"@type":"WebSite","@id":"https:\/\/minubaltic.ee\/lt\/#website","url":"https:\/\/minubaltic.ee\/lt\/","name":"minubaltic.ee","description":"","publisher":{"@id":"https:\/\/minubaltic.ee\/lt\/#organization"},"potentialAction":[{"@type":"SearchAction","target":{"@type":"EntryPoint","urlTemplate":"https:\/\/minubaltic.ee\/lt\/?s={search_term_string}"},"query-input":{"@type":"PropertyValueSpecification","valueRequired":true,"valueName":"search_term_string"}}],"inLanguage":"lt-LT"},{"@type":"Organization","@id":"https:\/\/minubaltic.ee\/lt\/#organization","name":"Minu Baltic O\u00dc","url":"https:\/\/minubaltic.ee\/lt\/","logo":{"@type":"ImageObject","inLanguage":"lt-LT","@id":"https:\/\/minubaltic.ee\/lt\/#\/schema\/logo\/image\/","url":"https:\/\/minubaltic.ee\/wp-content\/uploads\/2023\/10\/cropped-cropped-cropped-logo.png","contentUrl":"https:\/\/minubaltic.ee\/wp-content\/uploads\/2023\/10\/cropped-cropped-cropped-logo.png","width":500,"height":237,"caption":"Minu Baltic O\u00dc"},"image":{"@id":"https:\/\/minubaltic.ee\/lt\/#\/schema\/logo\/image\/"},"sameAs":["https:\/\/www.facebook.com\/minubaltic"]}]}},"_links":{"self":[{"href":"https:\/\/minubaltic.ee\/lt\/wp-json\/wp\/v2\/product\/30482","targetHints":{"allow":["GET"]}}],"collection":[{"href":"https:\/\/minubaltic.ee\/lt\/wp-json\/wp\/v2\/product"}],"about":[{"href":"https:\/\/minubaltic.ee\/lt\/wp-json\/wp\/v2\/types\/product"}],"replies":[{"embeddable":true,"href":"https:\/\/minubaltic.ee\/lt\/wp-json\/wp\/v2\/comments?post=30482"}],"version-history":[{"count":1,"href":"https:\/\/minubaltic.ee\/lt\/wp-json\/wp\/v2\/product\/30482\/revisions"}],"predecessor-version":[{"id":30544,"href":"https:\/\/minubaltic.ee\/lt\/wp-json\/wp\/v2\/product\/30482\/revisions\/30544"}],"wp:featuredmedia":[{"embeddable":true,"href":"https:\/\/minubaltic.ee\/lt\/wp-json\/wp\/v2\/media\/30469"}],"wp:attachment":[{"href":"https:\/\/minubaltic.ee\/lt\/wp-json\/wp\/v2\/media?parent=30482"}],"wp:term":[{"taxonomy":"product_brand","embeddable":true,"href":"https:\/\/minubaltic.ee\/lt\/wp-json\/wp\/v2\/product_brand?post=30482"},{"taxonomy":"product_cat","embeddable":true,"href":"https:\/\/minubaltic.ee\/lt\/wp-json\/wp\/v2\/product_cat?post=30482"},{"taxonomy":"product_tag","embeddable":true,"href":"https:\/\/minubaltic.ee\/lt\/wp-json\/wp\/v2\/product_tag?post=30482"}],"curies":[{"name":"wp","href":"https:\/\/api.w.org\/{rel}","templated":true}]}}