{"id":30405,"date":"2024-07-18T21:49:19","date_gmt":"2024-07-18T18:49:19","guid":{"rendered":"https:\/\/minubaltic.ee\/?post_type=product&#038;p=30405"},"modified":"2024-07-18T22:20:23","modified_gmt":"2024-07-18T19:20:23","slug":"bambuko-ranksluosciu-rinkinys-6vnt-geltona","status":"publish","type":"product","link":"https:\/\/minubaltic.ee\/lt\/e-pood\/bambukiniai-ranksluosciai\/bambukiniai-ranksluosciai-rankoms\/bambuko-ranksluosciu-rinkinys-6vnt-geltona\/","title":{"rendered":"Bambuko rank\u0161luos\u010di\u0173 rinkinys 6vnt. (geltona)"},"content":{"rendered":"<ul>\n<li><strong>Audinio sud\u0117tis<\/strong>: 100% bambukas<\/li>\n<li><strong>Produktas pakuot\u0117je:<\/strong> 6 vnt<\/li>\n<li><strong>Matmenys:<\/strong> 35\u00d775 cm \u00b13<\/li>\n<li><strong>Spalva:<\/strong> Geltona<\/li>\n<li><strong>Svoris:<\/strong> 420 g\/m2<\/li>\n<li>I\u0161skirtinis \u0161i\u0173 rank\u0161luos\u010di\u0173 mink\u0161tumas ir \u0161ilkin\u0117 tekst\u016bra u\u017etikrina maloni\u0105 naudojimo patirt\u012f ir puik\u0173 dr\u0117gm\u0117s sug\u0117rim\u0105. Be to, bambukas turi nat\u016brali\u0105 antibakterin\u0119 savyb\u0119, kuri padeda rank\u0161luos\u010diams ilg\u0105 laik\u0105 i\u0161laikyti \u0161vie\u017eius ir \u0161varius.<\/li>\n<\/ul>\n","protected":false},"excerpt":{"rendered":"<p>\ud83c\udf31 Bambukini\u0173 rank\u0161luos\u010di\u0173 komplekt\u0105 sudaro 6vnt. 35&#215;75 cm dyd\u017eio rank\u0161luos\u010diai, kurie u\u017etikrina \u0161veln\u0173 ir \u0161ilkin\u012f prisilietim\u0105.<br \/>\n\ud83c\udf31I\u0161 bambuko pluo\u0161to pagaminti rank\u0161luos\u010diai yra patvar\u016bs, i\u0161skirtinai mink\u0161ti ir gerai sugeria dr\u0117gm\u0119.<\/p>\n","protected":false},"featured_media":30411,"comment_status":"open","ping_status":"closed","template":"","meta":[],"product_brand":[],"product_cat":[811,799,800,801,541,542,545,534],"product_tag":[558,559,561],"class_list":{"0":"post-30405","1":"product","2":"type-product","3":"status-publish","4":"has-post-thumbnail","6":"product_cat-100-bambukas","7":"product_cat-bambukiniai-ranksluosciai","8":"product_cat-bambukiniai-ranksluosciai-rankoms","9":"product_cat-bambuko-ranksluosciu-rinkiniai","10":"product_cat-ranksluosciai","11":"product_cat-ranksluosciai-35-75","12":"product_cat-ranksluosciu-rinkiniai","13":"product_cat-ranku-ir-veido-ranksluosciai","14":"product_tag-e-parduotuve","15":"product_tag-namu-tekstile","16":"product_tag-ranksluosciai","18":"first","19":"instock","20":"shipping-taxable","21":"purchasable","22":"product-type-simple"},"yoast_head":"<!-- This site is optimized with the Yoast SEO plugin v27.3 - https:\/\/yoast.com\/product\/yoast-seo-wordpress\/ -->\n<title>Bambuko rank\u0161luos\u010di\u0173 rinkinys 6vnt. (geltona) - 100% bamboo<\/title>\n<meta name=\"description\" content=\"Bambukini\u0173 rank\u0161luos\u010di\u0173 rinkin\u012f sudaro 6 rank\u0161luos\u010diai, kad jie b\u016bt\u0173 gaiv\u016bs ir \u0161ilkiniai. Rank\u0161luos\u010diai i\u0161 bambuko pluo\u0161to yra patvar\u016bs....\" \/>\n<meta name=\"robots\" content=\"index, follow, max-snippet:-1, max-image-preview:large, max-video-preview:-1\" \/>\n<link rel=\"canonical\" href=\"https:\/\/minubaltic.ee\/lt\/e-pood\/bambukiniai-ranksluosciai\/bambukiniai-ranksluosciai-rankoms\/bambuko-ranksluosciu-rinkinys-6vnt-geltona\/\" \/>\n<meta property=\"og:locale\" content=\"lt_LT\" \/>\n<meta property=\"og:type\" content=\"article\" \/>\n<meta property=\"og:title\" content=\"Bambuko rank\u0161luos\u010di\u0173 rinkinys 6vnt. (geltona) - 100% bamboo\" \/>\n<meta property=\"og:description\" content=\"Bambukini\u0173 rank\u0161luos\u010di\u0173 rinkin\u012f sudaro 6 rank\u0161luos\u010diai, kad jie b\u016bt\u0173 gaiv\u016bs ir \u0161ilkiniai. Rank\u0161luos\u010diai i\u0161 bambuko pluo\u0161to yra patvar\u016bs....\" \/>\n<meta property=\"og:url\" content=\"https:\/\/minubaltic.ee\/lt\/e-pood\/bambukiniai-ranksluosciai\/bambukiniai-ranksluosciai-rankoms\/bambuko-ranksluosciu-rinkinys-6vnt-geltona\/\" \/>\n<meta property=\"article:publisher\" content=\"https:\/\/www.facebook.com\/minubaltic\" \/>\n<meta property=\"article:modified_time\" content=\"2024-07-18T19:20:23+00:00\" \/>\n<meta property=\"og:image\" content=\"https:\/\/minubaltic.ee\/wp-content\/uploads\/2024\/07\/BAMBUSEST-RATIK-15.jpg\" \/>\n\t<meta property=\"og:image:width\" content=\"800\" \/>\n\t<meta property=\"og:image:height\" content=\"800\" \/>\n\t<meta property=\"og:image:type\" content=\"image\/jpeg\" \/>\n<meta name=\"twitter:card\" content=\"summary_large_image\" \/>\n<meta name=\"twitter:label1\" content=\"Est. reading time\" \/>\n\t<meta name=\"twitter:data1\" content=\"1 minut\u0117\" \/>\n<script type=\"application\/ld+json\" class=\"yoast-schema-graph\">{\"@context\":\"https:\\\/\\\/schema.org\",\"@graph\":[{\"@type\":\"WebPage\",\"@id\":\"https:\\\/\\\/minubaltic.ee\\\/lt\\\/e-pood\\\/bambukiniai-ranksluosciai\\\/bambukiniai-ranksluosciai-rankoms\\\/bambuko-ranksluosciu-rinkinys-6vnt-geltona\\\/\",\"url\":\"https:\\\/\\\/minubaltic.ee\\\/lt\\\/e-pood\\\/bambukiniai-ranksluosciai\\\/bambukiniai-ranksluosciai-rankoms\\\/bambuko-ranksluosciu-rinkinys-6vnt-geltona\\\/\",\"name\":\"Bambuko rank\u0161luos\u010di\u0173 rinkinys 6vnt. (geltona) - 100% bamboo\",\"isPartOf\":{\"@id\":\"https:\\\/\\\/minubaltic.ee\\\/lt\\\/#website\"},\"primaryImageOfPage\":{\"@id\":\"https:\\\/\\\/minubaltic.ee\\\/lt\\\/e-pood\\\/bambukiniai-ranksluosciai\\\/bambukiniai-ranksluosciai-rankoms\\\/bambuko-ranksluosciu-rinkinys-6vnt-geltona\\\/#primaryimage\"},\"image\":{\"@id\":\"https:\\\/\\\/minubaltic.ee\\\/lt\\\/e-pood\\\/bambukiniai-ranksluosciai\\\/bambukiniai-ranksluosciai-rankoms\\\/bambuko-ranksluosciu-rinkinys-6vnt-geltona\\\/#primaryimage\"},\"thumbnailUrl\":\"https:\\\/\\\/minubaltic.ee\\\/wp-content\\\/uploads\\\/2024\\\/07\\\/BAMBUSEST-RATIK-15.jpg\",\"datePublished\":\"2024-07-18T18:49:19+00:00\",\"dateModified\":\"2024-07-18T19:20:23+00:00\",\"description\":\"Bambukini\u0173 rank\u0161luos\u010di\u0173 rinkin\u012f sudaro 6 rank\u0161luos\u010diai, kad jie b\u016bt\u0173 gaiv\u016bs ir \u0161ilkiniai. Rank\u0161luos\u010diai i\u0161 bambuko pluo\u0161to yra patvar\u016bs....\",\"breadcrumb\":{\"@id\":\"https:\\\/\\\/minubaltic.ee\\\/lt\\\/e-pood\\\/bambukiniai-ranksluosciai\\\/bambukiniai-ranksluosciai-rankoms\\\/bambuko-ranksluosciu-rinkinys-6vnt-geltona\\\/#breadcrumb\"},\"inLanguage\":\"lt-LT\",\"potentialAction\":[{\"@type\":\"ReadAction\",\"target\":[\"https:\\\/\\\/minubaltic.ee\\\/lt\\\/e-pood\\\/bambukiniai-ranksluosciai\\\/bambukiniai-ranksluosciai-rankoms\\\/bambuko-ranksluosciu-rinkinys-6vnt-geltona\\\/\"]}]},{\"@type\":\"ImageObject\",\"inLanguage\":\"lt-LT\",\"@id\":\"https:\\\/\\\/minubaltic.ee\\\/lt\\\/e-pood\\\/bambukiniai-ranksluosciai\\\/bambukiniai-ranksluosciai-rankoms\\\/bambuko-ranksluosciu-rinkinys-6vnt-geltona\\\/#primaryimage\",\"url\":\"https:\\\/\\\/minubaltic.ee\\\/wp-content\\\/uploads\\\/2024\\\/07\\\/BAMBUSEST-RATIK-15.jpg\",\"contentUrl\":\"https:\\\/\\\/minubaltic.ee\\\/wp-content\\\/uploads\\\/2024\\\/07\\\/BAMBUSEST-RATIK-15.jpg\",\"width\":800,\"height\":800},{\"@type\":\"BreadcrumbList\",\"@id\":\"https:\\\/\\\/minubaltic.ee\\\/lt\\\/e-pood\\\/bambukiniai-ranksluosciai\\\/bambukiniai-ranksluosciai-rankoms\\\/bambuko-ranksluosciu-rinkinys-6vnt-geltona\\\/#breadcrumb\",\"itemListElement\":[{\"@type\":\"ListItem\",\"position\":1,\"name\":\"Home\",\"item\":\"https:\\\/\\\/minubaltic.ee\\\/lt\\\/\"},{\"@type\":\"ListItem\",\"position\":2,\"name\":\"Parduotuv\u0117\",\"item\":\"https:\\\/\\\/minubaltic.ee\\\/lt\\\/parduotuve\\\/\"},{\"@type\":\"ListItem\",\"position\":3,\"name\":\"Bambuko rank\u0161luos\u010di\u0173 rinkinys 6vnt. (geltona)\"}]},{\"@type\":\"WebSite\",\"@id\":\"https:\\\/\\\/minubaltic.ee\\\/lt\\\/#website\",\"url\":\"https:\\\/\\\/minubaltic.ee\\\/lt\\\/\",\"name\":\"minubaltic.ee\",\"description\":\"\",\"publisher\":{\"@id\":\"https:\\\/\\\/minubaltic.ee\\\/lt\\\/#organization\"},\"potentialAction\":[{\"@type\":\"SearchAction\",\"target\":{\"@type\":\"EntryPoint\",\"urlTemplate\":\"https:\\\/\\\/minubaltic.ee\\\/lt\\\/?s={search_term_string}\"},\"query-input\":{\"@type\":\"PropertyValueSpecification\",\"valueRequired\":true,\"valueName\":\"search_term_string\"}}],\"inLanguage\":\"lt-LT\"},{\"@type\":\"Organization\",\"@id\":\"https:\\\/\\\/minubaltic.ee\\\/lt\\\/#organization\",\"name\":\"Minu Baltic O\u00dc\",\"url\":\"https:\\\/\\\/minubaltic.ee\\\/lt\\\/\",\"logo\":{\"@type\":\"ImageObject\",\"inLanguage\":\"lt-LT\",\"@id\":\"https:\\\/\\\/minubaltic.ee\\\/lt\\\/#\\\/schema\\\/logo\\\/image\\\/\",\"url\":\"https:\\\/\\\/minubaltic.ee\\\/wp-content\\\/uploads\\\/2023\\\/10\\\/cropped-cropped-cropped-logo.png\",\"contentUrl\":\"https:\\\/\\\/minubaltic.ee\\\/wp-content\\\/uploads\\\/2023\\\/10\\\/cropped-cropped-cropped-logo.png\",\"width\":500,\"height\":237,\"caption\":\"Minu Baltic O\u00dc\"},\"image\":{\"@id\":\"https:\\\/\\\/minubaltic.ee\\\/lt\\\/#\\\/schema\\\/logo\\\/image\\\/\"},\"sameAs\":[\"https:\\\/\\\/www.facebook.com\\\/minubaltic\"]}]}<\/script>\n<!-- \/ Yoast SEO plugin. -->","yoast_head_json":{"title":"Bambuko rank\u0161luos\u010di\u0173 rinkinys 6vnt. (geltona) - 100% bamboo","description":"Bambukini\u0173 rank\u0161luos\u010di\u0173 rinkin\u012f sudaro 6 rank\u0161luos\u010diai, kad jie b\u016bt\u0173 gaiv\u016bs ir \u0161ilkiniai. Rank\u0161luos\u010diai i\u0161 bambuko pluo\u0161to yra patvar\u016bs....","robots":{"index":"index","follow":"follow","max-snippet":"max-snippet:-1","max-image-preview":"max-image-preview:large","max-video-preview":"max-video-preview:-1"},"canonical":"https:\/\/minubaltic.ee\/lt\/e-pood\/bambukiniai-ranksluosciai\/bambukiniai-ranksluosciai-rankoms\/bambuko-ranksluosciu-rinkinys-6vnt-geltona\/","og_locale":"lt_LT","og_type":"article","og_title":"Bambuko rank\u0161luos\u010di\u0173 rinkinys 6vnt. (geltona) - 100% bamboo","og_description":"Bambukini\u0173 rank\u0161luos\u010di\u0173 rinkin\u012f sudaro 6 rank\u0161luos\u010diai, kad jie b\u016bt\u0173 gaiv\u016bs ir \u0161ilkiniai. Rank\u0161luos\u010diai i\u0161 bambuko pluo\u0161to yra patvar\u016bs....","og_url":"https:\/\/minubaltic.ee\/lt\/e-pood\/bambukiniai-ranksluosciai\/bambukiniai-ranksluosciai-rankoms\/bambuko-ranksluosciu-rinkinys-6vnt-geltona\/","article_publisher":"https:\/\/www.facebook.com\/minubaltic","article_modified_time":"2024-07-18T19:20:23+00:00","og_image":[{"width":800,"height":800,"url":"https:\/\/minubaltic.ee\/wp-content\/uploads\/2024\/07\/BAMBUSEST-RATIK-15.jpg","type":"image\/jpeg"}],"twitter_card":"summary_large_image","twitter_misc":{"Est. reading time":"1 minut\u0117"},"schema":{"@context":"https:\/\/schema.org","@graph":[{"@type":"WebPage","@id":"https:\/\/minubaltic.ee\/lt\/e-pood\/bambukiniai-ranksluosciai\/bambukiniai-ranksluosciai-rankoms\/bambuko-ranksluosciu-rinkinys-6vnt-geltona\/","url":"https:\/\/minubaltic.ee\/lt\/e-pood\/bambukiniai-ranksluosciai\/bambukiniai-ranksluosciai-rankoms\/bambuko-ranksluosciu-rinkinys-6vnt-geltona\/","name":"Bambuko rank\u0161luos\u010di\u0173 rinkinys 6vnt. (geltona) - 100% bamboo","isPartOf":{"@id":"https:\/\/minubaltic.ee\/lt\/#website"},"primaryImageOfPage":{"@id":"https:\/\/minubaltic.ee\/lt\/e-pood\/bambukiniai-ranksluosciai\/bambukiniai-ranksluosciai-rankoms\/bambuko-ranksluosciu-rinkinys-6vnt-geltona\/#primaryimage"},"image":{"@id":"https:\/\/minubaltic.ee\/lt\/e-pood\/bambukiniai-ranksluosciai\/bambukiniai-ranksluosciai-rankoms\/bambuko-ranksluosciu-rinkinys-6vnt-geltona\/#primaryimage"},"thumbnailUrl":"https:\/\/minubaltic.ee\/wp-content\/uploads\/2024\/07\/BAMBUSEST-RATIK-15.jpg","datePublished":"2024-07-18T18:49:19+00:00","dateModified":"2024-07-18T19:20:23+00:00","description":"Bambukini\u0173 rank\u0161luos\u010di\u0173 rinkin\u012f sudaro 6 rank\u0161luos\u010diai, kad jie b\u016bt\u0173 gaiv\u016bs ir \u0161ilkiniai. Rank\u0161luos\u010diai i\u0161 bambuko pluo\u0161to yra patvar\u016bs....","breadcrumb":{"@id":"https:\/\/minubaltic.ee\/lt\/e-pood\/bambukiniai-ranksluosciai\/bambukiniai-ranksluosciai-rankoms\/bambuko-ranksluosciu-rinkinys-6vnt-geltona\/#breadcrumb"},"inLanguage":"lt-LT","potentialAction":[{"@type":"ReadAction","target":["https:\/\/minubaltic.ee\/lt\/e-pood\/bambukiniai-ranksluosciai\/bambukiniai-ranksluosciai-rankoms\/bambuko-ranksluosciu-rinkinys-6vnt-geltona\/"]}]},{"@type":"ImageObject","inLanguage":"lt-LT","@id":"https:\/\/minubaltic.ee\/lt\/e-pood\/bambukiniai-ranksluosciai\/bambukiniai-ranksluosciai-rankoms\/bambuko-ranksluosciu-rinkinys-6vnt-geltona\/#primaryimage","url":"https:\/\/minubaltic.ee\/wp-content\/uploads\/2024\/07\/BAMBUSEST-RATIK-15.jpg","contentUrl":"https:\/\/minubaltic.ee\/wp-content\/uploads\/2024\/07\/BAMBUSEST-RATIK-15.jpg","width":800,"height":800},{"@type":"BreadcrumbList","@id":"https:\/\/minubaltic.ee\/lt\/e-pood\/bambukiniai-ranksluosciai\/bambukiniai-ranksluosciai-rankoms\/bambuko-ranksluosciu-rinkinys-6vnt-geltona\/#breadcrumb","itemListElement":[{"@type":"ListItem","position":1,"name":"Home","item":"https:\/\/minubaltic.ee\/lt\/"},{"@type":"ListItem","position":2,"name":"Parduotuv\u0117","item":"https:\/\/minubaltic.ee\/lt\/parduotuve\/"},{"@type":"ListItem","position":3,"name":"Bambuko rank\u0161luos\u010di\u0173 rinkinys 6vnt. (geltona)"}]},{"@type":"WebSite","@id":"https:\/\/minubaltic.ee\/lt\/#website","url":"https:\/\/minubaltic.ee\/lt\/","name":"minubaltic.ee","description":"","publisher":{"@id":"https:\/\/minubaltic.ee\/lt\/#organization"},"potentialAction":[{"@type":"SearchAction","target":{"@type":"EntryPoint","urlTemplate":"https:\/\/minubaltic.ee\/lt\/?s={search_term_string}"},"query-input":{"@type":"PropertyValueSpecification","valueRequired":true,"valueName":"search_term_string"}}],"inLanguage":"lt-LT"},{"@type":"Organization","@id":"https:\/\/minubaltic.ee\/lt\/#organization","name":"Minu Baltic O\u00dc","url":"https:\/\/minubaltic.ee\/lt\/","logo":{"@type":"ImageObject","inLanguage":"lt-LT","@id":"https:\/\/minubaltic.ee\/lt\/#\/schema\/logo\/image\/","url":"https:\/\/minubaltic.ee\/wp-content\/uploads\/2023\/10\/cropped-cropped-cropped-logo.png","contentUrl":"https:\/\/minubaltic.ee\/wp-content\/uploads\/2023\/10\/cropped-cropped-cropped-logo.png","width":500,"height":237,"caption":"Minu Baltic O\u00dc"},"image":{"@id":"https:\/\/minubaltic.ee\/lt\/#\/schema\/logo\/image\/"},"sameAs":["https:\/\/www.facebook.com\/minubaltic"]}]}},"_links":{"self":[{"href":"https:\/\/minubaltic.ee\/lt\/wp-json\/wp\/v2\/product\/30405","targetHints":{"allow":["GET"]}}],"collection":[{"href":"https:\/\/minubaltic.ee\/lt\/wp-json\/wp\/v2\/product"}],"about":[{"href":"https:\/\/minubaltic.ee\/lt\/wp-json\/wp\/v2\/types\/product"}],"replies":[{"embeddable":true,"href":"https:\/\/minubaltic.ee\/lt\/wp-json\/wp\/v2\/comments?post=30405"}],"version-history":[{"count":2,"href":"https:\/\/minubaltic.ee\/lt\/wp-json\/wp\/v2\/product\/30405\/revisions"}],"predecessor-version":[{"id":30462,"href":"https:\/\/minubaltic.ee\/lt\/wp-json\/wp\/v2\/product\/30405\/revisions\/30462"}],"wp:featuredmedia":[{"embeddable":true,"href":"https:\/\/minubaltic.ee\/lt\/wp-json\/wp\/v2\/media\/30411"}],"wp:attachment":[{"href":"https:\/\/minubaltic.ee\/lt\/wp-json\/wp\/v2\/media?parent=30405"}],"wp:term":[{"taxonomy":"product_brand","embeddable":true,"href":"https:\/\/minubaltic.ee\/lt\/wp-json\/wp\/v2\/product_brand?post=30405"},{"taxonomy":"product_cat","embeddable":true,"href":"https:\/\/minubaltic.ee\/lt\/wp-json\/wp\/v2\/product_cat?post=30405"},{"taxonomy":"product_tag","embeddable":true,"href":"https:\/\/minubaltic.ee\/lt\/wp-json\/wp\/v2\/product_tag?post=30405"}],"curies":[{"name":"wp","href":"https:\/\/api.w.org\/{rel}","templated":true}]}}