{"id":29973,"date":"2024-07-14T03:03:20","date_gmt":"2024-07-14T00:03:20","guid":{"rendered":"https:\/\/minubaltic.ee\/?post_type=product&#038;p=29973"},"modified":"2026-03-15T19:17:49","modified_gmt":"2026-03-15T16:17:49","slug":"antklode-4-sezonai-2","status":"publish","type":"product","link":"https:\/\/minubaltic.ee\/lt\/e-pood\/antklodes\/antklode-4-sezonai-2\/","title":{"rendered":"Antklod\u0117 4 sezonai"},"content":{"rendered":"<ul>\n<li><strong>Prek\u0117s pakuo\u010di\u0173 kiekis:<\/strong> 1 vnt.<\/li>\n<li><strong>Svoris:<\/strong> 3 kg<\/li>\n<li><strong>Dydis:<\/strong> 200\u00d7230 cm<\/li>\n<li><strong>Specifikacija:<\/strong> \u00b15<\/li>\n<li><strong>Sezonas:<\/strong> Visi met\u0173 laikai<\/li>\n<li><strong>Stilius<\/strong>: kin\u0173<\/li>\n<li><strong>Papildoma informacija:<\/strong> Itin mink\u0161tas, patogus, storas, \u0161iltas, pralaidus orui<\/li>\n<li>Produkt\u0173 nuotraukos yra iliustracin\u0117s<\/li>\n<\/ul>\n","protected":false},"excerpt":{"rendered":"<p>\u2740 Antklod\u0117s audinys yra \u0161lifuota medviln\u0117, kuri yra mink\u0161ta ir maloni liesti. Jis nesukelia diskomforto k\u016bnui, neblunka ir yra specialiai sukurtas antklod\u0117ms.<br \/>\n\u2740 Pasirinkta si\u016bl\u0173 medviln\u0117 yra \u0161ilkin\u0117 ir \u0161velni. Jis yra mink\u0161tas liesti, sugeria dr\u0117gm\u0119 ir kv\u0117puoja bei nesitraukia.<\/p>\n","protected":false},"featured_media":29979,"comment_status":"open","ping_status":"closed","template":"","meta":[],"product_brand":[],"product_cat":[549,551],"product_tag":[563,562,557,558,564],"class_list":{"0":"post-29973","1":"product","2":"type-product","3":"status-publish","4":"has-post-thumbnail","6":"product_cat-antklodes","7":"product_cat-antklodes-200-230","8":"product_tag-antklode","9":"product_tag-antklodes","10":"product_tag-apsipirkti-el","11":"product_tag-e-parduotuve","12":"product_tag-tekstile","14":"first","15":"outofstock","16":"shipping-taxable","17":"purchasable","18":"product-type-simple"},"yoast_head":"<!-- This site is optimized with the Yoast SEO plugin v27.4 - https:\/\/yoast.com\/product\/yoast-seo-wordpress\/ -->\n<title>Antklod\u0117 4 sezonai - Antklod\u0117s ir pagalv\u0117s<\/title>\n<meta name=\"description\" content=\"Keturi\u0173 sezon\u0173 antklod\u0117 tinkama naudoti i\u0161tisus metus ir u\u017etikrina optimal\u0173 komfort\u0105 vasar\u0105 ir \u017eiem\u0105. Pagaminta i\u0161 auk\u0161tos kokyb\u0117s med\u017eiag\u0173\" \/>\n<meta name=\"robots\" content=\"index, follow, max-snippet:-1, max-image-preview:large, max-video-preview:-1\" \/>\n<link rel=\"canonical\" href=\"https:\/\/minubaltic.ee\/lt\/e-pood\/antklodes\/antklode-4-sezonai-2\/\" \/>\n<meta property=\"og:locale\" content=\"lt_LT\" \/>\n<meta property=\"og:type\" content=\"article\" \/>\n<meta property=\"og:title\" content=\"Antklod\u0117 4 sezonai - Antklod\u0117s ir pagalv\u0117s\" \/>\n<meta property=\"og:description\" content=\"Keturi\u0173 sezon\u0173 antklod\u0117 tinkama naudoti i\u0161tisus metus ir u\u017etikrina optimal\u0173 komfort\u0105 vasar\u0105 ir \u017eiem\u0105. Pagaminta i\u0161 auk\u0161tos kokyb\u0117s med\u017eiag\u0173\" \/>\n<meta property=\"og:url\" content=\"https:\/\/minubaltic.ee\/lt\/e-pood\/antklodes\/antklode-4-sezonai-2\/\" \/>\n<meta property=\"article:publisher\" content=\"https:\/\/www.facebook.com\/minubaltic\" \/>\n<meta property=\"article:modified_time\" content=\"2026-03-15T16:17:49+00:00\" \/>\n<meta property=\"og:image\" content=\"https:\/\/minubaltic.ee\/wp-content\/uploads\/2024\/07\/4-hooaja-tekk-5.jpg\" \/>\n\t<meta property=\"og:image:width\" content=\"650\" \/>\n\t<meta property=\"og:image:height\" content=\"650\" \/>\n\t<meta property=\"og:image:type\" content=\"image\/jpeg\" \/>\n<meta name=\"twitter:card\" content=\"summary_large_image\" \/>\n<meta name=\"twitter:label1\" content=\"Est. reading time\" \/>\n\t<meta name=\"twitter:data1\" content=\"1 minut\u0117\" \/>\n<script type=\"application\/ld+json\" class=\"yoast-schema-graph\">{\"@context\":\"https:\\\/\\\/schema.org\",\"@graph\":[{\"@type\":\"WebPage\",\"@id\":\"https:\\\/\\\/minubaltic.ee\\\/lt\\\/e-pood\\\/antklodes\\\/antklode-4-sezonai-2\\\/\",\"url\":\"https:\\\/\\\/minubaltic.ee\\\/lt\\\/e-pood\\\/antklodes\\\/antklode-4-sezonai-2\\\/\",\"name\":\"Antklod\u0117 4 sezonai - Antklod\u0117s ir pagalv\u0117s\",\"isPartOf\":{\"@id\":\"https:\\\/\\\/minubaltic.ee\\\/lt\\\/#website\"},\"primaryImageOfPage\":{\"@id\":\"https:\\\/\\\/minubaltic.ee\\\/lt\\\/e-pood\\\/antklodes\\\/antklode-4-sezonai-2\\\/#primaryimage\"},\"image\":{\"@id\":\"https:\\\/\\\/minubaltic.ee\\\/lt\\\/e-pood\\\/antklodes\\\/antklode-4-sezonai-2\\\/#primaryimage\"},\"thumbnailUrl\":\"https:\\\/\\\/minubaltic.ee\\\/wp-content\\\/uploads\\\/2024\\\/07\\\/4-hooaja-tekk-5.jpg\",\"datePublished\":\"2024-07-14T00:03:20+00:00\",\"dateModified\":\"2026-03-15T16:17:49+00:00\",\"description\":\"Keturi\u0173 sezon\u0173 antklod\u0117 tinkama naudoti i\u0161tisus metus ir u\u017etikrina optimal\u0173 komfort\u0105 vasar\u0105 ir \u017eiem\u0105. Pagaminta i\u0161 auk\u0161tos kokyb\u0117s med\u017eiag\u0173\",\"breadcrumb\":{\"@id\":\"https:\\\/\\\/minubaltic.ee\\\/lt\\\/e-pood\\\/antklodes\\\/antklode-4-sezonai-2\\\/#breadcrumb\"},\"inLanguage\":\"lt-LT\",\"potentialAction\":[{\"@type\":\"ReadAction\",\"target\":[\"https:\\\/\\\/minubaltic.ee\\\/lt\\\/e-pood\\\/antklodes\\\/antklode-4-sezonai-2\\\/\"]}]},{\"@type\":\"ImageObject\",\"inLanguage\":\"lt-LT\",\"@id\":\"https:\\\/\\\/minubaltic.ee\\\/lt\\\/e-pood\\\/antklodes\\\/antklode-4-sezonai-2\\\/#primaryimage\",\"url\":\"https:\\\/\\\/minubaltic.ee\\\/wp-content\\\/uploads\\\/2024\\\/07\\\/4-hooaja-tekk-5.jpg\",\"contentUrl\":\"https:\\\/\\\/minubaltic.ee\\\/wp-content\\\/uploads\\\/2024\\\/07\\\/4-hooaja-tekk-5.jpg\",\"width\":650,\"height\":650},{\"@type\":\"BreadcrumbList\",\"@id\":\"https:\\\/\\\/minubaltic.ee\\\/lt\\\/e-pood\\\/antklodes\\\/antklode-4-sezonai-2\\\/#breadcrumb\",\"itemListElement\":[{\"@type\":\"ListItem\",\"position\":1,\"name\":\"Home\",\"item\":\"https:\\\/\\\/minubaltic.ee\\\/lt\\\/\"},{\"@type\":\"ListItem\",\"position\":2,\"name\":\"Parduotuv\u0117\",\"item\":\"https:\\\/\\\/minubaltic.ee\\\/lt\\\/parduotuve\\\/\"},{\"@type\":\"ListItem\",\"position\":3,\"name\":\"Antklod\u0117 4 sezonai\"}]},{\"@type\":\"WebSite\",\"@id\":\"https:\\\/\\\/minubaltic.ee\\\/lt\\\/#website\",\"url\":\"https:\\\/\\\/minubaltic.ee\\\/lt\\\/\",\"name\":\"minubaltic.ee\",\"description\":\"\",\"publisher\":{\"@id\":\"https:\\\/\\\/minubaltic.ee\\\/lt\\\/#organization\"},\"potentialAction\":[{\"@type\":\"SearchAction\",\"target\":{\"@type\":\"EntryPoint\",\"urlTemplate\":\"https:\\\/\\\/minubaltic.ee\\\/lt\\\/?s={search_term_string}\"},\"query-input\":{\"@type\":\"PropertyValueSpecification\",\"valueRequired\":true,\"valueName\":\"search_term_string\"}}],\"inLanguage\":\"lt-LT\"},{\"@type\":\"Organization\",\"@id\":\"https:\\\/\\\/minubaltic.ee\\\/lt\\\/#organization\",\"name\":\"Minu Baltic O\u00dc\",\"url\":\"https:\\\/\\\/minubaltic.ee\\\/lt\\\/\",\"logo\":{\"@type\":\"ImageObject\",\"inLanguage\":\"lt-LT\",\"@id\":\"https:\\\/\\\/minubaltic.ee\\\/lt\\\/#\\\/schema\\\/logo\\\/image\\\/\",\"url\":\"https:\\\/\\\/minubaltic.ee\\\/wp-content\\\/uploads\\\/2023\\\/10\\\/cropped-cropped-cropped-logo.png\",\"contentUrl\":\"https:\\\/\\\/minubaltic.ee\\\/wp-content\\\/uploads\\\/2023\\\/10\\\/cropped-cropped-cropped-logo.png\",\"width\":500,\"height\":237,\"caption\":\"Minu Baltic O\u00dc\"},\"image\":{\"@id\":\"https:\\\/\\\/minubaltic.ee\\\/lt\\\/#\\\/schema\\\/logo\\\/image\\\/\"},\"sameAs\":[\"https:\\\/\\\/www.facebook.com\\\/minubaltic\"]}]}<\/script>\n<!-- \/ Yoast SEO plugin. -->","yoast_head_json":{"title":"Antklod\u0117 4 sezonai - Antklod\u0117s ir pagalv\u0117s","description":"Keturi\u0173 sezon\u0173 antklod\u0117 tinkama naudoti i\u0161tisus metus ir u\u017etikrina optimal\u0173 komfort\u0105 vasar\u0105 ir \u017eiem\u0105. Pagaminta i\u0161 auk\u0161tos kokyb\u0117s med\u017eiag\u0173","robots":{"index":"index","follow":"follow","max-snippet":"max-snippet:-1","max-image-preview":"max-image-preview:large","max-video-preview":"max-video-preview:-1"},"canonical":"https:\/\/minubaltic.ee\/lt\/e-pood\/antklodes\/antklode-4-sezonai-2\/","og_locale":"lt_LT","og_type":"article","og_title":"Antklod\u0117 4 sezonai - Antklod\u0117s ir pagalv\u0117s","og_description":"Keturi\u0173 sezon\u0173 antklod\u0117 tinkama naudoti i\u0161tisus metus ir u\u017etikrina optimal\u0173 komfort\u0105 vasar\u0105 ir \u017eiem\u0105. Pagaminta i\u0161 auk\u0161tos kokyb\u0117s med\u017eiag\u0173","og_url":"https:\/\/minubaltic.ee\/lt\/e-pood\/antklodes\/antklode-4-sezonai-2\/","article_publisher":"https:\/\/www.facebook.com\/minubaltic","article_modified_time":"2026-03-15T16:17:49+00:00","og_image":[{"width":650,"height":650,"url":"https:\/\/minubaltic.ee\/wp-content\/uploads\/2024\/07\/4-hooaja-tekk-5.jpg","type":"image\/jpeg"}],"twitter_card":"summary_large_image","twitter_misc":{"Est. reading time":"1 minut\u0117"},"schema":{"@context":"https:\/\/schema.org","@graph":[{"@type":"WebPage","@id":"https:\/\/minubaltic.ee\/lt\/e-pood\/antklodes\/antklode-4-sezonai-2\/","url":"https:\/\/minubaltic.ee\/lt\/e-pood\/antklodes\/antklode-4-sezonai-2\/","name":"Antklod\u0117 4 sezonai - Antklod\u0117s ir pagalv\u0117s","isPartOf":{"@id":"https:\/\/minubaltic.ee\/lt\/#website"},"primaryImageOfPage":{"@id":"https:\/\/minubaltic.ee\/lt\/e-pood\/antklodes\/antklode-4-sezonai-2\/#primaryimage"},"image":{"@id":"https:\/\/minubaltic.ee\/lt\/e-pood\/antklodes\/antklode-4-sezonai-2\/#primaryimage"},"thumbnailUrl":"https:\/\/minubaltic.ee\/wp-content\/uploads\/2024\/07\/4-hooaja-tekk-5.jpg","datePublished":"2024-07-14T00:03:20+00:00","dateModified":"2026-03-15T16:17:49+00:00","description":"Keturi\u0173 sezon\u0173 antklod\u0117 tinkama naudoti i\u0161tisus metus ir u\u017etikrina optimal\u0173 komfort\u0105 vasar\u0105 ir \u017eiem\u0105. Pagaminta i\u0161 auk\u0161tos kokyb\u0117s med\u017eiag\u0173","breadcrumb":{"@id":"https:\/\/minubaltic.ee\/lt\/e-pood\/antklodes\/antklode-4-sezonai-2\/#breadcrumb"},"inLanguage":"lt-LT","potentialAction":[{"@type":"ReadAction","target":["https:\/\/minubaltic.ee\/lt\/e-pood\/antklodes\/antklode-4-sezonai-2\/"]}]},{"@type":"ImageObject","inLanguage":"lt-LT","@id":"https:\/\/minubaltic.ee\/lt\/e-pood\/antklodes\/antklode-4-sezonai-2\/#primaryimage","url":"https:\/\/minubaltic.ee\/wp-content\/uploads\/2024\/07\/4-hooaja-tekk-5.jpg","contentUrl":"https:\/\/minubaltic.ee\/wp-content\/uploads\/2024\/07\/4-hooaja-tekk-5.jpg","width":650,"height":650},{"@type":"BreadcrumbList","@id":"https:\/\/minubaltic.ee\/lt\/e-pood\/antklodes\/antklode-4-sezonai-2\/#breadcrumb","itemListElement":[{"@type":"ListItem","position":1,"name":"Home","item":"https:\/\/minubaltic.ee\/lt\/"},{"@type":"ListItem","position":2,"name":"Parduotuv\u0117","item":"https:\/\/minubaltic.ee\/lt\/parduotuve\/"},{"@type":"ListItem","position":3,"name":"Antklod\u0117 4 sezonai"}]},{"@type":"WebSite","@id":"https:\/\/minubaltic.ee\/lt\/#website","url":"https:\/\/minubaltic.ee\/lt\/","name":"minubaltic.ee","description":"","publisher":{"@id":"https:\/\/minubaltic.ee\/lt\/#organization"},"potentialAction":[{"@type":"SearchAction","target":{"@type":"EntryPoint","urlTemplate":"https:\/\/minubaltic.ee\/lt\/?s={search_term_string}"},"query-input":{"@type":"PropertyValueSpecification","valueRequired":true,"valueName":"search_term_string"}}],"inLanguage":"lt-LT"},{"@type":"Organization","@id":"https:\/\/minubaltic.ee\/lt\/#organization","name":"Minu Baltic O\u00dc","url":"https:\/\/minubaltic.ee\/lt\/","logo":{"@type":"ImageObject","inLanguage":"lt-LT","@id":"https:\/\/minubaltic.ee\/lt\/#\/schema\/logo\/image\/","url":"https:\/\/minubaltic.ee\/wp-content\/uploads\/2023\/10\/cropped-cropped-cropped-logo.png","contentUrl":"https:\/\/minubaltic.ee\/wp-content\/uploads\/2023\/10\/cropped-cropped-cropped-logo.png","width":500,"height":237,"caption":"Minu Baltic O\u00dc"},"image":{"@id":"https:\/\/minubaltic.ee\/lt\/#\/schema\/logo\/image\/"},"sameAs":["https:\/\/www.facebook.com\/minubaltic"]}]}},"_links":{"self":[{"href":"https:\/\/minubaltic.ee\/lt\/wp-json\/wp\/v2\/product\/29973","targetHints":{"allow":["GET"]}}],"collection":[{"href":"https:\/\/minubaltic.ee\/lt\/wp-json\/wp\/v2\/product"}],"about":[{"href":"https:\/\/minubaltic.ee\/lt\/wp-json\/wp\/v2\/types\/product"}],"replies":[{"embeddable":true,"href":"https:\/\/minubaltic.ee\/lt\/wp-json\/wp\/v2\/comments?post=29973"}],"version-history":[{"count":2,"href":"https:\/\/minubaltic.ee\/lt\/wp-json\/wp\/v2\/product\/29973\/revisions"}],"predecessor-version":[{"id":30002,"href":"https:\/\/minubaltic.ee\/lt\/wp-json\/wp\/v2\/product\/29973\/revisions\/30002"}],"wp:featuredmedia":[{"embeddable":true,"href":"https:\/\/minubaltic.ee\/lt\/wp-json\/wp\/v2\/media\/29979"}],"wp:attachment":[{"href":"https:\/\/minubaltic.ee\/lt\/wp-json\/wp\/v2\/media?parent=29973"}],"wp:term":[{"taxonomy":"product_brand","embeddable":true,"href":"https:\/\/minubaltic.ee\/lt\/wp-json\/wp\/v2\/product_brand?post=29973"},{"taxonomy":"product_cat","embeddable":true,"href":"https:\/\/minubaltic.ee\/lt\/wp-json\/wp\/v2\/product_cat?post=29973"},{"taxonomy":"product_tag","embeddable":true,"href":"https:\/\/minubaltic.ee\/lt\/wp-json\/wp\/v2\/product_tag?post=29973"}],"curies":[{"name":"wp","href":"https:\/\/api.w.org\/{rel}","templated":true}]}}