{"id":29852,"date":"2024-07-10T19:45:43","date_gmt":"2024-07-10T16:45:43","guid":{"rendered":"https:\/\/minubaltic.ee\/?post_type=product&#038;p=29852"},"modified":"2024-07-10T20:00:05","modified_gmt":"2024-07-10T17:00:05","slug":"mikropluosto-patalynes-komplektas-200x230cm-3-daliu-6","status":"publish","type":"product","link":"https:\/\/minubaltic.ee\/lt\/e-pood\/mikropluosto-patalyne\/mikropluosto-patalynes-komplektai\/mikropluosto-patalynes-komplektas-200x230cm-3-daliu-6\/","title":{"rendered":"Mikropluo\u0161to patalyn\u0117s komplektas 200x230cm 3 dali\u0173"},"content":{"rendered":"<ul>\n<li><span class=\"product-attribute__label\"><strong>Audinio sud\u0117tis: <\/strong>100 % mikropluo\u0161tas<\/span><\/li>\n<li><strong>Antklod\u0117s u\u017evalkalas<span class=\"product-attribute__label\">:<\/span><\/strong> 200\u00d7230<\/li>\n<li><strong>Pagalv\u0117s u\u017evalkalas<span class=\"product-attribute__label\">:<\/span><\/strong> 50\u00d775 (2 vnt.)<\/li>\n<li>Produkt\u0173 nuotraukos yra iliustracin\u0117s<\/li>\n<\/ul>\n","protected":false},"excerpt":{"rendered":"<p>Mikropluo\u0161to patalyn\u0117s komplektas pagamintas i\u0161 specialaus mikropluo\u0161to audinio, skirto u\u017ekirsti keli\u0105 mikrob\u0173 ir bakterij\u0173 kaupimuisi ant patalyn\u0117s. Jis apsaugo nuo ne\u0161varum\u0173, d\u0117mi\u0173 ir nemalonaus kvapo bei padeda ilgiau i\u0161laikyti patalyn\u0119 \u0161vie\u017ei\u0105 ir \u0161vari\u0105.<\/p>\n","protected":false},"featured_media":29751,"comment_status":"open","ping_status":"closed","template":"","meta":[],"product_brand":[],"product_cat":[774,780,553,619,614],"product_tag":[557,558,565,564],"class_list":{"0":"post-29852","1":"product","2":"type-product","3":"status-publish","4":"has-post-thumbnail","6":"product_cat-mikropluosto-patalyne","7":"product_cat-mikropluosto-patalynes-komplektai","8":"product_cat-patalynes-komplektai","9":"product_cat-patalynes-komplektai-lt","10":"product_cat-patalynes-komplektai-200-230","11":"product_tag-apsipirkti-el","12":"product_tag-e-parduotuve","13":"product_tag-patalyne","14":"product_tag-tekstile","16":"first","17":"outofstock","18":"sale","19":"shipping-taxable","20":"purchasable","21":"product-type-simple"},"yoast_head":"<!-- This site is optimized with the Yoast SEO plugin v27.3 - https:\/\/yoast.com\/product\/yoast-seo-wordpress\/ -->\n<title>Mikropluo\u0161to patalyn\u0117s komplektas 200x230cm 3 dali\u0173 - Minu Baltic<\/title>\n<meta name=\"description\" content=\"Mikropluo\u0161to patalyn\u0117s komplektas pagamintas i\u0161 specialaus mikropluo\u0161to audinio, skirto u\u017ekirsti keli\u0105 mikrob\u0173 ir bakterij\u0173 kaupimuisi ant patalyn\u0117s.\" \/>\n<meta name=\"robots\" content=\"index, follow, max-snippet:-1, max-image-preview:large, max-video-preview:-1\" \/>\n<link rel=\"canonical\" href=\"https:\/\/minubaltic.ee\/lt\/e-pood\/mikropluosto-patalyne\/mikropluosto-patalynes-komplektai\/mikropluosto-patalynes-komplektas-200x230cm-3-daliu-6\/\" \/>\n<meta property=\"og:locale\" content=\"lt_LT\" \/>\n<meta property=\"og:type\" content=\"article\" \/>\n<meta property=\"og:title\" content=\"Mikropluo\u0161to patalyn\u0117s komplektas 200x230cm 3 dali\u0173 - Minu Baltic\" \/>\n<meta property=\"og:description\" content=\"Mikropluo\u0161to patalyn\u0117s komplektas pagamintas i\u0161 specialaus mikropluo\u0161to audinio, skirto u\u017ekirsti keli\u0105 mikrob\u0173 ir bakterij\u0173 kaupimuisi ant patalyn\u0117s.\" \/>\n<meta property=\"og:url\" content=\"https:\/\/minubaltic.ee\/lt\/e-pood\/mikropluosto-patalyne\/mikropluosto-patalynes-komplektai\/mikropluosto-patalynes-komplektas-200x230cm-3-daliu-6\/\" \/>\n<meta property=\"article:publisher\" content=\"https:\/\/www.facebook.com\/minubaltic\" \/>\n<meta property=\"article:modified_time\" content=\"2024-07-10T17:00:05+00:00\" \/>\n<meta property=\"og:image\" content=\"https:\/\/minubaltic.ee\/wp-content\/uploads\/2024\/07\/Mikrofiibrist-voodipesukomplektid-7.jpg\" \/>\n\t<meta property=\"og:image:width\" content=\"650\" \/>\n\t<meta property=\"og:image:height\" content=\"650\" \/>\n\t<meta property=\"og:image:type\" content=\"image\/jpeg\" \/>\n<meta name=\"twitter:card\" content=\"summary_large_image\" \/>\n<meta name=\"twitter:label1\" content=\"Est. reading time\" \/>\n\t<meta name=\"twitter:data1\" content=\"1 minut\u0117\" \/>\n<script type=\"application\/ld+json\" class=\"yoast-schema-graph\">{\"@context\":\"https:\\\/\\\/schema.org\",\"@graph\":[{\"@type\":\"WebPage\",\"@id\":\"https:\\\/\\\/minubaltic.ee\\\/lt\\\/e-pood\\\/mikropluosto-patalyne\\\/mikropluosto-patalynes-komplektai\\\/mikropluosto-patalynes-komplektas-200x230cm-3-daliu-6\\\/\",\"url\":\"https:\\\/\\\/minubaltic.ee\\\/lt\\\/e-pood\\\/mikropluosto-patalyne\\\/mikropluosto-patalynes-komplektai\\\/mikropluosto-patalynes-komplektas-200x230cm-3-daliu-6\\\/\",\"name\":\"Mikropluo\u0161to patalyn\u0117s komplektas 200x230cm 3 dali\u0173 - Minu Baltic\",\"isPartOf\":{\"@id\":\"https:\\\/\\\/minubaltic.ee\\\/lt\\\/#website\"},\"primaryImageOfPage\":{\"@id\":\"https:\\\/\\\/minubaltic.ee\\\/lt\\\/e-pood\\\/mikropluosto-patalyne\\\/mikropluosto-patalynes-komplektai\\\/mikropluosto-patalynes-komplektas-200x230cm-3-daliu-6\\\/#primaryimage\"},\"image\":{\"@id\":\"https:\\\/\\\/minubaltic.ee\\\/lt\\\/e-pood\\\/mikropluosto-patalyne\\\/mikropluosto-patalynes-komplektai\\\/mikropluosto-patalynes-komplektas-200x230cm-3-daliu-6\\\/#primaryimage\"},\"thumbnailUrl\":\"https:\\\/\\\/minubaltic.ee\\\/wp-content\\\/uploads\\\/2024\\\/07\\\/Mikrofiibrist-voodipesukomplektid-7.jpg\",\"datePublished\":\"2024-07-10T16:45:43+00:00\",\"dateModified\":\"2024-07-10T17:00:05+00:00\",\"description\":\"Mikropluo\u0161to patalyn\u0117s komplektas pagamintas i\u0161 specialaus mikropluo\u0161to audinio, skirto u\u017ekirsti keli\u0105 mikrob\u0173 ir bakterij\u0173 kaupimuisi ant patalyn\u0117s.\",\"breadcrumb\":{\"@id\":\"https:\\\/\\\/minubaltic.ee\\\/lt\\\/e-pood\\\/mikropluosto-patalyne\\\/mikropluosto-patalynes-komplektai\\\/mikropluosto-patalynes-komplektas-200x230cm-3-daliu-6\\\/#breadcrumb\"},\"inLanguage\":\"lt-LT\",\"potentialAction\":[{\"@type\":\"ReadAction\",\"target\":[\"https:\\\/\\\/minubaltic.ee\\\/lt\\\/e-pood\\\/mikropluosto-patalyne\\\/mikropluosto-patalynes-komplektai\\\/mikropluosto-patalynes-komplektas-200x230cm-3-daliu-6\\\/\"]}]},{\"@type\":\"ImageObject\",\"inLanguage\":\"lt-LT\",\"@id\":\"https:\\\/\\\/minubaltic.ee\\\/lt\\\/e-pood\\\/mikropluosto-patalyne\\\/mikropluosto-patalynes-komplektai\\\/mikropluosto-patalynes-komplektas-200x230cm-3-daliu-6\\\/#primaryimage\",\"url\":\"https:\\\/\\\/minubaltic.ee\\\/wp-content\\\/uploads\\\/2024\\\/07\\\/Mikrofiibrist-voodipesukomplektid-7.jpg\",\"contentUrl\":\"https:\\\/\\\/minubaltic.ee\\\/wp-content\\\/uploads\\\/2024\\\/07\\\/Mikrofiibrist-voodipesukomplektid-7.jpg\",\"width\":650,\"height\":650},{\"@type\":\"BreadcrumbList\",\"@id\":\"https:\\\/\\\/minubaltic.ee\\\/lt\\\/e-pood\\\/mikropluosto-patalyne\\\/mikropluosto-patalynes-komplektai\\\/mikropluosto-patalynes-komplektas-200x230cm-3-daliu-6\\\/#breadcrumb\",\"itemListElement\":[{\"@type\":\"ListItem\",\"position\":1,\"name\":\"Home\",\"item\":\"https:\\\/\\\/minubaltic.ee\\\/lt\\\/\"},{\"@type\":\"ListItem\",\"position\":2,\"name\":\"Parduotuv\u0117\",\"item\":\"https:\\\/\\\/minubaltic.ee\\\/lt\\\/parduotuve\\\/\"},{\"@type\":\"ListItem\",\"position\":3,\"name\":\"Mikropluo\u0161to patalyn\u0117s komplektas 200x230cm 3 dali\u0173\"}]},{\"@type\":\"WebSite\",\"@id\":\"https:\\\/\\\/minubaltic.ee\\\/lt\\\/#website\",\"url\":\"https:\\\/\\\/minubaltic.ee\\\/lt\\\/\",\"name\":\"minubaltic.ee\",\"description\":\"\",\"publisher\":{\"@id\":\"https:\\\/\\\/minubaltic.ee\\\/lt\\\/#organization\"},\"potentialAction\":[{\"@type\":\"SearchAction\",\"target\":{\"@type\":\"EntryPoint\",\"urlTemplate\":\"https:\\\/\\\/minubaltic.ee\\\/lt\\\/?s={search_term_string}\"},\"query-input\":{\"@type\":\"PropertyValueSpecification\",\"valueRequired\":true,\"valueName\":\"search_term_string\"}}],\"inLanguage\":\"lt-LT\"},{\"@type\":\"Organization\",\"@id\":\"https:\\\/\\\/minubaltic.ee\\\/lt\\\/#organization\",\"name\":\"Minu Baltic O\u00dc\",\"url\":\"https:\\\/\\\/minubaltic.ee\\\/lt\\\/\",\"logo\":{\"@type\":\"ImageObject\",\"inLanguage\":\"lt-LT\",\"@id\":\"https:\\\/\\\/minubaltic.ee\\\/lt\\\/#\\\/schema\\\/logo\\\/image\\\/\",\"url\":\"https:\\\/\\\/minubaltic.ee\\\/wp-content\\\/uploads\\\/2023\\\/10\\\/cropped-cropped-cropped-logo.png\",\"contentUrl\":\"https:\\\/\\\/minubaltic.ee\\\/wp-content\\\/uploads\\\/2023\\\/10\\\/cropped-cropped-cropped-logo.png\",\"width\":500,\"height\":237,\"caption\":\"Minu Baltic O\u00dc\"},\"image\":{\"@id\":\"https:\\\/\\\/minubaltic.ee\\\/lt\\\/#\\\/schema\\\/logo\\\/image\\\/\"},\"sameAs\":[\"https:\\\/\\\/www.facebook.com\\\/minubaltic\"]}]}<\/script>\n<!-- \/ Yoast SEO plugin. -->","yoast_head_json":{"title":"Mikropluo\u0161to patalyn\u0117s komplektas 200x230cm 3 dali\u0173 - Minu Baltic","description":"Mikropluo\u0161to patalyn\u0117s komplektas pagamintas i\u0161 specialaus mikropluo\u0161to audinio, skirto u\u017ekirsti keli\u0105 mikrob\u0173 ir bakterij\u0173 kaupimuisi ant patalyn\u0117s.","robots":{"index":"index","follow":"follow","max-snippet":"max-snippet:-1","max-image-preview":"max-image-preview:large","max-video-preview":"max-video-preview:-1"},"canonical":"https:\/\/minubaltic.ee\/lt\/e-pood\/mikropluosto-patalyne\/mikropluosto-patalynes-komplektai\/mikropluosto-patalynes-komplektas-200x230cm-3-daliu-6\/","og_locale":"lt_LT","og_type":"article","og_title":"Mikropluo\u0161to patalyn\u0117s komplektas 200x230cm 3 dali\u0173 - Minu Baltic","og_description":"Mikropluo\u0161to patalyn\u0117s komplektas pagamintas i\u0161 specialaus mikropluo\u0161to audinio, skirto u\u017ekirsti keli\u0105 mikrob\u0173 ir bakterij\u0173 kaupimuisi ant patalyn\u0117s.","og_url":"https:\/\/minubaltic.ee\/lt\/e-pood\/mikropluosto-patalyne\/mikropluosto-patalynes-komplektai\/mikropluosto-patalynes-komplektas-200x230cm-3-daliu-6\/","article_publisher":"https:\/\/www.facebook.com\/minubaltic","article_modified_time":"2024-07-10T17:00:05+00:00","og_image":[{"width":650,"height":650,"url":"https:\/\/minubaltic.ee\/wp-content\/uploads\/2024\/07\/Mikrofiibrist-voodipesukomplektid-7.jpg","type":"image\/jpeg"}],"twitter_card":"summary_large_image","twitter_misc":{"Est. reading time":"1 minut\u0117"},"schema":{"@context":"https:\/\/schema.org","@graph":[{"@type":"WebPage","@id":"https:\/\/minubaltic.ee\/lt\/e-pood\/mikropluosto-patalyne\/mikropluosto-patalynes-komplektai\/mikropluosto-patalynes-komplektas-200x230cm-3-daliu-6\/","url":"https:\/\/minubaltic.ee\/lt\/e-pood\/mikropluosto-patalyne\/mikropluosto-patalynes-komplektai\/mikropluosto-patalynes-komplektas-200x230cm-3-daliu-6\/","name":"Mikropluo\u0161to patalyn\u0117s komplektas 200x230cm 3 dali\u0173 - Minu Baltic","isPartOf":{"@id":"https:\/\/minubaltic.ee\/lt\/#website"},"primaryImageOfPage":{"@id":"https:\/\/minubaltic.ee\/lt\/e-pood\/mikropluosto-patalyne\/mikropluosto-patalynes-komplektai\/mikropluosto-patalynes-komplektas-200x230cm-3-daliu-6\/#primaryimage"},"image":{"@id":"https:\/\/minubaltic.ee\/lt\/e-pood\/mikropluosto-patalyne\/mikropluosto-patalynes-komplektai\/mikropluosto-patalynes-komplektas-200x230cm-3-daliu-6\/#primaryimage"},"thumbnailUrl":"https:\/\/minubaltic.ee\/wp-content\/uploads\/2024\/07\/Mikrofiibrist-voodipesukomplektid-7.jpg","datePublished":"2024-07-10T16:45:43+00:00","dateModified":"2024-07-10T17:00:05+00:00","description":"Mikropluo\u0161to patalyn\u0117s komplektas pagamintas i\u0161 specialaus mikropluo\u0161to audinio, skirto u\u017ekirsti keli\u0105 mikrob\u0173 ir bakterij\u0173 kaupimuisi ant patalyn\u0117s.","breadcrumb":{"@id":"https:\/\/minubaltic.ee\/lt\/e-pood\/mikropluosto-patalyne\/mikropluosto-patalynes-komplektai\/mikropluosto-patalynes-komplektas-200x230cm-3-daliu-6\/#breadcrumb"},"inLanguage":"lt-LT","potentialAction":[{"@type":"ReadAction","target":["https:\/\/minubaltic.ee\/lt\/e-pood\/mikropluosto-patalyne\/mikropluosto-patalynes-komplektai\/mikropluosto-patalynes-komplektas-200x230cm-3-daliu-6\/"]}]},{"@type":"ImageObject","inLanguage":"lt-LT","@id":"https:\/\/minubaltic.ee\/lt\/e-pood\/mikropluosto-patalyne\/mikropluosto-patalynes-komplektai\/mikropluosto-patalynes-komplektas-200x230cm-3-daliu-6\/#primaryimage","url":"https:\/\/minubaltic.ee\/wp-content\/uploads\/2024\/07\/Mikrofiibrist-voodipesukomplektid-7.jpg","contentUrl":"https:\/\/minubaltic.ee\/wp-content\/uploads\/2024\/07\/Mikrofiibrist-voodipesukomplektid-7.jpg","width":650,"height":650},{"@type":"BreadcrumbList","@id":"https:\/\/minubaltic.ee\/lt\/e-pood\/mikropluosto-patalyne\/mikropluosto-patalynes-komplektai\/mikropluosto-patalynes-komplektas-200x230cm-3-daliu-6\/#breadcrumb","itemListElement":[{"@type":"ListItem","position":1,"name":"Home","item":"https:\/\/minubaltic.ee\/lt\/"},{"@type":"ListItem","position":2,"name":"Parduotuv\u0117","item":"https:\/\/minubaltic.ee\/lt\/parduotuve\/"},{"@type":"ListItem","position":3,"name":"Mikropluo\u0161to patalyn\u0117s komplektas 200x230cm 3 dali\u0173"}]},{"@type":"WebSite","@id":"https:\/\/minubaltic.ee\/lt\/#website","url":"https:\/\/minubaltic.ee\/lt\/","name":"minubaltic.ee","description":"","publisher":{"@id":"https:\/\/minubaltic.ee\/lt\/#organization"},"potentialAction":[{"@type":"SearchAction","target":{"@type":"EntryPoint","urlTemplate":"https:\/\/minubaltic.ee\/lt\/?s={search_term_string}"},"query-input":{"@type":"PropertyValueSpecification","valueRequired":true,"valueName":"search_term_string"}}],"inLanguage":"lt-LT"},{"@type":"Organization","@id":"https:\/\/minubaltic.ee\/lt\/#organization","name":"Minu Baltic O\u00dc","url":"https:\/\/minubaltic.ee\/lt\/","logo":{"@type":"ImageObject","inLanguage":"lt-LT","@id":"https:\/\/minubaltic.ee\/lt\/#\/schema\/logo\/image\/","url":"https:\/\/minubaltic.ee\/wp-content\/uploads\/2023\/10\/cropped-cropped-cropped-logo.png","contentUrl":"https:\/\/minubaltic.ee\/wp-content\/uploads\/2023\/10\/cropped-cropped-cropped-logo.png","width":500,"height":237,"caption":"Minu Baltic O\u00dc"},"image":{"@id":"https:\/\/minubaltic.ee\/lt\/#\/schema\/logo\/image\/"},"sameAs":["https:\/\/www.facebook.com\/minubaltic"]}]}},"_links":{"self":[{"href":"https:\/\/minubaltic.ee\/lt\/wp-json\/wp\/v2\/product\/29852","targetHints":{"allow":["GET"]}}],"collection":[{"href":"https:\/\/minubaltic.ee\/lt\/wp-json\/wp\/v2\/product"}],"about":[{"href":"https:\/\/minubaltic.ee\/lt\/wp-json\/wp\/v2\/types\/product"}],"replies":[{"embeddable":true,"href":"https:\/\/minubaltic.ee\/lt\/wp-json\/wp\/v2\/comments?post=29852"}],"version-history":[{"count":2,"href":"https:\/\/minubaltic.ee\/lt\/wp-json\/wp\/v2\/product\/29852\/revisions"}],"predecessor-version":[{"id":29878,"href":"https:\/\/minubaltic.ee\/lt\/wp-json\/wp\/v2\/product\/29852\/revisions\/29878"}],"wp:featuredmedia":[{"embeddable":true,"href":"https:\/\/minubaltic.ee\/lt\/wp-json\/wp\/v2\/media\/29751"}],"wp:attachment":[{"href":"https:\/\/minubaltic.ee\/lt\/wp-json\/wp\/v2\/media?parent=29852"}],"wp:term":[{"taxonomy":"product_brand","embeddable":true,"href":"https:\/\/minubaltic.ee\/lt\/wp-json\/wp\/v2\/product_brand?post=29852"},{"taxonomy":"product_cat","embeddable":true,"href":"https:\/\/minubaltic.ee\/lt\/wp-json\/wp\/v2\/product_cat?post=29852"},{"taxonomy":"product_tag","embeddable":true,"href":"https:\/\/minubaltic.ee\/lt\/wp-json\/wp\/v2\/product_tag?post=29852"}],"curies":[{"name":"wp","href":"https:\/\/api.w.org\/{rel}","templated":true}]}}