{"id":29424,"date":"2024-07-05T02:33:23","date_gmt":"2024-07-04T23:33:23","guid":{"rendered":"https:\/\/minubaltic.ee\/?post_type=product&#038;p=29424"},"modified":"2024-07-13T00:00:32","modified_gmt":"2024-07-12T21:00:32","slug":"serpas-vilnone-antklode-200x230-smelio-spalvos","status":"publish","type":"product","link":"https:\/\/minubaltic.ee\/lt\/e-pood\/serpu-antklodes\/serpu-antklodes-200-230\/serpas-vilnone-antklode-200x230-smelio-spalvos\/","title":{"rendered":"\u0160erpas vilnon\u0117 antklod\u0117 200&#215;230 (sm\u0117lio spalvos)"},"content":{"rendered":"<ul>\n<li><span class=\"product-attribute__label\"><span class=\"product-attribute__label\"><strong>Audinio sud\u0117tis <\/strong>: \u0160erpa vilna<\/span><\/span><\/li>\n<li><strong>Prek\u0117s pakuo\u010di\u0173 kiekis:<\/strong> 1 vnt.<\/li>\n<li><strong>Svoris: <\/strong>1,8 kg<\/li>\n<li><strong>Dydis:<\/strong> 200\u00d7230 cm<\/li>\n<li><strong>Specifikacija:<\/strong> <b>\u00b1<\/b>1-5<\/li>\n<li><strong>Sezonas:<\/strong> Visi met\u0173 laikai<\/li>\n<li><strong>Papildoma informacija<\/strong>: Itin mink\u0161tas, patogus, \u0161iltas, pralaidus orui<\/li>\n<li>Produkt\u0173 nuotraukos yra iliustracin\u0117s<\/li>\n<\/ul>\n","protected":false},"excerpt":{"rendered":"<p>\u2605 &#8222;Sherpa&#8221; vilnon\u0117s antklod\u0117s gars\u0117ja puikia i\u0161vaizda, kokybe ir mink\u0161tumu. Antklod\u0117s mink\u0161tumas suteikia komforto ir jaukumo miegant ir i\u0161laiko \u0161ilum\u0105 net v\u0117sesniais vakarais.<br \/>\n\u2605 &#8222;Sherpa&#8221; vilnon\u0117s antklod\u0117s yra \u012fvairi\u0173 spalv\u0173, kad tikt\u0173 bet kokiam interjerui. Antklod\u0117s pagamintos i\u0161 auk\u0161tos kokyb\u0117s med\u017eiag\u0173, tod\u0117l yra patvarios ir ilgai naudojamos.<br \/>\n\u2605 Jei ie\u0161kote stilingo ir patogaus savo nam\u0173 papildymo, tikrai verta atkreipti d\u0117mes\u012f \u012f &#8222;Sherpa&#8221; vilnos antklodes. D\u0117l savo unikalios i\u0161vaizdos, kokyb\u0117s ir mink\u0161tumo jie puikiai tinka bet kokiam nam\u0173 interjerui.<br \/>\n\u2605 Ypa\u010d mink\u0161tos antklod\u0117s yra puiki dovana j\u016bs\u0173 \u0161eimai ir draugams, kad v\u0117siais vakarais gal\u0117tum\u0117te m\u0117gautis \u0161iluma ir komfortu.<\/p>\n","protected":false},"featured_media":29014,"comment_status":"open","ping_status":"closed","template":"","meta":[],"product_brand":[],"product_cat":[549,551,548,759],"product_tag":[563,562,557,558,564],"class_list":{"0":"post-29424","1":"product","2":"type-product","3":"status-publish","4":"has-post-thumbnail","6":"product_cat-antklodes","7":"product_cat-antklodes-200-230","8":"product_cat-serpu-antklodes","9":"product_cat-serpu-antklodes-200-230","10":"product_tag-antklode","11":"product_tag-antklodes","12":"product_tag-apsipirkti-el","13":"product_tag-e-parduotuve","14":"product_tag-tekstile","16":"first","17":"instock","18":"shipping-taxable","19":"purchasable","20":"product-type-simple"},"yoast_head":"<!-- This site is optimized with the Yoast SEO plugin v27.3 - https:\/\/yoast.com\/product\/yoast-seo-wordpress\/ -->\n<title>\u0160erpas vilnon\u0117 antklod\u0117 200x230 (sm\u0117lio spalvos) - pirkti su nuolaida<\/title>\n<meta name=\"description\" content=\"Sherpa antklod\u0117 200x230 yra mink\u0161ta ir \u0161ilta antklod\u0117, puikiai tinkanti \u0161altoms naktims. Jis pagamintas i\u0161 auk\u0161tos kokyb\u0117s med\u017eiag\u0173 ir u\u017etikrina komfort....\" \/>\n<meta name=\"robots\" content=\"index, follow, max-snippet:-1, max-image-preview:large, max-video-preview:-1\" \/>\n<link rel=\"canonical\" href=\"https:\/\/minubaltic.ee\/lt\/e-pood\/serpu-antklodes\/serpu-antklodes-200-230\/serpas-vilnone-antklode-200x230-smelio-spalvos\/\" \/>\n<meta property=\"og:locale\" content=\"lt_LT\" \/>\n<meta property=\"og:type\" content=\"article\" \/>\n<meta property=\"og:title\" content=\"\u0160erpas vilnon\u0117 antklod\u0117 200x230 (sm\u0117lio spalvos) - pirkti su nuolaida\" \/>\n<meta property=\"og:description\" content=\"Sherpa antklod\u0117 200x230 yra mink\u0161ta ir \u0161ilta antklod\u0117, puikiai tinkanti \u0161altoms naktims. Jis pagamintas i\u0161 auk\u0161tos kokyb\u0117s med\u017eiag\u0173 ir u\u017etikrina komfort....\" \/>\n<meta property=\"og:url\" content=\"https:\/\/minubaltic.ee\/lt\/e-pood\/serpu-antklodes\/serpu-antklodes-200-230\/serpas-vilnone-antklode-200x230-smelio-spalvos\/\" \/>\n<meta property=\"article:publisher\" content=\"https:\/\/www.facebook.com\/minubaltic\" \/>\n<meta property=\"article:modified_time\" content=\"2024-07-12T21:00:32+00:00\" \/>\n<meta property=\"og:image\" content=\"https:\/\/minubaltic.ee\/wp-content\/uploads\/2024\/07\/Sherpa-tekk-3-1.jpg\" \/>\n\t<meta property=\"og:image:width\" content=\"800\" \/>\n\t<meta property=\"og:image:height\" content=\"800\" \/>\n\t<meta property=\"og:image:type\" content=\"image\/jpeg\" \/>\n<meta name=\"twitter:card\" content=\"summary_large_image\" \/>\n<meta name=\"twitter:label1\" content=\"Est. reading time\" \/>\n\t<meta name=\"twitter:data1\" content=\"1 minut\u0117\" \/>\n<script type=\"application\/ld+json\" class=\"yoast-schema-graph\">{\"@context\":\"https:\\\/\\\/schema.org\",\"@graph\":[{\"@type\":\"WebPage\",\"@id\":\"https:\\\/\\\/minubaltic.ee\\\/lt\\\/e-pood\\\/serpu-antklodes\\\/serpu-antklodes-200-230\\\/serpas-vilnone-antklode-200x230-smelio-spalvos\\\/\",\"url\":\"https:\\\/\\\/minubaltic.ee\\\/lt\\\/e-pood\\\/serpu-antklodes\\\/serpu-antklodes-200-230\\\/serpas-vilnone-antklode-200x230-smelio-spalvos\\\/\",\"name\":\"\u0160erpas vilnon\u0117 antklod\u0117 200x230 (sm\u0117lio spalvos) - pirkti su nuolaida\",\"isPartOf\":{\"@id\":\"https:\\\/\\\/minubaltic.ee\\\/lt\\\/#website\"},\"primaryImageOfPage\":{\"@id\":\"https:\\\/\\\/minubaltic.ee\\\/lt\\\/e-pood\\\/serpu-antklodes\\\/serpu-antklodes-200-230\\\/serpas-vilnone-antklode-200x230-smelio-spalvos\\\/#primaryimage\"},\"image\":{\"@id\":\"https:\\\/\\\/minubaltic.ee\\\/lt\\\/e-pood\\\/serpu-antklodes\\\/serpu-antklodes-200-230\\\/serpas-vilnone-antklode-200x230-smelio-spalvos\\\/#primaryimage\"},\"thumbnailUrl\":\"https:\\\/\\\/minubaltic.ee\\\/wp-content\\\/uploads\\\/2024\\\/07\\\/Sherpa-tekk-3-1.jpg\",\"datePublished\":\"2024-07-04T23:33:23+00:00\",\"dateModified\":\"2024-07-12T21:00:32+00:00\",\"description\":\"Sherpa antklod\u0117 200x230 yra mink\u0161ta ir \u0161ilta antklod\u0117, puikiai tinkanti \u0161altoms naktims. Jis pagamintas i\u0161 auk\u0161tos kokyb\u0117s med\u017eiag\u0173 ir u\u017etikrina komfort....\",\"breadcrumb\":{\"@id\":\"https:\\\/\\\/minubaltic.ee\\\/lt\\\/e-pood\\\/serpu-antklodes\\\/serpu-antklodes-200-230\\\/serpas-vilnone-antklode-200x230-smelio-spalvos\\\/#breadcrumb\"},\"inLanguage\":\"lt-LT\",\"potentialAction\":[{\"@type\":\"ReadAction\",\"target\":[\"https:\\\/\\\/minubaltic.ee\\\/lt\\\/e-pood\\\/serpu-antklodes\\\/serpu-antklodes-200-230\\\/serpas-vilnone-antklode-200x230-smelio-spalvos\\\/\"]}]},{\"@type\":\"ImageObject\",\"inLanguage\":\"lt-LT\",\"@id\":\"https:\\\/\\\/minubaltic.ee\\\/lt\\\/e-pood\\\/serpu-antklodes\\\/serpu-antklodes-200-230\\\/serpas-vilnone-antklode-200x230-smelio-spalvos\\\/#primaryimage\",\"url\":\"https:\\\/\\\/minubaltic.ee\\\/wp-content\\\/uploads\\\/2024\\\/07\\\/Sherpa-tekk-3-1.jpg\",\"contentUrl\":\"https:\\\/\\\/minubaltic.ee\\\/wp-content\\\/uploads\\\/2024\\\/07\\\/Sherpa-tekk-3-1.jpg\",\"width\":800,\"height\":800},{\"@type\":\"BreadcrumbList\",\"@id\":\"https:\\\/\\\/minubaltic.ee\\\/lt\\\/e-pood\\\/serpu-antklodes\\\/serpu-antklodes-200-230\\\/serpas-vilnone-antklode-200x230-smelio-spalvos\\\/#breadcrumb\",\"itemListElement\":[{\"@type\":\"ListItem\",\"position\":1,\"name\":\"Home\",\"item\":\"https:\\\/\\\/minubaltic.ee\\\/lt\\\/\"},{\"@type\":\"ListItem\",\"position\":2,\"name\":\"Parduotuv\u0117\",\"item\":\"https:\\\/\\\/minubaltic.ee\\\/lt\\\/parduotuve\\\/\"},{\"@type\":\"ListItem\",\"position\":3,\"name\":\"\u0160erpas vilnon\u0117 antklod\u0117 200&#215;230 (sm\u0117lio spalvos)\"}]},{\"@type\":\"WebSite\",\"@id\":\"https:\\\/\\\/minubaltic.ee\\\/lt\\\/#website\",\"url\":\"https:\\\/\\\/minubaltic.ee\\\/lt\\\/\",\"name\":\"minubaltic.ee\",\"description\":\"\",\"publisher\":{\"@id\":\"https:\\\/\\\/minubaltic.ee\\\/lt\\\/#organization\"},\"potentialAction\":[{\"@type\":\"SearchAction\",\"target\":{\"@type\":\"EntryPoint\",\"urlTemplate\":\"https:\\\/\\\/minubaltic.ee\\\/lt\\\/?s={search_term_string}\"},\"query-input\":{\"@type\":\"PropertyValueSpecification\",\"valueRequired\":true,\"valueName\":\"search_term_string\"}}],\"inLanguage\":\"lt-LT\"},{\"@type\":\"Organization\",\"@id\":\"https:\\\/\\\/minubaltic.ee\\\/lt\\\/#organization\",\"name\":\"Minu Baltic O\u00dc\",\"url\":\"https:\\\/\\\/minubaltic.ee\\\/lt\\\/\",\"logo\":{\"@type\":\"ImageObject\",\"inLanguage\":\"lt-LT\",\"@id\":\"https:\\\/\\\/minubaltic.ee\\\/lt\\\/#\\\/schema\\\/logo\\\/image\\\/\",\"url\":\"https:\\\/\\\/minubaltic.ee\\\/wp-content\\\/uploads\\\/2023\\\/10\\\/cropped-cropped-cropped-logo.png\",\"contentUrl\":\"https:\\\/\\\/minubaltic.ee\\\/wp-content\\\/uploads\\\/2023\\\/10\\\/cropped-cropped-cropped-logo.png\",\"width\":500,\"height\":237,\"caption\":\"Minu Baltic O\u00dc\"},\"image\":{\"@id\":\"https:\\\/\\\/minubaltic.ee\\\/lt\\\/#\\\/schema\\\/logo\\\/image\\\/\"},\"sameAs\":[\"https:\\\/\\\/www.facebook.com\\\/minubaltic\"]}]}<\/script>\n<!-- \/ Yoast SEO plugin. -->","yoast_head_json":{"title":"\u0160erpas vilnon\u0117 antklod\u0117 200x230 (sm\u0117lio spalvos) - pirkti su nuolaida","description":"Sherpa antklod\u0117 200x230 yra mink\u0161ta ir \u0161ilta antklod\u0117, puikiai tinkanti \u0161altoms naktims. Jis pagamintas i\u0161 auk\u0161tos kokyb\u0117s med\u017eiag\u0173 ir u\u017etikrina komfort....","robots":{"index":"index","follow":"follow","max-snippet":"max-snippet:-1","max-image-preview":"max-image-preview:large","max-video-preview":"max-video-preview:-1"},"canonical":"https:\/\/minubaltic.ee\/lt\/e-pood\/serpu-antklodes\/serpu-antklodes-200-230\/serpas-vilnone-antklode-200x230-smelio-spalvos\/","og_locale":"lt_LT","og_type":"article","og_title":"\u0160erpas vilnon\u0117 antklod\u0117 200x230 (sm\u0117lio spalvos) - pirkti su nuolaida","og_description":"Sherpa antklod\u0117 200x230 yra mink\u0161ta ir \u0161ilta antklod\u0117, puikiai tinkanti \u0161altoms naktims. Jis pagamintas i\u0161 auk\u0161tos kokyb\u0117s med\u017eiag\u0173 ir u\u017etikrina komfort....","og_url":"https:\/\/minubaltic.ee\/lt\/e-pood\/serpu-antklodes\/serpu-antklodes-200-230\/serpas-vilnone-antklode-200x230-smelio-spalvos\/","article_publisher":"https:\/\/www.facebook.com\/minubaltic","article_modified_time":"2024-07-12T21:00:32+00:00","og_image":[{"width":800,"height":800,"url":"https:\/\/minubaltic.ee\/wp-content\/uploads\/2024\/07\/Sherpa-tekk-3-1.jpg","type":"image\/jpeg"}],"twitter_card":"summary_large_image","twitter_misc":{"Est. reading time":"1 minut\u0117"},"schema":{"@context":"https:\/\/schema.org","@graph":[{"@type":"WebPage","@id":"https:\/\/minubaltic.ee\/lt\/e-pood\/serpu-antklodes\/serpu-antklodes-200-230\/serpas-vilnone-antklode-200x230-smelio-spalvos\/","url":"https:\/\/minubaltic.ee\/lt\/e-pood\/serpu-antklodes\/serpu-antklodes-200-230\/serpas-vilnone-antklode-200x230-smelio-spalvos\/","name":"\u0160erpas vilnon\u0117 antklod\u0117 200x230 (sm\u0117lio spalvos) - pirkti su nuolaida","isPartOf":{"@id":"https:\/\/minubaltic.ee\/lt\/#website"},"primaryImageOfPage":{"@id":"https:\/\/minubaltic.ee\/lt\/e-pood\/serpu-antklodes\/serpu-antklodes-200-230\/serpas-vilnone-antklode-200x230-smelio-spalvos\/#primaryimage"},"image":{"@id":"https:\/\/minubaltic.ee\/lt\/e-pood\/serpu-antklodes\/serpu-antklodes-200-230\/serpas-vilnone-antklode-200x230-smelio-spalvos\/#primaryimage"},"thumbnailUrl":"https:\/\/minubaltic.ee\/wp-content\/uploads\/2024\/07\/Sherpa-tekk-3-1.jpg","datePublished":"2024-07-04T23:33:23+00:00","dateModified":"2024-07-12T21:00:32+00:00","description":"Sherpa antklod\u0117 200x230 yra mink\u0161ta ir \u0161ilta antklod\u0117, puikiai tinkanti \u0161altoms naktims. Jis pagamintas i\u0161 auk\u0161tos kokyb\u0117s med\u017eiag\u0173 ir u\u017etikrina komfort....","breadcrumb":{"@id":"https:\/\/minubaltic.ee\/lt\/e-pood\/serpu-antklodes\/serpu-antklodes-200-230\/serpas-vilnone-antklode-200x230-smelio-spalvos\/#breadcrumb"},"inLanguage":"lt-LT","potentialAction":[{"@type":"ReadAction","target":["https:\/\/minubaltic.ee\/lt\/e-pood\/serpu-antklodes\/serpu-antklodes-200-230\/serpas-vilnone-antklode-200x230-smelio-spalvos\/"]}]},{"@type":"ImageObject","inLanguage":"lt-LT","@id":"https:\/\/minubaltic.ee\/lt\/e-pood\/serpu-antklodes\/serpu-antklodes-200-230\/serpas-vilnone-antklode-200x230-smelio-spalvos\/#primaryimage","url":"https:\/\/minubaltic.ee\/wp-content\/uploads\/2024\/07\/Sherpa-tekk-3-1.jpg","contentUrl":"https:\/\/minubaltic.ee\/wp-content\/uploads\/2024\/07\/Sherpa-tekk-3-1.jpg","width":800,"height":800},{"@type":"BreadcrumbList","@id":"https:\/\/minubaltic.ee\/lt\/e-pood\/serpu-antklodes\/serpu-antklodes-200-230\/serpas-vilnone-antklode-200x230-smelio-spalvos\/#breadcrumb","itemListElement":[{"@type":"ListItem","position":1,"name":"Home","item":"https:\/\/minubaltic.ee\/lt\/"},{"@type":"ListItem","position":2,"name":"Parduotuv\u0117","item":"https:\/\/minubaltic.ee\/lt\/parduotuve\/"},{"@type":"ListItem","position":3,"name":"\u0160erpas vilnon\u0117 antklod\u0117 200&#215;230 (sm\u0117lio spalvos)"}]},{"@type":"WebSite","@id":"https:\/\/minubaltic.ee\/lt\/#website","url":"https:\/\/minubaltic.ee\/lt\/","name":"minubaltic.ee","description":"","publisher":{"@id":"https:\/\/minubaltic.ee\/lt\/#organization"},"potentialAction":[{"@type":"SearchAction","target":{"@type":"EntryPoint","urlTemplate":"https:\/\/minubaltic.ee\/lt\/?s={search_term_string}"},"query-input":{"@type":"PropertyValueSpecification","valueRequired":true,"valueName":"search_term_string"}}],"inLanguage":"lt-LT"},{"@type":"Organization","@id":"https:\/\/minubaltic.ee\/lt\/#organization","name":"Minu Baltic O\u00dc","url":"https:\/\/minubaltic.ee\/lt\/","logo":{"@type":"ImageObject","inLanguage":"lt-LT","@id":"https:\/\/minubaltic.ee\/lt\/#\/schema\/logo\/image\/","url":"https:\/\/minubaltic.ee\/wp-content\/uploads\/2023\/10\/cropped-cropped-cropped-logo.png","contentUrl":"https:\/\/minubaltic.ee\/wp-content\/uploads\/2023\/10\/cropped-cropped-cropped-logo.png","width":500,"height":237,"caption":"Minu Baltic O\u00dc"},"image":{"@id":"https:\/\/minubaltic.ee\/lt\/#\/schema\/logo\/image\/"},"sameAs":["https:\/\/www.facebook.com\/minubaltic"]}]}},"_links":{"self":[{"href":"https:\/\/minubaltic.ee\/lt\/wp-json\/wp\/v2\/product\/29424","targetHints":{"allow":["GET"]}}],"collection":[{"href":"https:\/\/minubaltic.ee\/lt\/wp-json\/wp\/v2\/product"}],"about":[{"href":"https:\/\/minubaltic.ee\/lt\/wp-json\/wp\/v2\/types\/product"}],"replies":[{"embeddable":true,"href":"https:\/\/minubaltic.ee\/lt\/wp-json\/wp\/v2\/comments?post=29424"}],"version-history":[{"count":2,"href":"https:\/\/minubaltic.ee\/lt\/wp-json\/wp\/v2\/product\/29424\/revisions"}],"predecessor-version":[{"id":29492,"href":"https:\/\/minubaltic.ee\/lt\/wp-json\/wp\/v2\/product\/29424\/revisions\/29492"}],"wp:featuredmedia":[{"embeddable":true,"href":"https:\/\/minubaltic.ee\/lt\/wp-json\/wp\/v2\/media\/29014"}],"wp:attachment":[{"href":"https:\/\/minubaltic.ee\/lt\/wp-json\/wp\/v2\/media?parent=29424"}],"wp:term":[{"taxonomy":"product_brand","embeddable":true,"href":"https:\/\/minubaltic.ee\/lt\/wp-json\/wp\/v2\/product_brand?post=29424"},{"taxonomy":"product_cat","embeddable":true,"href":"https:\/\/minubaltic.ee\/lt\/wp-json\/wp\/v2\/product_cat?post=29424"},{"taxonomy":"product_tag","embeddable":true,"href":"https:\/\/minubaltic.ee\/lt\/wp-json\/wp\/v2\/product_tag?post=29424"}],"curies":[{"name":"wp","href":"https:\/\/api.w.org\/{rel}","templated":true}]}}