{"id":28055,"date":"2024-06-18T18:38:57","date_gmt":"2024-06-18T15:38:57","guid":{"rendered":"https:\/\/minubaltic.ee\/?post_type=product&#038;p=28055"},"modified":"2024-06-18T19:23:19","modified_gmt":"2024-06-18T16:23:19","slug":"patalynes-komplektas-is-satino-medvilnes-200x220-11","status":"publish","type":"product","link":"https:\/\/minubaltic.ee\/lt\/e-pood\/patalynes-komplektai\/patalynes-komplektas-is-satino-medvilnes-200x220-11\/","title":{"rendered":"Patalyn\u0117s komplektas i\u0161 satino medviln\u0117s 200\u00d7220"},"content":{"rendered":"<ul>\n<li><span class=\"product-attribute__label\"><strong>Audinio sud\u0117tis: <\/strong>100 % medvilninis satinas<\/span><\/li>\n<li><strong>Antklod\u0117s u\u017evalkalas<span class=\"product-attribute__label\">:<\/span><\/strong> 200\u00d7220<\/li>\n<li><strong>Paklod\u0117<span class=\"product-attribute__label\">:<\/span><\/strong> 200\u00d7230<\/li>\n<li><strong>Pagalv\u0117s u\u017evalkalas<span class=\"product-attribute__label\">:<\/span><\/strong> 70\u00d780 (2 vnt.)<\/li>\n<li>Produkt\u0173 nuotraukos yra iliustracin\u0117s<\/li>\n<\/ul>\n","protected":false},"excerpt":{"rendered":"<p>200\u00d7220 (Antklod\u0117s u\u017evalkalas 200\u00d7220, Paklod\u0117 200\u00d7230, 2 Pagalv\u0117s u\u017evalkalas 70\u00d780)<\/p>\n","protected":false},"featured_media":28060,"comment_status":"open","ping_status":"closed","template":"","meta":[],"product_brand":[],"product_cat":[553,555],"product_tag":[557,558,565,564],"class_list":{"0":"post-28055","1":"product","2":"type-product","3":"status-publish","4":"has-post-thumbnail","6":"product_cat-patalynes-komplektai","7":"product_cat-patalynes-komplektai-200-220","8":"product_tag-apsipirkti-el","9":"product_tag-e-parduotuve","10":"product_tag-patalyne","11":"product_tag-tekstile","13":"first","14":"outofstock","15":"sale","16":"shipping-taxable","17":"purchasable","18":"product-type-simple"},"yoast_head":"<!-- This site is optimized with the Yoast SEO plugin v27.3 - https:\/\/yoast.com\/product\/yoast-seo-wordpress\/ -->\n<title>Patalyn\u0117s komplektas i\u0161 satino medviln\u0117s 200\u00d7220 - 15\u20ac<\/title>\n<meta name=\"description\" content=\"Patalyn\u0117s komplektai ir kiti nam\u0173 tekstil\u0117s gaminiai, platus asortimentas, greitas pristatymas ir ma\u017eos kainos. Minu Baltic O\u00dc Patalyn\u0117s komplektas 200*220\" \/>\n<meta name=\"robots\" content=\"index, follow, max-snippet:-1, max-image-preview:large, max-video-preview:-1\" \/>\n<link rel=\"canonical\" href=\"https:\/\/minubaltic.ee\/lt\/e-pood\/patalynes-komplektai\/patalynes-komplektas-is-satino-medvilnes-200x220-11\/\" \/>\n<meta property=\"og:locale\" content=\"lt_LT\" \/>\n<meta property=\"og:type\" content=\"article\" \/>\n<meta property=\"og:title\" content=\"Patalyn\u0117s komplektas i\u0161 satino medviln\u0117s 200\u00d7220 - 15\u20ac\" \/>\n<meta property=\"og:description\" content=\"Patalyn\u0117s komplektai ir kiti nam\u0173 tekstil\u0117s gaminiai, platus asortimentas, greitas pristatymas ir ma\u017eos kainos. Minu Baltic O\u00dc Patalyn\u0117s komplektas 200*220\" \/>\n<meta property=\"og:url\" content=\"https:\/\/minubaltic.ee\/lt\/e-pood\/patalynes-komplektai\/patalynes-komplektas-is-satino-medvilnes-200x220-11\/\" \/>\n<meta property=\"article:publisher\" content=\"https:\/\/www.facebook.com\/minubaltic\" \/>\n<meta property=\"article:modified_time\" content=\"2024-06-18T16:23:19+00:00\" \/>\n<meta property=\"og:image\" content=\"https:\/\/minubaltic.ee\/wp-content\/uploads\/2024\/06\/Voodipesukompelkt-puuvillsatiin-11.jpg\" \/>\n\t<meta property=\"og:image:width\" content=\"640\" \/>\n\t<meta property=\"og:image:height\" content=\"640\" \/>\n\t<meta property=\"og:image:type\" content=\"image\/jpeg\" \/>\n<meta name=\"twitter:card\" content=\"summary_large_image\" \/>\n<meta name=\"twitter:label1\" content=\"Est. reading time\" \/>\n\t<meta name=\"twitter:data1\" content=\"1 minut\u0117\" \/>\n<script type=\"application\/ld+json\" class=\"yoast-schema-graph\">{\"@context\":\"https:\\\/\\\/schema.org\",\"@graph\":[{\"@type\":\"WebPage\",\"@id\":\"https:\\\/\\\/minubaltic.ee\\\/lt\\\/e-pood\\\/patalynes-komplektai\\\/patalynes-komplektas-is-satino-medvilnes-200x220-11\\\/\",\"url\":\"https:\\\/\\\/minubaltic.ee\\\/lt\\\/e-pood\\\/patalynes-komplektai\\\/patalynes-komplektas-is-satino-medvilnes-200x220-11\\\/\",\"name\":\"Patalyn\u0117s komplektas i\u0161 satino medviln\u0117s 200\u00d7220 - 15\u20ac\",\"isPartOf\":{\"@id\":\"https:\\\/\\\/minubaltic.ee\\\/lt\\\/#website\"},\"primaryImageOfPage\":{\"@id\":\"https:\\\/\\\/minubaltic.ee\\\/lt\\\/e-pood\\\/patalynes-komplektai\\\/patalynes-komplektas-is-satino-medvilnes-200x220-11\\\/#primaryimage\"},\"image\":{\"@id\":\"https:\\\/\\\/minubaltic.ee\\\/lt\\\/e-pood\\\/patalynes-komplektai\\\/patalynes-komplektas-is-satino-medvilnes-200x220-11\\\/#primaryimage\"},\"thumbnailUrl\":\"https:\\\/\\\/minubaltic.ee\\\/wp-content\\\/uploads\\\/2024\\\/06\\\/Voodipesukompelkt-puuvillsatiin-11.jpg\",\"datePublished\":\"2024-06-18T15:38:57+00:00\",\"dateModified\":\"2024-06-18T16:23:19+00:00\",\"description\":\"Patalyn\u0117s komplektai ir kiti nam\u0173 tekstil\u0117s gaminiai, platus asortimentas, greitas pristatymas ir ma\u017eos kainos. Minu Baltic O\u00dc Patalyn\u0117s komplektas 200*220\",\"breadcrumb\":{\"@id\":\"https:\\\/\\\/minubaltic.ee\\\/lt\\\/e-pood\\\/patalynes-komplektai\\\/patalynes-komplektas-is-satino-medvilnes-200x220-11\\\/#breadcrumb\"},\"inLanguage\":\"lt-LT\",\"potentialAction\":[{\"@type\":\"ReadAction\",\"target\":[\"https:\\\/\\\/minubaltic.ee\\\/lt\\\/e-pood\\\/patalynes-komplektai\\\/patalynes-komplektas-is-satino-medvilnes-200x220-11\\\/\"]}]},{\"@type\":\"ImageObject\",\"inLanguage\":\"lt-LT\",\"@id\":\"https:\\\/\\\/minubaltic.ee\\\/lt\\\/e-pood\\\/patalynes-komplektai\\\/patalynes-komplektas-is-satino-medvilnes-200x220-11\\\/#primaryimage\",\"url\":\"https:\\\/\\\/minubaltic.ee\\\/wp-content\\\/uploads\\\/2024\\\/06\\\/Voodipesukompelkt-puuvillsatiin-11.jpg\",\"contentUrl\":\"https:\\\/\\\/minubaltic.ee\\\/wp-content\\\/uploads\\\/2024\\\/06\\\/Voodipesukompelkt-puuvillsatiin-11.jpg\",\"width\":640,\"height\":640},{\"@type\":\"BreadcrumbList\",\"@id\":\"https:\\\/\\\/minubaltic.ee\\\/lt\\\/e-pood\\\/patalynes-komplektai\\\/patalynes-komplektas-is-satino-medvilnes-200x220-11\\\/#breadcrumb\",\"itemListElement\":[{\"@type\":\"ListItem\",\"position\":1,\"name\":\"Home\",\"item\":\"https:\\\/\\\/minubaltic.ee\\\/lt\\\/\"},{\"@type\":\"ListItem\",\"position\":2,\"name\":\"Parduotuv\u0117\",\"item\":\"https:\\\/\\\/minubaltic.ee\\\/lt\\\/parduotuve\\\/\"},{\"@type\":\"ListItem\",\"position\":3,\"name\":\"Patalyn\u0117s komplektas i\u0161 satino medviln\u0117s 200\u00d7220\"}]},{\"@type\":\"WebSite\",\"@id\":\"https:\\\/\\\/minubaltic.ee\\\/lt\\\/#website\",\"url\":\"https:\\\/\\\/minubaltic.ee\\\/lt\\\/\",\"name\":\"minubaltic.ee\",\"description\":\"\",\"publisher\":{\"@id\":\"https:\\\/\\\/minubaltic.ee\\\/lt\\\/#organization\"},\"potentialAction\":[{\"@type\":\"SearchAction\",\"target\":{\"@type\":\"EntryPoint\",\"urlTemplate\":\"https:\\\/\\\/minubaltic.ee\\\/lt\\\/?s={search_term_string}\"},\"query-input\":{\"@type\":\"PropertyValueSpecification\",\"valueRequired\":true,\"valueName\":\"search_term_string\"}}],\"inLanguage\":\"lt-LT\"},{\"@type\":\"Organization\",\"@id\":\"https:\\\/\\\/minubaltic.ee\\\/lt\\\/#organization\",\"name\":\"Minu Baltic O\u00dc\",\"url\":\"https:\\\/\\\/minubaltic.ee\\\/lt\\\/\",\"logo\":{\"@type\":\"ImageObject\",\"inLanguage\":\"lt-LT\",\"@id\":\"https:\\\/\\\/minubaltic.ee\\\/lt\\\/#\\\/schema\\\/logo\\\/image\\\/\",\"url\":\"https:\\\/\\\/minubaltic.ee\\\/wp-content\\\/uploads\\\/2023\\\/10\\\/cropped-cropped-cropped-logo.png\",\"contentUrl\":\"https:\\\/\\\/minubaltic.ee\\\/wp-content\\\/uploads\\\/2023\\\/10\\\/cropped-cropped-cropped-logo.png\",\"width\":500,\"height\":237,\"caption\":\"Minu Baltic O\u00dc\"},\"image\":{\"@id\":\"https:\\\/\\\/minubaltic.ee\\\/lt\\\/#\\\/schema\\\/logo\\\/image\\\/\"},\"sameAs\":[\"https:\\\/\\\/www.facebook.com\\\/minubaltic\"]}]}<\/script>\n<!-- \/ Yoast SEO plugin. -->","yoast_head_json":{"title":"Patalyn\u0117s komplektas i\u0161 satino medviln\u0117s 200\u00d7220 - 15\u20ac","description":"Patalyn\u0117s komplektai ir kiti nam\u0173 tekstil\u0117s gaminiai, platus asortimentas, greitas pristatymas ir ma\u017eos kainos. Minu Baltic O\u00dc Patalyn\u0117s komplektas 200*220","robots":{"index":"index","follow":"follow","max-snippet":"max-snippet:-1","max-image-preview":"max-image-preview:large","max-video-preview":"max-video-preview:-1"},"canonical":"https:\/\/minubaltic.ee\/lt\/e-pood\/patalynes-komplektai\/patalynes-komplektas-is-satino-medvilnes-200x220-11\/","og_locale":"lt_LT","og_type":"article","og_title":"Patalyn\u0117s komplektas i\u0161 satino medviln\u0117s 200\u00d7220 - 15\u20ac","og_description":"Patalyn\u0117s komplektai ir kiti nam\u0173 tekstil\u0117s gaminiai, platus asortimentas, greitas pristatymas ir ma\u017eos kainos. Minu Baltic O\u00dc Patalyn\u0117s komplektas 200*220","og_url":"https:\/\/minubaltic.ee\/lt\/e-pood\/patalynes-komplektai\/patalynes-komplektas-is-satino-medvilnes-200x220-11\/","article_publisher":"https:\/\/www.facebook.com\/minubaltic","article_modified_time":"2024-06-18T16:23:19+00:00","og_image":[{"width":640,"height":640,"url":"https:\/\/minubaltic.ee\/wp-content\/uploads\/2024\/06\/Voodipesukompelkt-puuvillsatiin-11.jpg","type":"image\/jpeg"}],"twitter_card":"summary_large_image","twitter_misc":{"Est. reading time":"1 minut\u0117"},"schema":{"@context":"https:\/\/schema.org","@graph":[{"@type":"WebPage","@id":"https:\/\/minubaltic.ee\/lt\/e-pood\/patalynes-komplektai\/patalynes-komplektas-is-satino-medvilnes-200x220-11\/","url":"https:\/\/minubaltic.ee\/lt\/e-pood\/patalynes-komplektai\/patalynes-komplektas-is-satino-medvilnes-200x220-11\/","name":"Patalyn\u0117s komplektas i\u0161 satino medviln\u0117s 200\u00d7220 - 15\u20ac","isPartOf":{"@id":"https:\/\/minubaltic.ee\/lt\/#website"},"primaryImageOfPage":{"@id":"https:\/\/minubaltic.ee\/lt\/e-pood\/patalynes-komplektai\/patalynes-komplektas-is-satino-medvilnes-200x220-11\/#primaryimage"},"image":{"@id":"https:\/\/minubaltic.ee\/lt\/e-pood\/patalynes-komplektai\/patalynes-komplektas-is-satino-medvilnes-200x220-11\/#primaryimage"},"thumbnailUrl":"https:\/\/minubaltic.ee\/wp-content\/uploads\/2024\/06\/Voodipesukompelkt-puuvillsatiin-11.jpg","datePublished":"2024-06-18T15:38:57+00:00","dateModified":"2024-06-18T16:23:19+00:00","description":"Patalyn\u0117s komplektai ir kiti nam\u0173 tekstil\u0117s gaminiai, platus asortimentas, greitas pristatymas ir ma\u017eos kainos. Minu Baltic O\u00dc Patalyn\u0117s komplektas 200*220","breadcrumb":{"@id":"https:\/\/minubaltic.ee\/lt\/e-pood\/patalynes-komplektai\/patalynes-komplektas-is-satino-medvilnes-200x220-11\/#breadcrumb"},"inLanguage":"lt-LT","potentialAction":[{"@type":"ReadAction","target":["https:\/\/minubaltic.ee\/lt\/e-pood\/patalynes-komplektai\/patalynes-komplektas-is-satino-medvilnes-200x220-11\/"]}]},{"@type":"ImageObject","inLanguage":"lt-LT","@id":"https:\/\/minubaltic.ee\/lt\/e-pood\/patalynes-komplektai\/patalynes-komplektas-is-satino-medvilnes-200x220-11\/#primaryimage","url":"https:\/\/minubaltic.ee\/wp-content\/uploads\/2024\/06\/Voodipesukompelkt-puuvillsatiin-11.jpg","contentUrl":"https:\/\/minubaltic.ee\/wp-content\/uploads\/2024\/06\/Voodipesukompelkt-puuvillsatiin-11.jpg","width":640,"height":640},{"@type":"BreadcrumbList","@id":"https:\/\/minubaltic.ee\/lt\/e-pood\/patalynes-komplektai\/patalynes-komplektas-is-satino-medvilnes-200x220-11\/#breadcrumb","itemListElement":[{"@type":"ListItem","position":1,"name":"Home","item":"https:\/\/minubaltic.ee\/lt\/"},{"@type":"ListItem","position":2,"name":"Parduotuv\u0117","item":"https:\/\/minubaltic.ee\/lt\/parduotuve\/"},{"@type":"ListItem","position":3,"name":"Patalyn\u0117s komplektas i\u0161 satino medviln\u0117s 200\u00d7220"}]},{"@type":"WebSite","@id":"https:\/\/minubaltic.ee\/lt\/#website","url":"https:\/\/minubaltic.ee\/lt\/","name":"minubaltic.ee","description":"","publisher":{"@id":"https:\/\/minubaltic.ee\/lt\/#organization"},"potentialAction":[{"@type":"SearchAction","target":{"@type":"EntryPoint","urlTemplate":"https:\/\/minubaltic.ee\/lt\/?s={search_term_string}"},"query-input":{"@type":"PropertyValueSpecification","valueRequired":true,"valueName":"search_term_string"}}],"inLanguage":"lt-LT"},{"@type":"Organization","@id":"https:\/\/minubaltic.ee\/lt\/#organization","name":"Minu Baltic O\u00dc","url":"https:\/\/minubaltic.ee\/lt\/","logo":{"@type":"ImageObject","inLanguage":"lt-LT","@id":"https:\/\/minubaltic.ee\/lt\/#\/schema\/logo\/image\/","url":"https:\/\/minubaltic.ee\/wp-content\/uploads\/2023\/10\/cropped-cropped-cropped-logo.png","contentUrl":"https:\/\/minubaltic.ee\/wp-content\/uploads\/2023\/10\/cropped-cropped-cropped-logo.png","width":500,"height":237,"caption":"Minu Baltic O\u00dc"},"image":{"@id":"https:\/\/minubaltic.ee\/lt\/#\/schema\/logo\/image\/"},"sameAs":["https:\/\/www.facebook.com\/minubaltic"]}]}},"_links":{"self":[{"href":"https:\/\/minubaltic.ee\/lt\/wp-json\/wp\/v2\/product\/28055","targetHints":{"allow":["GET"]}}],"collection":[{"href":"https:\/\/minubaltic.ee\/lt\/wp-json\/wp\/v2\/product"}],"about":[{"href":"https:\/\/minubaltic.ee\/lt\/wp-json\/wp\/v2\/types\/product"}],"replies":[{"embeddable":true,"href":"https:\/\/minubaltic.ee\/lt\/wp-json\/wp\/v2\/comments?post=28055"}],"version-history":[{"count":2,"href":"https:\/\/minubaltic.ee\/lt\/wp-json\/wp\/v2\/product\/28055\/revisions"}],"predecessor-version":[{"id":28270,"href":"https:\/\/minubaltic.ee\/lt\/wp-json\/wp\/v2\/product\/28055\/revisions\/28270"}],"wp:featuredmedia":[{"embeddable":true,"href":"https:\/\/minubaltic.ee\/lt\/wp-json\/wp\/v2\/media\/28060"}],"wp:attachment":[{"href":"https:\/\/minubaltic.ee\/lt\/wp-json\/wp\/v2\/media?parent=28055"}],"wp:term":[{"taxonomy":"product_brand","embeddable":true,"href":"https:\/\/minubaltic.ee\/lt\/wp-json\/wp\/v2\/product_brand?post=28055"},{"taxonomy":"product_cat","embeddable":true,"href":"https:\/\/minubaltic.ee\/lt\/wp-json\/wp\/v2\/product_cat?post=28055"},{"taxonomy":"product_tag","embeddable":true,"href":"https:\/\/minubaltic.ee\/lt\/wp-json\/wp\/v2\/product_tag?post=28055"}],"curies":[{"name":"wp","href":"https:\/\/api.w.org\/{rel}","templated":true}]}}