{"id":26918,"date":"2024-06-01T00:41:08","date_gmt":"2024-05-31T21:41:08","guid":{"rendered":"https:\/\/minubaltic.ee\/?post_type=product&#038;p=26918"},"modified":"2024-07-07T02:33:51","modified_gmt":"2024-07-06T23:33:51","slug":"kanapiu-pagalves-uzvalkalas-tamsiai-zalias","status":"publish","type":"product","link":"https:\/\/minubaltic.ee\/lt\/e-pood\/patalynes-komplektai\/kanapiu-pagalves-uzvalkalas-tamsiai-zalias\/","title":{"rendered":"Kanapi\u0173 pagalv\u0117s u\u017evalkalas &#8211; Tamsiai \u017ealias"},"content":{"rendered":"<p>100% kanapi\u0173 pagalv\u0117s u\u017evalkalas yra hipoalergi\u0161kas ir antibakterinis.<\/p>\n<p><strong>Spalva:<\/strong> Tamsiai \u017ealias<br \/>\n<strong>Med\u017eiaga:<\/strong> 100% Kanap\u0117s, 180 g\/m2<br \/>\n<strong>Dydis:<\/strong> Priklauso nuo j\u016bs\u0173 pasirinkimo<\/p>\n<p>Kanapi\u0173 pagalv\u0117s u\u017evalkalo pasirinkimas yra puikus pasirinkimas kiekvienam, kuris vertina nat\u016bralias med\u017eiagas ir r\u016bpinasi savo sveikata.<\/p>\n","protected":false},"excerpt":{"rendered":"<p>Nat\u016bralus kanapi\u0173 blizgesys suteikia pagalv\u0117s u\u017evalkalui eleganti\u0161k\u0105 ir prabang\u0173 vaizd\u0105, kuris puikiai tiks bet kuriame miegamajame. Kanap\u0117s suteikia pagalv\u0117s u\u017evalkalui patvarumo ir ilgaam\u017ei\u0161kumo, kartu yra ekologi\u0161kas pasirinkimas.<\/p>\n<p>Kanapi\u0173 pagalv\u0117s u\u017evalkalo naudojimas prisideda prie geresn\u0117s sveikatos ir gerov\u0117s, nes u\u017etikrina geresn\u012f mieg\u0105. D\u0117l nat\u016brali\u0173 kanapi\u0173 pagalv\u0117s u\u017evalkal\u0173 savybi\u0173 jis yra idealus pasirinkimas alergi\u0161kiems ir astma sergantiems \u017emon\u0117ms, nes kanap\u0117s yra med\u017eiaga, kuri atbaido bakterijas. Be to, kanap\u0117s turi antibakterini\u0173 savybi\u0173, kurios padeda i\u0161laikyti pagalv\u0117s u\u017evalkal\u0105 \u0161var\u0173 ir higieni\u0161k\u0105.<\/p>\n<p><img loading=\"lazy\" decoding=\"async\" class=\" wd-lazy-fade alignnone wp-image-21480\" src=\"https:\/\/minubaltic.ee\/wp-content\/themes\/woodmart\/images\/lazy.svg\" data-src=\"https:\/\/minubaltic.ee\/wp-content\/uploads\/2024\/03\/image-removebg-preview-70-400x264.png\" alt=\"\" width=\"156\" height=\"103\" srcset=\"\" data-srcset=\"https:\/\/minubaltic.ee\/wp-content\/uploads\/2024\/03\/image-removebg-preview-70-400x264.png 400w, https:\/\/minubaltic.ee\/wp-content\/uploads\/2024\/03\/image-removebg-preview-70-430x284.png 430w, https:\/\/minubaltic.ee\/wp-content\/uploads\/2024\/03\/image-removebg-preview-70-150x99.png 150w, https:\/\/minubaltic.ee\/wp-content\/uploads\/2024\/03\/image-removebg-preview-70.png 615w\" sizes=\"auto, (max-width: 156px) 100vw, 156px\" \/><img loading=\"lazy\" decoding=\"async\" class=\" wd-lazy-fade alignnone wp-image-26544\" src=\"https:\/\/minubaltic.ee\/wp-content\/themes\/woodmart\/images\/lazy.svg\" data-src=\"https:\/\/minubaltic.ee\/wp-content\/uploads\/2024\/05\/hemp-logo-300x300.png\" alt=\"\" width=\"92\" height=\"92\" srcset=\"\" data-srcset=\"https:\/\/minubaltic.ee\/wp-content\/uploads\/2024\/05\/hemp-logo-300x300.png 300w, https:\/\/minubaltic.ee\/wp-content\/uploads\/2024\/05\/hemp-logo-800x800.png 800w, https:\/\/minubaltic.ee\/wp-content\/uploads\/2024\/05\/hemp-logo-150x150.png 150w, https:\/\/minubaltic.ee\/wp-content\/uploads\/2024\/05\/hemp-logo-768x768.png 768w, https:\/\/minubaltic.ee\/wp-content\/uploads\/2024\/05\/hemp-logo-430x430.png 430w, https:\/\/minubaltic.ee\/wp-content\/uploads\/2024\/05\/hemp-logo-700x700.png 700w, https:\/\/minubaltic.ee\/wp-content\/uploads\/2024\/05\/hemp-logo.png 940w\" sizes=\"auto, (max-width: 92px) 100vw, 92px\" \/><\/p>\n","protected":false},"featured_media":26925,"comment_status":"open","ping_status":"closed","template":"","meta":[],"product_brand":[],"product_cat":[768,707,694,553],"product_tag":[558,559],"class_list":{"0":"post-26918","1":"product","2":"type-product","3":"status-publish","4":"has-post-thumbnail","6":"product_cat-ekologiska-patalyne","7":"product_cat-kanapiu-pagalviu-uzvalkalai","8":"product_cat-kanapiu-patalyne","9":"product_cat-patalynes-komplektai","10":"product_tag-e-parduotuve","11":"product_tag-namu-tekstile","13":"first","14":"instock","15":"shipping-taxable","16":"purchasable","17":"product-type-variable"},"yoast_head":"<!-- This site is optimized with the Yoast SEO plugin v27.3 - https:\/\/yoast.com\/product\/yoast-seo-wordpress\/ -->\n<title>Kanapi\u0173 pagalv\u0117s u\u017evalkalas - Tamsiai \u017ealias - 100% Kanapi\u0173<\/title>\n<meta name=\"description\" content=\"Atraskite Ka\u0146epju spilvendr\u0101na \u2013 ekologi\u0161k\u0105, patvari\u0105 ir nat\u016braliai mink\u0161t\u0105. Pagerinkite miego kokyb\u0119 naudodami m\u016bs\u0173 patalyn\u0119, pagamint\u0105...\" \/>\n<meta name=\"robots\" content=\"index, follow, max-snippet:-1, max-image-preview:large, max-video-preview:-1\" \/>\n<link rel=\"canonical\" href=\"https:\/\/minubaltic.ee\/lt\/e-pood\/patalynes-komplektai\/kanapiu-pagalves-uzvalkalas-tamsiai-zalias\/\" \/>\n<meta property=\"og:locale\" content=\"lt_LT\" \/>\n<meta property=\"og:type\" content=\"article\" \/>\n<meta property=\"og:title\" content=\"Kanapi\u0173 pagalv\u0117s u\u017evalkalas - Tamsiai \u017ealias - 100% Kanapi\u0173\" \/>\n<meta property=\"og:description\" content=\"Atraskite Ka\u0146epju spilvendr\u0101na \u2013 ekologi\u0161k\u0105, patvari\u0105 ir nat\u016braliai mink\u0161t\u0105. Pagerinkite miego kokyb\u0119 naudodami m\u016bs\u0173 patalyn\u0119, pagamint\u0105...\" \/>\n<meta property=\"og:url\" content=\"https:\/\/minubaltic.ee\/lt\/e-pood\/patalynes-komplektai\/kanapiu-pagalves-uzvalkalas-tamsiai-zalias\/\" \/>\n<meta property=\"article:publisher\" content=\"https:\/\/www.facebook.com\/minubaltic\" \/>\n<meta property=\"article:modified_time\" content=\"2024-07-06T23:33:51+00:00\" \/>\n<meta property=\"og:image\" content=\"https:\/\/minubaltic.ee\/wp-content\/uploads\/2024\/06\/kanep-padjapuur-2.png\" \/>\n\t<meta property=\"og:image:width\" content=\"1000\" \/>\n\t<meta property=\"og:image:height\" content=\"1000\" \/>\n\t<meta property=\"og:image:type\" content=\"image\/png\" \/>\n<meta name=\"twitter:card\" content=\"summary_large_image\" \/>\n<meta name=\"twitter:label1\" content=\"Est. reading time\" \/>\n\t<meta name=\"twitter:data1\" content=\"1 minut\u0117\" \/>\n<script type=\"application\/ld+json\" class=\"yoast-schema-graph\">{\"@context\":\"https:\\\/\\\/schema.org\",\"@graph\":[{\"@type\":\"WebPage\",\"@id\":\"https:\\\/\\\/minubaltic.ee\\\/lt\\\/e-pood\\\/patalynes-komplektai\\\/kanapiu-pagalves-uzvalkalas-tamsiai-zalias\\\/\",\"url\":\"https:\\\/\\\/minubaltic.ee\\\/lt\\\/e-pood\\\/patalynes-komplektai\\\/kanapiu-pagalves-uzvalkalas-tamsiai-zalias\\\/\",\"name\":\"Kanapi\u0173 pagalv\u0117s u\u017evalkalas - Tamsiai \u017ealias - 100% Kanapi\u0173\",\"isPartOf\":{\"@id\":\"https:\\\/\\\/minubaltic.ee\\\/lt\\\/#website\"},\"primaryImageOfPage\":{\"@id\":\"https:\\\/\\\/minubaltic.ee\\\/lt\\\/e-pood\\\/patalynes-komplektai\\\/kanapiu-pagalves-uzvalkalas-tamsiai-zalias\\\/#primaryimage\"},\"image\":{\"@id\":\"https:\\\/\\\/minubaltic.ee\\\/lt\\\/e-pood\\\/patalynes-komplektai\\\/kanapiu-pagalves-uzvalkalas-tamsiai-zalias\\\/#primaryimage\"},\"thumbnailUrl\":\"https:\\\/\\\/minubaltic.ee\\\/wp-content\\\/uploads\\\/2024\\\/06\\\/kanep-padjapuur-2.png\",\"datePublished\":\"2024-05-31T21:41:08+00:00\",\"dateModified\":\"2024-07-06T23:33:51+00:00\",\"description\":\"Atraskite Ka\u0146epju spilvendr\u0101na \u2013 ekologi\u0161k\u0105, patvari\u0105 ir nat\u016braliai mink\u0161t\u0105. Pagerinkite miego kokyb\u0119 naudodami m\u016bs\u0173 patalyn\u0119, pagamint\u0105...\",\"breadcrumb\":{\"@id\":\"https:\\\/\\\/minubaltic.ee\\\/lt\\\/e-pood\\\/patalynes-komplektai\\\/kanapiu-pagalves-uzvalkalas-tamsiai-zalias\\\/#breadcrumb\"},\"inLanguage\":\"lt-LT\",\"potentialAction\":[{\"@type\":\"ReadAction\",\"target\":[\"https:\\\/\\\/minubaltic.ee\\\/lt\\\/e-pood\\\/patalynes-komplektai\\\/kanapiu-pagalves-uzvalkalas-tamsiai-zalias\\\/\"]}]},{\"@type\":\"ImageObject\",\"inLanguage\":\"lt-LT\",\"@id\":\"https:\\\/\\\/minubaltic.ee\\\/lt\\\/e-pood\\\/patalynes-komplektai\\\/kanapiu-pagalves-uzvalkalas-tamsiai-zalias\\\/#primaryimage\",\"url\":\"https:\\\/\\\/minubaltic.ee\\\/wp-content\\\/uploads\\\/2024\\\/06\\\/kanep-padjapuur-2.png\",\"contentUrl\":\"https:\\\/\\\/minubaltic.ee\\\/wp-content\\\/uploads\\\/2024\\\/06\\\/kanep-padjapuur-2.png\",\"width\":1000,\"height\":1000},{\"@type\":\"BreadcrumbList\",\"@id\":\"https:\\\/\\\/minubaltic.ee\\\/lt\\\/e-pood\\\/patalynes-komplektai\\\/kanapiu-pagalves-uzvalkalas-tamsiai-zalias\\\/#breadcrumb\",\"itemListElement\":[{\"@type\":\"ListItem\",\"position\":1,\"name\":\"Home\",\"item\":\"https:\\\/\\\/minubaltic.ee\\\/lt\\\/\"},{\"@type\":\"ListItem\",\"position\":2,\"name\":\"Parduotuv\u0117\",\"item\":\"https:\\\/\\\/minubaltic.ee\\\/lt\\\/parduotuve\\\/\"},{\"@type\":\"ListItem\",\"position\":3,\"name\":\"Kanapi\u0173 pagalv\u0117s u\u017evalkalas &#8211; Tamsiai \u017ealias\"}]},{\"@type\":\"WebSite\",\"@id\":\"https:\\\/\\\/minubaltic.ee\\\/lt\\\/#website\",\"url\":\"https:\\\/\\\/minubaltic.ee\\\/lt\\\/\",\"name\":\"minubaltic.ee\",\"description\":\"\",\"publisher\":{\"@id\":\"https:\\\/\\\/minubaltic.ee\\\/lt\\\/#organization\"},\"potentialAction\":[{\"@type\":\"SearchAction\",\"target\":{\"@type\":\"EntryPoint\",\"urlTemplate\":\"https:\\\/\\\/minubaltic.ee\\\/lt\\\/?s={search_term_string}\"},\"query-input\":{\"@type\":\"PropertyValueSpecification\",\"valueRequired\":true,\"valueName\":\"search_term_string\"}}],\"inLanguage\":\"lt-LT\"},{\"@type\":\"Organization\",\"@id\":\"https:\\\/\\\/minubaltic.ee\\\/lt\\\/#organization\",\"name\":\"Minu Baltic O\u00dc\",\"url\":\"https:\\\/\\\/minubaltic.ee\\\/lt\\\/\",\"logo\":{\"@type\":\"ImageObject\",\"inLanguage\":\"lt-LT\",\"@id\":\"https:\\\/\\\/minubaltic.ee\\\/lt\\\/#\\\/schema\\\/logo\\\/image\\\/\",\"url\":\"https:\\\/\\\/minubaltic.ee\\\/wp-content\\\/uploads\\\/2023\\\/10\\\/cropped-cropped-cropped-logo.png\",\"contentUrl\":\"https:\\\/\\\/minubaltic.ee\\\/wp-content\\\/uploads\\\/2023\\\/10\\\/cropped-cropped-cropped-logo.png\",\"width\":500,\"height\":237,\"caption\":\"Minu Baltic O\u00dc\"},\"image\":{\"@id\":\"https:\\\/\\\/minubaltic.ee\\\/lt\\\/#\\\/schema\\\/logo\\\/image\\\/\"},\"sameAs\":[\"https:\\\/\\\/www.facebook.com\\\/minubaltic\"]}]}<\/script>\n<!-- \/ Yoast SEO plugin. -->","yoast_head_json":{"title":"Kanapi\u0173 pagalv\u0117s u\u017evalkalas - Tamsiai \u017ealias - 100% Kanapi\u0173","description":"Atraskite Ka\u0146epju spilvendr\u0101na \u2013 ekologi\u0161k\u0105, patvari\u0105 ir nat\u016braliai mink\u0161t\u0105. Pagerinkite miego kokyb\u0119 naudodami m\u016bs\u0173 patalyn\u0119, pagamint\u0105...","robots":{"index":"index","follow":"follow","max-snippet":"max-snippet:-1","max-image-preview":"max-image-preview:large","max-video-preview":"max-video-preview:-1"},"canonical":"https:\/\/minubaltic.ee\/lt\/e-pood\/patalynes-komplektai\/kanapiu-pagalves-uzvalkalas-tamsiai-zalias\/","og_locale":"lt_LT","og_type":"article","og_title":"Kanapi\u0173 pagalv\u0117s u\u017evalkalas - Tamsiai \u017ealias - 100% Kanapi\u0173","og_description":"Atraskite Ka\u0146epju spilvendr\u0101na \u2013 ekologi\u0161k\u0105, patvari\u0105 ir nat\u016braliai mink\u0161t\u0105. Pagerinkite miego kokyb\u0119 naudodami m\u016bs\u0173 patalyn\u0119, pagamint\u0105...","og_url":"https:\/\/minubaltic.ee\/lt\/e-pood\/patalynes-komplektai\/kanapiu-pagalves-uzvalkalas-tamsiai-zalias\/","article_publisher":"https:\/\/www.facebook.com\/minubaltic","article_modified_time":"2024-07-06T23:33:51+00:00","og_image":[{"width":1000,"height":1000,"url":"https:\/\/minubaltic.ee\/wp-content\/uploads\/2024\/06\/kanep-padjapuur-2.png","type":"image\/png"}],"twitter_card":"summary_large_image","twitter_misc":{"Est. reading time":"1 minut\u0117"},"schema":{"@context":"https:\/\/schema.org","@graph":[{"@type":"WebPage","@id":"https:\/\/minubaltic.ee\/lt\/e-pood\/patalynes-komplektai\/kanapiu-pagalves-uzvalkalas-tamsiai-zalias\/","url":"https:\/\/minubaltic.ee\/lt\/e-pood\/patalynes-komplektai\/kanapiu-pagalves-uzvalkalas-tamsiai-zalias\/","name":"Kanapi\u0173 pagalv\u0117s u\u017evalkalas - Tamsiai \u017ealias - 100% Kanapi\u0173","isPartOf":{"@id":"https:\/\/minubaltic.ee\/lt\/#website"},"primaryImageOfPage":{"@id":"https:\/\/minubaltic.ee\/lt\/e-pood\/patalynes-komplektai\/kanapiu-pagalves-uzvalkalas-tamsiai-zalias\/#primaryimage"},"image":{"@id":"https:\/\/minubaltic.ee\/lt\/e-pood\/patalynes-komplektai\/kanapiu-pagalves-uzvalkalas-tamsiai-zalias\/#primaryimage"},"thumbnailUrl":"https:\/\/minubaltic.ee\/wp-content\/uploads\/2024\/06\/kanep-padjapuur-2.png","datePublished":"2024-05-31T21:41:08+00:00","dateModified":"2024-07-06T23:33:51+00:00","description":"Atraskite Ka\u0146epju spilvendr\u0101na \u2013 ekologi\u0161k\u0105, patvari\u0105 ir nat\u016braliai mink\u0161t\u0105. Pagerinkite miego kokyb\u0119 naudodami m\u016bs\u0173 patalyn\u0119, pagamint\u0105...","breadcrumb":{"@id":"https:\/\/minubaltic.ee\/lt\/e-pood\/patalynes-komplektai\/kanapiu-pagalves-uzvalkalas-tamsiai-zalias\/#breadcrumb"},"inLanguage":"lt-LT","potentialAction":[{"@type":"ReadAction","target":["https:\/\/minubaltic.ee\/lt\/e-pood\/patalynes-komplektai\/kanapiu-pagalves-uzvalkalas-tamsiai-zalias\/"]}]},{"@type":"ImageObject","inLanguage":"lt-LT","@id":"https:\/\/minubaltic.ee\/lt\/e-pood\/patalynes-komplektai\/kanapiu-pagalves-uzvalkalas-tamsiai-zalias\/#primaryimage","url":"https:\/\/minubaltic.ee\/wp-content\/uploads\/2024\/06\/kanep-padjapuur-2.png","contentUrl":"https:\/\/minubaltic.ee\/wp-content\/uploads\/2024\/06\/kanep-padjapuur-2.png","width":1000,"height":1000},{"@type":"BreadcrumbList","@id":"https:\/\/minubaltic.ee\/lt\/e-pood\/patalynes-komplektai\/kanapiu-pagalves-uzvalkalas-tamsiai-zalias\/#breadcrumb","itemListElement":[{"@type":"ListItem","position":1,"name":"Home","item":"https:\/\/minubaltic.ee\/lt\/"},{"@type":"ListItem","position":2,"name":"Parduotuv\u0117","item":"https:\/\/minubaltic.ee\/lt\/parduotuve\/"},{"@type":"ListItem","position":3,"name":"Kanapi\u0173 pagalv\u0117s u\u017evalkalas &#8211; Tamsiai \u017ealias"}]},{"@type":"WebSite","@id":"https:\/\/minubaltic.ee\/lt\/#website","url":"https:\/\/minubaltic.ee\/lt\/","name":"minubaltic.ee","description":"","publisher":{"@id":"https:\/\/minubaltic.ee\/lt\/#organization"},"potentialAction":[{"@type":"SearchAction","target":{"@type":"EntryPoint","urlTemplate":"https:\/\/minubaltic.ee\/lt\/?s={search_term_string}"},"query-input":{"@type":"PropertyValueSpecification","valueRequired":true,"valueName":"search_term_string"}}],"inLanguage":"lt-LT"},{"@type":"Organization","@id":"https:\/\/minubaltic.ee\/lt\/#organization","name":"Minu Baltic O\u00dc","url":"https:\/\/minubaltic.ee\/lt\/","logo":{"@type":"ImageObject","inLanguage":"lt-LT","@id":"https:\/\/minubaltic.ee\/lt\/#\/schema\/logo\/image\/","url":"https:\/\/minubaltic.ee\/wp-content\/uploads\/2023\/10\/cropped-cropped-cropped-logo.png","contentUrl":"https:\/\/minubaltic.ee\/wp-content\/uploads\/2023\/10\/cropped-cropped-cropped-logo.png","width":500,"height":237,"caption":"Minu Baltic O\u00dc"},"image":{"@id":"https:\/\/minubaltic.ee\/lt\/#\/schema\/logo\/image\/"},"sameAs":["https:\/\/www.facebook.com\/minubaltic"]}]}},"_links":{"self":[{"href":"https:\/\/minubaltic.ee\/lt\/wp-json\/wp\/v2\/product\/26918","targetHints":{"allow":["GET"]}}],"collection":[{"href":"https:\/\/minubaltic.ee\/lt\/wp-json\/wp\/v2\/product"}],"about":[{"href":"https:\/\/minubaltic.ee\/lt\/wp-json\/wp\/v2\/types\/product"}],"replies":[{"embeddable":true,"href":"https:\/\/minubaltic.ee\/lt\/wp-json\/wp\/v2\/comments?post=26918"}],"version-history":[{"count":2,"href":"https:\/\/minubaltic.ee\/lt\/wp-json\/wp\/v2\/product\/26918\/revisions"}],"predecessor-version":[{"id":26958,"href":"https:\/\/minubaltic.ee\/lt\/wp-json\/wp\/v2\/product\/26918\/revisions\/26958"}],"wp:featuredmedia":[{"embeddable":true,"href":"https:\/\/minubaltic.ee\/lt\/wp-json\/wp\/v2\/media\/26925"}],"wp:attachment":[{"href":"https:\/\/minubaltic.ee\/lt\/wp-json\/wp\/v2\/media?parent=26918"}],"wp:term":[{"taxonomy":"product_brand","embeddable":true,"href":"https:\/\/minubaltic.ee\/lt\/wp-json\/wp\/v2\/product_brand?post=26918"},{"taxonomy":"product_cat","embeddable":true,"href":"https:\/\/minubaltic.ee\/lt\/wp-json\/wp\/v2\/product_cat?post=26918"},{"taxonomy":"product_tag","embeddable":true,"href":"https:\/\/minubaltic.ee\/lt\/wp-json\/wp\/v2\/product_tag?post=26918"}],"curies":[{"name":"wp","href":"https:\/\/api.w.org\/{rel}","templated":true}]}}