{"id":24890,"date":"2024-04-18T00:58:51","date_gmt":"2024-04-17T21:58:51","guid":{"rendered":"https:\/\/minubaltic.ee\/?post_type=product&#038;p=24890"},"modified":"2025-09-23T22:59:03","modified_gmt":"2025-09-23T19:59:03","slug":"soju-antklode-200-230","status":"publish","type":"product","link":"https:\/\/minubaltic.ee\/lt\/e-pood\/antklodes\/soju-antklode-200-230\/","title":{"rendered":"Soj\u0173 antklod\u0117 200&#215;230"},"content":{"rendered":"<p>\ud83e\uded8 Antklod\u0117s su soj\u0173 \u012fdaru gaminamos i\u0161 nat\u016bralios ir atsinaujinan\u010dios med\u017eiagos \u2013 sojos. Soj\u0173 pluo\u0161tai yra mink\u0161ti, lengvi, pralaid\u016bs orui ir turi antialergini\u0173 savybi\u0173. Antklod\u0117s su soj\u0173 \u012fdaru padeda reguliuoti k\u016bno temperat\u016br\u0105 ir u\u017etikrina ger\u0105 bei patog\u0173 mieg\u0105.<br \/>\n\ud83e\uded8 Antklod\u0117 su soj\u0173 \u012fdaru \u2013 puikus pasirinkimas vertinantiems nat\u016bralias med\u017eiagas ir norintiems ekologi\u0161kesni\u0173 produkt\u0173. Be to, sojos u\u017epildytos antklod\u0117s taip pat yra patvarios ir ilgiau tarnauja.<br \/>\n\ud83e\uded8Apskritai galima teigti, kad antklod\u0117s su soj\u0173 \u012fdaru yra draugi\u0161kesnis aplinkai ir sveikesnis pasirinkimas lyginant su antklod\u0117mis su tradiciniais sintetiniais \u012fdarais. Be to, jie taip pat yra patog\u016bs ir suteikia ger\u0105 \u0161ilum\u0105 bei komfort\u0105.<\/p>\n","protected":false},"excerpt":{"rendered":"<p>Svoris: 3 kg<br \/>\nDydis: 200\u00d7230 cm<br \/>\nSpecifikacija: \u00b15 cm<\/p>\n<p><strong>Antklod\u0117 turi sojos skaidul\u0173<\/strong><\/p>\n","protected":false},"featured_media":24895,"comment_status":"open","ping_status":"closed","template":"","meta":[],"product_brand":[],"product_cat":[549,551,607],"product_tag":[563,562,557,558,564],"class_list":{"0":"post-24890","1":"product","2":"type-product","3":"status-publish","4":"has-post-thumbnail","6":"product_cat-antklodes","7":"product_cat-antklodes-200-230","8":"product_cat-soju-antklodes","9":"product_tag-antklode","10":"product_tag-antklodes","11":"product_tag-apsipirkti-el","12":"product_tag-e-parduotuve","13":"product_tag-tekstile","15":"first","16":"outofstock","17":"sale","18":"shipping-taxable","19":"purchasable","20":"product-type-simple"},"yoast_head":"<!-- This site is optimized with the Yoast SEO plugin v27.3 - https:\/\/yoast.com\/product\/yoast-seo-wordpress\/ -->\n<title>Soj\u0173 antklod\u0117 200x230 - Antklod\u0117 pagaminta i\u0161 soj\u0173 pluo\u0161to.<\/title>\n<meta name=\"description\" content=\"Antklod\u0117s su soj\u0173 \u012fdaru gaminamos i\u0161 nat\u016bralios ir atsinaujinan\u010dios med\u017eiagos \u2013 sojos. Soj\u0173 pluo\u0161tai yra mink\u0161ti, lengvi, pralaid\u016bs orui ir turi antialergi\" \/>\n<meta name=\"robots\" content=\"index, follow, max-snippet:-1, max-image-preview:large, max-video-preview:-1\" \/>\n<link rel=\"canonical\" href=\"https:\/\/minubaltic.ee\/lt\/e-pood\/antklodes\/soju-antklode-200-230\/\" \/>\n<meta property=\"og:locale\" content=\"lt_LT\" \/>\n<meta property=\"og:type\" content=\"article\" \/>\n<meta property=\"og:title\" content=\"Soj\u0173 antklod\u0117 200x230 - Antklod\u0117 pagaminta i\u0161 soj\u0173 pluo\u0161to.\" \/>\n<meta property=\"og:description\" content=\"Antklod\u0117s su soj\u0173 \u012fdaru gaminamos i\u0161 nat\u016bralios ir atsinaujinan\u010dios med\u017eiagos \u2013 sojos. Soj\u0173 pluo\u0161tai yra mink\u0161ti, lengvi, pralaid\u016bs orui ir turi antialergi\" \/>\n<meta property=\"og:url\" content=\"https:\/\/minubaltic.ee\/lt\/e-pood\/antklodes\/soju-antklode-200-230\/\" \/>\n<meta property=\"article:publisher\" content=\"https:\/\/www.facebook.com\/minubaltic\" \/>\n<meta property=\"article:modified_time\" content=\"2025-09-23T19:59:03+00:00\" \/>\n<meta property=\"og:image\" content=\"https:\/\/minubaltic.ee\/wp-content\/uploads\/2024\/04\/sojad-tekid-3.jpg\" \/>\n\t<meta property=\"og:image:width\" content=\"789\" \/>\n\t<meta property=\"og:image:height\" content=\"789\" \/>\n\t<meta property=\"og:image:type\" content=\"image\/jpeg\" \/>\n<meta name=\"twitter:card\" content=\"summary_large_image\" \/>\n<meta name=\"twitter:label1\" content=\"Est. reading time\" \/>\n\t<meta name=\"twitter:data1\" content=\"1 minut\u0117\" \/>\n<script type=\"application\/ld+json\" class=\"yoast-schema-graph\">{\"@context\":\"https:\\\/\\\/schema.org\",\"@graph\":[{\"@type\":\"WebPage\",\"@id\":\"https:\\\/\\\/minubaltic.ee\\\/lt\\\/e-pood\\\/antklodes\\\/soju-antklode-200-230\\\/\",\"url\":\"https:\\\/\\\/minubaltic.ee\\\/lt\\\/e-pood\\\/antklodes\\\/soju-antklode-200-230\\\/\",\"name\":\"Soj\u0173 antklod\u0117 200x230 - Antklod\u0117 pagaminta i\u0161 soj\u0173 pluo\u0161to.\",\"isPartOf\":{\"@id\":\"https:\\\/\\\/minubaltic.ee\\\/lt\\\/#website\"},\"primaryImageOfPage\":{\"@id\":\"https:\\\/\\\/minubaltic.ee\\\/lt\\\/e-pood\\\/antklodes\\\/soju-antklode-200-230\\\/#primaryimage\"},\"image\":{\"@id\":\"https:\\\/\\\/minubaltic.ee\\\/lt\\\/e-pood\\\/antklodes\\\/soju-antklode-200-230\\\/#primaryimage\"},\"thumbnailUrl\":\"https:\\\/\\\/minubaltic.ee\\\/wp-content\\\/uploads\\\/2024\\\/04\\\/sojad-tekid-3.jpg\",\"datePublished\":\"2024-04-17T21:58:51+00:00\",\"dateModified\":\"2025-09-23T19:59:03+00:00\",\"description\":\"Antklod\u0117s su soj\u0173 \u012fdaru gaminamos i\u0161 nat\u016bralios ir atsinaujinan\u010dios med\u017eiagos \u2013 sojos. Soj\u0173 pluo\u0161tai yra mink\u0161ti, lengvi, pralaid\u016bs orui ir turi antialergi\",\"breadcrumb\":{\"@id\":\"https:\\\/\\\/minubaltic.ee\\\/lt\\\/e-pood\\\/antklodes\\\/soju-antklode-200-230\\\/#breadcrumb\"},\"inLanguage\":\"lt-LT\",\"potentialAction\":[{\"@type\":\"ReadAction\",\"target\":[\"https:\\\/\\\/minubaltic.ee\\\/lt\\\/e-pood\\\/antklodes\\\/soju-antklode-200-230\\\/\"]}]},{\"@type\":\"ImageObject\",\"inLanguage\":\"lt-LT\",\"@id\":\"https:\\\/\\\/minubaltic.ee\\\/lt\\\/e-pood\\\/antklodes\\\/soju-antklode-200-230\\\/#primaryimage\",\"url\":\"https:\\\/\\\/minubaltic.ee\\\/wp-content\\\/uploads\\\/2024\\\/04\\\/sojad-tekid-3.jpg\",\"contentUrl\":\"https:\\\/\\\/minubaltic.ee\\\/wp-content\\\/uploads\\\/2024\\\/04\\\/sojad-tekid-3.jpg\",\"width\":789,\"height\":789},{\"@type\":\"BreadcrumbList\",\"@id\":\"https:\\\/\\\/minubaltic.ee\\\/lt\\\/e-pood\\\/antklodes\\\/soju-antklode-200-230\\\/#breadcrumb\",\"itemListElement\":[{\"@type\":\"ListItem\",\"position\":1,\"name\":\"Home\",\"item\":\"https:\\\/\\\/minubaltic.ee\\\/lt\\\/\"},{\"@type\":\"ListItem\",\"position\":2,\"name\":\"Parduotuv\u0117\",\"item\":\"https:\\\/\\\/minubaltic.ee\\\/lt\\\/parduotuve\\\/\"},{\"@type\":\"ListItem\",\"position\":3,\"name\":\"Soj\u0173 antklod\u0117 200&#215;230\"}]},{\"@type\":\"WebSite\",\"@id\":\"https:\\\/\\\/minubaltic.ee\\\/lt\\\/#website\",\"url\":\"https:\\\/\\\/minubaltic.ee\\\/lt\\\/\",\"name\":\"minubaltic.ee\",\"description\":\"\",\"publisher\":{\"@id\":\"https:\\\/\\\/minubaltic.ee\\\/lt\\\/#organization\"},\"potentialAction\":[{\"@type\":\"SearchAction\",\"target\":{\"@type\":\"EntryPoint\",\"urlTemplate\":\"https:\\\/\\\/minubaltic.ee\\\/lt\\\/?s={search_term_string}\"},\"query-input\":{\"@type\":\"PropertyValueSpecification\",\"valueRequired\":true,\"valueName\":\"search_term_string\"}}],\"inLanguage\":\"lt-LT\"},{\"@type\":\"Organization\",\"@id\":\"https:\\\/\\\/minubaltic.ee\\\/lt\\\/#organization\",\"name\":\"Minu Baltic O\u00dc\",\"url\":\"https:\\\/\\\/minubaltic.ee\\\/lt\\\/\",\"logo\":{\"@type\":\"ImageObject\",\"inLanguage\":\"lt-LT\",\"@id\":\"https:\\\/\\\/minubaltic.ee\\\/lt\\\/#\\\/schema\\\/logo\\\/image\\\/\",\"url\":\"https:\\\/\\\/minubaltic.ee\\\/wp-content\\\/uploads\\\/2023\\\/10\\\/cropped-cropped-cropped-logo.png\",\"contentUrl\":\"https:\\\/\\\/minubaltic.ee\\\/wp-content\\\/uploads\\\/2023\\\/10\\\/cropped-cropped-cropped-logo.png\",\"width\":500,\"height\":237,\"caption\":\"Minu Baltic O\u00dc\"},\"image\":{\"@id\":\"https:\\\/\\\/minubaltic.ee\\\/lt\\\/#\\\/schema\\\/logo\\\/image\\\/\"},\"sameAs\":[\"https:\\\/\\\/www.facebook.com\\\/minubaltic\"]}]}<\/script>\n<!-- \/ Yoast SEO plugin. -->","yoast_head_json":{"title":"Soj\u0173 antklod\u0117 200x230 - Antklod\u0117 pagaminta i\u0161 soj\u0173 pluo\u0161to.","description":"Antklod\u0117s su soj\u0173 \u012fdaru gaminamos i\u0161 nat\u016bralios ir atsinaujinan\u010dios med\u017eiagos \u2013 sojos. Soj\u0173 pluo\u0161tai yra mink\u0161ti, lengvi, pralaid\u016bs orui ir turi antialergi","robots":{"index":"index","follow":"follow","max-snippet":"max-snippet:-1","max-image-preview":"max-image-preview:large","max-video-preview":"max-video-preview:-1"},"canonical":"https:\/\/minubaltic.ee\/lt\/e-pood\/antklodes\/soju-antklode-200-230\/","og_locale":"lt_LT","og_type":"article","og_title":"Soj\u0173 antklod\u0117 200x230 - Antklod\u0117 pagaminta i\u0161 soj\u0173 pluo\u0161to.","og_description":"Antklod\u0117s su soj\u0173 \u012fdaru gaminamos i\u0161 nat\u016bralios ir atsinaujinan\u010dios med\u017eiagos \u2013 sojos. Soj\u0173 pluo\u0161tai yra mink\u0161ti, lengvi, pralaid\u016bs orui ir turi antialergi","og_url":"https:\/\/minubaltic.ee\/lt\/e-pood\/antklodes\/soju-antklode-200-230\/","article_publisher":"https:\/\/www.facebook.com\/minubaltic","article_modified_time":"2025-09-23T19:59:03+00:00","og_image":[{"width":789,"height":789,"url":"https:\/\/minubaltic.ee\/wp-content\/uploads\/2024\/04\/sojad-tekid-3.jpg","type":"image\/jpeg"}],"twitter_card":"summary_large_image","twitter_misc":{"Est. reading time":"1 minut\u0117"},"schema":{"@context":"https:\/\/schema.org","@graph":[{"@type":"WebPage","@id":"https:\/\/minubaltic.ee\/lt\/e-pood\/antklodes\/soju-antklode-200-230\/","url":"https:\/\/minubaltic.ee\/lt\/e-pood\/antklodes\/soju-antklode-200-230\/","name":"Soj\u0173 antklod\u0117 200x230 - Antklod\u0117 pagaminta i\u0161 soj\u0173 pluo\u0161to.","isPartOf":{"@id":"https:\/\/minubaltic.ee\/lt\/#website"},"primaryImageOfPage":{"@id":"https:\/\/minubaltic.ee\/lt\/e-pood\/antklodes\/soju-antklode-200-230\/#primaryimage"},"image":{"@id":"https:\/\/minubaltic.ee\/lt\/e-pood\/antklodes\/soju-antklode-200-230\/#primaryimage"},"thumbnailUrl":"https:\/\/minubaltic.ee\/wp-content\/uploads\/2024\/04\/sojad-tekid-3.jpg","datePublished":"2024-04-17T21:58:51+00:00","dateModified":"2025-09-23T19:59:03+00:00","description":"Antklod\u0117s su soj\u0173 \u012fdaru gaminamos i\u0161 nat\u016bralios ir atsinaujinan\u010dios med\u017eiagos \u2013 sojos. Soj\u0173 pluo\u0161tai yra mink\u0161ti, lengvi, pralaid\u016bs orui ir turi antialergi","breadcrumb":{"@id":"https:\/\/minubaltic.ee\/lt\/e-pood\/antklodes\/soju-antklode-200-230\/#breadcrumb"},"inLanguage":"lt-LT","potentialAction":[{"@type":"ReadAction","target":["https:\/\/minubaltic.ee\/lt\/e-pood\/antklodes\/soju-antklode-200-230\/"]}]},{"@type":"ImageObject","inLanguage":"lt-LT","@id":"https:\/\/minubaltic.ee\/lt\/e-pood\/antklodes\/soju-antklode-200-230\/#primaryimage","url":"https:\/\/minubaltic.ee\/wp-content\/uploads\/2024\/04\/sojad-tekid-3.jpg","contentUrl":"https:\/\/minubaltic.ee\/wp-content\/uploads\/2024\/04\/sojad-tekid-3.jpg","width":789,"height":789},{"@type":"BreadcrumbList","@id":"https:\/\/minubaltic.ee\/lt\/e-pood\/antklodes\/soju-antklode-200-230\/#breadcrumb","itemListElement":[{"@type":"ListItem","position":1,"name":"Home","item":"https:\/\/minubaltic.ee\/lt\/"},{"@type":"ListItem","position":2,"name":"Parduotuv\u0117","item":"https:\/\/minubaltic.ee\/lt\/parduotuve\/"},{"@type":"ListItem","position":3,"name":"Soj\u0173 antklod\u0117 200&#215;230"}]},{"@type":"WebSite","@id":"https:\/\/minubaltic.ee\/lt\/#website","url":"https:\/\/minubaltic.ee\/lt\/","name":"minubaltic.ee","description":"","publisher":{"@id":"https:\/\/minubaltic.ee\/lt\/#organization"},"potentialAction":[{"@type":"SearchAction","target":{"@type":"EntryPoint","urlTemplate":"https:\/\/minubaltic.ee\/lt\/?s={search_term_string}"},"query-input":{"@type":"PropertyValueSpecification","valueRequired":true,"valueName":"search_term_string"}}],"inLanguage":"lt-LT"},{"@type":"Organization","@id":"https:\/\/minubaltic.ee\/lt\/#organization","name":"Minu Baltic O\u00dc","url":"https:\/\/minubaltic.ee\/lt\/","logo":{"@type":"ImageObject","inLanguage":"lt-LT","@id":"https:\/\/minubaltic.ee\/lt\/#\/schema\/logo\/image\/","url":"https:\/\/minubaltic.ee\/wp-content\/uploads\/2023\/10\/cropped-cropped-cropped-logo.png","contentUrl":"https:\/\/minubaltic.ee\/wp-content\/uploads\/2023\/10\/cropped-cropped-cropped-logo.png","width":500,"height":237,"caption":"Minu Baltic O\u00dc"},"image":{"@id":"https:\/\/minubaltic.ee\/lt\/#\/schema\/logo\/image\/"},"sameAs":["https:\/\/www.facebook.com\/minubaltic"]}]}},"_links":{"self":[{"href":"https:\/\/minubaltic.ee\/lt\/wp-json\/wp\/v2\/product\/24890","targetHints":{"allow":["GET"]}}],"collection":[{"href":"https:\/\/minubaltic.ee\/lt\/wp-json\/wp\/v2\/product"}],"about":[{"href":"https:\/\/minubaltic.ee\/lt\/wp-json\/wp\/v2\/types\/product"}],"replies":[{"embeddable":true,"href":"https:\/\/minubaltic.ee\/lt\/wp-json\/wp\/v2\/comments?post=24890"}],"version-history":[{"count":0,"href":"https:\/\/minubaltic.ee\/lt\/wp-json\/wp\/v2\/product\/24890\/revisions"}],"wp:featuredmedia":[{"embeddable":true,"href":"https:\/\/minubaltic.ee\/lt\/wp-json\/wp\/v2\/media\/24895"}],"wp:attachment":[{"href":"https:\/\/minubaltic.ee\/lt\/wp-json\/wp\/v2\/media?parent=24890"}],"wp:term":[{"taxonomy":"product_brand","embeddable":true,"href":"https:\/\/minubaltic.ee\/lt\/wp-json\/wp\/v2\/product_brand?post=24890"},{"taxonomy":"product_cat","embeddable":true,"href":"https:\/\/minubaltic.ee\/lt\/wp-json\/wp\/v2\/product_cat?post=24890"},{"taxonomy":"product_tag","embeddable":true,"href":"https:\/\/minubaltic.ee\/lt\/wp-json\/wp\/v2\/product_tag?post=24890"}],"curies":[{"name":"wp","href":"https:\/\/api.w.org\/{rel}","templated":true}]}}