{"id":24768,"date":"2024-04-17T07:19:44","date_gmt":"2024-04-17T04:19:44","guid":{"rendered":"https:\/\/minubaltic.ee\/?post_type=product&#038;p=24768"},"modified":"2024-07-24T11:16:30","modified_gmt":"2024-07-24T08:16:30","slug":"tencel-patalynes-komplektas","status":"publish","type":"product","link":"https:\/\/minubaltic.ee\/lt\/e-pood\/patalynes-komplektai\/tencel-patalynes-komplektas\/","title":{"rendered":"Tencel patalyn\u0117s komplektas"},"content":{"rendered":"<ul>\n<li><span class=\"product-attribute__label\"><strong>Audinio sud\u0117tis: <\/strong>100 % Tencel<\/span><\/li>\n<li><strong>Antklod\u0117s u\u017evalkalas<span class=\"product-attribute__label\">:<\/span><\/strong> 200\u00d7230<\/li>\n<li><strong>Paklod\u0117<span class=\"product-attribute__label\">:<\/span><\/strong> 245\u00d7250<\/li>\n<li><strong>Pagalv\u0117s u\u017evalkalas<span class=\"product-attribute__label\">:<\/span><\/strong> 48\u00d774 (2 vnt.)<\/li>\n<li>Produkt\u0173 nuotraukos yra iliustracin\u0117s<\/li>\n<\/ul>\n","protected":false},"excerpt":{"rendered":"<p>Tencel patalyn\u0117 suteikia prabangaus mink\u0161tumo ir glotnumo, primenan\u010dio tradicin\u012f \u0161ilk\u0105, derin\u012f, u\u017etikrinant\u012f palaiming\u0105 miego patirt\u012f.<\/p>\n","protected":false},"featured_media":24773,"comment_status":"open","ping_status":"closed","template":"","meta":[],"product_brand":[],"product_cat":[553,619,614,596,737],"product_tag":[557,558,565,564],"class_list":{"0":"post-24768","1":"product","2":"type-product","3":"status-publish","4":"has-post-thumbnail","6":"product_cat-patalynes-komplektai","7":"product_cat-patalynes-komplektai-lt","8":"product_cat-patalynes-komplektai-200-230","9":"product_cat-tencel-patalynes-komplektai","10":"product_cat-tencel-patalynes-komplektai-lt","11":"product_tag-apsipirkti-el","12":"product_tag-e-parduotuve","13":"product_tag-patalyne","14":"product_tag-tekstile","16":"first","17":"outofstock","18":"sale","19":"shipping-taxable","20":"purchasable","21":"product-type-simple"},"yoast_head":"<!-- This site is optimized with the Yoast SEO plugin v27.3 - https:\/\/yoast.com\/product\/yoast-seo-wordpress\/ -->\n<title>Tencel patalyn\u0117s komplektas - 50% nuolaida<\/title>\n<meta name=\"description\" content=\"Tencel patalyn\u0117 suteikia prabangaus mink\u0161tumo ir glotnumo, primenan\u010dio tradicin\u012f \u0161ilk\u0105, derin\u012f, u\u017etikrinant\u012f palaiming\u0105 miego patirt\u012f.\" \/>\n<meta name=\"robots\" content=\"index, follow, max-snippet:-1, max-image-preview:large, max-video-preview:-1\" \/>\n<link rel=\"canonical\" href=\"https:\/\/minubaltic.ee\/lt\/e-pood\/patalynes-komplektai\/tencel-patalynes-komplektas\/\" \/>\n<meta property=\"og:locale\" content=\"lt_LT\" \/>\n<meta property=\"og:type\" content=\"article\" \/>\n<meta property=\"og:title\" content=\"Tencel patalyn\u0117s komplektas - 50% nuolaida\" \/>\n<meta property=\"og:description\" content=\"Tencel patalyn\u0117 suteikia prabangaus mink\u0161tumo ir glotnumo, primenan\u010dio tradicin\u012f \u0161ilk\u0105, derin\u012f, u\u017etikrinant\u012f palaiming\u0105 miego patirt\u012f.\" \/>\n<meta property=\"og:url\" content=\"https:\/\/minubaltic.ee\/lt\/e-pood\/patalynes-komplektai\/tencel-patalynes-komplektas\/\" \/>\n<meta property=\"article:publisher\" content=\"https:\/\/www.facebook.com\/minubaltic\" \/>\n<meta property=\"article:modified_time\" content=\"2024-07-24T08:16:30+00:00\" \/>\n<meta property=\"og:image\" content=\"https:\/\/minubaltic.ee\/wp-content\/uploads\/2024\/04\/tencel-voodipesukomplekt-10.jpg\" \/>\n\t<meta property=\"og:image:width\" content=\"640\" \/>\n\t<meta property=\"og:image:height\" content=\"640\" \/>\n\t<meta property=\"og:image:type\" content=\"image\/jpeg\" \/>\n<meta name=\"twitter:card\" content=\"summary_large_image\" \/>\n<meta name=\"twitter:label1\" content=\"Est. reading time\" \/>\n\t<meta name=\"twitter:data1\" content=\"1 minut\u0117\" \/>\n<script type=\"application\/ld+json\" class=\"yoast-schema-graph\">{\"@context\":\"https:\\\/\\\/schema.org\",\"@graph\":[{\"@type\":\"WebPage\",\"@id\":\"https:\\\/\\\/minubaltic.ee\\\/lt\\\/e-pood\\\/patalynes-komplektai\\\/tencel-patalynes-komplektas\\\/\",\"url\":\"https:\\\/\\\/minubaltic.ee\\\/lt\\\/e-pood\\\/patalynes-komplektai\\\/tencel-patalynes-komplektas\\\/\",\"name\":\"Tencel patalyn\u0117s komplektas - 50% nuolaida\",\"isPartOf\":{\"@id\":\"https:\\\/\\\/minubaltic.ee\\\/lt\\\/#website\"},\"primaryImageOfPage\":{\"@id\":\"https:\\\/\\\/minubaltic.ee\\\/lt\\\/e-pood\\\/patalynes-komplektai\\\/tencel-patalynes-komplektas\\\/#primaryimage\"},\"image\":{\"@id\":\"https:\\\/\\\/minubaltic.ee\\\/lt\\\/e-pood\\\/patalynes-komplektai\\\/tencel-patalynes-komplektas\\\/#primaryimage\"},\"thumbnailUrl\":\"https:\\\/\\\/minubaltic.ee\\\/wp-content\\\/uploads\\\/2024\\\/04\\\/tencel-voodipesukomplekt-10.jpg\",\"datePublished\":\"2024-04-17T04:19:44+00:00\",\"dateModified\":\"2024-07-24T08:16:30+00:00\",\"description\":\"Tencel patalyn\u0117 suteikia prabangaus mink\u0161tumo ir glotnumo, primenan\u010dio tradicin\u012f \u0161ilk\u0105, derin\u012f, u\u017etikrinant\u012f palaiming\u0105 miego patirt\u012f.\",\"breadcrumb\":{\"@id\":\"https:\\\/\\\/minubaltic.ee\\\/lt\\\/e-pood\\\/patalynes-komplektai\\\/tencel-patalynes-komplektas\\\/#breadcrumb\"},\"inLanguage\":\"lt-LT\",\"potentialAction\":[{\"@type\":\"ReadAction\",\"target\":[\"https:\\\/\\\/minubaltic.ee\\\/lt\\\/e-pood\\\/patalynes-komplektai\\\/tencel-patalynes-komplektas\\\/\"]}]},{\"@type\":\"ImageObject\",\"inLanguage\":\"lt-LT\",\"@id\":\"https:\\\/\\\/minubaltic.ee\\\/lt\\\/e-pood\\\/patalynes-komplektai\\\/tencel-patalynes-komplektas\\\/#primaryimage\",\"url\":\"https:\\\/\\\/minubaltic.ee\\\/wp-content\\\/uploads\\\/2024\\\/04\\\/tencel-voodipesukomplekt-10.jpg\",\"contentUrl\":\"https:\\\/\\\/minubaltic.ee\\\/wp-content\\\/uploads\\\/2024\\\/04\\\/tencel-voodipesukomplekt-10.jpg\",\"width\":640,\"height\":640},{\"@type\":\"BreadcrumbList\",\"@id\":\"https:\\\/\\\/minubaltic.ee\\\/lt\\\/e-pood\\\/patalynes-komplektai\\\/tencel-patalynes-komplektas\\\/#breadcrumb\",\"itemListElement\":[{\"@type\":\"ListItem\",\"position\":1,\"name\":\"Home\",\"item\":\"https:\\\/\\\/minubaltic.ee\\\/lt\\\/\"},{\"@type\":\"ListItem\",\"position\":2,\"name\":\"Parduotuv\u0117\",\"item\":\"https:\\\/\\\/minubaltic.ee\\\/lt\\\/parduotuve\\\/\"},{\"@type\":\"ListItem\",\"position\":3,\"name\":\"Tencel patalyn\u0117s komplektas\"}]},{\"@type\":\"WebSite\",\"@id\":\"https:\\\/\\\/minubaltic.ee\\\/lt\\\/#website\",\"url\":\"https:\\\/\\\/minubaltic.ee\\\/lt\\\/\",\"name\":\"minubaltic.ee\",\"description\":\"\",\"publisher\":{\"@id\":\"https:\\\/\\\/minubaltic.ee\\\/lt\\\/#organization\"},\"potentialAction\":[{\"@type\":\"SearchAction\",\"target\":{\"@type\":\"EntryPoint\",\"urlTemplate\":\"https:\\\/\\\/minubaltic.ee\\\/lt\\\/?s={search_term_string}\"},\"query-input\":{\"@type\":\"PropertyValueSpecification\",\"valueRequired\":true,\"valueName\":\"search_term_string\"}}],\"inLanguage\":\"lt-LT\"},{\"@type\":\"Organization\",\"@id\":\"https:\\\/\\\/minubaltic.ee\\\/lt\\\/#organization\",\"name\":\"Minu Baltic O\u00dc\",\"url\":\"https:\\\/\\\/minubaltic.ee\\\/lt\\\/\",\"logo\":{\"@type\":\"ImageObject\",\"inLanguage\":\"lt-LT\",\"@id\":\"https:\\\/\\\/minubaltic.ee\\\/lt\\\/#\\\/schema\\\/logo\\\/image\\\/\",\"url\":\"https:\\\/\\\/minubaltic.ee\\\/wp-content\\\/uploads\\\/2023\\\/10\\\/cropped-cropped-cropped-logo.png\",\"contentUrl\":\"https:\\\/\\\/minubaltic.ee\\\/wp-content\\\/uploads\\\/2023\\\/10\\\/cropped-cropped-cropped-logo.png\",\"width\":500,\"height\":237,\"caption\":\"Minu Baltic O\u00dc\"},\"image\":{\"@id\":\"https:\\\/\\\/minubaltic.ee\\\/lt\\\/#\\\/schema\\\/logo\\\/image\\\/\"},\"sameAs\":[\"https:\\\/\\\/www.facebook.com\\\/minubaltic\"]}]}<\/script>\n<!-- \/ Yoast SEO plugin. -->","yoast_head_json":{"title":"Tencel patalyn\u0117s komplektas - 50% nuolaida","description":"Tencel patalyn\u0117 suteikia prabangaus mink\u0161tumo ir glotnumo, primenan\u010dio tradicin\u012f \u0161ilk\u0105, derin\u012f, u\u017etikrinant\u012f palaiming\u0105 miego patirt\u012f.","robots":{"index":"index","follow":"follow","max-snippet":"max-snippet:-1","max-image-preview":"max-image-preview:large","max-video-preview":"max-video-preview:-1"},"canonical":"https:\/\/minubaltic.ee\/lt\/e-pood\/patalynes-komplektai\/tencel-patalynes-komplektas\/","og_locale":"lt_LT","og_type":"article","og_title":"Tencel patalyn\u0117s komplektas - 50% nuolaida","og_description":"Tencel patalyn\u0117 suteikia prabangaus mink\u0161tumo ir glotnumo, primenan\u010dio tradicin\u012f \u0161ilk\u0105, derin\u012f, u\u017etikrinant\u012f palaiming\u0105 miego patirt\u012f.","og_url":"https:\/\/minubaltic.ee\/lt\/e-pood\/patalynes-komplektai\/tencel-patalynes-komplektas\/","article_publisher":"https:\/\/www.facebook.com\/minubaltic","article_modified_time":"2024-07-24T08:16:30+00:00","og_image":[{"width":640,"height":640,"url":"https:\/\/minubaltic.ee\/wp-content\/uploads\/2024\/04\/tencel-voodipesukomplekt-10.jpg","type":"image\/jpeg"}],"twitter_card":"summary_large_image","twitter_misc":{"Est. reading time":"1 minut\u0117"},"schema":{"@context":"https:\/\/schema.org","@graph":[{"@type":"WebPage","@id":"https:\/\/minubaltic.ee\/lt\/e-pood\/patalynes-komplektai\/tencel-patalynes-komplektas\/","url":"https:\/\/minubaltic.ee\/lt\/e-pood\/patalynes-komplektai\/tencel-patalynes-komplektas\/","name":"Tencel patalyn\u0117s komplektas - 50% nuolaida","isPartOf":{"@id":"https:\/\/minubaltic.ee\/lt\/#website"},"primaryImageOfPage":{"@id":"https:\/\/minubaltic.ee\/lt\/e-pood\/patalynes-komplektai\/tencel-patalynes-komplektas\/#primaryimage"},"image":{"@id":"https:\/\/minubaltic.ee\/lt\/e-pood\/patalynes-komplektai\/tencel-patalynes-komplektas\/#primaryimage"},"thumbnailUrl":"https:\/\/minubaltic.ee\/wp-content\/uploads\/2024\/04\/tencel-voodipesukomplekt-10.jpg","datePublished":"2024-04-17T04:19:44+00:00","dateModified":"2024-07-24T08:16:30+00:00","description":"Tencel patalyn\u0117 suteikia prabangaus mink\u0161tumo ir glotnumo, primenan\u010dio tradicin\u012f \u0161ilk\u0105, derin\u012f, u\u017etikrinant\u012f palaiming\u0105 miego patirt\u012f.","breadcrumb":{"@id":"https:\/\/minubaltic.ee\/lt\/e-pood\/patalynes-komplektai\/tencel-patalynes-komplektas\/#breadcrumb"},"inLanguage":"lt-LT","potentialAction":[{"@type":"ReadAction","target":["https:\/\/minubaltic.ee\/lt\/e-pood\/patalynes-komplektai\/tencel-patalynes-komplektas\/"]}]},{"@type":"ImageObject","inLanguage":"lt-LT","@id":"https:\/\/minubaltic.ee\/lt\/e-pood\/patalynes-komplektai\/tencel-patalynes-komplektas\/#primaryimage","url":"https:\/\/minubaltic.ee\/wp-content\/uploads\/2024\/04\/tencel-voodipesukomplekt-10.jpg","contentUrl":"https:\/\/minubaltic.ee\/wp-content\/uploads\/2024\/04\/tencel-voodipesukomplekt-10.jpg","width":640,"height":640},{"@type":"BreadcrumbList","@id":"https:\/\/minubaltic.ee\/lt\/e-pood\/patalynes-komplektai\/tencel-patalynes-komplektas\/#breadcrumb","itemListElement":[{"@type":"ListItem","position":1,"name":"Home","item":"https:\/\/minubaltic.ee\/lt\/"},{"@type":"ListItem","position":2,"name":"Parduotuv\u0117","item":"https:\/\/minubaltic.ee\/lt\/parduotuve\/"},{"@type":"ListItem","position":3,"name":"Tencel patalyn\u0117s komplektas"}]},{"@type":"WebSite","@id":"https:\/\/minubaltic.ee\/lt\/#website","url":"https:\/\/minubaltic.ee\/lt\/","name":"minubaltic.ee","description":"","publisher":{"@id":"https:\/\/minubaltic.ee\/lt\/#organization"},"potentialAction":[{"@type":"SearchAction","target":{"@type":"EntryPoint","urlTemplate":"https:\/\/minubaltic.ee\/lt\/?s={search_term_string}"},"query-input":{"@type":"PropertyValueSpecification","valueRequired":true,"valueName":"search_term_string"}}],"inLanguage":"lt-LT"},{"@type":"Organization","@id":"https:\/\/minubaltic.ee\/lt\/#organization","name":"Minu Baltic O\u00dc","url":"https:\/\/minubaltic.ee\/lt\/","logo":{"@type":"ImageObject","inLanguage":"lt-LT","@id":"https:\/\/minubaltic.ee\/lt\/#\/schema\/logo\/image\/","url":"https:\/\/minubaltic.ee\/wp-content\/uploads\/2023\/10\/cropped-cropped-cropped-logo.png","contentUrl":"https:\/\/minubaltic.ee\/wp-content\/uploads\/2023\/10\/cropped-cropped-cropped-logo.png","width":500,"height":237,"caption":"Minu Baltic O\u00dc"},"image":{"@id":"https:\/\/minubaltic.ee\/lt\/#\/schema\/logo\/image\/"},"sameAs":["https:\/\/www.facebook.com\/minubaltic"]}]}},"_links":{"self":[{"href":"https:\/\/minubaltic.ee\/lt\/wp-json\/wp\/v2\/product\/24768","targetHints":{"allow":["GET"]}}],"collection":[{"href":"https:\/\/minubaltic.ee\/lt\/wp-json\/wp\/v2\/product"}],"about":[{"href":"https:\/\/minubaltic.ee\/lt\/wp-json\/wp\/v2\/types\/product"}],"replies":[{"embeddable":true,"href":"https:\/\/minubaltic.ee\/lt\/wp-json\/wp\/v2\/comments?post=24768"}],"version-history":[{"count":0,"href":"https:\/\/minubaltic.ee\/lt\/wp-json\/wp\/v2\/product\/24768\/revisions"}],"wp:featuredmedia":[{"embeddable":true,"href":"https:\/\/minubaltic.ee\/lt\/wp-json\/wp\/v2\/media\/24773"}],"wp:attachment":[{"href":"https:\/\/minubaltic.ee\/lt\/wp-json\/wp\/v2\/media?parent=24768"}],"wp:term":[{"taxonomy":"product_brand","embeddable":true,"href":"https:\/\/minubaltic.ee\/lt\/wp-json\/wp\/v2\/product_brand?post=24768"},{"taxonomy":"product_cat","embeddable":true,"href":"https:\/\/minubaltic.ee\/lt\/wp-json\/wp\/v2\/product_cat?post=24768"},{"taxonomy":"product_tag","embeddable":true,"href":"https:\/\/minubaltic.ee\/lt\/wp-json\/wp\/v2\/product_tag?post=24768"}],"curies":[{"name":"wp","href":"https:\/\/api.w.org\/{rel}","templated":true}]}}